{"id":31012,"date":"2023-07-17T21:39:32","date_gmt":"2023-07-17T19:39:32","guid":{"rendered":"https:\/\/prismagamers.com\/informaciok-a-sutikrol\/"},"modified":"2025-02-17T13:26:05","modified_gmt":"2025-02-17T12:26:05","slug":"informaciok-a-sutikrol","status":"publish","type":"page","link":"https:\/\/prismagamers.com\/hu\/informaciok-a-sutikrol\/","title":{"rendered":"Inform\u00e1ci\u00f3k a s\u00fctikr\u0151l"},"content":{"rendered":"\t\t<div data-elementor-type=\"wp-page\" data-elementor-id=\"31012\" class=\"elementor elementor-31012 elementor-4157\" data-elementor-post-type=\"page\">\n\t\t\t\t\t\t<section class=\"elementor-section elementor-top-section elementor-element elementor-element-e1cc6de elementor-section-boxed elementor-section-height-default elementor-section-height-default\" data-id=\"e1cc6de\" data-element_type=\"section\" data-e-type=\"section\">\n\t\t\t\t\t\t<div class=\"elementor-container elementor-column-gap-default\">\n\t\t\t\t\t<div class=\"elementor-column elementor-col-100 elementor-top-column elementor-element elementor-element-95140d8\" data-id=\"95140d8\" data-element_type=\"column\" data-e-type=\"column\">\n\t\t\t<div class=\"elementor-widget-wrap elementor-element-populated\">\n\t\t\t\t\t\t<div class=\"elementor-element elementor-element-282f6b3 elementor-widget elementor-widget-heading\" data-id=\"282f6b3\" data-element_type=\"widget\" data-e-type=\"widget\" data-widget_type=\"heading.default\">\n\t\t\t\t<div class=\"elementor-widget-container\">\n\t\t\t\t\t<h2 class=\"elementor-heading-title elementor-size-default\">S\u00fctik<\/h2>\t\t\t\t<\/div>\n\t\t\t\t<\/div>\n\t\t\t\t\t<\/div>\n\t\t<\/div>\n\t\t\t\t\t<\/div>\n\t\t<\/section>\n\t\t\t\t<section class=\"elementor-section elementor-top-section elementor-element elementor-element-3a90159 elementor-section-boxed elementor-section-height-default elementor-section-height-default\" data-id=\"3a90159\" data-element_type=\"section\" data-e-type=\"section\">\n\t\t\t\t\t\t<div class=\"elementor-container elementor-column-gap-default\">\n\t\t\t\t\t<div class=\"elementor-column elementor-col-100 elementor-top-column elementor-element elementor-element-e19c118\" data-id=\"e19c118\" data-element_type=\"column\" data-e-type=\"column\">\n\t\t\t<div class=\"elementor-widget-wrap elementor-element-populated\">\n\t\t\t\t\t\t<div class=\"elementor-element elementor-element-fc21e98 elementor-widget elementor-widget-text-editor\" data-id=\"fc21e98\" data-element_type=\"widget\" data-e-type=\"widget\" data-widget_type=\"text-editor.default\">\n\t\t\t\t<div class=\"elementor-widget-container\">\n\t\t\t\t\t\t\t\t\t<ol><li>A weboldal s\u00fctik &#8211; munkamenet s\u00fctik, \u00e1lland\u00f3 s\u00fctik \u00e9s harmadik f\u00e9lt\u0151l sz\u00e1rmaz\u00f3 s\u00fctik &#8211; seg\u00edts\u00e9g\u00e9vel gy\u0171jt inform\u00e1ci\u00f3kat.<\/li><li>A cookie-k gy\u0171jt\u00e9se a Weboldalon ny\u00fajtott szolg\u00e1ltat\u00e1sok megfelel\u0151 biztos\u00edt\u00e1s\u00e1t t\u00e1mogatja, \u00e9s statisztikai c\u00e9lokat szolg\u00e1l.<\/li><li>A felhaszn\u00e1l\u00f3 a b\u00f6ng\u00e9sz\u0151 be\u00e1ll\u00edt\u00e1saiban meghat\u00e1rozhatja, hogy a cookie-k milyen m\u00e9rt\u00e9kben \u00e9rhet\u0151k el az eszk\u00f6z\u00e9n.<\/li><\/ol>\t\t\t\t\t\t\t\t<\/div>\n\t\t\t\t<\/div>\n\t\t\t\t\t<\/div>\n\t\t<\/div>\n\t\t\t\t\t<\/div>\n\t\t<\/section>\n\t\t\t\t<\/div>\n\t\t","protected":false},"excerpt":{"rendered":"<p>S\u00fctik A weboldal s\u00fctik &#8211; munkamenet s\u00fctik, \u00e1lland\u00f3 s\u00fctik \u00e9s harmadik f\u00e9lt\u0151l sz\u00e1rmaz\u00f3 s\u00fctik &#8211; seg\u00edts\u00e9g\u00e9vel gy\u0171jt inform\u00e1ci\u00f3kat. A cookie-k gy\u0171jt\u00e9se a Weboldalon ny\u00fajtott szolg\u00e1ltat\u00e1sok megfelel\u0151 biztos\u00edt\u00e1s\u00e1t t\u00e1mogatja, \u00e9s statisztikai c\u00e9lokat szolg\u00e1l. A felhaszn\u00e1l\u00f3 a b\u00f6ng\u00e9sz\u0151 be\u00e1ll\u00edt\u00e1saiban meghat\u00e1rozhatja, hogy a cookie-k milyen m\u00e9rt\u00e9kben \u00e9rhet\u0151k el az eszk\u00f6z\u00e9n.<\/p>\n","protected":false},"author":1,"featured_media":0,"parent":0,"menu_order":0,"comment_status":"closed","ping_status":"closed","template":"","meta":{"_acf_changed":false,"site-sidebar-layout":"no-sidebar","site-content-layout":"page-builder","ast-site-content-layout":"default","site-content-style":"default","site-sidebar-style":"default","ast-global-header-display":"","ast-banner-title-visibility":"","ast-main-header-display":"","ast-hfb-above-header-display":"","ast-hfb-below-header-display":"","ast-hfb-mobile-header-display":"","site-post-title":"disabled","ast-breadcrumbs-content":"","ast-featured-img":"disabled","footer-sml-layout":"","ast-disable-related-posts":"","theme-transparent-header-meta":"","adv-header-id-meta":"","stick-header-meta":"","header-above-stick-meta":"","header-main-stick-meta":"","header-below-stick-meta":"","astra-migrate-meta-layouts":"default","ast-page-background-enabled":"default","ast-page-background-meta":{"desktop":{"background-color":"var(--ast-global-color-4)","background-image":"","background-repeat":"repeat","background-position":"center center","background-size":"auto","background-attachment":"scroll","background-type":"","background-media":"","overlay-type":"","overlay-color":"","overlay-opacity":"","overlay-gradient":""},"tablet":{"background-color":"","background-image":"","background-repeat":"repeat","background-position":"center center","background-size":"auto","background-attachment":"scroll","background-type":"","background-media":"","overlay-type":"","overlay-color":"","overlay-opacity":"","overlay-gradient":""},"mobile":{"background-color":"","background-image":"","background-repeat":"repeat","background-position":"center center","background-size":"auto","background-attachment":"scroll","background-type":"","background-media":"","overlay-type":"","overlay-color":"","overlay-opacity":"","overlay-gradient":""}},"ast-content-background-meta":{"desktop":{"background-color":"var(--ast-global-color-5)","background-image":"","background-repeat":"repeat","background-position":"center center","background-size":"auto","background-attachment":"scroll","background-type":"","background-media":"","overlay-type":"","overlay-color":"","overlay-opacity":"","overlay-gradient":""},"tablet":{"background-color":"var(--ast-global-color-5)","background-image":"","background-repeat":"repeat","background-position":"center center","background-size":"auto","background-attachment":"scroll","background-type":"","background-media":"","overlay-type":"","overlay-color":"","overlay-opacity":"","overlay-gradient":""},"mobile":{"background-color":"var(--ast-global-color-5)","background-image":"","background-repeat":"repeat","background-position":"center center","background-size":"auto","background-attachment":"scroll","background-type":"","background-media":"","overlay-type":"","overlay-color":"","overlay-opacity":"","overlay-gradient":""}},"footnotes":""},"class_list":["post-31012","page","type-page","status-publish","hentry"],"acf":[],"yoast_head":"<!-- This site is optimized with the Yoast SEO Premium plugin v27.4 (Yoast SEO v27.4) - https:\/\/yoast.com\/product\/yoast-seo-premium-wordpress\/ -->\n<title>Inform\u00e1ci\u00f3k a s\u00fctikr\u0151l - Prismagamers.com<\/title>\n<meta name=\"description\" content=\"S\u00fctik    A weboldal s\u00fctik - munkamenet s\u00fctik, \u00e1lland\u00f3 s\u00fctik \u00e9s harmadik f\u00e9lt\u0151l sz\u00e1rmaz\u00f3 s\u00fctik - seg\u00edts\u00e9g\u00e9vel gy\u0171jt inform\u00e1ci\u00f3kat.A cookie-k gy\u0171jt\u00e9se a Weboldalon ny\u00fajtott szolg\u00e1ltat\u00e1sok megfelel\u0151 biztos\u00edt\u00e1s\u00e1t t\u00e1mogatja, \u00e9s statisztikai c\u00e9lokat szolg\u00e1l.A felhaszn\u00e1l\u00f3 a b\u00f6ng\u00e9sz\u0151 be\u00e1ll\u00edt\u00e1saiban meghat\u00e1rozhatja, hogy a cookie-k milyen m\u00e9rt\u00e9kben \u00e9rhet\u0151k el az eszk\u00f6z\u00e9n.\" \/>\n<meta name=\"robots\" content=\"index, follow, max-snippet:-1, max-image-preview:large, max-video-preview:-1\" \/>\n<link rel=\"canonical\" href=\"https:\/\/prismagamers.com\/hu\/informaciok-a-sutikrol\/\" \/>\n<meta property=\"og:locale\" content=\"hu_HU\" \/>\n<meta property=\"og:type\" content=\"article\" \/>\n<meta property=\"og:title\" content=\"Inform\u00e1ci\u00f3k a s\u00fctikr\u0151l\" \/>\n<meta property=\"og:description\" content=\"S\u00fctik    A weboldal s\u00fctik - munkamenet s\u00fctik, \u00e1lland\u00f3 s\u00fctik \u00e9s harmadik f\u00e9lt\u0151l sz\u00e1rmaz\u00f3 s\u00fctik - seg\u00edts\u00e9g\u00e9vel gy\u0171jt inform\u00e1ci\u00f3kat.A cookie-k gy\u0171jt\u00e9se a Weboldalon ny\u00fajtott szolg\u00e1ltat\u00e1sok megfelel\u0151 biztos\u00edt\u00e1s\u00e1t t\u00e1mogatja, \u00e9s statisztikai c\u00e9lokat szolg\u00e1l.A felhaszn\u00e1l\u00f3 a b\u00f6ng\u00e9sz\u0151 be\u00e1ll\u00edt\u00e1saiban meghat\u00e1rozhatja, hogy a cookie-k milyen m\u00e9rt\u00e9kben \u00e9rhet\u0151k el az eszk\u00f6z\u00e9n.\" \/>\n<meta property=\"og:url\" content=\"https:\/\/prismagamers.com\/hu\/informaciok-a-sutikrol\/\" \/>\n<meta property=\"og:site_name\" content=\"Prismagamers.com\" \/>\n<meta property=\"article:publisher\" content=\"https:\/\/www.facebook.com\/prismagamers\" \/>\n<meta property=\"article:modified_time\" content=\"2025-02-17T12:26:05+00:00\" \/>\n<meta name=\"twitter:card\" content=\"summary_large_image\" \/>\n<script type=\"application\/ld+json\" class=\"yoast-schema-graph\">{\"@context\":\"https:\\\/\\\/schema.org\",\"@graph\":[{\"@type\":\"WebPage\",\"@id\":\"https:\\\/\\\/prismagamers.com\\\/hu\\\/informaciok-a-sutikrol\\\/\",\"url\":\"https:\\\/\\\/prismagamers.com\\\/hu\\\/informaciok-a-sutikrol\\\/\",\"name\":\"Inform\u00e1ci\u00f3k a s\u00fctikr\u0151l - Prismagamers.com\",\"isPartOf\":{\"@id\":\"https:\\\/\\\/prismagamers.com\\\/hu\\\/#website\"},\"datePublished\":\"2023-07-17T19:39:32+00:00\",\"dateModified\":\"2025-02-17T12:26:05+00:00\",\"description\":\"S\u00fctik A weboldal s\u00fctik - munkamenet s\u00fctik, \u00e1lland\u00f3 s\u00fctik \u00e9s harmadik f\u00e9lt\u0151l sz\u00e1rmaz\u00f3 s\u00fctik - seg\u00edts\u00e9g\u00e9vel gy\u0171jt inform\u00e1ci\u00f3kat.A cookie-k gy\u0171jt\u00e9se a Weboldalon ny\u00fajtott szolg\u00e1ltat\u00e1sok megfelel\u0151 biztos\u00edt\u00e1s\u00e1t t\u00e1mogatja, \u00e9s statisztikai c\u00e9lokat szolg\u00e1l.A felhaszn\u00e1l\u00f3 a b\u00f6ng\u00e9sz\u0151 be\u00e1ll\u00edt\u00e1saiban meghat\u00e1rozhatja, hogy a cookie-k milyen m\u00e9rt\u00e9kben \u00e9rhet\u0151k el az eszk\u00f6z\u00e9n.\",\"breadcrumb\":{\"@id\":\"https:\\\/\\\/prismagamers.com\\\/hu\\\/informaciok-a-sutikrol\\\/#breadcrumb\"},\"inLanguage\":\"hu\",\"potentialAction\":[{\"@type\":\"ReadAction\",\"target\":[\"https:\\\/\\\/prismagamers.com\\\/hu\\\/informaciok-a-sutikrol\\\/\"]}]},{\"@type\":\"BreadcrumbList\",\"@id\":\"https:\\\/\\\/prismagamers.com\\\/hu\\\/informaciok-a-sutikrol\\\/#breadcrumb\",\"itemListElement\":[{\"@type\":\"ListItem\",\"position\":1,\"name\":\"Strona g\u0142\u00f3wna\",\"item\":\"https:\\\/\\\/prismagamers.com\\\/hu\\\/prismagamers\\\/\"},{\"@type\":\"ListItem\",\"position\":2,\"name\":\"Inform\u00e1ci\u00f3k a s\u00fctikr\u0151l\"}]},{\"@type\":\"WebSite\",\"@id\":\"https:\\\/\\\/prismagamers.com\\\/hu\\\/#website\",\"url\":\"https:\\\/\\\/prismagamers.com\\\/hu\\\/\",\"name\":\"Prismagamers\",\"description\":\"Sklep z grami PC I Sklep klucze Steam\",\"publisher\":{\"@id\":\"https:\\\/\\\/prismagamers.com\\\/hu\\\/#organization\"},\"potentialAction\":[{\"@type\":\"SearchAction\",\"target\":{\"@type\":\"EntryPoint\",\"urlTemplate\":\"https:\\\/\\\/prismagamers.com\\\/hu\\\/?s={search_term_string}\"},\"query-input\":{\"@type\":\"PropertyValueSpecification\",\"valueRequired\":true,\"valueName\":\"search_term_string\"}}],\"inLanguage\":\"hu\"},{\"@type\":\"Organization\",\"@id\":\"https:\\\/\\\/prismagamers.com\\\/hu\\\/#organization\",\"name\":\"Prismagamers\",\"url\":\"https:\\\/\\\/prismagamers.com\\\/hu\\\/\",\"logo\":{\"@type\":\"ImageObject\",\"inLanguage\":\"hu\",\"@id\":\"https:\\\/\\\/prismagamers.com\\\/hu\\\/#\\\/schema\\\/logo\\\/image\\\/\",\"url\":\"https:\\\/\\\/prismagamers.com\\\/wp-content\\\/uploads\\\/2022\\\/04\\\/cropped-logo-Prismagamers-01-scaled-1.jpg\",\"contentUrl\":\"https:\\\/\\\/prismagamers.com\\\/wp-content\\\/uploads\\\/2022\\\/04\\\/cropped-logo-Prismagamers-01-scaled-1.jpg\",\"width\":512,\"height\":512,\"caption\":\"Prismagamers\"},\"image\":{\"@id\":\"https:\\\/\\\/prismagamers.com\\\/hu\\\/#\\\/schema\\\/logo\\\/image\\\/\"},\"sameAs\":[\"https:\\\/\\\/www.facebook.com\\\/prismagamers\",\"https:\\\/\\\/www.instagram.com\\\/prismagamers_grycyfrowe\\\/\"],\"description\":\"Prismagamers.com to dynamiczny sklep z grami cyfrowymi, stworzony z my\u015bl\u0105 o entuzjastach gier wideo. Nasza strona oferuje szerok\u0105 gam\u0119 gier komputerowych, w tym najnowsze tytu\u0142y, dobrze znane klasyki oraz gry stworzone przez niezale\u017cne studia Ca\u0142y czas d\u0105\u017cymy do rozszerzenia naszej oferty. Do\u0142\u0105cz do nas i sta\u0144 si\u0119 cz\u0119\u015bci\u0105 naszej rosn\u0105cej spo\u0142eczno\u015bci graczy!\",\"email\":\"shop@prismagamers.com\",\"telephone\":\"48795541705\",\"legalName\":\"East Caravan Maksym \u017bukow\",\"foundingDate\":\"2012-05-10\",\"vatID\":\"PL8943038612\",\"taxID\":\"PL8943038612\",\"numberOfEmployees\":{\"@type\":\"QuantitativeValue\",\"minValue\":\"11\",\"maxValue\":\"50\"}}]}<\/script>\n<!-- \/ Yoast SEO Premium plugin. -->","yoast_head_json":{"title":"Inform\u00e1ci\u00f3k a s\u00fctikr\u0151l - Prismagamers.com","description":"S\u00fctik    A weboldal s\u00fctik - munkamenet s\u00fctik, \u00e1lland\u00f3 s\u00fctik \u00e9s harmadik f\u00e9lt\u0151l sz\u00e1rmaz\u00f3 s\u00fctik - seg\u00edts\u00e9g\u00e9vel gy\u0171jt inform\u00e1ci\u00f3kat.A cookie-k gy\u0171jt\u00e9se a Weboldalon ny\u00fajtott szolg\u00e1ltat\u00e1sok megfelel\u0151 biztos\u00edt\u00e1s\u00e1t t\u00e1mogatja, \u00e9s statisztikai c\u00e9lokat szolg\u00e1l.A felhaszn\u00e1l\u00f3 a b\u00f6ng\u00e9sz\u0151 be\u00e1ll\u00edt\u00e1saiban meghat\u00e1rozhatja, hogy a cookie-k milyen m\u00e9rt\u00e9kben \u00e9rhet\u0151k el az eszk\u00f6z\u00e9n.","robots":{"index":"index","follow":"follow","max-snippet":"max-snippet:-1","max-image-preview":"max-image-preview:large","max-video-preview":"max-video-preview:-1"},"canonical":"https:\/\/prismagamers.com\/hu\/informaciok-a-sutikrol\/","og_locale":"hu_HU","og_type":"article","og_title":"Inform\u00e1ci\u00f3k a s\u00fctikr\u0151l","og_description":"S\u00fctik    A weboldal s\u00fctik - munkamenet s\u00fctik, \u00e1lland\u00f3 s\u00fctik \u00e9s harmadik f\u00e9lt\u0151l sz\u00e1rmaz\u00f3 s\u00fctik - seg\u00edts\u00e9g\u00e9vel gy\u0171jt inform\u00e1ci\u00f3kat.A cookie-k gy\u0171jt\u00e9se a Weboldalon ny\u00fajtott szolg\u00e1ltat\u00e1sok megfelel\u0151 biztos\u00edt\u00e1s\u00e1t t\u00e1mogatja, \u00e9s statisztikai c\u00e9lokat szolg\u00e1l.A felhaszn\u00e1l\u00f3 a b\u00f6ng\u00e9sz\u0151 be\u00e1ll\u00edt\u00e1saiban meghat\u00e1rozhatja, hogy a cookie-k milyen m\u00e9rt\u00e9kben \u00e9rhet\u0151k el az eszk\u00f6z\u00e9n.","og_url":"https:\/\/prismagamers.com\/hu\/informaciok-a-sutikrol\/","og_site_name":"Prismagamers.com","article_publisher":"https:\/\/www.facebook.com\/prismagamers","article_modified_time":"2025-02-17T12:26:05+00:00","twitter_card":"summary_large_image","schema":{"@context":"https:\/\/schema.org","@graph":[{"@type":"WebPage","@id":"https:\/\/prismagamers.com\/hu\/informaciok-a-sutikrol\/","url":"https:\/\/prismagamers.com\/hu\/informaciok-a-sutikrol\/","name":"Inform\u00e1ci\u00f3k a s\u00fctikr\u0151l - Prismagamers.com","isPartOf":{"@id":"https:\/\/prismagamers.com\/hu\/#website"},"datePublished":"2023-07-17T19:39:32+00:00","dateModified":"2025-02-17T12:26:05+00:00","description":"S\u00fctik A weboldal s\u00fctik - munkamenet s\u00fctik, \u00e1lland\u00f3 s\u00fctik \u00e9s harmadik f\u00e9lt\u0151l sz\u00e1rmaz\u00f3 s\u00fctik - seg\u00edts\u00e9g\u00e9vel gy\u0171jt inform\u00e1ci\u00f3kat.A cookie-k gy\u0171jt\u00e9se a Weboldalon ny\u00fajtott szolg\u00e1ltat\u00e1sok megfelel\u0151 biztos\u00edt\u00e1s\u00e1t t\u00e1mogatja, \u00e9s statisztikai c\u00e9lokat szolg\u00e1l.A felhaszn\u00e1l\u00f3 a b\u00f6ng\u00e9sz\u0151 be\u00e1ll\u00edt\u00e1saiban meghat\u00e1rozhatja, hogy a cookie-k milyen m\u00e9rt\u00e9kben \u00e9rhet\u0151k el az eszk\u00f6z\u00e9n.","breadcrumb":{"@id":"https:\/\/prismagamers.com\/hu\/informaciok-a-sutikrol\/#breadcrumb"},"inLanguage":"hu","potentialAction":[{"@type":"ReadAction","target":["https:\/\/prismagamers.com\/hu\/informaciok-a-sutikrol\/"]}]},{"@type":"BreadcrumbList","@id":"https:\/\/prismagamers.com\/hu\/informaciok-a-sutikrol\/#breadcrumb","itemListElement":[{"@type":"ListItem","position":1,"name":"Strona g\u0142\u00f3wna","item":"https:\/\/prismagamers.com\/hu\/prismagamers\/"},{"@type":"ListItem","position":2,"name":"Inform\u00e1ci\u00f3k a s\u00fctikr\u0151l"}]},{"@type":"WebSite","@id":"https:\/\/prismagamers.com\/hu\/#website","url":"https:\/\/prismagamers.com\/hu\/","name":"Prismagamers","description":"Sklep z grami PC I Sklep klucze Steam","publisher":{"@id":"https:\/\/prismagamers.com\/hu\/#organization"},"potentialAction":[{"@type":"SearchAction","target":{"@type":"EntryPoint","urlTemplate":"https:\/\/prismagamers.com\/hu\/?s={search_term_string}"},"query-input":{"@type":"PropertyValueSpecification","valueRequired":true,"valueName":"search_term_string"}}],"inLanguage":"hu"},{"@type":"Organization","@id":"https:\/\/prismagamers.com\/hu\/#organization","name":"Prismagamers","url":"https:\/\/prismagamers.com\/hu\/","logo":{"@type":"ImageObject","inLanguage":"hu","@id":"https:\/\/prismagamers.com\/hu\/#\/schema\/logo\/image\/","url":"https:\/\/prismagamers.com\/wp-content\/uploads\/2022\/04\/cropped-logo-Prismagamers-01-scaled-1.jpg","contentUrl":"https:\/\/prismagamers.com\/wp-content\/uploads\/2022\/04\/cropped-logo-Prismagamers-01-scaled-1.jpg","width":512,"height":512,"caption":"Prismagamers"},"image":{"@id":"https:\/\/prismagamers.com\/hu\/#\/schema\/logo\/image\/"},"sameAs":["https:\/\/www.facebook.com\/prismagamers","https:\/\/www.instagram.com\/prismagamers_grycyfrowe\/"],"description":"Prismagamers.com to dynamiczny sklep z grami cyfrowymi, stworzony z my\u015bl\u0105 o entuzjastach gier wideo. Nasza strona oferuje szerok\u0105 gam\u0119 gier komputerowych, w tym najnowsze tytu\u0142y, dobrze znane klasyki oraz gry stworzone przez niezale\u017cne studia Ca\u0142y czas d\u0105\u017cymy do rozszerzenia naszej oferty. Do\u0142\u0105cz do nas i sta\u0144 si\u0119 cz\u0119\u015bci\u0105 naszej rosn\u0105cej spo\u0142eczno\u015bci graczy!","email":"shop@prismagamers.com","telephone":"48795541705","legalName":"East Caravan Maksym \u017bukow","foundingDate":"2012-05-10","vatID":"PL8943038612","taxID":"PL8943038612","numberOfEmployees":{"@type":"QuantitativeValue","minValue":"11","maxValue":"50"}}]}},"_links":{"self":[{"href":"https:\/\/prismagamers.com\/hu\/wp-json\/wp\/v2\/pages\/31012","targetHints":{"allow":["GET"]}}],"collection":[{"href":"https:\/\/prismagamers.com\/hu\/wp-json\/wp\/v2\/pages"}],"about":[{"href":"https:\/\/prismagamers.com\/hu\/wp-json\/wp\/v2\/types\/page"}],"author":[{"embeddable":true,"href":"https:\/\/prismagamers.com\/hu\/wp-json\/wp\/v2\/users\/1"}],"replies":[{"embeddable":true,"href":"https:\/\/prismagamers.com\/hu\/wp-json\/wp\/v2\/comments?post=31012"}],"version-history":[{"count":1,"href":"https:\/\/prismagamers.com\/hu\/wp-json\/wp\/v2\/pages\/31012\/revisions"}],"predecessor-version":[{"id":31015,"href":"https:\/\/prismagamers.com\/hu\/wp-json\/wp\/v2\/pages\/31012\/revisions\/31015"}],"wp:attachment":[{"href":"https:\/\/prismagamers.com\/hu\/wp-json\/wp\/v2\/media?parent=31012"}],"curies":[{"name":"wp","href":"https:\/\/api.w.org\/{rel}","templated":true}]}}