{"id":31014,"date":"2025-01-01T17:30:04","date_gmt":"2025-01-01T16:30:04","guid":{"rendered":"https:\/\/prismagamers.com\/fizetesi-modok\/"},"modified":"2025-02-17T13:26:06","modified_gmt":"2025-02-17T12:26:06","slug":"fizetesi-modok","status":"publish","type":"page","link":"https:\/\/prismagamers.com\/hu\/fizetesi-modok\/","title":{"rendered":"Fizet\u00e9si m\u00f3dok"},"content":{"rendered":"\t\t<div data-elementor-type=\"wp-page\" data-elementor-id=\"31014\" class=\"elementor elementor-31014 elementor-21961\" data-elementor-post-type=\"page\">\n\t\t\t\t\t\t<section class=\"elementor-section elementor-top-section elementor-element elementor-element-36c5207 elementor-section-boxed elementor-section-height-default elementor-section-height-default\" data-id=\"36c5207\" data-element_type=\"section\" data-e-type=\"section\">\n\t\t\t\t\t\t<div class=\"elementor-container elementor-column-gap-default\">\n\t\t\t\t\t<div class=\"elementor-column elementor-col-100 elementor-top-column elementor-element elementor-element-5a2f39df\" data-id=\"5a2f39df\" data-element_type=\"column\" data-e-type=\"column\">\n\t\t\t<div class=\"elementor-widget-wrap elementor-element-populated\">\n\t\t\t\t\t\t<div class=\"elementor-element elementor-element-78e2388b elementor-widget elementor-widget-text-editor\" data-id=\"78e2388b\" data-element_type=\"widget\" data-e-type=\"widget\" data-widget_type=\"text-editor.default\">\n\t\t\t\t<div class=\"elementor-widget-container\">\n\t\t\t\t\t\t\t\t\t<p><\/p>\n<p>A k\u00f6vetkez\u0151 fizet\u00e9si m\u00f3dok \u00e1llnak rendelkez\u00e9sre a prismagamers.com oldalon:<\/p>\n<p><\/p>\n<ul><p><\/p>\n<li><strong>Azonnali \u00e1tutal\u00e1sok<\/strong> a Przelewy24 rendszeren kereszt\u00fcl &#8211; gyors \u00e9s biztons\u00e1gos online fizet\u00e9sek, amelyek lehet\u0151v\u00e9 teszik a tranzakci\u00f3k azonnali feldolgoz\u00e1s\u00e1t.<\/li>\n<p><\/p>\n<li><strong>Hagyom\u00e1nyos \u00e1tutal\u00e1s<\/strong> &#8211; klasszikus fizet\u00e9si m\u00f3d, amely lehet\u0151v\u00e9 teszi, hogy a banki \u00e1tutal\u00e1st k\u00f6zvetlen\u00fcl az \u00d6n sz\u00e1ml\u00e1j\u00e1r\u00f3l teljes\u00edts\u00e9k. Transzfer r\u00e9szletek East Caravan Maksym \u017buk\u00f3w ul. Maszynowa 12\/3 02-392 Warszawa Sz\u00e1mlasz\u00e1m: Maszynowa 12\/3 02-392 Warszawa Account no:&nbsp; 75 1090 2398 0000 0001 2199 9788 \u00c1tutal\u00e1s jogc\u00edme: Megb\u00edz\u00e1si sz.<\/li>\n<p><\/p>\n<\/ul>\n<p><\/p>\n<p>V\u00e1lassza ki az \u00d6nnek legmegfelel\u0151bb m\u00f3dszert \u00e9s \u00e9lvezze a v\u00e1s\u00e1rl\u00e1st a Prismagamersn\u00e9l!<\/p>\n<p><\/p>\n<p><\/p>\t\t\t\t\t\t\t\t<\/div>\n\t\t\t\t<\/div>\n\t\t\t\t\t<\/div>\n\t\t<\/div>\n\t\t\t\t\t<\/div>\n\t\t<\/section>\n\t\t\t\t<\/div>\n\t\t","protected":false},"excerpt":{"rendered":"<p>A k\u00f6vetkez\u0151 fizet\u00e9si m\u00f3dok \u00e1llnak rendelkez\u00e9sre a prismagamers.com oldalon: Azonnali \u00e1tutal\u00e1sok a Przelewy24 rendszeren kereszt\u00fcl &#8211; gyors \u00e9s biztons\u00e1gos online fizet\u00e9sek, amelyek lehet\u0151v\u00e9 teszik a tranzakci\u00f3k azonnali feldolgoz\u00e1s\u00e1t. Hagyom\u00e1nyos \u00e1tutal\u00e1s &#8211; klasszikus fizet\u00e9si m\u00f3d, amely lehet\u0151v\u00e9 teszi, hogy a banki \u00e1tutal\u00e1st k\u00f6zvetlen\u00fcl az \u00d6n sz\u00e1ml\u00e1j\u00e1r\u00f3l teljes\u00edts\u00e9k. Transzfer r\u00e9szletek East Caravan Maksym \u017buk\u00f3w ul. Maszynowa 12\/3 [&hellip;]<\/p>\n","protected":false},"author":1,"featured_media":0,"parent":0,"menu_order":0,"comment_status":"closed","ping_status":"closed","template":"","meta":{"_acf_changed":false,"site-sidebar-layout":"default","site-content-layout":"","ast-site-content-layout":"default","site-content-style":"default","site-sidebar-style":"default","ast-global-header-display":"","ast-banner-title-visibility":"","ast-main-header-display":"","ast-hfb-above-header-display":"","ast-hfb-below-header-display":"","ast-hfb-mobile-header-display":"","site-post-title":"","ast-breadcrumbs-content":"","ast-featured-img":"","footer-sml-layout":"","ast-disable-related-posts":"","theme-transparent-header-meta":"","adv-header-id-meta":"","stick-header-meta":"","header-above-stick-meta":"","header-main-stick-meta":"","header-below-stick-meta":"","astra-migrate-meta-layouts":"default","ast-page-background-enabled":"default","ast-page-background-meta":{"desktop":{"background-color":"var(--ast-global-color-4)","background-image":"","background-repeat":"repeat","background-position":"center center","background-size":"auto","background-attachment":"scroll","background-type":"","background-media":"","overlay-type":"","overlay-color":"","overlay-opacity":"","overlay-gradient":""},"tablet":{"background-color":"","background-image":"","background-repeat":"repeat","background-position":"center center","background-size":"auto","background-attachment":"scroll","background-type":"","background-media":"","overlay-type":"","overlay-color":"","overlay-opacity":"","overlay-gradient":""},"mobile":{"background-color":"","background-image":"","background-repeat":"repeat","background-position":"center center","background-size":"auto","background-attachment":"scroll","background-type":"","background-media":"","overlay-type":"","overlay-color":"","overlay-opacity":"","overlay-gradient":""}},"ast-content-background-meta":{"desktop":{"background-color":"var(--ast-global-color-5)","background-image":"","background-repeat":"repeat","background-position":"center center","background-size":"auto","background-attachment":"scroll","background-type":"","background-media":"","overlay-type":"","overlay-color":"","overlay-opacity":"","overlay-gradient":""},"tablet":{"background-color":"var(--ast-global-color-5)","background-image":"","background-repeat":"repeat","background-position":"center center","background-size":"auto","background-attachment":"scroll","background-type":"","background-media":"","overlay-type":"","overlay-color":"","overlay-opacity":"","overlay-gradient":""},"mobile":{"background-color":"var(--ast-global-color-5)","background-image":"","background-repeat":"repeat","background-position":"center center","background-size":"auto","background-attachment":"scroll","background-type":"","background-media":"","overlay-type":"","overlay-color":"","overlay-opacity":"","overlay-gradient":""}},"footnotes":""},"class_list":["post-31014","page","type-page","status-publish","hentry"],"acf":[],"yoast_head":"<!-- This site is optimized with the Yoast SEO Premium plugin v27.4 (Yoast SEO v27.4) - https:\/\/yoast.com\/product\/yoast-seo-premium-wordpress\/ -->\n<title>Fizet\u00e9si m\u00f3dok - Prismagamers.com<\/title>\n<meta name=\"description\" content=\"A k\u00f6vetkez\u0151 fizet\u00e9si m\u00f3dok \u00e1llnak rendelkez\u00e9sre a prismagamers.com oldalon:  Azonnali \u00e1tutal\u00e1sok a Przelewy24 rendszeren kereszt\u00fcl - gyors \u00e9s biztons\u00e1gos online fizet\u00e9sek, amelyek lehet\u0151v\u00e9 teszik a tranzakci\u00f3k azonnali feldolgoz\u00e1s\u00e1t. Hagyom\u00e1nyos \u00e1tutal\u00e1s - klasszikus fizet\u00e9si m\u00f3d, amely lehet\u0151v\u00e9 teszi, hogy a banki \u00e1tutal\u00e1st k\u00f6zvetlen\u00fcl az \u00d6n sz\u00e1ml\u00e1j\u00e1r\u00f3l teljes\u00edts\u00e9k. Transzfer r\u00e9szletek East Caravan Maksym \u017buk\u00f3w ul. Maszynowa 12\/3 02-392 Warszawa Sz\u00e1mlasz\u00e1m: Maszynowa 12\/3 02-392 Warszawa Account no:&nbsp; 75 1090 2398 0000 0001 2199 9788 \u00c1tutal\u00e1s jogc\u00edme: Megb\u00edz\u00e1si sz.  V\u00e1lassza ki az \u00d6nnek legmegfelel\u0151bb m\u00f3dszert \u00e9s \u00e9lvezze a v\u00e1s\u00e1rl\u00e1st a Prismagamersn\u00e9l!\" \/>\n<meta name=\"robots\" content=\"index, follow, max-snippet:-1, max-image-preview:large, max-video-preview:-1\" \/>\n<link rel=\"canonical\" href=\"https:\/\/prismagamers.com\/hu\/fizetesi-modok\/\" \/>\n<meta property=\"og:locale\" content=\"hu_HU\" \/>\n<meta property=\"og:type\" content=\"article\" \/>\n<meta property=\"og:title\" content=\"Fizet\u00e9si m\u00f3dok\" \/>\n<meta property=\"og:description\" content=\"A k\u00f6vetkez\u0151 fizet\u00e9si m\u00f3dok \u00e1llnak rendelkez\u00e9sre a prismagamers.com oldalon:  Azonnali \u00e1tutal\u00e1sok a Przelewy24 rendszeren kereszt\u00fcl - gyors \u00e9s biztons\u00e1gos online fizet\u00e9sek, amelyek lehet\u0151v\u00e9 teszik a tranzakci\u00f3k azonnali feldolgoz\u00e1s\u00e1t. Hagyom\u00e1nyos \u00e1tutal\u00e1s - klasszikus fizet\u00e9si m\u00f3d, amely lehet\u0151v\u00e9 teszi, hogy a banki \u00e1tutal\u00e1st k\u00f6zvetlen\u00fcl az \u00d6n sz\u00e1ml\u00e1j\u00e1r\u00f3l teljes\u00edts\u00e9k. Transzfer r\u00e9szletek East Caravan Maksym \u017buk\u00f3w ul. Maszynowa 12\/3 02-392 Warszawa Sz\u00e1mlasz\u00e1m: Maszynowa 12\/3 02-392 Warszawa Account no:&nbsp; 75 1090 2398 0000 0001 2199 9788 \u00c1tutal\u00e1s jogc\u00edme: Megb\u00edz\u00e1si sz.  V\u00e1lassza ki az \u00d6nnek legmegfelel\u0151bb m\u00f3dszert \u00e9s \u00e9lvezze a v\u00e1s\u00e1rl\u00e1st a Prismagamersn\u00e9l!\" \/>\n<meta property=\"og:url\" content=\"https:\/\/prismagamers.com\/hu\/fizetesi-modok\/\" \/>\n<meta property=\"og:site_name\" content=\"Prismagamers.com\" \/>\n<meta property=\"article:publisher\" content=\"https:\/\/www.facebook.com\/prismagamers\" \/>\n<meta property=\"article:modified_time\" content=\"2025-02-17T12:26:06+00:00\" \/>\n<meta name=\"twitter:card\" content=\"summary_large_image\" \/>\n<meta name=\"twitter:label1\" content=\"Becs\u00fclt olvas\u00e1si id\u0151\" \/>\n\t<meta name=\"twitter:data1\" content=\"1 perc\" \/>\n<script type=\"application\/ld+json\" class=\"yoast-schema-graph\">{\"@context\":\"https:\\\/\\\/schema.org\",\"@graph\":[{\"@type\":\"WebPage\",\"@id\":\"https:\\\/\\\/prismagamers.com\\\/hu\\\/fizetesi-modok\\\/\",\"url\":\"https:\\\/\\\/prismagamers.com\\\/hu\\\/fizetesi-modok\\\/\",\"name\":\"Fizet\u00e9si m\u00f3dok - Prismagamers.com\",\"isPartOf\":{\"@id\":\"https:\\\/\\\/prismagamers.com\\\/hu\\\/#website\"},\"datePublished\":\"2025-01-01T16:30:04+00:00\",\"dateModified\":\"2025-02-17T12:26:06+00:00\",\"description\":\"A k\u00f6vetkez\u0151 fizet\u00e9si m\u00f3dok \u00e1llnak rendelkez\u00e9sre a prismagamers.com oldalon: Azonnali \u00e1tutal\u00e1sok a Przelewy24 rendszeren kereszt\u00fcl - gyors \u00e9s biztons\u00e1gos online fizet\u00e9sek, amelyek lehet\u0151v\u00e9 teszik a tranzakci\u00f3k azonnali feldolgoz\u00e1s\u00e1t. Hagyom\u00e1nyos \u00e1tutal\u00e1s - klasszikus fizet\u00e9si m\u00f3d, amely lehet\u0151v\u00e9 teszi, hogy a banki \u00e1tutal\u00e1st k\u00f6zvetlen\u00fcl az \u00d6n sz\u00e1ml\u00e1j\u00e1r\u00f3l teljes\u00edts\u00e9k. Transzfer r\u00e9szletek East Caravan Maksym \u017buk\u00f3w ul. Maszynowa 12\\\/3 02-392 Warszawa Sz\u00e1mlasz\u00e1m: Maszynowa 12\\\/3 02-392 Warszawa Account no:&nbsp; 75 1090 2398 0000 0001 2199 9788 \u00c1tutal\u00e1s jogc\u00edme: Megb\u00edz\u00e1si sz. V\u00e1lassza ki az \u00d6nnek legmegfelel\u0151bb m\u00f3dszert \u00e9s \u00e9lvezze a v\u00e1s\u00e1rl\u00e1st a Prismagamersn\u00e9l!\",\"breadcrumb\":{\"@id\":\"https:\\\/\\\/prismagamers.com\\\/hu\\\/fizetesi-modok\\\/#breadcrumb\"},\"inLanguage\":\"hu\",\"potentialAction\":[{\"@type\":\"ReadAction\",\"target\":[\"https:\\\/\\\/prismagamers.com\\\/hu\\\/fizetesi-modok\\\/\"]}]},{\"@type\":\"BreadcrumbList\",\"@id\":\"https:\\\/\\\/prismagamers.com\\\/hu\\\/fizetesi-modok\\\/#breadcrumb\",\"itemListElement\":[{\"@type\":\"ListItem\",\"position\":1,\"name\":\"Strona g\u0142\u00f3wna\",\"item\":\"https:\\\/\\\/prismagamers.com\\\/hu\\\/prismagamers\\\/\"},{\"@type\":\"ListItem\",\"position\":2,\"name\":\"Fizet\u00e9si m\u00f3dok\"}]},{\"@type\":\"WebSite\",\"@id\":\"https:\\\/\\\/prismagamers.com\\\/hu\\\/#website\",\"url\":\"https:\\\/\\\/prismagamers.com\\\/hu\\\/\",\"name\":\"Prismagamers\",\"description\":\"Sklep z grami PC I Sklep klucze Steam\",\"publisher\":{\"@id\":\"https:\\\/\\\/prismagamers.com\\\/hu\\\/#organization\"},\"potentialAction\":[{\"@type\":\"SearchAction\",\"target\":{\"@type\":\"EntryPoint\",\"urlTemplate\":\"https:\\\/\\\/prismagamers.com\\\/hu\\\/?s={search_term_string}\"},\"query-input\":{\"@type\":\"PropertyValueSpecification\",\"valueRequired\":true,\"valueName\":\"search_term_string\"}}],\"inLanguage\":\"hu\"},{\"@type\":\"Organization\",\"@id\":\"https:\\\/\\\/prismagamers.com\\\/hu\\\/#organization\",\"name\":\"Prismagamers\",\"url\":\"https:\\\/\\\/prismagamers.com\\\/hu\\\/\",\"logo\":{\"@type\":\"ImageObject\",\"inLanguage\":\"hu\",\"@id\":\"https:\\\/\\\/prismagamers.com\\\/hu\\\/#\\\/schema\\\/logo\\\/image\\\/\",\"url\":\"https:\\\/\\\/prismagamers.com\\\/wp-content\\\/uploads\\\/2022\\\/04\\\/cropped-logo-Prismagamers-01-scaled-1.jpg\",\"contentUrl\":\"https:\\\/\\\/prismagamers.com\\\/wp-content\\\/uploads\\\/2022\\\/04\\\/cropped-logo-Prismagamers-01-scaled-1.jpg\",\"width\":512,\"height\":512,\"caption\":\"Prismagamers\"},\"image\":{\"@id\":\"https:\\\/\\\/prismagamers.com\\\/hu\\\/#\\\/schema\\\/logo\\\/image\\\/\"},\"sameAs\":[\"https:\\\/\\\/www.facebook.com\\\/prismagamers\",\"https:\\\/\\\/www.instagram.com\\\/prismagamers_grycyfrowe\\\/\"],\"description\":\"Prismagamers.com to dynamiczny sklep z grami cyfrowymi, stworzony z my\u015bl\u0105 o entuzjastach gier wideo. Nasza strona oferuje szerok\u0105 gam\u0119 gier komputerowych, w tym najnowsze tytu\u0142y, dobrze znane klasyki oraz gry stworzone przez niezale\u017cne studia Ca\u0142y czas d\u0105\u017cymy do rozszerzenia naszej oferty. Do\u0142\u0105cz do nas i sta\u0144 si\u0119 cz\u0119\u015bci\u0105 naszej rosn\u0105cej spo\u0142eczno\u015bci graczy!\",\"email\":\"shop@prismagamers.com\",\"telephone\":\"48795541705\",\"legalName\":\"East Caravan Maksym \u017bukow\",\"foundingDate\":\"2012-05-10\",\"vatID\":\"PL8943038612\",\"taxID\":\"PL8943038612\",\"numberOfEmployees\":{\"@type\":\"QuantitativeValue\",\"minValue\":\"11\",\"maxValue\":\"50\"}}]}<\/script>\n<!-- \/ Yoast SEO Premium plugin. -->","yoast_head_json":{"title":"Fizet\u00e9si m\u00f3dok - Prismagamers.com","description":"A k\u00f6vetkez\u0151 fizet\u00e9si m\u00f3dok \u00e1llnak rendelkez\u00e9sre a prismagamers.com oldalon:  Azonnali \u00e1tutal\u00e1sok a Przelewy24 rendszeren kereszt\u00fcl - gyors \u00e9s biztons\u00e1gos online fizet\u00e9sek, amelyek lehet\u0151v\u00e9 teszik a tranzakci\u00f3k azonnali feldolgoz\u00e1s\u00e1t. Hagyom\u00e1nyos \u00e1tutal\u00e1s - klasszikus fizet\u00e9si m\u00f3d, amely lehet\u0151v\u00e9 teszi, hogy a banki \u00e1tutal\u00e1st k\u00f6zvetlen\u00fcl az \u00d6n sz\u00e1ml\u00e1j\u00e1r\u00f3l teljes\u00edts\u00e9k. Transzfer r\u00e9szletek East Caravan Maksym \u017buk\u00f3w ul. Maszynowa 12\/3 02-392 Warszawa Sz\u00e1mlasz\u00e1m: Maszynowa 12\/3 02-392 Warszawa Account no:&nbsp; 75 1090 2398 0000 0001 2199 9788 \u00c1tutal\u00e1s jogc\u00edme: Megb\u00edz\u00e1si sz.  V\u00e1lassza ki az \u00d6nnek legmegfelel\u0151bb m\u00f3dszert \u00e9s \u00e9lvezze a v\u00e1s\u00e1rl\u00e1st a Prismagamersn\u00e9l!","robots":{"index":"index","follow":"follow","max-snippet":"max-snippet:-1","max-image-preview":"max-image-preview:large","max-video-preview":"max-video-preview:-1"},"canonical":"https:\/\/prismagamers.com\/hu\/fizetesi-modok\/","og_locale":"hu_HU","og_type":"article","og_title":"Fizet\u00e9si m\u00f3dok","og_description":"A k\u00f6vetkez\u0151 fizet\u00e9si m\u00f3dok \u00e1llnak rendelkez\u00e9sre a prismagamers.com oldalon:  Azonnali \u00e1tutal\u00e1sok a Przelewy24 rendszeren kereszt\u00fcl - gyors \u00e9s biztons\u00e1gos online fizet\u00e9sek, amelyek lehet\u0151v\u00e9 teszik a tranzakci\u00f3k azonnali feldolgoz\u00e1s\u00e1t. Hagyom\u00e1nyos \u00e1tutal\u00e1s - klasszikus fizet\u00e9si m\u00f3d, amely lehet\u0151v\u00e9 teszi, hogy a banki \u00e1tutal\u00e1st k\u00f6zvetlen\u00fcl az \u00d6n sz\u00e1ml\u00e1j\u00e1r\u00f3l teljes\u00edts\u00e9k. Transzfer r\u00e9szletek East Caravan Maksym \u017buk\u00f3w ul. Maszynowa 12\/3 02-392 Warszawa Sz\u00e1mlasz\u00e1m: Maszynowa 12\/3 02-392 Warszawa Account no:&nbsp; 75 1090 2398 0000 0001 2199 9788 \u00c1tutal\u00e1s jogc\u00edme: Megb\u00edz\u00e1si sz.  V\u00e1lassza ki az \u00d6nnek legmegfelel\u0151bb m\u00f3dszert \u00e9s \u00e9lvezze a v\u00e1s\u00e1rl\u00e1st a Prismagamersn\u00e9l!","og_url":"https:\/\/prismagamers.com\/hu\/fizetesi-modok\/","og_site_name":"Prismagamers.com","article_publisher":"https:\/\/www.facebook.com\/prismagamers","article_modified_time":"2025-02-17T12:26:06+00:00","twitter_card":"summary_large_image","twitter_misc":{"Becs\u00fclt olvas\u00e1si id\u0151":"1 perc"},"schema":{"@context":"https:\/\/schema.org","@graph":[{"@type":"WebPage","@id":"https:\/\/prismagamers.com\/hu\/fizetesi-modok\/","url":"https:\/\/prismagamers.com\/hu\/fizetesi-modok\/","name":"Fizet\u00e9si m\u00f3dok - Prismagamers.com","isPartOf":{"@id":"https:\/\/prismagamers.com\/hu\/#website"},"datePublished":"2025-01-01T16:30:04+00:00","dateModified":"2025-02-17T12:26:06+00:00","description":"A k\u00f6vetkez\u0151 fizet\u00e9si m\u00f3dok \u00e1llnak rendelkez\u00e9sre a prismagamers.com oldalon: Azonnali \u00e1tutal\u00e1sok a Przelewy24 rendszeren kereszt\u00fcl - gyors \u00e9s biztons\u00e1gos online fizet\u00e9sek, amelyek lehet\u0151v\u00e9 teszik a tranzakci\u00f3k azonnali feldolgoz\u00e1s\u00e1t. Hagyom\u00e1nyos \u00e1tutal\u00e1s - klasszikus fizet\u00e9si m\u00f3d, amely lehet\u0151v\u00e9 teszi, hogy a banki \u00e1tutal\u00e1st k\u00f6zvetlen\u00fcl az \u00d6n sz\u00e1ml\u00e1j\u00e1r\u00f3l teljes\u00edts\u00e9k. Transzfer r\u00e9szletek East Caravan Maksym \u017buk\u00f3w ul. Maszynowa 12\/3 02-392 Warszawa Sz\u00e1mlasz\u00e1m: Maszynowa 12\/3 02-392 Warszawa Account no:&nbsp; 75 1090 2398 0000 0001 2199 9788 \u00c1tutal\u00e1s jogc\u00edme: Megb\u00edz\u00e1si sz. V\u00e1lassza ki az \u00d6nnek legmegfelel\u0151bb m\u00f3dszert \u00e9s \u00e9lvezze a v\u00e1s\u00e1rl\u00e1st a Prismagamersn\u00e9l!","breadcrumb":{"@id":"https:\/\/prismagamers.com\/hu\/fizetesi-modok\/#breadcrumb"},"inLanguage":"hu","potentialAction":[{"@type":"ReadAction","target":["https:\/\/prismagamers.com\/hu\/fizetesi-modok\/"]}]},{"@type":"BreadcrumbList","@id":"https:\/\/prismagamers.com\/hu\/fizetesi-modok\/#breadcrumb","itemListElement":[{"@type":"ListItem","position":1,"name":"Strona g\u0142\u00f3wna","item":"https:\/\/prismagamers.com\/hu\/prismagamers\/"},{"@type":"ListItem","position":2,"name":"Fizet\u00e9si m\u00f3dok"}]},{"@type":"WebSite","@id":"https:\/\/prismagamers.com\/hu\/#website","url":"https:\/\/prismagamers.com\/hu\/","name":"Prismagamers","description":"Sklep z grami PC I Sklep klucze Steam","publisher":{"@id":"https:\/\/prismagamers.com\/hu\/#organization"},"potentialAction":[{"@type":"SearchAction","target":{"@type":"EntryPoint","urlTemplate":"https:\/\/prismagamers.com\/hu\/?s={search_term_string}"},"query-input":{"@type":"PropertyValueSpecification","valueRequired":true,"valueName":"search_term_string"}}],"inLanguage":"hu"},{"@type":"Organization","@id":"https:\/\/prismagamers.com\/hu\/#organization","name":"Prismagamers","url":"https:\/\/prismagamers.com\/hu\/","logo":{"@type":"ImageObject","inLanguage":"hu","@id":"https:\/\/prismagamers.com\/hu\/#\/schema\/logo\/image\/","url":"https:\/\/prismagamers.com\/wp-content\/uploads\/2022\/04\/cropped-logo-Prismagamers-01-scaled-1.jpg","contentUrl":"https:\/\/prismagamers.com\/wp-content\/uploads\/2022\/04\/cropped-logo-Prismagamers-01-scaled-1.jpg","width":512,"height":512,"caption":"Prismagamers"},"image":{"@id":"https:\/\/prismagamers.com\/hu\/#\/schema\/logo\/image\/"},"sameAs":["https:\/\/www.facebook.com\/prismagamers","https:\/\/www.instagram.com\/prismagamers_grycyfrowe\/"],"description":"Prismagamers.com to dynamiczny sklep z grami cyfrowymi, stworzony z my\u015bl\u0105 o entuzjastach gier wideo. Nasza strona oferuje szerok\u0105 gam\u0119 gier komputerowych, w tym najnowsze tytu\u0142y, dobrze znane klasyki oraz gry stworzone przez niezale\u017cne studia Ca\u0142y czas d\u0105\u017cymy do rozszerzenia naszej oferty. Do\u0142\u0105cz do nas i sta\u0144 si\u0119 cz\u0119\u015bci\u0105 naszej rosn\u0105cej spo\u0142eczno\u015bci graczy!","email":"shop@prismagamers.com","telephone":"48795541705","legalName":"East Caravan Maksym \u017bukow","foundingDate":"2012-05-10","vatID":"PL8943038612","taxID":"PL8943038612","numberOfEmployees":{"@type":"QuantitativeValue","minValue":"11","maxValue":"50"}}]}},"_links":{"self":[{"href":"https:\/\/prismagamers.com\/hu\/wp-json\/wp\/v2\/pages\/31014","targetHints":{"allow":["GET"]}}],"collection":[{"href":"https:\/\/prismagamers.com\/hu\/wp-json\/wp\/v2\/pages"}],"about":[{"href":"https:\/\/prismagamers.com\/hu\/wp-json\/wp\/v2\/types\/page"}],"author":[{"embeddable":true,"href":"https:\/\/prismagamers.com\/hu\/wp-json\/wp\/v2\/users\/1"}],"replies":[{"embeddable":true,"href":"https:\/\/prismagamers.com\/hu\/wp-json\/wp\/v2\/comments?post=31014"}],"version-history":[{"count":3,"href":"https:\/\/prismagamers.com\/hu\/wp-json\/wp\/v2\/pages\/31014\/revisions"}],"predecessor-version":[{"id":31018,"href":"https:\/\/prismagamers.com\/hu\/wp-json\/wp\/v2\/pages\/31014\/revisions\/31018"}],"wp:attachment":[{"href":"https:\/\/prismagamers.com\/hu\/wp-json\/wp\/v2\/media?parent=31014"}],"curies":[{"name":"wp","href":"https:\/\/api.w.org\/{rel}","templated":true}]}}