{"id":31087,"date":"2022-07-12T22:07:23","date_gmt":"2022-07-12T20:07:23","guid":{"rendered":"https:\/\/prismagamers.com\/szallitasi-koltsegek\/"},"modified":"2025-02-17T13:26:07","modified_gmt":"2025-02-17T12:26:07","slug":"szallitasi-koltsegek","status":"publish","type":"page","link":"https:\/\/prismagamers.com\/hu\/szallitasi-koltsegek\/","title":{"rendered":"sz\u00e1ll\u00edt\u00e1si k\u00f6lts\u00e9gek"},"content":{"rendered":"\n<h2 class=\"wp-block-heading\">Digit\u00e1lis term\u00e9kek beszerz\u00e9se<\/h2>\n\n<p>Digit\u00e1lis megrendel\u00e9sek eset\u00e9n a k\u00fcld\u00e9s a regisztr\u00e1ci\u00f3 sor\u00e1n megadott e-mail c\u00edmre t\u00f6rt\u00e9nik.  <\/p>\n\n<p>Minden megrendel\u00e9st a fizet\u00e9s j\u00f3v\u00e1\u00edr\u00e1sa ut\u00e1n azonnal feldolgozunk, a digit\u00e1lis term\u00e9kek maxim\u00e1lis \u00e1tfut\u00e1si ideje 24 \u00f3ra.<\/p>\n\n<h2 class=\"wp-block-heading\">Egy\u00e9b megrendel\u00e9sek<\/h2>\n\n<p>A sz\u00e1ll\u00edt\u00e1si k\u00f6lts\u00e9g \u00e9s az \u00e1tfut\u00e1si id\u0151:<\/p>\n\n<figure class=\"wp-block-table\"><table><tbody><tr><td class=\"has-text-align-center\" data-align=\"center\"><img decoding=\"async\" width=\"226\" height=\"75\" class=\"wp-image-2772\" style=\"width: 226px;\" src=\"https:\/\/prismagamers.com\/wp-content\/uploads\/2022\/07\/inpost.png\" alt=\"\" srcset=\"https:\/\/prismagamers.com\/wp-content\/uploads\/2022\/07\/inpost.png 366w, https:\/\/prismagamers.com\/wp-content\/uploads\/2022\/07\/inpost-300x100.png 300w\" sizes=\"(max-width: 226px) 100vw, 226px\" \/><\/td><td class=\"has-text-align-center\" data-align=\"center\">1-2 munkanap<\/td><td class=\"has-text-align-center\" data-align=\"center\">13,99<\/td><\/tr><tr><td class=\"has-text-align-center\" data-align=\"center\"><img decoding=\"async\" width=\"150\" height=\"108\" class=\"wp-image-2770\" style=\"width: 150px;\" src=\"https:\/\/prismagamers.com\/wp-content\/uploads\/2022\/07\/dpd.png\" alt=\"\"\/><\/td><td class=\"has-text-align-center\" data-align=\"center\">1-2 munkanap<\/td><td class=\"has-text-align-center\" data-align=\"center\">15,99<\/td><\/tr><\/tbody><\/table><\/figure>\n\n<p><\/p>\n","protected":false},"excerpt":{"rendered":"<p>Digit\u00e1lis term\u00e9kek beszerz\u00e9se Digit\u00e1lis megrendel\u00e9sek eset\u00e9n a k\u00fcld\u00e9s a regisztr\u00e1ci\u00f3 sor\u00e1n megadott e-mail c\u00edmre t\u00f6rt\u00e9nik. Minden megrendel\u00e9st a fizet\u00e9s j\u00f3v\u00e1\u00edr\u00e1sa ut\u00e1n azonnal feldolgozunk, a digit\u00e1lis term\u00e9kek maxim\u00e1lis \u00e1tfut\u00e1si ideje 24 \u00f3ra. Egy\u00e9b megrendel\u00e9sek A sz\u00e1ll\u00edt\u00e1si k\u00f6lts\u00e9g \u00e9s az \u00e1tfut\u00e1si id\u0151: 1-2 munkanap 13,99 1-2 munkanap 15,99<\/p>\n","protected":false},"author":1,"featured_media":0,"parent":0,"menu_order":0,"comment_status":"closed","ping_status":"closed","template":"","meta":{"_acf_changed":false,"site-sidebar-layout":"default","site-content-layout":"","ast-site-content-layout":"default","site-content-style":"default","site-sidebar-style":"default","ast-global-header-display":"","ast-banner-title-visibility":"","ast-main-header-display":"","ast-hfb-above-header-display":"","ast-hfb-below-header-display":"","ast-hfb-mobile-header-display":"","site-post-title":"","ast-breadcrumbs-content":"","ast-featured-img":"","footer-sml-layout":"","ast-disable-related-posts":"","theme-transparent-header-meta":"","adv-header-id-meta":"","stick-header-meta":"","header-above-stick-meta":"","header-main-stick-meta":"","header-below-stick-meta":"","astra-migrate-meta-layouts":"default","ast-page-background-enabled":"default","ast-page-background-meta":{"desktop":{"background-color":"var(--ast-global-color-4)","background-image":"","background-repeat":"repeat","background-position":"center center","background-size":"auto","background-attachment":"scroll","background-type":"","background-media":"","overlay-type":"","overlay-color":"","overlay-opacity":"","overlay-gradient":""},"tablet":{"background-color":"","background-image":"","background-repeat":"repeat","background-position":"center center","background-size":"auto","background-attachment":"scroll","background-type":"","background-media":"","overlay-type":"","overlay-color":"","overlay-opacity":"","overlay-gradient":""},"mobile":{"background-color":"","background-image":"","background-repeat":"repeat","background-position":"center center","background-size":"auto","background-attachment":"scroll","background-type":"","background-media":"","overlay-type":"","overlay-color":"","overlay-opacity":"","overlay-gradient":""}},"ast-content-background-meta":{"desktop":{"background-color":"var(--ast-global-color-5)","background-image":"","background-repeat":"repeat","background-position":"center center","background-size":"auto","background-attachment":"scroll","background-type":"","background-media":"","overlay-type":"","overlay-color":"","overlay-opacity":"","overlay-gradient":""},"tablet":{"background-color":"var(--ast-global-color-5)","background-image":"","background-repeat":"repeat","background-position":"center center","background-size":"auto","background-attachment":"scroll","background-type":"","background-media":"","overlay-type":"","overlay-color":"","overlay-opacity":"","overlay-gradient":""},"mobile":{"background-color":"var(--ast-global-color-5)","background-image":"","background-repeat":"repeat","background-position":"center center","background-size":"auto","background-attachment":"scroll","background-type":"","background-media":"","overlay-type":"","overlay-color":"","overlay-opacity":"","overlay-gradient":""}},"footnotes":""},"class_list":["post-31087","page","type-page","status-publish","hentry"],"acf":[],"yoast_head":"<!-- This site is optimized with the Yoast SEO Premium plugin v27.4 (Yoast SEO v27.4) - https:\/\/yoast.com\/product\/yoast-seo-premium-wordpress\/ -->\n<title>sz\u00e1ll\u00edt\u00e1si k\u00f6lts\u00e9gek - Prismagamers.com<\/title>\n<meta name=\"description\" content=\"Digit\u00e1lis term\u00e9kek beszerz\u00e9se Digit\u00e1lis megrendel\u00e9sek eset\u00e9n a k\u00fcld\u00e9s a regisztr\u00e1ci\u00f3 sor\u00e1n megadott e-mail c\u00edmre t\u00f6rt\u00e9nik.  Minden megrendel\u00e9st a fizet\u00e9s j\u00f3v\u00e1\u00edr\u00e1sa ut\u00e1n azonnal feldolgozunk, a digit\u00e1lis term\u00e9kek maxim\u00e1lis \u00e1tfut\u00e1si ideje 24 \u00f3ra. Egy\u00e9b megrendel\u00e9sek A sz\u00e1ll\u00edt\u00e1si k\u00f6lts\u00e9g \u00e9s az \u00e1tfut\u00e1si id\u0151: 1-2 munkanap13,991-2 munkanap15,99\" \/>\n<meta name=\"robots\" content=\"index, follow, max-snippet:-1, max-image-preview:large, max-video-preview:-1\" \/>\n<link rel=\"canonical\" href=\"https:\/\/prismagamers.com\/hu\/szallitasi-koltsegek\/\" \/>\n<meta property=\"og:locale\" content=\"hu_HU\" \/>\n<meta property=\"og:type\" content=\"article\" \/>\n<meta property=\"og:title\" content=\"sz\u00e1ll\u00edt\u00e1si k\u00f6lts\u00e9gek\" \/>\n<meta property=\"og:description\" content=\"Digit\u00e1lis term\u00e9kek beszerz\u00e9se Digit\u00e1lis megrendel\u00e9sek eset\u00e9n a k\u00fcld\u00e9s a regisztr\u00e1ci\u00f3 sor\u00e1n megadott e-mail c\u00edmre t\u00f6rt\u00e9nik.  Minden megrendel\u00e9st a fizet\u00e9s j\u00f3v\u00e1\u00edr\u00e1sa ut\u00e1n azonnal feldolgozunk, a digit\u00e1lis term\u00e9kek maxim\u00e1lis \u00e1tfut\u00e1si ideje 24 \u00f3ra. Egy\u00e9b megrendel\u00e9sek A sz\u00e1ll\u00edt\u00e1si k\u00f6lts\u00e9g \u00e9s az \u00e1tfut\u00e1si id\u0151: 1-2 munkanap13,991-2 munkanap15,99\" \/>\n<meta property=\"og:url\" content=\"https:\/\/prismagamers.com\/hu\/szallitasi-koltsegek\/\" \/>\n<meta property=\"og:site_name\" content=\"Prismagamers.com\" \/>\n<meta property=\"article:publisher\" content=\"https:\/\/www.facebook.com\/prismagamers\" \/>\n<meta property=\"article:modified_time\" content=\"2025-02-17T12:26:07+00:00\" \/>\n<meta property=\"og:image\" content=\"https:\/\/prismagamers.com\/wp-content\/uploads\/2022\/07\/inpost.png\" \/>\n\t<meta property=\"og:image:width\" content=\"366\" \/>\n\t<meta property=\"og:image:height\" content=\"122\" \/>\n\t<meta property=\"og:image:type\" content=\"image\/png\" \/>\n<meta name=\"twitter:card\" content=\"summary_large_image\" \/>\n<script type=\"application\/ld+json\" class=\"yoast-schema-graph\">{\"@context\":\"https:\\\/\\\/schema.org\",\"@graph\":[{\"@type\":\"WebPage\",\"@id\":\"https:\\\/\\\/prismagamers.com\\\/hu\\\/szallitasi-koltsegek\\\/\",\"url\":\"https:\\\/\\\/prismagamers.com\\\/hu\\\/szallitasi-koltsegek\\\/\",\"name\":\"sz\u00e1ll\u00edt\u00e1si k\u00f6lts\u00e9gek - Prismagamers.com\",\"isPartOf\":{\"@id\":\"https:\\\/\\\/prismagamers.com\\\/hu\\\/#website\"},\"primaryImageOfPage\":{\"@id\":\"https:\\\/\\\/prismagamers.com\\\/hu\\\/szallitasi-koltsegek\\\/#primaryimage\"},\"image\":{\"@id\":\"https:\\\/\\\/prismagamers.com\\\/hu\\\/szallitasi-koltsegek\\\/#primaryimage\"},\"thumbnailUrl\":\"https:\\\/\\\/prismagamers.com\\\/wp-content\\\/uploads\\\/2022\\\/07\\\/inpost.png\",\"datePublished\":\"2022-07-12T20:07:23+00:00\",\"dateModified\":\"2025-02-17T12:26:07+00:00\",\"description\":\"Digit\u00e1lis term\u00e9kek beszerz\u00e9se Digit\u00e1lis megrendel\u00e9sek eset\u00e9n a k\u00fcld\u00e9s a regisztr\u00e1ci\u00f3 sor\u00e1n megadott e-mail c\u00edmre t\u00f6rt\u00e9nik. Minden megrendel\u00e9st a fizet\u00e9s j\u00f3v\u00e1\u00edr\u00e1sa ut\u00e1n azonnal feldolgozunk, a digit\u00e1lis term\u00e9kek maxim\u00e1lis \u00e1tfut\u00e1si ideje 24 \u00f3ra. Egy\u00e9b megrendel\u00e9sek A sz\u00e1ll\u00edt\u00e1si k\u00f6lts\u00e9g \u00e9s az \u00e1tfut\u00e1si id\u0151: 1-2 munkanap13,991-2 munkanap15,99\",\"breadcrumb\":{\"@id\":\"https:\\\/\\\/prismagamers.com\\\/hu\\\/szallitasi-koltsegek\\\/#breadcrumb\"},\"inLanguage\":\"hu\",\"potentialAction\":[{\"@type\":\"ReadAction\",\"target\":[\"https:\\\/\\\/prismagamers.com\\\/hu\\\/szallitasi-koltsegek\\\/\"]}]},{\"@type\":\"ImageObject\",\"inLanguage\":\"hu\",\"@id\":\"https:\\\/\\\/prismagamers.com\\\/hu\\\/szallitasi-koltsegek\\\/#primaryimage\",\"url\":\"https:\\\/\\\/prismagamers.com\\\/wp-content\\\/uploads\\\/2022\\\/07\\\/inpost.png\",\"contentUrl\":\"https:\\\/\\\/prismagamers.com\\\/wp-content\\\/uploads\\\/2022\\\/07\\\/inpost.png\"},{\"@type\":\"BreadcrumbList\",\"@id\":\"https:\\\/\\\/prismagamers.com\\\/hu\\\/szallitasi-koltsegek\\\/#breadcrumb\",\"itemListElement\":[{\"@type\":\"ListItem\",\"position\":1,\"name\":\"Strona g\u0142\u00f3wna\",\"item\":\"https:\\\/\\\/prismagamers.com\\\/hu\\\/prismagamers\\\/\"},{\"@type\":\"ListItem\",\"position\":2,\"name\":\"sz\u00e1ll\u00edt\u00e1si k\u00f6lts\u00e9gek\"}]},{\"@type\":\"WebSite\",\"@id\":\"https:\\\/\\\/prismagamers.com\\\/hu\\\/#website\",\"url\":\"https:\\\/\\\/prismagamers.com\\\/hu\\\/\",\"name\":\"Prismagamers\",\"description\":\"Sklep z grami PC I Sklep klucze Steam\",\"publisher\":{\"@id\":\"https:\\\/\\\/prismagamers.com\\\/hu\\\/#organization\"},\"potentialAction\":[{\"@type\":\"SearchAction\",\"target\":{\"@type\":\"EntryPoint\",\"urlTemplate\":\"https:\\\/\\\/prismagamers.com\\\/hu\\\/?s={search_term_string}\"},\"query-input\":{\"@type\":\"PropertyValueSpecification\",\"valueRequired\":true,\"valueName\":\"search_term_string\"}}],\"inLanguage\":\"hu\"},{\"@type\":\"Organization\",\"@id\":\"https:\\\/\\\/prismagamers.com\\\/hu\\\/#organization\",\"name\":\"Prismagamers\",\"url\":\"https:\\\/\\\/prismagamers.com\\\/hu\\\/\",\"logo\":{\"@type\":\"ImageObject\",\"inLanguage\":\"hu\",\"@id\":\"https:\\\/\\\/prismagamers.com\\\/hu\\\/#\\\/schema\\\/logo\\\/image\\\/\",\"url\":\"https:\\\/\\\/prismagamers.com\\\/wp-content\\\/uploads\\\/2022\\\/04\\\/cropped-logo-Prismagamers-01-scaled-1.jpg\",\"contentUrl\":\"https:\\\/\\\/prismagamers.com\\\/wp-content\\\/uploads\\\/2022\\\/04\\\/cropped-logo-Prismagamers-01-scaled-1.jpg\",\"width\":512,\"height\":512,\"caption\":\"Prismagamers\"},\"image\":{\"@id\":\"https:\\\/\\\/prismagamers.com\\\/hu\\\/#\\\/schema\\\/logo\\\/image\\\/\"},\"sameAs\":[\"https:\\\/\\\/www.facebook.com\\\/prismagamers\",\"https:\\\/\\\/www.instagram.com\\\/prismagamers_grycyfrowe\\\/\"],\"description\":\"Prismagamers.com to dynamiczny sklep z grami cyfrowymi, stworzony z my\u015bl\u0105 o entuzjastach gier wideo. Nasza strona oferuje szerok\u0105 gam\u0119 gier komputerowych, w tym najnowsze tytu\u0142y, dobrze znane klasyki oraz gry stworzone przez niezale\u017cne studia Ca\u0142y czas d\u0105\u017cymy do rozszerzenia naszej oferty. Do\u0142\u0105cz do nas i sta\u0144 si\u0119 cz\u0119\u015bci\u0105 naszej rosn\u0105cej spo\u0142eczno\u015bci graczy!\",\"email\":\"shop@prismagamers.com\",\"telephone\":\"48795541705\",\"legalName\":\"East Caravan Maksym \u017bukow\",\"foundingDate\":\"2012-05-10\",\"vatID\":\"PL8943038612\",\"taxID\":\"PL8943038612\",\"numberOfEmployees\":{\"@type\":\"QuantitativeValue\",\"minValue\":\"11\",\"maxValue\":\"50\"}}]}<\/script>\n<!-- \/ Yoast SEO Premium plugin. -->","yoast_head_json":{"title":"sz\u00e1ll\u00edt\u00e1si k\u00f6lts\u00e9gek - Prismagamers.com","description":"Digit\u00e1lis term\u00e9kek beszerz\u00e9se Digit\u00e1lis megrendel\u00e9sek eset\u00e9n a k\u00fcld\u00e9s a regisztr\u00e1ci\u00f3 sor\u00e1n megadott e-mail c\u00edmre t\u00f6rt\u00e9nik.  Minden megrendel\u00e9st a fizet\u00e9s j\u00f3v\u00e1\u00edr\u00e1sa ut\u00e1n azonnal feldolgozunk, a digit\u00e1lis term\u00e9kek maxim\u00e1lis \u00e1tfut\u00e1si ideje 24 \u00f3ra. Egy\u00e9b megrendel\u00e9sek A sz\u00e1ll\u00edt\u00e1si k\u00f6lts\u00e9g \u00e9s az \u00e1tfut\u00e1si id\u0151: 1-2 munkanap13,991-2 munkanap15,99","robots":{"index":"index","follow":"follow","max-snippet":"max-snippet:-1","max-image-preview":"max-image-preview:large","max-video-preview":"max-video-preview:-1"},"canonical":"https:\/\/prismagamers.com\/hu\/szallitasi-koltsegek\/","og_locale":"hu_HU","og_type":"article","og_title":"sz\u00e1ll\u00edt\u00e1si k\u00f6lts\u00e9gek","og_description":"Digit\u00e1lis term\u00e9kek beszerz\u00e9se Digit\u00e1lis megrendel\u00e9sek eset\u00e9n a k\u00fcld\u00e9s a regisztr\u00e1ci\u00f3 sor\u00e1n megadott e-mail c\u00edmre t\u00f6rt\u00e9nik.  Minden megrendel\u00e9st a fizet\u00e9s j\u00f3v\u00e1\u00edr\u00e1sa ut\u00e1n azonnal feldolgozunk, a digit\u00e1lis term\u00e9kek maxim\u00e1lis \u00e1tfut\u00e1si ideje 24 \u00f3ra. Egy\u00e9b megrendel\u00e9sek A sz\u00e1ll\u00edt\u00e1si k\u00f6lts\u00e9g \u00e9s az \u00e1tfut\u00e1si id\u0151: 1-2 munkanap13,991-2 munkanap15,99","og_url":"https:\/\/prismagamers.com\/hu\/szallitasi-koltsegek\/","og_site_name":"Prismagamers.com","article_publisher":"https:\/\/www.facebook.com\/prismagamers","article_modified_time":"2025-02-17T12:26:07+00:00","og_image":[{"width":366,"height":122,"url":"https:\/\/prismagamers.com\/wp-content\/uploads\/2022\/07\/inpost.png","type":"image\/png"}],"twitter_card":"summary_large_image","schema":{"@context":"https:\/\/schema.org","@graph":[{"@type":"WebPage","@id":"https:\/\/prismagamers.com\/hu\/szallitasi-koltsegek\/","url":"https:\/\/prismagamers.com\/hu\/szallitasi-koltsegek\/","name":"sz\u00e1ll\u00edt\u00e1si k\u00f6lts\u00e9gek - Prismagamers.com","isPartOf":{"@id":"https:\/\/prismagamers.com\/hu\/#website"},"primaryImageOfPage":{"@id":"https:\/\/prismagamers.com\/hu\/szallitasi-koltsegek\/#primaryimage"},"image":{"@id":"https:\/\/prismagamers.com\/hu\/szallitasi-koltsegek\/#primaryimage"},"thumbnailUrl":"https:\/\/prismagamers.com\/wp-content\/uploads\/2022\/07\/inpost.png","datePublished":"2022-07-12T20:07:23+00:00","dateModified":"2025-02-17T12:26:07+00:00","description":"Digit\u00e1lis term\u00e9kek beszerz\u00e9se Digit\u00e1lis megrendel\u00e9sek eset\u00e9n a k\u00fcld\u00e9s a regisztr\u00e1ci\u00f3 sor\u00e1n megadott e-mail c\u00edmre t\u00f6rt\u00e9nik. Minden megrendel\u00e9st a fizet\u00e9s j\u00f3v\u00e1\u00edr\u00e1sa ut\u00e1n azonnal feldolgozunk, a digit\u00e1lis term\u00e9kek maxim\u00e1lis \u00e1tfut\u00e1si ideje 24 \u00f3ra. Egy\u00e9b megrendel\u00e9sek A sz\u00e1ll\u00edt\u00e1si k\u00f6lts\u00e9g \u00e9s az \u00e1tfut\u00e1si id\u0151: 1-2 munkanap13,991-2 munkanap15,99","breadcrumb":{"@id":"https:\/\/prismagamers.com\/hu\/szallitasi-koltsegek\/#breadcrumb"},"inLanguage":"hu","potentialAction":[{"@type":"ReadAction","target":["https:\/\/prismagamers.com\/hu\/szallitasi-koltsegek\/"]}]},{"@type":"ImageObject","inLanguage":"hu","@id":"https:\/\/prismagamers.com\/hu\/szallitasi-koltsegek\/#primaryimage","url":"https:\/\/prismagamers.com\/wp-content\/uploads\/2022\/07\/inpost.png","contentUrl":"https:\/\/prismagamers.com\/wp-content\/uploads\/2022\/07\/inpost.png"},{"@type":"BreadcrumbList","@id":"https:\/\/prismagamers.com\/hu\/szallitasi-koltsegek\/#breadcrumb","itemListElement":[{"@type":"ListItem","position":1,"name":"Strona g\u0142\u00f3wna","item":"https:\/\/prismagamers.com\/hu\/prismagamers\/"},{"@type":"ListItem","position":2,"name":"sz\u00e1ll\u00edt\u00e1si k\u00f6lts\u00e9gek"}]},{"@type":"WebSite","@id":"https:\/\/prismagamers.com\/hu\/#website","url":"https:\/\/prismagamers.com\/hu\/","name":"Prismagamers","description":"Sklep z grami PC I Sklep klucze Steam","publisher":{"@id":"https:\/\/prismagamers.com\/hu\/#organization"},"potentialAction":[{"@type":"SearchAction","target":{"@type":"EntryPoint","urlTemplate":"https:\/\/prismagamers.com\/hu\/?s={search_term_string}"},"query-input":{"@type":"PropertyValueSpecification","valueRequired":true,"valueName":"search_term_string"}}],"inLanguage":"hu"},{"@type":"Organization","@id":"https:\/\/prismagamers.com\/hu\/#organization","name":"Prismagamers","url":"https:\/\/prismagamers.com\/hu\/","logo":{"@type":"ImageObject","inLanguage":"hu","@id":"https:\/\/prismagamers.com\/hu\/#\/schema\/logo\/image\/","url":"https:\/\/prismagamers.com\/wp-content\/uploads\/2022\/04\/cropped-logo-Prismagamers-01-scaled-1.jpg","contentUrl":"https:\/\/prismagamers.com\/wp-content\/uploads\/2022\/04\/cropped-logo-Prismagamers-01-scaled-1.jpg","width":512,"height":512,"caption":"Prismagamers"},"image":{"@id":"https:\/\/prismagamers.com\/hu\/#\/schema\/logo\/image\/"},"sameAs":["https:\/\/www.facebook.com\/prismagamers","https:\/\/www.instagram.com\/prismagamers_grycyfrowe\/"],"description":"Prismagamers.com to dynamiczny sklep z grami cyfrowymi, stworzony z my\u015bl\u0105 o entuzjastach gier wideo. Nasza strona oferuje szerok\u0105 gam\u0119 gier komputerowych, w tym najnowsze tytu\u0142y, dobrze znane klasyki oraz gry stworzone przez niezale\u017cne studia Ca\u0142y czas d\u0105\u017cymy do rozszerzenia naszej oferty. Do\u0142\u0105cz do nas i sta\u0144 si\u0119 cz\u0119\u015bci\u0105 naszej rosn\u0105cej spo\u0142eczno\u015bci graczy!","email":"shop@prismagamers.com","telephone":"48795541705","legalName":"East Caravan Maksym \u017bukow","foundingDate":"2012-05-10","vatID":"PL8943038612","taxID":"PL8943038612","numberOfEmployees":{"@type":"QuantitativeValue","minValue":"11","maxValue":"50"}}]}},"_links":{"self":[{"href":"https:\/\/prismagamers.com\/hu\/wp-json\/wp\/v2\/pages\/31087","targetHints":{"allow":["GET"]}}],"collection":[{"href":"https:\/\/prismagamers.com\/hu\/wp-json\/wp\/v2\/pages"}],"about":[{"href":"https:\/\/prismagamers.com\/hu\/wp-json\/wp\/v2\/types\/page"}],"author":[{"embeddable":true,"href":"https:\/\/prismagamers.com\/hu\/wp-json\/wp\/v2\/users\/1"}],"replies":[{"embeddable":true,"href":"https:\/\/prismagamers.com\/hu\/wp-json\/wp\/v2\/comments?post=31087"}],"version-history":[{"count":1,"href":"https:\/\/prismagamers.com\/hu\/wp-json\/wp\/v2\/pages\/31087\/revisions"}],"predecessor-version":[{"id":31102,"href":"https:\/\/prismagamers.com\/hu\/wp-json\/wp\/v2\/pages\/31087\/revisions\/31102"}],"wp:attachment":[{"href":"https:\/\/prismagamers.com\/hu\/wp-json\/wp\/v2\/media?parent=31087"}],"curies":[{"name":"wp","href":"https:\/\/api.w.org\/{rel}","templated":true}]}}