{"id":31125,"date":"2023-07-17T21:32:30","date_gmt":"2023-07-17T19:32:30","guid":{"rendered":"https:\/\/prismagamers.com\/a-termek-elerhetosege\/"},"modified":"2025-02-17T13:26:09","modified_gmt":"2025-02-17T12:26:09","slug":"a-termek-elerhetosege","status":"publish","type":"page","link":"https:\/\/prismagamers.com\/hu\/a-termek-elerhetosege\/","title":{"rendered":"A term\u00e9k el\u00e9rhet\u0151s\u00e9ge"},"content":{"rendered":"\t\t<div data-elementor-type=\"wp-page\" data-elementor-id=\"31125\" class=\"elementor elementor-31125 elementor-4146\" data-elementor-post-type=\"page\">\n\t\t\t\t\t\t<section class=\"elementor-section elementor-top-section elementor-element elementor-element-71a1784 elementor-section-boxed elementor-section-height-default elementor-section-height-default\" data-id=\"71a1784\" data-element_type=\"section\" data-e-type=\"section\">\n\t\t\t\t\t\t<div class=\"elementor-container elementor-column-gap-default\">\n\t\t\t\t\t<div class=\"elementor-column elementor-col-100 elementor-top-column elementor-element elementor-element-cd40ce8\" data-id=\"cd40ce8\" data-element_type=\"column\" data-e-type=\"column\">\n\t\t\t<div class=\"elementor-widget-wrap elementor-element-populated\">\n\t\t\t\t\t\t<div class=\"elementor-element elementor-element-4959781 elementor-widget elementor-widget-heading\" data-id=\"4959781\" data-element_type=\"widget\" data-e-type=\"widget\" data-widget_type=\"heading.default\">\n\t\t\t\t<div class=\"elementor-widget-container\">\n\t\t\t\t\t<h1 class=\"elementor-heading-title elementor-size-default\">A term\u00e9k el\u00e9rhet\u0151s\u00e9ge<\/h1>\t\t\t\t<\/div>\n\t\t\t\t<\/div>\n\t\t\t\t\t<\/div>\n\t\t<\/div>\n\t\t\t\t\t<\/div>\n\t\t<\/section>\n\t\t\t\t<section class=\"elementor-section elementor-top-section elementor-element elementor-element-2a77c7d elementor-section-boxed elementor-section-height-default elementor-section-height-default\" data-id=\"2a77c7d\" data-element_type=\"section\" data-e-type=\"section\">\n\t\t\t\t\t\t<div class=\"elementor-container elementor-column-gap-default\">\n\t\t\t\t\t<div class=\"elementor-column elementor-col-100 elementor-top-column elementor-element elementor-element-f73aa92\" data-id=\"f73aa92\" data-element_type=\"column\" data-e-type=\"column\">\n\t\t\t<div class=\"elementor-widget-wrap elementor-element-populated\">\n\t\t\t\t\t\t<div class=\"elementor-element elementor-element-10a0901 elementor-widget elementor-widget-text-editor\" data-id=\"10a0901\" data-element_type=\"widget\" data-e-type=\"widget\" data-widget_type=\"text-editor.default\">\n\t\t\t\t<div class=\"elementor-widget-container\">\n\t\t\t\t\t\t\t\t\t<p>A term\u00e9klapokon szerepl\u0151 term\u00e9kel\u00e9rhet\u0151s\u00e9gi inform\u00e1ci\u00f3k k\u00e9t kateg\u00f3ri\u00e1ba sorolhat\u00f3k:  <br><br>&#8222;V\u00e1s\u00e1rl\u00e1s&#8221; &#8211; azt jelenti, hogy a term\u00e9k digit\u00e1lis, \u00e9s r\u00f6viddel a sz\u00f3ban forg\u00f3 j\u00e1t\u00e9k megv\u00e1s\u00e1rl\u00e1sa ut\u00e1n v\u00e1lik el\u00e9rhet\u0151v\u00e9.  <br><br>&#8222;A term\u00e9k nem el\u00e9rhet\u0151&#8221; &#8211; azt jelenti, hogy a term\u00e9k k\u00e9szletei kimer\u00fcltek, \u00e9s nem v\u00e1s\u00e1rolhat\u00f3 meg. Ha b\u00e1rmilyen k\u00e9rd\u00e9se van, k\u00e9rj\u00fck, forduljon a <a class=\"text-entity-link\" dir=\"auto\" href=\"mailto:shop@primargamers.com\" target=\"_blank\" rel=\"noopener noreferrer\" data-entity-type=\"MessageEntityEmail\">shop@primargamers.com<\/a> c\u00edmre. <br><br>Ezen inform\u00e1ci\u00f3k seg\u00edts\u00e9g\u00e9vel k\u00f6nnyen k\u00e9pet kaphat az egyes term\u00e9kek el\u00e9rhet\u0151s\u00e9g\u00e9r\u0151l, \u00e9s megfelel\u0151 v\u00e1s\u00e1rl\u00e1si d\u00f6nt\u00e9seket hozhat.<\/p>\t\t\t\t\t\t\t\t<\/div>\n\t\t\t\t<\/div>\n\t\t\t\t\t<\/div>\n\t\t<\/div>\n\t\t\t\t\t<\/div>\n\t\t<\/section>\n\t\t\t\t<\/div>\n\t\t","protected":false},"excerpt":{"rendered":"<p>A term\u00e9k el\u00e9rhet\u0151s\u00e9ge A term\u00e9klapokon szerepl\u0151 term\u00e9kel\u00e9rhet\u0151s\u00e9gi inform\u00e1ci\u00f3k k\u00e9t kateg\u00f3ri\u00e1ba sorolhat\u00f3k: &#8222;V\u00e1s\u00e1rl\u00e1s&#8221; &#8211; azt jelenti, hogy a term\u00e9k digit\u00e1lis, \u00e9s r\u00f6viddel a sz\u00f3ban forg\u00f3 j\u00e1t\u00e9k megv\u00e1s\u00e1rl\u00e1sa ut\u00e1n v\u00e1lik el\u00e9rhet\u0151v\u00e9. &#8222;A term\u00e9k nem el\u00e9rhet\u0151&#8221; &#8211; azt jelenti, hogy a term\u00e9k k\u00e9szletei kimer\u00fcltek, \u00e9s nem v\u00e1s\u00e1rolhat\u00f3 meg. Ha b\u00e1rmilyen k\u00e9rd\u00e9se van, k\u00e9rj\u00fck, forduljon a shop@primargamers.com c\u00edmre. Ezen [&hellip;]<\/p>\n","protected":false},"author":1,"featured_media":0,"parent":0,"menu_order":0,"comment_status":"closed","ping_status":"closed","template":"","meta":{"_acf_changed":false,"site-sidebar-layout":"no-sidebar","site-content-layout":"page-builder","ast-site-content-layout":"default","site-content-style":"default","site-sidebar-style":"default","ast-global-header-display":"","ast-banner-title-visibility":"","ast-main-header-display":"","ast-hfb-above-header-display":"","ast-hfb-below-header-display":"","ast-hfb-mobile-header-display":"","site-post-title":"disabled","ast-breadcrumbs-content":"","ast-featured-img":"disabled","footer-sml-layout":"","ast-disable-related-posts":"","theme-transparent-header-meta":"","adv-header-id-meta":"","stick-header-meta":"","header-above-stick-meta":"","header-main-stick-meta":"","header-below-stick-meta":"","astra-migrate-meta-layouts":"default","ast-page-background-enabled":"default","ast-page-background-meta":{"desktop":{"background-color":"var(--ast-global-color-4)","background-image":"","background-repeat":"repeat","background-position":"center center","background-size":"auto","background-attachment":"scroll","background-type":"","background-media":"","overlay-type":"","overlay-color":"","overlay-opacity":"","overlay-gradient":""},"tablet":{"background-color":"","background-image":"","background-repeat":"repeat","background-position":"center center","background-size":"auto","background-attachment":"scroll","background-type":"","background-media":"","overlay-type":"","overlay-color":"","overlay-opacity":"","overlay-gradient":""},"mobile":{"background-color":"","background-image":"","background-repeat":"repeat","background-position":"center center","background-size":"auto","background-attachment":"scroll","background-type":"","background-media":"","overlay-type":"","overlay-color":"","overlay-opacity":"","overlay-gradient":""}},"ast-content-background-meta":{"desktop":{"background-color":"var(--ast-global-color-5)","background-image":"","background-repeat":"repeat","background-position":"center center","background-size":"auto","background-attachment":"scroll","background-type":"","background-media":"","overlay-type":"","overlay-color":"","overlay-opacity":"","overlay-gradient":""},"tablet":{"background-color":"var(--ast-global-color-5)","background-image":"","background-repeat":"repeat","background-position":"center center","background-size":"auto","background-attachment":"scroll","background-type":"","background-media":"","overlay-type":"","overlay-color":"","overlay-opacity":"","overlay-gradient":""},"mobile":{"background-color":"var(--ast-global-color-5)","background-image":"","background-repeat":"repeat","background-position":"center center","background-size":"auto","background-attachment":"scroll","background-type":"","background-media":"","overlay-type":"","overlay-color":"","overlay-opacity":"","overlay-gradient":""}},"footnotes":""},"class_list":["post-31125","page","type-page","status-publish","hentry"],"acf":[],"yoast_head":"<!-- This site is optimized with the Yoast SEO Premium plugin v27.4 (Yoast SEO v27.4) - https:\/\/yoast.com\/product\/yoast-seo-premium-wordpress\/ -->\n<title>A term\u00e9k el\u00e9rhet\u0151s\u00e9ge - Prismagamers.com<\/title>\n<meta name=\"description\" content=\"A term\u00e9k el\u00e9rhet\u0151s\u00e9ge    A term\u00e9klapokon szerepl\u0151 term\u00e9kel\u00e9rhet\u0151s\u00e9gi inform\u00e1ci\u00f3k k\u00e9t kateg\u00f3ri\u00e1ba sorolhat\u00f3k: &quot;V\u00e1s\u00e1rl\u00e1s&quot; - azt jelenti, hogy a term\u00e9k digit\u00e1lis, \u00e9s r\u00f6viddel a sz\u00f3ban forg\u00f3 j\u00e1t\u00e9k megv\u00e1s\u00e1rl\u00e1sa ut\u00e1n v\u00e1lik el\u00e9rhet\u0151v\u00e9. &quot;A term\u00e9k nem el\u00e9rhet\u0151&quot; - azt jelenti, hogy a term\u00e9k k\u00e9szletei kimer\u00fcltek, \u00e9s nem v\u00e1s\u00e1rolhat\u00f3 meg. Ha b\u00e1rmilyen k\u00e9rd\u00e9se van, k\u00e9rj\u00fck, forduljon a shop@primargamers.com c\u00edmre. Ezen inform\u00e1ci\u00f3k seg\u00edts\u00e9g\u00e9vel k\u00f6nnyen k\u00e9pet kaphat az egyes term\u00e9kek el\u00e9rhet\u0151s\u00e9g\u00e9r\u0151l, \u00e9s megfelel\u0151 v\u00e1s\u00e1rl\u00e1si d\u00f6nt\u00e9seket hozhat.\" \/>\n<meta name=\"robots\" content=\"index, follow, max-snippet:-1, max-image-preview:large, max-video-preview:-1\" \/>\n<link rel=\"canonical\" href=\"https:\/\/prismagamers.com\/hu\/a-termek-elerhetosege\/\" \/>\n<meta property=\"og:locale\" content=\"hu_HU\" \/>\n<meta property=\"og:type\" content=\"article\" \/>\n<meta property=\"og:title\" content=\"A term\u00e9k el\u00e9rhet\u0151s\u00e9ge\" \/>\n<meta property=\"og:description\" content=\"A term\u00e9k el\u00e9rhet\u0151s\u00e9ge    A term\u00e9klapokon szerepl\u0151 term\u00e9kel\u00e9rhet\u0151s\u00e9gi inform\u00e1ci\u00f3k k\u00e9t kateg\u00f3ri\u00e1ba sorolhat\u00f3k: &quot;V\u00e1s\u00e1rl\u00e1s&quot; - azt jelenti, hogy a term\u00e9k digit\u00e1lis, \u00e9s r\u00f6viddel a sz\u00f3ban forg\u00f3 j\u00e1t\u00e9k megv\u00e1s\u00e1rl\u00e1sa ut\u00e1n v\u00e1lik el\u00e9rhet\u0151v\u00e9. &quot;A term\u00e9k nem el\u00e9rhet\u0151&quot; - azt jelenti, hogy a term\u00e9k k\u00e9szletei kimer\u00fcltek, \u00e9s nem v\u00e1s\u00e1rolhat\u00f3 meg. Ha b\u00e1rmilyen k\u00e9rd\u00e9se van, k\u00e9rj\u00fck, forduljon a shop@primargamers.com c\u00edmre. Ezen inform\u00e1ci\u00f3k seg\u00edts\u00e9g\u00e9vel k\u00f6nnyen k\u00e9pet kaphat az egyes term\u00e9kek el\u00e9rhet\u0151s\u00e9g\u00e9r\u0151l, \u00e9s megfelel\u0151 v\u00e1s\u00e1rl\u00e1si d\u00f6nt\u00e9seket hozhat.\" \/>\n<meta property=\"og:url\" content=\"https:\/\/prismagamers.com\/hu\/a-termek-elerhetosege\/\" \/>\n<meta property=\"og:site_name\" content=\"Prismagamers.com\" \/>\n<meta property=\"article:publisher\" content=\"https:\/\/www.facebook.com\/prismagamers\" \/>\n<meta property=\"article:modified_time\" content=\"2025-02-17T12:26:09+00:00\" \/>\n<meta name=\"twitter:card\" content=\"summary_large_image\" \/>\n<meta name=\"twitter:label1\" content=\"Becs\u00fclt olvas\u00e1si id\u0151\" \/>\n\t<meta name=\"twitter:data1\" content=\"1 perc\" \/>\n<script type=\"application\/ld+json\" class=\"yoast-schema-graph\">{\"@context\":\"https:\\\/\\\/schema.org\",\"@graph\":[{\"@type\":\"WebPage\",\"@id\":\"https:\\\/\\\/prismagamers.com\\\/hu\\\/a-termek-elerhetosege\\\/\",\"url\":\"https:\\\/\\\/prismagamers.com\\\/hu\\\/a-termek-elerhetosege\\\/\",\"name\":\"A term\u00e9k el\u00e9rhet\u0151s\u00e9ge - Prismagamers.com\",\"isPartOf\":{\"@id\":\"https:\\\/\\\/prismagamers.com\\\/hu\\\/#website\"},\"datePublished\":\"2023-07-17T19:32:30+00:00\",\"dateModified\":\"2025-02-17T12:26:09+00:00\",\"description\":\"A term\u00e9k el\u00e9rhet\u0151s\u00e9ge A term\u00e9klapokon szerepl\u0151 term\u00e9kel\u00e9rhet\u0151s\u00e9gi inform\u00e1ci\u00f3k k\u00e9t kateg\u00f3ri\u00e1ba sorolhat\u00f3k: \\\"V\u00e1s\u00e1rl\u00e1s\\\" - azt jelenti, hogy a term\u00e9k digit\u00e1lis, \u00e9s r\u00f6viddel a sz\u00f3ban forg\u00f3 j\u00e1t\u00e9k megv\u00e1s\u00e1rl\u00e1sa ut\u00e1n v\u00e1lik el\u00e9rhet\u0151v\u00e9. \\\"A term\u00e9k nem el\u00e9rhet\u0151\\\" - azt jelenti, hogy a term\u00e9k k\u00e9szletei kimer\u00fcltek, \u00e9s nem v\u00e1s\u00e1rolhat\u00f3 meg. Ha b\u00e1rmilyen k\u00e9rd\u00e9se van, k\u00e9rj\u00fck, forduljon a shop@primargamers.com c\u00edmre. Ezen inform\u00e1ci\u00f3k seg\u00edts\u00e9g\u00e9vel k\u00f6nnyen k\u00e9pet kaphat az egyes term\u00e9kek el\u00e9rhet\u0151s\u00e9g\u00e9r\u0151l, \u00e9s megfelel\u0151 v\u00e1s\u00e1rl\u00e1si d\u00f6nt\u00e9seket hozhat.\",\"breadcrumb\":{\"@id\":\"https:\\\/\\\/prismagamers.com\\\/hu\\\/a-termek-elerhetosege\\\/#breadcrumb\"},\"inLanguage\":\"hu\",\"potentialAction\":[{\"@type\":\"ReadAction\",\"target\":[\"https:\\\/\\\/prismagamers.com\\\/hu\\\/a-termek-elerhetosege\\\/\"]}]},{\"@type\":\"BreadcrumbList\",\"@id\":\"https:\\\/\\\/prismagamers.com\\\/hu\\\/a-termek-elerhetosege\\\/#breadcrumb\",\"itemListElement\":[{\"@type\":\"ListItem\",\"position\":1,\"name\":\"Strona g\u0142\u00f3wna\",\"item\":\"https:\\\/\\\/prismagamers.com\\\/hu\\\/prismagamers\\\/\"},{\"@type\":\"ListItem\",\"position\":2,\"name\":\"A term\u00e9k el\u00e9rhet\u0151s\u00e9ge\"}]},{\"@type\":\"WebSite\",\"@id\":\"https:\\\/\\\/prismagamers.com\\\/hu\\\/#website\",\"url\":\"https:\\\/\\\/prismagamers.com\\\/hu\\\/\",\"name\":\"Prismagamers\",\"description\":\"Sklep z grami PC I Sklep klucze Steam\",\"publisher\":{\"@id\":\"https:\\\/\\\/prismagamers.com\\\/hu\\\/#organization\"},\"potentialAction\":[{\"@type\":\"SearchAction\",\"target\":{\"@type\":\"EntryPoint\",\"urlTemplate\":\"https:\\\/\\\/prismagamers.com\\\/hu\\\/?s={search_term_string}\"},\"query-input\":{\"@type\":\"PropertyValueSpecification\",\"valueRequired\":true,\"valueName\":\"search_term_string\"}}],\"inLanguage\":\"hu\"},{\"@type\":\"Organization\",\"@id\":\"https:\\\/\\\/prismagamers.com\\\/hu\\\/#organization\",\"name\":\"Prismagamers\",\"url\":\"https:\\\/\\\/prismagamers.com\\\/hu\\\/\",\"logo\":{\"@type\":\"ImageObject\",\"inLanguage\":\"hu\",\"@id\":\"https:\\\/\\\/prismagamers.com\\\/hu\\\/#\\\/schema\\\/logo\\\/image\\\/\",\"url\":\"https:\\\/\\\/prismagamers.com\\\/wp-content\\\/uploads\\\/2022\\\/04\\\/cropped-logo-Prismagamers-01-scaled-1.jpg\",\"contentUrl\":\"https:\\\/\\\/prismagamers.com\\\/wp-content\\\/uploads\\\/2022\\\/04\\\/cropped-logo-Prismagamers-01-scaled-1.jpg\",\"width\":512,\"height\":512,\"caption\":\"Prismagamers\"},\"image\":{\"@id\":\"https:\\\/\\\/prismagamers.com\\\/hu\\\/#\\\/schema\\\/logo\\\/image\\\/\"},\"sameAs\":[\"https:\\\/\\\/www.facebook.com\\\/prismagamers\",\"https:\\\/\\\/www.instagram.com\\\/prismagamers_grycyfrowe\\\/\"],\"description\":\"Prismagamers.com to dynamiczny sklep z grami cyfrowymi, stworzony z my\u015bl\u0105 o entuzjastach gier wideo. Nasza strona oferuje szerok\u0105 gam\u0119 gier komputerowych, w tym najnowsze tytu\u0142y, dobrze znane klasyki oraz gry stworzone przez niezale\u017cne studia Ca\u0142y czas d\u0105\u017cymy do rozszerzenia naszej oferty. Do\u0142\u0105cz do nas i sta\u0144 si\u0119 cz\u0119\u015bci\u0105 naszej rosn\u0105cej spo\u0142eczno\u015bci graczy!\",\"email\":\"shop@prismagamers.com\",\"telephone\":\"48795541705\",\"legalName\":\"East Caravan Maksym \u017bukow\",\"foundingDate\":\"2012-05-10\",\"vatID\":\"PL8943038612\",\"taxID\":\"PL8943038612\",\"numberOfEmployees\":{\"@type\":\"QuantitativeValue\",\"minValue\":\"11\",\"maxValue\":\"50\"}}]}<\/script>\n<!-- \/ Yoast SEO Premium plugin. -->","yoast_head_json":{"title":"A term\u00e9k el\u00e9rhet\u0151s\u00e9ge - Prismagamers.com","description":"A term\u00e9k el\u00e9rhet\u0151s\u00e9ge    A term\u00e9klapokon szerepl\u0151 term\u00e9kel\u00e9rhet\u0151s\u00e9gi inform\u00e1ci\u00f3k k\u00e9t kateg\u00f3ri\u00e1ba sorolhat\u00f3k: \"V\u00e1s\u00e1rl\u00e1s\" - azt jelenti, hogy a term\u00e9k digit\u00e1lis, \u00e9s r\u00f6viddel a sz\u00f3ban forg\u00f3 j\u00e1t\u00e9k megv\u00e1s\u00e1rl\u00e1sa ut\u00e1n v\u00e1lik el\u00e9rhet\u0151v\u00e9. \"A term\u00e9k nem el\u00e9rhet\u0151\" - azt jelenti, hogy a term\u00e9k k\u00e9szletei kimer\u00fcltek, \u00e9s nem v\u00e1s\u00e1rolhat\u00f3 meg. Ha b\u00e1rmilyen k\u00e9rd\u00e9se van, k\u00e9rj\u00fck, forduljon a shop@primargamers.com c\u00edmre. Ezen inform\u00e1ci\u00f3k seg\u00edts\u00e9g\u00e9vel k\u00f6nnyen k\u00e9pet kaphat az egyes term\u00e9kek el\u00e9rhet\u0151s\u00e9g\u00e9r\u0151l, \u00e9s megfelel\u0151 v\u00e1s\u00e1rl\u00e1si d\u00f6nt\u00e9seket hozhat.","robots":{"index":"index","follow":"follow","max-snippet":"max-snippet:-1","max-image-preview":"max-image-preview:large","max-video-preview":"max-video-preview:-1"},"canonical":"https:\/\/prismagamers.com\/hu\/a-termek-elerhetosege\/","og_locale":"hu_HU","og_type":"article","og_title":"A term\u00e9k el\u00e9rhet\u0151s\u00e9ge","og_description":"A term\u00e9k el\u00e9rhet\u0151s\u00e9ge    A term\u00e9klapokon szerepl\u0151 term\u00e9kel\u00e9rhet\u0151s\u00e9gi inform\u00e1ci\u00f3k k\u00e9t kateg\u00f3ri\u00e1ba sorolhat\u00f3k: \"V\u00e1s\u00e1rl\u00e1s\" - azt jelenti, hogy a term\u00e9k digit\u00e1lis, \u00e9s r\u00f6viddel a sz\u00f3ban forg\u00f3 j\u00e1t\u00e9k megv\u00e1s\u00e1rl\u00e1sa ut\u00e1n v\u00e1lik el\u00e9rhet\u0151v\u00e9. \"A term\u00e9k nem el\u00e9rhet\u0151\" - azt jelenti, hogy a term\u00e9k k\u00e9szletei kimer\u00fcltek, \u00e9s nem v\u00e1s\u00e1rolhat\u00f3 meg. Ha b\u00e1rmilyen k\u00e9rd\u00e9se van, k\u00e9rj\u00fck, forduljon a shop@primargamers.com c\u00edmre. Ezen inform\u00e1ci\u00f3k seg\u00edts\u00e9g\u00e9vel k\u00f6nnyen k\u00e9pet kaphat az egyes term\u00e9kek el\u00e9rhet\u0151s\u00e9g\u00e9r\u0151l, \u00e9s megfelel\u0151 v\u00e1s\u00e1rl\u00e1si d\u00f6nt\u00e9seket hozhat.","og_url":"https:\/\/prismagamers.com\/hu\/a-termek-elerhetosege\/","og_site_name":"Prismagamers.com","article_publisher":"https:\/\/www.facebook.com\/prismagamers","article_modified_time":"2025-02-17T12:26:09+00:00","twitter_card":"summary_large_image","twitter_misc":{"Becs\u00fclt olvas\u00e1si id\u0151":"1 perc"},"schema":{"@context":"https:\/\/schema.org","@graph":[{"@type":"WebPage","@id":"https:\/\/prismagamers.com\/hu\/a-termek-elerhetosege\/","url":"https:\/\/prismagamers.com\/hu\/a-termek-elerhetosege\/","name":"A term\u00e9k el\u00e9rhet\u0151s\u00e9ge - Prismagamers.com","isPartOf":{"@id":"https:\/\/prismagamers.com\/hu\/#website"},"datePublished":"2023-07-17T19:32:30+00:00","dateModified":"2025-02-17T12:26:09+00:00","description":"A term\u00e9k el\u00e9rhet\u0151s\u00e9ge A term\u00e9klapokon szerepl\u0151 term\u00e9kel\u00e9rhet\u0151s\u00e9gi inform\u00e1ci\u00f3k k\u00e9t kateg\u00f3ri\u00e1ba sorolhat\u00f3k: \"V\u00e1s\u00e1rl\u00e1s\" - azt jelenti, hogy a term\u00e9k digit\u00e1lis, \u00e9s r\u00f6viddel a sz\u00f3ban forg\u00f3 j\u00e1t\u00e9k megv\u00e1s\u00e1rl\u00e1sa ut\u00e1n v\u00e1lik el\u00e9rhet\u0151v\u00e9. \"A term\u00e9k nem el\u00e9rhet\u0151\" - azt jelenti, hogy a term\u00e9k k\u00e9szletei kimer\u00fcltek, \u00e9s nem v\u00e1s\u00e1rolhat\u00f3 meg. Ha b\u00e1rmilyen k\u00e9rd\u00e9se van, k\u00e9rj\u00fck, forduljon a shop@primargamers.com c\u00edmre. Ezen inform\u00e1ci\u00f3k seg\u00edts\u00e9g\u00e9vel k\u00f6nnyen k\u00e9pet kaphat az egyes term\u00e9kek el\u00e9rhet\u0151s\u00e9g\u00e9r\u0151l, \u00e9s megfelel\u0151 v\u00e1s\u00e1rl\u00e1si d\u00f6nt\u00e9seket hozhat.","breadcrumb":{"@id":"https:\/\/prismagamers.com\/hu\/a-termek-elerhetosege\/#breadcrumb"},"inLanguage":"hu","potentialAction":[{"@type":"ReadAction","target":["https:\/\/prismagamers.com\/hu\/a-termek-elerhetosege\/"]}]},{"@type":"BreadcrumbList","@id":"https:\/\/prismagamers.com\/hu\/a-termek-elerhetosege\/#breadcrumb","itemListElement":[{"@type":"ListItem","position":1,"name":"Strona g\u0142\u00f3wna","item":"https:\/\/prismagamers.com\/hu\/prismagamers\/"},{"@type":"ListItem","position":2,"name":"A term\u00e9k el\u00e9rhet\u0151s\u00e9ge"}]},{"@type":"WebSite","@id":"https:\/\/prismagamers.com\/hu\/#website","url":"https:\/\/prismagamers.com\/hu\/","name":"Prismagamers","description":"Sklep z grami PC I Sklep klucze Steam","publisher":{"@id":"https:\/\/prismagamers.com\/hu\/#organization"},"potentialAction":[{"@type":"SearchAction","target":{"@type":"EntryPoint","urlTemplate":"https:\/\/prismagamers.com\/hu\/?s={search_term_string}"},"query-input":{"@type":"PropertyValueSpecification","valueRequired":true,"valueName":"search_term_string"}}],"inLanguage":"hu"},{"@type":"Organization","@id":"https:\/\/prismagamers.com\/hu\/#organization","name":"Prismagamers","url":"https:\/\/prismagamers.com\/hu\/","logo":{"@type":"ImageObject","inLanguage":"hu","@id":"https:\/\/prismagamers.com\/hu\/#\/schema\/logo\/image\/","url":"https:\/\/prismagamers.com\/wp-content\/uploads\/2022\/04\/cropped-logo-Prismagamers-01-scaled-1.jpg","contentUrl":"https:\/\/prismagamers.com\/wp-content\/uploads\/2022\/04\/cropped-logo-Prismagamers-01-scaled-1.jpg","width":512,"height":512,"caption":"Prismagamers"},"image":{"@id":"https:\/\/prismagamers.com\/hu\/#\/schema\/logo\/image\/"},"sameAs":["https:\/\/www.facebook.com\/prismagamers","https:\/\/www.instagram.com\/prismagamers_grycyfrowe\/"],"description":"Prismagamers.com to dynamiczny sklep z grami cyfrowymi, stworzony z my\u015bl\u0105 o entuzjastach gier wideo. Nasza strona oferuje szerok\u0105 gam\u0119 gier komputerowych, w tym najnowsze tytu\u0142y, dobrze znane klasyki oraz gry stworzone przez niezale\u017cne studia Ca\u0142y czas d\u0105\u017cymy do rozszerzenia naszej oferty. Do\u0142\u0105cz do nas i sta\u0144 si\u0119 cz\u0119\u015bci\u0105 naszej rosn\u0105cej spo\u0142eczno\u015bci graczy!","email":"shop@prismagamers.com","telephone":"48795541705","legalName":"East Caravan Maksym \u017bukow","foundingDate":"2012-05-10","vatID":"PL8943038612","taxID":"PL8943038612","numberOfEmployees":{"@type":"QuantitativeValue","minValue":"11","maxValue":"50"}}]}},"_links":{"self":[{"href":"https:\/\/prismagamers.com\/hu\/wp-json\/wp\/v2\/pages\/31125","targetHints":{"allow":["GET"]}}],"collection":[{"href":"https:\/\/prismagamers.com\/hu\/wp-json\/wp\/v2\/pages"}],"about":[{"href":"https:\/\/prismagamers.com\/hu\/wp-json\/wp\/v2\/types\/page"}],"author":[{"embeddable":true,"href":"https:\/\/prismagamers.com\/hu\/wp-json\/wp\/v2\/users\/1"}],"replies":[{"embeddable":true,"href":"https:\/\/prismagamers.com\/hu\/wp-json\/wp\/v2\/comments?post=31125"}],"version-history":[{"count":1,"href":"https:\/\/prismagamers.com\/hu\/wp-json\/wp\/v2\/pages\/31125\/revisions"}],"predecessor-version":[{"id":31127,"href":"https:\/\/prismagamers.com\/hu\/wp-json\/wp\/v2\/pages\/31125\/revisions\/31127"}],"wp:attachment":[{"href":"https:\/\/prismagamers.com\/hu\/wp-json\/wp\/v2\/media?parent=31125"}],"curies":[{"name":"wp","href":"https:\/\/api.w.org\/{rel}","templated":true}]}}