{"id":34107,"date":"2024-08-15T20:13:38","date_gmt":"2024-08-15T18:13:38","guid":{"rendered":"https:\/\/prismagamers.com\/produkt\/guayota-2\/"},"modified":"2026-01-02T00:36:06","modified_gmt":"2026-01-01T23:36:06","slug":"guayota-2","status":"publish","type":"product","link":"https:\/\/prismagamers.com\/hu\/produkt\/guayota-2\/","title":{"rendered":"Guayota"},"content":{"rendered":"<p><img decoding=\"async\" class=\"aligncenter\" src=\"https:\/\/shared.akamai.steamstatic.com\/store_item_assets\/steam\/apps\/2506450\/extras\/Guayota_DescriptionLabel.jpg?t=1723571154\"><\/p>\n<p><strong>A Guayot\u00e1t<\/strong> a Kan\u00e1ri-szigetekhez \u00e9s a guanche mitol\u00f3gi\u00e1hoz kapcsol\u00f3d\u00f3 legend\u00e1k ihlett\u00e9k. A j\u00e1t\u00e9k egy felfedez\u0151csoport t\u00f6rt\u00e9net\u00e9t mes\u00e9li el, akiket a Spanyol Kir\u00e1lys\u00e1g k\u00fcld\u00f6tt a legend\u00e1s Szent Brend\u00e1n sziget\u00e9nek felkutat\u00e1s\u00e1ra. A f\u0151szerepl\u0151 szerep\u00e9ben hamar r\u00e1j\u00f6ssz, hogy ez a sziget, amely \u00e1ll\u00edt\u00f3lag a f\u00f6ldi paradicsom, sokkal s\u00f6t\u00e9tebb titkokat rejthet.  <\/p>\n<p><strong>Secrets of Saint Brendan&#8217;s Island<\/strong><br \/>\nMer\u00fclj el a Szent Brend\u00e1n legend\u00e1ja \u00e1ltal ihletett, gazdag kirak\u00f3s j\u00e1t\u00e9kban. Mik\u00f6zben t\u00e1rsaidat keresed, felfedezed az istenek \u0151si templomait, amelyek mindegyike m\u00e9ly titkot rejt, \u00e9s felt\u00e1rja a sziget rejt\u00e9lyes m\u00faltj\u00e1nak egy-egy darabj\u00e1t. <\/p>\n<p><strong>A t\u0171z \u00e9s a f\u00e9ny ereje<\/strong><br \/>\nF\u00e1kly\u00e1val felszerelkezve a t\u0171z, a f\u00e9ny \u00e9s a l\u00e9zer erej\u00e9t kell haszn\u00e1lnod a templomokban val\u00f3 navig\u00e1l\u00e1shoz \u00e9s a rejtv\u00e9nyek megold\u00e1s\u00e1hoz. Ahogy haladsz el\u0151re, a kih\u00edv\u00e1sok egyre \u00f6sszetettebb\u00e9 v\u00e1lnak, \u00e9s \u00e9les megfigyel\u00e9st ig\u00e9nyelnek. <\/p>\n<p><strong>K\u00e9t m\u00f3d, k\u00e9tf\u00e9lek\u00e9ppen fedezheted fel az igazs\u00e1got<\/strong><br \/>\nAz egyes templomok felfedez\u00e9se sor\u00e1n k\u00e9t k\u00fcl\u00f6nb\u00f6z\u0151 m\u00f3ddal tal\u00e1lkozhatsz: &#8222;Val\u00f3s vil\u00e1g&#8221; \u00e9s &#8222;Az \u0151r\u00fclet dimenzi\u00f3i&#8221;. A val\u00f3s\u00e1g n\u00e9ha csal\u00f3ka lehet: mindk\u00e9t m\u00f3d felfedez\u00e9se kulcsfontoss\u00e1g\u00fa lesz az igazs\u00e1g keres\u00e9s\u00e9ben. <\/p>\n<p><strong>Folyamatosan \u00faj felfedez\u00e9sek \u00e9s rejtv\u00e9nymechanik\u00e1k elsaj\u00e1t\u00edt\u00e1sa<\/strong><br \/>\nMinden templom egyedi rejtv\u00e9nyeket \u00e9s vesz\u00e9lyes csapd\u00e1kat k\u00edn\u00e1l. Ahogy haladsz el\u0151re a Szent Brend\u00e1n-szigeten, egyre t\u00f6bb kih\u00edv\u00e1ssal tal\u00e1lkozol, amelyekben \u00faj megold\u00e1si m\u00f3dok v\u00e1rnak a rejtv\u00e9nyek megold\u00e1s\u00e1ra. <\/p>\n","protected":false},"excerpt":{"rendered":"<p>Fedezd fel a f\u00f6ldi paradicsom, a Szent Brend\u00e1n-sziget legs\u00f6t\u00e9tebb titkait ebben a 3D-s puzzle-kalandj\u00e1t\u00e9kban. Csak egy f\u00e1kly\u00e1val felszerelkezve j\u00e1rd be az \u0151si istenek templomait, \u00e9s oldd meg a rejtv\u00e9nyeket. <\/p>\n<p>\ud83c\udf0d Glob\u00e1lis<br \/>\n\u2699\ufe0f Steam<br \/>\n\ud83d\udddd Digit\u00e1lis kulcs<\/p>\n","protected":false},"featured_media":32503,"template":"","meta":{"_acf_changed":false,"site-sidebar-layout":"default","site-content-layout":"","ast-site-content-layout":"default","site-content-style":"default","site-sidebar-style":"default","ast-global-header-display":"","ast-banner-title-visibility":"","ast-main-header-display":"","ast-hfb-above-header-display":"","ast-hfb-below-header-display":"","ast-hfb-mobile-header-display":"","site-post-title":"","ast-breadcrumbs-content":"","ast-featured-img":"","footer-sml-layout":"","ast-disable-related-posts":"","theme-transparent-header-meta":"default","adv-header-id-meta":"","stick-header-meta":"","header-above-stick-meta":"","header-main-stick-meta":"","header-below-stick-meta":"","astra-migrate-meta-layouts":"default","ast-page-background-enabled":"default","ast-page-background-meta":{"desktop":{"background-color":"var(--ast-global-color-4)","background-image":"","background-repeat":"repeat","background-position":"center center","background-size":"auto","background-attachment":"scroll","background-type":"","background-media":"","overlay-type":"","overlay-color":"","overlay-opacity":"","overlay-gradient":""},"tablet":{"background-color":"","background-image":"","background-repeat":"repeat","background-position":"center center","background-size":"auto","background-attachment":"scroll","background-type":"","background-media":"","overlay-type":"","overlay-color":"","overlay-opacity":"","overlay-gradient":""},"mobile":{"background-color":"","background-image":"","background-repeat":"repeat","background-position":"center center","background-size":"auto","background-attachment":"scroll","background-type":"","background-media":"","overlay-type":"","overlay-color":"","overlay-opacity":"","overlay-gradient":""}},"ast-content-background-meta":{"desktop":{"background-color":"var(--ast-global-color-5)","background-image":"","background-repeat":"repeat","background-position":"center center","background-size":"auto","background-attachment":"scroll","background-type":"","background-media":"","overlay-type":"","overlay-color":"","overlay-opacity":"","overlay-gradient":""},"tablet":{"background-color":"var(--ast-global-color-5)","background-image":"","background-repeat":"repeat","background-position":"center center","background-size":"auto","background-attachment":"scroll","background-type":"","background-media":"","overlay-type":"","overlay-color":"","overlay-opacity":"","overlay-gradient":""},"mobile":{"background-color":"var(--ast-global-color-5)","background-image":"","background-repeat":"repeat","background-position":"center center","background-size":"auto","background-attachment":"scroll","background-type":"","background-media":"","overlay-type":"","overlay-color":"","overlay-opacity":"","overlay-gradient":""}}},"product_brand":[],"product_cat":[365,363,384],"product_tag":[],"class_list":{"0":"post-34107","1":"product","2":"type-product","3":"status-publish","4":"has-post-thumbnail","6":"product_cat-goz","7":"product_cat-kaland-jatekok","8":"product_cat-kedves-falusiak","9":"desktop-align-left","10":"tablet-align-left","11":"mobile-align-left","13":"first","14":"instock","15":"virtual","16":"purchasable","17":"product-type-simple"},"acf":[],"yoast_head":"<!-- This site is optimized with the Yoast SEO Premium plugin v27.4 (Yoast SEO v27.4) - https:\/\/yoast.com\/product\/yoast-seo-premium-wordpress\/ -->\n<title>Guayota - Prismagamers.com<\/title>\n<meta name=\"description\" content=\"Fedezd fel a f\u00f6ldi paradicsom, a Szent Brend\u00e1n-sziget legs\u00f6t\u00e9tebb titkait ebben a 3D-s puzzle-kalandj\u00e1t\u00e9kban. Csak egy f\u00e1kly\u00e1val felszerelkezve j\u00e1rd be az \u0151si istenek templomait, \u00e9s oldd meg a rejtv\u00e9nyeket.  \ud83c\udf0d Glob\u00e1lis \u2699\ufe0f Steam \ud83d\udddd Digit\u00e1lis kulcs\" \/>\n<meta name=\"robots\" content=\"index, follow, max-snippet:-1, max-image-preview:large, max-video-preview:-1\" \/>\n<link rel=\"canonical\" href=\"https:\/\/prismagamers.com\/hu\/produkt\/guayota-2\/\" \/>\n<meta property=\"og:locale\" content=\"hu_HU\" \/>\n<meta property=\"og:type\" content=\"article\" \/>\n<meta property=\"og:title\" content=\"Guayota\" \/>\n<meta property=\"og:description\" content=\"Fedezd fel a f\u00f6ldi paradicsom, a Szent Brend\u00e1n-sziget legs\u00f6t\u00e9tebb titkait ebben a 3D-s puzzle-kalandj\u00e1t\u00e9kban. Csak egy f\u00e1kly\u00e1val felszerelkezve j\u00e1rd be az \u0151si istenek templomait, \u00e9s oldd meg a rejtv\u00e9nyeket.  \ud83c\udf0d Glob\u00e1lis \u2699\ufe0f Steam \ud83d\udddd Digit\u00e1lis kulcs\" \/>\n<meta property=\"og:url\" content=\"https:\/\/prismagamers.com\/hu\/produkt\/guayota-2\/\" \/>\n<meta property=\"og:site_name\" content=\"Prismagamers.com\" \/>\n<meta property=\"article:publisher\" content=\"https:\/\/www.facebook.com\/prismagamers\" \/>\n<meta property=\"article:modified_time\" content=\"2026-01-01T23:36:06+00:00\" \/>\n<meta property=\"og:image\" content=\"https:\/\/prismagamers.com\/wp-content\/uploads\/2024\/08\/Guayota_box-e1723745557843.jpg\" \/>\n\t<meta property=\"og:image:width\" content=\"300\" \/>\n\t<meta property=\"og:image:height\" content=\"450\" \/>\n\t<meta property=\"og:image:type\" content=\"image\/jpeg\" \/>\n<meta name=\"twitter:card\" content=\"summary_large_image\" \/>\n<meta name=\"twitter:label1\" content=\"Becs\u00fclt olvas\u00e1si id\u0151\" \/>\n\t<meta name=\"twitter:data1\" content=\"2 perc\" \/>\n<script type=\"application\/ld+json\" class=\"yoast-schema-graph\">{\"@context\":\"https:\\\/\\\/schema.org\",\"@graph\":[{\"@type\":\"WebPage\",\"@id\":\"https:\\\/\\\/prismagamers.com\\\/hu\\\/produkt\\\/guayota-2\\\/\",\"url\":\"https:\\\/\\\/prismagamers.com\\\/hu\\\/produkt\\\/guayota-2\\\/\",\"name\":\"Guayota - Prismagamers.com\",\"isPartOf\":{\"@id\":\"https:\\\/\\\/prismagamers.com\\\/hu\\\/#website\"},\"primaryImageOfPage\":{\"@id\":\"https:\\\/\\\/prismagamers.com\\\/hu\\\/produkt\\\/guayota-2\\\/#primaryimage\"},\"image\":{\"@id\":\"https:\\\/\\\/prismagamers.com\\\/hu\\\/produkt\\\/guayota-2\\\/#primaryimage\"},\"thumbnailUrl\":\"https:\\\/\\\/prismagamers.com\\\/wp-content\\\/uploads\\\/2024\\\/08\\\/Guayota_box-e1723745557843.jpg\",\"datePublished\":\"2024-08-15T18:13:38+00:00\",\"dateModified\":\"2026-01-01T23:36:06+00:00\",\"description\":\"Fedezd fel a f\u00f6ldi paradicsom, a Szent Brend\u00e1n-sziget legs\u00f6t\u00e9tebb titkait ebben a 3D-s puzzle-kalandj\u00e1t\u00e9kban. Csak egy f\u00e1kly\u00e1val felszerelkezve j\u00e1rd be az \u0151si istenek templomait, \u00e9s oldd meg a rejtv\u00e9nyeket. \ud83c\udf0d Glob\u00e1lis \u2699\ufe0f Steam \ud83d\udddd Digit\u00e1lis kulcs\",\"breadcrumb\":{\"@id\":\"https:\\\/\\\/prismagamers.com\\\/hu\\\/produkt\\\/guayota-2\\\/#breadcrumb\"},\"inLanguage\":\"hu\",\"potentialAction\":[{\"@type\":\"ReadAction\",\"target\":[\"https:\\\/\\\/prismagamers.com\\\/hu\\\/produkt\\\/guayota-2\\\/\"]}]},{\"@type\":\"ImageObject\",\"inLanguage\":\"hu\",\"@id\":\"https:\\\/\\\/prismagamers.com\\\/hu\\\/produkt\\\/guayota-2\\\/#primaryimage\",\"url\":\"https:\\\/\\\/prismagamers.com\\\/wp-content\\\/uploads\\\/2024\\\/08\\\/Guayota_box-e1723745557843.jpg\",\"contentUrl\":\"https:\\\/\\\/prismagamers.com\\\/wp-content\\\/uploads\\\/2024\\\/08\\\/Guayota_box-e1723745557843.jpg\",\"width\":300,\"height\":450},{\"@type\":\"BreadcrumbList\",\"@id\":\"https:\\\/\\\/prismagamers.com\\\/hu\\\/produkt\\\/guayota-2\\\/#breadcrumb\",\"itemListElement\":[{\"@type\":\"ListItem\",\"position\":1,\"name\":\"Strona g\u0142\u00f3wna\",\"item\":\"https:\\\/\\\/prismagamers.com\\\/hu\\\/prismagamers\\\/\"},{\"@type\":\"ListItem\",\"position\":2,\"name\":\"Shop\",\"item\":\"https:\\\/\\\/prismagamers.com\\\/hu\\\/shop\\\/\"},{\"@type\":\"ListItem\",\"position\":3,\"name\":\"Guayota\"}]},{\"@type\":\"WebSite\",\"@id\":\"https:\\\/\\\/prismagamers.com\\\/hu\\\/#website\",\"url\":\"https:\\\/\\\/prismagamers.com\\\/hu\\\/\",\"name\":\"Prismagamers\",\"description\":\"Sklep z grami PC I Sklep klucze Steam\",\"publisher\":{\"@id\":\"https:\\\/\\\/prismagamers.com\\\/hu\\\/#organization\"},\"potentialAction\":[{\"@type\":\"SearchAction\",\"target\":{\"@type\":\"EntryPoint\",\"urlTemplate\":\"https:\\\/\\\/prismagamers.com\\\/hu\\\/?s={search_term_string}\"},\"query-input\":{\"@type\":\"PropertyValueSpecification\",\"valueRequired\":true,\"valueName\":\"search_term_string\"}}],\"inLanguage\":\"hu\"},{\"@type\":\"Organization\",\"@id\":\"https:\\\/\\\/prismagamers.com\\\/hu\\\/#organization\",\"name\":\"Prismagamers\",\"url\":\"https:\\\/\\\/prismagamers.com\\\/hu\\\/\",\"logo\":{\"@type\":\"ImageObject\",\"inLanguage\":\"hu\",\"@id\":\"https:\\\/\\\/prismagamers.com\\\/hu\\\/#\\\/schema\\\/logo\\\/image\\\/\",\"url\":\"https:\\\/\\\/prismagamers.com\\\/wp-content\\\/uploads\\\/2022\\\/04\\\/cropped-logo-Prismagamers-01-scaled-1.jpg\",\"contentUrl\":\"https:\\\/\\\/prismagamers.com\\\/wp-content\\\/uploads\\\/2022\\\/04\\\/cropped-logo-Prismagamers-01-scaled-1.jpg\",\"width\":512,\"height\":512,\"caption\":\"Prismagamers\"},\"image\":{\"@id\":\"https:\\\/\\\/prismagamers.com\\\/hu\\\/#\\\/schema\\\/logo\\\/image\\\/\"},\"sameAs\":[\"https:\\\/\\\/www.facebook.com\\\/prismagamers\",\"https:\\\/\\\/www.instagram.com\\\/prismagamers_grycyfrowe\\\/\"],\"description\":\"Prismagamers.com to dynamiczny sklep z grami cyfrowymi, stworzony z my\u015bl\u0105 o entuzjastach gier wideo. Nasza strona oferuje szerok\u0105 gam\u0119 gier komputerowych, w tym najnowsze tytu\u0142y, dobrze znane klasyki oraz gry stworzone przez niezale\u017cne studia Ca\u0142y czas d\u0105\u017cymy do rozszerzenia naszej oferty. Do\u0142\u0105cz do nas i sta\u0144 si\u0119 cz\u0119\u015bci\u0105 naszej rosn\u0105cej spo\u0142eczno\u015bci graczy!\",\"email\":\"shop@prismagamers.com\",\"telephone\":\"48795541705\",\"legalName\":\"East Caravan Maksym \u017bukow\",\"foundingDate\":\"2012-05-10\",\"vatID\":\"PL8943038612\",\"taxID\":\"PL8943038612\",\"numberOfEmployees\":{\"@type\":\"QuantitativeValue\",\"minValue\":\"11\",\"maxValue\":\"50\"}}]}<\/script>\n<!-- \/ Yoast SEO Premium plugin. -->","yoast_head_json":{"title":"Guayota - Prismagamers.com","description":"Fedezd fel a f\u00f6ldi paradicsom, a Szent Brend\u00e1n-sziget legs\u00f6t\u00e9tebb titkait ebben a 3D-s puzzle-kalandj\u00e1t\u00e9kban. Csak egy f\u00e1kly\u00e1val felszerelkezve j\u00e1rd be az \u0151si istenek templomait, \u00e9s oldd meg a rejtv\u00e9nyeket.  \ud83c\udf0d Glob\u00e1lis \u2699\ufe0f Steam \ud83d\udddd Digit\u00e1lis kulcs","robots":{"index":"index","follow":"follow","max-snippet":"max-snippet:-1","max-image-preview":"max-image-preview:large","max-video-preview":"max-video-preview:-1"},"canonical":"https:\/\/prismagamers.com\/hu\/produkt\/guayota-2\/","og_locale":"hu_HU","og_type":"article","og_title":"Guayota","og_description":"Fedezd fel a f\u00f6ldi paradicsom, a Szent Brend\u00e1n-sziget legs\u00f6t\u00e9tebb titkait ebben a 3D-s puzzle-kalandj\u00e1t\u00e9kban. Csak egy f\u00e1kly\u00e1val felszerelkezve j\u00e1rd be az \u0151si istenek templomait, \u00e9s oldd meg a rejtv\u00e9nyeket.  \ud83c\udf0d Glob\u00e1lis \u2699\ufe0f Steam \ud83d\udddd Digit\u00e1lis kulcs","og_url":"https:\/\/prismagamers.com\/hu\/produkt\/guayota-2\/","og_site_name":"Prismagamers.com","article_publisher":"https:\/\/www.facebook.com\/prismagamers","article_modified_time":"2026-01-01T23:36:06+00:00","og_image":[{"width":300,"height":450,"url":"https:\/\/prismagamers.com\/wp-content\/uploads\/2024\/08\/Guayota_box-e1723745557843.jpg","type":"image\/jpeg"}],"twitter_card":"summary_large_image","twitter_misc":{"Becs\u00fclt olvas\u00e1si id\u0151":"2 perc"},"schema":{"@context":"https:\/\/schema.org","@graph":[{"@type":"WebPage","@id":"https:\/\/prismagamers.com\/hu\/produkt\/guayota-2\/","url":"https:\/\/prismagamers.com\/hu\/produkt\/guayota-2\/","name":"Guayota - Prismagamers.com","isPartOf":{"@id":"https:\/\/prismagamers.com\/hu\/#website"},"primaryImageOfPage":{"@id":"https:\/\/prismagamers.com\/hu\/produkt\/guayota-2\/#primaryimage"},"image":{"@id":"https:\/\/prismagamers.com\/hu\/produkt\/guayota-2\/#primaryimage"},"thumbnailUrl":"https:\/\/prismagamers.com\/wp-content\/uploads\/2024\/08\/Guayota_box-e1723745557843.jpg","datePublished":"2024-08-15T18:13:38+00:00","dateModified":"2026-01-01T23:36:06+00:00","description":"Fedezd fel a f\u00f6ldi paradicsom, a Szent Brend\u00e1n-sziget legs\u00f6t\u00e9tebb titkait ebben a 3D-s puzzle-kalandj\u00e1t\u00e9kban. Csak egy f\u00e1kly\u00e1val felszerelkezve j\u00e1rd be az \u0151si istenek templomait, \u00e9s oldd meg a rejtv\u00e9nyeket. \ud83c\udf0d Glob\u00e1lis \u2699\ufe0f Steam \ud83d\udddd Digit\u00e1lis kulcs","breadcrumb":{"@id":"https:\/\/prismagamers.com\/hu\/produkt\/guayota-2\/#breadcrumb"},"inLanguage":"hu","potentialAction":[{"@type":"ReadAction","target":["https:\/\/prismagamers.com\/hu\/produkt\/guayota-2\/"]}]},{"@type":"ImageObject","inLanguage":"hu","@id":"https:\/\/prismagamers.com\/hu\/produkt\/guayota-2\/#primaryimage","url":"https:\/\/prismagamers.com\/wp-content\/uploads\/2024\/08\/Guayota_box-e1723745557843.jpg","contentUrl":"https:\/\/prismagamers.com\/wp-content\/uploads\/2024\/08\/Guayota_box-e1723745557843.jpg","width":300,"height":450},{"@type":"BreadcrumbList","@id":"https:\/\/prismagamers.com\/hu\/produkt\/guayota-2\/#breadcrumb","itemListElement":[{"@type":"ListItem","position":1,"name":"Strona g\u0142\u00f3wna","item":"https:\/\/prismagamers.com\/hu\/prismagamers\/"},{"@type":"ListItem","position":2,"name":"Shop","item":"https:\/\/prismagamers.com\/hu\/shop\/"},{"@type":"ListItem","position":3,"name":"Guayota"}]},{"@type":"WebSite","@id":"https:\/\/prismagamers.com\/hu\/#website","url":"https:\/\/prismagamers.com\/hu\/","name":"Prismagamers","description":"Sklep z grami PC I Sklep klucze Steam","publisher":{"@id":"https:\/\/prismagamers.com\/hu\/#organization"},"potentialAction":[{"@type":"SearchAction","target":{"@type":"EntryPoint","urlTemplate":"https:\/\/prismagamers.com\/hu\/?s={search_term_string}"},"query-input":{"@type":"PropertyValueSpecification","valueRequired":true,"valueName":"search_term_string"}}],"inLanguage":"hu"},{"@type":"Organization","@id":"https:\/\/prismagamers.com\/hu\/#organization","name":"Prismagamers","url":"https:\/\/prismagamers.com\/hu\/","logo":{"@type":"ImageObject","inLanguage":"hu","@id":"https:\/\/prismagamers.com\/hu\/#\/schema\/logo\/image\/","url":"https:\/\/prismagamers.com\/wp-content\/uploads\/2022\/04\/cropped-logo-Prismagamers-01-scaled-1.jpg","contentUrl":"https:\/\/prismagamers.com\/wp-content\/uploads\/2022\/04\/cropped-logo-Prismagamers-01-scaled-1.jpg","width":512,"height":512,"caption":"Prismagamers"},"image":{"@id":"https:\/\/prismagamers.com\/hu\/#\/schema\/logo\/image\/"},"sameAs":["https:\/\/www.facebook.com\/prismagamers","https:\/\/www.instagram.com\/prismagamers_grycyfrowe\/"],"description":"Prismagamers.com to dynamiczny sklep z grami cyfrowymi, stworzony z my\u015bl\u0105 o entuzjastach gier wideo. Nasza strona oferuje szerok\u0105 gam\u0119 gier komputerowych, w tym najnowsze tytu\u0142y, dobrze znane klasyki oraz gry stworzone przez niezale\u017cne studia Ca\u0142y czas d\u0105\u017cymy do rozszerzenia naszej oferty. Do\u0142\u0105cz do nas i sta\u0144 si\u0119 cz\u0119\u015bci\u0105 naszej rosn\u0105cej spo\u0142eczno\u015bci graczy!","email":"shop@prismagamers.com","telephone":"48795541705","legalName":"East Caravan Maksym \u017bukow","foundingDate":"2012-05-10","vatID":"PL8943038612","taxID":"PL8943038612","numberOfEmployees":{"@type":"QuantitativeValue","minValue":"11","maxValue":"50"}}]}},"_links":{"self":[{"href":"https:\/\/prismagamers.com\/hu\/wp-json\/wp\/v2\/product\/34107","targetHints":{"allow":["GET"]}}],"collection":[{"href":"https:\/\/prismagamers.com\/hu\/wp-json\/wp\/v2\/product"}],"about":[{"href":"https:\/\/prismagamers.com\/hu\/wp-json\/wp\/v2\/types\/product"}],"wp:featuredmedia":[{"embeddable":true,"href":"https:\/\/prismagamers.com\/hu\/wp-json\/wp\/v2\/media\/32503"}],"wp:attachment":[{"href":"https:\/\/prismagamers.com\/hu\/wp-json\/wp\/v2\/media?parent=34107"}],"wp:term":[{"taxonomy":"product_brand","embeddable":true,"href":"https:\/\/prismagamers.com\/hu\/wp-json\/wp\/v2\/product_brand?post=34107"},{"taxonomy":"product_cat","embeddable":true,"href":"https:\/\/prismagamers.com\/hu\/wp-json\/wp\/v2\/product_cat?post=34107"},{"taxonomy":"product_tag","embeddable":true,"href":"https:\/\/prismagamers.com\/hu\/wp-json\/wp\/v2\/product_tag?post=34107"}],"curies":[{"name":"wp","href":"https:\/\/api.w.org\/{rel}","templated":true}]}}