{"id":34108,"date":"2023-11-28T11:06:07","date_gmt":"2023-11-28T10:06:07","guid":{"rendered":"https:\/\/prismagamers.com\/produkt\/ashwalkers-2\/"},"modified":"2026-01-02T00:36:06","modified_gmt":"2026-01-01T23:36:06","slug":"ashwalkers-2","status":"publish","type":"product","link":"https:\/\/prismagamers.com\/hu\/produkt\/ashwalkers-2\/","title":{"rendered":"Ashwalkers"},"content":{"rendered":"<div class=\"w-full text-token-text-primary\" data-testid=\"conversation-turn-3\">\n<div class=\"px-4 py-2 justify-center text-base md:gap-6 md:py-6 m-auto\">\n<div class=\"flex flex-1 text-base mx-auto gap-3 md:px-5 lg:px-1 xl:px-5 md:max-w-3xl lg:max-w-[40rem] xl:max-w-[48rem] } group final-completion\">\n<div class=\"relative flex w-full flex-col lg:w-[calc(100%-115px)] agent-turn\">\n<div class=\"flex-col gap-1 md:gap-3\">\n<div class=\"flex flex-grow flex-col max-w-full\">\n<div class=\"min-h-[20px] text-message flex flex-col items-start gap-3 whitespace-pre-wrap break-words [.text-message+&amp;]:mt-5 overflow-x-auto\" data-message-author-role=\"assistant\" data-message-id=\"4f773a4b-2bde-4df3-ae36-e12a1ea3b1a4\">\n<div class=\"markdown prose w-full break-words dark:prose-invert light\">\n<p><img decoding=\"async\" class=\"aligncenter\" src=\"https:\/\/cdn.cloudflare.steamstatic.com\/steam\/apps\/1273690\/extras\/intro.gif?t=1666042043\"><\/p>\n<p>A kih\u00edv\u00e1sokkal teli, nem line\u00e1ris t\u00f6rt\u00e9netek kih\u00edv\u00e1st jelentenek a j\u00e1t\u00e9kosoknak, hogy \u00f6sszetett erk\u00f6lcsi dilemm\u00e1kkal szemben kulcsfontoss\u00e1g\u00fa d\u00f6nt\u00e9seket hozzanak.<\/p>\n<p>A j\u00e1t\u00e9k elemei:<\/p>\n<ul>\n<li>Minden egyes d\u00f6nt\u00e9s m\u00e9lyrehat\u00f3 hat\u00e1ssal van a kibontakoz\u00f3 nem line\u00e1ris t\u00f6rt\u00e9netre.<\/li>\n<li>T\u00f6bbf\u00e9le \u00fatvonal k\u00f6z\u00fcl v\u00e1laszthatsz, amelyek ak\u00e1r 34 k\u00fcl\u00f6nb\u00f6z\u0151 v\u00e9gkifejlethez is vezethetnek.<\/li>\n<li>A j\u00e1t\u00e9kos nem csak az er\u0151forr\u00e1sok, hanem csapata fizikai \u00e9s ment\u00e1lis eg\u00e9szs\u00e9g\u00e9nek gondoz\u00f3jak\u00e9nt is tev\u00e9kenykedik.<\/li>\n<li>A csoporttagok megismer\u00e9se \u00e9s a vel\u00fck val\u00f3 kapcsolat kialak\u00edt\u00e1sa kulcsfontoss\u00e1g\u00fa.<\/li>\n<li>Fedezz fel \u00faj rejt\u00e9lyeket, mik\u00f6zben egy vulkanikus apokalipszis \u00e1ltal elpuszt\u00edtott, ellens\u00e9ges vil\u00e1gban utazol.<\/li>\n<li>Gy\u0171jtsd \u00f6ssze az er\u0151forr\u00e1sokat \u00e9s k\u00e9pess\u00e9geket, hozz l\u00e9tre mindent, ami hasznos lehet.<\/li>\n<\/ul>\n<div class=\"flex-1 overflow-hidden\">\n<div class=\"react-scroll-to-bottom--css-fzheu-79elbk h-full\">\n<div class=\"react-scroll-to-bottom--css-fzheu-1n7m0yu\">\n<div class=\"flex flex-col pb-9 text-sm\">\n<div class=\"w-full text-token-text-primary\" data-testid=\"conversation-turn-5\">\n<div class=\"px-4 py-2 justify-center text-base md:gap-6 md:py-6 m-auto\">\n<div class=\"flex flex-1 text-base mx-auto gap-3 md:px-5 lg:px-1 xl:px-5 md:max-w-3xl lg:max-w-[40rem] xl:max-w-[48rem] } group final-completion\">\n<div class=\"relative flex w-full flex-col lg:w-[calc(100%-115px)] agent-turn\">\n<div class=\"flex-col gap-1 md:gap-3\">\n<div class=\"flex flex-grow flex-col max-w-full\">\n<div class=\"min-h-[20px] text-message flex flex-col items-start gap-3 whitespace-pre-wrap break-words [.text-message+&amp;]:mt-5 overflow-x-auto\" data-message-author-role=\"assistant\" data-message-id=\"5a64e04e-6ce7-450a-b6ff-9fc80c3f2b80\">\n<div class=\"markdown prose w-full break-words dark:prose-invert light\">\n<p><strong>A csapat fizikai \u00e9s ment\u00e1lis eg\u00e9szs\u00e9g\u00e9nek igazgat\u00e1sa<\/strong> a j\u00e1t\u00e9k egyik legfontosabb szempontja. A j\u00e1t\u00e9kosoknak b\u00f6lcsen kell gazd\u00e1lkodniuk az \u00e9lelemmel, a felszerel\u00e9ssel \u00e9s a gy\u00f3gyszerekkel, mik\u00f6zben meg kell v\u00e9deni\u00fck csapatukat az \u0151r\u00fclett\u0151l \u00e9s a rem\u00e9nyvesztetts\u00e9gt\u0151l. A neh\u00e9zs\u00e9gek ellen\u00e9re a j\u00e1t\u00e9kvil\u00e1gban vannak olyan er\u0151forr\u00e1sok, amelyek \u00e9letment\u0151ek lehetnek, \u00e9s seg\u00edtenek \u00e9letben tartani a csapatot. Ezen er\u0151forr\u00e1sok felkutat\u00e1sa sor\u00e1n a j\u00e1t\u00e9kosoknak strat\u00e9giai d\u00f6nt\u00e9seket kell hozniuk, egyens\u00falyt kell teremteni\u00fck a kock\u00e1zat \u00e9s a haszon k\u00f6z\u00f6tt, hogy biztos\u00edts\u00e1k csapatuk t\u00fal\u00e9l\u00e9s\u00e9t a vil\u00e1g\u0171r n\u00e9lk\u00fcli k\u00f6rnyezetben.   <\/p>\n<p><img decoding=\"async\" class=\"aligncenter\" src=\"https:\/\/cdn.cloudflare.steamstatic.com\/steam\/apps\/1273690\/extras\/bonfire_2.gif?t=1666042043\"><\/p>\n<\/div>\n<\/div>\n<\/div>\n<\/div>\n<\/div>\n<\/div>\n<\/div>\n<\/div>\n<\/div>\n<\/div>\n<\/div>\n<\/div>\n<\/div>\n<\/div>\n<\/div>\n<div class=\"mt-1 flex justify-start gap-3 empty:hidden\"> <strong> Mer\u00fclj el m\u00e9lyen a karakterek pszichol\u00f3gi\u00e1j\u00e1ban<\/strong>, mik\u00f6zben felfedezed a csoport tagjai k\u00f6z\u00f6tti interakci\u00f3k, kapcsolatok \u00e9s fesz\u00fclts\u00e9gek gazdags\u00e1g\u00e1t, mik\u00f6zben a vil\u00e1gv\u00e9ge fel\u00e9 tartanak. A csapat kapit\u00e1nya Petra, a fizikailag \u00e9s \u00e9rzelmileg egyar\u00e1nt er\u0151s vezet\u0151. Mellette \u00e1ll a j\u00f3zan gondolkod\u00e1s\u00fa harcos Sinh, akinek erej\u00e9t a bels\u0151 b\u00e9ke ellens\u00falyozza, a fiatal \u00e9s optimista tud\u00f3s Kali, akinek lelkesed\u00e9se a rem\u00e9ny szikr\u00e1ja a s\u00f6t\u00e9ts\u00e9gben, \u00e9s az \u00f3vatos felder\u00edt\u0151 Nadir, aki mestere az \u0151t k\u00f6r\u00fclvev\u0151 vil\u00e1g elemz\u00e9s\u00e9nek. Egy\u00fctt alkotnak egy olyan csapatot, amelyben a karakterek dinamik\u00e1ja \u00e9s soksz\u00edn\u0171s\u00e9ge elengedhetetlen r\u00e9sze a poszt-apokaliptikus t\u00e1jon val\u00f3 utaz\u00e1snak.   <\/div>\n<div><img decoding=\"async\" class=\"aligncenter\" src=\"https:\/\/cdn.cloudflare.steamstatic.com\/steam\/apps\/1273690\/extras\/persos.gif?t=1666042043\"><\/div>\n<div><\/div>\n<div>A j\u00e1t\u00e9k cselekm\u00e9nye ebben a mag\u00e1nyos j\u00f6v\u0151ben j\u00e1tsz\u00f3dik, 200 \u00e9vvel egy sor geol\u00f3giai katasztr\u00f3fa ut\u00e1n, amelyek a F\u00f6ldet egy poszt-apokaliptikus pusztas\u00e1gg\u00e1 v\u00e1ltoztatt\u00e1k. A f\u0151h\u0151s\u00f6knek, akik az \u00e1lland\u00f3 sz\u00e9ls\u0151s\u00e9gekkel szemben magukra maradnak, brut\u00e1lis l\u00e9gk\u00f6ri jelens\u00e9geket kell t\u00fal\u00e9lni\u00fck. A porviharok, sz\u00fcrke h\u00f3viharok \u00e9s savas es\u0151k mindennaposs\u00e1 v\u00e1lnak, ami a csapat t\u00fal\u00e9l\u00e9si k\u00e9pess\u00e9g\u00e9re helyezi a hangs\u00falyt. Ebben a mag\u00e1nyban minden d\u00f6nt\u00e9s sz\u00e1m\u00edt, mik\u00f6zben a h\u0151s\u00f6k megpr\u00f3b\u00e1lj\u00e1k fenntartani a rem\u00e9ny szikr\u00e1j\u00e1t ebben a kegyetlen vil\u00e1gban, amely egykor az otthonuk volt.   <\/div>\n<div><img decoding=\"async\" class=\"aligncenter\" src=\"https:\/\/cdn.cloudflare.steamstatic.com\/steam\/apps\/1273690\/extras\/diff_weather_8mb.gif?t=1666042043\"><\/div>\n<\/div>\n<div><\/div>\n<\/div>\n<\/div>\n<\/div>\n<\/div>\n","protected":false},"excerpt":{"rendered":"<p>Tapasztald meg az utaz\u00e1st egy vesz\u00e9lyes vil\u00e1gban, ahol a gonoszs\u00e1g \u00e9s a t\u00f6rv\u00e9nytelens\u00e9g uralkodik. D\u00f6ntsd el az erk\u00f6lcsi dilemm\u00e1kat lelkiismereted szerint, mik\u00f6zben ir\u00e1ny\u00edtod csapatod sors\u00e1t. Gazd\u00e1lkodj felel\u0151sen az er\u0151forr\u00e1sokkal, az \u00e9lelemt\u0151l a felszerel\u00e9sig, k\u00f6vetve a 34 k\u00fcl\u00f6nb\u00f6z\u0151 befejez\u00e9s egyik\u00e9hez vezet\u0151 utat ebben a nem line\u00e1ris t\u00fal\u00e9l\u00e9st\u00f6rt\u00e9netben. Minden d\u00f6nt\u00e9s a t\u00fal\u00e9l\u00e9s kulcsa ebben a poszt-apokaliptikus vil\u00e1g zord k\u00f6r\u00fclm\u00e9nyei k\u00f6z\u00f6tt.   <\/p>\n<p><img decoding=\"async\" class=\"emoji\" role=\"img\" src=\"https:\/\/s.w.org\/images\/core\/emoji\/14.0.0\/svg\/1f30d.svg\" alt=\"\ud83c\udf0d\">  Glob\u00e1lis<br \/>\n<img decoding=\"async\" class=\"emoji\" role=\"img\" src=\"https:\/\/s.w.org\/images\/core\/emoji\/14.0.0\/svg\/2699.svg\" alt=\"\u2699\ufe0f\">  G\u0151z<br \/>\n<img decoding=\"async\" class=\"emoji\" role=\"img\" src=\"https:\/\/s.w.org\/images\/core\/emoji\/14.0.0\/svg\/1f5dd.svg\" alt=\"\ud83d\udddd\">  Digit\u00e1lis kulcs<\/p>\n","protected":false},"featured_media":29701,"template":"","meta":{"_acf_changed":false,"site-sidebar-layout":"default","site-content-layout":"","ast-site-content-layout":"default","site-content-style":"default","site-sidebar-style":"default","ast-global-header-display":"","ast-banner-title-visibility":"","ast-main-header-display":"","ast-hfb-above-header-display":"","ast-hfb-below-header-display":"","ast-hfb-mobile-header-display":"","site-post-title":"","ast-breadcrumbs-content":"","ast-featured-img":"","footer-sml-layout":"","ast-disable-related-posts":"","theme-transparent-header-meta":"default","adv-header-id-meta":"","stick-header-meta":"","header-above-stick-meta":"","header-main-stick-meta":"","header-below-stick-meta":"","astra-migrate-meta-layouts":"default","ast-page-background-enabled":"default","ast-page-background-meta":{"desktop":{"background-color":"var(--ast-global-color-4)","background-image":"","background-repeat":"repeat","background-position":"center center","background-size":"auto","background-attachment":"scroll","background-type":"","background-media":"","overlay-type":"","overlay-color":"","overlay-opacity":"","overlay-gradient":""},"tablet":{"background-color":"","background-image":"","background-repeat":"repeat","background-position":"center center","background-size":"auto","background-attachment":"scroll","background-type":"","background-media":"","overlay-type":"","overlay-color":"","overlay-opacity":"","overlay-gradient":""},"mobile":{"background-color":"","background-image":"","background-repeat":"repeat","background-position":"center center","background-size":"auto","background-attachment":"scroll","background-type":"","background-media":"","overlay-type":"","overlay-color":"","overlay-opacity":"","overlay-gradient":""}},"ast-content-background-meta":{"desktop":{"background-color":"var(--ast-global-color-5)","background-image":"","background-repeat":"repeat","background-position":"center center","background-size":"auto","background-attachment":"scroll","background-type":"","background-media":"","overlay-type":"","overlay-color":"","overlay-opacity":"","overlay-gradient":""},"tablet":{"background-color":"var(--ast-global-color-5)","background-image":"","background-repeat":"repeat","background-position":"center center","background-size":"auto","background-attachment":"scroll","background-type":"","background-media":"","overlay-type":"","overlay-color":"","overlay-opacity":"","overlay-gradient":""},"mobile":{"background-color":"var(--ast-global-color-5)","background-image":"","background-repeat":"repeat","background-position":"center center","background-size":"auto","background-attachment":"scroll","background-type":"","background-media":"","overlay-type":"","overlay-color":"","overlay-opacity":"","overlay-gradient":""}}},"product_brand":[],"product_cat":[394,365,385,363,384,378],"product_tag":[542],"class_list":{"0":"post-34108","1":"product","2":"type-product","3":"status-publish","4":"has-post-thumbnail","6":"product_cat-digitalis-jatekok","7":"product_cat-goz","8":"product_cat-horror-hu","9":"product_cat-kaland-jatekok","10":"product_cat-kedves-falusiak","11":"product_cat-minden-digitalis-jatek","12":"product_tag-pid_04-hu","13":"desktop-align-left","14":"tablet-align-left","15":"mobile-align-left","17":"first","18":"instock","19":"virtual","20":"purchasable","21":"product-type-simple"},"acf":[],"yoast_head":"<!-- This site is optimized with the Yoast SEO Premium plugin v27.4 (Yoast SEO v27.4) - https:\/\/yoast.com\/product\/yoast-seo-premium-wordpress\/ -->\n<title>Ashwalkers - Prismagamers.com<\/title>\n<meta name=\"description\" content=\"Tapasztald meg az utaz\u00e1st egy vesz\u00e9lyes vil\u00e1gban, ahol a gonoszs\u00e1g \u00e9s a t\u00f6rv\u00e9nytelens\u00e9g uralkodik. D\u00f6ntsd el az erk\u00f6lcsi dilemm\u00e1kat lelkiismereted szerint, mik\u00f6zben ir\u00e1ny\u00edtod csapatod sors\u00e1t. Gazd\u00e1lkodj felel\u0151sen az er\u0151forr\u00e1sokkal, az \u00e9lelemt\u0151l a felszerel\u00e9sig, k\u00f6vetve a 34 k\u00fcl\u00f6nb\u00f6z\u0151 befejez\u00e9s egyik\u00e9hez vezet\u0151 utat ebben a nem line\u00e1ris t\u00fal\u00e9l\u00e9st\u00f6rt\u00e9netben. Minden d\u00f6nt\u00e9s a t\u00fal\u00e9l\u00e9s kulcsa ebben a poszt-apokaliptikus vil\u00e1g zord k\u00f6r\u00fclm\u00e9nyei k\u00f6z\u00f6tt.    Glob\u00e1lis  G\u0151z  Digit\u00e1lis kulcs\" \/>\n<meta name=\"robots\" content=\"index, follow, max-snippet:-1, max-image-preview:large, max-video-preview:-1\" \/>\n<link rel=\"canonical\" href=\"https:\/\/prismagamers.com\/hu\/produkt\/ashwalkers-2\/\" \/>\n<meta property=\"og:locale\" content=\"hu_HU\" \/>\n<meta property=\"og:type\" content=\"article\" \/>\n<meta property=\"og:title\" content=\"Ashwalkers\" \/>\n<meta property=\"og:description\" content=\"Tapasztald meg az utaz\u00e1st egy vesz\u00e9lyes vil\u00e1gban, ahol a gonoszs\u00e1g \u00e9s a t\u00f6rv\u00e9nytelens\u00e9g uralkodik. D\u00f6ntsd el az erk\u00f6lcsi dilemm\u00e1kat lelkiismereted szerint, mik\u00f6zben ir\u00e1ny\u00edtod csapatod sors\u00e1t. Gazd\u00e1lkodj felel\u0151sen az er\u0151forr\u00e1sokkal, az \u00e9lelemt\u0151l a felszerel\u00e9sig, k\u00f6vetve a 34 k\u00fcl\u00f6nb\u00f6z\u0151 befejez\u00e9s egyik\u00e9hez vezet\u0151 utat ebben a nem line\u00e1ris t\u00fal\u00e9l\u00e9st\u00f6rt\u00e9netben. Minden d\u00f6nt\u00e9s a t\u00fal\u00e9l\u00e9s kulcsa ebben a poszt-apokaliptikus vil\u00e1g zord k\u00f6r\u00fclm\u00e9nyei k\u00f6z\u00f6tt.    Glob\u00e1lis  G\u0151z  Digit\u00e1lis kulcs\" \/>\n<meta property=\"og:url\" content=\"https:\/\/prismagamers.com\/hu\/produkt\/ashwalkers-2\/\" \/>\n<meta property=\"og:site_name\" content=\"Prismagamers.com\" \/>\n<meta property=\"article:publisher\" content=\"https:\/\/www.facebook.com\/prismagamers\" \/>\n<meta property=\"article:modified_time\" content=\"2026-01-01T23:36:06+00:00\" \/>\n<meta property=\"og:image\" content=\"https:\/\/prismagamers.com\/wp-content\/uploads\/2023\/11\/ashwalkerssteamlibrarycapsule.jpg\" \/>\n\t<meta property=\"og:image:width\" content=\"600\" \/>\n\t<meta property=\"og:image:height\" content=\"900\" \/>\n\t<meta property=\"og:image:type\" content=\"image\/jpeg\" \/>\n<meta name=\"twitter:card\" content=\"summary_large_image\" \/>\n<meta name=\"twitter:label1\" content=\"Becs\u00fclt olvas\u00e1si id\u0151\" \/>\n\t<meta name=\"twitter:data1\" content=\"3 perc\" \/>\n<script type=\"application\/ld+json\" class=\"yoast-schema-graph\">{\"@context\":\"https:\\\/\\\/schema.org\",\"@graph\":[{\"@type\":\"WebPage\",\"@id\":\"https:\\\/\\\/prismagamers.com\\\/hu\\\/produkt\\\/ashwalkers-2\\\/\",\"url\":\"https:\\\/\\\/prismagamers.com\\\/hu\\\/produkt\\\/ashwalkers-2\\\/\",\"name\":\"Ashwalkers - Prismagamers.com\",\"isPartOf\":{\"@id\":\"https:\\\/\\\/prismagamers.com\\\/hu\\\/#website\"},\"primaryImageOfPage\":{\"@id\":\"https:\\\/\\\/prismagamers.com\\\/hu\\\/produkt\\\/ashwalkers-2\\\/#primaryimage\"},\"image\":{\"@id\":\"https:\\\/\\\/prismagamers.com\\\/hu\\\/produkt\\\/ashwalkers-2\\\/#primaryimage\"},\"thumbnailUrl\":\"https:\\\/\\\/prismagamers.com\\\/wp-content\\\/uploads\\\/2023\\\/11\\\/ashwalkerssteamlibrarycapsule.jpg\",\"datePublished\":\"2023-11-28T10:06:07+00:00\",\"dateModified\":\"2026-01-01T23:36:06+00:00\",\"description\":\"Tapasztald meg az utaz\u00e1st egy vesz\u00e9lyes vil\u00e1gban, ahol a gonoszs\u00e1g \u00e9s a t\u00f6rv\u00e9nytelens\u00e9g uralkodik. D\u00f6ntsd el az erk\u00f6lcsi dilemm\u00e1kat lelkiismereted szerint, mik\u00f6zben ir\u00e1ny\u00edtod csapatod sors\u00e1t. Gazd\u00e1lkodj felel\u0151sen az er\u0151forr\u00e1sokkal, az \u00e9lelemt\u0151l a felszerel\u00e9sig, k\u00f6vetve a 34 k\u00fcl\u00f6nb\u00f6z\u0151 befejez\u00e9s egyik\u00e9hez vezet\u0151 utat ebben a nem line\u00e1ris t\u00fal\u00e9l\u00e9st\u00f6rt\u00e9netben. Minden d\u00f6nt\u00e9s a t\u00fal\u00e9l\u00e9s kulcsa ebben a poszt-apokaliptikus vil\u00e1g zord k\u00f6r\u00fclm\u00e9nyei k\u00f6z\u00f6tt. Glob\u00e1lis G\u0151z Digit\u00e1lis kulcs\",\"breadcrumb\":{\"@id\":\"https:\\\/\\\/prismagamers.com\\\/hu\\\/produkt\\\/ashwalkers-2\\\/#breadcrumb\"},\"inLanguage\":\"hu\",\"potentialAction\":[{\"@type\":\"ReadAction\",\"target\":[\"https:\\\/\\\/prismagamers.com\\\/hu\\\/produkt\\\/ashwalkers-2\\\/\"]}]},{\"@type\":\"ImageObject\",\"inLanguage\":\"hu\",\"@id\":\"https:\\\/\\\/prismagamers.com\\\/hu\\\/produkt\\\/ashwalkers-2\\\/#primaryimage\",\"url\":\"https:\\\/\\\/prismagamers.com\\\/wp-content\\\/uploads\\\/2023\\\/11\\\/ashwalkerssteamlibrarycapsule.jpg\",\"contentUrl\":\"https:\\\/\\\/prismagamers.com\\\/wp-content\\\/uploads\\\/2023\\\/11\\\/ashwalkerssteamlibrarycapsule.jpg\",\"width\":600,\"height\":900},{\"@type\":\"BreadcrumbList\",\"@id\":\"https:\\\/\\\/prismagamers.com\\\/hu\\\/produkt\\\/ashwalkers-2\\\/#breadcrumb\",\"itemListElement\":[{\"@type\":\"ListItem\",\"position\":1,\"name\":\"Strona g\u0142\u00f3wna\",\"item\":\"https:\\\/\\\/prismagamers.com\\\/hu\\\/prismagamers\\\/\"},{\"@type\":\"ListItem\",\"position\":2,\"name\":\"Shop\",\"item\":\"https:\\\/\\\/prismagamers.com\\\/hu\\\/shop\\\/\"},{\"@type\":\"ListItem\",\"position\":3,\"name\":\"Ashwalkers\"}]},{\"@type\":\"WebSite\",\"@id\":\"https:\\\/\\\/prismagamers.com\\\/hu\\\/#website\",\"url\":\"https:\\\/\\\/prismagamers.com\\\/hu\\\/\",\"name\":\"Prismagamers\",\"description\":\"Sklep z grami PC I Sklep klucze Steam\",\"publisher\":{\"@id\":\"https:\\\/\\\/prismagamers.com\\\/hu\\\/#organization\"},\"potentialAction\":[{\"@type\":\"SearchAction\",\"target\":{\"@type\":\"EntryPoint\",\"urlTemplate\":\"https:\\\/\\\/prismagamers.com\\\/hu\\\/?s={search_term_string}\"},\"query-input\":{\"@type\":\"PropertyValueSpecification\",\"valueRequired\":true,\"valueName\":\"search_term_string\"}}],\"inLanguage\":\"hu\"},{\"@type\":\"Organization\",\"@id\":\"https:\\\/\\\/prismagamers.com\\\/hu\\\/#organization\",\"name\":\"Prismagamers\",\"url\":\"https:\\\/\\\/prismagamers.com\\\/hu\\\/\",\"logo\":{\"@type\":\"ImageObject\",\"inLanguage\":\"hu\",\"@id\":\"https:\\\/\\\/prismagamers.com\\\/hu\\\/#\\\/schema\\\/logo\\\/image\\\/\",\"url\":\"https:\\\/\\\/prismagamers.com\\\/wp-content\\\/uploads\\\/2022\\\/04\\\/cropped-logo-Prismagamers-01-scaled-1.jpg\",\"contentUrl\":\"https:\\\/\\\/prismagamers.com\\\/wp-content\\\/uploads\\\/2022\\\/04\\\/cropped-logo-Prismagamers-01-scaled-1.jpg\",\"width\":512,\"height\":512,\"caption\":\"Prismagamers\"},\"image\":{\"@id\":\"https:\\\/\\\/prismagamers.com\\\/hu\\\/#\\\/schema\\\/logo\\\/image\\\/\"},\"sameAs\":[\"https:\\\/\\\/www.facebook.com\\\/prismagamers\",\"https:\\\/\\\/www.instagram.com\\\/prismagamers_grycyfrowe\\\/\"],\"description\":\"Prismagamers.com to dynamiczny sklep z grami cyfrowymi, stworzony z my\u015bl\u0105 o entuzjastach gier wideo. Nasza strona oferuje szerok\u0105 gam\u0119 gier komputerowych, w tym najnowsze tytu\u0142y, dobrze znane klasyki oraz gry stworzone przez niezale\u017cne studia Ca\u0142y czas d\u0105\u017cymy do rozszerzenia naszej oferty. Do\u0142\u0105cz do nas i sta\u0144 si\u0119 cz\u0119\u015bci\u0105 naszej rosn\u0105cej spo\u0142eczno\u015bci graczy!\",\"email\":\"shop@prismagamers.com\",\"telephone\":\"48795541705\",\"legalName\":\"East Caravan Maksym \u017bukow\",\"foundingDate\":\"2012-05-10\",\"vatID\":\"PL8943038612\",\"taxID\":\"PL8943038612\",\"numberOfEmployees\":{\"@type\":\"QuantitativeValue\",\"minValue\":\"11\",\"maxValue\":\"50\"}}]}<\/script>\n<!-- \/ Yoast SEO Premium plugin. -->","yoast_head_json":{"title":"Ashwalkers - Prismagamers.com","description":"Tapasztald meg az utaz\u00e1st egy vesz\u00e9lyes vil\u00e1gban, ahol a gonoszs\u00e1g \u00e9s a t\u00f6rv\u00e9nytelens\u00e9g uralkodik. D\u00f6ntsd el az erk\u00f6lcsi dilemm\u00e1kat lelkiismereted szerint, mik\u00f6zben ir\u00e1ny\u00edtod csapatod sors\u00e1t. Gazd\u00e1lkodj felel\u0151sen az er\u0151forr\u00e1sokkal, az \u00e9lelemt\u0151l a felszerel\u00e9sig, k\u00f6vetve a 34 k\u00fcl\u00f6nb\u00f6z\u0151 befejez\u00e9s egyik\u00e9hez vezet\u0151 utat ebben a nem line\u00e1ris t\u00fal\u00e9l\u00e9st\u00f6rt\u00e9netben. Minden d\u00f6nt\u00e9s a t\u00fal\u00e9l\u00e9s kulcsa ebben a poszt-apokaliptikus vil\u00e1g zord k\u00f6r\u00fclm\u00e9nyei k\u00f6z\u00f6tt.    Glob\u00e1lis  G\u0151z  Digit\u00e1lis kulcs","robots":{"index":"index","follow":"follow","max-snippet":"max-snippet:-1","max-image-preview":"max-image-preview:large","max-video-preview":"max-video-preview:-1"},"canonical":"https:\/\/prismagamers.com\/hu\/produkt\/ashwalkers-2\/","og_locale":"hu_HU","og_type":"article","og_title":"Ashwalkers","og_description":"Tapasztald meg az utaz\u00e1st egy vesz\u00e9lyes vil\u00e1gban, ahol a gonoszs\u00e1g \u00e9s a t\u00f6rv\u00e9nytelens\u00e9g uralkodik. D\u00f6ntsd el az erk\u00f6lcsi dilemm\u00e1kat lelkiismereted szerint, mik\u00f6zben ir\u00e1ny\u00edtod csapatod sors\u00e1t. Gazd\u00e1lkodj felel\u0151sen az er\u0151forr\u00e1sokkal, az \u00e9lelemt\u0151l a felszerel\u00e9sig, k\u00f6vetve a 34 k\u00fcl\u00f6nb\u00f6z\u0151 befejez\u00e9s egyik\u00e9hez vezet\u0151 utat ebben a nem line\u00e1ris t\u00fal\u00e9l\u00e9st\u00f6rt\u00e9netben. Minden d\u00f6nt\u00e9s a t\u00fal\u00e9l\u00e9s kulcsa ebben a poszt-apokaliptikus vil\u00e1g zord k\u00f6r\u00fclm\u00e9nyei k\u00f6z\u00f6tt.    Glob\u00e1lis  G\u0151z  Digit\u00e1lis kulcs","og_url":"https:\/\/prismagamers.com\/hu\/produkt\/ashwalkers-2\/","og_site_name":"Prismagamers.com","article_publisher":"https:\/\/www.facebook.com\/prismagamers","article_modified_time":"2026-01-01T23:36:06+00:00","og_image":[{"width":600,"height":900,"url":"https:\/\/prismagamers.com\/wp-content\/uploads\/2023\/11\/ashwalkerssteamlibrarycapsule.jpg","type":"image\/jpeg"}],"twitter_card":"summary_large_image","twitter_misc":{"Becs\u00fclt olvas\u00e1si id\u0151":"3 perc"},"schema":{"@context":"https:\/\/schema.org","@graph":[{"@type":"WebPage","@id":"https:\/\/prismagamers.com\/hu\/produkt\/ashwalkers-2\/","url":"https:\/\/prismagamers.com\/hu\/produkt\/ashwalkers-2\/","name":"Ashwalkers - Prismagamers.com","isPartOf":{"@id":"https:\/\/prismagamers.com\/hu\/#website"},"primaryImageOfPage":{"@id":"https:\/\/prismagamers.com\/hu\/produkt\/ashwalkers-2\/#primaryimage"},"image":{"@id":"https:\/\/prismagamers.com\/hu\/produkt\/ashwalkers-2\/#primaryimage"},"thumbnailUrl":"https:\/\/prismagamers.com\/wp-content\/uploads\/2023\/11\/ashwalkerssteamlibrarycapsule.jpg","datePublished":"2023-11-28T10:06:07+00:00","dateModified":"2026-01-01T23:36:06+00:00","description":"Tapasztald meg az utaz\u00e1st egy vesz\u00e9lyes vil\u00e1gban, ahol a gonoszs\u00e1g \u00e9s a t\u00f6rv\u00e9nytelens\u00e9g uralkodik. D\u00f6ntsd el az erk\u00f6lcsi dilemm\u00e1kat lelkiismereted szerint, mik\u00f6zben ir\u00e1ny\u00edtod csapatod sors\u00e1t. Gazd\u00e1lkodj felel\u0151sen az er\u0151forr\u00e1sokkal, az \u00e9lelemt\u0151l a felszerel\u00e9sig, k\u00f6vetve a 34 k\u00fcl\u00f6nb\u00f6z\u0151 befejez\u00e9s egyik\u00e9hez vezet\u0151 utat ebben a nem line\u00e1ris t\u00fal\u00e9l\u00e9st\u00f6rt\u00e9netben. Minden d\u00f6nt\u00e9s a t\u00fal\u00e9l\u00e9s kulcsa ebben a poszt-apokaliptikus vil\u00e1g zord k\u00f6r\u00fclm\u00e9nyei k\u00f6z\u00f6tt. Glob\u00e1lis G\u0151z Digit\u00e1lis kulcs","breadcrumb":{"@id":"https:\/\/prismagamers.com\/hu\/produkt\/ashwalkers-2\/#breadcrumb"},"inLanguage":"hu","potentialAction":[{"@type":"ReadAction","target":["https:\/\/prismagamers.com\/hu\/produkt\/ashwalkers-2\/"]}]},{"@type":"ImageObject","inLanguage":"hu","@id":"https:\/\/prismagamers.com\/hu\/produkt\/ashwalkers-2\/#primaryimage","url":"https:\/\/prismagamers.com\/wp-content\/uploads\/2023\/11\/ashwalkerssteamlibrarycapsule.jpg","contentUrl":"https:\/\/prismagamers.com\/wp-content\/uploads\/2023\/11\/ashwalkerssteamlibrarycapsule.jpg","width":600,"height":900},{"@type":"BreadcrumbList","@id":"https:\/\/prismagamers.com\/hu\/produkt\/ashwalkers-2\/#breadcrumb","itemListElement":[{"@type":"ListItem","position":1,"name":"Strona g\u0142\u00f3wna","item":"https:\/\/prismagamers.com\/hu\/prismagamers\/"},{"@type":"ListItem","position":2,"name":"Shop","item":"https:\/\/prismagamers.com\/hu\/shop\/"},{"@type":"ListItem","position":3,"name":"Ashwalkers"}]},{"@type":"WebSite","@id":"https:\/\/prismagamers.com\/hu\/#website","url":"https:\/\/prismagamers.com\/hu\/","name":"Prismagamers","description":"Sklep z grami PC I Sklep klucze Steam","publisher":{"@id":"https:\/\/prismagamers.com\/hu\/#organization"},"potentialAction":[{"@type":"SearchAction","target":{"@type":"EntryPoint","urlTemplate":"https:\/\/prismagamers.com\/hu\/?s={search_term_string}"},"query-input":{"@type":"PropertyValueSpecification","valueRequired":true,"valueName":"search_term_string"}}],"inLanguage":"hu"},{"@type":"Organization","@id":"https:\/\/prismagamers.com\/hu\/#organization","name":"Prismagamers","url":"https:\/\/prismagamers.com\/hu\/","logo":{"@type":"ImageObject","inLanguage":"hu","@id":"https:\/\/prismagamers.com\/hu\/#\/schema\/logo\/image\/","url":"https:\/\/prismagamers.com\/wp-content\/uploads\/2022\/04\/cropped-logo-Prismagamers-01-scaled-1.jpg","contentUrl":"https:\/\/prismagamers.com\/wp-content\/uploads\/2022\/04\/cropped-logo-Prismagamers-01-scaled-1.jpg","width":512,"height":512,"caption":"Prismagamers"},"image":{"@id":"https:\/\/prismagamers.com\/hu\/#\/schema\/logo\/image\/"},"sameAs":["https:\/\/www.facebook.com\/prismagamers","https:\/\/www.instagram.com\/prismagamers_grycyfrowe\/"],"description":"Prismagamers.com to dynamiczny sklep z grami cyfrowymi, stworzony z my\u015bl\u0105 o entuzjastach gier wideo. Nasza strona oferuje szerok\u0105 gam\u0119 gier komputerowych, w tym najnowsze tytu\u0142y, dobrze znane klasyki oraz gry stworzone przez niezale\u017cne studia Ca\u0142y czas d\u0105\u017cymy do rozszerzenia naszej oferty. Do\u0142\u0105cz do nas i sta\u0144 si\u0119 cz\u0119\u015bci\u0105 naszej rosn\u0105cej spo\u0142eczno\u015bci graczy!","email":"shop@prismagamers.com","telephone":"48795541705","legalName":"East Caravan Maksym \u017bukow","foundingDate":"2012-05-10","vatID":"PL8943038612","taxID":"PL8943038612","numberOfEmployees":{"@type":"QuantitativeValue","minValue":"11","maxValue":"50"}}]}},"_links":{"self":[{"href":"https:\/\/prismagamers.com\/hu\/wp-json\/wp\/v2\/product\/34108","targetHints":{"allow":["GET"]}}],"collection":[{"href":"https:\/\/prismagamers.com\/hu\/wp-json\/wp\/v2\/product"}],"about":[{"href":"https:\/\/prismagamers.com\/hu\/wp-json\/wp\/v2\/types\/product"}],"wp:featuredmedia":[{"embeddable":true,"href":"https:\/\/prismagamers.com\/hu\/wp-json\/wp\/v2\/media\/29701"}],"wp:attachment":[{"href":"https:\/\/prismagamers.com\/hu\/wp-json\/wp\/v2\/media?parent=34108"}],"wp:term":[{"taxonomy":"product_brand","embeddable":true,"href":"https:\/\/prismagamers.com\/hu\/wp-json\/wp\/v2\/product_brand?post=34108"},{"taxonomy":"product_cat","embeddable":true,"href":"https:\/\/prismagamers.com\/hu\/wp-json\/wp\/v2\/product_cat?post=34108"},{"taxonomy":"product_tag","embeddable":true,"href":"https:\/\/prismagamers.com\/hu\/wp-json\/wp\/v2\/product_tag?post=34108"}],"curies":[{"name":"wp","href":"https:\/\/api.w.org\/{rel}","templated":true}]}}