{"id":34281,"date":"2024-12-12T11:57:48","date_gmt":"2024-12-12T10:57:48","guid":{"rendered":"https:\/\/prismagamers.com\/produkt\/warhammer-40000-rogue-trader-voidfarer-csomag\/"},"modified":"2026-04-18T01:52:01","modified_gmt":"2026-04-17T23:52:01","slug":"warhammer-40000-rogue-trader-voidfarer-csomag","status":"publish","type":"product","link":"https:\/\/prismagamers.com\/hu\/produkt\/warhammer-40000-rogue-trader-voidfarer-csomag\/","title":{"rendered":"Warhammer 40,000: Rogue Trader Voidfarer csomag"},"content":{"rendered":"<div class=\"flex max-w-full flex-col flex-grow\">\n<div class=\"min-h-8 text-message flex w-full flex-col items-end gap-2 whitespace-normal break-words text-start [.text-message+&amp;]:mt-5\" dir=\"auto\" data-message-author-role=\"assistant\" data-message-id=\"f641d7f9-acc5-4d57-aa39-95acaa2ec20e\" data-message-model-slug=\"gpt-4o\">\n<div class=\"flex w-full flex-col gap-1 empty:hidden first:pt-[3px]\">\n<div class=\"markdown prose w-full break-words dark:prose-invert light\">\n<p>Fedezd fel az \u00dcress\u00e9get ezekkel a kieg\u00e9sz\u00edt\u0151 j\u00e1t\u00e9kbeli t\u00e1rgyakkal:<\/p>\n<p><strong>J\u00e1t\u00e9kbeli t\u00e1rgy &#8211; A kalandor egyedi tr\u00f3nja<\/strong><br \/>\nV\u00e1ltoztasd meg a haj\u00f3d h\u00eddj\u00e1n l\u00e9v\u0151 tr\u00f3n megjelen\u00e9s\u00e9t valami m\u00e9g pomp\u00e1sabbra \u00e9s a kalandor st\u00e1tuszodhoz m\u00e9lt\u00f3bbra.<\/p>\n<p><strong>J\u00e1t\u00e9kbeli t\u00e1rgy &#8211; Cherubim h\u00e1zi\u00e1llat<\/strong><br \/>\nLehet\u0151v\u00e9 teszi, hogy megb\u00edzhat\u00f3 t\u00e1rsad megjelen\u00e9s\u00e9t egy k\u00f6z\u00f6ns\u00e9ges Servo-skullr\u00f3l Cherubimra v\u00e1ltoztasd!<\/p>\n<p><strong>Ehhez a kieg\u00e9sz\u00edt\u0151h\u00f6z a<a href=\"https:\/\/prismagamers.com\/hu\/produkt\/warhammer-40000-rogue-trader\/\"> Warhammer 40,000: Rogue Trader <\/a> alapj\u00e1t\u00e9k verzi\u00f3ja sz\u00fcks\u00e9ges<\/strong>.  <\/p>\n<\/div>\n<\/div>\n<\/div>\n<\/div>\n","protected":false},"excerpt":{"rendered":"<div class=\"flex max-w-full flex-col flex-grow\">\n<div class=\"min-h-8 text-message flex w-full flex-col items-end gap-2 whitespace-normal break-words text-start [.text-message+&amp;]:mt-5\" dir=\"auto\" data-message-author-role=\"assistant\" data-message-id=\"ce2778f3-f8a9-46a5-9350-abccd93a0171\" data-message-model-slug=\"gpt-4o\">\n<div class=\"flex w-full flex-col gap-1 empty:hidden first:pt-[3px]\">\n<div class=\"markdown prose w-full break-words dark:prose-invert light\">\n<p>L\u00e9pj be a csillagk\u00f6zi kalandok vil\u00e1g\u00e1ba Thriller Hunterk\u00e9nt, szem\u00e9lyre szabva haj\u00f3dat \u00e9s t\u00e1rsadat, hogy kiemeld hatalmadat \u00e9s dics\u0151s\u00e9gedet a hat\u00e1rtalan \u00dcress\u00e9gben!<\/p>\n<\/div>\n<\/div>\n<\/div>\n<\/div>\n<div class=\"mb-2 flex gap-3 empty:hidden -ml-2\">\n<div class=\"items-center justify-start rounded-xl p-1 flex\">\n<div class=\"flex items-center\">\ud83c\udf0d Glob\u00e1lis<br \/>\n\u2699\ufe0f Steam<br \/>\n\ud83d\udddd Digit\u00e1lis kulcs<\/div>\n<\/div>\n<\/div>\n","protected":false},"featured_media":33279,"template":"","meta":{"_acf_changed":false,"site-sidebar-layout":"default","site-content-layout":"","ast-site-content-layout":"default","site-content-style":"default","site-sidebar-style":"default","ast-global-header-display":"","ast-banner-title-visibility":"","ast-main-header-display":"","ast-hfb-above-header-display":"","ast-hfb-below-header-display":"","ast-hfb-mobile-header-display":"","site-post-title":"","ast-breadcrumbs-content":"","ast-featured-img":"","footer-sml-layout":"","ast-disable-related-posts":"","theme-transparent-header-meta":"default","adv-header-id-meta":"","stick-header-meta":"","header-above-stick-meta":"","header-main-stick-meta":"","header-below-stick-meta":"","astra-migrate-meta-layouts":"default","ast-page-background-enabled":"default","ast-page-background-meta":{"desktop":{"background-color":"var(--ast-global-color-4)","background-image":"","background-repeat":"repeat","background-position":"center center","background-size":"auto","background-attachment":"scroll","background-type":"","background-media":"","overlay-type":"","overlay-color":"","overlay-opacity":"","overlay-gradient":""},"tablet":{"background-color":"","background-image":"","background-repeat":"repeat","background-position":"center center","background-size":"auto","background-attachment":"scroll","background-type":"","background-media":"","overlay-type":"","overlay-color":"","overlay-opacity":"","overlay-gradient":""},"mobile":{"background-color":"","background-image":"","background-repeat":"repeat","background-position":"center center","background-size":"auto","background-attachment":"scroll","background-type":"","background-media":"","overlay-type":"","overlay-color":"","overlay-opacity":"","overlay-gradient":""}},"ast-content-background-meta":{"desktop":{"background-color":"var(--ast-global-color-5)","background-image":"","background-repeat":"repeat","background-position":"center center","background-size":"auto","background-attachment":"scroll","background-type":"","background-media":"","overlay-type":"","overlay-color":"","overlay-opacity":"","overlay-gradient":""},"tablet":{"background-color":"var(--ast-global-color-5)","background-image":"","background-repeat":"repeat","background-position":"center center","background-size":"auto","background-attachment":"scroll","background-type":"","background-media":"","overlay-type":"","overlay-color":"","overlay-opacity":"","overlay-gradient":""},"mobile":{"background-color":"var(--ast-global-color-5)","background-image":"","background-repeat":"repeat","background-position":"center center","background-size":"auto","background-attachment":"scroll","background-type":"","background-media":"","overlay-type":"","overlay-color":"","overlay-opacity":"","overlay-gradient":""}}},"product_brand":[],"product_cat":[369,365,363,366,364,335],"product_tag":[],"class_list":{"0":"post-34281","1":"product","2":"type-product","3":"status-publish","4":"has-post-thumbnail","6":"product_cat-csarnokok","7":"product_cat-goz","8":"product_cat-kaland-jatekok","9":"product_cat-meta-publishing-hu","10":"product_cat-rpg-k","11":"product_cat-wyprzedaz","12":"desktop-align-left","13":"tablet-align-left","14":"mobile-align-left","16":"first","17":"instock","18":"virtual","19":"purchasable","20":"product-type-simple"},"acf":[],"yoast_head":"<!-- This site is optimized with the Yoast SEO Premium plugin v27.4 (Yoast SEO v27.4) - https:\/\/yoast.com\/product\/yoast-seo-premium-wordpress\/ -->\n<title>Warhammer 40,000: Rogue Trader Voidfarer csomag - Prismagamers.com<\/title>\n<meta name=\"description\" content=\"L\u00e9pj be a csillagk\u00f6zi kalandok vil\u00e1g\u00e1ba Thriller Hunterk\u00e9nt, szem\u00e9lyre szabva haj\u00f3dat \u00e9s t\u00e1rsadat, hogy kiemeld hatalmadat \u00e9s dics\u0151s\u00e9gedet a hat\u00e1rtalan \u00dcress\u00e9gben!    \ud83c\udf0d Glob\u00e1lis \u2699\ufe0f Steam \ud83d\udddd Digit\u00e1lis kulcs\" \/>\n<meta name=\"robots\" content=\"index, follow, max-snippet:-1, max-image-preview:large, max-video-preview:-1\" \/>\n<link rel=\"canonical\" href=\"https:\/\/prismagamers.com\/hu\/produkt\/warhammer-40000-rogue-trader-voidfarer-csomag\/\" \/>\n<meta property=\"og:locale\" content=\"hu_HU\" \/>\n<meta property=\"og:type\" content=\"article\" \/>\n<meta property=\"og:title\" content=\"Warhammer 40,000: Rogue Trader Voidfarer csomag\" \/>\n<meta property=\"og:description\" content=\"L\u00e9pj be a csillagk\u00f6zi kalandok vil\u00e1g\u00e1ba Thriller Hunterk\u00e9nt, szem\u00e9lyre szabva haj\u00f3dat \u00e9s t\u00e1rsadat, hogy kiemeld hatalmadat \u00e9s dics\u0151s\u00e9gedet a hat\u00e1rtalan \u00dcress\u00e9gben!    \ud83c\udf0d Glob\u00e1lis \u2699\ufe0f Steam \ud83d\udddd Digit\u00e1lis kulcs\" \/>\n<meta property=\"og:url\" content=\"https:\/\/prismagamers.com\/hu\/produkt\/warhammer-40000-rogue-trader-voidfarer-csomag\/\" \/>\n<meta property=\"og:site_name\" content=\"Prismagamers.com\" \/>\n<meta property=\"article:publisher\" content=\"https:\/\/www.facebook.com\/prismagamers\" \/>\n<meta property=\"article:modified_time\" content=\"2026-04-17T23:52:01+00:00\" \/>\n<meta property=\"og:image\" content=\"https:\/\/prismagamers.com\/wp-content\/uploads\/2024\/12\/ydW76sNaDX6qvkUbn0Bmg3MwgGF_xTSbM66Zy84e4fw_350x200_2x-0-e1734001050820.jpg\" \/>\n\t<meta property=\"og:image:width\" content=\"300\" \/>\n\t<meta property=\"og:image:height\" content=\"450\" \/>\n\t<meta property=\"og:image:type\" content=\"image\/jpeg\" \/>\n<meta name=\"twitter:card\" content=\"summary_large_image\" \/>\n<meta name=\"twitter:label1\" content=\"Becs\u00fclt olvas\u00e1si id\u0151\" \/>\n\t<meta name=\"twitter:data1\" content=\"1 perc\" \/>\n<script type=\"application\/ld+json\" class=\"yoast-schema-graph\">{\"@context\":\"https:\\\/\\\/schema.org\",\"@graph\":[{\"@type\":\"WebPage\",\"@id\":\"https:\\\/\\\/prismagamers.com\\\/hu\\\/produkt\\\/warhammer-40000-rogue-trader-voidfarer-csomag\\\/\",\"url\":\"https:\\\/\\\/prismagamers.com\\\/hu\\\/produkt\\\/warhammer-40000-rogue-trader-voidfarer-csomag\\\/\",\"name\":\"Warhammer 40,000: Rogue Trader Voidfarer csomag - Prismagamers.com\",\"isPartOf\":{\"@id\":\"https:\\\/\\\/prismagamers.com\\\/hu\\\/#website\"},\"primaryImageOfPage\":{\"@id\":\"https:\\\/\\\/prismagamers.com\\\/hu\\\/produkt\\\/warhammer-40000-rogue-trader-voidfarer-csomag\\\/#primaryimage\"},\"image\":{\"@id\":\"https:\\\/\\\/prismagamers.com\\\/hu\\\/produkt\\\/warhammer-40000-rogue-trader-voidfarer-csomag\\\/#primaryimage\"},\"thumbnailUrl\":\"https:\\\/\\\/prismagamers.com\\\/wp-content\\\/uploads\\\/2024\\\/12\\\/ydW76sNaDX6qvkUbn0Bmg3MwgGF_xTSbM66Zy84e4fw_350x200_2x-0-e1734001050820.jpg\",\"datePublished\":\"2024-12-12T10:57:48+00:00\",\"dateModified\":\"2026-04-17T23:52:01+00:00\",\"description\":\"L\u00e9pj be a csillagk\u00f6zi kalandok vil\u00e1g\u00e1ba Thriller Hunterk\u00e9nt, szem\u00e9lyre szabva haj\u00f3dat \u00e9s t\u00e1rsadat, hogy kiemeld hatalmadat \u00e9s dics\u0151s\u00e9gedet a hat\u00e1rtalan \u00dcress\u00e9gben! \ud83c\udf0d Glob\u00e1lis \u2699\ufe0f Steam \ud83d\udddd Digit\u00e1lis kulcs\",\"breadcrumb\":{\"@id\":\"https:\\\/\\\/prismagamers.com\\\/hu\\\/produkt\\\/warhammer-40000-rogue-trader-voidfarer-csomag\\\/#breadcrumb\"},\"inLanguage\":\"hu\",\"potentialAction\":[{\"@type\":\"ReadAction\",\"target\":[\"https:\\\/\\\/prismagamers.com\\\/hu\\\/produkt\\\/warhammer-40000-rogue-trader-voidfarer-csomag\\\/\"]}]},{\"@type\":\"ImageObject\",\"inLanguage\":\"hu\",\"@id\":\"https:\\\/\\\/prismagamers.com\\\/hu\\\/produkt\\\/warhammer-40000-rogue-trader-voidfarer-csomag\\\/#primaryimage\",\"url\":\"https:\\\/\\\/prismagamers.com\\\/wp-content\\\/uploads\\\/2024\\\/12\\\/ydW76sNaDX6qvkUbn0Bmg3MwgGF_xTSbM66Zy84e4fw_350x200_2x-0-e1734001050820.jpg\",\"contentUrl\":\"https:\\\/\\\/prismagamers.com\\\/wp-content\\\/uploads\\\/2024\\\/12\\\/ydW76sNaDX6qvkUbn0Bmg3MwgGF_xTSbM66Zy84e4fw_350x200_2x-0-e1734001050820.jpg\",\"width\":300,\"height\":450},{\"@type\":\"BreadcrumbList\",\"@id\":\"https:\\\/\\\/prismagamers.com\\\/hu\\\/produkt\\\/warhammer-40000-rogue-trader-voidfarer-csomag\\\/#breadcrumb\",\"itemListElement\":[{\"@type\":\"ListItem\",\"position\":1,\"name\":\"Strona g\u0142\u00f3wna\",\"item\":\"https:\\\/\\\/prismagamers.com\\\/hu\\\/prismagamers\\\/\"},{\"@type\":\"ListItem\",\"position\":2,\"name\":\"Shop\",\"item\":\"https:\\\/\\\/prismagamers.com\\\/hu\\\/shop\\\/\"},{\"@type\":\"ListItem\",\"position\":3,\"name\":\"Warhammer 40,000: Rogue Trader Voidfarer csomag\"}]},{\"@type\":\"WebSite\",\"@id\":\"https:\\\/\\\/prismagamers.com\\\/hu\\\/#website\",\"url\":\"https:\\\/\\\/prismagamers.com\\\/hu\\\/\",\"name\":\"Prismagamers\",\"description\":\"Sklep z grami PC I Sklep klucze Steam\",\"publisher\":{\"@id\":\"https:\\\/\\\/prismagamers.com\\\/hu\\\/#organization\"},\"potentialAction\":[{\"@type\":\"SearchAction\",\"target\":{\"@type\":\"EntryPoint\",\"urlTemplate\":\"https:\\\/\\\/prismagamers.com\\\/hu\\\/?s={search_term_string}\"},\"query-input\":{\"@type\":\"PropertyValueSpecification\",\"valueRequired\":true,\"valueName\":\"search_term_string\"}}],\"inLanguage\":\"hu\"},{\"@type\":\"Organization\",\"@id\":\"https:\\\/\\\/prismagamers.com\\\/hu\\\/#organization\",\"name\":\"Prismagamers\",\"url\":\"https:\\\/\\\/prismagamers.com\\\/hu\\\/\",\"logo\":{\"@type\":\"ImageObject\",\"inLanguage\":\"hu\",\"@id\":\"https:\\\/\\\/prismagamers.com\\\/hu\\\/#\\\/schema\\\/logo\\\/image\\\/\",\"url\":\"https:\\\/\\\/prismagamers.com\\\/wp-content\\\/uploads\\\/2022\\\/04\\\/cropped-logo-Prismagamers-01-scaled-1.jpg\",\"contentUrl\":\"https:\\\/\\\/prismagamers.com\\\/wp-content\\\/uploads\\\/2022\\\/04\\\/cropped-logo-Prismagamers-01-scaled-1.jpg\",\"width\":512,\"height\":512,\"caption\":\"Prismagamers\"},\"image\":{\"@id\":\"https:\\\/\\\/prismagamers.com\\\/hu\\\/#\\\/schema\\\/logo\\\/image\\\/\"},\"sameAs\":[\"https:\\\/\\\/www.facebook.com\\\/prismagamers\",\"https:\\\/\\\/www.instagram.com\\\/prismagamers_grycyfrowe\\\/\"],\"description\":\"Prismagamers.com to dynamiczny sklep z grami cyfrowymi, stworzony z my\u015bl\u0105 o entuzjastach gier wideo. Nasza strona oferuje szerok\u0105 gam\u0119 gier komputerowych, w tym najnowsze tytu\u0142y, dobrze znane klasyki oraz gry stworzone przez niezale\u017cne studia Ca\u0142y czas d\u0105\u017cymy do rozszerzenia naszej oferty. Do\u0142\u0105cz do nas i sta\u0144 si\u0119 cz\u0119\u015bci\u0105 naszej rosn\u0105cej spo\u0142eczno\u015bci graczy!\",\"email\":\"shop@prismagamers.com\",\"telephone\":\"48795541705\",\"legalName\":\"East Caravan Maksym \u017bukow\",\"foundingDate\":\"2012-05-10\",\"vatID\":\"PL8943038612\",\"taxID\":\"PL8943038612\",\"numberOfEmployees\":{\"@type\":\"QuantitativeValue\",\"minValue\":\"11\",\"maxValue\":\"50\"}}]}<\/script>\n<!-- \/ Yoast SEO Premium plugin. -->","yoast_head_json":{"title":"Warhammer 40,000: Rogue Trader Voidfarer csomag - Prismagamers.com","description":"L\u00e9pj be a csillagk\u00f6zi kalandok vil\u00e1g\u00e1ba Thriller Hunterk\u00e9nt, szem\u00e9lyre szabva haj\u00f3dat \u00e9s t\u00e1rsadat, hogy kiemeld hatalmadat \u00e9s dics\u0151s\u00e9gedet a hat\u00e1rtalan \u00dcress\u00e9gben!    \ud83c\udf0d Glob\u00e1lis \u2699\ufe0f Steam \ud83d\udddd Digit\u00e1lis kulcs","robots":{"index":"index","follow":"follow","max-snippet":"max-snippet:-1","max-image-preview":"max-image-preview:large","max-video-preview":"max-video-preview:-1"},"canonical":"https:\/\/prismagamers.com\/hu\/produkt\/warhammer-40000-rogue-trader-voidfarer-csomag\/","og_locale":"hu_HU","og_type":"article","og_title":"Warhammer 40,000: Rogue Trader Voidfarer csomag","og_description":"L\u00e9pj be a csillagk\u00f6zi kalandok vil\u00e1g\u00e1ba Thriller Hunterk\u00e9nt, szem\u00e9lyre szabva haj\u00f3dat \u00e9s t\u00e1rsadat, hogy kiemeld hatalmadat \u00e9s dics\u0151s\u00e9gedet a hat\u00e1rtalan \u00dcress\u00e9gben!    \ud83c\udf0d Glob\u00e1lis \u2699\ufe0f Steam \ud83d\udddd Digit\u00e1lis kulcs","og_url":"https:\/\/prismagamers.com\/hu\/produkt\/warhammer-40000-rogue-trader-voidfarer-csomag\/","og_site_name":"Prismagamers.com","article_publisher":"https:\/\/www.facebook.com\/prismagamers","article_modified_time":"2026-04-17T23:52:01+00:00","og_image":[{"width":300,"height":450,"url":"https:\/\/prismagamers.com\/wp-content\/uploads\/2024\/12\/ydW76sNaDX6qvkUbn0Bmg3MwgGF_xTSbM66Zy84e4fw_350x200_2x-0-e1734001050820.jpg","type":"image\/jpeg"}],"twitter_card":"summary_large_image","twitter_misc":{"Becs\u00fclt olvas\u00e1si id\u0151":"1 perc"},"schema":{"@context":"https:\/\/schema.org","@graph":[{"@type":"WebPage","@id":"https:\/\/prismagamers.com\/hu\/produkt\/warhammer-40000-rogue-trader-voidfarer-csomag\/","url":"https:\/\/prismagamers.com\/hu\/produkt\/warhammer-40000-rogue-trader-voidfarer-csomag\/","name":"Warhammer 40,000: Rogue Trader Voidfarer csomag - Prismagamers.com","isPartOf":{"@id":"https:\/\/prismagamers.com\/hu\/#website"},"primaryImageOfPage":{"@id":"https:\/\/prismagamers.com\/hu\/produkt\/warhammer-40000-rogue-trader-voidfarer-csomag\/#primaryimage"},"image":{"@id":"https:\/\/prismagamers.com\/hu\/produkt\/warhammer-40000-rogue-trader-voidfarer-csomag\/#primaryimage"},"thumbnailUrl":"https:\/\/prismagamers.com\/wp-content\/uploads\/2024\/12\/ydW76sNaDX6qvkUbn0Bmg3MwgGF_xTSbM66Zy84e4fw_350x200_2x-0-e1734001050820.jpg","datePublished":"2024-12-12T10:57:48+00:00","dateModified":"2026-04-17T23:52:01+00:00","description":"L\u00e9pj be a csillagk\u00f6zi kalandok vil\u00e1g\u00e1ba Thriller Hunterk\u00e9nt, szem\u00e9lyre szabva haj\u00f3dat \u00e9s t\u00e1rsadat, hogy kiemeld hatalmadat \u00e9s dics\u0151s\u00e9gedet a hat\u00e1rtalan \u00dcress\u00e9gben! \ud83c\udf0d Glob\u00e1lis \u2699\ufe0f Steam \ud83d\udddd Digit\u00e1lis kulcs","breadcrumb":{"@id":"https:\/\/prismagamers.com\/hu\/produkt\/warhammer-40000-rogue-trader-voidfarer-csomag\/#breadcrumb"},"inLanguage":"hu","potentialAction":[{"@type":"ReadAction","target":["https:\/\/prismagamers.com\/hu\/produkt\/warhammer-40000-rogue-trader-voidfarer-csomag\/"]}]},{"@type":"ImageObject","inLanguage":"hu","@id":"https:\/\/prismagamers.com\/hu\/produkt\/warhammer-40000-rogue-trader-voidfarer-csomag\/#primaryimage","url":"https:\/\/prismagamers.com\/wp-content\/uploads\/2024\/12\/ydW76sNaDX6qvkUbn0Bmg3MwgGF_xTSbM66Zy84e4fw_350x200_2x-0-e1734001050820.jpg","contentUrl":"https:\/\/prismagamers.com\/wp-content\/uploads\/2024\/12\/ydW76sNaDX6qvkUbn0Bmg3MwgGF_xTSbM66Zy84e4fw_350x200_2x-0-e1734001050820.jpg","width":300,"height":450},{"@type":"BreadcrumbList","@id":"https:\/\/prismagamers.com\/hu\/produkt\/warhammer-40000-rogue-trader-voidfarer-csomag\/#breadcrumb","itemListElement":[{"@type":"ListItem","position":1,"name":"Strona g\u0142\u00f3wna","item":"https:\/\/prismagamers.com\/hu\/prismagamers\/"},{"@type":"ListItem","position":2,"name":"Shop","item":"https:\/\/prismagamers.com\/hu\/shop\/"},{"@type":"ListItem","position":3,"name":"Warhammer 40,000: Rogue Trader Voidfarer csomag"}]},{"@type":"WebSite","@id":"https:\/\/prismagamers.com\/hu\/#website","url":"https:\/\/prismagamers.com\/hu\/","name":"Prismagamers","description":"Sklep z grami PC I Sklep klucze Steam","publisher":{"@id":"https:\/\/prismagamers.com\/hu\/#organization"},"potentialAction":[{"@type":"SearchAction","target":{"@type":"EntryPoint","urlTemplate":"https:\/\/prismagamers.com\/hu\/?s={search_term_string}"},"query-input":{"@type":"PropertyValueSpecification","valueRequired":true,"valueName":"search_term_string"}}],"inLanguage":"hu"},{"@type":"Organization","@id":"https:\/\/prismagamers.com\/hu\/#organization","name":"Prismagamers","url":"https:\/\/prismagamers.com\/hu\/","logo":{"@type":"ImageObject","inLanguage":"hu","@id":"https:\/\/prismagamers.com\/hu\/#\/schema\/logo\/image\/","url":"https:\/\/prismagamers.com\/wp-content\/uploads\/2022\/04\/cropped-logo-Prismagamers-01-scaled-1.jpg","contentUrl":"https:\/\/prismagamers.com\/wp-content\/uploads\/2022\/04\/cropped-logo-Prismagamers-01-scaled-1.jpg","width":512,"height":512,"caption":"Prismagamers"},"image":{"@id":"https:\/\/prismagamers.com\/hu\/#\/schema\/logo\/image\/"},"sameAs":["https:\/\/www.facebook.com\/prismagamers","https:\/\/www.instagram.com\/prismagamers_grycyfrowe\/"],"description":"Prismagamers.com to dynamiczny sklep z grami cyfrowymi, stworzony z my\u015bl\u0105 o entuzjastach gier wideo. Nasza strona oferuje szerok\u0105 gam\u0119 gier komputerowych, w tym najnowsze tytu\u0142y, dobrze znane klasyki oraz gry stworzone przez niezale\u017cne studia Ca\u0142y czas d\u0105\u017cymy do rozszerzenia naszej oferty. Do\u0142\u0105cz do nas i sta\u0144 si\u0119 cz\u0119\u015bci\u0105 naszej rosn\u0105cej spo\u0142eczno\u015bci graczy!","email":"shop@prismagamers.com","telephone":"48795541705","legalName":"East Caravan Maksym \u017bukow","foundingDate":"2012-05-10","vatID":"PL8943038612","taxID":"PL8943038612","numberOfEmployees":{"@type":"QuantitativeValue","minValue":"11","maxValue":"50"}}]}},"_links":{"self":[{"href":"https:\/\/prismagamers.com\/hu\/wp-json\/wp\/v2\/product\/34281","targetHints":{"allow":["GET"]}}],"collection":[{"href":"https:\/\/prismagamers.com\/hu\/wp-json\/wp\/v2\/product"}],"about":[{"href":"https:\/\/prismagamers.com\/hu\/wp-json\/wp\/v2\/types\/product"}],"wp:featuredmedia":[{"embeddable":true,"href":"https:\/\/prismagamers.com\/hu\/wp-json\/wp\/v2\/media\/33279"}],"wp:attachment":[{"href":"https:\/\/prismagamers.com\/hu\/wp-json\/wp\/v2\/media?parent=34281"}],"wp:term":[{"taxonomy":"product_brand","embeddable":true,"href":"https:\/\/prismagamers.com\/hu\/wp-json\/wp\/v2\/product_brand?post=34281"},{"taxonomy":"product_cat","embeddable":true,"href":"https:\/\/prismagamers.com\/hu\/wp-json\/wp\/v2\/product_cat?post=34281"},{"taxonomy":"product_tag","embeddable":true,"href":"https:\/\/prismagamers.com\/hu\/wp-json\/wp\/v2\/product_tag?post=34281"}],"curies":[{"name":"wp","href":"https:\/\/api.w.org\/{rel}","templated":true}]}}