{"id":34282,"date":"2024-06-11T18:41:36","date_gmt":"2024-06-11T16:41:36","guid":{"rendered":"https:\/\/prismagamers.com\/produkt\/warhammer-40000-rogue-trader-szezonberlet\/"},"modified":"2026-03-04T01:23:42","modified_gmt":"2026-03-04T00:23:42","slug":"warhammer-40000-rogue-trader-szezonberlet","status":"publish","type":"product","link":"https:\/\/prismagamers.com\/hu\/produkt\/warhammer-40000-rogue-trader-szezonberlet\/","title":{"rendered":"Warhammer 40,000: Rogue Trader &#8211; Szezonb\u00e9rlet"},"content":{"rendered":"<div class=\"flex-shrink-0 flex flex-col relative items-end\">\n<div>\n<div class=\"pt-0.5 juice:pt-0\">\n<div class=\"gizmo-bot-avatar flex h-6 w-6 items-center justify-center overflow-hidden rounded-full juice:h-8 juice:w-8\">\n<div class=\"relative p-1 rounded-sm flex items-center justify-center bg-token-main-surface-primary text-token-text-primary h-8 w-8\">\n<p>Szerezz hozz\u00e1f\u00e9r\u00e9st a Warhammer 40,000: Rogue Trader k\u00e9t k\u00f6zelg\u0151 f\u0151 b\u0151v\u00edtm\u00e9ny\u00e9hez, \u00e9s sp\u00f3rolj a csomag\u00e1rral!<\/p>\n<ol>\n<li><strong>Az \u00fcress\u00e9g \u00e1rnyai<\/strong><\/li>\n<\/ol>\n<p>Az els\u0151 nagyobb t\u00f6rt\u00e9netb\u0151v\u00edt\u00e9s a t\u00f6rv\u00e9nyen k\u00edv\u00fcli keresked\u0151 \u0171rhaj\u00f3j\u00e1ra, leg\u00e9nys\u00e9g\u00e9nek \u00e9let\u00e9re \u00e9s a rakter\u00e9ben leselked\u0151 vesz\u00e9lyekre \u00f6sszpontos\u00edt. Vegy\u00e9l r\u00e9szt egy epikus \u00faj t\u00f6rt\u00e9netben, amely be\u00e9p\u00fcl a f\u0151 elbesz\u00e9l\u0151i sz\u00e1lba, harcolj \u00faj ellens\u00e9gekkel, \u00e9s toborozz egy \u00faj t\u00e1rsat &#8211; egy hal\u00e1lszekt\u00e1s b\u00e9rgyilkost. Fedezd fel \u0171rhaj\u00f3d \u00faj fed\u00e9lzeteit, nyiss fel \u00faj fejleszt\u00e9si lehet\u0151s\u00e9geket, \u00e9s saj\u00e1t\u00edtsd el a v\u00e1kuumharc mechanik\u00e1j\u00e1t. Tal\u00e1lkozz a h\u00eddon a leg\u00e9nys\u00e9g \u00faj tagjaival, p\u00e9ld\u00e1ul az asztropat\u00e1val, a seb\u00e9sszel \u00e9s m\u00e1sokkal. A t\u00f6rt\u00e9net esem\u00e9nyeit a j\u00e1t\u00e9k epil\u00f3gusa fogja t\u00fckr\u00f6zni.    <\/p>\n<p>Ez a b\u0151v\u00edtm\u00e9ny 15 \u00f3r\u00e1nyi j\u00e1t\u00e9kid\u0151t k\u00edn\u00e1l.<\/p>\n<ol start=\"2\">\n<li><strong>Lex Imperialis  <\/strong><\/li>\n<\/ol>\n<p>A m\u00e1sodik nagy t\u00f6rt\u00e9netb\u0151v\u00edt\u00e9sben a Lord Captain egy \u00faj t\u00e1rs\u00e1val &#8211; az Adeptus Arbites egyik tagj\u00e1val &#8211; egyes\u00edti er\u0151it. Ahogy a von Valancius-h\u00e1z m\u00faltja \u00faj megvil\u00e1g\u00edt\u00e1sba kezd, a t\u00f6rv\u00e9nyen k\u00edv\u00fcli keresked\u0151 neh\u00e9z d\u00f6nt\u00e9sekkel n\u00e9z szembe, amelyek az eg\u00e9sz Coronus Expanse j\u00f6v\u0151j\u00e9t befoly\u00e1solhatj\u00e1k. A t\u00f6rt\u00e9net sor\u00e1n lehet\u0151s\u00e9ged lesz t\u00f6bbet megtudni a Titul\u00e1ris Birodalmi Ad\u00f3, m\u00e1s n\u00e9ven a Nagy Gy\u0171jtem\u00e9ny behajt\u00e1s\u00e1r\u00f3l. A Birodalom ezen alapvet\u0151 folyamat\u00e1ba val\u00f3 beavatkoz\u00e1s nagy vesz\u00e9lyekkel fenyeget. Fedezz fel \u00faj ter\u00fcleteket, j\u00e1t\u00e9kmechanik\u00e1kat \u00e9s archet\u00edpusokat &#8211; \u00e9s persze tal\u00e1lkozz \u00faj Immaterium r\u00e9m\u00e1lmokkal.    <\/p>\n<p>Ez a b\u0151v\u00edtm\u00e9ny 15 \u00f3r\u00e1nyi j\u00e1t\u00e9kid\u0151t is k\u00edn\u00e1l.<\/p>\n<\/div>\n<\/div>\n<\/div>\n<\/div>\n<\/div>\n","protected":false},"excerpt":{"rendered":"<p class=\"ai-optimize-26\">A Warhammer 40,000: Rogue Trader kieg\u00e9sz\u00edt\u0151 csomagja, amelyet a Games Workshop egy\u00fcttm\u0171k\u00f6d\u00e9s\u00e9vel fejlesztettek ki. Egy t\u00f6rt\u00e9netben gazdag klasszikus RPG az Owlcat Games-t\u0151l, a kritikusok \u00e1ltal elismert Pathfinder: Wrath of the Righteous alkot\u00f3it\u00f3l. <\/p>\n<p class=\"ai-optimize-27\">\ud83c\udf0d Glob\u00e1lis<br \/>\n\u2699\ufe0f Steam<br \/>\n\ud83d\udddd Digit\u00e1lis kulcs<\/p>\n","protected":false},"featured_media":31790,"template":"","meta":{"_acf_changed":false,"site-sidebar-layout":"default","site-content-layout":"","ast-site-content-layout":"default","site-content-style":"default","site-sidebar-style":"default","ast-global-header-display":"","ast-banner-title-visibility":"","ast-main-header-display":"","ast-hfb-above-header-display":"","ast-hfb-below-header-display":"","ast-hfb-mobile-header-display":"","site-post-title":"","ast-breadcrumbs-content":"","ast-featured-img":"","footer-sml-layout":"","ast-disable-related-posts":"","theme-transparent-header-meta":"default","adv-header-id-meta":"","stick-header-meta":"","header-above-stick-meta":"","header-main-stick-meta":"","header-below-stick-meta":"","astra-migrate-meta-layouts":"default","ast-page-background-enabled":"default","ast-page-background-meta":{"desktop":{"background-color":"var(--ast-global-color-4)","background-image":"","background-repeat":"repeat","background-position":"center center","background-size":"auto","background-attachment":"scroll","background-type":"","background-media":"","overlay-type":"","overlay-color":"","overlay-opacity":"","overlay-gradient":""},"tablet":{"background-color":"","background-image":"","background-repeat":"repeat","background-position":"center center","background-size":"auto","background-attachment":"scroll","background-type":"","background-media":"","overlay-type":"","overlay-color":"","overlay-opacity":"","overlay-gradient":""},"mobile":{"background-color":"","background-image":"","background-repeat":"repeat","background-position":"center center","background-size":"auto","background-attachment":"scroll","background-type":"","background-media":"","overlay-type":"","overlay-color":"","overlay-opacity":"","overlay-gradient":""}},"ast-content-background-meta":{"desktop":{"background-color":"var(--ast-global-color-5)","background-image":"","background-repeat":"repeat","background-position":"center center","background-size":"auto","background-attachment":"scroll","background-type":"","background-media":"","overlay-type":"","overlay-color":"","overlay-opacity":"","overlay-gradient":""},"tablet":{"background-color":"var(--ast-global-color-5)","background-image":"","background-repeat":"repeat","background-position":"center center","background-size":"auto","background-attachment":"scroll","background-type":"","background-media":"","overlay-type":"","overlay-color":"","overlay-opacity":"","overlay-gradient":""},"mobile":{"background-color":"var(--ast-global-color-5)","background-image":"","background-repeat":"repeat","background-position":"center center","background-size":"auto","background-attachment":"scroll","background-type":"","background-media":"","overlay-type":"","overlay-color":"","overlay-opacity":"","overlay-gradient":""}}},"product_brand":[],"product_cat":[369,368,365,363,366,367,364],"product_tag":[],"class_list":{"0":"post-34282","1":"product","2":"type-product","3":"status-publish","4":"has-post-thumbnail","6":"product_cat-csarnokok","7":"product_cat-dlc-hu","8":"product_cat-goz","9":"product_cat-kaland-jatekok","10":"product_cat-meta-publishing-hu","11":"product_cat-pc-jatekok","12":"product_cat-rpg-k","13":"desktop-align-left","14":"tablet-align-left","15":"mobile-align-left","17":"first","18":"instock","19":"virtual","20":"purchasable","21":"product-type-simple"},"acf":[],"yoast_head":"<!-- This site is optimized with the Yoast SEO Premium plugin v27.4 (Yoast SEO v27.4) - https:\/\/yoast.com\/product\/yoast-seo-premium-wordpress\/ -->\n<title>Warhammer 40,000: Rogue Trader - Szezonb\u00e9rlet - Prismagamers.com<\/title>\n<meta name=\"description\" content=\"A Warhammer 40,000: Rogue Trader kieg\u00e9sz\u00edt\u0151 csomagja, amelyet a Games Workshop egy\u00fcttm\u0171k\u00f6d\u00e9s\u00e9vel fejlesztettek ki. Egy t\u00f6rt\u00e9netben gazdag klasszikus RPG az Owlcat Games-t\u0151l, a kritikusok \u00e1ltal elismert Pathfinder: Wrath of the Righteous alkot\u00f3it\u00f3l. \ud83c\udf0d Glob\u00e1lis \u2699\ufe0f Steam \ud83d\udddd Digit\u00e1lis kulcs\" \/>\n<meta name=\"robots\" content=\"index, follow, max-snippet:-1, max-image-preview:large, max-video-preview:-1\" \/>\n<link rel=\"canonical\" href=\"https:\/\/prismagamers.com\/hu\/produkt\/warhammer-40000-rogue-trader-szezonberlet\/\" \/>\n<meta property=\"og:locale\" content=\"hu_HU\" \/>\n<meta property=\"og:type\" content=\"article\" \/>\n<meta property=\"og:title\" content=\"Warhammer 40,000: Rogue Trader - Szezonb\u00e9rlet\" \/>\n<meta property=\"og:description\" content=\"A Warhammer 40,000: Rogue Trader kieg\u00e9sz\u00edt\u0151 csomagja, amelyet a Games Workshop egy\u00fcttm\u0171k\u00f6d\u00e9s\u00e9vel fejlesztettek ki. Egy t\u00f6rt\u00e9netben gazdag klasszikus RPG az Owlcat Games-t\u0151l, a kritikusok \u00e1ltal elismert Pathfinder: Wrath of the Righteous alkot\u00f3it\u00f3l. \ud83c\udf0d Glob\u00e1lis \u2699\ufe0f Steam \ud83d\udddd Digit\u00e1lis kulcs\" \/>\n<meta property=\"og:url\" content=\"https:\/\/prismagamers.com\/hu\/produkt\/warhammer-40000-rogue-trader-szezonberlet\/\" \/>\n<meta property=\"og:site_name\" content=\"Prismagamers.com\" \/>\n<meta property=\"article:publisher\" content=\"https:\/\/www.facebook.com\/prismagamers\" \/>\n<meta property=\"article:modified_time\" content=\"2026-03-04T00:23:42+00:00\" \/>\n<meta property=\"og:image\" content=\"https:\/\/prismagamers.com\/wp-content\/uploads\/2024\/06\/Warhammer-40000-Rogue-Trader-Season-Pass-e1718124471236.jpg\" \/>\n\t<meta property=\"og:image:width\" content=\"300\" \/>\n\t<meta property=\"og:image:height\" content=\"450\" \/>\n\t<meta property=\"og:image:type\" content=\"image\/jpeg\" \/>\n<meta name=\"twitter:card\" content=\"summary_large_image\" \/>\n<meta name=\"twitter:label1\" content=\"Becs\u00fclt olvas\u00e1si id\u0151\" \/>\n\t<meta name=\"twitter:data1\" content=\"2 perc\" \/>\n<script type=\"application\/ld+json\" class=\"yoast-schema-graph\">{\"@context\":\"https:\\\/\\\/schema.org\",\"@graph\":[{\"@type\":\"WebPage\",\"@id\":\"https:\\\/\\\/prismagamers.com\\\/hu\\\/produkt\\\/warhammer-40000-rogue-trader-szezonberlet\\\/\",\"url\":\"https:\\\/\\\/prismagamers.com\\\/hu\\\/produkt\\\/warhammer-40000-rogue-trader-szezonberlet\\\/\",\"name\":\"Warhammer 40,000: Rogue Trader - Szezonb\u00e9rlet - Prismagamers.com\",\"isPartOf\":{\"@id\":\"https:\\\/\\\/prismagamers.com\\\/hu\\\/#website\"},\"primaryImageOfPage\":{\"@id\":\"https:\\\/\\\/prismagamers.com\\\/hu\\\/produkt\\\/warhammer-40000-rogue-trader-szezonberlet\\\/#primaryimage\"},\"image\":{\"@id\":\"https:\\\/\\\/prismagamers.com\\\/hu\\\/produkt\\\/warhammer-40000-rogue-trader-szezonberlet\\\/#primaryimage\"},\"thumbnailUrl\":\"https:\\\/\\\/prismagamers.com\\\/wp-content\\\/uploads\\\/2024\\\/06\\\/Warhammer-40000-Rogue-Trader-Season-Pass-e1718124471236.jpg\",\"datePublished\":\"2024-06-11T16:41:36+00:00\",\"dateModified\":\"2026-03-04T00:23:42+00:00\",\"description\":\"A Warhammer 40,000: Rogue Trader kieg\u00e9sz\u00edt\u0151 csomagja, amelyet a Games Workshop egy\u00fcttm\u0171k\u00f6d\u00e9s\u00e9vel fejlesztettek ki. Egy t\u00f6rt\u00e9netben gazdag klasszikus RPG az Owlcat Games-t\u0151l, a kritikusok \u00e1ltal elismert Pathfinder: Wrath of the Righteous alkot\u00f3it\u00f3l. \ud83c\udf0d Glob\u00e1lis \u2699\ufe0f Steam \ud83d\udddd Digit\u00e1lis kulcs\",\"breadcrumb\":{\"@id\":\"https:\\\/\\\/prismagamers.com\\\/hu\\\/produkt\\\/warhammer-40000-rogue-trader-szezonberlet\\\/#breadcrumb\"},\"inLanguage\":\"hu\",\"potentialAction\":[{\"@type\":\"ReadAction\",\"target\":[\"https:\\\/\\\/prismagamers.com\\\/hu\\\/produkt\\\/warhammer-40000-rogue-trader-szezonberlet\\\/\"]}]},{\"@type\":\"ImageObject\",\"inLanguage\":\"hu\",\"@id\":\"https:\\\/\\\/prismagamers.com\\\/hu\\\/produkt\\\/warhammer-40000-rogue-trader-szezonberlet\\\/#primaryimage\",\"url\":\"https:\\\/\\\/prismagamers.com\\\/wp-content\\\/uploads\\\/2024\\\/06\\\/Warhammer-40000-Rogue-Trader-Season-Pass-e1718124471236.jpg\",\"contentUrl\":\"https:\\\/\\\/prismagamers.com\\\/wp-content\\\/uploads\\\/2024\\\/06\\\/Warhammer-40000-Rogue-Trader-Season-Pass-e1718124471236.jpg\",\"width\":300,\"height\":450},{\"@type\":\"BreadcrumbList\",\"@id\":\"https:\\\/\\\/prismagamers.com\\\/hu\\\/produkt\\\/warhammer-40000-rogue-trader-szezonberlet\\\/#breadcrumb\",\"itemListElement\":[{\"@type\":\"ListItem\",\"position\":1,\"name\":\"Strona g\u0142\u00f3wna\",\"item\":\"https:\\\/\\\/prismagamers.com\\\/hu\\\/prismagamers\\\/\"},{\"@type\":\"ListItem\",\"position\":2,\"name\":\"Shop\",\"item\":\"https:\\\/\\\/prismagamers.com\\\/hu\\\/shop\\\/\"},{\"@type\":\"ListItem\",\"position\":3,\"name\":\"Warhammer 40,000: Rogue Trader &#8211; Szezonb\u00e9rlet\"}]},{\"@type\":\"WebSite\",\"@id\":\"https:\\\/\\\/prismagamers.com\\\/hu\\\/#website\",\"url\":\"https:\\\/\\\/prismagamers.com\\\/hu\\\/\",\"name\":\"Prismagamers\",\"description\":\"Sklep z grami PC I Sklep klucze Steam\",\"publisher\":{\"@id\":\"https:\\\/\\\/prismagamers.com\\\/hu\\\/#organization\"},\"potentialAction\":[{\"@type\":\"SearchAction\",\"target\":{\"@type\":\"EntryPoint\",\"urlTemplate\":\"https:\\\/\\\/prismagamers.com\\\/hu\\\/?s={search_term_string}\"},\"query-input\":{\"@type\":\"PropertyValueSpecification\",\"valueRequired\":true,\"valueName\":\"search_term_string\"}}],\"inLanguage\":\"hu\"},{\"@type\":\"Organization\",\"@id\":\"https:\\\/\\\/prismagamers.com\\\/hu\\\/#organization\",\"name\":\"Prismagamers\",\"url\":\"https:\\\/\\\/prismagamers.com\\\/hu\\\/\",\"logo\":{\"@type\":\"ImageObject\",\"inLanguage\":\"hu\",\"@id\":\"https:\\\/\\\/prismagamers.com\\\/hu\\\/#\\\/schema\\\/logo\\\/image\\\/\",\"url\":\"https:\\\/\\\/prismagamers.com\\\/wp-content\\\/uploads\\\/2022\\\/04\\\/cropped-logo-Prismagamers-01-scaled-1.jpg\",\"contentUrl\":\"https:\\\/\\\/prismagamers.com\\\/wp-content\\\/uploads\\\/2022\\\/04\\\/cropped-logo-Prismagamers-01-scaled-1.jpg\",\"width\":512,\"height\":512,\"caption\":\"Prismagamers\"},\"image\":{\"@id\":\"https:\\\/\\\/prismagamers.com\\\/hu\\\/#\\\/schema\\\/logo\\\/image\\\/\"},\"sameAs\":[\"https:\\\/\\\/www.facebook.com\\\/prismagamers\",\"https:\\\/\\\/www.instagram.com\\\/prismagamers_grycyfrowe\\\/\"],\"description\":\"Prismagamers.com to dynamiczny sklep z grami cyfrowymi, stworzony z my\u015bl\u0105 o entuzjastach gier wideo. Nasza strona oferuje szerok\u0105 gam\u0119 gier komputerowych, w tym najnowsze tytu\u0142y, dobrze znane klasyki oraz gry stworzone przez niezale\u017cne studia Ca\u0142y czas d\u0105\u017cymy do rozszerzenia naszej oferty. Do\u0142\u0105cz do nas i sta\u0144 si\u0119 cz\u0119\u015bci\u0105 naszej rosn\u0105cej spo\u0142eczno\u015bci graczy!\",\"email\":\"shop@prismagamers.com\",\"telephone\":\"48795541705\",\"legalName\":\"East Caravan Maksym \u017bukow\",\"foundingDate\":\"2012-05-10\",\"vatID\":\"PL8943038612\",\"taxID\":\"PL8943038612\",\"numberOfEmployees\":{\"@type\":\"QuantitativeValue\",\"minValue\":\"11\",\"maxValue\":\"50\"}}]}<\/script>\n<!-- \/ Yoast SEO Premium plugin. -->","yoast_head_json":{"title":"Warhammer 40,000: Rogue Trader - Szezonb\u00e9rlet - Prismagamers.com","description":"A Warhammer 40,000: Rogue Trader kieg\u00e9sz\u00edt\u0151 csomagja, amelyet a Games Workshop egy\u00fcttm\u0171k\u00f6d\u00e9s\u00e9vel fejlesztettek ki. Egy t\u00f6rt\u00e9netben gazdag klasszikus RPG az Owlcat Games-t\u0151l, a kritikusok \u00e1ltal elismert Pathfinder: Wrath of the Righteous alkot\u00f3it\u00f3l. \ud83c\udf0d Glob\u00e1lis \u2699\ufe0f Steam \ud83d\udddd Digit\u00e1lis kulcs","robots":{"index":"index","follow":"follow","max-snippet":"max-snippet:-1","max-image-preview":"max-image-preview:large","max-video-preview":"max-video-preview:-1"},"canonical":"https:\/\/prismagamers.com\/hu\/produkt\/warhammer-40000-rogue-trader-szezonberlet\/","og_locale":"hu_HU","og_type":"article","og_title":"Warhammer 40,000: Rogue Trader - Szezonb\u00e9rlet","og_description":"A Warhammer 40,000: Rogue Trader kieg\u00e9sz\u00edt\u0151 csomagja, amelyet a Games Workshop egy\u00fcttm\u0171k\u00f6d\u00e9s\u00e9vel fejlesztettek ki. Egy t\u00f6rt\u00e9netben gazdag klasszikus RPG az Owlcat Games-t\u0151l, a kritikusok \u00e1ltal elismert Pathfinder: Wrath of the Righteous alkot\u00f3it\u00f3l. \ud83c\udf0d Glob\u00e1lis \u2699\ufe0f Steam \ud83d\udddd Digit\u00e1lis kulcs","og_url":"https:\/\/prismagamers.com\/hu\/produkt\/warhammer-40000-rogue-trader-szezonberlet\/","og_site_name":"Prismagamers.com","article_publisher":"https:\/\/www.facebook.com\/prismagamers","article_modified_time":"2026-03-04T00:23:42+00:00","og_image":[{"width":300,"height":450,"url":"https:\/\/prismagamers.com\/wp-content\/uploads\/2024\/06\/Warhammer-40000-Rogue-Trader-Season-Pass-e1718124471236.jpg","type":"image\/jpeg"}],"twitter_card":"summary_large_image","twitter_misc":{"Becs\u00fclt olvas\u00e1si id\u0151":"2 perc"},"schema":{"@context":"https:\/\/schema.org","@graph":[{"@type":"WebPage","@id":"https:\/\/prismagamers.com\/hu\/produkt\/warhammer-40000-rogue-trader-szezonberlet\/","url":"https:\/\/prismagamers.com\/hu\/produkt\/warhammer-40000-rogue-trader-szezonberlet\/","name":"Warhammer 40,000: Rogue Trader - Szezonb\u00e9rlet - Prismagamers.com","isPartOf":{"@id":"https:\/\/prismagamers.com\/hu\/#website"},"primaryImageOfPage":{"@id":"https:\/\/prismagamers.com\/hu\/produkt\/warhammer-40000-rogue-trader-szezonberlet\/#primaryimage"},"image":{"@id":"https:\/\/prismagamers.com\/hu\/produkt\/warhammer-40000-rogue-trader-szezonberlet\/#primaryimage"},"thumbnailUrl":"https:\/\/prismagamers.com\/wp-content\/uploads\/2024\/06\/Warhammer-40000-Rogue-Trader-Season-Pass-e1718124471236.jpg","datePublished":"2024-06-11T16:41:36+00:00","dateModified":"2026-03-04T00:23:42+00:00","description":"A Warhammer 40,000: Rogue Trader kieg\u00e9sz\u00edt\u0151 csomagja, amelyet a Games Workshop egy\u00fcttm\u0171k\u00f6d\u00e9s\u00e9vel fejlesztettek ki. Egy t\u00f6rt\u00e9netben gazdag klasszikus RPG az Owlcat Games-t\u0151l, a kritikusok \u00e1ltal elismert Pathfinder: Wrath of the Righteous alkot\u00f3it\u00f3l. \ud83c\udf0d Glob\u00e1lis \u2699\ufe0f Steam \ud83d\udddd Digit\u00e1lis kulcs","breadcrumb":{"@id":"https:\/\/prismagamers.com\/hu\/produkt\/warhammer-40000-rogue-trader-szezonberlet\/#breadcrumb"},"inLanguage":"hu","potentialAction":[{"@type":"ReadAction","target":["https:\/\/prismagamers.com\/hu\/produkt\/warhammer-40000-rogue-trader-szezonberlet\/"]}]},{"@type":"ImageObject","inLanguage":"hu","@id":"https:\/\/prismagamers.com\/hu\/produkt\/warhammer-40000-rogue-trader-szezonberlet\/#primaryimage","url":"https:\/\/prismagamers.com\/wp-content\/uploads\/2024\/06\/Warhammer-40000-Rogue-Trader-Season-Pass-e1718124471236.jpg","contentUrl":"https:\/\/prismagamers.com\/wp-content\/uploads\/2024\/06\/Warhammer-40000-Rogue-Trader-Season-Pass-e1718124471236.jpg","width":300,"height":450},{"@type":"BreadcrumbList","@id":"https:\/\/prismagamers.com\/hu\/produkt\/warhammer-40000-rogue-trader-szezonberlet\/#breadcrumb","itemListElement":[{"@type":"ListItem","position":1,"name":"Strona g\u0142\u00f3wna","item":"https:\/\/prismagamers.com\/hu\/prismagamers\/"},{"@type":"ListItem","position":2,"name":"Shop","item":"https:\/\/prismagamers.com\/hu\/shop\/"},{"@type":"ListItem","position":3,"name":"Warhammer 40,000: Rogue Trader &#8211; Szezonb\u00e9rlet"}]},{"@type":"WebSite","@id":"https:\/\/prismagamers.com\/hu\/#website","url":"https:\/\/prismagamers.com\/hu\/","name":"Prismagamers","description":"Sklep z grami PC I Sklep klucze Steam","publisher":{"@id":"https:\/\/prismagamers.com\/hu\/#organization"},"potentialAction":[{"@type":"SearchAction","target":{"@type":"EntryPoint","urlTemplate":"https:\/\/prismagamers.com\/hu\/?s={search_term_string}"},"query-input":{"@type":"PropertyValueSpecification","valueRequired":true,"valueName":"search_term_string"}}],"inLanguage":"hu"},{"@type":"Organization","@id":"https:\/\/prismagamers.com\/hu\/#organization","name":"Prismagamers","url":"https:\/\/prismagamers.com\/hu\/","logo":{"@type":"ImageObject","inLanguage":"hu","@id":"https:\/\/prismagamers.com\/hu\/#\/schema\/logo\/image\/","url":"https:\/\/prismagamers.com\/wp-content\/uploads\/2022\/04\/cropped-logo-Prismagamers-01-scaled-1.jpg","contentUrl":"https:\/\/prismagamers.com\/wp-content\/uploads\/2022\/04\/cropped-logo-Prismagamers-01-scaled-1.jpg","width":512,"height":512,"caption":"Prismagamers"},"image":{"@id":"https:\/\/prismagamers.com\/hu\/#\/schema\/logo\/image\/"},"sameAs":["https:\/\/www.facebook.com\/prismagamers","https:\/\/www.instagram.com\/prismagamers_grycyfrowe\/"],"description":"Prismagamers.com to dynamiczny sklep z grami cyfrowymi, stworzony z my\u015bl\u0105 o entuzjastach gier wideo. Nasza strona oferuje szerok\u0105 gam\u0119 gier komputerowych, w tym najnowsze tytu\u0142y, dobrze znane klasyki oraz gry stworzone przez niezale\u017cne studia Ca\u0142y czas d\u0105\u017cymy do rozszerzenia naszej oferty. Do\u0142\u0105cz do nas i sta\u0144 si\u0119 cz\u0119\u015bci\u0105 naszej rosn\u0105cej spo\u0142eczno\u015bci graczy!","email":"shop@prismagamers.com","telephone":"48795541705","legalName":"East Caravan Maksym \u017bukow","foundingDate":"2012-05-10","vatID":"PL8943038612","taxID":"PL8943038612","numberOfEmployees":{"@type":"QuantitativeValue","minValue":"11","maxValue":"50"}}]}},"_links":{"self":[{"href":"https:\/\/prismagamers.com\/hu\/wp-json\/wp\/v2\/product\/34282","targetHints":{"allow":["GET"]}}],"collection":[{"href":"https:\/\/prismagamers.com\/hu\/wp-json\/wp\/v2\/product"}],"about":[{"href":"https:\/\/prismagamers.com\/hu\/wp-json\/wp\/v2\/types\/product"}],"wp:featuredmedia":[{"embeddable":true,"href":"https:\/\/prismagamers.com\/hu\/wp-json\/wp\/v2\/media\/31790"}],"wp:attachment":[{"href":"https:\/\/prismagamers.com\/hu\/wp-json\/wp\/v2\/media?parent=34282"}],"wp:term":[{"taxonomy":"product_brand","embeddable":true,"href":"https:\/\/prismagamers.com\/hu\/wp-json\/wp\/v2\/product_brand?post=34282"},{"taxonomy":"product_cat","embeddable":true,"href":"https:\/\/prismagamers.com\/hu\/wp-json\/wp\/v2\/product_cat?post=34282"},{"taxonomy":"product_tag","embeddable":true,"href":"https:\/\/prismagamers.com\/hu\/wp-json\/wp\/v2\/product_tag?post=34282"}],"curies":[{"name":"wp","href":"https:\/\/api.w.org\/{rel}","templated":true}]}}