{"id":34284,"date":"2024-06-11T18:27:52","date_gmt":"2024-06-11T16:27:52","guid":{"rendered":"https:\/\/prismagamers.com\/produkt\/warhammer-40000-rogue-trader-deluxe-pack-dlc\/"},"modified":"2026-01-02T00:36:11","modified_gmt":"2026-01-01T23:36:11","slug":"warhammer-40000-rogue-trader-deluxe-pack-dlc","status":"publish","type":"product","link":"https:\/\/prismagamers.com\/hu\/produkt\/warhammer-40000-rogue-trader-deluxe-pack-dlc\/","title":{"rendered":"Warhammer 40,000: Rogue Trader Deluxe Pack DLC"},"content":{"rendered":"<div class=\"flex-shrink-0 flex flex-col relative items-end\">\n<div>\n<div class=\"pt-0.5 juice:pt-0\">\n<div class=\"gizmo-bot-avatar flex h-6 w-6 items-center justify-center overflow-hidden rounded-full juice:h-8 juice:w-8\">\n<div class=\"relative p-1 rounded-sm flex items-center justify-center bg-token-main-surface-primary text-token-text-primary h-8 w-8\"><\/div>\n<\/div>\n<\/div>\n<\/div>\n<\/div>\n<div class=\"group\/conversation-turn relative flex w-full min-w-0 flex-col agent-turn\">\n<div class=\"flex-col gap-1 md:gap-3\">\n<div class=\"flex flex-grow flex-col max-w-full\">\n<div class=\"min-h-[20px] text-message flex flex-col items-start whitespace-pre-wrap break-words [.text-message+&amp;]:mt-5 juice:w-full juice:items-end overflow-x-auto gap-2\" dir=\"auto\" data-message-author-role=\"assistant\" data-message-id=\"2a69f154-ab36-489c-b747-04458c5dd9de\">\n<div class=\"flex w-full flex-col gap-1 juice:empty:hidden juice:first:pt-[3px]\">\n<div class=\"markdown prose w-full break-words dark:prose-invert light\">\n<p>K\u00e9sz\u00fclj fel a Coronus Space-re tov\u00e1bbi j\u00e1t\u00e9kbeli t\u00e1rgyakkal \u00e9s digit\u00e1lis extr\u00e1kkal!<\/p>\n<p><strong>Ez a csomag tartalmazza:<\/strong><\/p>\n<ul>\n<li>Digit\u00e1lis m\u0171v\u00e9szeti k\u00f6nyv .Fedezze fel a Coronus Space sz\u00e9ps\u00e9g\u00e9t ebben a m\u0171v\u00e9szeti k\u00f6nyvben, amelyet tehets\u00e9ges m\u0171v\u00e9szeink \u00e9s tervez\u0151ink k\u00e9sz\u00edtettek!<\/li>\n<li>Digit\u00e1lis hangs\u00e1v. \u00c9ld \u00e1t \u00fajra minden pillanat\u00e1t a Rogue Trader l\u00e9legzetel\u00e1ll\u00edt\u00f3 hangs\u00e1vj\u00e1val, amelyet tehets\u00e9ges zeneszerz\u0151k csapata k\u00e9sz\u00edtett. Hallgasd b\u00e1rmikor az el\u00e9rhet\u0151 legjobb min\u0151s\u00e9gben, bele\u00e9rtve a FLAC \u00e9s MP3 zenesz\u00e1mokat is.  <\/li>\n<li>H\u00e1tt\u00e9rk\u00e9pcsomag Hozz\u00e1f\u00e9r\u00e9s a j\u00e1t\u00e9k leny\u0171g\u00f6z\u0151 grafik\u00e1ihoz olyan form\u00e1tumokban, amelyek t\u00f6k\u00e9letesen haszn\u00e1lhat\u00f3ak h\u00e1tt\u00e9rk\u00e9pk\u00e9nt a PC\/Mac vagy telefonodon.<\/li>\n<li>J\u00e1t\u00e9kbeli t\u00e1rgy &#8211; Firestorm oszt\u00e1ly\u00fa fregatt Egy alternat\u00edv \u0171rhaj\u00f3, amely megfelel az ig\u00e9nyeidnek, alternat\u00edv kezd\u0151 felszerel\u00e9ssel \u00e9s egyedi megjelen\u00e9ssel!<\/li>\n<li>J\u00e1t\u00e9kbeli t\u00e1rgy &#8211; Robban\u00f3 puska \u00dcsd ki az ellens\u00e9geidet ezzel az egyedi pusk\u00e1val! Lehet\u0151v\u00e9 teszi, hogy ell\u00f6kd az ellenfeleket, m\u00e9g akkor is, ha nem tal\u00e1lod el a c\u00e9lt. <\/li>\n<li>J\u00e1t\u00e9kbeli t\u00e1rgy &#8211; Szent Drusus haragj\u00e1nak l\u00e1ncos kardja Mutasd meg ezeknek az eretnekeknek, hogyan kell ezt csin\u00e1lni. Ez a l\u00e1ncos kard elveszi a ter\u00fclet t\u00e1mad\u00e1s\u00e1nak k\u00e9pess\u00e9g\u00e9t, de hihetetlen egyc\u00e9l\u00fa sebz\u00e9st ny\u00fajt egy igaz\u00e1n puszt\u00edt\u00f3 komb\u00f3 r\u00e9v\u00e9n a csapatoddal. <\/li>\n<li>J\u00e1t\u00e9kbeli t\u00e1rgy &#8211; Az automata fegyver \u00f6r\u00f6ks\u00e9ge A von Valancius-dinasztia tiszteli \u00e9s b\u00fcszke arra, hogy olyan \u0151si fegyverekhez f\u00e9rhet hozz\u00e1, mint ez az automata fegyver. A fegyver elk\u00e9sz\u00edt\u00e9s\u00e9hez sz\u00fcks\u00e9ges mesteri tud\u00e1s az id\u0151k sor\u00e1n elveszett, de maga a k\u00e9zm\u0171ves munka lehet\u0151v\u00e9 teszi a felhaszn\u00e1l\u00f3 sz\u00e1m\u00e1ra, hogy a l\u00f6v\u00e9szeti k\u00e9pess\u00e9geiket a k\u00f6vetkez\u0151 szintre emelje. <\/li>\n<\/ul>\n<p><strong>A kieg\u00e9sz\u00edt\u0151h\u00f6z a<a href=\"https:\/\/prismagamers.com\/hu\/produkt\/warhammer-40000-rogue-trader\/\"> Warhammer 40,000: Rogue Trader<\/a> alapj\u00e1t\u00e9k verzi\u00f3ja sz\u00fcks\u00e9ges.<\/strong><\/p>\n<h1 class=\"product_title entry-title\"><\/h1>\n<\/div>\n<\/div>\n<\/div>\n<\/div>\n<\/div>\n<\/div>\n","protected":false},"excerpt":{"rendered":"<p>A Warhammer 40,000: Rogue Trader kieg\u00e9sz\u00edt\u0151 csomagja, amelyet a Games Workshop egy\u00fcttm\u0171k\u00f6d\u00e9s\u00e9vel fejlesztettek ki. Egy t\u00f6rt\u00e9netben gazdag klasszikus RPG az Owlcat Games-t\u0151l, a kritikusok \u00e1ltal elismert Pathfinder: Wrath of the Righteous alkot\u00f3it\u00f3l. <\/p>\n<p>\ud83c\udf0d Glob\u00e1lis<br \/>\n\u2699\ufe0f Steam<br \/>\n\ud83d\udddd Digit\u00e1lis kulcs<\/p>\n","protected":false},"featured_media":31786,"template":"","meta":{"_acf_changed":false,"site-sidebar-layout":"default","site-content-layout":"","ast-site-content-layout":"default","site-content-style":"default","site-sidebar-style":"default","ast-global-header-display":"","ast-banner-title-visibility":"","ast-main-header-display":"","ast-hfb-above-header-display":"","ast-hfb-below-header-display":"","ast-hfb-mobile-header-display":"","site-post-title":"","ast-breadcrumbs-content":"","ast-featured-img":"","footer-sml-layout":"","ast-disable-related-posts":"","theme-transparent-header-meta":"default","adv-header-id-meta":"","stick-header-meta":"","header-above-stick-meta":"","header-main-stick-meta":"","header-below-stick-meta":"","astra-migrate-meta-layouts":"default","ast-page-background-enabled":"default","ast-page-background-meta":{"desktop":{"background-color":"var(--ast-global-color-4)","background-image":"","background-repeat":"repeat","background-position":"center center","background-size":"auto","background-attachment":"scroll","background-type":"","background-media":"","overlay-type":"","overlay-color":"","overlay-opacity":"","overlay-gradient":""},"tablet":{"background-color":"","background-image":"","background-repeat":"repeat","background-position":"center center","background-size":"auto","background-attachment":"scroll","background-type":"","background-media":"","overlay-type":"","overlay-color":"","overlay-opacity":"","overlay-gradient":""},"mobile":{"background-color":"","background-image":"","background-repeat":"repeat","background-position":"center center","background-size":"auto","background-attachment":"scroll","background-type":"","background-media":"","overlay-type":"","overlay-color":"","overlay-opacity":"","overlay-gradient":""}},"ast-content-background-meta":{"desktop":{"background-color":"var(--ast-global-color-5)","background-image":"","background-repeat":"repeat","background-position":"center center","background-size":"auto","background-attachment":"scroll","background-type":"","background-media":"","overlay-type":"","overlay-color":"","overlay-opacity":"","overlay-gradient":""},"tablet":{"background-color":"var(--ast-global-color-5)","background-image":"","background-repeat":"repeat","background-position":"center center","background-size":"auto","background-attachment":"scroll","background-type":"","background-media":"","overlay-type":"","overlay-color":"","overlay-opacity":"","overlay-gradient":""},"mobile":{"background-color":"var(--ast-global-color-5)","background-image":"","background-repeat":"repeat","background-position":"center center","background-size":"auto","background-attachment":"scroll","background-type":"","background-media":"","overlay-type":"","overlay-color":"","overlay-opacity":"","overlay-gradient":""}}},"product_brand":[],"product_cat":[368,365,363,366,367,364],"product_tag":[],"class_list":{"0":"post-34284","1":"product","2":"type-product","3":"status-publish","4":"has-post-thumbnail","6":"product_cat-dlc-hu","7":"product_cat-goz","8":"product_cat-kaland-jatekok","9":"product_cat-meta-publishing-hu","10":"product_cat-pc-jatekok","11":"product_cat-rpg-k","12":"desktop-align-left","13":"tablet-align-left","14":"mobile-align-left","16":"first","17":"instock","18":"virtual","19":"purchasable","20":"product-type-simple"},"acf":[],"yoast_head":"<!-- This site is optimized with the Yoast SEO Premium plugin v27.4 (Yoast SEO v27.4) - https:\/\/yoast.com\/product\/yoast-seo-premium-wordpress\/ -->\n<title>Warhammer 40,000: Rogue Trader Deluxe Pack DLC - Prismagamers.com<\/title>\n<meta name=\"description\" content=\"A Warhammer 40,000: Rogue Trader kieg\u00e9sz\u00edt\u0151 csomagja, amelyet a Games Workshop egy\u00fcttm\u0171k\u00f6d\u00e9s\u00e9vel fejlesztettek ki. Egy t\u00f6rt\u00e9netben gazdag klasszikus RPG az Owlcat Games-t\u0151l, a kritikusok \u00e1ltal elismert Pathfinder: Wrath of the Righteous alkot\u00f3it\u00f3l.  \ud83c\udf0d Glob\u00e1lis \u2699\ufe0f Steam \ud83d\udddd Digit\u00e1lis kulcs\" \/>\n<meta name=\"robots\" content=\"index, follow, max-snippet:-1, max-image-preview:large, max-video-preview:-1\" \/>\n<link rel=\"canonical\" href=\"https:\/\/prismagamers.com\/hu\/produkt\/warhammer-40000-rogue-trader-deluxe-pack-dlc\/\" \/>\n<meta property=\"og:locale\" content=\"hu_HU\" \/>\n<meta property=\"og:type\" content=\"article\" \/>\n<meta property=\"og:title\" content=\"Warhammer 40,000: Rogue Trader Deluxe Pack DLC\" \/>\n<meta property=\"og:description\" content=\"A Warhammer 40,000: Rogue Trader kieg\u00e9sz\u00edt\u0151 csomagja, amelyet a Games Workshop egy\u00fcttm\u0171k\u00f6d\u00e9s\u00e9vel fejlesztettek ki. Egy t\u00f6rt\u00e9netben gazdag klasszikus RPG az Owlcat Games-t\u0151l, a kritikusok \u00e1ltal elismert Pathfinder: Wrath of the Righteous alkot\u00f3it\u00f3l.  \ud83c\udf0d Glob\u00e1lis \u2699\ufe0f Steam \ud83d\udddd Digit\u00e1lis kulcs\" \/>\n<meta property=\"og:url\" content=\"https:\/\/prismagamers.com\/hu\/produkt\/warhammer-40000-rogue-trader-deluxe-pack-dlc\/\" \/>\n<meta property=\"og:site_name\" content=\"Prismagamers.com\" \/>\n<meta property=\"article:publisher\" content=\"https:\/\/www.facebook.com\/prismagamers\" \/>\n<meta property=\"article:modified_time\" content=\"2026-01-01T23:36:11+00:00\" \/>\n<meta property=\"og:image\" content=\"https:\/\/prismagamers.com\/wp-content\/uploads\/2024\/06\/Warhammer-40000-Rogue-Trader-Deluxe-Pack-e1718123908256.jpg\" \/>\n\t<meta property=\"og:image:width\" content=\"300\" \/>\n\t<meta property=\"og:image:height\" content=\"450\" \/>\n\t<meta property=\"og:image:type\" content=\"image\/jpeg\" \/>\n<meta name=\"twitter:card\" content=\"summary_large_image\" \/>\n<meta name=\"twitter:label1\" content=\"Becs\u00fclt olvas\u00e1si id\u0151\" \/>\n\t<meta name=\"twitter:data1\" content=\"2 perc\" \/>\n<script type=\"application\/ld+json\" class=\"yoast-schema-graph\">{\"@context\":\"https:\\\/\\\/schema.org\",\"@graph\":[{\"@type\":\"WebPage\",\"@id\":\"https:\\\/\\\/prismagamers.com\\\/hu\\\/produkt\\\/warhammer-40000-rogue-trader-deluxe-pack-dlc\\\/\",\"url\":\"https:\\\/\\\/prismagamers.com\\\/hu\\\/produkt\\\/warhammer-40000-rogue-trader-deluxe-pack-dlc\\\/\",\"name\":\"Warhammer 40,000: Rogue Trader Deluxe Pack DLC - Prismagamers.com\",\"isPartOf\":{\"@id\":\"https:\\\/\\\/prismagamers.com\\\/hu\\\/#website\"},\"primaryImageOfPage\":{\"@id\":\"https:\\\/\\\/prismagamers.com\\\/hu\\\/produkt\\\/warhammer-40000-rogue-trader-deluxe-pack-dlc\\\/#primaryimage\"},\"image\":{\"@id\":\"https:\\\/\\\/prismagamers.com\\\/hu\\\/produkt\\\/warhammer-40000-rogue-trader-deluxe-pack-dlc\\\/#primaryimage\"},\"thumbnailUrl\":\"https:\\\/\\\/prismagamers.com\\\/wp-content\\\/uploads\\\/2024\\\/06\\\/Warhammer-40000-Rogue-Trader-Deluxe-Pack-e1718123908256.jpg\",\"datePublished\":\"2024-06-11T16:27:52+00:00\",\"dateModified\":\"2026-01-01T23:36:11+00:00\",\"description\":\"A Warhammer 40,000: Rogue Trader kieg\u00e9sz\u00edt\u0151 csomagja, amelyet a Games Workshop egy\u00fcttm\u0171k\u00f6d\u00e9s\u00e9vel fejlesztettek ki. Egy t\u00f6rt\u00e9netben gazdag klasszikus RPG az Owlcat Games-t\u0151l, a kritikusok \u00e1ltal elismert Pathfinder: Wrath of the Righteous alkot\u00f3it\u00f3l. \ud83c\udf0d Glob\u00e1lis \u2699\ufe0f Steam \ud83d\udddd Digit\u00e1lis kulcs\",\"breadcrumb\":{\"@id\":\"https:\\\/\\\/prismagamers.com\\\/hu\\\/produkt\\\/warhammer-40000-rogue-trader-deluxe-pack-dlc\\\/#breadcrumb\"},\"inLanguage\":\"hu\",\"potentialAction\":[{\"@type\":\"ReadAction\",\"target\":[\"https:\\\/\\\/prismagamers.com\\\/hu\\\/produkt\\\/warhammer-40000-rogue-trader-deluxe-pack-dlc\\\/\"]}]},{\"@type\":\"ImageObject\",\"inLanguage\":\"hu\",\"@id\":\"https:\\\/\\\/prismagamers.com\\\/hu\\\/produkt\\\/warhammer-40000-rogue-trader-deluxe-pack-dlc\\\/#primaryimage\",\"url\":\"https:\\\/\\\/prismagamers.com\\\/wp-content\\\/uploads\\\/2024\\\/06\\\/Warhammer-40000-Rogue-Trader-Deluxe-Pack-e1718123908256.jpg\",\"contentUrl\":\"https:\\\/\\\/prismagamers.com\\\/wp-content\\\/uploads\\\/2024\\\/06\\\/Warhammer-40000-Rogue-Trader-Deluxe-Pack-e1718123908256.jpg\",\"width\":300,\"height\":450},{\"@type\":\"BreadcrumbList\",\"@id\":\"https:\\\/\\\/prismagamers.com\\\/hu\\\/produkt\\\/warhammer-40000-rogue-trader-deluxe-pack-dlc\\\/#breadcrumb\",\"itemListElement\":[{\"@type\":\"ListItem\",\"position\":1,\"name\":\"Strona g\u0142\u00f3wna\",\"item\":\"https:\\\/\\\/prismagamers.com\\\/hu\\\/prismagamers\\\/\"},{\"@type\":\"ListItem\",\"position\":2,\"name\":\"Shop\",\"item\":\"https:\\\/\\\/prismagamers.com\\\/hu\\\/shop\\\/\"},{\"@type\":\"ListItem\",\"position\":3,\"name\":\"Warhammer 40,000: Rogue Trader Deluxe Pack DLC\"}]},{\"@type\":\"WebSite\",\"@id\":\"https:\\\/\\\/prismagamers.com\\\/hu\\\/#website\",\"url\":\"https:\\\/\\\/prismagamers.com\\\/hu\\\/\",\"name\":\"Prismagamers\",\"description\":\"Sklep z grami PC I Sklep klucze Steam\",\"publisher\":{\"@id\":\"https:\\\/\\\/prismagamers.com\\\/hu\\\/#organization\"},\"potentialAction\":[{\"@type\":\"SearchAction\",\"target\":{\"@type\":\"EntryPoint\",\"urlTemplate\":\"https:\\\/\\\/prismagamers.com\\\/hu\\\/?s={search_term_string}\"},\"query-input\":{\"@type\":\"PropertyValueSpecification\",\"valueRequired\":true,\"valueName\":\"search_term_string\"}}],\"inLanguage\":\"hu\"},{\"@type\":\"Organization\",\"@id\":\"https:\\\/\\\/prismagamers.com\\\/hu\\\/#organization\",\"name\":\"Prismagamers\",\"url\":\"https:\\\/\\\/prismagamers.com\\\/hu\\\/\",\"logo\":{\"@type\":\"ImageObject\",\"inLanguage\":\"hu\",\"@id\":\"https:\\\/\\\/prismagamers.com\\\/hu\\\/#\\\/schema\\\/logo\\\/image\\\/\",\"url\":\"https:\\\/\\\/prismagamers.com\\\/wp-content\\\/uploads\\\/2022\\\/04\\\/cropped-logo-Prismagamers-01-scaled-1.jpg\",\"contentUrl\":\"https:\\\/\\\/prismagamers.com\\\/wp-content\\\/uploads\\\/2022\\\/04\\\/cropped-logo-Prismagamers-01-scaled-1.jpg\",\"width\":512,\"height\":512,\"caption\":\"Prismagamers\"},\"image\":{\"@id\":\"https:\\\/\\\/prismagamers.com\\\/hu\\\/#\\\/schema\\\/logo\\\/image\\\/\"},\"sameAs\":[\"https:\\\/\\\/www.facebook.com\\\/prismagamers\",\"https:\\\/\\\/www.instagram.com\\\/prismagamers_grycyfrowe\\\/\"],\"description\":\"Prismagamers.com to dynamiczny sklep z grami cyfrowymi, stworzony z my\u015bl\u0105 o entuzjastach gier wideo. Nasza strona oferuje szerok\u0105 gam\u0119 gier komputerowych, w tym najnowsze tytu\u0142y, dobrze znane klasyki oraz gry stworzone przez niezale\u017cne studia Ca\u0142y czas d\u0105\u017cymy do rozszerzenia naszej oferty. Do\u0142\u0105cz do nas i sta\u0144 si\u0119 cz\u0119\u015bci\u0105 naszej rosn\u0105cej spo\u0142eczno\u015bci graczy!\",\"email\":\"shop@prismagamers.com\",\"telephone\":\"48795541705\",\"legalName\":\"East Caravan Maksym \u017bukow\",\"foundingDate\":\"2012-05-10\",\"vatID\":\"PL8943038612\",\"taxID\":\"PL8943038612\",\"numberOfEmployees\":{\"@type\":\"QuantitativeValue\",\"minValue\":\"11\",\"maxValue\":\"50\"}}]}<\/script>\n<!-- \/ Yoast SEO Premium plugin. -->","yoast_head_json":{"title":"Warhammer 40,000: Rogue Trader Deluxe Pack DLC - Prismagamers.com","description":"A Warhammer 40,000: Rogue Trader kieg\u00e9sz\u00edt\u0151 csomagja, amelyet a Games Workshop egy\u00fcttm\u0171k\u00f6d\u00e9s\u00e9vel fejlesztettek ki. Egy t\u00f6rt\u00e9netben gazdag klasszikus RPG az Owlcat Games-t\u0151l, a kritikusok \u00e1ltal elismert Pathfinder: Wrath of the Righteous alkot\u00f3it\u00f3l.  \ud83c\udf0d Glob\u00e1lis \u2699\ufe0f Steam \ud83d\udddd Digit\u00e1lis kulcs","robots":{"index":"index","follow":"follow","max-snippet":"max-snippet:-1","max-image-preview":"max-image-preview:large","max-video-preview":"max-video-preview:-1"},"canonical":"https:\/\/prismagamers.com\/hu\/produkt\/warhammer-40000-rogue-trader-deluxe-pack-dlc\/","og_locale":"hu_HU","og_type":"article","og_title":"Warhammer 40,000: Rogue Trader Deluxe Pack DLC","og_description":"A Warhammer 40,000: Rogue Trader kieg\u00e9sz\u00edt\u0151 csomagja, amelyet a Games Workshop egy\u00fcttm\u0171k\u00f6d\u00e9s\u00e9vel fejlesztettek ki. Egy t\u00f6rt\u00e9netben gazdag klasszikus RPG az Owlcat Games-t\u0151l, a kritikusok \u00e1ltal elismert Pathfinder: Wrath of the Righteous alkot\u00f3it\u00f3l.  \ud83c\udf0d Glob\u00e1lis \u2699\ufe0f Steam \ud83d\udddd Digit\u00e1lis kulcs","og_url":"https:\/\/prismagamers.com\/hu\/produkt\/warhammer-40000-rogue-trader-deluxe-pack-dlc\/","og_site_name":"Prismagamers.com","article_publisher":"https:\/\/www.facebook.com\/prismagamers","article_modified_time":"2026-01-01T23:36:11+00:00","og_image":[{"width":300,"height":450,"url":"https:\/\/prismagamers.com\/wp-content\/uploads\/2024\/06\/Warhammer-40000-Rogue-Trader-Deluxe-Pack-e1718123908256.jpg","type":"image\/jpeg"}],"twitter_card":"summary_large_image","twitter_misc":{"Becs\u00fclt olvas\u00e1si id\u0151":"2 perc"},"schema":{"@context":"https:\/\/schema.org","@graph":[{"@type":"WebPage","@id":"https:\/\/prismagamers.com\/hu\/produkt\/warhammer-40000-rogue-trader-deluxe-pack-dlc\/","url":"https:\/\/prismagamers.com\/hu\/produkt\/warhammer-40000-rogue-trader-deluxe-pack-dlc\/","name":"Warhammer 40,000: Rogue Trader Deluxe Pack DLC - Prismagamers.com","isPartOf":{"@id":"https:\/\/prismagamers.com\/hu\/#website"},"primaryImageOfPage":{"@id":"https:\/\/prismagamers.com\/hu\/produkt\/warhammer-40000-rogue-trader-deluxe-pack-dlc\/#primaryimage"},"image":{"@id":"https:\/\/prismagamers.com\/hu\/produkt\/warhammer-40000-rogue-trader-deluxe-pack-dlc\/#primaryimage"},"thumbnailUrl":"https:\/\/prismagamers.com\/wp-content\/uploads\/2024\/06\/Warhammer-40000-Rogue-Trader-Deluxe-Pack-e1718123908256.jpg","datePublished":"2024-06-11T16:27:52+00:00","dateModified":"2026-01-01T23:36:11+00:00","description":"A Warhammer 40,000: Rogue Trader kieg\u00e9sz\u00edt\u0151 csomagja, amelyet a Games Workshop egy\u00fcttm\u0171k\u00f6d\u00e9s\u00e9vel fejlesztettek ki. Egy t\u00f6rt\u00e9netben gazdag klasszikus RPG az Owlcat Games-t\u0151l, a kritikusok \u00e1ltal elismert Pathfinder: Wrath of the Righteous alkot\u00f3it\u00f3l. \ud83c\udf0d Glob\u00e1lis \u2699\ufe0f Steam \ud83d\udddd Digit\u00e1lis kulcs","breadcrumb":{"@id":"https:\/\/prismagamers.com\/hu\/produkt\/warhammer-40000-rogue-trader-deluxe-pack-dlc\/#breadcrumb"},"inLanguage":"hu","potentialAction":[{"@type":"ReadAction","target":["https:\/\/prismagamers.com\/hu\/produkt\/warhammer-40000-rogue-trader-deluxe-pack-dlc\/"]}]},{"@type":"ImageObject","inLanguage":"hu","@id":"https:\/\/prismagamers.com\/hu\/produkt\/warhammer-40000-rogue-trader-deluxe-pack-dlc\/#primaryimage","url":"https:\/\/prismagamers.com\/wp-content\/uploads\/2024\/06\/Warhammer-40000-Rogue-Trader-Deluxe-Pack-e1718123908256.jpg","contentUrl":"https:\/\/prismagamers.com\/wp-content\/uploads\/2024\/06\/Warhammer-40000-Rogue-Trader-Deluxe-Pack-e1718123908256.jpg","width":300,"height":450},{"@type":"BreadcrumbList","@id":"https:\/\/prismagamers.com\/hu\/produkt\/warhammer-40000-rogue-trader-deluxe-pack-dlc\/#breadcrumb","itemListElement":[{"@type":"ListItem","position":1,"name":"Strona g\u0142\u00f3wna","item":"https:\/\/prismagamers.com\/hu\/prismagamers\/"},{"@type":"ListItem","position":2,"name":"Shop","item":"https:\/\/prismagamers.com\/hu\/shop\/"},{"@type":"ListItem","position":3,"name":"Warhammer 40,000: Rogue Trader Deluxe Pack DLC"}]},{"@type":"WebSite","@id":"https:\/\/prismagamers.com\/hu\/#website","url":"https:\/\/prismagamers.com\/hu\/","name":"Prismagamers","description":"Sklep z grami PC I Sklep klucze Steam","publisher":{"@id":"https:\/\/prismagamers.com\/hu\/#organization"},"potentialAction":[{"@type":"SearchAction","target":{"@type":"EntryPoint","urlTemplate":"https:\/\/prismagamers.com\/hu\/?s={search_term_string}"},"query-input":{"@type":"PropertyValueSpecification","valueRequired":true,"valueName":"search_term_string"}}],"inLanguage":"hu"},{"@type":"Organization","@id":"https:\/\/prismagamers.com\/hu\/#organization","name":"Prismagamers","url":"https:\/\/prismagamers.com\/hu\/","logo":{"@type":"ImageObject","inLanguage":"hu","@id":"https:\/\/prismagamers.com\/hu\/#\/schema\/logo\/image\/","url":"https:\/\/prismagamers.com\/wp-content\/uploads\/2022\/04\/cropped-logo-Prismagamers-01-scaled-1.jpg","contentUrl":"https:\/\/prismagamers.com\/wp-content\/uploads\/2022\/04\/cropped-logo-Prismagamers-01-scaled-1.jpg","width":512,"height":512,"caption":"Prismagamers"},"image":{"@id":"https:\/\/prismagamers.com\/hu\/#\/schema\/logo\/image\/"},"sameAs":["https:\/\/www.facebook.com\/prismagamers","https:\/\/www.instagram.com\/prismagamers_grycyfrowe\/"],"description":"Prismagamers.com to dynamiczny sklep z grami cyfrowymi, stworzony z my\u015bl\u0105 o entuzjastach gier wideo. Nasza strona oferuje szerok\u0105 gam\u0119 gier komputerowych, w tym najnowsze tytu\u0142y, dobrze znane klasyki oraz gry stworzone przez niezale\u017cne studia Ca\u0142y czas d\u0105\u017cymy do rozszerzenia naszej oferty. Do\u0142\u0105cz do nas i sta\u0144 si\u0119 cz\u0119\u015bci\u0105 naszej rosn\u0105cej spo\u0142eczno\u015bci graczy!","email":"shop@prismagamers.com","telephone":"48795541705","legalName":"East Caravan Maksym \u017bukow","foundingDate":"2012-05-10","vatID":"PL8943038612","taxID":"PL8943038612","numberOfEmployees":{"@type":"QuantitativeValue","minValue":"11","maxValue":"50"}}]}},"_links":{"self":[{"href":"https:\/\/prismagamers.com\/hu\/wp-json\/wp\/v2\/product\/34284","targetHints":{"allow":["GET"]}}],"collection":[{"href":"https:\/\/prismagamers.com\/hu\/wp-json\/wp\/v2\/product"}],"about":[{"href":"https:\/\/prismagamers.com\/hu\/wp-json\/wp\/v2\/types\/product"}],"wp:featuredmedia":[{"embeddable":true,"href":"https:\/\/prismagamers.com\/hu\/wp-json\/wp\/v2\/media\/31786"}],"wp:attachment":[{"href":"https:\/\/prismagamers.com\/hu\/wp-json\/wp\/v2\/media?parent=34284"}],"wp:term":[{"taxonomy":"product_brand","embeddable":true,"href":"https:\/\/prismagamers.com\/hu\/wp-json\/wp\/v2\/product_brand?post=34284"},{"taxonomy":"product_cat","embeddable":true,"href":"https:\/\/prismagamers.com\/hu\/wp-json\/wp\/v2\/product_cat?post=34284"},{"taxonomy":"product_tag","embeddable":true,"href":"https:\/\/prismagamers.com\/hu\/wp-json\/wp\/v2\/product_tag?post=34284"}],"curies":[{"name":"wp","href":"https:\/\/api.w.org\/{rel}","templated":true}]}}