{"id":34285,"date":"2025-01-31T22:25:09","date_gmt":"2025-01-31T21:25:09","guid":{"rendered":"https:\/\/prismagamers.com\/produkt\/drogdiler-szimulator\/"},"modified":"2026-01-02T00:36:12","modified_gmt":"2026-01-01T23:36:12","slug":"drogdiler-szimulator","status":"publish","type":"product","link":"https:\/\/prismagamers.com\/hu\/produkt\/drogdiler-szimulator\/","title":{"rendered":"Drogd\u00edler szimul\u00e1tor"},"content":{"rendered":"<h3>Teremtsd meg b\u0171nbirodalmadat &#8211; k\u00f6vetkezm\u00e9nyek n\u00e9lk\u00fcl!<\/h3>\n<p>\u00c1lmodt\u00e1l m\u00e1r arr\u00f3l, hogy fel\u00e9p\u00edted a saj\u00e1t drogbirodalmadat an\u00e9lk\u00fcl, hogy agg\u00f3dn\u00e1l a t\u00f6rv\u00e9ny \u00e9s az erk\u00f6lcs miatt? Most megvan a lehet\u0151s\u00e9ged! L\u00e9pj be az illeg\u00e1lis \u00fczlet s\u00f6t\u00e9t vil\u00e1g\u00e1ba, \u00e9s n\u00e9zd meg, hogy megvan-e benned, ami ahhoz kell, hogy a cs\u00facsra juss.  <\/p>\n<p>J\u00e1tssz a j\u00e1t\u00e9k teljes verzi\u00f3j\u00e1val, amely <strong>hat hatalmas friss\u00edt\u00e9st<\/strong> tartalmaz, amelyek \u00faj helysz\u00ednekkel, vizu\u00e1lis effektekkel, mechanik\u00e1kkal, karakterekkel, dekor\u00e1ci\u00f3kkal \u00e9s m\u00e9g sok m\u00e1ssal b\u0151v\u00edtik a j\u00e1t\u00e9kmenetet!<\/p>\n<p><img decoding=\"async\" class=\"bb_img aligncenter\" src=\"https:\/\/shared.fastly.steamstatic.com\/store_item_assets\/steam\/apps\/682990\/extras\/dds_1.gif?t=1731925822\"><\/p>\n<hr>\n<h3><strong>A kisst\u00edl\u0171 keresked\u0151b\u0151l drogb\u00e1r\u00f3 lett<\/strong><\/h3>\n<p>Szer\u00e9nyen kezded &#8211; egy sz\u0171k, koszos rejtekhelyen. A c\u00e9lod? Egy b\u0171n\u00f6z\u0151i birodalom l\u00e9trehoz\u00e1sa. Vegy\u00e9l \u00e1t ter\u00fcleteket, b\u00e9relj fel d\u00edlereket, \u00e9p\u00edts laborat\u00f3riumokat \u00e9s k\u00e9pezd ki a szem\u00e9lyzetedet. Siker\u00fcl-e \u00e1tvenned az ir\u00e1ny\u00edt\u00e1st a feketepiac felett, \u00e9s legend\u00e1v\u00e1 v\u00e1lni?    <\/p>\n<p>De vigy\u00e1zz &#8211; semmi sem megy k\u00f6nnyen ebben a vil\u00e1gban&#8230;.<\/p>\n<p><img decoding=\"async\" class=\"bb_img aligncenter\" src=\"https:\/\/shared.fastly.steamstatic.com\/store_item_assets\/steam\/apps\/682990\/extras\/dds_2.gif?t=1731925822\"><\/p>\n<hr>\n<h3><strong>Csemp\u00e9szet \u00e9s kereskedelem<\/strong><\/h3>\n<ul>\n<li>Szerezzen be \u00e1rut a kartellekt\u0151l, \u00e9s \u00fcgyesen ker\u00fclje ki a t\u00f6rv\u00e9nytisztel\u0151ket.<\/li>\n<li>Kereskedj kiskereskedelemmel vagy v\u00e1llalj nagy \u00fczleteket band\u00e1kkal.<\/li>\n<li>Legyen \u00e9ber &#8211; a verseny nem alszik, \u00e9s a DEA b\u00e1rmikor lecsaphat.<\/li>\n<\/ul>\n<p>Van benned el\u00e9g ravaszs\u00e1g \u00e9s b\u00e1tors\u00e1g, hogy mindenkit kicselezz?<\/p>\n<p><img decoding=\"async\" class=\"bb_img aligncenter\" src=\"https:\/\/shared.fastly.steamstatic.com\/store_item_assets\/steam\/apps\/682990\/extras\/dds_3.gif?t=1731925822\"><\/p>\n<hr>\n<h3><strong>Saj\u00e1t laborat\u00f3riumok \u00e9p\u00edt\u00e9se<\/strong><\/h3>\n<p>Ha elj\u00f6n az id\u0151, vegye \u00e1t a termel\u00e9s teljes ir\u00e1ny\u00edt\u00e1s\u00e1t. Az elhagyott b\u00fav\u00f3helyeket alak\u00edtsd \u00e1t professzion\u00e1lis laborat\u00f3riumokk\u00e1, \u00e9s kezdj el metamfetamint, ecstasyt, heroint \u00e9s m\u00e1s anyagokat gy\u00e1rtani. <\/p>\n<ul>\n<li>K\u00e9pezze a keresked\u0151ket termel\u00e9si szakemberekk\u00e9.<\/li>\n<li>Optimaliz\u00e1lja a folyamatokat \u00e9s maximaliz\u00e1lja a nyeres\u00e9get.<\/li>\n<li>Fektessen be a fejleszt\u00e9sbe &#8211; a laborat\u00f3riumok nagy kiad\u00e1st jelentenek, de egyben hatalmas nyeres\u00e9get is.<\/li>\n<li><img decoding=\"async\" class=\"bb_img aligncenter\" src=\"https:\/\/shared.fastly.steamstatic.com\/store_item_assets\/steam\/apps\/682990\/extras\/dds_4.gif?t=1731925822\"><\/li>\n<\/ul>\n<hr>\n<h3><strong>H\u00f3d\u00edtsa meg a feketepiacot<\/strong><\/h3>\n<p>Hatalom, p\u00e9nz, tisztelet &#8211; ez a c\u00e9lod. De ne feledd, hogy minden d\u00f6nt\u00e9snek k\u00f6vetkezm\u00e9nyei vannak. <\/p>\n<ul>\n<li>Dolgozzon egy\u00fctt a megfelel\u0151 emberekkel, hogy meger\u0151s\u00edtse poz\u00edci\u00f3j\u00e1t.<\/li>\n<li>Vigy\u00e1zz, kinek adsz el &#8211; az \u00e1rul\u00e1s a napirenden van.<\/li>\n<li>Fektesse a megkeresett milli\u00f3kat a szervezet\u00e9nek fejleszt\u00e9s\u00e9be, vagy teljes\u00edtse luxusszesz\u00e9lyeit.<\/li>\n<\/ul>\n<p>Siker\u00fcl a cs\u00facson maradnod \u00e9s a legt\u00f6bbet kihoznod a vagyonodb\u00f3l, miel\u0151tt az ellens\u00e9geid utol\u00e9rnek?<\/p>\n<hr>\n<h3><strong>A j\u00e1t\u00e9k f\u0151bb jellemz\u0151i:<\/strong><\/h3>\n<p>\u2714\ufe0f Szervezzen csemp\u00e9szetet \u00e9s ker\u00fclje el a rend\u0151rs\u00e9gi j\u00e1r\u0151r\u00f6ket.<br \/>\n\u2714\ufe0f Egyedi kever\u00e9kek l\u00e9trehoz\u00e1sa \u00e9s a forgalmaz\u00e1s kezel\u00e9se.<br \/>\n\u2714\ufe0f Kezdje az utcai \u00e9rt\u00e9kes\u00edt\u00e9ssel, majd vegye fel a kapcsolatot a band\u00e1kkal.<br \/>\n\u2714\ufe0f Uralkodjon a piacon ter\u00fclet\u00e9nek \u00e9s befoly\u00e1s\u00e1nak kiterjeszt\u00e9s\u00e9vel.<br \/>\n\u2714\ufe0f Hozzon l\u00e9tre laborat\u00f3riumokat, \u00e9s vegye \u00e1t a termel\u00e9s teljes ir\u00e1ny\u00edt\u00e1s\u00e1t.<br \/>\n\u2714\ufe0f Versenyezz a konkurenci\u00e1val, mik\u00f6zben a t\u00fal\u00e9l\u00e9s\u00e9rt k\u00fczdesz az alvil\u00e1g brut\u00e1lis vil\u00e1g\u00e1ban.<br \/>\n\u2714\ufe0f Szerezzen vagyont \u00e9s mutassa meg hatalm\u00e1t a luxusingatlanokba val\u00f3 befektet\u00e9ssel.<\/p>\n<p>Megvan benned, ami egy t\u00f6rv\u00e9nytelen birodalom uralm\u00e1hoz kell?<\/p>\n<hr>\n<p>Ez a le\u00edr\u00e1s dinamikusabb \u00e9s mag\u00e1val ragad\u00f3bb v\u00e1ltozata, amely jobban \u00e1tadja a j\u00e1t\u00e9k hangulat\u00e1t, \u00e9s arra \u00f6szt\u00f6n\u00f6z, hogy kipr\u00f3b\u00e1ld. Sz\u00f3ljatok, ha b\u00e1rmilyen jav\u00edt\u00e1st szeretn\u00e9tek! \ud83d\ude80<\/p>\n","protected":false},"excerpt":{"rendered":"<p class=\"ai-optimize-29\">Gondolt\u00e1l m\u00e1r arra, hogy saj\u00e1t b\u0171nbirodalmat alak\u00edts ki, mindenf\u00e9le jogi \u00e9s erk\u00f6lcsi k\u00f6vetkezm\u00e9ny n\u00e9lk\u00fcl? J\u00c1TSSZ A SZIMUL\u00c1TORRAL! B\u00fajj bele a drogbiznisz s\u00f6t\u00e9t sik\u00e1toraiba. Most HAT ingyenes friss\u00edt\u00e9ssel, amelyek \u00faj mechanik\u00e1kat vezetnek be,   <\/p>\n<p class=\"ai-optimize-30\">\ud83c\udf0d Glob\u00e1lis<br \/>\n\u2699\ufe0f Steam<br \/>\n\ud83d\udddd Digit\u00e1lis kulcs<\/p>\n","protected":false},"featured_media":33801,"template":"","meta":{"_acf_changed":false,"site-sidebar-layout":"default","site-content-layout":"","ast-site-content-layout":"default","site-content-style":"default","site-sidebar-style":"default","ast-global-header-display":"","ast-banner-title-visibility":"","ast-main-header-display":"","ast-hfb-above-header-display":"","ast-hfb-below-header-display":"","ast-hfb-mobile-header-display":"","site-post-title":"","ast-breadcrumbs-content":"","ast-featured-img":"","footer-sml-layout":"","ast-disable-related-posts":"","theme-transparent-header-meta":"default","adv-header-id-meta":"","stick-header-meta":"","header-above-stick-meta":"","header-main-stick-meta":"","header-below-stick-meta":"","astra-migrate-meta-layouts":"default","ast-page-background-enabled":"default","ast-page-background-meta":{"desktop":{"background-color":"var(--ast-global-color-4)","background-image":"","background-repeat":"repeat","background-position":"center center","background-size":"auto","background-attachment":"scroll","background-type":"","background-media":"","overlay-type":"","overlay-color":"","overlay-opacity":"","overlay-gradient":""},"tablet":{"background-color":"","background-image":"","background-repeat":"repeat","background-position":"center center","background-size":"auto","background-attachment":"scroll","background-type":"","background-media":"","overlay-type":"","overlay-color":"","overlay-opacity":"","overlay-gradient":""},"mobile":{"background-color":"","background-image":"","background-repeat":"repeat","background-position":"center center","background-size":"auto","background-attachment":"scroll","background-type":"","background-media":"","overlay-type":"","overlay-color":"","overlay-opacity":"","overlay-gradient":""}},"ast-content-background-meta":{"desktop":{"background-color":"var(--ast-global-color-5)","background-image":"","background-repeat":"repeat","background-position":"center center","background-size":"auto","background-attachment":"scroll","background-type":"","background-media":"","overlay-type":"","overlay-color":"","overlay-opacity":"","overlay-gradient":""},"tablet":{"background-color":"var(--ast-global-color-5)","background-image":"","background-repeat":"repeat","background-position":"center center","background-size":"auto","background-attachment":"scroll","background-type":"","background-media":"","overlay-type":"","overlay-color":"","overlay-opacity":"","overlay-gradient":""},"mobile":{"background-color":"var(--ast-global-color-5)","background-image":"","background-repeat":"repeat","background-position":"center center","background-size":"auto","background-attachment":"scroll","background-type":"","background-media":"","overlay-type":"","overlay-color":"","overlay-opacity":"","overlay-gradient":""}}},"product_brand":[],"product_cat":[371,373,365,372],"product_tag":[],"class_list":{"0":"post-34285","1":"product","2":"type-product","3":"status-publish","4":"has-post-thumbnail","6":"product_cat-akcio-jatekok","7":"product_cat-filmes-jatekok","8":"product_cat-goz","9":"product_cat-jatekok-szimulatorok","10":"desktop-align-left","11":"tablet-align-left","12":"mobile-align-left","14":"first","15":"instock","16":"virtual","17":"purchasable","18":"product-type-simple"},"acf":[],"yoast_head":"<!-- This site is optimized with the Yoast SEO Premium plugin v27.4 (Yoast SEO v27.4) - https:\/\/yoast.com\/product\/yoast-seo-premium-wordpress\/ -->\n<title>Drogd\u00edler szimul\u00e1tor - Prismagamers.com<\/title>\n<meta name=\"description\" content=\"Gondolt\u00e1l m\u00e1r arra, hogy saj\u00e1t b\u0171nbirodalmat alak\u00edts ki, mindenf\u00e9le jogi \u00e9s erk\u00f6lcsi k\u00f6vetkezm\u00e9ny n\u00e9lk\u00fcl? J\u00c1TSSZ A SZIMUL\u00c1TORRAL! B\u00fajj bele a drogbiznisz s\u00f6t\u00e9t sik\u00e1toraiba. Most HAT ingyenes friss\u00edt\u00e9ssel, amelyek \u00faj mechanik\u00e1kat vezetnek be,  \ud83c\udf0d Glob\u00e1lis \u2699\ufe0f Steam \ud83d\udddd Digit\u00e1lis kulcs\" \/>\n<meta name=\"robots\" content=\"index, follow, max-snippet:-1, max-image-preview:large, max-video-preview:-1\" \/>\n<link rel=\"canonical\" href=\"https:\/\/prismagamers.com\/hu\/produkt\/drogdiler-szimulator\/\" \/>\n<meta property=\"og:locale\" content=\"hu_HU\" \/>\n<meta property=\"og:type\" content=\"article\" \/>\n<meta property=\"og:title\" content=\"Drogd\u00edler szimul\u00e1tor\" \/>\n<meta property=\"og:description\" content=\"Gondolt\u00e1l m\u00e1r arra, hogy saj\u00e1t b\u0171nbirodalmat alak\u00edts ki, mindenf\u00e9le jogi \u00e9s erk\u00f6lcsi k\u00f6vetkezm\u00e9ny n\u00e9lk\u00fcl? J\u00c1TSSZ A SZIMUL\u00c1TORRAL! B\u00fajj bele a drogbiznisz s\u00f6t\u00e9t sik\u00e1toraiba. Most HAT ingyenes friss\u00edt\u00e9ssel, amelyek \u00faj mechanik\u00e1kat vezetnek be,  \ud83c\udf0d Glob\u00e1lis \u2699\ufe0f Steam \ud83d\udddd Digit\u00e1lis kulcs\" \/>\n<meta property=\"og:url\" content=\"https:\/\/prismagamers.com\/hu\/produkt\/drogdiler-szimulator\/\" \/>\n<meta property=\"og:site_name\" content=\"Prismagamers.com\" \/>\n<meta property=\"article:publisher\" content=\"https:\/\/www.facebook.com\/prismagamers\" \/>\n<meta property=\"article:modified_time\" content=\"2026-01-01T23:36:12+00:00\" \/>\n<meta property=\"og:image\" content=\"https:\/\/prismagamers.com\/wp-content\/uploads\/2025\/01\/uyUnt9eJ_3lPRb67ixQKWRghU2fhaSa1sLYvG9r3VKs_350x200_1x-0-e1738358695550.jpeg\" \/>\n\t<meta property=\"og:image:width\" content=\"300\" \/>\n\t<meta property=\"og:image:height\" content=\"450\" \/>\n\t<meta property=\"og:image:type\" content=\"image\/jpeg\" \/>\n<meta name=\"twitter:card\" content=\"summary_large_image\" \/>\n<meta name=\"twitter:label1\" content=\"Becs\u00fclt olvas\u00e1si id\u0151\" \/>\n\t<meta name=\"twitter:data1\" content=\"3 perc\" \/>\n<script type=\"application\/ld+json\" class=\"yoast-schema-graph\">{\"@context\":\"https:\\\/\\\/schema.org\",\"@graph\":[{\"@type\":\"WebPage\",\"@id\":\"https:\\\/\\\/prismagamers.com\\\/hu\\\/produkt\\\/drogdiler-szimulator\\\/\",\"url\":\"https:\\\/\\\/prismagamers.com\\\/hu\\\/produkt\\\/drogdiler-szimulator\\\/\",\"name\":\"Drogd\u00edler szimul\u00e1tor - Prismagamers.com\",\"isPartOf\":{\"@id\":\"https:\\\/\\\/prismagamers.com\\\/hu\\\/#website\"},\"primaryImageOfPage\":{\"@id\":\"https:\\\/\\\/prismagamers.com\\\/hu\\\/produkt\\\/drogdiler-szimulator\\\/#primaryimage\"},\"image\":{\"@id\":\"https:\\\/\\\/prismagamers.com\\\/hu\\\/produkt\\\/drogdiler-szimulator\\\/#primaryimage\"},\"thumbnailUrl\":\"https:\\\/\\\/prismagamers.com\\\/wp-content\\\/uploads\\\/2025\\\/01\\\/uyUnt9eJ_3lPRb67ixQKWRghU2fhaSa1sLYvG9r3VKs_350x200_1x-0-e1738358695550.jpeg\",\"datePublished\":\"2025-01-31T21:25:09+00:00\",\"dateModified\":\"2026-01-01T23:36:12+00:00\",\"description\":\"Gondolt\u00e1l m\u00e1r arra, hogy saj\u00e1t b\u0171nbirodalmat alak\u00edts ki, mindenf\u00e9le jogi \u00e9s erk\u00f6lcsi k\u00f6vetkezm\u00e9ny n\u00e9lk\u00fcl? J\u00c1TSSZ A SZIMUL\u00c1TORRAL! B\u00fajj bele a drogbiznisz s\u00f6t\u00e9t sik\u00e1toraiba. Most HAT ingyenes friss\u00edt\u00e9ssel, amelyek \u00faj mechanik\u00e1kat vezetnek be, \ud83c\udf0d Glob\u00e1lis \u2699\ufe0f Steam \ud83d\udddd Digit\u00e1lis kulcs\",\"breadcrumb\":{\"@id\":\"https:\\\/\\\/prismagamers.com\\\/hu\\\/produkt\\\/drogdiler-szimulator\\\/#breadcrumb\"},\"inLanguage\":\"hu\",\"potentialAction\":[{\"@type\":\"ReadAction\",\"target\":[\"https:\\\/\\\/prismagamers.com\\\/hu\\\/produkt\\\/drogdiler-szimulator\\\/\"]}]},{\"@type\":\"ImageObject\",\"inLanguage\":\"hu\",\"@id\":\"https:\\\/\\\/prismagamers.com\\\/hu\\\/produkt\\\/drogdiler-szimulator\\\/#primaryimage\",\"url\":\"https:\\\/\\\/prismagamers.com\\\/wp-content\\\/uploads\\\/2025\\\/01\\\/uyUnt9eJ_3lPRb67ixQKWRghU2fhaSa1sLYvG9r3VKs_350x200_1x-0-e1738358695550.jpeg\",\"contentUrl\":\"https:\\\/\\\/prismagamers.com\\\/wp-content\\\/uploads\\\/2025\\\/01\\\/uyUnt9eJ_3lPRb67ixQKWRghU2fhaSa1sLYvG9r3VKs_350x200_1x-0-e1738358695550.jpeg\",\"width\":300,\"height\":450,\"caption\":\"drogkeresked\u0151 szimul\u00e1tor boxshot\"},{\"@type\":\"BreadcrumbList\",\"@id\":\"https:\\\/\\\/prismagamers.com\\\/hu\\\/produkt\\\/drogdiler-szimulator\\\/#breadcrumb\",\"itemListElement\":[{\"@type\":\"ListItem\",\"position\":1,\"name\":\"Strona g\u0142\u00f3wna\",\"item\":\"https:\\\/\\\/prismagamers.com\\\/hu\\\/prismagamers\\\/\"},{\"@type\":\"ListItem\",\"position\":2,\"name\":\"Shop\",\"item\":\"https:\\\/\\\/prismagamers.com\\\/hu\\\/shop\\\/\"},{\"@type\":\"ListItem\",\"position\":3,\"name\":\"Drogd\u00edler szimul\u00e1tor\"}]},{\"@type\":\"WebSite\",\"@id\":\"https:\\\/\\\/prismagamers.com\\\/hu\\\/#website\",\"url\":\"https:\\\/\\\/prismagamers.com\\\/hu\\\/\",\"name\":\"Prismagamers\",\"description\":\"Sklep z grami PC I Sklep klucze Steam\",\"publisher\":{\"@id\":\"https:\\\/\\\/prismagamers.com\\\/hu\\\/#organization\"},\"potentialAction\":[{\"@type\":\"SearchAction\",\"target\":{\"@type\":\"EntryPoint\",\"urlTemplate\":\"https:\\\/\\\/prismagamers.com\\\/hu\\\/?s={search_term_string}\"},\"query-input\":{\"@type\":\"PropertyValueSpecification\",\"valueRequired\":true,\"valueName\":\"search_term_string\"}}],\"inLanguage\":\"hu\"},{\"@type\":\"Organization\",\"@id\":\"https:\\\/\\\/prismagamers.com\\\/hu\\\/#organization\",\"name\":\"Prismagamers\",\"url\":\"https:\\\/\\\/prismagamers.com\\\/hu\\\/\",\"logo\":{\"@type\":\"ImageObject\",\"inLanguage\":\"hu\",\"@id\":\"https:\\\/\\\/prismagamers.com\\\/hu\\\/#\\\/schema\\\/logo\\\/image\\\/\",\"url\":\"https:\\\/\\\/prismagamers.com\\\/wp-content\\\/uploads\\\/2022\\\/04\\\/cropped-logo-Prismagamers-01-scaled-1.jpg\",\"contentUrl\":\"https:\\\/\\\/prismagamers.com\\\/wp-content\\\/uploads\\\/2022\\\/04\\\/cropped-logo-Prismagamers-01-scaled-1.jpg\",\"width\":512,\"height\":512,\"caption\":\"Prismagamers\"},\"image\":{\"@id\":\"https:\\\/\\\/prismagamers.com\\\/hu\\\/#\\\/schema\\\/logo\\\/image\\\/\"},\"sameAs\":[\"https:\\\/\\\/www.facebook.com\\\/prismagamers\",\"https:\\\/\\\/www.instagram.com\\\/prismagamers_grycyfrowe\\\/\"],\"description\":\"Prismagamers.com to dynamiczny sklep z grami cyfrowymi, stworzony z my\u015bl\u0105 o entuzjastach gier wideo. Nasza strona oferuje szerok\u0105 gam\u0119 gier komputerowych, w tym najnowsze tytu\u0142y, dobrze znane klasyki oraz gry stworzone przez niezale\u017cne studia Ca\u0142y czas d\u0105\u017cymy do rozszerzenia naszej oferty. Do\u0142\u0105cz do nas i sta\u0144 si\u0119 cz\u0119\u015bci\u0105 naszej rosn\u0105cej spo\u0142eczno\u015bci graczy!\",\"email\":\"shop@prismagamers.com\",\"telephone\":\"48795541705\",\"legalName\":\"East Caravan Maksym \u017bukow\",\"foundingDate\":\"2012-05-10\",\"vatID\":\"PL8943038612\",\"taxID\":\"PL8943038612\",\"numberOfEmployees\":{\"@type\":\"QuantitativeValue\",\"minValue\":\"11\",\"maxValue\":\"50\"}}]}<\/script>\n<!-- \/ Yoast SEO Premium plugin. -->","yoast_head_json":{"title":"Drogd\u00edler szimul\u00e1tor - Prismagamers.com","description":"Gondolt\u00e1l m\u00e1r arra, hogy saj\u00e1t b\u0171nbirodalmat alak\u00edts ki, mindenf\u00e9le jogi \u00e9s erk\u00f6lcsi k\u00f6vetkezm\u00e9ny n\u00e9lk\u00fcl? J\u00c1TSSZ A SZIMUL\u00c1TORRAL! B\u00fajj bele a drogbiznisz s\u00f6t\u00e9t sik\u00e1toraiba. Most HAT ingyenes friss\u00edt\u00e9ssel, amelyek \u00faj mechanik\u00e1kat vezetnek be,  \ud83c\udf0d Glob\u00e1lis \u2699\ufe0f Steam \ud83d\udddd Digit\u00e1lis kulcs","robots":{"index":"index","follow":"follow","max-snippet":"max-snippet:-1","max-image-preview":"max-image-preview:large","max-video-preview":"max-video-preview:-1"},"canonical":"https:\/\/prismagamers.com\/hu\/produkt\/drogdiler-szimulator\/","og_locale":"hu_HU","og_type":"article","og_title":"Drogd\u00edler szimul\u00e1tor","og_description":"Gondolt\u00e1l m\u00e1r arra, hogy saj\u00e1t b\u0171nbirodalmat alak\u00edts ki, mindenf\u00e9le jogi \u00e9s erk\u00f6lcsi k\u00f6vetkezm\u00e9ny n\u00e9lk\u00fcl? J\u00c1TSSZ A SZIMUL\u00c1TORRAL! B\u00fajj bele a drogbiznisz s\u00f6t\u00e9t sik\u00e1toraiba. Most HAT ingyenes friss\u00edt\u00e9ssel, amelyek \u00faj mechanik\u00e1kat vezetnek be,  \ud83c\udf0d Glob\u00e1lis \u2699\ufe0f Steam \ud83d\udddd Digit\u00e1lis kulcs","og_url":"https:\/\/prismagamers.com\/hu\/produkt\/drogdiler-szimulator\/","og_site_name":"Prismagamers.com","article_publisher":"https:\/\/www.facebook.com\/prismagamers","article_modified_time":"2026-01-01T23:36:12+00:00","og_image":[{"width":300,"height":450,"url":"https:\/\/prismagamers.com\/wp-content\/uploads\/2025\/01\/uyUnt9eJ_3lPRb67ixQKWRghU2fhaSa1sLYvG9r3VKs_350x200_1x-0-e1738358695550.jpeg","type":"image\/jpeg"}],"twitter_card":"summary_large_image","twitter_misc":{"Becs\u00fclt olvas\u00e1si id\u0151":"3 perc"},"schema":{"@context":"https:\/\/schema.org","@graph":[{"@type":"WebPage","@id":"https:\/\/prismagamers.com\/hu\/produkt\/drogdiler-szimulator\/","url":"https:\/\/prismagamers.com\/hu\/produkt\/drogdiler-szimulator\/","name":"Drogd\u00edler szimul\u00e1tor - Prismagamers.com","isPartOf":{"@id":"https:\/\/prismagamers.com\/hu\/#website"},"primaryImageOfPage":{"@id":"https:\/\/prismagamers.com\/hu\/produkt\/drogdiler-szimulator\/#primaryimage"},"image":{"@id":"https:\/\/prismagamers.com\/hu\/produkt\/drogdiler-szimulator\/#primaryimage"},"thumbnailUrl":"https:\/\/prismagamers.com\/wp-content\/uploads\/2025\/01\/uyUnt9eJ_3lPRb67ixQKWRghU2fhaSa1sLYvG9r3VKs_350x200_1x-0-e1738358695550.jpeg","datePublished":"2025-01-31T21:25:09+00:00","dateModified":"2026-01-01T23:36:12+00:00","description":"Gondolt\u00e1l m\u00e1r arra, hogy saj\u00e1t b\u0171nbirodalmat alak\u00edts ki, mindenf\u00e9le jogi \u00e9s erk\u00f6lcsi k\u00f6vetkezm\u00e9ny n\u00e9lk\u00fcl? J\u00c1TSSZ A SZIMUL\u00c1TORRAL! B\u00fajj bele a drogbiznisz s\u00f6t\u00e9t sik\u00e1toraiba. Most HAT ingyenes friss\u00edt\u00e9ssel, amelyek \u00faj mechanik\u00e1kat vezetnek be, \ud83c\udf0d Glob\u00e1lis \u2699\ufe0f Steam \ud83d\udddd Digit\u00e1lis kulcs","breadcrumb":{"@id":"https:\/\/prismagamers.com\/hu\/produkt\/drogdiler-szimulator\/#breadcrumb"},"inLanguage":"hu","potentialAction":[{"@type":"ReadAction","target":["https:\/\/prismagamers.com\/hu\/produkt\/drogdiler-szimulator\/"]}]},{"@type":"ImageObject","inLanguage":"hu","@id":"https:\/\/prismagamers.com\/hu\/produkt\/drogdiler-szimulator\/#primaryimage","url":"https:\/\/prismagamers.com\/wp-content\/uploads\/2025\/01\/uyUnt9eJ_3lPRb67ixQKWRghU2fhaSa1sLYvG9r3VKs_350x200_1x-0-e1738358695550.jpeg","contentUrl":"https:\/\/prismagamers.com\/wp-content\/uploads\/2025\/01\/uyUnt9eJ_3lPRb67ixQKWRghU2fhaSa1sLYvG9r3VKs_350x200_1x-0-e1738358695550.jpeg","width":300,"height":450,"caption":"drogkeresked\u0151 szimul\u00e1tor boxshot"},{"@type":"BreadcrumbList","@id":"https:\/\/prismagamers.com\/hu\/produkt\/drogdiler-szimulator\/#breadcrumb","itemListElement":[{"@type":"ListItem","position":1,"name":"Strona g\u0142\u00f3wna","item":"https:\/\/prismagamers.com\/hu\/prismagamers\/"},{"@type":"ListItem","position":2,"name":"Shop","item":"https:\/\/prismagamers.com\/hu\/shop\/"},{"@type":"ListItem","position":3,"name":"Drogd\u00edler szimul\u00e1tor"}]},{"@type":"WebSite","@id":"https:\/\/prismagamers.com\/hu\/#website","url":"https:\/\/prismagamers.com\/hu\/","name":"Prismagamers","description":"Sklep z grami PC I Sklep klucze Steam","publisher":{"@id":"https:\/\/prismagamers.com\/hu\/#organization"},"potentialAction":[{"@type":"SearchAction","target":{"@type":"EntryPoint","urlTemplate":"https:\/\/prismagamers.com\/hu\/?s={search_term_string}"},"query-input":{"@type":"PropertyValueSpecification","valueRequired":true,"valueName":"search_term_string"}}],"inLanguage":"hu"},{"@type":"Organization","@id":"https:\/\/prismagamers.com\/hu\/#organization","name":"Prismagamers","url":"https:\/\/prismagamers.com\/hu\/","logo":{"@type":"ImageObject","inLanguage":"hu","@id":"https:\/\/prismagamers.com\/hu\/#\/schema\/logo\/image\/","url":"https:\/\/prismagamers.com\/wp-content\/uploads\/2022\/04\/cropped-logo-Prismagamers-01-scaled-1.jpg","contentUrl":"https:\/\/prismagamers.com\/wp-content\/uploads\/2022\/04\/cropped-logo-Prismagamers-01-scaled-1.jpg","width":512,"height":512,"caption":"Prismagamers"},"image":{"@id":"https:\/\/prismagamers.com\/hu\/#\/schema\/logo\/image\/"},"sameAs":["https:\/\/www.facebook.com\/prismagamers","https:\/\/www.instagram.com\/prismagamers_grycyfrowe\/"],"description":"Prismagamers.com to dynamiczny sklep z grami cyfrowymi, stworzony z my\u015bl\u0105 o entuzjastach gier wideo. Nasza strona oferuje szerok\u0105 gam\u0119 gier komputerowych, w tym najnowsze tytu\u0142y, dobrze znane klasyki oraz gry stworzone przez niezale\u017cne studia Ca\u0142y czas d\u0105\u017cymy do rozszerzenia naszej oferty. Do\u0142\u0105cz do nas i sta\u0144 si\u0119 cz\u0119\u015bci\u0105 naszej rosn\u0105cej spo\u0142eczno\u015bci graczy!","email":"shop@prismagamers.com","telephone":"48795541705","legalName":"East Caravan Maksym \u017bukow","foundingDate":"2012-05-10","vatID":"PL8943038612","taxID":"PL8943038612","numberOfEmployees":{"@type":"QuantitativeValue","minValue":"11","maxValue":"50"}}]}},"_links":{"self":[{"href":"https:\/\/prismagamers.com\/hu\/wp-json\/wp\/v2\/product\/34285","targetHints":{"allow":["GET"]}}],"collection":[{"href":"https:\/\/prismagamers.com\/hu\/wp-json\/wp\/v2\/product"}],"about":[{"href":"https:\/\/prismagamers.com\/hu\/wp-json\/wp\/v2\/types\/product"}],"wp:featuredmedia":[{"embeddable":true,"href":"https:\/\/prismagamers.com\/hu\/wp-json\/wp\/v2\/media\/33801"}],"wp:attachment":[{"href":"https:\/\/prismagamers.com\/hu\/wp-json\/wp\/v2\/media?parent=34285"}],"wp:term":[{"taxonomy":"product_brand","embeddable":true,"href":"https:\/\/prismagamers.com\/hu\/wp-json\/wp\/v2\/product_brand?post=34285"},{"taxonomy":"product_cat","embeddable":true,"href":"https:\/\/prismagamers.com\/hu\/wp-json\/wp\/v2\/product_cat?post=34285"},{"taxonomy":"product_tag","embeddable":true,"href":"https:\/\/prismagamers.com\/hu\/wp-json\/wp\/v2\/product_tag?post=34285"}],"curies":[{"name":"wp","href":"https:\/\/api.w.org\/{rel}","templated":true}]}}