{"id":34376,"date":"2025-02-28T17:14:51","date_gmt":"2025-02-28T16:14:51","guid":{"rendered":"https:\/\/prismagamers.com\/produkt\/genopanic-2\/"},"modified":"2026-03-05T00:00:40","modified_gmt":"2026-03-04T23:00:40","slug":"genopanic-2","status":"publish","type":"product","link":"https:\/\/prismagamers.com\/hu\/produkt\/genopanic-2\/","title":{"rendered":"Genopanic"},"content":{"rendered":"<p data-start=\"0\" data-end=\"54\">Ugorj bele a <strong data-start=\"10\" data-end=\"23\">Genopanicba<\/strong> &#8211; egy \u0151r\u00fclt (NEM)metroidvania!<\/p>\n<p data-start=\"0\" data-end=\"54\"><img decoding=\"async\" class=\"bb_img aligncenter\" src=\"https:\/\/shared.fastly.steamstatic.com\/store_item_assets\/steam\/apps\/1984190\/extras\/GP_STEAM_6_opt.gif?t=1733440029\"><\/p>\n<p data-start=\"56\" data-end=\"295\">Haszn\u00e1ld a <strong data-start=\"69\" data-end=\"90\">plazmav\u00e1g\u00f3t<\/strong>, ind\u00edtsd el a virtu\u00e1lis kuty\u00e1t <strong data-start=\"116\" data-end=\"124\">LAIK-ot<\/strong>, cselezd ki az okos macska-android <strong data-start=\"161\" data-end=\"170\">VOLGA-t<\/strong> &#8211; az \u00e1llom\u00e1s pajkos mesters\u00e9ges intelligenci\u00e1j\u00e1t, fejtsd meg a S\u00f6t\u00e9t Anyag rejt\u00e9ly\u00e9t \u00e9s vizsg\u00e1ld meg a DNS-k\u00eds\u00e9rleteket egy \u0171rkalandban!<\/p>\n<p data-start=\"56\" data-end=\"295\"><img decoding=\"async\" class=\"bb_img aligncenter\" src=\"https:\/\/shared.fastly.steamstatic.com\/store_item_assets\/steam\/apps\/1984190\/extras\/GP_STEAM_9_opt.gif?t=1733440029\"><\/p>\n<p data-start=\"297\" data-end=\"480\">Ismerd meg azokat az aranyos \u00e9s h\u00e1tborzongat\u00f3 <strong data-start=\"326\" data-end=\"340\">GMO-l\u00e9nyeket<\/strong>, amelyeket felt\u00e9tlen\u00fcl hozz\u00e1 kell adnod a gy\u0171jtem\u00e9nyedhez! Fogalmunk sincs, mivel etett\u00e9k \u0151ket a laborban, de biztosan nem hagynak majd hidegen. <\/p>\n<p data-start=\"297\" data-end=\"480\"><img decoding=\"async\" class=\"bb_img aligncenter\" src=\"https:\/\/shared.fastly.steamstatic.com\/store_item_assets\/steam\/apps\/1984190\/extras\/GP_STEAM_7_opt.gif?t=1733440029\"><\/p>\n<p data-start=\"482\" data-end=\"689\">A <strong data-start=\"494\" data-end=\"512\">l\u00e1ngsz\u00f3r\u00f3t<\/strong> vagy a <strong data-start=\"517\" data-end=\"536\">plazmav\u00e1g\u00f3t<\/strong> r\u00e9szes\u00edted el\u0151nyben? Vagy a <strong data-start=\"554\" data-end=\"575\">gravit\u00e1ci\u00f3s fegyverek<\/strong> cs\u00e1b\u00edtanak? B\u00e1rmelyikre is esik a v\u00e1laszt\u00e1sod, biztosak vagyunk benne, hogy megtal\u00e1lod a t\u00f6k\u00e9letes fegyvert, amellyel legy\u0151zhetsz minden \u00fatadba ker\u00fcl\u0151 mut\u00e1nst.  <\/p>\n<p data-start=\"691\" data-end=\"905\">Az abszurd zombikt\u00f3l kezdve a k\u00f6v\u00e9r, d\u00fch\u00f6s z\u00f6ld mut\u00e1nsokon, h\u00fasos rep\u00fcl\u0151 m\u00e9heken, k\u00fasz\u00f3 r\u00e1kf\u00e9rgeken \u00e1t a gyilkos robotokkal felszerelt <strong data-start=\"810\" data-end=\"847\">n\u0151i harci tisztogat\u00f3 osztagig<\/strong> &#8211; \u0151k a j\u00f6v\u0151 ellens\u00e9gei!<\/p>\n<p data-start=\"907\" data-end=\"1003\"><strong data-start=\"907\" data-end=\"915\">LAIK<\/strong> &#8211; egy virtu\u00e1lis kutya \u00e9s <strong data-start=\"935\" data-end=\"944\">VOLGA<\/strong> &#8211; egy pajkos android macska \u00e9s az \u00e1llom\u00e1s mesters\u00e9ges intelligenci\u00e1ja.<\/p>\n<p data-start=\"907\" data-end=\"1003\"><img decoding=\"async\" class=\"bb_img aligncenter\" src=\"https:\/\/shared.fastly.steamstatic.com\/store_item_assets\/steam\/apps\/1984190\/extras\/GP_STEAM_5_opt.gif?t=1733440029\"><\/p>\n<p data-start=\"1005\" data-end=\"1083\">Mindketten olyan im\u00e1dnival\u00f3ak, hogy legsz\u00edvesebben meg\u00f6leln\u00e9d \u0151ket&#8230;.. Ha meg tudod oldani.<\/p>\n<p data-start=\"1085\" data-end=\"1299\"><strong data-start=\"1103\" data-end=\"1124\">K\u00fcl\u00f6nb\u00f6z\u0151 befejez\u00e9sek<\/strong> v\u00e1rnak r\u00e1d. Melyik utat v\u00e1lasztod &#8211; a neh\u00e9z \u00e9s titokzatos, vagy ink\u00e1bb a vid\u00e1m \u00e9s gondtalan? D\u00f6ntsd el, mely titkokat \u00e9rdemes felfedezni, de ne feledd: a j\u00e1t\u00e9k v\u00e9ge a te d\u00f6nt\u00e9seidt\u0151l f\u00fcgg&#8230;..  <\/p>\n<hr data-start=\"1301\" data-end=\"1304\">\n<p data-start=\"1306\" data-end=\"1325\"><strong data-start=\"1306\" data-end=\"1324\">F\u0151bb jellemz\u0151k<\/strong>:<\/p>\n<ul data-start=\"1327\" data-end=\"1885\">\n<li data-start=\"1327\" data-end=\"1433\">\n<p data-start=\"1329\" data-end=\"1433\"><strong data-start=\"1329\" data-end=\"1342\">Atmoszf\u00e9ra<\/strong> &#8211; Fedezz fel egy elhagyatott \u0171r\u00e1llom\u00e1st, tele hangulatos szintekkel \u00e9s egyedi karakterekkel.<\/p>\n<\/li>\n<li data-start=\"1437\" data-end=\"1584\">\n<p data-start=\"1439\" data-end=\"1584\"><strong data-start=\"1439\" data-end=\"1447\">Fegyverek<\/strong> &#8211; Haszn\u00e1ld a fegyverek arzen\u00e1lj\u00e1t: kard, pisztoly, l\u00e1ngsz\u00f3r\u00f3 \u00e9s m\u00e9g sok m\u00e1s, hogy a leghat\u00e9konyabban gy\u0151zd le az agressz\u00edv l\u00e9nyeket.<\/p>\n<\/li>\n<li data-start=\"1588\" data-end=\"1719\">\n<p data-start=\"1590\" data-end=\"1719\"><strong data-start=\"1590\" data-end=\"1618\">Alternat\u00edv befejez\u00e9sek<\/strong> &#8211; A j\u00e1t\u00e9k nem line\u00e1ris t\u00f6rt\u00e9netet k\u00edn\u00e1l, t\u00f6bbf\u00e9le \u00fatvonallal. A befejez\u00e9s a te tetteidt\u0151l \u00e9s d\u00f6nt\u00e9seidt\u0151l f\u00fcgg. <\/p>\n<\/li>\n<li data-start=\"1723\" data-end=\"1885\">\n<p data-start=\"1725\" data-end=\"1885\"><strong data-start=\"1725\" data-end=\"1735\">Zene<\/strong> &#8211; A hangulatos hangs\u00e1v \u00e9s a k\u00e9zzel k\u00e9sz\u00edtett hangeffektek egyedi hangulatot teremtenek a j\u00e1t\u00e9khoz, \u00e9s igazi \u0171rkalandba cs\u00f6ppentik az embert.<\/p>\n<\/li>\n<\/ul>\n","protected":false},"excerpt":{"rendered":"<p><strong data-start=\"0\" data-end=\"13\" data-is-only-node=\"\">A Genopanic<\/strong> egy Metroidvania ihlette platform-kalandj\u00e1t\u00e9k, amelyet pixel-art l\u00e1tv\u00e1nyvil\u00e1ggal hoztak l\u00e9tre. Fedezd fel az \u0171r\u00e1llom\u00e1s titkokkal \u00e9s vesz\u00e9lyekkel teli folyos\u00f3it, \u00e9s n\u00e9zz szembe hatalmas f\u0151n\u00f6k\u00f6kkel. Oldj meg rejtv\u00e9nyeket \u00e9s fedezz fel rejtett titkokat a kutat\u00f3komplexum s\u00f6t\u00e9t sci-fi hangulat\u00e1ban. Fedezd fel az igazs\u00e1got minden egyes l\u00e9p\u00e9ssel!   <\/p>\n<p>\ud83c\udf0d Glob\u00e1lis<br \/>\n\u2699\ufe0f Steam<br \/>\n\ud83d\udddd Digit\u00e1lis kulcs<\/p>\n","protected":false},"featured_media":34324,"template":"","meta":{"_acf_changed":false,"site-sidebar-layout":"default","site-content-layout":"","ast-site-content-layout":"default","site-content-style":"default","site-sidebar-style":"default","ast-global-header-display":"","ast-banner-title-visibility":"","ast-main-header-display":"","ast-hfb-above-header-display":"","ast-hfb-below-header-display":"","ast-hfb-mobile-header-display":"","site-post-title":"","ast-breadcrumbs-content":"","ast-featured-img":"","footer-sml-layout":"","ast-disable-related-posts":"","theme-transparent-header-meta":"default","adv-header-id-meta":"","stick-header-meta":"","header-above-stick-meta":"","header-main-stick-meta":"","header-below-stick-meta":"","astra-migrate-meta-layouts":"default","ast-page-background-enabled":"default","ast-page-background-meta":{"desktop":{"background-color":"var(--ast-global-color-4)","background-image":"","background-repeat":"repeat","background-position":"center center","background-size":"auto","background-attachment":"scroll","background-type":"","background-media":"","overlay-type":"","overlay-color":"","overlay-opacity":"","overlay-gradient":""},"tablet":{"background-color":"","background-image":"","background-repeat":"repeat","background-position":"center center","background-size":"auto","background-attachment":"scroll","background-type":"","background-media":"","overlay-type":"","overlay-color":"","overlay-opacity":"","overlay-gradient":""},"mobile":{"background-color":"","background-image":"","background-repeat":"repeat","background-position":"center center","background-size":"auto","background-attachment":"scroll","background-type":"","background-media":"","overlay-type":"","overlay-color":"","overlay-opacity":"","overlay-gradient":""}},"ast-content-background-meta":{"desktop":{"background-color":"var(--ast-global-color-5)","background-image":"","background-repeat":"repeat","background-position":"center center","background-size":"auto","background-attachment":"scroll","background-type":"","background-media":"","overlay-type":"","overlay-color":"","overlay-opacity":"","overlay-gradient":""},"tablet":{"background-color":"var(--ast-global-color-5)","background-image":"","background-repeat":"repeat","background-position":"center center","background-size":"auto","background-attachment":"scroll","background-type":"","background-media":"","overlay-type":"","overlay-color":"","overlay-opacity":"","overlay-gradient":""},"mobile":{"background-color":"var(--ast-global-color-5)","background-image":"","background-repeat":"repeat","background-position":"center center","background-size":"auto","background-attachment":"scroll","background-type":"","background-media":"","overlay-type":"","overlay-color":"","overlay-opacity":"","overlay-gradient":""}}},"product_brand":[],"product_cat":[371,369,425],"product_tag":[],"class_list":{"0":"post-34376","1":"product","2":"type-product","3":"status-publish","4":"has-post-thumbnail","6":"product_cat-akcio-jatekok","7":"product_cat-csarnokok","8":"product_cat-platform-jatekok","9":"desktop-align-left","10":"tablet-align-left","11":"mobile-align-left","13":"first","14":"instock","15":"virtual","16":"purchasable","17":"product-type-simple"},"acf":[],"yoast_head":"<!-- This site is optimized with the Yoast SEO Premium plugin v27.4 (Yoast SEO v27.4) - https:\/\/yoast.com\/product\/yoast-seo-premium-wordpress\/ -->\n<title>Genopanic - Prismagamers.com<\/title>\n<meta name=\"description\" content=\"A Genopanic egy Metroidvania ihlette platform-kalandj\u00e1t\u00e9k, amelyet pixel-art l\u00e1tv\u00e1nyvil\u00e1ggal hoztak l\u00e9tre. Fedezd fel az \u0171r\u00e1llom\u00e1s titkokkal \u00e9s vesz\u00e9lyekkel teli folyos\u00f3it, \u00e9s n\u00e9zz szembe hatalmas f\u0151n\u00f6k\u00f6kkel. Oldj meg rejtv\u00e9nyeket \u00e9s fedezz fel rejtett titkokat a kutat\u00f3komplexum s\u00f6t\u00e9t sci-fi hangulat\u00e1ban. Fedezd fel az igazs\u00e1got minden egyes l\u00e9p\u00e9ssel!   \ud83c\udf0d Glob\u00e1lis \u2699\ufe0f Steam \ud83d\udddd Digit\u00e1lis kulcs\" \/>\n<meta name=\"robots\" content=\"index, follow, max-snippet:-1, max-image-preview:large, max-video-preview:-1\" \/>\n<link rel=\"canonical\" href=\"https:\/\/prismagamers.com\/hu\/produkt\/genopanic-2\/\" \/>\n<meta property=\"og:locale\" content=\"hu_HU\" \/>\n<meta property=\"og:type\" content=\"article\" \/>\n<meta property=\"og:title\" content=\"Genopanic\" \/>\n<meta property=\"og:description\" content=\"A Genopanic egy Metroidvania ihlette platform-kalandj\u00e1t\u00e9k, amelyet pixel-art l\u00e1tv\u00e1nyvil\u00e1ggal hoztak l\u00e9tre. Fedezd fel az \u0171r\u00e1llom\u00e1s titkokkal \u00e9s vesz\u00e9lyekkel teli folyos\u00f3it, \u00e9s n\u00e9zz szembe hatalmas f\u0151n\u00f6k\u00f6kkel. Oldj meg rejtv\u00e9nyeket \u00e9s fedezz fel rejtett titkokat a kutat\u00f3komplexum s\u00f6t\u00e9t sci-fi hangulat\u00e1ban. Fedezd fel az igazs\u00e1got minden egyes l\u00e9p\u00e9ssel!   \ud83c\udf0d Glob\u00e1lis \u2699\ufe0f Steam \ud83d\udddd Digit\u00e1lis kulcs\" \/>\n<meta property=\"og:url\" content=\"https:\/\/prismagamers.com\/hu\/produkt\/genopanic-2\/\" \/>\n<meta property=\"og:site_name\" content=\"Prismagamers.com\" \/>\n<meta property=\"article:publisher\" content=\"https:\/\/www.facebook.com\/prismagamers\" \/>\n<meta property=\"article:modified_time\" content=\"2026-03-04T23:00:40+00:00\" \/>\n<meta property=\"og:image\" content=\"https:\/\/prismagamers.com\/wp-content\/uploads\/2025\/02\/library_600x900_2x-10-e1740759187916.jpg\" \/>\n\t<meta property=\"og:image:width\" content=\"600\" \/>\n\t<meta property=\"og:image:height\" content=\"900\" \/>\n\t<meta property=\"og:image:type\" content=\"image\/jpeg\" \/>\n<meta name=\"twitter:card\" content=\"summary_large_image\" \/>\n<meta name=\"twitter:label1\" content=\"Becs\u00fclt olvas\u00e1si id\u0151\" \/>\n\t<meta name=\"twitter:data1\" content=\"2 perc\" \/>\n<script type=\"application\/ld+json\" class=\"yoast-schema-graph\">{\"@context\":\"https:\\\/\\\/schema.org\",\"@graph\":[{\"@type\":\"WebPage\",\"@id\":\"https:\\\/\\\/prismagamers.com\\\/hu\\\/produkt\\\/genopanic-2\\\/\",\"url\":\"https:\\\/\\\/prismagamers.com\\\/hu\\\/produkt\\\/genopanic-2\\\/\",\"name\":\"Genopanic - Prismagamers.com\",\"isPartOf\":{\"@id\":\"https:\\\/\\\/prismagamers.com\\\/hu\\\/#website\"},\"primaryImageOfPage\":{\"@id\":\"https:\\\/\\\/prismagamers.com\\\/hu\\\/produkt\\\/genopanic-2\\\/#primaryimage\"},\"image\":{\"@id\":\"https:\\\/\\\/prismagamers.com\\\/hu\\\/produkt\\\/genopanic-2\\\/#primaryimage\"},\"thumbnailUrl\":\"https:\\\/\\\/prismagamers.com\\\/wp-content\\\/uploads\\\/2025\\\/02\\\/library_600x900_2x-10-e1740759187916.jpg\",\"datePublished\":\"2025-02-28T16:14:51+00:00\",\"dateModified\":\"2026-03-04T23:00:40+00:00\",\"description\":\"A Genopanic egy Metroidvania ihlette platform-kalandj\u00e1t\u00e9k, amelyet pixel-art l\u00e1tv\u00e1nyvil\u00e1ggal hoztak l\u00e9tre. Fedezd fel az \u0171r\u00e1llom\u00e1s titkokkal \u00e9s vesz\u00e9lyekkel teli folyos\u00f3it, \u00e9s n\u00e9zz szembe hatalmas f\u0151n\u00f6k\u00f6kkel. Oldj meg rejtv\u00e9nyeket \u00e9s fedezz fel rejtett titkokat a kutat\u00f3komplexum s\u00f6t\u00e9t sci-fi hangulat\u00e1ban. Fedezd fel az igazs\u00e1got minden egyes l\u00e9p\u00e9ssel! \ud83c\udf0d Glob\u00e1lis \u2699\ufe0f Steam \ud83d\udddd Digit\u00e1lis kulcs\",\"breadcrumb\":{\"@id\":\"https:\\\/\\\/prismagamers.com\\\/hu\\\/produkt\\\/genopanic-2\\\/#breadcrumb\"},\"inLanguage\":\"hu\",\"potentialAction\":[{\"@type\":\"ReadAction\",\"target\":[\"https:\\\/\\\/prismagamers.com\\\/hu\\\/produkt\\\/genopanic-2\\\/\"]}]},{\"@type\":\"ImageObject\",\"inLanguage\":\"hu\",\"@id\":\"https:\\\/\\\/prismagamers.com\\\/hu\\\/produkt\\\/genopanic-2\\\/#primaryimage\",\"url\":\"https:\\\/\\\/prismagamers.com\\\/wp-content\\\/uploads\\\/2025\\\/02\\\/library_600x900_2x-10-e1740759187916.jpg\",\"contentUrl\":\"https:\\\/\\\/prismagamers.com\\\/wp-content\\\/uploads\\\/2025\\\/02\\\/library_600x900_2x-10-e1740759187916.jpg\",\"width\":600,\"height\":900,\"caption\":\"Genopanic bor\u00edt\u00f3\"},{\"@type\":\"BreadcrumbList\",\"@id\":\"https:\\\/\\\/prismagamers.com\\\/hu\\\/produkt\\\/genopanic-2\\\/#breadcrumb\",\"itemListElement\":[{\"@type\":\"ListItem\",\"position\":1,\"name\":\"Strona g\u0142\u00f3wna\",\"item\":\"https:\\\/\\\/prismagamers.com\\\/hu\\\/prismagamers\\\/\"},{\"@type\":\"ListItem\",\"position\":2,\"name\":\"Shop\",\"item\":\"https:\\\/\\\/prismagamers.com\\\/hu\\\/shop\\\/\"},{\"@type\":\"ListItem\",\"position\":3,\"name\":\"Genopanic\"}]},{\"@type\":\"WebSite\",\"@id\":\"https:\\\/\\\/prismagamers.com\\\/hu\\\/#website\",\"url\":\"https:\\\/\\\/prismagamers.com\\\/hu\\\/\",\"name\":\"Prismagamers\",\"description\":\"Sklep z grami PC I Sklep klucze Steam\",\"publisher\":{\"@id\":\"https:\\\/\\\/prismagamers.com\\\/hu\\\/#organization\"},\"potentialAction\":[{\"@type\":\"SearchAction\",\"target\":{\"@type\":\"EntryPoint\",\"urlTemplate\":\"https:\\\/\\\/prismagamers.com\\\/hu\\\/?s={search_term_string}\"},\"query-input\":{\"@type\":\"PropertyValueSpecification\",\"valueRequired\":true,\"valueName\":\"search_term_string\"}}],\"inLanguage\":\"hu\"},{\"@type\":\"Organization\",\"@id\":\"https:\\\/\\\/prismagamers.com\\\/hu\\\/#organization\",\"name\":\"Prismagamers\",\"url\":\"https:\\\/\\\/prismagamers.com\\\/hu\\\/\",\"logo\":{\"@type\":\"ImageObject\",\"inLanguage\":\"hu\",\"@id\":\"https:\\\/\\\/prismagamers.com\\\/hu\\\/#\\\/schema\\\/logo\\\/image\\\/\",\"url\":\"https:\\\/\\\/prismagamers.com\\\/wp-content\\\/uploads\\\/2022\\\/04\\\/cropped-logo-Prismagamers-01-scaled-1.jpg\",\"contentUrl\":\"https:\\\/\\\/prismagamers.com\\\/wp-content\\\/uploads\\\/2022\\\/04\\\/cropped-logo-Prismagamers-01-scaled-1.jpg\",\"width\":512,\"height\":512,\"caption\":\"Prismagamers\"},\"image\":{\"@id\":\"https:\\\/\\\/prismagamers.com\\\/hu\\\/#\\\/schema\\\/logo\\\/image\\\/\"},\"sameAs\":[\"https:\\\/\\\/www.facebook.com\\\/prismagamers\",\"https:\\\/\\\/www.instagram.com\\\/prismagamers_grycyfrowe\\\/\"],\"description\":\"Prismagamers.com to dynamiczny sklep z grami cyfrowymi, stworzony z my\u015bl\u0105 o entuzjastach gier wideo. Nasza strona oferuje szerok\u0105 gam\u0119 gier komputerowych, w tym najnowsze tytu\u0142y, dobrze znane klasyki oraz gry stworzone przez niezale\u017cne studia Ca\u0142y czas d\u0105\u017cymy do rozszerzenia naszej oferty. Do\u0142\u0105cz do nas i sta\u0144 si\u0119 cz\u0119\u015bci\u0105 naszej rosn\u0105cej spo\u0142eczno\u015bci graczy!\",\"email\":\"shop@prismagamers.com\",\"telephone\":\"48795541705\",\"legalName\":\"East Caravan Maksym \u017bukow\",\"foundingDate\":\"2012-05-10\",\"vatID\":\"PL8943038612\",\"taxID\":\"PL8943038612\",\"numberOfEmployees\":{\"@type\":\"QuantitativeValue\",\"minValue\":\"11\",\"maxValue\":\"50\"}}]}<\/script>\n<!-- \/ Yoast SEO Premium plugin. -->","yoast_head_json":{"title":"Genopanic - Prismagamers.com","description":"A Genopanic egy Metroidvania ihlette platform-kalandj\u00e1t\u00e9k, amelyet pixel-art l\u00e1tv\u00e1nyvil\u00e1ggal hoztak l\u00e9tre. Fedezd fel az \u0171r\u00e1llom\u00e1s titkokkal \u00e9s vesz\u00e9lyekkel teli folyos\u00f3it, \u00e9s n\u00e9zz szembe hatalmas f\u0151n\u00f6k\u00f6kkel. Oldj meg rejtv\u00e9nyeket \u00e9s fedezz fel rejtett titkokat a kutat\u00f3komplexum s\u00f6t\u00e9t sci-fi hangulat\u00e1ban. Fedezd fel az igazs\u00e1got minden egyes l\u00e9p\u00e9ssel!   \ud83c\udf0d Glob\u00e1lis \u2699\ufe0f Steam \ud83d\udddd Digit\u00e1lis kulcs","robots":{"index":"index","follow":"follow","max-snippet":"max-snippet:-1","max-image-preview":"max-image-preview:large","max-video-preview":"max-video-preview:-1"},"canonical":"https:\/\/prismagamers.com\/hu\/produkt\/genopanic-2\/","og_locale":"hu_HU","og_type":"article","og_title":"Genopanic","og_description":"A Genopanic egy Metroidvania ihlette platform-kalandj\u00e1t\u00e9k, amelyet pixel-art l\u00e1tv\u00e1nyvil\u00e1ggal hoztak l\u00e9tre. Fedezd fel az \u0171r\u00e1llom\u00e1s titkokkal \u00e9s vesz\u00e9lyekkel teli folyos\u00f3it, \u00e9s n\u00e9zz szembe hatalmas f\u0151n\u00f6k\u00f6kkel. Oldj meg rejtv\u00e9nyeket \u00e9s fedezz fel rejtett titkokat a kutat\u00f3komplexum s\u00f6t\u00e9t sci-fi hangulat\u00e1ban. Fedezd fel az igazs\u00e1got minden egyes l\u00e9p\u00e9ssel!   \ud83c\udf0d Glob\u00e1lis \u2699\ufe0f Steam \ud83d\udddd Digit\u00e1lis kulcs","og_url":"https:\/\/prismagamers.com\/hu\/produkt\/genopanic-2\/","og_site_name":"Prismagamers.com","article_publisher":"https:\/\/www.facebook.com\/prismagamers","article_modified_time":"2026-03-04T23:00:40+00:00","og_image":[{"width":600,"height":900,"url":"https:\/\/prismagamers.com\/wp-content\/uploads\/2025\/02\/library_600x900_2x-10-e1740759187916.jpg","type":"image\/jpeg"}],"twitter_card":"summary_large_image","twitter_misc":{"Becs\u00fclt olvas\u00e1si id\u0151":"2 perc"},"schema":{"@context":"https:\/\/schema.org","@graph":[{"@type":"WebPage","@id":"https:\/\/prismagamers.com\/hu\/produkt\/genopanic-2\/","url":"https:\/\/prismagamers.com\/hu\/produkt\/genopanic-2\/","name":"Genopanic - Prismagamers.com","isPartOf":{"@id":"https:\/\/prismagamers.com\/hu\/#website"},"primaryImageOfPage":{"@id":"https:\/\/prismagamers.com\/hu\/produkt\/genopanic-2\/#primaryimage"},"image":{"@id":"https:\/\/prismagamers.com\/hu\/produkt\/genopanic-2\/#primaryimage"},"thumbnailUrl":"https:\/\/prismagamers.com\/wp-content\/uploads\/2025\/02\/library_600x900_2x-10-e1740759187916.jpg","datePublished":"2025-02-28T16:14:51+00:00","dateModified":"2026-03-04T23:00:40+00:00","description":"A Genopanic egy Metroidvania ihlette platform-kalandj\u00e1t\u00e9k, amelyet pixel-art l\u00e1tv\u00e1nyvil\u00e1ggal hoztak l\u00e9tre. Fedezd fel az \u0171r\u00e1llom\u00e1s titkokkal \u00e9s vesz\u00e9lyekkel teli folyos\u00f3it, \u00e9s n\u00e9zz szembe hatalmas f\u0151n\u00f6k\u00f6kkel. Oldj meg rejtv\u00e9nyeket \u00e9s fedezz fel rejtett titkokat a kutat\u00f3komplexum s\u00f6t\u00e9t sci-fi hangulat\u00e1ban. Fedezd fel az igazs\u00e1got minden egyes l\u00e9p\u00e9ssel! \ud83c\udf0d Glob\u00e1lis \u2699\ufe0f Steam \ud83d\udddd Digit\u00e1lis kulcs","breadcrumb":{"@id":"https:\/\/prismagamers.com\/hu\/produkt\/genopanic-2\/#breadcrumb"},"inLanguage":"hu","potentialAction":[{"@type":"ReadAction","target":["https:\/\/prismagamers.com\/hu\/produkt\/genopanic-2\/"]}]},{"@type":"ImageObject","inLanguage":"hu","@id":"https:\/\/prismagamers.com\/hu\/produkt\/genopanic-2\/#primaryimage","url":"https:\/\/prismagamers.com\/wp-content\/uploads\/2025\/02\/library_600x900_2x-10-e1740759187916.jpg","contentUrl":"https:\/\/prismagamers.com\/wp-content\/uploads\/2025\/02\/library_600x900_2x-10-e1740759187916.jpg","width":600,"height":900,"caption":"Genopanic bor\u00edt\u00f3"},{"@type":"BreadcrumbList","@id":"https:\/\/prismagamers.com\/hu\/produkt\/genopanic-2\/#breadcrumb","itemListElement":[{"@type":"ListItem","position":1,"name":"Strona g\u0142\u00f3wna","item":"https:\/\/prismagamers.com\/hu\/prismagamers\/"},{"@type":"ListItem","position":2,"name":"Shop","item":"https:\/\/prismagamers.com\/hu\/shop\/"},{"@type":"ListItem","position":3,"name":"Genopanic"}]},{"@type":"WebSite","@id":"https:\/\/prismagamers.com\/hu\/#website","url":"https:\/\/prismagamers.com\/hu\/","name":"Prismagamers","description":"Sklep z grami PC I Sklep klucze Steam","publisher":{"@id":"https:\/\/prismagamers.com\/hu\/#organization"},"potentialAction":[{"@type":"SearchAction","target":{"@type":"EntryPoint","urlTemplate":"https:\/\/prismagamers.com\/hu\/?s={search_term_string}"},"query-input":{"@type":"PropertyValueSpecification","valueRequired":true,"valueName":"search_term_string"}}],"inLanguage":"hu"},{"@type":"Organization","@id":"https:\/\/prismagamers.com\/hu\/#organization","name":"Prismagamers","url":"https:\/\/prismagamers.com\/hu\/","logo":{"@type":"ImageObject","inLanguage":"hu","@id":"https:\/\/prismagamers.com\/hu\/#\/schema\/logo\/image\/","url":"https:\/\/prismagamers.com\/wp-content\/uploads\/2022\/04\/cropped-logo-Prismagamers-01-scaled-1.jpg","contentUrl":"https:\/\/prismagamers.com\/wp-content\/uploads\/2022\/04\/cropped-logo-Prismagamers-01-scaled-1.jpg","width":512,"height":512,"caption":"Prismagamers"},"image":{"@id":"https:\/\/prismagamers.com\/hu\/#\/schema\/logo\/image\/"},"sameAs":["https:\/\/www.facebook.com\/prismagamers","https:\/\/www.instagram.com\/prismagamers_grycyfrowe\/"],"description":"Prismagamers.com to dynamiczny sklep z grami cyfrowymi, stworzony z my\u015bl\u0105 o entuzjastach gier wideo. Nasza strona oferuje szerok\u0105 gam\u0119 gier komputerowych, w tym najnowsze tytu\u0142y, dobrze znane klasyki oraz gry stworzone przez niezale\u017cne studia Ca\u0142y czas d\u0105\u017cymy do rozszerzenia naszej oferty. Do\u0142\u0105cz do nas i sta\u0144 si\u0119 cz\u0119\u015bci\u0105 naszej rosn\u0105cej spo\u0142eczno\u015bci graczy!","email":"shop@prismagamers.com","telephone":"48795541705","legalName":"East Caravan Maksym \u017bukow","foundingDate":"2012-05-10","vatID":"PL8943038612","taxID":"PL8943038612","numberOfEmployees":{"@type":"QuantitativeValue","minValue":"11","maxValue":"50"}}]}},"_links":{"self":[{"href":"https:\/\/prismagamers.com\/hu\/wp-json\/wp\/v2\/product\/34376","targetHints":{"allow":["GET"]}}],"collection":[{"href":"https:\/\/prismagamers.com\/hu\/wp-json\/wp\/v2\/product"}],"about":[{"href":"https:\/\/prismagamers.com\/hu\/wp-json\/wp\/v2\/types\/product"}],"wp:featuredmedia":[{"embeddable":true,"href":"https:\/\/prismagamers.com\/hu\/wp-json\/wp\/v2\/media\/34324"}],"wp:attachment":[{"href":"https:\/\/prismagamers.com\/hu\/wp-json\/wp\/v2\/media?parent=34376"}],"wp:term":[{"taxonomy":"product_brand","embeddable":true,"href":"https:\/\/prismagamers.com\/hu\/wp-json\/wp\/v2\/product_brand?post=34376"},{"taxonomy":"product_cat","embeddable":true,"href":"https:\/\/prismagamers.com\/hu\/wp-json\/wp\/v2\/product_cat?post=34376"},{"taxonomy":"product_tag","embeddable":true,"href":"https:\/\/prismagamers.com\/hu\/wp-json\/wp\/v2\/product_tag?post=34376"}],"curies":[{"name":"wp","href":"https:\/\/api.w.org\/{rel}","templated":true}]}}