{"id":34421,"date":"2025-02-28T17:48:42","date_gmt":"2025-02-28T16:48:42","guid":{"rendered":"https:\/\/prismagamers.com\/produkt\/voroset-latok\/"},"modified":"2026-04-21T01:56:11","modified_gmt":"2026-04-20T23:56:11","slug":"i-see-red","status":"publish","type":"product","link":"https:\/\/prismagamers.com\/hu\/produkt\/i-see-red\/","title":{"rendered":"I See Red"},"content":{"rendered":"<p data-start=\"0\" data-end=\"58\"><strong data-start=\"0\" data-end=\"56\">Vedd a saj\u00e1t kezedbe az igazs\u00e1gszolg\u00e1ltat\u00e1st az <em data-start=\"43\" data-end=\"54\">I See Red-ben<\/em><\/strong><\/p>\n<p data-start=\"60\" data-end=\"174\"><strong data-start=\"60\" data-end=\"81\">K\u00fcl\u00f6nf\u00e9le<\/strong> fegyverek &#8211; A fegyverek eg\u00e9sz arzen\u00e1lja \u00e1ll rendelkez\u00e9sedre. Tal\u00e1ld meg a megfelel\u0151 eszk\u00f6zt a feladathoz.<\/p>\n<p data-start=\"176\" data-end=\"308\"><strong data-start=\"176\" data-end=\"200\">Elpuszt\u00edthat\u00f3 d\u00edszlet<\/strong> &#8211; Amikor v\u00e9gezt\u00e9l, a szoba teljesen megv\u00e1ltozik a tetteid hat\u00e1s\u00e1ra. Fess mindent v\u00f6r\u00f6sre.<\/p>\n<p data-start=\"310\" data-end=\"416\"><strong data-start=\"310\" data-end=\"334\">Bionikus k\u00e9z \u00e9s cs\u00e1klya<\/strong> &#8211; Fogd meg a fegyvereket, t\u00e1rgyakat \u00e9s m\u00e9g az ellens\u00e9get is. K\u00f6zel\u00edtsd meg \u0151ket, \u00e9s teljes\u00edtsd a c\u00e9ljaidat.<\/p>\n<p data-start=\"418\" data-end=\"524\"><strong data-start=\"418\" data-end=\"432\">D\u00fch \u00fczemm\u00f3d<\/strong> &#8211; fokozd a d\u00fch\u00f6det, \u00e9s a megfelel\u0151 pillanatban szabad\u00edtsd ki, hogy meg\u00e1ll\u00edthatatlan er\u0151v\u00e9 v\u00e1lj.<\/p>\n<p data-start=\"526\" data-end=\"662\"><strong data-start=\"526\" data-end=\"565\">Rep\u00fcl\u00e9s az \u0171rhaj\u00f3k k\u00f6z\u00f6tt<\/strong> &#8211; Keress, fosztogass \u00e9s puszt\u00edts el minden haj\u00f3t a radarodon, am\u00edg meg nem tal\u00e1lod, amit keresel.<\/p>\n<p data-start=\"664\" data-end=\"773\"><strong data-start=\"664\" data-end=\"677\">Power-upok<\/strong> &#8211; Minden szinten er\u0151sebb\u00e9 v\u00e1lsz. Tal\u00e1ld meg a megfelel\u0151 fejleszt\u00e9seket, \u00e9s igaz\u00edtsd hozz\u00e1 a harci st\u00edlusodat.<\/p>\n<p data-start=\"664\" data-end=\"773\"><img decoding=\"async\" class=\"bb_img aligncenter\" src=\"https:\/\/shared.fastly.steamstatic.com\/store_item_assets\/steam\/apps\/1594460\/extras\/steam-gif1-alpha.gif?t=1729021680\" \/><\/p>\n<hr data-start=\"775\" data-end=\"778\" \/>\n<p data-start=\"780\" data-end=\"858\"><strong data-start=\"780\" data-end=\"858\">Egy frenetikus l\u00f6v\u00f6ld\u00f6z\u0151s j\u00e1t\u00e9k mad\u00e1rt\u00e1vlatb\u00f3l, ahol a puszt\u00edt\u00e1s sz\u00e1m\u00edt<\/strong><\/p>\n<p data-start=\"860\" data-end=\"1240\"><em data-start=\"860\" data-end=\"871\">Az I See Red<\/em> felejthetetlen \u00e9lm\u00e9nyt ny\u00fajt, lehet\u0151v\u00e9 t\u00e9ve, hogy teljes puszt\u00edt\u00e1st v\u00e9gezzen \u00e9s eg\u00e9sz \u0171rhaj\u00f3kat puszt\u00edtson el. Minden, amivel kapcsolatba l\u00e9phetsz, elpuszt\u00edthat\u00f3. Minden pajzs \u00e9s minden r\u00e9szlet ezernyi darabra robbanhat. Haszn\u00e1ld ezt ki, \u00e9s fedd fel ellens\u00e9geidet. Az ellens\u00e9get saj\u00e1t kez\u0171leg is brut\u00e1lisan kiiktathatod.<\/p>\n<p data-start=\"860\" data-end=\"1240\"><img decoding=\"async\" class=\"bb_img aligncenter\" src=\"https:\/\/shared.fastly.steamstatic.com\/store_item_assets\/steam\/apps\/1594460\/extras\/steam-gif2-alpha.gif?t=1729021680\" \/><\/p>\n<hr data-start=\"1242\" data-end=\"1245\" \/>\n<p data-start=\"1247\" data-end=\"1286\"><strong data-start=\"1247\" data-end=\"1284\">A rogue-lite v\u00e9gtelen utaz\u00e1sa<\/strong><\/p>\n<p data-start=\"1288\" data-end=\"1768\">Nyomulj v\u00e9gig a galaxison, megsz\u00e1llva az emberek, robotok \u00e9s idegenek \u00e1ltal ir\u00e1ny\u00edtott \u0171rhaj\u00f3kat. Mindegyik k\u00fcl\u00f6nb\u00f6z\u0151 fegyverekkel, fejleszt\u00e9sekkel \u00e9s egyedi kih\u00edv\u00e1sokkal rendelkezik. Minden egyes alkalommal, amikor \u00faj j\u00e1t\u00e9kot kezdesz, \u00faj utakat fedezhetsz fel, er\u0151sebb k\u00e9pess\u00e9gekre tehetsz szert, olyan rettenthetetlen ellens\u00e9gekkel n\u00e9zhetsz szembe, akikkel m\u00e9g sosem tal\u00e1lkozt\u00e1l, \u00e9s v\u00e9gtelen sz\u00f3rakoz\u00e1sban lehet r\u00e9szed. F\u0171szerezd meg a j\u00e1t\u00e9kmenetet minden alkalommal, \u00e9s tal\u00e1lj innovat\u00edv m\u00f3dokat a bossz\u00fa\u00e1ll\u00e1shoz!<\/p>\n<p data-start=\"1288\" data-end=\"1768\"><img decoding=\"async\" class=\"bb_img aligncenter\" src=\"https:\/\/shared.fastly.steamstatic.com\/store_item_assets\/steam\/apps\/1594460\/extras\/steam-gif3-alpha.gif?t=1729021680\" \/><\/p>\n<hr data-start=\"1770\" data-end=\"1773\" \/>\n<p data-start=\"1775\" data-end=\"1816\"><strong data-start=\"1775\" data-end=\"1814\">Egy t\u00f6rt\u00e9net bossz\u00far\u00f3l, er\u0151szakr\u00f3l \u00e9s f\u00e1jdalomr\u00f3l<\/strong><\/p>\n<p data-start=\"1818\" data-end=\"2248\">T\u00f6rv\u00e9nyen k\u00edv\u00fclik\u00e9nt a s\u00f6t\u00e9t t\u00e9rben bolyongsz, keresve azt a szem\u00e9lyt, aki elk\u00e9pzelhetetlen f\u00e1jdalmat okozott neked. Annyira a c\u00e9lodra koncentr\u00e1lsz, hogy minden m\u00e1st figyelmen k\u00edv\u00fcl hagyt\u00e1l, \u00edgy k\u00f6rnyezeted sz\u00fcrkes\u00e9gbe s\u00fcllyed. Ehelyett a c\u00e9ljaid egyre vil\u00e1gosabb\u00e1 v\u00e1lnak, \u00e9s folyamatosan <strong data-start=\"2109\" data-end=\"2121\">pirosan<\/strong> izzanak. Bel\u00fclr\u0151l halott vagy, de pokolian elsz\u00e1nt, hogy megtudd, min kellett kereszt\u00fclmenned ahhoz, hogy azz\u00e1 v\u00e1lj, aki vagy.<\/p>\n<p data-start=\"1818\" data-end=\"2248\"><img decoding=\"async\" class=\"bb_img aligncenter\" src=\"https:\/\/shared.fastly.steamstatic.com\/store_item_assets\/steam\/apps\/1594460\/extras\/steam-gif4-alpha.gif?t=1729021680\" \/><\/p>\n","protected":false},"excerpt":{"rendered":"<p>Miut\u00e1n egy sz\u00f6rny\u0171 esem\u00e9ny k\u00f6vetkezt\u00e9ben mindent elvesz\u00edtett, Matthew Taurus &#8211; aki egykor tiszteletrem\u00e9lt\u00f3 rend\u0151r volt &#8211; kegyetlen t\u00f6rv\u00e9nyen k\u00edv\u00fcli b\u0171n\u00f6z\u0151v\u00e9 v\u00e1ltozott. Utazz balj\u00f3s \u0171rhaj\u00f3kon kereszt\u00fcl, \u00e9s \u00fcld\u00f6zd azokat, akik elvett\u00e9k az \u00e9let\u00e9t.<\/p>\n<p><img decoding=\"async\" class=\"emoji\" role=\"img\" draggable=\"false\" src=\"https:\/\/s.w.org\/images\/core\/emoji\/14.0.0\/svg\/1f30d.svg\" alt=\"\ud83c\udf0d\" \/> Glob\u00e1lis<br \/>\n<img decoding=\"async\" class=\"emoji\" role=\"img\" draggable=\"false\" src=\"https:\/\/s.w.org\/images\/core\/emoji\/14.0.0\/svg\/2699.svg\" alt=\"\u2699\ufe0f\" \/> G\u0151z<br \/>\n<img decoding=\"async\" class=\"emoji\" role=\"img\" draggable=\"false\" src=\"https:\/\/s.w.org\/images\/core\/emoji\/14.0.0\/svg\/1f5dd.svg\" alt=\"\ud83d\udddd\" \/> Digit\u00e1lis kulcs<\/p>\n","protected":false},"featured_media":34408,"template":"","meta":{"_acf_changed":false,"site-sidebar-layout":"default","site-content-layout":"","ast-site-content-layout":"default","site-content-style":"default","site-sidebar-style":"default","ast-global-header-display":"","ast-banner-title-visibility":"","ast-main-header-display":"","ast-hfb-above-header-display":"","ast-hfb-below-header-display":"","ast-hfb-mobile-header-display":"","site-post-title":"","ast-breadcrumbs-content":"","ast-featured-img":"","footer-sml-layout":"","ast-disable-related-posts":"","theme-transparent-header-meta":"default","adv-header-id-meta":"","stick-header-meta":"","header-above-stick-meta":"","header-main-stick-meta":"","header-below-stick-meta":"","astra-migrate-meta-layouts":"set","ast-page-background-enabled":"default","ast-page-background-meta":{"desktop":{"background-color":"var(--ast-global-color-4)","background-image":"","background-repeat":"repeat","background-position":"center center","background-size":"auto","background-attachment":"scroll","background-type":"","background-media":"","overlay-type":"","overlay-color":"","overlay-opacity":"","overlay-gradient":""},"tablet":{"background-color":"","background-image":"","background-repeat":"repeat","background-position":"center center","background-size":"auto","background-attachment":"scroll","background-type":"","background-media":"","overlay-type":"","overlay-color":"","overlay-opacity":"","overlay-gradient":""},"mobile":{"background-color":"","background-image":"","background-repeat":"repeat","background-position":"center center","background-size":"auto","background-attachment":"scroll","background-type":"","background-media":"","overlay-type":"","overlay-color":"","overlay-opacity":"","overlay-gradient":""}},"ast-content-background-meta":{"desktop":{"background-color":"var(--ast-global-color-5)","background-image":"","background-repeat":"repeat","background-position":"center center","background-size":"auto","background-attachment":"scroll","background-type":"","background-media":"","overlay-type":"","overlay-color":"","overlay-opacity":"","overlay-gradient":""},"tablet":{"background-color":"var(--ast-global-color-5)","background-image":"","background-repeat":"repeat","background-position":"center center","background-size":"auto","background-attachment":"scroll","background-type":"","background-media":"","overlay-type":"","overlay-color":"","overlay-opacity":"","overlay-gradient":""},"mobile":{"background-color":"var(--ast-global-color-5)","background-image":"","background-repeat":"repeat","background-position":"center center","background-size":"auto","background-attachment":"scroll","background-type":"","background-media":"","overlay-type":"","overlay-color":"","overlay-opacity":"","overlay-gradient":""}}},"product_brand":[],"product_cat":[371,369,396,335,393],"product_tag":[],"class_list":{"0":"post-34421","1":"product","2":"type-product","3":"status-publish","4":"has-post-thumbnail","6":"product_cat-akcio-jatekok","7":"product_cat-csarnokok","8":"product_cat-lovoldozos-jatekok-a-steamen","9":"product_cat-wyprzedaz","10":"product_cat-whitethorn-jatekok","11":"desktop-align-left","12":"tablet-align-left","13":"mobile-align-left","15":"first","16":"instock","17":"virtual","18":"purchasable","19":"product-type-simple"},"acf":[],"yoast_head":"<!-- This site is optimized with the Yoast SEO Premium plugin v27.4 (Yoast SEO v27.4) - https:\/\/yoast.com\/product\/yoast-seo-premium-wordpress\/ -->\n<title>I See Red - Prismagamers.com<\/title>\n<meta name=\"description\" content=\"Miut\u00e1n egy sz\u00f6rny\u0171 esem\u00e9ny k\u00f6vetkezt\u00e9ben mindent elvesz\u00edtett, Matthew Taurus - aki egykor tiszteletrem\u00e9lt\u00f3 rend\u0151r volt - kegyetlen t\u00f6rv\u00e9nyen k\u00edv\u00fcli b\u0171n\u00f6z\u0151v\u00e9 v\u00e1ltozott. Utazz balj\u00f3s \u0171rhaj\u00f3kon kereszt\u00fcl, \u00e9s \u00fcld\u00f6zd azokat, akik elvett\u00e9k az \u00e9let\u00e9t.   Glob\u00e1lis  G\u0151z  Digit\u00e1lis kulcs\" \/>\n<meta name=\"robots\" content=\"index, follow, max-snippet:-1, max-image-preview:large, max-video-preview:-1\" \/>\n<link rel=\"canonical\" href=\"https:\/\/prismagamers.com\/hu\/produkt\/i-see-red\/\" \/>\n<meta property=\"og:locale\" content=\"hu_HU\" \/>\n<meta property=\"og:type\" content=\"article\" \/>\n<meta property=\"og:title\" content=\"I See Red\" \/>\n<meta property=\"og:description\" content=\"Miut\u00e1n egy sz\u00f6rny\u0171 esem\u00e9ny k\u00f6vetkezt\u00e9ben mindent elvesz\u00edtett, Matthew Taurus - aki egykor tiszteletrem\u00e9lt\u00f3 rend\u0151r volt - kegyetlen t\u00f6rv\u00e9nyen k\u00edv\u00fcli b\u0171n\u00f6z\u0151v\u00e9 v\u00e1ltozott. Utazz balj\u00f3s \u0171rhaj\u00f3kon kereszt\u00fcl, \u00e9s \u00fcld\u00f6zd azokat, akik elvett\u00e9k az \u00e9let\u00e9t.   Glob\u00e1lis  G\u0151z  Digit\u00e1lis kulcs\" \/>\n<meta property=\"og:url\" content=\"https:\/\/prismagamers.com\/hu\/produkt\/i-see-red\/\" \/>\n<meta property=\"og:site_name\" content=\"Prismagamers.com\" \/>\n<meta property=\"article:publisher\" content=\"https:\/\/www.facebook.com\/prismagamers\" \/>\n<meta property=\"article:modified_time\" content=\"2026-04-20T23:56:11+00:00\" \/>\n<meta property=\"og:image\" content=\"https:\/\/prismagamers.com\/wp-content\/uploads\/2025\/02\/library_600x900_2x-11-e1740761244652.jpg\" \/>\n\t<meta property=\"og:image:width\" content=\"600\" \/>\n\t<meta property=\"og:image:height\" content=\"900\" \/>\n\t<meta property=\"og:image:type\" content=\"image\/jpeg\" \/>\n<meta name=\"twitter:card\" content=\"summary_large_image\" \/>\n<meta name=\"twitter:label1\" content=\"Becs\u00fclt olvas\u00e1si id\u0151\" \/>\n\t<meta name=\"twitter:data1\" content=\"3 perc\" \/>\n<script type=\"application\/ld+json\" class=\"yoast-schema-graph\">{\"@context\":\"https:\\\/\\\/schema.org\",\"@graph\":[{\"@type\":\"WebPage\",\"@id\":\"https:\\\/\\\/prismagamers.com\\\/hu\\\/produkt\\\/i-see-red\\\/\",\"url\":\"https:\\\/\\\/prismagamers.com\\\/hu\\\/produkt\\\/i-see-red\\\/\",\"name\":\"I See Red - Prismagamers.com\",\"isPartOf\":{\"@id\":\"https:\\\/\\\/prismagamers.com\\\/hu\\\/#website\"},\"primaryImageOfPage\":{\"@id\":\"https:\\\/\\\/prismagamers.com\\\/hu\\\/produkt\\\/i-see-red\\\/#primaryimage\"},\"image\":{\"@id\":\"https:\\\/\\\/prismagamers.com\\\/hu\\\/produkt\\\/i-see-red\\\/#primaryimage\"},\"thumbnailUrl\":\"https:\\\/\\\/prismagamers.com\\\/wp-content\\\/uploads\\\/2025\\\/02\\\/library_600x900_2x-11-e1740761244652.jpg\",\"datePublished\":\"2025-02-28T16:48:42+00:00\",\"dateModified\":\"2026-04-20T23:56:11+00:00\",\"description\":\"Miut\u00e1n egy sz\u00f6rny\u0171 esem\u00e9ny k\u00f6vetkezt\u00e9ben mindent elvesz\u00edtett, Matthew Taurus - aki egykor tiszteletrem\u00e9lt\u00f3 rend\u0151r volt - kegyetlen t\u00f6rv\u00e9nyen k\u00edv\u00fcli b\u0171n\u00f6z\u0151v\u00e9 v\u00e1ltozott. Utazz balj\u00f3s \u0171rhaj\u00f3kon kereszt\u00fcl, \u00e9s \u00fcld\u00f6zd azokat, akik elvett\u00e9k az \u00e9let\u00e9t. Glob\u00e1lis G\u0151z Digit\u00e1lis kulcs\",\"breadcrumb\":{\"@id\":\"https:\\\/\\\/prismagamers.com\\\/hu\\\/produkt\\\/i-see-red\\\/#breadcrumb\"},\"inLanguage\":\"hu\",\"potentialAction\":[{\"@type\":\"ReadAction\",\"target\":[\"https:\\\/\\\/prismagamers.com\\\/hu\\\/produkt\\\/i-see-red\\\/\"]}]},{\"@type\":\"ImageObject\",\"inLanguage\":\"hu\",\"@id\":\"https:\\\/\\\/prismagamers.com\\\/hu\\\/produkt\\\/i-see-red\\\/#primaryimage\",\"url\":\"https:\\\/\\\/prismagamers.com\\\/wp-content\\\/uploads\\\/2025\\\/02\\\/library_600x900_2x-11-e1740761244652.jpg\",\"contentUrl\":\"https:\\\/\\\/prismagamers.com\\\/wp-content\\\/uploads\\\/2025\\\/02\\\/library_600x900_2x-11-e1740761244652.jpg\",\"width\":600,\"height\":900,\"caption\":\"l\u00e1tom a piros bor\u00edt\u00f3t\"},{\"@type\":\"BreadcrumbList\",\"@id\":\"https:\\\/\\\/prismagamers.com\\\/hu\\\/produkt\\\/i-see-red\\\/#breadcrumb\",\"itemListElement\":[{\"@type\":\"ListItem\",\"position\":1,\"name\":\"Strona g\u0142\u00f3wna\",\"item\":\"https:\\\/\\\/prismagamers.com\\\/hu\\\/prismagamers\\\/\"},{\"@type\":\"ListItem\",\"position\":2,\"name\":\"Shop\",\"item\":\"https:\\\/\\\/prismagamers.com\\\/hu\\\/shop\\\/\"},{\"@type\":\"ListItem\",\"position\":3,\"name\":\"I See Red\"}]},{\"@type\":\"WebSite\",\"@id\":\"https:\\\/\\\/prismagamers.com\\\/hu\\\/#website\",\"url\":\"https:\\\/\\\/prismagamers.com\\\/hu\\\/\",\"name\":\"Prismagamers\",\"description\":\"Sklep z grami PC I Sklep klucze Steam\",\"publisher\":{\"@id\":\"https:\\\/\\\/prismagamers.com\\\/hu\\\/#organization\"},\"potentialAction\":[{\"@type\":\"SearchAction\",\"target\":{\"@type\":\"EntryPoint\",\"urlTemplate\":\"https:\\\/\\\/prismagamers.com\\\/hu\\\/?s={search_term_string}\"},\"query-input\":{\"@type\":\"PropertyValueSpecification\",\"valueRequired\":true,\"valueName\":\"search_term_string\"}}],\"inLanguage\":\"hu\"},{\"@type\":\"Organization\",\"@id\":\"https:\\\/\\\/prismagamers.com\\\/hu\\\/#organization\",\"name\":\"Prismagamers\",\"url\":\"https:\\\/\\\/prismagamers.com\\\/hu\\\/\",\"logo\":{\"@type\":\"ImageObject\",\"inLanguage\":\"hu\",\"@id\":\"https:\\\/\\\/prismagamers.com\\\/hu\\\/#\\\/schema\\\/logo\\\/image\\\/\",\"url\":\"https:\\\/\\\/prismagamers.com\\\/wp-content\\\/uploads\\\/2022\\\/04\\\/cropped-logo-Prismagamers-01-scaled-1.jpg\",\"contentUrl\":\"https:\\\/\\\/prismagamers.com\\\/wp-content\\\/uploads\\\/2022\\\/04\\\/cropped-logo-Prismagamers-01-scaled-1.jpg\",\"width\":512,\"height\":512,\"caption\":\"Prismagamers\"},\"image\":{\"@id\":\"https:\\\/\\\/prismagamers.com\\\/hu\\\/#\\\/schema\\\/logo\\\/image\\\/\"},\"sameAs\":[\"https:\\\/\\\/www.facebook.com\\\/prismagamers\",\"https:\\\/\\\/www.instagram.com\\\/prismagamers_grycyfrowe\\\/\"],\"description\":\"Prismagamers.com to dynamiczny sklep z grami cyfrowymi, stworzony z my\u015bl\u0105 o entuzjastach gier wideo. Nasza strona oferuje szerok\u0105 gam\u0119 gier komputerowych, w tym najnowsze tytu\u0142y, dobrze znane klasyki oraz gry stworzone przez niezale\u017cne studia Ca\u0142y czas d\u0105\u017cymy do rozszerzenia naszej oferty. Do\u0142\u0105cz do nas i sta\u0144 si\u0119 cz\u0119\u015bci\u0105 naszej rosn\u0105cej spo\u0142eczno\u015bci graczy!\",\"email\":\"shop@prismagamers.com\",\"telephone\":\"48795541705\",\"legalName\":\"East Caravan Maksym \u017bukow\",\"foundingDate\":\"2012-05-10\",\"vatID\":\"PL8943038612\",\"taxID\":\"PL8943038612\",\"numberOfEmployees\":{\"@type\":\"QuantitativeValue\",\"minValue\":\"11\",\"maxValue\":\"50\"}}]}<\/script>\n<!-- \/ Yoast SEO Premium plugin. -->","yoast_head_json":{"title":"I See Red - Prismagamers.com","description":"Miut\u00e1n egy sz\u00f6rny\u0171 esem\u00e9ny k\u00f6vetkezt\u00e9ben mindent elvesz\u00edtett, Matthew Taurus - aki egykor tiszteletrem\u00e9lt\u00f3 rend\u0151r volt - kegyetlen t\u00f6rv\u00e9nyen k\u00edv\u00fcli b\u0171n\u00f6z\u0151v\u00e9 v\u00e1ltozott. Utazz balj\u00f3s \u0171rhaj\u00f3kon kereszt\u00fcl, \u00e9s \u00fcld\u00f6zd azokat, akik elvett\u00e9k az \u00e9let\u00e9t.   Glob\u00e1lis  G\u0151z  Digit\u00e1lis kulcs","robots":{"index":"index","follow":"follow","max-snippet":"max-snippet:-1","max-image-preview":"max-image-preview:large","max-video-preview":"max-video-preview:-1"},"canonical":"https:\/\/prismagamers.com\/hu\/produkt\/i-see-red\/","og_locale":"hu_HU","og_type":"article","og_title":"I See Red","og_description":"Miut\u00e1n egy sz\u00f6rny\u0171 esem\u00e9ny k\u00f6vetkezt\u00e9ben mindent elvesz\u00edtett, Matthew Taurus - aki egykor tiszteletrem\u00e9lt\u00f3 rend\u0151r volt - kegyetlen t\u00f6rv\u00e9nyen k\u00edv\u00fcli b\u0171n\u00f6z\u0151v\u00e9 v\u00e1ltozott. Utazz balj\u00f3s \u0171rhaj\u00f3kon kereszt\u00fcl, \u00e9s \u00fcld\u00f6zd azokat, akik elvett\u00e9k az \u00e9let\u00e9t.   Glob\u00e1lis  G\u0151z  Digit\u00e1lis kulcs","og_url":"https:\/\/prismagamers.com\/hu\/produkt\/i-see-red\/","og_site_name":"Prismagamers.com","article_publisher":"https:\/\/www.facebook.com\/prismagamers","article_modified_time":"2026-04-20T23:56:11+00:00","og_image":[{"width":600,"height":900,"url":"https:\/\/prismagamers.com\/wp-content\/uploads\/2025\/02\/library_600x900_2x-11-e1740761244652.jpg","type":"image\/jpeg"}],"twitter_card":"summary_large_image","twitter_misc":{"Becs\u00fclt olvas\u00e1si id\u0151":"3 perc"},"schema":{"@context":"https:\/\/schema.org","@graph":[{"@type":"WebPage","@id":"https:\/\/prismagamers.com\/hu\/produkt\/i-see-red\/","url":"https:\/\/prismagamers.com\/hu\/produkt\/i-see-red\/","name":"I See Red - Prismagamers.com","isPartOf":{"@id":"https:\/\/prismagamers.com\/hu\/#website"},"primaryImageOfPage":{"@id":"https:\/\/prismagamers.com\/hu\/produkt\/i-see-red\/#primaryimage"},"image":{"@id":"https:\/\/prismagamers.com\/hu\/produkt\/i-see-red\/#primaryimage"},"thumbnailUrl":"https:\/\/prismagamers.com\/wp-content\/uploads\/2025\/02\/library_600x900_2x-11-e1740761244652.jpg","datePublished":"2025-02-28T16:48:42+00:00","dateModified":"2026-04-20T23:56:11+00:00","description":"Miut\u00e1n egy sz\u00f6rny\u0171 esem\u00e9ny k\u00f6vetkezt\u00e9ben mindent elvesz\u00edtett, Matthew Taurus - aki egykor tiszteletrem\u00e9lt\u00f3 rend\u0151r volt - kegyetlen t\u00f6rv\u00e9nyen k\u00edv\u00fcli b\u0171n\u00f6z\u0151v\u00e9 v\u00e1ltozott. Utazz balj\u00f3s \u0171rhaj\u00f3kon kereszt\u00fcl, \u00e9s \u00fcld\u00f6zd azokat, akik elvett\u00e9k az \u00e9let\u00e9t. Glob\u00e1lis G\u0151z Digit\u00e1lis kulcs","breadcrumb":{"@id":"https:\/\/prismagamers.com\/hu\/produkt\/i-see-red\/#breadcrumb"},"inLanguage":"hu","potentialAction":[{"@type":"ReadAction","target":["https:\/\/prismagamers.com\/hu\/produkt\/i-see-red\/"]}]},{"@type":"ImageObject","inLanguage":"hu","@id":"https:\/\/prismagamers.com\/hu\/produkt\/i-see-red\/#primaryimage","url":"https:\/\/prismagamers.com\/wp-content\/uploads\/2025\/02\/library_600x900_2x-11-e1740761244652.jpg","contentUrl":"https:\/\/prismagamers.com\/wp-content\/uploads\/2025\/02\/library_600x900_2x-11-e1740761244652.jpg","width":600,"height":900,"caption":"l\u00e1tom a piros bor\u00edt\u00f3t"},{"@type":"BreadcrumbList","@id":"https:\/\/prismagamers.com\/hu\/produkt\/i-see-red\/#breadcrumb","itemListElement":[{"@type":"ListItem","position":1,"name":"Strona g\u0142\u00f3wna","item":"https:\/\/prismagamers.com\/hu\/prismagamers\/"},{"@type":"ListItem","position":2,"name":"Shop","item":"https:\/\/prismagamers.com\/hu\/shop\/"},{"@type":"ListItem","position":3,"name":"I See Red"}]},{"@type":"WebSite","@id":"https:\/\/prismagamers.com\/hu\/#website","url":"https:\/\/prismagamers.com\/hu\/","name":"Prismagamers","description":"Sklep z grami PC I Sklep klucze Steam","publisher":{"@id":"https:\/\/prismagamers.com\/hu\/#organization"},"potentialAction":[{"@type":"SearchAction","target":{"@type":"EntryPoint","urlTemplate":"https:\/\/prismagamers.com\/hu\/?s={search_term_string}"},"query-input":{"@type":"PropertyValueSpecification","valueRequired":true,"valueName":"search_term_string"}}],"inLanguage":"hu"},{"@type":"Organization","@id":"https:\/\/prismagamers.com\/hu\/#organization","name":"Prismagamers","url":"https:\/\/prismagamers.com\/hu\/","logo":{"@type":"ImageObject","inLanguage":"hu","@id":"https:\/\/prismagamers.com\/hu\/#\/schema\/logo\/image\/","url":"https:\/\/prismagamers.com\/wp-content\/uploads\/2022\/04\/cropped-logo-Prismagamers-01-scaled-1.jpg","contentUrl":"https:\/\/prismagamers.com\/wp-content\/uploads\/2022\/04\/cropped-logo-Prismagamers-01-scaled-1.jpg","width":512,"height":512,"caption":"Prismagamers"},"image":{"@id":"https:\/\/prismagamers.com\/hu\/#\/schema\/logo\/image\/"},"sameAs":["https:\/\/www.facebook.com\/prismagamers","https:\/\/www.instagram.com\/prismagamers_grycyfrowe\/"],"description":"Prismagamers.com to dynamiczny sklep z grami cyfrowymi, stworzony z my\u015bl\u0105 o entuzjastach gier wideo. Nasza strona oferuje szerok\u0105 gam\u0119 gier komputerowych, w tym najnowsze tytu\u0142y, dobrze znane klasyki oraz gry stworzone przez niezale\u017cne studia Ca\u0142y czas d\u0105\u017cymy do rozszerzenia naszej oferty. Do\u0142\u0105cz do nas i sta\u0144 si\u0119 cz\u0119\u015bci\u0105 naszej rosn\u0105cej spo\u0142eczno\u015bci graczy!","email":"shop@prismagamers.com","telephone":"48795541705","legalName":"East Caravan Maksym \u017bukow","foundingDate":"2012-05-10","vatID":"PL8943038612","taxID":"PL8943038612","numberOfEmployees":{"@type":"QuantitativeValue","minValue":"11","maxValue":"50"}}]}},"_links":{"self":[{"href":"https:\/\/prismagamers.com\/hu\/wp-json\/wp\/v2\/product\/34421","targetHints":{"allow":["GET"]}}],"collection":[{"href":"https:\/\/prismagamers.com\/hu\/wp-json\/wp\/v2\/product"}],"about":[{"href":"https:\/\/prismagamers.com\/hu\/wp-json\/wp\/v2\/types\/product"}],"wp:featuredmedia":[{"embeddable":true,"href":"https:\/\/prismagamers.com\/hu\/wp-json\/wp\/v2\/media\/34408"}],"wp:attachment":[{"href":"https:\/\/prismagamers.com\/hu\/wp-json\/wp\/v2\/media?parent=34421"}],"wp:term":[{"taxonomy":"product_brand","embeddable":true,"href":"https:\/\/prismagamers.com\/hu\/wp-json\/wp\/v2\/product_brand?post=34421"},{"taxonomy":"product_cat","embeddable":true,"href":"https:\/\/prismagamers.com\/hu\/wp-json\/wp\/v2\/product_cat?post=34421"},{"taxonomy":"product_tag","embeddable":true,"href":"https:\/\/prismagamers.com\/hu\/wp-json\/wp\/v2\/product_tag?post=34421"}],"curies":[{"name":"wp","href":"https:\/\/api.w.org\/{rel}","templated":true}]}}