{"id":34634,"date":"2025-03-07T20:58:56","date_gmt":"2025-03-07T19:58:56","guid":{"rendered":"https:\/\/prismagamers.com\/produkt\/thunder-ray-elfelejtett-parbajok\/"},"modified":"2026-01-02T00:36:12","modified_gmt":"2026-01-01T23:36:12","slug":"thunder-ray-forgotten-duels","status":"publish","type":"product","link":"https:\/\/prismagamers.com\/hu\/produkt\/thunder-ray-forgotten-duels\/","title":{"rendered":"Thunder Ray &#8211; Forgotten Duels"},"content":{"rendered":"<h5 data-start=\"307\" data-end=\"350\"><strong data-start=\"311\" data-end=\"348\">Visszat\u00e9r\u00e9s a klasszikusokhoz \u00fajult er\u0151vel!<\/strong><\/h5>\n<p data-start=\"351\" data-end=\"680\">K\u00e9sz\u00fclj fel a dinamikus j\u00e1t\u00e9kmenetre, amelyet a klasszikus <strong data-start=\"412\" data-end=\"431\">Super Punch-Out<\/strong> ihletett a SNES-korszakb\u00f3l, de modern k\u00f6rnyezetben! Dobj gyors \u00fct\u00e9seket, vigy\u00e9l be horgokat \u00e9s fel\u00fct\u00e9seket, mik\u00f6zben sz\u00ednes \u00e9s k\u00fcl\u00f6nc ellenfelekkel n\u00e9zel szembe. A k\u00e9zzel anim\u00e1lt <strong data-start=\"625\" data-end=\"631\">HD<\/strong> karakterekkel minden k\u00fczdelem igazi l\u00e1tv\u00e1nyoss\u00e1gg\u00e1 v\u00e1lik.<\/p>\n<p data-start=\"351\" data-end=\"680\"><img decoding=\"async\" class=\"bb_img aligncenter\" src=\"https:\/\/shared.fastly.steamstatic.com\/store_item_assets\/steam\/apps\/2681380\/extras\/gameplay.gif?t=1708622134\" \/><\/p>\n<hr data-start=\"682\" data-end=\"685\" \/>\n<h3 data-start=\"687\" data-end=\"707\"><strong data-start=\"691\" data-end=\"705\">A j\u00e1t\u00e9k jellemz\u0151i:<\/strong><\/h3>\n<ul>\n<li data-start=\"708\" data-end=\"1175\"><strong data-start=\"710\" data-end=\"742\">K\u00e9zzel anim\u00e1lt 2D grafika<\/strong> &#8211; leny\u0171g\u00f6z\u0151, g\u00f6rd\u00fcl\u00e9keny anim\u00e1ci\u00f3 HD-ben<\/li>\n<li data-start=\"708\" data-end=\"1175\"><strong data-start=\"784\" data-end=\"821\">Thunder egyedi speci\u00e1lis t\u00e1mad\u00e1sai<\/strong> &#8211; saj\u00e1t\u00edtsd el \u0151ket, \u00e9s urald a ringet!<\/li>\n<li data-start=\"708\" data-end=\"1175\"><strong data-start=\"857\" data-end=\"892\">Dinamikus, arcade harc<\/strong> &#8211; az arcade j\u00e1t\u00e9kok igazi l\u00e9nyege<\/li>\n<li data-start=\"708\" data-end=\"1175\"><strong data-start=\"929\" data-end=\"963\">Utaz\u00e1s a galaktikus ar\u00e9n\u00e1kon kereszt\u00fcl<\/strong> &#8211; minden csata egy \u00faj helysz\u00ednt jelent<\/li>\n<li data-start=\"708\" data-end=\"1175\"><strong data-start=\"999\" data-end=\"1031\">L\u00e9gy az univerzum bajnoka<\/strong> &#8211; gy\u0151zd le a leger\u0151sebb riv\u00e1lisaidat!<\/li>\n<li data-start=\"708\" data-end=\"1175\"><strong data-start=\"1069\" data-end=\"1097\">Brut\u00e1lis technik\u00e1k elsaj\u00e1t\u00edt\u00e1sa<\/strong> &#8211; tanuld meg el\u0151re l\u00e1tni az ellenfeled mozg\u00e1s\u00e1t.<\/li>\n<li data-start=\"708\" data-end=\"1175\"><strong data-start=\"1145\" data-end=\"1173\">L\u00e9gy kegyetlen \u00e9s vad!<\/strong><\/li>\n<\/ul>\n<hr data-start=\"1177\" data-end=\"1180\" \/>\n<p data-start=\"1182\" data-end=\"1502\"><strong data-start=\"1185\" data-end=\"1230\">Azonnali j\u00e1t\u00e9kmenet, tele adrenalinnal!<\/strong><br data-start=\"1230\" data-end=\"1233\" \/>A j\u00e1t\u00e9k sz\u00e9d\u00edt\u0151 temp\u00f3ja vill\u00e1mgyors reflexeket \u00e9s kiv\u00e1l\u00f3 strat\u00e9gi\u00e1t ig\u00e9nyel. T\u00e9rj ki ellenfeleid \u00fct\u00e9sei el\u0151l, \u00e9s ellent\u00e1madj puszt\u00edt\u00f3 komb\u00f3kkal. Minden ellenf\u00e9l <strong data-start=\"1398\" data-end=\"1439\">egyedi harcst\u00edlussal \u00e9s k\u00fcl\u00f6nleges mozdulatokkal<\/strong> rendelkezik, amelyek gondolkod\u00e1sra \u00e9s taktik\u00e1d kiigaz\u00edt\u00e1s\u00e1ra k\u00e9nyszer\u00edtenek.<\/p>\n<p data-start=\"1504\" data-end=\"1599\">K\u00e9szen \u00e1llsz arra, hogy ringbe sz\u00e1llj \u00e9s bebizony\u00edtsd, hogy te vagy a vil\u00e1gegyetem legjobb bokszol\u00f3ja?<\/p>\n<p data-start=\"1601\" data-end=\"1666\" data-is-last-node=\"\" data-is-only-node=\"\"><strong data-start=\"1601\" data-end=\"1666\" data-is-last-node=\"\">J\u00e1tssz a Thunder Ray: Forgotten Duels j\u00e1t\u00e9kkal \u00e9s v\u00e1lj bokszlegend\u00e1v\u00e1!<\/strong><\/p>\n<p data-start=\"1601\" data-end=\"1666\" data-is-last-node=\"\" data-is-only-node=\"\"><strong>A kieg\u00e9sz\u00edt\u0151h\u00f6z a j\u00e1t\u00e9k alapverzi\u00f3ja sz\u00fcks\u00e9ges: <a href=\"https:\/\/prismagamers.com\/hu\/produkt\/thunder-ray\/\">Thunder Ray<\/a><\/strong><\/p>\n","protected":false},"excerpt":{"rendered":"<p data-start=\"0\" data-end=\"83\"><strong data-start=\"4\" data-end=\"81\">Thunder Ray: Forgotten Duels &#8211; Retro Arcade boxol\u00e1s modern csavarral! <\/strong>L\u00e9pj a ringbe, \u00e9s \u00e9rezd az izgalmat ebben a retro st\u00edlus\u00fa, modern csavarral megsp\u00e9kelt bokszj\u00e1t\u00e9kban! A <strong data-start=\"191\" data-end=\"223\">Thunder Ray: Forgotten Duels<\/strong> j\u00e1t\u00e9kban Thunder szerep\u00e9be b\u00fajhatsz, \u00e9s megv\u00edvhatod eredeti p\u00e1rbaj\u00e1t az emberek ellen.<\/p>\n<p data-start=\"0\" data-end=\"83\">\ud83c\udf0d Glob\u00e1lis<br \/>\n\u2699\ufe0f Steam<br \/>\n\ud83d\udddd Digit\u00e1lis kulcs<\/p>\n","protected":false},"featured_media":34627,"template":"","meta":{"_acf_changed":false,"site-sidebar-layout":"default","site-content-layout":"","ast-site-content-layout":"default","site-content-style":"default","site-sidebar-style":"default","ast-global-header-display":"","ast-banner-title-visibility":"","ast-main-header-display":"","ast-hfb-above-header-display":"","ast-hfb-below-header-display":"","ast-hfb-mobile-header-display":"","site-post-title":"","ast-breadcrumbs-content":"","ast-featured-img":"","footer-sml-layout":"","ast-disable-related-posts":"","theme-transparent-header-meta":"default","adv-header-id-meta":"","stick-header-meta":"","header-above-stick-meta":"","header-main-stick-meta":"","header-below-stick-meta":"","astra-migrate-meta-layouts":"set","ast-page-background-enabled":"default","ast-page-background-meta":{"desktop":{"background-color":"var(--ast-global-color-4)","background-image":"","background-repeat":"repeat","background-position":"center center","background-size":"auto","background-attachment":"scroll","background-type":"","background-media":"","overlay-type":"","overlay-color":"","overlay-opacity":"","overlay-gradient":""},"tablet":{"background-color":"","background-image":"","background-repeat":"repeat","background-position":"center center","background-size":"auto","background-attachment":"scroll","background-type":"","background-media":"","overlay-type":"","overlay-color":"","overlay-opacity":"","overlay-gradient":""},"mobile":{"background-color":"","background-image":"","background-repeat":"repeat","background-position":"center center","background-size":"auto","background-attachment":"scroll","background-type":"","background-media":"","overlay-type":"","overlay-color":"","overlay-opacity":"","overlay-gradient":""}},"ast-content-background-meta":{"desktop":{"background-color":"var(--ast-global-color-5)","background-image":"","background-repeat":"repeat","background-position":"center center","background-size":"auto","background-attachment":"scroll","background-type":"","background-media":"","overlay-type":"","overlay-color":"","overlay-opacity":"","overlay-gradient":""},"tablet":{"background-color":"var(--ast-global-color-5)","background-image":"","background-repeat":"repeat","background-position":"center center","background-size":"auto","background-attachment":"scroll","background-type":"","background-media":"","overlay-type":"","overlay-color":"","overlay-opacity":"","overlay-gradient":""},"mobile":{"background-color":"var(--ast-global-color-5)","background-image":"","background-repeat":"repeat","background-position":"center center","background-size":"auto","background-attachment":"scroll","background-type":"","background-media":"","overlay-type":"","overlay-color":"","overlay-opacity":"","overlay-gradient":""}}},"product_brand":[],"product_cat":[371,377,376],"product_tag":[],"class_list":{"0":"post-34634","1":"product","2":"type-product","3":"status-publish","4":"has-post-thumbnail","6":"product_cat-akcio-jatekok","7":"product_cat-lila-fa-s-r-l","8":"product_cat-sport-jatekok","9":"desktop-align-left","10":"tablet-align-left","11":"mobile-align-left","13":"first","14":"instock","15":"virtual","16":"purchasable","17":"product-type-simple"},"acf":[],"yoast_head":"<!-- This site is optimized with the Yoast SEO Premium plugin v27.4 (Yoast SEO v27.4) - https:\/\/yoast.com\/product\/yoast-seo-premium-wordpress\/ -->\n<title>Thunder Ray - Forgotten Duels - Prismagamers.com<\/title>\n<meta name=\"description\" content=\"Thunder Ray: Forgotten Duels - Retro Arcade boxol\u00e1s modern csavarral! L\u00e9pj a ringbe, \u00e9s \u00e9rezd az izgalmat ebben a retro st\u00edlus\u00fa, modern csavarral megsp\u00e9kelt bokszj\u00e1t\u00e9kban! A Thunder Ray: Forgotten Duels j\u00e1t\u00e9kban Thunder szerep\u00e9be b\u00fajhatsz, \u00e9s megv\u00edvhatod eredeti p\u00e1rbaj\u00e1t az emberek ellen. \ud83c\udf0d Glob\u00e1lis \u2699\ufe0f Steam \ud83d\udddd Digit\u00e1lis kulcs\" \/>\n<meta name=\"robots\" content=\"index, follow, max-snippet:-1, max-image-preview:large, max-video-preview:-1\" \/>\n<link rel=\"canonical\" href=\"https:\/\/prismagamers.com\/hu\/produkt\/thunder-ray-forgotten-duels\/\" \/>\n<meta property=\"og:locale\" content=\"hu_HU\" \/>\n<meta property=\"og:type\" content=\"article\" \/>\n<meta property=\"og:title\" content=\"Thunder Ray - Forgotten Duels\" \/>\n<meta property=\"og:description\" content=\"Thunder Ray: Forgotten Duels - Retro Arcade boxol\u00e1s modern csavarral! L\u00e9pj a ringbe, \u00e9s \u00e9rezd az izgalmat ebben a retro st\u00edlus\u00fa, modern csavarral megsp\u00e9kelt bokszj\u00e1t\u00e9kban! A Thunder Ray: Forgotten Duels j\u00e1t\u00e9kban Thunder szerep\u00e9be b\u00fajhatsz, \u00e9s megv\u00edvhatod eredeti p\u00e1rbaj\u00e1t az emberek ellen. \ud83c\udf0d Glob\u00e1lis \u2699\ufe0f Steam \ud83d\udddd Digit\u00e1lis kulcs\" \/>\n<meta property=\"og:url\" content=\"https:\/\/prismagamers.com\/hu\/produkt\/thunder-ray-forgotten-duels\/\" \/>\n<meta property=\"og:site_name\" content=\"Prismagamers.com\" \/>\n<meta property=\"article:publisher\" content=\"https:\/\/www.facebook.com\/prismagamers\" \/>\n<meta property=\"article:modified_time\" content=\"2026-01-01T23:36:12+00:00\" \/>\n<meta property=\"og:image\" content=\"https:\/\/prismagamers.com\/wp-content\/uploads\/2025\/03\/Untitled-design.jpg\" \/>\n\t<meta property=\"og:image:width\" content=\"300\" \/>\n\t<meta property=\"og:image:height\" content=\"450\" \/>\n\t<meta property=\"og:image:type\" content=\"image\/jpeg\" \/>\n<meta name=\"twitter:card\" content=\"summary_large_image\" \/>\n<meta name=\"twitter:label1\" content=\"Becs\u00fclt olvas\u00e1si id\u0151\" \/>\n\t<meta name=\"twitter:data1\" content=\"2 perc\" \/>\n<script type=\"application\/ld+json\" class=\"yoast-schema-graph\">{\"@context\":\"https:\\\/\\\/schema.org\",\"@graph\":[{\"@type\":\"WebPage\",\"@id\":\"https:\\\/\\\/prismagamers.com\\\/hu\\\/produkt\\\/thunder-ray-forgotten-duels\\\/\",\"url\":\"https:\\\/\\\/prismagamers.com\\\/hu\\\/produkt\\\/thunder-ray-forgotten-duels\\\/\",\"name\":\"Thunder Ray - Forgotten Duels - Prismagamers.com\",\"isPartOf\":{\"@id\":\"https:\\\/\\\/prismagamers.com\\\/hu\\\/#website\"},\"primaryImageOfPage\":{\"@id\":\"https:\\\/\\\/prismagamers.com\\\/hu\\\/produkt\\\/thunder-ray-forgotten-duels\\\/#primaryimage\"},\"image\":{\"@id\":\"https:\\\/\\\/prismagamers.com\\\/hu\\\/produkt\\\/thunder-ray-forgotten-duels\\\/#primaryimage\"},\"thumbnailUrl\":\"https:\\\/\\\/prismagamers.com\\\/wp-content\\\/uploads\\\/2025\\\/03\\\/Untitled-design.jpg\",\"datePublished\":\"2025-03-07T19:58:56+00:00\",\"dateModified\":\"2026-01-01T23:36:12+00:00\",\"description\":\"Thunder Ray: Forgotten Duels - Retro Arcade boxol\u00e1s modern csavarral! L\u00e9pj a ringbe, \u00e9s \u00e9rezd az izgalmat ebben a retro st\u00edlus\u00fa, modern csavarral megsp\u00e9kelt bokszj\u00e1t\u00e9kban! A Thunder Ray: Forgotten Duels j\u00e1t\u00e9kban Thunder szerep\u00e9be b\u00fajhatsz, \u00e9s megv\u00edvhatod eredeti p\u00e1rbaj\u00e1t az emberek ellen. \ud83c\udf0d Glob\u00e1lis \u2699\ufe0f Steam \ud83d\udddd Digit\u00e1lis kulcs\",\"breadcrumb\":{\"@id\":\"https:\\\/\\\/prismagamers.com\\\/hu\\\/produkt\\\/thunder-ray-forgotten-duels\\\/#breadcrumb\"},\"inLanguage\":\"hu\",\"potentialAction\":[{\"@type\":\"ReadAction\",\"target\":[\"https:\\\/\\\/prismagamers.com\\\/hu\\\/produkt\\\/thunder-ray-forgotten-duels\\\/\"]}]},{\"@type\":\"ImageObject\",\"inLanguage\":\"hu\",\"@id\":\"https:\\\/\\\/prismagamers.com\\\/hu\\\/produkt\\\/thunder-ray-forgotten-duels\\\/#primaryimage\",\"url\":\"https:\\\/\\\/prismagamers.com\\\/wp-content\\\/uploads\\\/2025\\\/03\\\/Untitled-design.jpg\",\"contentUrl\":\"https:\\\/\\\/prismagamers.com\\\/wp-content\\\/uploads\\\/2025\\\/03\\\/Untitled-design.jpg\",\"width\":300,\"height\":450,\"caption\":\"Thunder Ray - Forgotten Duels bor\u00edt\u00f3\"},{\"@type\":\"BreadcrumbList\",\"@id\":\"https:\\\/\\\/prismagamers.com\\\/hu\\\/produkt\\\/thunder-ray-forgotten-duels\\\/#breadcrumb\",\"itemListElement\":[{\"@type\":\"ListItem\",\"position\":1,\"name\":\"Strona g\u0142\u00f3wna\",\"item\":\"https:\\\/\\\/prismagamers.com\\\/hu\\\/prismagamers\\\/\"},{\"@type\":\"ListItem\",\"position\":2,\"name\":\"Shop\",\"item\":\"https:\\\/\\\/prismagamers.com\\\/hu\\\/shop\\\/\"},{\"@type\":\"ListItem\",\"position\":3,\"name\":\"Thunder Ray &#8211; Forgotten Duels\"}]},{\"@type\":\"WebSite\",\"@id\":\"https:\\\/\\\/prismagamers.com\\\/hu\\\/#website\",\"url\":\"https:\\\/\\\/prismagamers.com\\\/hu\\\/\",\"name\":\"Prismagamers\",\"description\":\"Sklep z grami PC I Sklep klucze Steam\",\"publisher\":{\"@id\":\"https:\\\/\\\/prismagamers.com\\\/hu\\\/#organization\"},\"potentialAction\":[{\"@type\":\"SearchAction\",\"target\":{\"@type\":\"EntryPoint\",\"urlTemplate\":\"https:\\\/\\\/prismagamers.com\\\/hu\\\/?s={search_term_string}\"},\"query-input\":{\"@type\":\"PropertyValueSpecification\",\"valueRequired\":true,\"valueName\":\"search_term_string\"}}],\"inLanguage\":\"hu\"},{\"@type\":\"Organization\",\"@id\":\"https:\\\/\\\/prismagamers.com\\\/hu\\\/#organization\",\"name\":\"Prismagamers\",\"url\":\"https:\\\/\\\/prismagamers.com\\\/hu\\\/\",\"logo\":{\"@type\":\"ImageObject\",\"inLanguage\":\"hu\",\"@id\":\"https:\\\/\\\/prismagamers.com\\\/hu\\\/#\\\/schema\\\/logo\\\/image\\\/\",\"url\":\"https:\\\/\\\/prismagamers.com\\\/wp-content\\\/uploads\\\/2022\\\/04\\\/cropped-logo-Prismagamers-01-scaled-1.jpg\",\"contentUrl\":\"https:\\\/\\\/prismagamers.com\\\/wp-content\\\/uploads\\\/2022\\\/04\\\/cropped-logo-Prismagamers-01-scaled-1.jpg\",\"width\":512,\"height\":512,\"caption\":\"Prismagamers\"},\"image\":{\"@id\":\"https:\\\/\\\/prismagamers.com\\\/hu\\\/#\\\/schema\\\/logo\\\/image\\\/\"},\"sameAs\":[\"https:\\\/\\\/www.facebook.com\\\/prismagamers\",\"https:\\\/\\\/www.instagram.com\\\/prismagamers_grycyfrowe\\\/\"],\"description\":\"Prismagamers.com to dynamiczny sklep z grami cyfrowymi, stworzony z my\u015bl\u0105 o entuzjastach gier wideo. Nasza strona oferuje szerok\u0105 gam\u0119 gier komputerowych, w tym najnowsze tytu\u0142y, dobrze znane klasyki oraz gry stworzone przez niezale\u017cne studia Ca\u0142y czas d\u0105\u017cymy do rozszerzenia naszej oferty. Do\u0142\u0105cz do nas i sta\u0144 si\u0119 cz\u0119\u015bci\u0105 naszej rosn\u0105cej spo\u0142eczno\u015bci graczy!\",\"email\":\"shop@prismagamers.com\",\"telephone\":\"48795541705\",\"legalName\":\"East Caravan Maksym \u017bukow\",\"foundingDate\":\"2012-05-10\",\"vatID\":\"PL8943038612\",\"taxID\":\"PL8943038612\",\"numberOfEmployees\":{\"@type\":\"QuantitativeValue\",\"minValue\":\"11\",\"maxValue\":\"50\"}}]}<\/script>\n<!-- \/ Yoast SEO Premium plugin. -->","yoast_head_json":{"title":"Thunder Ray - Forgotten Duels - Prismagamers.com","description":"Thunder Ray: Forgotten Duels - Retro Arcade boxol\u00e1s modern csavarral! L\u00e9pj a ringbe, \u00e9s \u00e9rezd az izgalmat ebben a retro st\u00edlus\u00fa, modern csavarral megsp\u00e9kelt bokszj\u00e1t\u00e9kban! A Thunder Ray: Forgotten Duels j\u00e1t\u00e9kban Thunder szerep\u00e9be b\u00fajhatsz, \u00e9s megv\u00edvhatod eredeti p\u00e1rbaj\u00e1t az emberek ellen. \ud83c\udf0d Glob\u00e1lis \u2699\ufe0f Steam \ud83d\udddd Digit\u00e1lis kulcs","robots":{"index":"index","follow":"follow","max-snippet":"max-snippet:-1","max-image-preview":"max-image-preview:large","max-video-preview":"max-video-preview:-1"},"canonical":"https:\/\/prismagamers.com\/hu\/produkt\/thunder-ray-forgotten-duels\/","og_locale":"hu_HU","og_type":"article","og_title":"Thunder Ray - Forgotten Duels","og_description":"Thunder Ray: Forgotten Duels - Retro Arcade boxol\u00e1s modern csavarral! L\u00e9pj a ringbe, \u00e9s \u00e9rezd az izgalmat ebben a retro st\u00edlus\u00fa, modern csavarral megsp\u00e9kelt bokszj\u00e1t\u00e9kban! A Thunder Ray: Forgotten Duels j\u00e1t\u00e9kban Thunder szerep\u00e9be b\u00fajhatsz, \u00e9s megv\u00edvhatod eredeti p\u00e1rbaj\u00e1t az emberek ellen. \ud83c\udf0d Glob\u00e1lis \u2699\ufe0f Steam \ud83d\udddd Digit\u00e1lis kulcs","og_url":"https:\/\/prismagamers.com\/hu\/produkt\/thunder-ray-forgotten-duels\/","og_site_name":"Prismagamers.com","article_publisher":"https:\/\/www.facebook.com\/prismagamers","article_modified_time":"2026-01-01T23:36:12+00:00","og_image":[{"width":300,"height":450,"url":"https:\/\/prismagamers.com\/wp-content\/uploads\/2025\/03\/Untitled-design.jpg","type":"image\/jpeg"}],"twitter_card":"summary_large_image","twitter_misc":{"Becs\u00fclt olvas\u00e1si id\u0151":"2 perc"},"schema":{"@context":"https:\/\/schema.org","@graph":[{"@type":"WebPage","@id":"https:\/\/prismagamers.com\/hu\/produkt\/thunder-ray-forgotten-duels\/","url":"https:\/\/prismagamers.com\/hu\/produkt\/thunder-ray-forgotten-duels\/","name":"Thunder Ray - Forgotten Duels - Prismagamers.com","isPartOf":{"@id":"https:\/\/prismagamers.com\/hu\/#website"},"primaryImageOfPage":{"@id":"https:\/\/prismagamers.com\/hu\/produkt\/thunder-ray-forgotten-duels\/#primaryimage"},"image":{"@id":"https:\/\/prismagamers.com\/hu\/produkt\/thunder-ray-forgotten-duels\/#primaryimage"},"thumbnailUrl":"https:\/\/prismagamers.com\/wp-content\/uploads\/2025\/03\/Untitled-design.jpg","datePublished":"2025-03-07T19:58:56+00:00","dateModified":"2026-01-01T23:36:12+00:00","description":"Thunder Ray: Forgotten Duels - Retro Arcade boxol\u00e1s modern csavarral! L\u00e9pj a ringbe, \u00e9s \u00e9rezd az izgalmat ebben a retro st\u00edlus\u00fa, modern csavarral megsp\u00e9kelt bokszj\u00e1t\u00e9kban! A Thunder Ray: Forgotten Duels j\u00e1t\u00e9kban Thunder szerep\u00e9be b\u00fajhatsz, \u00e9s megv\u00edvhatod eredeti p\u00e1rbaj\u00e1t az emberek ellen. \ud83c\udf0d Glob\u00e1lis \u2699\ufe0f Steam \ud83d\udddd Digit\u00e1lis kulcs","breadcrumb":{"@id":"https:\/\/prismagamers.com\/hu\/produkt\/thunder-ray-forgotten-duels\/#breadcrumb"},"inLanguage":"hu","potentialAction":[{"@type":"ReadAction","target":["https:\/\/prismagamers.com\/hu\/produkt\/thunder-ray-forgotten-duels\/"]}]},{"@type":"ImageObject","inLanguage":"hu","@id":"https:\/\/prismagamers.com\/hu\/produkt\/thunder-ray-forgotten-duels\/#primaryimage","url":"https:\/\/prismagamers.com\/wp-content\/uploads\/2025\/03\/Untitled-design.jpg","contentUrl":"https:\/\/prismagamers.com\/wp-content\/uploads\/2025\/03\/Untitled-design.jpg","width":300,"height":450,"caption":"Thunder Ray - Forgotten Duels bor\u00edt\u00f3"},{"@type":"BreadcrumbList","@id":"https:\/\/prismagamers.com\/hu\/produkt\/thunder-ray-forgotten-duels\/#breadcrumb","itemListElement":[{"@type":"ListItem","position":1,"name":"Strona g\u0142\u00f3wna","item":"https:\/\/prismagamers.com\/hu\/prismagamers\/"},{"@type":"ListItem","position":2,"name":"Shop","item":"https:\/\/prismagamers.com\/hu\/shop\/"},{"@type":"ListItem","position":3,"name":"Thunder Ray &#8211; Forgotten Duels"}]},{"@type":"WebSite","@id":"https:\/\/prismagamers.com\/hu\/#website","url":"https:\/\/prismagamers.com\/hu\/","name":"Prismagamers","description":"Sklep z grami PC I Sklep klucze Steam","publisher":{"@id":"https:\/\/prismagamers.com\/hu\/#organization"},"potentialAction":[{"@type":"SearchAction","target":{"@type":"EntryPoint","urlTemplate":"https:\/\/prismagamers.com\/hu\/?s={search_term_string}"},"query-input":{"@type":"PropertyValueSpecification","valueRequired":true,"valueName":"search_term_string"}}],"inLanguage":"hu"},{"@type":"Organization","@id":"https:\/\/prismagamers.com\/hu\/#organization","name":"Prismagamers","url":"https:\/\/prismagamers.com\/hu\/","logo":{"@type":"ImageObject","inLanguage":"hu","@id":"https:\/\/prismagamers.com\/hu\/#\/schema\/logo\/image\/","url":"https:\/\/prismagamers.com\/wp-content\/uploads\/2022\/04\/cropped-logo-Prismagamers-01-scaled-1.jpg","contentUrl":"https:\/\/prismagamers.com\/wp-content\/uploads\/2022\/04\/cropped-logo-Prismagamers-01-scaled-1.jpg","width":512,"height":512,"caption":"Prismagamers"},"image":{"@id":"https:\/\/prismagamers.com\/hu\/#\/schema\/logo\/image\/"},"sameAs":["https:\/\/www.facebook.com\/prismagamers","https:\/\/www.instagram.com\/prismagamers_grycyfrowe\/"],"description":"Prismagamers.com to dynamiczny sklep z grami cyfrowymi, stworzony z my\u015bl\u0105 o entuzjastach gier wideo. Nasza strona oferuje szerok\u0105 gam\u0119 gier komputerowych, w tym najnowsze tytu\u0142y, dobrze znane klasyki oraz gry stworzone przez niezale\u017cne studia Ca\u0142y czas d\u0105\u017cymy do rozszerzenia naszej oferty. Do\u0142\u0105cz do nas i sta\u0144 si\u0119 cz\u0119\u015bci\u0105 naszej rosn\u0105cej spo\u0142eczno\u015bci graczy!","email":"shop@prismagamers.com","telephone":"48795541705","legalName":"East Caravan Maksym \u017bukow","foundingDate":"2012-05-10","vatID":"PL8943038612","taxID":"PL8943038612","numberOfEmployees":{"@type":"QuantitativeValue","minValue":"11","maxValue":"50"}}]}},"_links":{"self":[{"href":"https:\/\/prismagamers.com\/hu\/wp-json\/wp\/v2\/product\/34634","targetHints":{"allow":["GET"]}}],"collection":[{"href":"https:\/\/prismagamers.com\/hu\/wp-json\/wp\/v2\/product"}],"about":[{"href":"https:\/\/prismagamers.com\/hu\/wp-json\/wp\/v2\/types\/product"}],"wp:featuredmedia":[{"embeddable":true,"href":"https:\/\/prismagamers.com\/hu\/wp-json\/wp\/v2\/media\/34627"}],"wp:attachment":[{"href":"https:\/\/prismagamers.com\/hu\/wp-json\/wp\/v2\/media?parent=34634"}],"wp:term":[{"taxonomy":"product_brand","embeddable":true,"href":"https:\/\/prismagamers.com\/hu\/wp-json\/wp\/v2\/product_brand?post=34634"},{"taxonomy":"product_cat","embeddable":true,"href":"https:\/\/prismagamers.com\/hu\/wp-json\/wp\/v2\/product_cat?post=34634"},{"taxonomy":"product_tag","embeddable":true,"href":"https:\/\/prismagamers.com\/hu\/wp-json\/wp\/v2\/product_tag?post=34634"}],"curies":[{"name":"wp","href":"https:\/\/api.w.org\/{rel}","templated":true}]}}