{"id":34716,"date":"2025-03-10T17:56:21","date_gmt":"2025-03-10T16:56:21","guid":{"rendered":"https:\/\/prismagamers.com\/produkt\/komor-visszhangok\/"},"modified":"2026-03-05T00:00:42","modified_gmt":"2026-03-04T23:00:42","slug":"somber-echoes","status":"publish","type":"product","link":"https:\/\/prismagamers.com\/hu\/produkt\/somber-echoes\/","title":{"rendered":"Somber Echoes"},"content":{"rendered":"<p data-start=\"21\" data-end=\"313\">Egy kataklizmikus esem\u00e9ny az egykor gy\u00f6ny\u00f6r\u0171 \u00e9s b\u00fcszke g\u00f6r\u00f6g-r\u00f3mai \u0171rhaj\u00f3t, <strong data-start=\"114\" data-end=\"127\">az Atromitoszt<\/strong> olyan helly\u00e9 v\u00e1ltoztatta, ahol egy ismeretlen dimenzi\u00f3b\u00f3l sz\u00e1rmaz\u00f3 f\u00e9lelmetes sz\u00f6rnyek f\u00e9szkelnek. Ennek k\u00f6vetkezt\u00e9ben egy titokzatos er\u0151 \u00fagy d\u00f6nt, hogy beavatkozik a sorsba, \u00e9s fel\u00e9breszti <strong data-start=\"274\" data-end=\"286\">Adresti\u00e1t<\/strong> a romok \u00e9s hamvak k\u00f6z\u00fcl.<\/p>\n<p data-start=\"21\" data-end=\"313\"><img decoding=\"async\" class=\"bb_img aligncenter\" src=\"https:\/\/shared.fastly.steamstatic.com\/store_item_assets\/steam\/apps\/1299290\/extras\/SE_GIF__1_.gif?t=1739831473\" \/><\/p>\n<p data-start=\"315\" data-end=\"647\"><strong data-start=\"320\" data-end=\"332\">Adrestia-k\u00e9nt<\/strong> az a feladatod, hogy meg\u00e1ll\u00edtsd ikertestv\u00e9redet, <strong data-start=\"395\" data-end=\"407\">Harmoni\u00e1t<\/strong>, aki el akarja puszt\u00edtani az univerzumot, de sok k\u00e9rd\u00e9s megv\u00e1laszolatlan marad. Az igazs\u00e1g keres\u00e9se k\u00f6zben egy hatalmas \u0171rhaj\u00f3n fogsz utazni, \u00e9s olyan er\u0151kre, tud\u00e1sra \u00e9s k\u00e9pess\u00e9gekre teszel szert, amelyek meghat\u00e1rozhatj\u00e1k v\u00e9gs\u0151 sorsodat.<\/p>\n<h2 class=\"bb_tag\"><img decoding=\"async\" class=\"bb_img aligncenter\" src=\"https:\/\/shared.fastly.steamstatic.com\/store_item_assets\/steam\/apps\/1299290\/extras\/Lantern_SuperNova_001.gif?t=1739831473\" \/><\/h2>\n<p data-start=\"649\" data-end=\"845\">Tapasztald meg a <strong data-start=\"671\" data-end=\"687\">Metroidvania st\u00edlus\u00fa<\/strong> j\u00e1t\u00e9kmenetet, ahol a harc az akrobatikus szabads\u00e1g elsaj\u00e1t\u00edt\u00e1s\u00e1r\u00f3l sz\u00f3l. Fedezz fel egy olyan k\u00f6rnyezetet, amely alkalmazkodik a k\u00fcl\u00f6nb\u00f6z\u0151 j\u00e1t\u00e9kst\u00edlusokhoz, \u00e9s minden j\u00e1t\u00e9kos sz\u00e1m\u00e1ra sz\u00f3rakoz\u00e1st k\u00edn\u00e1l.<\/p>\n<h3 data-start=\"847\" data-end=\"860\">A j\u00e1t\u00e9k jellemz\u0151i<\/h3>\n<ul data-start=\"862\" data-end=\"1759\">\n<li data-start=\"862\" data-end=\"974\">\n<p data-start=\"864\" data-end=\"974\"><strong data-start=\"864\" data-end=\"891\">Csod\u00e1latos k\u00f6rnyezet<\/strong> &#8211; Gy\u00f6ny\u00f6r\u0171en megtervezett, v\u00e1ltozatos, egyedi vizu\u00e1lis karakterrel rendelkez\u0151 v\u00e1rosr\u00e9szek.<\/p>\n<\/li>\n<li data-start=\"978\" data-end=\"1403\">\n<p data-start=\"980\" data-end=\"1403\"><strong data-start=\"980\" data-end=\"1008\">Manifest Aether Lanterns<\/strong> &#8211; Az Aether lanterns Adrestia els\u0151dleges mobilit\u00e1si k\u00e9pess\u00e9ge. Legy\u0151zi a gravit\u00e1ci\u00f3t napszer\u0171 csillagg\u00e1 alakulva, majd energi\u00e1j\u00e1t b\u00e1rmelyik ir\u00e1nyba felszabad\u00edtja. A tov\u00e1bbi l\u00e1mp\u00e1sok lehet\u0151v\u00e9 teszik, hogy egym\u00e1s ut\u00e1n t\u00f6bb sz\u00e1guld\u00f3 mozdulatot hajts v\u00e9gre, ak\u00e1r a leveg\u0151ben is. Az \u00e9terl\u00e1mp\u00e1sok jelent\u0151sen n\u00f6velik Adrestia harci k\u00e9pess\u00e9geit. Saj\u00e1t\u00edtsd el a kiv\u00e1l\u00f3 v\u00e9dekez\u00e9st, hogy f\u00f6l\u00e9nybe ker\u00fclj a csat\u00e1ban.<\/p>\n<\/li>\n<li data-start=\"1405\" data-end=\"1519\">\n<p data-start=\"1407\" data-end=\"1519\"><strong data-start=\"1407\" data-end=\"1434\">Fokozatos felfedez\u00e9s<\/strong> &#8211; Fedezz fel egyre t\u00f6bb ter\u00fcletet, \u00e9s szerezz k\u00e9szs\u00e9geket a tov\u00e1bbl\u00e9p\u00e9shez.<\/p>\n<\/li>\n<li data-start=\"1521\" data-end=\"1648\">\n<p data-start=\"1523\" data-end=\"1648\"><strong data-start=\"1523\" data-end=\"1573\">Vizu\u00e1lis harc \u00e9s akrobatikus j\u00e1t\u00e9kos szabads\u00e1g<\/strong> &#8211; Kombin\u00e1ld a prec\u00edz mozdulatokat az <strong data-start=\"1523\" data-end=\"1573\">akrobatika<\/strong> foly\u00e9konys\u00e1g\u00e1val, hogy legy\u0151zd az ellenfeleket.<\/p>\n<\/li>\n<li data-start=\"1650\" data-end=\"1759\">\n<p data-start=\"1652\" data-end=\"1759\"><strong data-start=\"1652\" data-end=\"1673\">T\u00f6bbf\u00e9le befejez\u00e9s<\/strong> &#8211; A j\u00e1t\u00e9kmeneted befoly\u00e1solja, hogyan fejezed be a j\u00e1t\u00e9kot, \u00e9s k\u00fcl\u00f6nb\u00f6z\u0151 t\u00f6rt\u00e9neteket k\u00edn\u00e1l.<\/p>\n<\/li>\n<\/ul>\n<p><img decoding=\"async\" class=\"bb_img aligncenter\" src=\"https:\/\/shared.fastly.steamstatic.com\/store_item_assets\/steam\/apps\/1299290\/extras\/hover.gif?t=1739831473\" \/><\/p>\n","protected":false},"excerpt":{"rendered":"<p>Egy kataklizmikus esem\u00e9ny az egykor gy\u00f6ny\u00f6r\u0171 \u00e9s b\u00fcszke g\u00f6r\u00f6g-r\u00f3mai \u0171rhaj\u00f3t, az Atromitoszt olyan helly\u00e9 v\u00e1ltoztatta, ahol egy ismeretlen dimenzi\u00f3b\u00f3l sz\u00e1rmaz\u00f3 f\u00e9lelmetes sz\u00f6rnyek f\u00e9szkelnek. Ennek k\u00f6vetkezt\u00e9ben egy titokzatos er\u0151 \u00fagy d\u00f6nt, hogy beavatkozik a sorsba, \u00e9s fel\u00e9breszti Adresti\u00e1t a romok \u00e9s hamvak k\u00f6z\u00fcl. Adrestia-k\u00e9nt az a feladatod, hogy meg\u00e1ll\u00edtsd ikertestv\u00e9redet, Harmoni\u00e1t, aki el akarja puszt\u00edtani az [&hellip;]<\/p>\n","protected":false},"featured_media":34709,"template":"","meta":{"_acf_changed":false,"site-sidebar-layout":"default","site-content-layout":"","ast-site-content-layout":"default","site-content-style":"default","site-sidebar-style":"default","ast-global-header-display":"","ast-banner-title-visibility":"","ast-main-header-display":"","ast-hfb-above-header-display":"","ast-hfb-below-header-display":"","ast-hfb-mobile-header-display":"","site-post-title":"","ast-breadcrumbs-content":"","ast-featured-img":"","footer-sml-layout":"","ast-disable-related-posts":"","theme-transparent-header-meta":"default","adv-header-id-meta":"","stick-header-meta":"","header-above-stick-meta":"","header-main-stick-meta":"","header-below-stick-meta":"","astra-migrate-meta-layouts":"set","ast-page-background-enabled":"default","ast-page-background-meta":{"desktop":{"background-color":"var(--ast-global-color-4)","background-image":"","background-repeat":"repeat","background-position":"center center","background-size":"auto","background-attachment":"scroll","background-type":"","background-media":"","overlay-type":"","overlay-color":"","overlay-opacity":"","overlay-gradient":""},"tablet":{"background-color":"","background-image":"","background-repeat":"repeat","background-position":"center center","background-size":"auto","background-attachment":"scroll","background-type":"","background-media":"","overlay-type":"","overlay-color":"","overlay-opacity":"","overlay-gradient":""},"mobile":{"background-color":"","background-image":"","background-repeat":"repeat","background-position":"center center","background-size":"auto","background-attachment":"scroll","background-type":"","background-media":"","overlay-type":"","overlay-color":"","overlay-opacity":"","overlay-gradient":""}},"ast-content-background-meta":{"desktop":{"background-color":"var(--ast-global-color-5)","background-image":"","background-repeat":"repeat","background-position":"center center","background-size":"auto","background-attachment":"scroll","background-type":"","background-media":"","overlay-type":"","overlay-color":"","overlay-opacity":"","overlay-gradient":""},"tablet":{"background-color":"var(--ast-global-color-5)","background-image":"","background-repeat":"repeat","background-position":"center center","background-size":"auto","background-attachment":"scroll","background-type":"","background-media":"","overlay-type":"","overlay-color":"","overlay-opacity":"","overlay-gradient":""},"mobile":{"background-color":"var(--ast-global-color-5)","background-image":"","background-repeat":"repeat","background-position":"center center","background-size":"auto","background-attachment":"scroll","background-type":"","background-media":"","overlay-type":"","overlay-color":"","overlay-opacity":"","overlay-gradient":""}}},"product_brand":[],"product_cat":[371,415,369,365,363],"product_tag":[],"class_list":{"0":"post-34716","1":"product","2":"type-product","3":"status-publish","4":"has-post-thumbnail","6":"product_cat-akcio-jatekok","7":"product_cat-bonus-stage-publishing-hu","8":"product_cat-csarnokok","9":"product_cat-goz","10":"product_cat-kaland-jatekok","11":"desktop-align-left","12":"tablet-align-left","13":"mobile-align-left","15":"first","16":"instock","17":"virtual","18":"purchasable","19":"product-type-simple"},"acf":[],"yoast_head":"<!-- This site is optimized with the Yoast SEO Premium plugin v27.4 (Yoast SEO v27.4) - https:\/\/yoast.com\/product\/yoast-seo-premium-wordpress\/ -->\n<title>Somber Echoes - Prismagamers.com<\/title>\n<meta name=\"description\" content=\"Egy kataklizmikus esem\u00e9ny az egykor gy\u00f6ny\u00f6r\u0171 \u00e9s b\u00fcszke g\u00f6r\u00f6g-r\u00f3mai \u0171rhaj\u00f3t, az Atromitoszt olyan helly\u00e9 v\u00e1ltoztatta, ahol egy ismeretlen dimenzi\u00f3b\u00f3l\" \/>\n<meta name=\"robots\" content=\"index, follow, max-snippet:-1, max-image-preview:large, max-video-preview:-1\" \/>\n<link rel=\"canonical\" href=\"https:\/\/prismagamers.com\/hu\/produkt\/somber-echoes\/\" \/>\n<meta property=\"og:locale\" content=\"hu_HU\" \/>\n<meta property=\"og:type\" content=\"article\" \/>\n<meta property=\"og:title\" content=\"Somber Echoes\" \/>\n<meta property=\"og:description\" content=\"Egy kataklizmikus esem\u00e9ny az egykor gy\u00f6ny\u00f6r\u0171 \u00e9s b\u00fcszke g\u00f6r\u00f6g-r\u00f3mai \u0171rhaj\u00f3t, az Atromitoszt olyan helly\u00e9 v\u00e1ltoztatta, ahol egy ismeretlen dimenzi\u00f3b\u00f3l\" \/>\n<meta property=\"og:url\" content=\"https:\/\/prismagamers.com\/hu\/produkt\/somber-echoes\/\" \/>\n<meta property=\"og:site_name\" content=\"Prismagamers.com\" \/>\n<meta property=\"article:publisher\" content=\"https:\/\/www.facebook.com\/prismagamers\" \/>\n<meta property=\"article:modified_time\" content=\"2026-03-04T23:00:42+00:00\" \/>\n<meta property=\"og:image\" content=\"https:\/\/prismagamers.com\/wp-content\/uploads\/2025\/03\/library_600x900_2x-2-e1741625739280.jpg\" \/>\n\t<meta property=\"og:image:width\" content=\"600\" \/>\n\t<meta property=\"og:image:height\" content=\"900\" \/>\n\t<meta property=\"og:image:type\" content=\"image\/jpeg\" \/>\n<meta name=\"twitter:card\" content=\"summary_large_image\" \/>\n<meta name=\"twitter:label1\" content=\"Becs\u00fclt olvas\u00e1si id\u0151\" \/>\n\t<meta name=\"twitter:data1\" content=\"3 perc\" \/>\n<script type=\"application\/ld+json\" class=\"yoast-schema-graph\">{\"@context\":\"https:\\\/\\\/schema.org\",\"@graph\":[{\"@type\":\"WebPage\",\"@id\":\"https:\\\/\\\/prismagamers.com\\\/hu\\\/produkt\\\/somber-echoes\\\/\",\"url\":\"https:\\\/\\\/prismagamers.com\\\/hu\\\/produkt\\\/somber-echoes\\\/\",\"name\":\"Somber Echoes - Prismagamers.com\",\"isPartOf\":{\"@id\":\"https:\\\/\\\/prismagamers.com\\\/hu\\\/#website\"},\"primaryImageOfPage\":{\"@id\":\"https:\\\/\\\/prismagamers.com\\\/hu\\\/produkt\\\/somber-echoes\\\/#primaryimage\"},\"image\":{\"@id\":\"https:\\\/\\\/prismagamers.com\\\/hu\\\/produkt\\\/somber-echoes\\\/#primaryimage\"},\"thumbnailUrl\":\"https:\\\/\\\/prismagamers.com\\\/wp-content\\\/uploads\\\/2025\\\/03\\\/library_600x900_2x-2-e1741625739280.jpg\",\"datePublished\":\"2025-03-10T16:56:21+00:00\",\"dateModified\":\"2026-03-04T23:00:42+00:00\",\"description\":\"Egy kataklizmikus esem\u00e9ny az egykor gy\u00f6ny\u00f6r\u0171 \u00e9s b\u00fcszke g\u00f6r\u00f6g-r\u00f3mai \u0171rhaj\u00f3t, az Atromitoszt olyan helly\u00e9 v\u00e1ltoztatta, ahol egy ismeretlen dimenzi\u00f3b\u00f3l\",\"breadcrumb\":{\"@id\":\"https:\\\/\\\/prismagamers.com\\\/hu\\\/produkt\\\/somber-echoes\\\/#breadcrumb\"},\"inLanguage\":\"hu\",\"potentialAction\":[{\"@type\":\"ReadAction\",\"target\":[\"https:\\\/\\\/prismagamers.com\\\/hu\\\/produkt\\\/somber-echoes\\\/\"]}]},{\"@type\":\"ImageObject\",\"inLanguage\":\"hu\",\"@id\":\"https:\\\/\\\/prismagamers.com\\\/hu\\\/produkt\\\/somber-echoes\\\/#primaryimage\",\"url\":\"https:\\\/\\\/prismagamers.com\\\/wp-content\\\/uploads\\\/2025\\\/03\\\/library_600x900_2x-2-e1741625739280.jpg\",\"contentUrl\":\"https:\\\/\\\/prismagamers.com\\\/wp-content\\\/uploads\\\/2025\\\/03\\\/library_600x900_2x-2-e1741625739280.jpg\",\"width\":600,\"height\":900,\"caption\":\"Somber Echoes boxshot\"},{\"@type\":\"BreadcrumbList\",\"@id\":\"https:\\\/\\\/prismagamers.com\\\/hu\\\/produkt\\\/somber-echoes\\\/#breadcrumb\",\"itemListElement\":[{\"@type\":\"ListItem\",\"position\":1,\"name\":\"Strona g\u0142\u00f3wna\",\"item\":\"https:\\\/\\\/prismagamers.com\\\/hu\\\/prismagamers\\\/\"},{\"@type\":\"ListItem\",\"position\":2,\"name\":\"Shop\",\"item\":\"https:\\\/\\\/prismagamers.com\\\/hu\\\/shop\\\/\"},{\"@type\":\"ListItem\",\"position\":3,\"name\":\"Somber Echoes\"}]},{\"@type\":\"WebSite\",\"@id\":\"https:\\\/\\\/prismagamers.com\\\/hu\\\/#website\",\"url\":\"https:\\\/\\\/prismagamers.com\\\/hu\\\/\",\"name\":\"Prismagamers\",\"description\":\"Sklep z grami PC I Sklep klucze Steam\",\"publisher\":{\"@id\":\"https:\\\/\\\/prismagamers.com\\\/hu\\\/#organization\"},\"potentialAction\":[{\"@type\":\"SearchAction\",\"target\":{\"@type\":\"EntryPoint\",\"urlTemplate\":\"https:\\\/\\\/prismagamers.com\\\/hu\\\/?s={search_term_string}\"},\"query-input\":{\"@type\":\"PropertyValueSpecification\",\"valueRequired\":true,\"valueName\":\"search_term_string\"}}],\"inLanguage\":\"hu\"},{\"@type\":\"Organization\",\"@id\":\"https:\\\/\\\/prismagamers.com\\\/hu\\\/#organization\",\"name\":\"Prismagamers\",\"url\":\"https:\\\/\\\/prismagamers.com\\\/hu\\\/\",\"logo\":{\"@type\":\"ImageObject\",\"inLanguage\":\"hu\",\"@id\":\"https:\\\/\\\/prismagamers.com\\\/hu\\\/#\\\/schema\\\/logo\\\/image\\\/\",\"url\":\"https:\\\/\\\/prismagamers.com\\\/wp-content\\\/uploads\\\/2022\\\/04\\\/cropped-logo-Prismagamers-01-scaled-1.jpg\",\"contentUrl\":\"https:\\\/\\\/prismagamers.com\\\/wp-content\\\/uploads\\\/2022\\\/04\\\/cropped-logo-Prismagamers-01-scaled-1.jpg\",\"width\":512,\"height\":512,\"caption\":\"Prismagamers\"},\"image\":{\"@id\":\"https:\\\/\\\/prismagamers.com\\\/hu\\\/#\\\/schema\\\/logo\\\/image\\\/\"},\"sameAs\":[\"https:\\\/\\\/www.facebook.com\\\/prismagamers\",\"https:\\\/\\\/www.instagram.com\\\/prismagamers_grycyfrowe\\\/\"],\"description\":\"Prismagamers.com to dynamiczny sklep z grami cyfrowymi, stworzony z my\u015bl\u0105 o entuzjastach gier wideo. Nasza strona oferuje szerok\u0105 gam\u0119 gier komputerowych, w tym najnowsze tytu\u0142y, dobrze znane klasyki oraz gry stworzone przez niezale\u017cne studia Ca\u0142y czas d\u0105\u017cymy do rozszerzenia naszej oferty. Do\u0142\u0105cz do nas i sta\u0144 si\u0119 cz\u0119\u015bci\u0105 naszej rosn\u0105cej spo\u0142eczno\u015bci graczy!\",\"email\":\"shop@prismagamers.com\",\"telephone\":\"48795541705\",\"legalName\":\"East Caravan Maksym \u017bukow\",\"foundingDate\":\"2012-05-10\",\"vatID\":\"PL8943038612\",\"taxID\":\"PL8943038612\",\"numberOfEmployees\":{\"@type\":\"QuantitativeValue\",\"minValue\":\"11\",\"maxValue\":\"50\"}}]}<\/script>\n<!-- \/ Yoast SEO Premium plugin. -->","yoast_head_json":{"title":"Somber Echoes - Prismagamers.com","description":"Egy kataklizmikus esem\u00e9ny az egykor gy\u00f6ny\u00f6r\u0171 \u00e9s b\u00fcszke g\u00f6r\u00f6g-r\u00f3mai \u0171rhaj\u00f3t, az Atromitoszt olyan helly\u00e9 v\u00e1ltoztatta, ahol egy ismeretlen dimenzi\u00f3b\u00f3l","robots":{"index":"index","follow":"follow","max-snippet":"max-snippet:-1","max-image-preview":"max-image-preview:large","max-video-preview":"max-video-preview:-1"},"canonical":"https:\/\/prismagamers.com\/hu\/produkt\/somber-echoes\/","og_locale":"hu_HU","og_type":"article","og_title":"Somber Echoes","og_description":"Egy kataklizmikus esem\u00e9ny az egykor gy\u00f6ny\u00f6r\u0171 \u00e9s b\u00fcszke g\u00f6r\u00f6g-r\u00f3mai \u0171rhaj\u00f3t, az Atromitoszt olyan helly\u00e9 v\u00e1ltoztatta, ahol egy ismeretlen dimenzi\u00f3b\u00f3l","og_url":"https:\/\/prismagamers.com\/hu\/produkt\/somber-echoes\/","og_site_name":"Prismagamers.com","article_publisher":"https:\/\/www.facebook.com\/prismagamers","article_modified_time":"2026-03-04T23:00:42+00:00","og_image":[{"width":600,"height":900,"url":"https:\/\/prismagamers.com\/wp-content\/uploads\/2025\/03\/library_600x900_2x-2-e1741625739280.jpg","type":"image\/jpeg"}],"twitter_card":"summary_large_image","twitter_misc":{"Becs\u00fclt olvas\u00e1si id\u0151":"3 perc"},"schema":{"@context":"https:\/\/schema.org","@graph":[{"@type":"WebPage","@id":"https:\/\/prismagamers.com\/hu\/produkt\/somber-echoes\/","url":"https:\/\/prismagamers.com\/hu\/produkt\/somber-echoes\/","name":"Somber Echoes - Prismagamers.com","isPartOf":{"@id":"https:\/\/prismagamers.com\/hu\/#website"},"primaryImageOfPage":{"@id":"https:\/\/prismagamers.com\/hu\/produkt\/somber-echoes\/#primaryimage"},"image":{"@id":"https:\/\/prismagamers.com\/hu\/produkt\/somber-echoes\/#primaryimage"},"thumbnailUrl":"https:\/\/prismagamers.com\/wp-content\/uploads\/2025\/03\/library_600x900_2x-2-e1741625739280.jpg","datePublished":"2025-03-10T16:56:21+00:00","dateModified":"2026-03-04T23:00:42+00:00","description":"Egy kataklizmikus esem\u00e9ny az egykor gy\u00f6ny\u00f6r\u0171 \u00e9s b\u00fcszke g\u00f6r\u00f6g-r\u00f3mai \u0171rhaj\u00f3t, az Atromitoszt olyan helly\u00e9 v\u00e1ltoztatta, ahol egy ismeretlen dimenzi\u00f3b\u00f3l","breadcrumb":{"@id":"https:\/\/prismagamers.com\/hu\/produkt\/somber-echoes\/#breadcrumb"},"inLanguage":"hu","potentialAction":[{"@type":"ReadAction","target":["https:\/\/prismagamers.com\/hu\/produkt\/somber-echoes\/"]}]},{"@type":"ImageObject","inLanguage":"hu","@id":"https:\/\/prismagamers.com\/hu\/produkt\/somber-echoes\/#primaryimage","url":"https:\/\/prismagamers.com\/wp-content\/uploads\/2025\/03\/library_600x900_2x-2-e1741625739280.jpg","contentUrl":"https:\/\/prismagamers.com\/wp-content\/uploads\/2025\/03\/library_600x900_2x-2-e1741625739280.jpg","width":600,"height":900,"caption":"Somber Echoes boxshot"},{"@type":"BreadcrumbList","@id":"https:\/\/prismagamers.com\/hu\/produkt\/somber-echoes\/#breadcrumb","itemListElement":[{"@type":"ListItem","position":1,"name":"Strona g\u0142\u00f3wna","item":"https:\/\/prismagamers.com\/hu\/prismagamers\/"},{"@type":"ListItem","position":2,"name":"Shop","item":"https:\/\/prismagamers.com\/hu\/shop\/"},{"@type":"ListItem","position":3,"name":"Somber Echoes"}]},{"@type":"WebSite","@id":"https:\/\/prismagamers.com\/hu\/#website","url":"https:\/\/prismagamers.com\/hu\/","name":"Prismagamers","description":"Sklep z grami PC I Sklep klucze Steam","publisher":{"@id":"https:\/\/prismagamers.com\/hu\/#organization"},"potentialAction":[{"@type":"SearchAction","target":{"@type":"EntryPoint","urlTemplate":"https:\/\/prismagamers.com\/hu\/?s={search_term_string}"},"query-input":{"@type":"PropertyValueSpecification","valueRequired":true,"valueName":"search_term_string"}}],"inLanguage":"hu"},{"@type":"Organization","@id":"https:\/\/prismagamers.com\/hu\/#organization","name":"Prismagamers","url":"https:\/\/prismagamers.com\/hu\/","logo":{"@type":"ImageObject","inLanguage":"hu","@id":"https:\/\/prismagamers.com\/hu\/#\/schema\/logo\/image\/","url":"https:\/\/prismagamers.com\/wp-content\/uploads\/2022\/04\/cropped-logo-Prismagamers-01-scaled-1.jpg","contentUrl":"https:\/\/prismagamers.com\/wp-content\/uploads\/2022\/04\/cropped-logo-Prismagamers-01-scaled-1.jpg","width":512,"height":512,"caption":"Prismagamers"},"image":{"@id":"https:\/\/prismagamers.com\/hu\/#\/schema\/logo\/image\/"},"sameAs":["https:\/\/www.facebook.com\/prismagamers","https:\/\/www.instagram.com\/prismagamers_grycyfrowe\/"],"description":"Prismagamers.com to dynamiczny sklep z grami cyfrowymi, stworzony z my\u015bl\u0105 o entuzjastach gier wideo. Nasza strona oferuje szerok\u0105 gam\u0119 gier komputerowych, w tym najnowsze tytu\u0142y, dobrze znane klasyki oraz gry stworzone przez niezale\u017cne studia Ca\u0142y czas d\u0105\u017cymy do rozszerzenia naszej oferty. Do\u0142\u0105cz do nas i sta\u0144 si\u0119 cz\u0119\u015bci\u0105 naszej rosn\u0105cej spo\u0142eczno\u015bci graczy!","email":"shop@prismagamers.com","telephone":"48795541705","legalName":"East Caravan Maksym \u017bukow","foundingDate":"2012-05-10","vatID":"PL8943038612","taxID":"PL8943038612","numberOfEmployees":{"@type":"QuantitativeValue","minValue":"11","maxValue":"50"}}]}},"_links":{"self":[{"href":"https:\/\/prismagamers.com\/hu\/wp-json\/wp\/v2\/product\/34716","targetHints":{"allow":["GET"]}}],"collection":[{"href":"https:\/\/prismagamers.com\/hu\/wp-json\/wp\/v2\/product"}],"about":[{"href":"https:\/\/prismagamers.com\/hu\/wp-json\/wp\/v2\/types\/product"}],"wp:featuredmedia":[{"embeddable":true,"href":"https:\/\/prismagamers.com\/hu\/wp-json\/wp\/v2\/media\/34709"}],"wp:attachment":[{"href":"https:\/\/prismagamers.com\/hu\/wp-json\/wp\/v2\/media?parent=34716"}],"wp:term":[{"taxonomy":"product_brand","embeddable":true,"href":"https:\/\/prismagamers.com\/hu\/wp-json\/wp\/v2\/product_brand?post=34716"},{"taxonomy":"product_cat","embeddable":true,"href":"https:\/\/prismagamers.com\/hu\/wp-json\/wp\/v2\/product_cat?post=34716"},{"taxonomy":"product_tag","embeddable":true,"href":"https:\/\/prismagamers.com\/hu\/wp-json\/wp\/v2\/product_tag?post=34716"}],"curies":[{"name":"wp","href":"https:\/\/api.w.org\/{rel}","templated":true}]}}