{"id":34726,"date":"2025-03-10T18:17:56","date_gmt":"2025-03-10T17:17:56","guid":{"rendered":"https:\/\/prismagamers.com\/produkt\/hpl-nyarlathotep-felemelkedese\/"},"modified":"2025-08-26T13:52:41","modified_gmt":"2025-08-26T11:52:41","slug":"hpl-nyarlathotep-felemelkedese","status":"publish","type":"product","link":"https:\/\/prismagamers.com\/hu\/produkt\/hpl-nyarlathotep-felemelkedese\/","title":{"rendered":"HPL: Nyarlathotep Rising"},"content":{"rendered":"<h5 data-start=\"0\" data-end=\"58\">HPL: Nyarlathotep Rising &#8211; egy Lovecrafti kaland RPG<\/h5>\n<p data-start=\"60\" data-end=\"357\"><strong data-start=\"60\" data-end=\"72\">Az 1929-es \u00e9v<\/strong> a h\u00faszas \u00e9vek \u00f6sszeoml\u00e1s\u00e1nak ideje, \u00e9s a vil\u00e1g felett lebeg\u0151 kozmikus fenyeget\u00e9s csak tov\u00e1bb m\u00e9ly\u00edti a Wall Street \u00f6sszeoml\u00e1sa \u00e1ltal okozott v\u00e1ls\u00e1got. Mer\u00fclj el H.P. Lovecraft f\u00e9lelmetes univerzum\u00e1ban ebben a kiterjedt RPG-ben, amelynek t\u00f6rt\u00e9nete tele van s\u00f6t\u00e9ts\u00e9ggel, rejt\u00e9lyekkel \u00e9s term\u00e9szetfeletti er\u0151kkel.<\/p>\n<p data-start=\"60\" data-end=\"357\"><img decoding=\"async\" class=\"bb_img aligncenter\" src=\"https:\/\/shared.fastly.steamstatic.com\/store_item_assets\/steam\/apps\/1759160\/extras\/HPL_-_GIF_1_v2.gif?t=1739953764\" \/><\/p>\n<p data-start=\"359\" data-end=\"683\">Vedd \u00e1t a h\u00e1rom f\u0151szerepl\u0151 egyik\u00e9nek szerep\u00e9t: <strong data-start=\"399\" data-end=\"408\">Mark<\/strong>, a Nagy H\u00e1bor\u00fa traumatiz\u00e1lt veter\u00e1nja, <strong data-start=\"457\" data-end=\"465\">Anna<\/strong>, a brili\u00e1ns fiatal m\u0171v\u00e9sz, vagy <strong data-start=\"496\" data-end=\"507\">Victor<\/strong>, a titkos tud\u00e1s tehets\u00e9ges tanul\u00f3ja. A j\u00e1t\u00e9k sor\u00e1n egy Nyarlathotepet im\u00e1d\u00f3 szekt\u00e1val kell szemben\u00e9zned, egy kozmikus r\u00e9ms\u00e9ggel, aki \u00fajj\u00e1 akar sz\u00fcletni \u00e9s leig\u00e1zni az emberis\u00e9get.<\/p>\n<h5 data-start=\"685\" data-end=\"728\">Lovecraft intenz\u00edv \u00e9s h\u0171s\u00e9ges kalandja<\/h5>\n<p data-start=\"730\" data-end=\"1051\">A <strong data-start=\"732\" data-end=\"760\">HPL: Nyarlathotep Rising<\/strong> j\u00e1t\u00e9kban az egyik karakteredet ir\u00e1ny\u00edtod, fizikailag \u00e9s ment\u00e1lisan is, a k\u00f6zelg\u0151 k\u00e1oszban. Minden karakter egyedi pszichikai hajlammal rendelkezik, amely befoly\u00e1solja a d\u00f6nt\u00e9seidet \u00e9s mind a karaktered, mind a t\u00f6bbi karakter sors\u00e1t, akik veled egy\u00fctt fejl\u0151dnek a t\u00f6rt\u00e9netben.<\/p>\n<p data-start=\"730\" data-end=\"1051\"><img decoding=\"async\" class=\"bb_img aligncenter\" src=\"https:\/\/shared.fastly.steamstatic.com\/store_item_assets\/steam\/apps\/1759160\/extras\/HPL_-_GIF_2_v2.gif?t=1739953764\" \/><\/p>\n<h5 data-start=\"1053\" data-end=\"1086\">A vil\u00e1g \u00e9s a dimenzi\u00f3k felfedez\u00e9se<\/h5>\n<p data-start=\"1088\" data-end=\"1399\">Az igazs\u00e1g\u00e9rt tett utaz\u00e1sod sor\u00e1n be fogod j\u00e1rni a vil\u00e1got \u00e9s a val\u00f3s\u00e1g m\u00e1s dimenzi\u00f3it. Londont\u00f3l New Yorkig, Suffolkon \u00e9s m\u00e1s titokzatos helyeken kereszt\u00fcl, minden egyes szerepl\u0151, akivel tal\u00e1lkozol, hat\u00e1ssal lesz az \u00f6nmagadr\u00f3l \u00e9s m\u00e1sokr\u00f3l alkotott k\u00e9pedre. V\u00e1lassz sz\u00f6vets\u00e9geseket, gy\u0151zd le ellens\u00e9geidet, \u00e9s tal\u00e1n m\u00e9g a szerelmet is megtal\u00e1lod az \u0151r\u00fcletben.<\/p>\n<h5 style=\"text-align: left;\" data-start=\"1401\" data-end=\"1449\">A d\u00f6nt\u00e9sek alak\u00edtj\u00e1k a karakterek j\u00f6v\u0151j\u00e9t \u00e9s lelk\u00e9t<\/h5>\n<p data-start=\"1451\" data-end=\"1786\">A t\u00f6bbi karakterrel val\u00f3 interakci\u00f3id, a felfedez\u00e9seid, a feltett k\u00e9rd\u00e9seid, valamint a t\u00e1rgyak haszn\u00e1lata nagy hat\u00e1ssal van a t\u00f6rt\u00e9netre, \u00e9s k\u00fcl\u00f6nb\u00f6z\u0151 lehets\u00e9ges befejez\u00e9sekhez vezet. A d\u00f6nt\u00e9seid alak\u00edtj\u00e1k a karaktered tulajdons\u00e1gait: <strong data-start=\"1659\" data-end=\"1668\">Test<\/strong>, <strong data-start=\"1670\" data-end=\"1686\">Hat\u00e1rozotts\u00e1g<\/strong>, <strong data-start=\"1688\" data-end=\"1701\">Szellemis\u00e9g<\/strong>, <strong data-start=\"1703\" data-end=\"1712\">Bel\u00e1t\u00e1s<\/strong> \u00e9s <strong data-start=\"1718\" data-end=\"1730\">Karizma<\/strong>. Ezeknek a tulajdons\u00e1goknak a fejleszt\u00e9se \u00faj lehet\u0151s\u00e9geket nyit meg sz\u00e1modra a j\u00e1t\u00e9kban.<\/p>\n<p data-start=\"1451\" data-end=\"1786\"><img decoding=\"async\" class=\"bb_img aligncenter\" src=\"https:\/\/shared.fastly.steamstatic.com\/store_item_assets\/steam\/apps\/1759160\/extras\/HPL_-_GIF_4_v2.gif?t=1739953764\" \/><\/p>\n<h5 data-start=\"1788\" data-end=\"1822\">\u0150r\u00fclet \u00e9s t\u00f6bbsz\u00f6r\u00f6s v\u00e9gkifejlet<\/h5>\n<p data-start=\"1824\" data-end=\"2128\">Lovecraft univerzum\u00e1hoz h\u0171en a <strong data-start=\"1853\" data-end=\"1881\">HPL: Nyarlathotep Rising<\/strong> minden egyes karakterhez egyedi t\u00f6rt\u00e9netet k\u00edn\u00e1l. H\u00e9tk\u00f6znapi emberek, akik term\u00e9szetfeletti esem\u00e9nyekkel szembes\u00fclnek az emberis\u00e9g sz\u00e1m\u00e1ra kritikus id\u0151szakban. Minden karakter a d\u00f6nt\u00e9seidnek megfelel\u0151en fejl\u0151dik, t\u00f6bb alternat\u00edv befejez\u00e9st k\u00edn\u00e1lva.<\/p>\n<h5 data-start=\"2130\" data-end=\"2151\">A j\u00e1t\u00e9k f\u0151bb jellemz\u0151i:<\/h5>\n<ul data-start=\"2153\" data-end=\"2720\">\n<li data-start=\"2153\" data-end=\"2282\"><strong data-start=\"2155\" data-end=\"2190\">Lovecraft interakt\u00edv reg\u00e9nye<\/strong> &#8211; Fedezd fel a k\u00fcl\u00f6nb\u00f6z\u0151 cselekm\u00e9nysz\u00e1lakat, mik\u00f6zben elm\u00e9ly\u00edted kapcsolatodat H.P. Lovecraft univerzum\u00e1val.<\/li>\n<li data-start=\"2283\" data-end=\"2398\"><strong data-start=\"2285\" data-end=\"2306\">T\u00f6bbf\u00e9le befejez\u00e9s<\/strong> &#8211; A d\u00f6nt\u00e9seid befoly\u00e1solj\u00e1k a karaktered j\u00f6v\u0151j\u00e9t, ami k\u00fcl\u00f6nb\u00f6z\u0151 lehets\u00e9ges befejez\u00e9sekhez vezet.<\/li>\n<li data-start=\"2399\" data-end=\"2500\"><strong data-start=\"2401\" data-end=\"2437\">Pszichol\u00f3giai \u00e9s fizikai d\u00f6nt\u00e9sek<\/strong> &#8211; Fejleszd karaktereidet a tulajdons\u00e1gaik \u00e9s k\u00e9pess\u00e9geik befoly\u00e1sol\u00e1s\u00e1val.<\/li>\n<li data-start=\"2501\" data-end=\"2622\"><strong data-start=\"2503\" data-end=\"2527\">Term\u00e9szetfeletti harc<\/strong> &#8211; Gy\u0171jts \u00f6ssze t\u00e1rgyakat, fegyvereket \u00e9s var\u00e1zslatokat, hogy szekt\u00e1sok \u00e9s m\u00e1s f\u00e9lelmetes l\u00e9nyekkel sz\u00e1llj szembe.<\/li>\n<li data-start=\"2623\" data-end=\"2720\"><strong data-start=\"2625\" data-end=\"2670\">Lovecraft mitol\u00f3gi\u00e1ja \u00e1ltal ihletett t\u00f6rt\u00e9net<\/strong> &#8211; A h\u00e9tk\u00f6znapi emberek \u00e9s a felfoghatatlan borzalom \u00f6ssze\u00fctk\u00f6z\u00e9se.<\/li>\n<\/ul>\n<p><img decoding=\"async\" class=\"bb_img aligncenter\" src=\"https:\/\/shared.fastly.steamstatic.com\/store_item_assets\/steam\/apps\/1759160\/extras\/HPL_-_GIF_5_v2.gif?t=1739953764\" \/><\/p>\n<h5 data-start=\"2722\" data-end=\"2766\">A d\u00f6nt\u00e9seid, a Lovecraft-t\u00f6rt\u00e9neteid<\/h5>\n<p data-start=\"2768\" data-end=\"3073\"><strong data-start=\"2768\" data-end=\"2796\">A HPL: Nyarlathotep Rising<\/strong> egy tisztelg\u00e9s H.P. Lovecraft \u00e9s az \u0151 leny\u0171g\u00f6z\u0151 univerzuma el\u0151tt, amely a s\u00f6t\u00e9ts\u00e9g, a rejt\u00e9ly \u00e9s az \u0151r\u00fclet vil\u00e1g\u00e1ba kalauzol. Pr\u00f3b\u00e1ld megmenteni szeretteidet, harcolj Mythos \u00e9s csatl\u00f3sai ellen, vagy vezesd az emberis\u00e9get az univerzum \u00e9szlel\u00e9s\u00e9nek \u00e9s meg\u00e9rt\u00e9s\u00e9nek \u00faj szintj\u00e9re.<\/p>\n","protected":false},"excerpt":{"rendered":"<p>Mer\u00fclj el m\u00e9lyen H.P. Lovecraft csavaros univerzum\u00e1ban ebben a kiterjedt narrat\u00edv RPG-ben. Vedd \u00e1t Mark, Anna \u00e9s Victor egym\u00e1sba fon\u00f3d\u00f3 lelk\u00e9t, akiket szekta k\u00f6vet\u0151i vesznek k\u00f6r\u00fcl, mik\u00f6zben Nyarlathotep, a kozmikus borzalom 1929-ben az emberis\u00e9g leig\u00e1z\u00e1s\u00e1ra t\u00f6rekszik.<\/p>\n<p>\ud83c\udf0d Glob\u00e1lis<br \/>\n\u2699\ufe0f Steam<br \/>\n\ud83d\udddd Digit\u00e1lis kulcs<\/p>\n","protected":false},"featured_media":34725,"template":"","meta":{"_acf_changed":false,"site-sidebar-layout":"default","site-content-layout":"","ast-site-content-layout":"default","site-content-style":"default","site-sidebar-style":"default","ast-global-header-display":"","ast-banner-title-visibility":"","ast-main-header-display":"","ast-hfb-above-header-display":"","ast-hfb-below-header-display":"","ast-hfb-mobile-header-display":"","site-post-title":"","ast-breadcrumbs-content":"","ast-featured-img":"","footer-sml-layout":"","ast-disable-related-posts":"","theme-transparent-header-meta":"default","adv-header-id-meta":"","stick-header-meta":"","header-above-stick-meta":"","header-main-stick-meta":"","header-below-stick-meta":"","astra-migrate-meta-layouts":"set","ast-page-background-enabled":"default","ast-page-background-meta":{"desktop":{"background-color":"var(--ast-global-color-4)","background-image":"","background-repeat":"repeat","background-position":"center center","background-size":"auto","background-attachment":"scroll","background-type":"","background-media":"","overlay-type":"","overlay-color":"","overlay-opacity":"","overlay-gradient":""},"tablet":{"background-color":"","background-image":"","background-repeat":"repeat","background-position":"center center","background-size":"auto","background-attachment":"scroll","background-type":"","background-media":"","overlay-type":"","overlay-color":"","overlay-opacity":"","overlay-gradient":""},"mobile":{"background-color":"","background-image":"","background-repeat":"repeat","background-position":"center center","background-size":"auto","background-attachment":"scroll","background-type":"","background-media":"","overlay-type":"","overlay-color":"","overlay-opacity":"","overlay-gradient":""}},"ast-content-background-meta":{"desktop":{"background-color":"var(--ast-global-color-5)","background-image":"","background-repeat":"repeat","background-position":"center center","background-size":"auto","background-attachment":"scroll","background-type":"","background-media":"","overlay-type":"","overlay-color":"","overlay-opacity":"","overlay-gradient":""},"tablet":{"background-color":"var(--ast-global-color-5)","background-image":"","background-repeat":"repeat","background-position":"center center","background-size":"auto","background-attachment":"scroll","background-type":"","background-media":"","overlay-type":"","overlay-color":"","overlay-opacity":"","overlay-gradient":""},"mobile":{"background-color":"var(--ast-global-color-5)","background-image":"","background-repeat":"repeat","background-position":"center center","background-size":"auto","background-attachment":"scroll","background-type":"","background-media":"","overlay-type":"","overlay-color":"","overlay-opacity":"","overlay-gradient":""}}},"product_brand":[],"product_cat":[365,363,364],"product_tag":[],"class_list":{"0":"post-34726","1":"product","2":"type-product","3":"status-publish","4":"has-post-thumbnail","6":"product_cat-goz","7":"product_cat-kaland-jatekok","8":"product_cat-rpg-k","9":"desktop-align-left","10":"tablet-align-left","11":"mobile-align-left","13":"first","14":"instock","15":"virtual","16":"purchasable","17":"product-type-simple"},"acf":[],"yoast_head":"<!-- This site is optimized with the Yoast SEO Premium plugin v27.4 (Yoast SEO v27.4) - https:\/\/yoast.com\/product\/yoast-seo-premium-wordpress\/ -->\n<title>HPL: Nyarlathotep Rising - Prismagamers.com<\/title>\n<meta name=\"description\" content=\"Mer\u00fclj el m\u00e9lyen H.P. Lovecraft csavaros univerzum\u00e1ban ebben a kiterjedt narrat\u00edv RPG-ben. Vedd \u00e1t Mark, Anna \u00e9s Victor egym\u00e1sba fon\u00f3d\u00f3 lelk\u00e9t, akiket szekta k\u00f6vet\u0151i vesznek k\u00f6r\u00fcl, mik\u00f6zben Nyarlathotep, a kozmikus borzalom 1929-ben az emberis\u00e9g leig\u00e1z\u00e1s\u00e1ra t\u00f6rekszik.  \ud83c\udf0d Glob\u00e1lis \u2699\ufe0f Steam \ud83d\udddd Digit\u00e1lis kulcs\" \/>\n<meta name=\"robots\" content=\"index, follow, max-snippet:-1, max-image-preview:large, max-video-preview:-1\" \/>\n<link rel=\"canonical\" href=\"https:\/\/prismagamers.com\/hu\/produkt\/hpl-nyarlathotep-felemelkedese\/\" \/>\n<meta property=\"og:locale\" content=\"hu_HU\" \/>\n<meta property=\"og:type\" content=\"article\" \/>\n<meta property=\"og:title\" content=\"HPL: Nyarlathotep Rising\" \/>\n<meta property=\"og:description\" content=\"Mer\u00fclj el m\u00e9lyen H.P. Lovecraft csavaros univerzum\u00e1ban ebben a kiterjedt narrat\u00edv RPG-ben. Vedd \u00e1t Mark, Anna \u00e9s Victor egym\u00e1sba fon\u00f3d\u00f3 lelk\u00e9t, akiket szekta k\u00f6vet\u0151i vesznek k\u00f6r\u00fcl, mik\u00f6zben Nyarlathotep, a kozmikus borzalom 1929-ben az emberis\u00e9g leig\u00e1z\u00e1s\u00e1ra t\u00f6rekszik.  \ud83c\udf0d Glob\u00e1lis \u2699\ufe0f Steam \ud83d\udddd Digit\u00e1lis kulcs\" \/>\n<meta property=\"og:url\" content=\"https:\/\/prismagamers.com\/hu\/produkt\/hpl-nyarlathotep-felemelkedese\/\" \/>\n<meta property=\"og:site_name\" content=\"Prismagamers.com\" \/>\n<meta property=\"article:publisher\" content=\"https:\/\/www.facebook.com\/prismagamers\" \/>\n<meta property=\"article:modified_time\" content=\"2025-08-26T11:52:41+00:00\" \/>\n<meta property=\"og:image\" content=\"https:\/\/prismagamers.com\/wp-content\/uploads\/2025\/03\/library_600x900_2x-3-e1741627031308.jpg\" \/>\n\t<meta property=\"og:image:width\" content=\"600\" \/>\n\t<meta property=\"og:image:height\" content=\"900\" \/>\n\t<meta property=\"og:image:type\" content=\"image\/jpeg\" \/>\n<meta name=\"twitter:card\" content=\"summary_large_image\" \/>\n<meta name=\"twitter:label1\" content=\"Becs\u00fclt olvas\u00e1si id\u0151\" \/>\n\t<meta name=\"twitter:data1\" content=\"4 perc\" \/>\n<script type=\"application\/ld+json\" class=\"yoast-schema-graph\">{\"@context\":\"https:\\\/\\\/schema.org\",\"@graph\":[{\"@type\":\"WebPage\",\"@id\":\"https:\\\/\\\/prismagamers.com\\\/hu\\\/produkt\\\/hpl-nyarlathotep-felemelkedese\\\/\",\"url\":\"https:\\\/\\\/prismagamers.com\\\/hu\\\/produkt\\\/hpl-nyarlathotep-felemelkedese\\\/\",\"name\":\"HPL: Nyarlathotep Rising - Prismagamers.com\",\"isPartOf\":{\"@id\":\"https:\\\/\\\/prismagamers.com\\\/hu\\\/#website\"},\"primaryImageOfPage\":{\"@id\":\"https:\\\/\\\/prismagamers.com\\\/hu\\\/produkt\\\/hpl-nyarlathotep-felemelkedese\\\/#primaryimage\"},\"image\":{\"@id\":\"https:\\\/\\\/prismagamers.com\\\/hu\\\/produkt\\\/hpl-nyarlathotep-felemelkedese\\\/#primaryimage\"},\"thumbnailUrl\":\"https:\\\/\\\/prismagamers.com\\\/wp-content\\\/uploads\\\/2025\\\/03\\\/library_600x900_2x-3-e1741627031308.jpg\",\"datePublished\":\"2025-03-10T17:17:56+00:00\",\"dateModified\":\"2025-08-26T11:52:41+00:00\",\"description\":\"Mer\u00fclj el m\u00e9lyen H.P. Lovecraft csavaros univerzum\u00e1ban ebben a kiterjedt narrat\u00edv RPG-ben. Vedd \u00e1t Mark, Anna \u00e9s Victor egym\u00e1sba fon\u00f3d\u00f3 lelk\u00e9t, akiket szekta k\u00f6vet\u0151i vesznek k\u00f6r\u00fcl, mik\u00f6zben Nyarlathotep, a kozmikus borzalom 1929-ben az emberis\u00e9g leig\u00e1z\u00e1s\u00e1ra t\u00f6rekszik. \ud83c\udf0d Glob\u00e1lis \u2699\ufe0f Steam \ud83d\udddd Digit\u00e1lis kulcs\",\"breadcrumb\":{\"@id\":\"https:\\\/\\\/prismagamers.com\\\/hu\\\/produkt\\\/hpl-nyarlathotep-felemelkedese\\\/#breadcrumb\"},\"inLanguage\":\"hu\",\"potentialAction\":[{\"@type\":\"ReadAction\",\"target\":[\"https:\\\/\\\/prismagamers.com\\\/hu\\\/produkt\\\/hpl-nyarlathotep-felemelkedese\\\/\"]}]},{\"@type\":\"ImageObject\",\"inLanguage\":\"hu\",\"@id\":\"https:\\\/\\\/prismagamers.com\\\/hu\\\/produkt\\\/hpl-nyarlathotep-felemelkedese\\\/#primaryimage\",\"url\":\"https:\\\/\\\/prismagamers.com\\\/wp-content\\\/uploads\\\/2025\\\/03\\\/library_600x900_2x-3-e1741627031308.jpg\",\"contentUrl\":\"https:\\\/\\\/prismagamers.com\\\/wp-content\\\/uploads\\\/2025\\\/03\\\/library_600x900_2x-3-e1741627031308.jpg\",\"width\":600,\"height\":900,\"caption\":\"HPL: Nyarlathotep Rising bor\u00edt\u00f3ja\"},{\"@type\":\"BreadcrumbList\",\"@id\":\"https:\\\/\\\/prismagamers.com\\\/hu\\\/produkt\\\/hpl-nyarlathotep-felemelkedese\\\/#breadcrumb\",\"itemListElement\":[{\"@type\":\"ListItem\",\"position\":1,\"name\":\"Strona g\u0142\u00f3wna\",\"item\":\"https:\\\/\\\/prismagamers.com\\\/hu\\\/prismagamers\\\/\"},{\"@type\":\"ListItem\",\"position\":2,\"name\":\"Shop\",\"item\":\"https:\\\/\\\/prismagamers.com\\\/hu\\\/shop\\\/\"},{\"@type\":\"ListItem\",\"position\":3,\"name\":\"HPL: Nyarlathotep Rising\"}]},{\"@type\":\"WebSite\",\"@id\":\"https:\\\/\\\/prismagamers.com\\\/hu\\\/#website\",\"url\":\"https:\\\/\\\/prismagamers.com\\\/hu\\\/\",\"name\":\"Prismagamers\",\"description\":\"Sklep z grami PC I Sklep klucze Steam\",\"publisher\":{\"@id\":\"https:\\\/\\\/prismagamers.com\\\/hu\\\/#organization\"},\"potentialAction\":[{\"@type\":\"SearchAction\",\"target\":{\"@type\":\"EntryPoint\",\"urlTemplate\":\"https:\\\/\\\/prismagamers.com\\\/hu\\\/?s={search_term_string}\"},\"query-input\":{\"@type\":\"PropertyValueSpecification\",\"valueRequired\":true,\"valueName\":\"search_term_string\"}}],\"inLanguage\":\"hu\"},{\"@type\":\"Organization\",\"@id\":\"https:\\\/\\\/prismagamers.com\\\/hu\\\/#organization\",\"name\":\"Prismagamers\",\"url\":\"https:\\\/\\\/prismagamers.com\\\/hu\\\/\",\"logo\":{\"@type\":\"ImageObject\",\"inLanguage\":\"hu\",\"@id\":\"https:\\\/\\\/prismagamers.com\\\/hu\\\/#\\\/schema\\\/logo\\\/image\\\/\",\"url\":\"https:\\\/\\\/prismagamers.com\\\/wp-content\\\/uploads\\\/2022\\\/04\\\/cropped-logo-Prismagamers-01-scaled-1.jpg\",\"contentUrl\":\"https:\\\/\\\/prismagamers.com\\\/wp-content\\\/uploads\\\/2022\\\/04\\\/cropped-logo-Prismagamers-01-scaled-1.jpg\",\"width\":512,\"height\":512,\"caption\":\"Prismagamers\"},\"image\":{\"@id\":\"https:\\\/\\\/prismagamers.com\\\/hu\\\/#\\\/schema\\\/logo\\\/image\\\/\"},\"sameAs\":[\"https:\\\/\\\/www.facebook.com\\\/prismagamers\",\"https:\\\/\\\/www.instagram.com\\\/prismagamers_grycyfrowe\\\/\"],\"description\":\"Prismagamers.com to dynamiczny sklep z grami cyfrowymi, stworzony z my\u015bl\u0105 o entuzjastach gier wideo. Nasza strona oferuje szerok\u0105 gam\u0119 gier komputerowych, w tym najnowsze tytu\u0142y, dobrze znane klasyki oraz gry stworzone przez niezale\u017cne studia Ca\u0142y czas d\u0105\u017cymy do rozszerzenia naszej oferty. Do\u0142\u0105cz do nas i sta\u0144 si\u0119 cz\u0119\u015bci\u0105 naszej rosn\u0105cej spo\u0142eczno\u015bci graczy!\",\"email\":\"shop@prismagamers.com\",\"telephone\":\"48795541705\",\"legalName\":\"East Caravan Maksym \u017bukow\",\"foundingDate\":\"2012-05-10\",\"vatID\":\"PL8943038612\",\"taxID\":\"PL8943038612\",\"numberOfEmployees\":{\"@type\":\"QuantitativeValue\",\"minValue\":\"11\",\"maxValue\":\"50\"}}]}<\/script>\n<!-- \/ Yoast SEO Premium plugin. -->","yoast_head_json":{"title":"HPL: Nyarlathotep Rising - Prismagamers.com","description":"Mer\u00fclj el m\u00e9lyen H.P. Lovecraft csavaros univerzum\u00e1ban ebben a kiterjedt narrat\u00edv RPG-ben. Vedd \u00e1t Mark, Anna \u00e9s Victor egym\u00e1sba fon\u00f3d\u00f3 lelk\u00e9t, akiket szekta k\u00f6vet\u0151i vesznek k\u00f6r\u00fcl, mik\u00f6zben Nyarlathotep, a kozmikus borzalom 1929-ben az emberis\u00e9g leig\u00e1z\u00e1s\u00e1ra t\u00f6rekszik.  \ud83c\udf0d Glob\u00e1lis \u2699\ufe0f Steam \ud83d\udddd Digit\u00e1lis kulcs","robots":{"index":"index","follow":"follow","max-snippet":"max-snippet:-1","max-image-preview":"max-image-preview:large","max-video-preview":"max-video-preview:-1"},"canonical":"https:\/\/prismagamers.com\/hu\/produkt\/hpl-nyarlathotep-felemelkedese\/","og_locale":"hu_HU","og_type":"article","og_title":"HPL: Nyarlathotep Rising","og_description":"Mer\u00fclj el m\u00e9lyen H.P. Lovecraft csavaros univerzum\u00e1ban ebben a kiterjedt narrat\u00edv RPG-ben. Vedd \u00e1t Mark, Anna \u00e9s Victor egym\u00e1sba fon\u00f3d\u00f3 lelk\u00e9t, akiket szekta k\u00f6vet\u0151i vesznek k\u00f6r\u00fcl, mik\u00f6zben Nyarlathotep, a kozmikus borzalom 1929-ben az emberis\u00e9g leig\u00e1z\u00e1s\u00e1ra t\u00f6rekszik.  \ud83c\udf0d Glob\u00e1lis \u2699\ufe0f Steam \ud83d\udddd Digit\u00e1lis kulcs","og_url":"https:\/\/prismagamers.com\/hu\/produkt\/hpl-nyarlathotep-felemelkedese\/","og_site_name":"Prismagamers.com","article_publisher":"https:\/\/www.facebook.com\/prismagamers","article_modified_time":"2025-08-26T11:52:41+00:00","og_image":[{"width":600,"height":900,"url":"https:\/\/prismagamers.com\/wp-content\/uploads\/2025\/03\/library_600x900_2x-3-e1741627031308.jpg","type":"image\/jpeg"}],"twitter_card":"summary_large_image","twitter_misc":{"Becs\u00fclt olvas\u00e1si id\u0151":"4 perc"},"schema":{"@context":"https:\/\/schema.org","@graph":[{"@type":"WebPage","@id":"https:\/\/prismagamers.com\/hu\/produkt\/hpl-nyarlathotep-felemelkedese\/","url":"https:\/\/prismagamers.com\/hu\/produkt\/hpl-nyarlathotep-felemelkedese\/","name":"HPL: Nyarlathotep Rising - Prismagamers.com","isPartOf":{"@id":"https:\/\/prismagamers.com\/hu\/#website"},"primaryImageOfPage":{"@id":"https:\/\/prismagamers.com\/hu\/produkt\/hpl-nyarlathotep-felemelkedese\/#primaryimage"},"image":{"@id":"https:\/\/prismagamers.com\/hu\/produkt\/hpl-nyarlathotep-felemelkedese\/#primaryimage"},"thumbnailUrl":"https:\/\/prismagamers.com\/wp-content\/uploads\/2025\/03\/library_600x900_2x-3-e1741627031308.jpg","datePublished":"2025-03-10T17:17:56+00:00","dateModified":"2025-08-26T11:52:41+00:00","description":"Mer\u00fclj el m\u00e9lyen H.P. Lovecraft csavaros univerzum\u00e1ban ebben a kiterjedt narrat\u00edv RPG-ben. Vedd \u00e1t Mark, Anna \u00e9s Victor egym\u00e1sba fon\u00f3d\u00f3 lelk\u00e9t, akiket szekta k\u00f6vet\u0151i vesznek k\u00f6r\u00fcl, mik\u00f6zben Nyarlathotep, a kozmikus borzalom 1929-ben az emberis\u00e9g leig\u00e1z\u00e1s\u00e1ra t\u00f6rekszik. \ud83c\udf0d Glob\u00e1lis \u2699\ufe0f Steam \ud83d\udddd Digit\u00e1lis kulcs","breadcrumb":{"@id":"https:\/\/prismagamers.com\/hu\/produkt\/hpl-nyarlathotep-felemelkedese\/#breadcrumb"},"inLanguage":"hu","potentialAction":[{"@type":"ReadAction","target":["https:\/\/prismagamers.com\/hu\/produkt\/hpl-nyarlathotep-felemelkedese\/"]}]},{"@type":"ImageObject","inLanguage":"hu","@id":"https:\/\/prismagamers.com\/hu\/produkt\/hpl-nyarlathotep-felemelkedese\/#primaryimage","url":"https:\/\/prismagamers.com\/wp-content\/uploads\/2025\/03\/library_600x900_2x-3-e1741627031308.jpg","contentUrl":"https:\/\/prismagamers.com\/wp-content\/uploads\/2025\/03\/library_600x900_2x-3-e1741627031308.jpg","width":600,"height":900,"caption":"HPL: Nyarlathotep Rising bor\u00edt\u00f3ja"},{"@type":"BreadcrumbList","@id":"https:\/\/prismagamers.com\/hu\/produkt\/hpl-nyarlathotep-felemelkedese\/#breadcrumb","itemListElement":[{"@type":"ListItem","position":1,"name":"Strona g\u0142\u00f3wna","item":"https:\/\/prismagamers.com\/hu\/prismagamers\/"},{"@type":"ListItem","position":2,"name":"Shop","item":"https:\/\/prismagamers.com\/hu\/shop\/"},{"@type":"ListItem","position":3,"name":"HPL: Nyarlathotep Rising"}]},{"@type":"WebSite","@id":"https:\/\/prismagamers.com\/hu\/#website","url":"https:\/\/prismagamers.com\/hu\/","name":"Prismagamers","description":"Sklep z grami PC I Sklep klucze Steam","publisher":{"@id":"https:\/\/prismagamers.com\/hu\/#organization"},"potentialAction":[{"@type":"SearchAction","target":{"@type":"EntryPoint","urlTemplate":"https:\/\/prismagamers.com\/hu\/?s={search_term_string}"},"query-input":{"@type":"PropertyValueSpecification","valueRequired":true,"valueName":"search_term_string"}}],"inLanguage":"hu"},{"@type":"Organization","@id":"https:\/\/prismagamers.com\/hu\/#organization","name":"Prismagamers","url":"https:\/\/prismagamers.com\/hu\/","logo":{"@type":"ImageObject","inLanguage":"hu","@id":"https:\/\/prismagamers.com\/hu\/#\/schema\/logo\/image\/","url":"https:\/\/prismagamers.com\/wp-content\/uploads\/2022\/04\/cropped-logo-Prismagamers-01-scaled-1.jpg","contentUrl":"https:\/\/prismagamers.com\/wp-content\/uploads\/2022\/04\/cropped-logo-Prismagamers-01-scaled-1.jpg","width":512,"height":512,"caption":"Prismagamers"},"image":{"@id":"https:\/\/prismagamers.com\/hu\/#\/schema\/logo\/image\/"},"sameAs":["https:\/\/www.facebook.com\/prismagamers","https:\/\/www.instagram.com\/prismagamers_grycyfrowe\/"],"description":"Prismagamers.com to dynamiczny sklep z grami cyfrowymi, stworzony z my\u015bl\u0105 o entuzjastach gier wideo. Nasza strona oferuje szerok\u0105 gam\u0119 gier komputerowych, w tym najnowsze tytu\u0142y, dobrze znane klasyki oraz gry stworzone przez niezale\u017cne studia Ca\u0142y czas d\u0105\u017cymy do rozszerzenia naszej oferty. Do\u0142\u0105cz do nas i sta\u0144 si\u0119 cz\u0119\u015bci\u0105 naszej rosn\u0105cej spo\u0142eczno\u015bci graczy!","email":"shop@prismagamers.com","telephone":"48795541705","legalName":"East Caravan Maksym \u017bukow","foundingDate":"2012-05-10","vatID":"PL8943038612","taxID":"PL8943038612","numberOfEmployees":{"@type":"QuantitativeValue","minValue":"11","maxValue":"50"}}]}},"_links":{"self":[{"href":"https:\/\/prismagamers.com\/hu\/wp-json\/wp\/v2\/product\/34726","targetHints":{"allow":["GET"]}}],"collection":[{"href":"https:\/\/prismagamers.com\/hu\/wp-json\/wp\/v2\/product"}],"about":[{"href":"https:\/\/prismagamers.com\/hu\/wp-json\/wp\/v2\/types\/product"}],"wp:featuredmedia":[{"embeddable":true,"href":"https:\/\/prismagamers.com\/hu\/wp-json\/wp\/v2\/media\/34725"}],"wp:attachment":[{"href":"https:\/\/prismagamers.com\/hu\/wp-json\/wp\/v2\/media?parent=34726"}],"wp:term":[{"taxonomy":"product_brand","embeddable":true,"href":"https:\/\/prismagamers.com\/hu\/wp-json\/wp\/v2\/product_brand?post=34726"},{"taxonomy":"product_cat","embeddable":true,"href":"https:\/\/prismagamers.com\/hu\/wp-json\/wp\/v2\/product_cat?post=34726"},{"taxonomy":"product_tag","embeddable":true,"href":"https:\/\/prismagamers.com\/hu\/wp-json\/wp\/v2\/product_tag?post=34726"}],"curies":[{"name":"wp","href":"https:\/\/api.w.org\/{rel}","templated":true}]}}