{"id":34736,"date":"2025-03-10T18:39:07","date_gmt":"2025-03-10T17:39:07","guid":{"rendered":"https:\/\/prismagamers.com\/produkt\/az-erdon-keresztul\/"},"modified":"2026-03-05T00:00:50","modified_gmt":"2026-03-04T23:00:50","slug":"az-erdon-keresztul","status":"publish","type":"product","link":"https:\/\/prismagamers.com\/hu\/produkt\/az-erdon-keresztul\/","title":{"rendered":"Through the Woods"},"content":{"rendered":"<h3 data-start=\"0\" data-end=\"58\"><img decoding=\"async\" class=\"bb_img aligncenter\" src=\"https:\/\/shared.fastly.steamstatic.com\/store_item_assets\/steam\/apps\/368430\/extras\/ttw_steam_92of10.png?t=1721723884\" \/><\/h3>\n<h3 data-start=\"0\" data-end=\"58\">Az erd\u0151n \u00e1t &#8211; norv\u00e9g horror harmadik szem\u00e9lyben<\/h3>\n<p data-start=\"60\" data-end=\"561\">A <strong data-start=\"60\" data-end=\"81\">Through the Woods<\/strong> egy harmadik szem\u00e9ly\u0171 kalandj\u00e1t\u00e9k, amely egy norv\u00e9g erd\u0151ben j\u00e1tsz\u00f3dik Norv\u00e9gia nyugati partjain\u00e1l. A j\u00e1t\u00e9k egy anya \u00e9s elt\u0171nt fia t\u00f6rt\u00e9net\u00e9t mes\u00e9li el. A j\u00e1t\u00e9kos egy reakt\u00edv elbesz\u00e9l\u00e9sen kereszt\u00fcl \u00e9li \u00e1t, ahogyan az anya elmes\u00e9li a gyermeke rejt\u00e9lyes elt\u0171n\u00e9se k\u00f6r\u00fcli esem\u00e9nyeket. A j\u00e1t\u00e9kosok egy r\u00e9m\u00fclt n\u0151 \u00fatj\u00e1t k\u00f6vetik, aki k\u00e9nyszer\u00edtette mag\u00e1t, hogy bel\u00e9pjen erre a sz\u00f6rny\u0171 helyre, hogy megtal\u00e1lja fi\u00e1t, egy olyan k\u00f6rnyezetben, amelyet er\u0151sen inspir\u00e1lt az \u00e9szaki mitol\u00f3gia \u00e9s az \u00e9szaki t\u00fcnd\u00e9rmes\u00e9k.<\/p>\n<p data-start=\"563\" data-end=\"1005\"><strong data-start=\"563\" data-end=\"584\">A Through the Woods<\/strong> az erd\u0151 \u00e9rz\u00e9s\u00e9t adja vissza, ahogyan az alkot\u00f3k eml\u00e9keznek r\u00e1 gyermekkorukb\u00f3l, tele f\u00e9lelemmel \u00e9s titokzatoss\u00e1ggal, amikor egyed\u00fcl v\u00e1ndorolnak az erd\u0151ben. A j\u00e1t\u00e9k er\u0151teljes t\u00f6rt\u00e9netet \u00e9s kiv\u00e1l\u00f3 min\u0151s\u00e9g\u0171 hangtervez\u00e9st \u00f6tv\u00f6z, amely az erd\u0151 s\u00f6t\u00e9tj\u00e9ben kulcsfontoss\u00e1g\u00fa j\u00e1t\u00e9kmechanik\u00e1v\u00e1 v\u00e1lik. <strong data-start=\"862\" data-end=\"883\">A Through the Woods<\/strong> egy m\u00e9ly, meghat\u00f3 \u00e9lm\u00e9ny, amely k\u00f6zvetlen\u00fcl k\u00f6zvet\u00edti a mag\u00e1ny \u00e9s a vesztes\u00e9g \u00e9rz\u00e9s\u00e9t egy f\u00e9lelmetes helyen.<\/p>\n<h3 data-start=\"1007\" data-end=\"1021\">A j\u00e1t\u00e9k jellemz\u0151i:<\/h3>\n<ul data-start=\"1023\" data-end=\"1490\">\n<li data-start=\"1023\" data-end=\"1143\"><strong data-start=\"1025\" data-end=\"1065\">Leny\u0171g\u00f6z\u0151 k\u00f6rnyezetek felfedez\u00e9se<\/strong> &#8211; Fedezze fel az \u00e9szaki mitol\u00f3gia, a norv\u00e9g m\u0171v\u00e9szet \u00e9s a term\u00e9szet \u00e1ltal inspir\u00e1lt t\u00f6rt\u00e9neteket.<\/li>\n<li data-start=\"1144\" data-end=\"1259\"><strong data-start=\"1146\" data-end=\"1180\">S\u00f6t\u00e9t t\u00f6rt\u00e9netek felfedez\u00e9se<\/strong> &#8211; A reakt\u00edv elbesz\u00e9l\u00e9s v\u00e9gigvezet a m\u00falt \u00e9s a jelen t\u00f6rt\u00e9netein.<\/li>\n<li data-start=\"1260\" data-end=\"1368\"><strong data-start=\"1262\" data-end=\"1306\">A f\u00e9ny \u00e9s \u00e1rny\u00e9k kreat\u00edv haszn\u00e1lata<\/strong> &#8211; Megt\u00e9veszt\u0151 k\u00f6rnyezetek l\u00e9trehoz\u00e1sa a f\u00e9nyj\u00e1t\u00e9k seg\u00edts\u00e9g\u00e9vel.<\/li>\n<li data-start=\"1369\" data-end=\"1490\"><strong data-start=\"1371\" data-end=\"1435\">F\u00e9lelmetes utaz\u00e1s gy\u00f6ny\u00f6r\u0171 \u00e9s komor hangtervez\u00e9ssel<\/strong> &#8211; A j\u00e1t\u00e9k a retteg\u00e9s hangulat\u00e1t mag\u00e1val ragad\u00f3 hangokkal \u00f6tv\u00f6zi.<\/li>\n<\/ul>\n<p><img decoding=\"async\" class=\"bb_img aligncenter\" src=\"https:\/\/shared.fastly.steamstatic.com\/store_item_assets\/steam\/apps\/368430\/extras\/awards_screen_small.png?t=1721723884\" \/><\/p>\n","protected":false},"excerpt":{"rendered":"<p class=\"ai-optimize-13\">A <strong data-start=\"0\" data-end=\"21\" data-is-only-node=\"\">Through the Woods<\/strong> egy harmadik szem\u00e9ly\u0171 kalandj\u00e1t\u00e9k, amely Norv\u00e9gia nyugati partjain\u00e1l, egy norv\u00e9g erd\u0151ben j\u00e1tsz\u00f3dik, \u00e9s egy anya \u00e9s elt\u0171nt fia t\u00f6rt\u00e9net\u00e9t mes\u00e9li el.<\/p>\n<div class=\"woocommerce-product-details__short-description\">\n<p class=\"ai-optimize-14\">\ud83c\udf0d Glob\u00e1lis<br \/>\n\u2699\ufe0f Steam<br \/>\n\ud83d\udddd Digit\u00e1lis kulcs<\/p>\n<\/div>\n<form class=\"cart\" action=\"https:\/\/prismagamers.com\/produkt\/time-to-morp\/\" enctype=\"multipart\/form-data\" method=\"post\">\n<div class=\"quantity\"><\/div>\n<\/form>\n","protected":false},"featured_media":34735,"template":"","meta":{"_acf_changed":false,"site-sidebar-layout":"default","site-content-layout":"","ast-site-content-layout":"default","site-content-style":"default","site-sidebar-style":"default","ast-global-header-display":"","ast-banner-title-visibility":"","ast-main-header-display":"","ast-hfb-above-header-display":"","ast-hfb-below-header-display":"","ast-hfb-mobile-header-display":"","site-post-title":"","ast-breadcrumbs-content":"","ast-featured-img":"","footer-sml-layout":"","ast-disable-related-posts":"","theme-transparent-header-meta":"default","adv-header-id-meta":"","stick-header-meta":"","header-above-stick-meta":"","header-main-stick-meta":"","header-below-stick-meta":"","astra-migrate-meta-layouts":"set","ast-page-background-enabled":"default","ast-page-background-meta":{"desktop":{"background-color":"var(--ast-global-color-4)","background-image":"","background-repeat":"repeat","background-position":"center center","background-size":"auto","background-attachment":"scroll","background-type":"","background-media":"","overlay-type":"","overlay-color":"","overlay-opacity":"","overlay-gradient":""},"tablet":{"background-color":"","background-image":"","background-repeat":"repeat","background-position":"center center","background-size":"auto","background-attachment":"scroll","background-type":"","background-media":"","overlay-type":"","overlay-color":"","overlay-opacity":"","overlay-gradient":""},"mobile":{"background-color":"","background-image":"","background-repeat":"repeat","background-position":"center center","background-size":"auto","background-attachment":"scroll","background-type":"","background-media":"","overlay-type":"","overlay-color":"","overlay-opacity":"","overlay-gradient":""}},"ast-content-background-meta":{"desktop":{"background-color":"var(--ast-global-color-5)","background-image":"","background-repeat":"repeat","background-position":"center center","background-size":"auto","background-attachment":"scroll","background-type":"","background-media":"","overlay-type":"","overlay-color":"","overlay-opacity":"","overlay-gradient":""},"tablet":{"background-color":"var(--ast-global-color-5)","background-image":"","background-repeat":"repeat","background-position":"center center","background-size":"auto","background-attachment":"scroll","background-type":"","background-media":"","overlay-type":"","overlay-color":"","overlay-opacity":"","overlay-gradient":""},"mobile":{"background-color":"var(--ast-global-color-5)","background-image":"","background-repeat":"repeat","background-position":"center center","background-size":"auto","background-attachment":"scroll","background-type":"","background-media":"","overlay-type":"","overlay-color":"","overlay-opacity":"","overlay-gradient":""}}},"product_brand":[],"product_cat":[369,387,365,385,392,363],"product_tag":[542],"class_list":{"0":"post-34736","1":"product","2":"type-product","3":"status-publish","4":"has-post-thumbnail","6":"product_cat-csarnokok","7":"product_cat-fulqrum-publishing-hu","8":"product_cat-goz","9":"product_cat-horror-hu","10":"product_cat-india","11":"product_cat-kaland-jatekok","12":"product_tag-pid_04-hu","13":"desktop-align-left","14":"tablet-align-left","15":"mobile-align-left","17":"first","18":"instock","19":"virtual","20":"purchasable","21":"product-type-simple"},"acf":[],"yoast_head":"<!-- This site is optimized with the Yoast SEO Premium plugin v27.4 (Yoast SEO v27.4) - https:\/\/yoast.com\/product\/yoast-seo-premium-wordpress\/ -->\n<title>Through the Woods - Prismagamers.com<\/title>\n<meta name=\"description\" content=\"A Through the Woods egy harmadik szem\u00e9ly\u0171 kalandj\u00e1t\u00e9k, amely Norv\u00e9gia nyugati partjain\u00e1l, egy norv\u00e9g erd\u0151ben j\u00e1tsz\u00f3dik, \u00e9s egy anya \u00e9s elt\u0171nt fia t\u00f6rt\u00e9net\u00e9t mes\u00e9li el.   \ud83c\udf0d Glob\u00e1lis \u2699\ufe0f Steam \ud83d\udddd Digit\u00e1lis kulcs\" \/>\n<meta name=\"robots\" content=\"index, follow, max-snippet:-1, max-image-preview:large, max-video-preview:-1\" \/>\n<link rel=\"canonical\" href=\"https:\/\/prismagamers.com\/hu\/produkt\/az-erdon-keresztul\/\" \/>\n<meta property=\"og:locale\" content=\"hu_HU\" \/>\n<meta property=\"og:type\" content=\"article\" \/>\n<meta property=\"og:title\" content=\"Through the Woods\" \/>\n<meta property=\"og:description\" content=\"A Through the Woods egy harmadik szem\u00e9ly\u0171 kalandj\u00e1t\u00e9k, amely Norv\u00e9gia nyugati partjain\u00e1l, egy norv\u00e9g erd\u0151ben j\u00e1tsz\u00f3dik, \u00e9s egy anya \u00e9s elt\u0171nt fia t\u00f6rt\u00e9net\u00e9t mes\u00e9li el.   \ud83c\udf0d Glob\u00e1lis \u2699\ufe0f Steam \ud83d\udddd Digit\u00e1lis kulcs\" \/>\n<meta property=\"og:url\" content=\"https:\/\/prismagamers.com\/hu\/produkt\/az-erdon-keresztul\/\" \/>\n<meta property=\"og:site_name\" content=\"Prismagamers.com\" \/>\n<meta property=\"article:publisher\" content=\"https:\/\/www.facebook.com\/prismagamers\" \/>\n<meta property=\"article:modified_time\" content=\"2026-03-04T23:00:50+00:00\" \/>\n<meta property=\"og:image\" content=\"https:\/\/prismagamers.com\/wp-content\/uploads\/2025\/03\/library_600x900_2x-4-e1741628321221.jpg\" \/>\n\t<meta property=\"og:image:width\" content=\"600\" \/>\n\t<meta property=\"og:image:height\" content=\"900\" \/>\n\t<meta property=\"og:image:type\" content=\"image\/jpeg\" \/>\n<meta name=\"twitter:card\" content=\"summary_large_image\" \/>\n<meta name=\"twitter:label1\" content=\"Becs\u00fclt olvas\u00e1si id\u0151\" \/>\n\t<meta name=\"twitter:data1\" content=\"2 perc\" \/>\n<script type=\"application\/ld+json\" class=\"yoast-schema-graph\">{\"@context\":\"https:\\\/\\\/schema.org\",\"@graph\":[{\"@type\":\"WebPage\",\"@id\":\"https:\\\/\\\/prismagamers.com\\\/hu\\\/produkt\\\/az-erdon-keresztul\\\/\",\"url\":\"https:\\\/\\\/prismagamers.com\\\/hu\\\/produkt\\\/az-erdon-keresztul\\\/\",\"name\":\"Through the Woods - Prismagamers.com\",\"isPartOf\":{\"@id\":\"https:\\\/\\\/prismagamers.com\\\/hu\\\/#website\"},\"primaryImageOfPage\":{\"@id\":\"https:\\\/\\\/prismagamers.com\\\/hu\\\/produkt\\\/az-erdon-keresztul\\\/#primaryimage\"},\"image\":{\"@id\":\"https:\\\/\\\/prismagamers.com\\\/hu\\\/produkt\\\/az-erdon-keresztul\\\/#primaryimage\"},\"thumbnailUrl\":\"https:\\\/\\\/prismagamers.com\\\/wp-content\\\/uploads\\\/2025\\\/03\\\/library_600x900_2x-4-e1741628321221.jpg\",\"datePublished\":\"2025-03-10T17:39:07+00:00\",\"dateModified\":\"2026-03-04T23:00:50+00:00\",\"description\":\"A Through the Woods egy harmadik szem\u00e9ly\u0171 kalandj\u00e1t\u00e9k, amely Norv\u00e9gia nyugati partjain\u00e1l, egy norv\u00e9g erd\u0151ben j\u00e1tsz\u00f3dik, \u00e9s egy anya \u00e9s elt\u0171nt fia t\u00f6rt\u00e9net\u00e9t mes\u00e9li el. \ud83c\udf0d Glob\u00e1lis \u2699\ufe0f Steam \ud83d\udddd Digit\u00e1lis kulcs\",\"breadcrumb\":{\"@id\":\"https:\\\/\\\/prismagamers.com\\\/hu\\\/produkt\\\/az-erdon-keresztul\\\/#breadcrumb\"},\"inLanguage\":\"hu\",\"potentialAction\":[{\"@type\":\"ReadAction\",\"target\":[\"https:\\\/\\\/prismagamers.com\\\/hu\\\/produkt\\\/az-erdon-keresztul\\\/\"]}]},{\"@type\":\"ImageObject\",\"inLanguage\":\"hu\",\"@id\":\"https:\\\/\\\/prismagamers.com\\\/hu\\\/produkt\\\/az-erdon-keresztul\\\/#primaryimage\",\"url\":\"https:\\\/\\\/prismagamers.com\\\/wp-content\\\/uploads\\\/2025\\\/03\\\/library_600x900_2x-4-e1741628321221.jpg\",\"contentUrl\":\"https:\\\/\\\/prismagamers.com\\\/wp-content\\\/uploads\\\/2025\\\/03\\\/library_600x900_2x-4-e1741628321221.jpg\",\"width\":600,\"height\":900,\"caption\":\"Through the Woods boxshot\"},{\"@type\":\"BreadcrumbList\",\"@id\":\"https:\\\/\\\/prismagamers.com\\\/hu\\\/produkt\\\/az-erdon-keresztul\\\/#breadcrumb\",\"itemListElement\":[{\"@type\":\"ListItem\",\"position\":1,\"name\":\"Strona g\u0142\u00f3wna\",\"item\":\"https:\\\/\\\/prismagamers.com\\\/hu\\\/prismagamers\\\/\"},{\"@type\":\"ListItem\",\"position\":2,\"name\":\"Shop\",\"item\":\"https:\\\/\\\/prismagamers.com\\\/hu\\\/shop\\\/\"},{\"@type\":\"ListItem\",\"position\":3,\"name\":\"Through the Woods\"}]},{\"@type\":\"WebSite\",\"@id\":\"https:\\\/\\\/prismagamers.com\\\/hu\\\/#website\",\"url\":\"https:\\\/\\\/prismagamers.com\\\/hu\\\/\",\"name\":\"Prismagamers\",\"description\":\"Sklep z grami PC I Sklep klucze Steam\",\"publisher\":{\"@id\":\"https:\\\/\\\/prismagamers.com\\\/hu\\\/#organization\"},\"potentialAction\":[{\"@type\":\"SearchAction\",\"target\":{\"@type\":\"EntryPoint\",\"urlTemplate\":\"https:\\\/\\\/prismagamers.com\\\/hu\\\/?s={search_term_string}\"},\"query-input\":{\"@type\":\"PropertyValueSpecification\",\"valueRequired\":true,\"valueName\":\"search_term_string\"}}],\"inLanguage\":\"hu\"},{\"@type\":\"Organization\",\"@id\":\"https:\\\/\\\/prismagamers.com\\\/hu\\\/#organization\",\"name\":\"Prismagamers\",\"url\":\"https:\\\/\\\/prismagamers.com\\\/hu\\\/\",\"logo\":{\"@type\":\"ImageObject\",\"inLanguage\":\"hu\",\"@id\":\"https:\\\/\\\/prismagamers.com\\\/hu\\\/#\\\/schema\\\/logo\\\/image\\\/\",\"url\":\"https:\\\/\\\/prismagamers.com\\\/wp-content\\\/uploads\\\/2022\\\/04\\\/cropped-logo-Prismagamers-01-scaled-1.jpg\",\"contentUrl\":\"https:\\\/\\\/prismagamers.com\\\/wp-content\\\/uploads\\\/2022\\\/04\\\/cropped-logo-Prismagamers-01-scaled-1.jpg\",\"width\":512,\"height\":512,\"caption\":\"Prismagamers\"},\"image\":{\"@id\":\"https:\\\/\\\/prismagamers.com\\\/hu\\\/#\\\/schema\\\/logo\\\/image\\\/\"},\"sameAs\":[\"https:\\\/\\\/www.facebook.com\\\/prismagamers\",\"https:\\\/\\\/www.instagram.com\\\/prismagamers_grycyfrowe\\\/\"],\"description\":\"Prismagamers.com to dynamiczny sklep z grami cyfrowymi, stworzony z my\u015bl\u0105 o entuzjastach gier wideo. Nasza strona oferuje szerok\u0105 gam\u0119 gier komputerowych, w tym najnowsze tytu\u0142y, dobrze znane klasyki oraz gry stworzone przez niezale\u017cne studia Ca\u0142y czas d\u0105\u017cymy do rozszerzenia naszej oferty. Do\u0142\u0105cz do nas i sta\u0144 si\u0119 cz\u0119\u015bci\u0105 naszej rosn\u0105cej spo\u0142eczno\u015bci graczy!\",\"email\":\"shop@prismagamers.com\",\"telephone\":\"48795541705\",\"legalName\":\"East Caravan Maksym \u017bukow\",\"foundingDate\":\"2012-05-10\",\"vatID\":\"PL8943038612\",\"taxID\":\"PL8943038612\",\"numberOfEmployees\":{\"@type\":\"QuantitativeValue\",\"minValue\":\"11\",\"maxValue\":\"50\"}}]}<\/script>\n<!-- \/ Yoast SEO Premium plugin. -->","yoast_head_json":{"title":"Through the Woods - Prismagamers.com","description":"A Through the Woods egy harmadik szem\u00e9ly\u0171 kalandj\u00e1t\u00e9k, amely Norv\u00e9gia nyugati partjain\u00e1l, egy norv\u00e9g erd\u0151ben j\u00e1tsz\u00f3dik, \u00e9s egy anya \u00e9s elt\u0171nt fia t\u00f6rt\u00e9net\u00e9t mes\u00e9li el.   \ud83c\udf0d Glob\u00e1lis \u2699\ufe0f Steam \ud83d\udddd Digit\u00e1lis kulcs","robots":{"index":"index","follow":"follow","max-snippet":"max-snippet:-1","max-image-preview":"max-image-preview:large","max-video-preview":"max-video-preview:-1"},"canonical":"https:\/\/prismagamers.com\/hu\/produkt\/az-erdon-keresztul\/","og_locale":"hu_HU","og_type":"article","og_title":"Through the Woods","og_description":"A Through the Woods egy harmadik szem\u00e9ly\u0171 kalandj\u00e1t\u00e9k, amely Norv\u00e9gia nyugati partjain\u00e1l, egy norv\u00e9g erd\u0151ben j\u00e1tsz\u00f3dik, \u00e9s egy anya \u00e9s elt\u0171nt fia t\u00f6rt\u00e9net\u00e9t mes\u00e9li el.   \ud83c\udf0d Glob\u00e1lis \u2699\ufe0f Steam \ud83d\udddd Digit\u00e1lis kulcs","og_url":"https:\/\/prismagamers.com\/hu\/produkt\/az-erdon-keresztul\/","og_site_name":"Prismagamers.com","article_publisher":"https:\/\/www.facebook.com\/prismagamers","article_modified_time":"2026-03-04T23:00:50+00:00","og_image":[{"width":600,"height":900,"url":"https:\/\/prismagamers.com\/wp-content\/uploads\/2025\/03\/library_600x900_2x-4-e1741628321221.jpg","type":"image\/jpeg"}],"twitter_card":"summary_large_image","twitter_misc":{"Becs\u00fclt olvas\u00e1si id\u0151":"2 perc"},"schema":{"@context":"https:\/\/schema.org","@graph":[{"@type":"WebPage","@id":"https:\/\/prismagamers.com\/hu\/produkt\/az-erdon-keresztul\/","url":"https:\/\/prismagamers.com\/hu\/produkt\/az-erdon-keresztul\/","name":"Through the Woods - Prismagamers.com","isPartOf":{"@id":"https:\/\/prismagamers.com\/hu\/#website"},"primaryImageOfPage":{"@id":"https:\/\/prismagamers.com\/hu\/produkt\/az-erdon-keresztul\/#primaryimage"},"image":{"@id":"https:\/\/prismagamers.com\/hu\/produkt\/az-erdon-keresztul\/#primaryimage"},"thumbnailUrl":"https:\/\/prismagamers.com\/wp-content\/uploads\/2025\/03\/library_600x900_2x-4-e1741628321221.jpg","datePublished":"2025-03-10T17:39:07+00:00","dateModified":"2026-03-04T23:00:50+00:00","description":"A Through the Woods egy harmadik szem\u00e9ly\u0171 kalandj\u00e1t\u00e9k, amely Norv\u00e9gia nyugati partjain\u00e1l, egy norv\u00e9g erd\u0151ben j\u00e1tsz\u00f3dik, \u00e9s egy anya \u00e9s elt\u0171nt fia t\u00f6rt\u00e9net\u00e9t mes\u00e9li el. \ud83c\udf0d Glob\u00e1lis \u2699\ufe0f Steam \ud83d\udddd Digit\u00e1lis kulcs","breadcrumb":{"@id":"https:\/\/prismagamers.com\/hu\/produkt\/az-erdon-keresztul\/#breadcrumb"},"inLanguage":"hu","potentialAction":[{"@type":"ReadAction","target":["https:\/\/prismagamers.com\/hu\/produkt\/az-erdon-keresztul\/"]}]},{"@type":"ImageObject","inLanguage":"hu","@id":"https:\/\/prismagamers.com\/hu\/produkt\/az-erdon-keresztul\/#primaryimage","url":"https:\/\/prismagamers.com\/wp-content\/uploads\/2025\/03\/library_600x900_2x-4-e1741628321221.jpg","contentUrl":"https:\/\/prismagamers.com\/wp-content\/uploads\/2025\/03\/library_600x900_2x-4-e1741628321221.jpg","width":600,"height":900,"caption":"Through the Woods boxshot"},{"@type":"BreadcrumbList","@id":"https:\/\/prismagamers.com\/hu\/produkt\/az-erdon-keresztul\/#breadcrumb","itemListElement":[{"@type":"ListItem","position":1,"name":"Strona g\u0142\u00f3wna","item":"https:\/\/prismagamers.com\/hu\/prismagamers\/"},{"@type":"ListItem","position":2,"name":"Shop","item":"https:\/\/prismagamers.com\/hu\/shop\/"},{"@type":"ListItem","position":3,"name":"Through the Woods"}]},{"@type":"WebSite","@id":"https:\/\/prismagamers.com\/hu\/#website","url":"https:\/\/prismagamers.com\/hu\/","name":"Prismagamers","description":"Sklep z grami PC I Sklep klucze Steam","publisher":{"@id":"https:\/\/prismagamers.com\/hu\/#organization"},"potentialAction":[{"@type":"SearchAction","target":{"@type":"EntryPoint","urlTemplate":"https:\/\/prismagamers.com\/hu\/?s={search_term_string}"},"query-input":{"@type":"PropertyValueSpecification","valueRequired":true,"valueName":"search_term_string"}}],"inLanguage":"hu"},{"@type":"Organization","@id":"https:\/\/prismagamers.com\/hu\/#organization","name":"Prismagamers","url":"https:\/\/prismagamers.com\/hu\/","logo":{"@type":"ImageObject","inLanguage":"hu","@id":"https:\/\/prismagamers.com\/hu\/#\/schema\/logo\/image\/","url":"https:\/\/prismagamers.com\/wp-content\/uploads\/2022\/04\/cropped-logo-Prismagamers-01-scaled-1.jpg","contentUrl":"https:\/\/prismagamers.com\/wp-content\/uploads\/2022\/04\/cropped-logo-Prismagamers-01-scaled-1.jpg","width":512,"height":512,"caption":"Prismagamers"},"image":{"@id":"https:\/\/prismagamers.com\/hu\/#\/schema\/logo\/image\/"},"sameAs":["https:\/\/www.facebook.com\/prismagamers","https:\/\/www.instagram.com\/prismagamers_grycyfrowe\/"],"description":"Prismagamers.com to dynamiczny sklep z grami cyfrowymi, stworzony z my\u015bl\u0105 o entuzjastach gier wideo. Nasza strona oferuje szerok\u0105 gam\u0119 gier komputerowych, w tym najnowsze tytu\u0142y, dobrze znane klasyki oraz gry stworzone przez niezale\u017cne studia Ca\u0142y czas d\u0105\u017cymy do rozszerzenia naszej oferty. Do\u0142\u0105cz do nas i sta\u0144 si\u0119 cz\u0119\u015bci\u0105 naszej rosn\u0105cej spo\u0142eczno\u015bci graczy!","email":"shop@prismagamers.com","telephone":"48795541705","legalName":"East Caravan Maksym \u017bukow","foundingDate":"2012-05-10","vatID":"PL8943038612","taxID":"PL8943038612","numberOfEmployees":{"@type":"QuantitativeValue","minValue":"11","maxValue":"50"}}]}},"_links":{"self":[{"href":"https:\/\/prismagamers.com\/hu\/wp-json\/wp\/v2\/product\/34736","targetHints":{"allow":["GET"]}}],"collection":[{"href":"https:\/\/prismagamers.com\/hu\/wp-json\/wp\/v2\/product"}],"about":[{"href":"https:\/\/prismagamers.com\/hu\/wp-json\/wp\/v2\/types\/product"}],"wp:featuredmedia":[{"embeddable":true,"href":"https:\/\/prismagamers.com\/hu\/wp-json\/wp\/v2\/media\/34735"}],"wp:attachment":[{"href":"https:\/\/prismagamers.com\/hu\/wp-json\/wp\/v2\/media?parent=34736"}],"wp:term":[{"taxonomy":"product_brand","embeddable":true,"href":"https:\/\/prismagamers.com\/hu\/wp-json\/wp\/v2\/product_brand?post=34736"},{"taxonomy":"product_cat","embeddable":true,"href":"https:\/\/prismagamers.com\/hu\/wp-json\/wp\/v2\/product_cat?post=34736"},{"taxonomy":"product_tag","embeddable":true,"href":"https:\/\/prismagamers.com\/hu\/wp-json\/wp\/v2\/product_tag?post=34736"}],"curies":[{"name":"wp","href":"https:\/\/api.w.org\/{rel}","templated":true}]}}