{"id":34738,"date":"2024-12-07T00:21:55","date_gmt":"2024-12-06T23:21:55","guid":{"rendered":"https:\/\/prismagamers.com\/produkt\/astria-ascending-pc-jatek-stream-key\/"},"modified":"2026-01-02T00:36:06","modified_gmt":"2026-01-01T23:36:06","slug":"astria-ascending-pc-jatek-stream-key","status":"publish","type":"product","link":"https:\/\/prismagamers.com\/hu\/produkt\/astria-ascending-pc-jatek-stream-key\/","title":{"rendered":"Astria Ascending (PC j\u00e1t\u00e9k) &#8211; Stream key"},"content":{"rendered":"<p>Fedezze fel az Orcanon hatalmas \u00e9s l\u00e9legzetel\u00e1ll\u00edt\u00f3 vil\u00e1g\u00e1t<\/p>\n<p>Barangolj v\u00e9gig \u00f6t egyedi, szokatlan l\u00e9nyek \u00e1ltal lakott v\u00e1roson, \u00e9s fedezz fel t\u00f6bb mint 20 vesz\u00e9lyes v\u00e1rb\u00f6rt\u00f6nt. T\u00f6bb mint 50 \u00f3r\u00e1nyi j\u00e1t\u00e9kid\u0151 \u00e9s sz\u00e1mos minij\u00e1t\u00e9k v\u00e1r r\u00e1d: a dinamikus l\u00f6v\u00f6ld\u00f6z\u00e9st\u0151l kezdve az egyedi fant\u00e1zia k\u00e1rtyaj\u00e1t\u00e9kokon \u00e1t a k\u00f6rnyezeti elemeket haszn\u00e1l\u00f3, kih\u00edv\u00e1st jelent\u0151 rejtv\u00e9nyekig. <\/p>\n<p><strong>Egy leny\u0171g\u00f6z\u0151 t\u00f6rt\u00e9net a h\u0151s\u00f6k sors\u00e1r\u00f3l \u00e9s az \u00e1ldozathozatalr\u00f3l<\/strong><\/p>\n<p>L\u00e9pj be egy \u00e1rul\u00e1ssal, \u00e1ldozatokkal \u00e9s szorong\u00e1ssal teli vil\u00e1gba, mik\u00f6zben k\u00f6veted a feln\u0151tt f\u0151szerepl\u0151k sors\u00e1t. Az Astria Ascending egy olyan j\u00e1t\u00e9k, amely m\u00e9ly t\u00f6rt\u00e9nettel \u00e9s gazdag p\u00e1rbesz\u00e9dekkel v\u00e1rja az \u00e9rett j\u00e1t\u00e9kosokat. <\/p>\n<p><strong>Izgalmas, fordul\u00f3alap\u00fa harcrendszer<\/strong><\/p>\n<p>N\u00e9zz szembe t\u00f6bb mint 200 k\u00fcl\u00f6nb\u00f6z\u0151 sz\u00f6rnyeteggel izgalmas, fordul\u00f3alap\u00fa csat\u00e1kban. Gy\u0171jts legend\u00e1s sz\u00f6rnyeket, id\u00e9zd \u0151ket seg\u00edts\u00e9g\u00fcl, \u00e9s fejleszd k\u00e9pess\u00e9geidet, hogy er\u0151s Cosmo Breakeket haszn\u00e1lhass a csat\u00e1ban. <\/p>\n<p><strong>Ismerkedjen meg felejthetetlen karakterekkel<\/strong><\/p>\n<p>V\u00e1lassz nyolc testreszabhat\u00f3 karaktert k\u00fcl\u00f6nb\u00f6z\u0151 fajokb\u00f3l, egyedi k\u00e9pess\u00e9gekkel. \u00c1ll\u00edts \u00f6ssze egy h\u0151s\u00f6kb\u0151l \u00e1ll\u00f3 csapatot, akiknek szembe kell n\u00e9zni\u00fck a megsemmis\u00fcl\u00e9ssel, \u00e9s mindent fel kell \u00e1ldozniuk a vil\u00e1g megment\u00e9s\u00e9\u00e9rt. 20 oszt\u00e1ly \u00e9s a k\u00e9pess\u00e9gek sz\u00e9les sk\u00e1l\u00e1ja \u00e1ll rendelkez\u00e9sedre. B\u00e1r a karaktered sorsa m\u00e1r megpecs\u00e9tel\u0151d\u00f6tt, te tal\u00e1n m\u00e9g megmentheted ezt a vil\u00e1got.   <\/p>\n<p><strong>Gy\u00f6ny\u00f6r\u0171 k\u00e9zzel rajzolt grafika<\/strong><\/p>\n<p>A j\u00e1t\u00e9k\u00e9rt olyan sikerek alkot\u00f3i felelnek, mint a Final Fantasy, a Nier Automata \u00e9s a Bravely Default. Az Astria Ascending eredeti, k\u00e9zzel rajzolt 2D-s anim\u00e1ci\u00f3kat k\u00edn\u00e1l, amelyek a hagyom\u00e1nyos m\u00f3don elevenednek meg, dinamikusan v\u00e1ltoz\u00f3 id\u0151j\u00e1r\u00e1ssal \u00e9s jap\u00e1n \u00e9s angol nyelv\u0171 v\u00e1ltozatokkal kombin\u00e1lva. <\/p>\n","protected":false},"excerpt":{"rendered":"<p class=\"ai-optimize-26\">Fedezz fel egy hatalmas vil\u00e1got a k\u00e1osz sz\u00e9l\u00e9n ebben az \u00e9rett \u00e9s izgalmas JRPG-ben. \u00c9lj \u00e1t egy epikus t\u00f6rt\u00e9netet, mik\u00f6zben \u00e9lvezheted a kiel\u00e9g\u00edt\u0151, fordul\u00f3alap\u00fa harcrendszert, a sz\u00e9lesk\u00f6r\u0171 testreszab\u00e1si lehet\u0151s\u00e9geket \u00e9s a leny\u0171g\u00f6z\u0151, k\u00e9zzel rajzolt grafik\u00e1t 4K felbont\u00e1sban. <\/p>\n<p class=\"ai-optimize-27\">\ud83c\udf0d Glob\u00e1lis<br \/>\n\u2699\ufe0f Steam<br \/>\n\ud83d\udddd Digit\u00e1lis kulcs<\/p>\n","protected":false},"featured_media":33240,"template":"","meta":{"_acf_changed":false,"site-sidebar-layout":"default","site-content-layout":"","ast-site-content-layout":"default","site-content-style":"default","site-sidebar-style":"default","ast-global-header-display":"","ast-banner-title-visibility":"","ast-main-header-display":"","ast-hfb-above-header-display":"","ast-hfb-below-header-display":"","ast-hfb-mobile-header-display":"","site-post-title":"","ast-breadcrumbs-content":"","ast-featured-img":"","footer-sml-layout":"","ast-disable-related-posts":"","theme-transparent-header-meta":"default","adv-header-id-meta":"","stick-header-meta":"","header-above-stick-meta":"","header-main-stick-meta":"","header-below-stick-meta":"","astra-migrate-meta-layouts":"default","ast-page-background-enabled":"default","ast-page-background-meta":{"desktop":{"background-color":"var(--ast-global-color-4)","background-image":"","background-repeat":"repeat","background-position":"center center","background-size":"auto","background-attachment":"scroll","background-type":"","background-media":"","overlay-type":"","overlay-color":"","overlay-opacity":"","overlay-gradient":""},"tablet":{"background-color":"","background-image":"","background-repeat":"repeat","background-position":"center center","background-size":"auto","background-attachment":"scroll","background-type":"","background-media":"","overlay-type":"","overlay-color":"","overlay-opacity":"","overlay-gradient":""},"mobile":{"background-color":"","background-image":"","background-repeat":"repeat","background-position":"center center","background-size":"auto","background-attachment":"scroll","background-type":"","background-media":"","overlay-type":"","overlay-color":"","overlay-opacity":"","overlay-gradient":""}},"ast-content-background-meta":{"desktop":{"background-color":"var(--ast-global-color-5)","background-image":"","background-repeat":"repeat","background-position":"center center","background-size":"auto","background-attachment":"scroll","background-type":"","background-media":"","overlay-type":"","overlay-color":"","overlay-opacity":"","overlay-gradient":""},"tablet":{"background-color":"var(--ast-global-color-5)","background-image":"","background-repeat":"repeat","background-position":"center center","background-size":"auto","background-attachment":"scroll","background-type":"","background-media":"","overlay-type":"","overlay-color":"","overlay-opacity":"","overlay-gradient":""},"mobile":{"background-color":"var(--ast-global-color-5)","background-image":"","background-repeat":"repeat","background-position":"center center","background-size":"auto","background-attachment":"scroll","background-type":"","background-media":"","overlay-type":"","overlay-color":"","overlay-opacity":"","overlay-gradient":""}}},"product_brand":[],"product_cat":[394,365,384,364],"product_tag":[],"class_list":{"0":"post-34738","1":"product","2":"type-product","3":"status-publish","4":"has-post-thumbnail","6":"product_cat-digitalis-jatekok","7":"product_cat-goz","8":"product_cat-kedves-falusiak","9":"product_cat-rpg-k","10":"desktop-align-left","11":"tablet-align-left","12":"mobile-align-left","14":"first","15":"instock","16":"virtual","17":"purchasable","18":"product-type-simple"},"acf":[],"yoast_head":"<!-- This site is optimized with the Yoast SEO Premium plugin v27.4 (Yoast SEO v27.4) - https:\/\/yoast.com\/product\/yoast-seo-premium-wordpress\/ -->\n<title>Astria Ascending (PC j\u00e1t\u00e9k) - Stream key - Prismagamers.com<\/title>\n<meta name=\"description\" content=\"Fedezz fel egy hatalmas vil\u00e1got a k\u00e1osz sz\u00e9l\u00e9n ebben az \u00e9rett \u00e9s izgalmas JRPG-ben. \u00c9lj \u00e1t egy epikus t\u00f6rt\u00e9netet, mik\u00f6zben \u00e9lvezheted a kiel\u00e9g\u00edt\u0151, fordul\u00f3alap\u00fa harcrendszert, a sz\u00e9lesk\u00f6r\u0171 testreszab\u00e1si lehet\u0151s\u00e9geket \u00e9s a leny\u0171g\u00f6z\u0151, k\u00e9zzel rajzolt grafik\u00e1t 4K felbont\u00e1sban. \ud83c\udf0d Glob\u00e1lis \u2699\ufe0f Steam \ud83d\udddd Digit\u00e1lis kulcs\" \/>\n<meta name=\"robots\" content=\"index, follow, max-snippet:-1, max-image-preview:large, max-video-preview:-1\" \/>\n<link rel=\"canonical\" href=\"https:\/\/prismagamers.com\/hu\/produkt\/astria-ascending-pc-jatek-stream-key\/\" \/>\n<meta property=\"og:locale\" content=\"hu_HU\" \/>\n<meta property=\"og:type\" content=\"article\" \/>\n<meta property=\"og:title\" content=\"Astria Ascending (PC j\u00e1t\u00e9k) - Stream key\" \/>\n<meta property=\"og:description\" content=\"Fedezz fel egy hatalmas vil\u00e1got a k\u00e1osz sz\u00e9l\u00e9n ebben az \u00e9rett \u00e9s izgalmas JRPG-ben. \u00c9lj \u00e1t egy epikus t\u00f6rt\u00e9netet, mik\u00f6zben \u00e9lvezheted a kiel\u00e9g\u00edt\u0151, fordul\u00f3alap\u00fa harcrendszert, a sz\u00e9lesk\u00f6r\u0171 testreszab\u00e1si lehet\u0151s\u00e9geket \u00e9s a leny\u0171g\u00f6z\u0151, k\u00e9zzel rajzolt grafik\u00e1t 4K felbont\u00e1sban. \ud83c\udf0d Glob\u00e1lis \u2699\ufe0f Steam \ud83d\udddd Digit\u00e1lis kulcs\" \/>\n<meta property=\"og:url\" content=\"https:\/\/prismagamers.com\/hu\/produkt\/astria-ascending-pc-jatek-stream-key\/\" \/>\n<meta property=\"og:site_name\" content=\"Prismagamers.com\" \/>\n<meta property=\"article:publisher\" content=\"https:\/\/www.facebook.com\/prismagamers\" \/>\n<meta property=\"article:modified_time\" content=\"2026-01-01T23:36:06+00:00\" \/>\n<meta property=\"og:image\" content=\"https:\/\/prismagamers.com\/wp-content\/uploads\/2024\/12\/boxshot-e1733527247228.png\" \/>\n\t<meta property=\"og:image:width\" content=\"300\" \/>\n\t<meta property=\"og:image:height\" content=\"450\" \/>\n\t<meta property=\"og:image:type\" content=\"image\/png\" \/>\n<meta name=\"twitter:card\" content=\"summary_large_image\" \/>\n<meta name=\"twitter:label1\" content=\"Becs\u00fclt olvas\u00e1si id\u0151\" \/>\n\t<meta name=\"twitter:data1\" content=\"2 perc\" \/>\n<script type=\"application\/ld+json\" class=\"yoast-schema-graph\">{\"@context\":\"https:\\\/\\\/schema.org\",\"@graph\":[{\"@type\":\"WebPage\",\"@id\":\"https:\\\/\\\/prismagamers.com\\\/hu\\\/produkt\\\/astria-ascending-pc-jatek-stream-key\\\/\",\"url\":\"https:\\\/\\\/prismagamers.com\\\/hu\\\/produkt\\\/astria-ascending-pc-jatek-stream-key\\\/\",\"name\":\"Astria Ascending (PC j\u00e1t\u00e9k) - Stream key - Prismagamers.com\",\"isPartOf\":{\"@id\":\"https:\\\/\\\/prismagamers.com\\\/hu\\\/#website\"},\"primaryImageOfPage\":{\"@id\":\"https:\\\/\\\/prismagamers.com\\\/hu\\\/produkt\\\/astria-ascending-pc-jatek-stream-key\\\/#primaryimage\"},\"image\":{\"@id\":\"https:\\\/\\\/prismagamers.com\\\/hu\\\/produkt\\\/astria-ascending-pc-jatek-stream-key\\\/#primaryimage\"},\"thumbnailUrl\":\"https:\\\/\\\/prismagamers.com\\\/wp-content\\\/uploads\\\/2024\\\/12\\\/boxshot-e1733527247228.png\",\"datePublished\":\"2024-12-06T23:21:55+00:00\",\"dateModified\":\"2026-01-01T23:36:06+00:00\",\"description\":\"Fedezz fel egy hatalmas vil\u00e1got a k\u00e1osz sz\u00e9l\u00e9n ebben az \u00e9rett \u00e9s izgalmas JRPG-ben. \u00c9lj \u00e1t egy epikus t\u00f6rt\u00e9netet, mik\u00f6zben \u00e9lvezheted a kiel\u00e9g\u00edt\u0151, fordul\u00f3alap\u00fa harcrendszert, a sz\u00e9lesk\u00f6r\u0171 testreszab\u00e1si lehet\u0151s\u00e9geket \u00e9s a leny\u0171g\u00f6z\u0151, k\u00e9zzel rajzolt grafik\u00e1t 4K felbont\u00e1sban. \ud83c\udf0d Glob\u00e1lis \u2699\ufe0f Steam \ud83d\udddd Digit\u00e1lis kulcs\",\"breadcrumb\":{\"@id\":\"https:\\\/\\\/prismagamers.com\\\/hu\\\/produkt\\\/astria-ascending-pc-jatek-stream-key\\\/#breadcrumb\"},\"inLanguage\":\"hu\",\"potentialAction\":[{\"@type\":\"ReadAction\",\"target\":[\"https:\\\/\\\/prismagamers.com\\\/hu\\\/produkt\\\/astria-ascending-pc-jatek-stream-key\\\/\"]}]},{\"@type\":\"ImageObject\",\"inLanguage\":\"hu\",\"@id\":\"https:\\\/\\\/prismagamers.com\\\/hu\\\/produkt\\\/astria-ascending-pc-jatek-stream-key\\\/#primaryimage\",\"url\":\"https:\\\/\\\/prismagamers.com\\\/wp-content\\\/uploads\\\/2024\\\/12\\\/boxshot-e1733527247228.png\",\"contentUrl\":\"https:\\\/\\\/prismagamers.com\\\/wp-content\\\/uploads\\\/2024\\\/12\\\/boxshot-e1733527247228.png\",\"width\":300,\"height\":450},{\"@type\":\"BreadcrumbList\",\"@id\":\"https:\\\/\\\/prismagamers.com\\\/hu\\\/produkt\\\/astria-ascending-pc-jatek-stream-key\\\/#breadcrumb\",\"itemListElement\":[{\"@type\":\"ListItem\",\"position\":1,\"name\":\"Strona g\u0142\u00f3wna\",\"item\":\"https:\\\/\\\/prismagamers.com\\\/hu\\\/prismagamers\\\/\"},{\"@type\":\"ListItem\",\"position\":2,\"name\":\"Shop\",\"item\":\"https:\\\/\\\/prismagamers.com\\\/hu\\\/shop\\\/\"},{\"@type\":\"ListItem\",\"position\":3,\"name\":\"Astria Ascending (PC j\u00e1t\u00e9k) &#8211; Stream key\"}]},{\"@type\":\"WebSite\",\"@id\":\"https:\\\/\\\/prismagamers.com\\\/hu\\\/#website\",\"url\":\"https:\\\/\\\/prismagamers.com\\\/hu\\\/\",\"name\":\"Prismagamers\",\"description\":\"Sklep z grami PC I Sklep klucze Steam\",\"publisher\":{\"@id\":\"https:\\\/\\\/prismagamers.com\\\/hu\\\/#organization\"},\"potentialAction\":[{\"@type\":\"SearchAction\",\"target\":{\"@type\":\"EntryPoint\",\"urlTemplate\":\"https:\\\/\\\/prismagamers.com\\\/hu\\\/?s={search_term_string}\"},\"query-input\":{\"@type\":\"PropertyValueSpecification\",\"valueRequired\":true,\"valueName\":\"search_term_string\"}}],\"inLanguage\":\"hu\"},{\"@type\":\"Organization\",\"@id\":\"https:\\\/\\\/prismagamers.com\\\/hu\\\/#organization\",\"name\":\"Prismagamers\",\"url\":\"https:\\\/\\\/prismagamers.com\\\/hu\\\/\",\"logo\":{\"@type\":\"ImageObject\",\"inLanguage\":\"hu\",\"@id\":\"https:\\\/\\\/prismagamers.com\\\/hu\\\/#\\\/schema\\\/logo\\\/image\\\/\",\"url\":\"https:\\\/\\\/prismagamers.com\\\/wp-content\\\/uploads\\\/2022\\\/04\\\/cropped-logo-Prismagamers-01-scaled-1.jpg\",\"contentUrl\":\"https:\\\/\\\/prismagamers.com\\\/wp-content\\\/uploads\\\/2022\\\/04\\\/cropped-logo-Prismagamers-01-scaled-1.jpg\",\"width\":512,\"height\":512,\"caption\":\"Prismagamers\"},\"image\":{\"@id\":\"https:\\\/\\\/prismagamers.com\\\/hu\\\/#\\\/schema\\\/logo\\\/image\\\/\"},\"sameAs\":[\"https:\\\/\\\/www.facebook.com\\\/prismagamers\",\"https:\\\/\\\/www.instagram.com\\\/prismagamers_grycyfrowe\\\/\"],\"description\":\"Prismagamers.com to dynamiczny sklep z grami cyfrowymi, stworzony z my\u015bl\u0105 o entuzjastach gier wideo. Nasza strona oferuje szerok\u0105 gam\u0119 gier komputerowych, w tym najnowsze tytu\u0142y, dobrze znane klasyki oraz gry stworzone przez niezale\u017cne studia Ca\u0142y czas d\u0105\u017cymy do rozszerzenia naszej oferty. Do\u0142\u0105cz do nas i sta\u0144 si\u0119 cz\u0119\u015bci\u0105 naszej rosn\u0105cej spo\u0142eczno\u015bci graczy!\",\"email\":\"shop@prismagamers.com\",\"telephone\":\"48795541705\",\"legalName\":\"East Caravan Maksym \u017bukow\",\"foundingDate\":\"2012-05-10\",\"vatID\":\"PL8943038612\",\"taxID\":\"PL8943038612\",\"numberOfEmployees\":{\"@type\":\"QuantitativeValue\",\"minValue\":\"11\",\"maxValue\":\"50\"}}]}<\/script>\n<!-- \/ Yoast SEO Premium plugin. -->","yoast_head_json":{"title":"Astria Ascending (PC j\u00e1t\u00e9k) - Stream key - Prismagamers.com","description":"Fedezz fel egy hatalmas vil\u00e1got a k\u00e1osz sz\u00e9l\u00e9n ebben az \u00e9rett \u00e9s izgalmas JRPG-ben. \u00c9lj \u00e1t egy epikus t\u00f6rt\u00e9netet, mik\u00f6zben \u00e9lvezheted a kiel\u00e9g\u00edt\u0151, fordul\u00f3alap\u00fa harcrendszert, a sz\u00e9lesk\u00f6r\u0171 testreszab\u00e1si lehet\u0151s\u00e9geket \u00e9s a leny\u0171g\u00f6z\u0151, k\u00e9zzel rajzolt grafik\u00e1t 4K felbont\u00e1sban. \ud83c\udf0d Glob\u00e1lis \u2699\ufe0f Steam \ud83d\udddd Digit\u00e1lis kulcs","robots":{"index":"index","follow":"follow","max-snippet":"max-snippet:-1","max-image-preview":"max-image-preview:large","max-video-preview":"max-video-preview:-1"},"canonical":"https:\/\/prismagamers.com\/hu\/produkt\/astria-ascending-pc-jatek-stream-key\/","og_locale":"hu_HU","og_type":"article","og_title":"Astria Ascending (PC j\u00e1t\u00e9k) - Stream key","og_description":"Fedezz fel egy hatalmas vil\u00e1got a k\u00e1osz sz\u00e9l\u00e9n ebben az \u00e9rett \u00e9s izgalmas JRPG-ben. \u00c9lj \u00e1t egy epikus t\u00f6rt\u00e9netet, mik\u00f6zben \u00e9lvezheted a kiel\u00e9g\u00edt\u0151, fordul\u00f3alap\u00fa harcrendszert, a sz\u00e9lesk\u00f6r\u0171 testreszab\u00e1si lehet\u0151s\u00e9geket \u00e9s a leny\u0171g\u00f6z\u0151, k\u00e9zzel rajzolt grafik\u00e1t 4K felbont\u00e1sban. \ud83c\udf0d Glob\u00e1lis \u2699\ufe0f Steam \ud83d\udddd Digit\u00e1lis kulcs","og_url":"https:\/\/prismagamers.com\/hu\/produkt\/astria-ascending-pc-jatek-stream-key\/","og_site_name":"Prismagamers.com","article_publisher":"https:\/\/www.facebook.com\/prismagamers","article_modified_time":"2026-01-01T23:36:06+00:00","og_image":[{"width":300,"height":450,"url":"https:\/\/prismagamers.com\/wp-content\/uploads\/2024\/12\/boxshot-e1733527247228.png","type":"image\/png"}],"twitter_card":"summary_large_image","twitter_misc":{"Becs\u00fclt olvas\u00e1si id\u0151":"2 perc"},"schema":{"@context":"https:\/\/schema.org","@graph":[{"@type":"WebPage","@id":"https:\/\/prismagamers.com\/hu\/produkt\/astria-ascending-pc-jatek-stream-key\/","url":"https:\/\/prismagamers.com\/hu\/produkt\/astria-ascending-pc-jatek-stream-key\/","name":"Astria Ascending (PC j\u00e1t\u00e9k) - Stream key - Prismagamers.com","isPartOf":{"@id":"https:\/\/prismagamers.com\/hu\/#website"},"primaryImageOfPage":{"@id":"https:\/\/prismagamers.com\/hu\/produkt\/astria-ascending-pc-jatek-stream-key\/#primaryimage"},"image":{"@id":"https:\/\/prismagamers.com\/hu\/produkt\/astria-ascending-pc-jatek-stream-key\/#primaryimage"},"thumbnailUrl":"https:\/\/prismagamers.com\/wp-content\/uploads\/2024\/12\/boxshot-e1733527247228.png","datePublished":"2024-12-06T23:21:55+00:00","dateModified":"2026-01-01T23:36:06+00:00","description":"Fedezz fel egy hatalmas vil\u00e1got a k\u00e1osz sz\u00e9l\u00e9n ebben az \u00e9rett \u00e9s izgalmas JRPG-ben. \u00c9lj \u00e1t egy epikus t\u00f6rt\u00e9netet, mik\u00f6zben \u00e9lvezheted a kiel\u00e9g\u00edt\u0151, fordul\u00f3alap\u00fa harcrendszert, a sz\u00e9lesk\u00f6r\u0171 testreszab\u00e1si lehet\u0151s\u00e9geket \u00e9s a leny\u0171g\u00f6z\u0151, k\u00e9zzel rajzolt grafik\u00e1t 4K felbont\u00e1sban. \ud83c\udf0d Glob\u00e1lis \u2699\ufe0f Steam \ud83d\udddd Digit\u00e1lis kulcs","breadcrumb":{"@id":"https:\/\/prismagamers.com\/hu\/produkt\/astria-ascending-pc-jatek-stream-key\/#breadcrumb"},"inLanguage":"hu","potentialAction":[{"@type":"ReadAction","target":["https:\/\/prismagamers.com\/hu\/produkt\/astria-ascending-pc-jatek-stream-key\/"]}]},{"@type":"ImageObject","inLanguage":"hu","@id":"https:\/\/prismagamers.com\/hu\/produkt\/astria-ascending-pc-jatek-stream-key\/#primaryimage","url":"https:\/\/prismagamers.com\/wp-content\/uploads\/2024\/12\/boxshot-e1733527247228.png","contentUrl":"https:\/\/prismagamers.com\/wp-content\/uploads\/2024\/12\/boxshot-e1733527247228.png","width":300,"height":450},{"@type":"BreadcrumbList","@id":"https:\/\/prismagamers.com\/hu\/produkt\/astria-ascending-pc-jatek-stream-key\/#breadcrumb","itemListElement":[{"@type":"ListItem","position":1,"name":"Strona g\u0142\u00f3wna","item":"https:\/\/prismagamers.com\/hu\/prismagamers\/"},{"@type":"ListItem","position":2,"name":"Shop","item":"https:\/\/prismagamers.com\/hu\/shop\/"},{"@type":"ListItem","position":3,"name":"Astria Ascending (PC j\u00e1t\u00e9k) &#8211; Stream key"}]},{"@type":"WebSite","@id":"https:\/\/prismagamers.com\/hu\/#website","url":"https:\/\/prismagamers.com\/hu\/","name":"Prismagamers","description":"Sklep z grami PC I Sklep klucze Steam","publisher":{"@id":"https:\/\/prismagamers.com\/hu\/#organization"},"potentialAction":[{"@type":"SearchAction","target":{"@type":"EntryPoint","urlTemplate":"https:\/\/prismagamers.com\/hu\/?s={search_term_string}"},"query-input":{"@type":"PropertyValueSpecification","valueRequired":true,"valueName":"search_term_string"}}],"inLanguage":"hu"},{"@type":"Organization","@id":"https:\/\/prismagamers.com\/hu\/#organization","name":"Prismagamers","url":"https:\/\/prismagamers.com\/hu\/","logo":{"@type":"ImageObject","inLanguage":"hu","@id":"https:\/\/prismagamers.com\/hu\/#\/schema\/logo\/image\/","url":"https:\/\/prismagamers.com\/wp-content\/uploads\/2022\/04\/cropped-logo-Prismagamers-01-scaled-1.jpg","contentUrl":"https:\/\/prismagamers.com\/wp-content\/uploads\/2022\/04\/cropped-logo-Prismagamers-01-scaled-1.jpg","width":512,"height":512,"caption":"Prismagamers"},"image":{"@id":"https:\/\/prismagamers.com\/hu\/#\/schema\/logo\/image\/"},"sameAs":["https:\/\/www.facebook.com\/prismagamers","https:\/\/www.instagram.com\/prismagamers_grycyfrowe\/"],"description":"Prismagamers.com to dynamiczny sklep z grami cyfrowymi, stworzony z my\u015bl\u0105 o entuzjastach gier wideo. Nasza strona oferuje szerok\u0105 gam\u0119 gier komputerowych, w tym najnowsze tytu\u0142y, dobrze znane klasyki oraz gry stworzone przez niezale\u017cne studia Ca\u0142y czas d\u0105\u017cymy do rozszerzenia naszej oferty. Do\u0142\u0105cz do nas i sta\u0144 si\u0119 cz\u0119\u015bci\u0105 naszej rosn\u0105cej spo\u0142eczno\u015bci graczy!","email":"shop@prismagamers.com","telephone":"48795541705","legalName":"East Caravan Maksym \u017bukow","foundingDate":"2012-05-10","vatID":"PL8943038612","taxID":"PL8943038612","numberOfEmployees":{"@type":"QuantitativeValue","minValue":"11","maxValue":"50"}}]}},"_links":{"self":[{"href":"https:\/\/prismagamers.com\/hu\/wp-json\/wp\/v2\/product\/34738","targetHints":{"allow":["GET"]}}],"collection":[{"href":"https:\/\/prismagamers.com\/hu\/wp-json\/wp\/v2\/product"}],"about":[{"href":"https:\/\/prismagamers.com\/hu\/wp-json\/wp\/v2\/types\/product"}],"wp:featuredmedia":[{"embeddable":true,"href":"https:\/\/prismagamers.com\/hu\/wp-json\/wp\/v2\/media\/33240"}],"wp:attachment":[{"href":"https:\/\/prismagamers.com\/hu\/wp-json\/wp\/v2\/media?parent=34738"}],"wp:term":[{"taxonomy":"product_brand","embeddable":true,"href":"https:\/\/prismagamers.com\/hu\/wp-json\/wp\/v2\/product_brand?post=34738"},{"taxonomy":"product_cat","embeddable":true,"href":"https:\/\/prismagamers.com\/hu\/wp-json\/wp\/v2\/product_cat?post=34738"},{"taxonomy":"product_tag","embeddable":true,"href":"https:\/\/prismagamers.com\/hu\/wp-json\/wp\/v2\/product_tag?post=34738"}],"curies":[{"name":"wp","href":"https:\/\/api.w.org\/{rel}","templated":true}]}}