{"id":34747,"date":"2025-03-10T19:06:32","date_gmt":"2025-03-10T18:06:32","guid":{"rendered":"https:\/\/prismagamers.com\/produkt\/fabledom-2\/"},"modified":"2025-07-20T15:58:10","modified_gmt":"2025-07-20T13:58:10","slug":"fabledom-2","status":"publish","type":"product","link":"https:\/\/prismagamers.com\/hu\/produkt\/fabledom-2\/","title":{"rendered":"Fabledom"},"content":{"rendered":"<h3 data-start=\"0\" data-end=\"53\"><img decoding=\"async\" class=\"bb_img aligncenter\" src=\"https:\/\/shared.fastly.steamstatic.com\/store_item_assets\/steam\/apps\/1651560\/extras\/FAB_Steam.gif?t=1733986493\"><\/h3>\n<p>&nbsp;<\/p>\n<h3 data-start=\"0\" data-end=\"53\">Fabledom &#8211; Kir\u00e1lys\u00e1g \u00e9p\u00edt\u00e9se egy mesevil\u00e1gban<\/h3>\n<p data-start=\"55\" data-end=\"457\"><strong data-start=\"55\" data-end=\"67\">A Fabledom<\/strong> egy el\u00e9rhet\u0151 strat\u00e9giai j\u00e1t\u00e9k, amely lehet\u0151v\u00e9 teszi a j\u00e1t\u00e9kosok sz\u00e1m\u00e1ra, hogy l\u00e9trehozz\u00e1k \u00e9s fejlessz\u00e9k saj\u00e1t mesebeli kir\u00e1lys\u00e1gukat. A telepesek a te vezet\u00e9sed alatt telep\u00fcl\u00e9st alak\u00edtanak ki a hatalmas, ben\u00e9pes\u00edt\u00e9sre v\u00e1r\u00f3 f\u00f6ldeken. A j\u00e1t\u00e9k \u00f6tv\u00f6zi az intuit\u00edv v\u00e1ros\u00e9p\u00edt\u00e9si rendszert a kezd\u0151k \u00e9s a tapasztaltabb j\u00e1t\u00e9kosok sz\u00e1m\u00e1ra egyar\u00e1nt alkalmas kih\u00edv\u00e1sokkal, k\u00f6sz\u00f6nhet\u0151en a testreszabhat\u00f3 neh\u00e9zs\u00e9gi szintnek.  <\/p>\n<p data-start=\"55\" data-end=\"457\"><img decoding=\"async\" class=\"bb_img aligncenter\" src=\"https:\/\/shared.fastly.steamstatic.com\/store_item_assets\/steam\/apps\/1651560\/extras\/FAB_STEAM_GIF_01.gif?t=1733986493\"><\/p>\n<h3 data-start=\"459\" data-end=\"493\">\u00c9p\u00edtsd fel a mesebeli kir\u00e1lys\u00e1godat<\/h3>\n<p data-start=\"495\" data-end=\"785\">A <strong data-start=\"497\" data-end=\"509\">Fabledomban<\/strong> a j\u00e1t\u00e9kos feladata, hogy egy kis falut var\u00e1zslatok \u00e9s rejt\u00e9lyek k\u00f6zepette vir\u00e1gz\u00f3, \u00e9lettel teli kir\u00e1lys\u00e1gg\u00e1 alak\u00edtson. Haszn\u00e1ld a rendelkez\u00e9sre \u00e1ll\u00f3 er\u0151forr\u00e1sokat a telep\u00fcl\u00e9sed fejleszt\u00e9s\u00e9re \u00e9s gondoskodj a lakosok sz\u00fcks\u00e9gleteir\u0151l. \u00c9p\u00edts egy olyan v\u00e1rost, amely m\u00e9lt\u00f3 leend\u0151 polg\u00e1raidhoz!  <\/p>\n<p data-start=\"495\" data-end=\"785\"><img decoding=\"async\" class=\"bb_img aligncenter\" src=\"https:\/\/shared.fastly.steamstatic.com\/store_item_assets\/steam\/apps\/1651560\/extras\/FAB_STEAM_GIF_2_v02.gif?t=1733986493\"><\/p>\n<h3 data-start=\"787\" data-end=\"814\">Fedezze fel a mesevil\u00e1got<\/h3>\n<p data-start=\"816\" data-end=\"1138\">A <strong data-start=\"822\" data-end=\"834\">Fabledom<\/strong> vil\u00e1ga tele van var\u00e1zslatos l\u00e9nyekkel, p\u00e9ld\u00e1ul rep\u00fcl\u0151 diszn\u00f3kkal, \u00f3ri\u00e1sokkal, t\u00f6rp\u00e9kkel \u00e9s m\u00e1s fantasztikus teremtm\u00e9nyekkel. Fedezd fel ezt a meglepet\u00e9sekkel teli vil\u00e1got, de vigy\u00e1zz az olyan vesz\u00e9lyekt\u0151l, mint a boszork\u00e1nyok \u00e9s s\u00e1rk\u00e1nyok, amelyek elpuszt\u00edthatj\u00e1k kir\u00e1lys\u00e1godat, ha nem vagy megfelel\u0151en felk\u00e9sz\u00fclve. <\/p>\n<h3 data-start=\"1140\" data-end=\"1173\">\u00c9p\u00edtsen kapcsolatokat \u00e9s tal\u00e1lja meg a szerelmet<\/h3>\n<p data-start=\"1175\" data-end=\"1464\">A <strong data-start=\"1177\" data-end=\"1189\">Fabledomban<\/strong> a szerelmi kapcsolatok nagy hat\u00e1ssal vannak a tetteidre. Ha a szerelmet \u00e9s az \u0151szintes\u00e9get v\u00e1lasztod, \u00faj lehet\u0151s\u00e9gek ny\u00edlnak meg a j\u00e1t\u00e9kban. V\u00e1lassz hat k\u00fcl\u00f6nb\u00f6z\u0151 uralkod\u00f3 k\u00f6z\u00fcl, akikkel kapcsolatot l\u00e9tes\u00edthetsz, egyedi k\u00fcldet\u00e9seket \u00e9s \u00e9p\u00fcleteket szerezhetsz, amelyek befoly\u00e1solj\u00e1k kir\u00e1lys\u00e1god fejl\u0151d\u00e9s\u00e9t.  <\/p>\n<p data-start=\"1175\" data-end=\"1464\"><img decoding=\"async\" class=\"bb_img aligncenter\" src=\"https:\/\/shared.fastly.steamstatic.com\/store_item_assets\/steam\/apps\/1651560\/extras\/FAB_STEAM_GIF_3.gif?t=1733986493\"><\/p>\n<h3 data-start=\"1466\" data-end=\"1502\">Hozzon l\u00e9tre egy hadsereget a Kir\u00e1lys\u00e1g v\u00e9delm\u00e9re<\/h3>\n<p data-start=\"1504\" data-end=\"1755\">A <strong data-start=\"1506\" data-end=\"1518\">Fabledomban<\/strong> nem felejted el megv\u00e9deni a kir\u00e1lys\u00e1godat. \u00c9p\u00edtsd meg a misztikus b\u00e1ny\u00e1t, de vigy\u00e1zz, hogy trollok leselkednek r\u00e1d, hogy \u00e1tvegy\u00e9k, amid van. Hozz l\u00e9tre sereget \u00e9s gy\u0171jts h\u0151s\u00f6ket, hogy elh\u00e1r\u00edtsd a betolakod\u00f3 ellens\u00e9get, \u00e9s megv\u00e9dd ter\u00fcletedet a pusztul\u00e1st\u00f3l.  <\/p>\n<p data-start=\"1504\" data-end=\"1755\"><img decoding=\"async\" class=\"bb_img aligncenter\" src=\"https:\/\/shared.fastly.steamstatic.com\/store_item_assets\/steam\/apps\/1651560\/extras\/FAB_STEAM_GIF_4.gif?t=1733986493\"><\/p>\n<h3 data-start=\"1757\" data-end=\"1792\">Gazdas\u00e1g, diplom\u00e1cia \u00e9s kereskedelem<\/h3>\n<p data-start=\"1794\" data-end=\"2065\">\u00c9p\u00edts gazdas\u00e1got, cser\u00e9lj nyersanyagokat \u00e9s alak\u00edts ki kapcsolatokat m\u00e1s kir\u00e1lys\u00e1gokkal. A diplom\u00e1cia \u00e9s a kereskedelem a j\u00e1t\u00e9kmenet kulcsfontoss\u00e1g\u00fa elemei, amelyek befoly\u00e1solj\u00e1k a fejl\u0151d\u00e9sedet. A m\u00e1sokkal val\u00f3 kapcsolattart\u00e1s sor\u00e1n hozott d\u00f6nt\u00e9seid meghat\u00e1rozz\u00e1k kir\u00e1lys\u00e1god j\u00f6v\u0151j\u00e9t.  <\/p>\n<p data-start=\"1794\" data-end=\"2065\"><img decoding=\"async\" class=\"bb_img aligncenter\" src=\"https:\/\/shared.fastly.steamstatic.com\/store_item_assets\/steam\/apps\/1651560\/extras\/FAB_STEAM_GIF_5_v02.gif?t=1733986493\"><\/p>\n<h3 data-start=\"2067\" data-end=\"2081\">A j\u00e1t\u00e9k jellemz\u0151i:<\/h3>\n<ul data-start=\"2083\" data-end=\"2548\">\n<li data-start=\"2083\" data-end=\"2208\"><strong data-start=\"2085\" data-end=\"2135\">Egy var\u00e1zslatos vil\u00e1g, amelyet a mes\u00e9k \u00e9s a mitol\u00f3gia ihletett<\/strong> &#8211; Fedezz fel fantasztikus l\u00e9nyeket, mesebeli helysz\u00edneket \u00e9s elk\u00e9peszt\u0151 kalandokat.<\/li>\n<li data-start=\"2209\" data-end=\"2327\"><strong data-start=\"2211\" data-end=\"2252\">Interakt\u00edv t\u00f6rt\u00e9net \u00e9s szerelmi kapcsolatok<\/strong> &#8211; alak\u00edtsd a kir\u00e1lys\u00e1g sors\u00e1t szerelmi \u00e9s diplom\u00e1ciai d\u00f6nt\u00e9sekkel.<\/li>\n<li data-start=\"2328\" data-end=\"2428\"><strong data-start=\"2330\" data-end=\"2363\">Strat\u00e9giai v\u00e1ros\u00e9p\u00edt\u00e9s<\/strong> &#8211; Fejlessz egy telep\u00fcl\u00e9st, kezeld az er\u0151forr\u00e1sokat \u00e9s hozz l\u00e9tre egyedi \u00e9p\u00edtm\u00e9nyeket.<\/li>\n<li data-start=\"2429\" data-end=\"2548\"><strong data-start=\"2431\" data-end=\"2470\">Mesebeli grafika \u00e9s egy var\u00e1zslatos vil\u00e1g<\/strong> &#8211; \u00c9p\u00edtsd fel kir\u00e1lys\u00e1godat egy klasszikus j\u00e1t\u00e9kok \u00e1ltal inspir\u00e1lt fantasztikus vil\u00e1gban.<\/li>\n<\/ul>\n","protected":false},"excerpt":{"rendered":"<p><strong data-start=\"0\" data-end=\"12\" data-is-only-node=\"\">A Fabledom<\/strong> egy b\u00e1jos v\u00e1ros\u00e9p\u00edt\u0151 j\u00e1t\u00e9k, amely egy m\u00e1gi\u00e1val \u00e9s csod\u00e1latos l\u00e9nyekkel teli mesevil\u00e1gban j\u00e1tsz\u00f3dik. \u00c9p\u00edtsd ki a telep\u00fcl\u00e9sedet, alak\u00edts ki kapcsolatokat a szomsz\u00e9daiddal, \u00e9s v\u00e9dd meg a kir\u00e1lys\u00e1godat a m\u00e1gikus fenyeget\u00e9sekkel szemben. A c\u00e9lod nem csak az, hogy vir\u00e1gz\u00f3 v\u00e1rost hozz l\u00e9tre, hanem az is, hogy megtal\u00e1ld az igaz szerelmet, \u00e9s \u00f6r\u00f6kk\u00e9 tart\u00f3 boldog \u00e9letet \u00e9lj!  <\/p>\n<p>\ud83c\udf0d Glob\u00e1lis<br \/>\n\u2699\ufe0f Steam<br \/>\n\ud83d\udddd Digit\u00e1lis kulcs<\/p>\n","protected":false},"featured_media":34746,"template":"","meta":{"_acf_changed":false,"site-sidebar-layout":"default","site-content-layout":"","ast-site-content-layout":"default","site-content-style":"default","site-sidebar-style":"default","ast-global-header-display":"","ast-banner-title-visibility":"","ast-main-header-display":"","ast-hfb-above-header-display":"","ast-hfb-below-header-display":"","ast-hfb-mobile-header-display":"","site-post-title":"","ast-breadcrumbs-content":"","ast-featured-img":"","footer-sml-layout":"","ast-disable-related-posts":"","theme-transparent-header-meta":"default","adv-header-id-meta":"","stick-header-meta":"","header-above-stick-meta":"","header-main-stick-meta":"","header-below-stick-meta":"","astra-migrate-meta-layouts":"default","ast-page-background-enabled":"default","ast-page-background-meta":{"desktop":{"background-color":"var(--ast-global-color-4)","background-image":"","background-repeat":"repeat","background-position":"center center","background-size":"auto","background-attachment":"scroll","background-type":"","background-media":"","overlay-type":"","overlay-color":"","overlay-opacity":"","overlay-gradient":""},"tablet":{"background-color":"","background-image":"","background-repeat":"repeat","background-position":"center center","background-size":"auto","background-attachment":"scroll","background-type":"","background-media":"","overlay-type":"","overlay-color":"","overlay-opacity":"","overlay-gradient":""},"mobile":{"background-color":"","background-image":"","background-repeat":"repeat","background-position":"center center","background-size":"auto","background-attachment":"scroll","background-type":"","background-media":"","overlay-type":"","overlay-color":"","overlay-opacity":"","overlay-gradient":""}},"ast-content-background-meta":{"desktop":{"background-color":"var(--ast-global-color-5)","background-image":"","background-repeat":"repeat","background-position":"center center","background-size":"auto","background-attachment":"scroll","background-type":"","background-media":"","overlay-type":"","overlay-color":"","overlay-opacity":"","overlay-gradient":""},"tablet":{"background-color":"var(--ast-global-color-5)","background-image":"","background-repeat":"repeat","background-position":"center center","background-size":"auto","background-attachment":"scroll","background-type":"","background-media":"","overlay-type":"","overlay-color":"","overlay-opacity":"","overlay-gradient":""},"mobile":{"background-color":"var(--ast-global-color-5)","background-image":"","background-repeat":"repeat","background-position":"center center","background-size":"auto","background-attachment":"scroll","background-type":"","background-media":"","overlay-type":"","overlay-color":"","overlay-opacity":"","overlay-gradient":""}}},"product_brand":[],"product_cat":[365,372,384,386],"product_tag":[],"class_list":{"0":"post-34747","1":"product","2":"type-product","3":"status-publish","4":"has-post-thumbnail","6":"product_cat-goz","7":"product_cat-jatekok-szimulatorok","8":"product_cat-kedves-falusiak","9":"product_cat-strategiai-jatekok","10":"desktop-align-left","11":"tablet-align-left","12":"mobile-align-left","14":"first","15":"instock","16":"virtual","17":"purchasable","18":"product-type-simple"},"acf":[],"yoast_head":"<!-- This site is optimized with the Yoast SEO Premium plugin v27.4 (Yoast SEO v27.4) - https:\/\/yoast.com\/product\/yoast-seo-premium-wordpress\/ -->\n<title>Fabledom - Prismagamers.com<\/title>\n<meta name=\"description\" content=\"A Fabledom egy b\u00e1jos v\u00e1ros\u00e9p\u00edt\u0151 j\u00e1t\u00e9k, amely egy m\u00e1gi\u00e1val \u00e9s csod\u00e1latos l\u00e9nyekkel teli mesevil\u00e1gban j\u00e1tsz\u00f3dik. \u00c9p\u00edtsd ki a telep\u00fcl\u00e9sedet, alak\u00edts ki kapcsolatokat a szomsz\u00e9daiddal, \u00e9s v\u00e9dd meg a kir\u00e1lys\u00e1godat a m\u00e1gikus fenyeget\u00e9sekkel szemben. A c\u00e9lod nem csak az, hogy vir\u00e1gz\u00f3 v\u00e1rost hozz l\u00e9tre, hanem az is, hogy megtal\u00e1ld az igaz szerelmet, \u00e9s \u00f6r\u00f6kk\u00e9 tart\u00f3 boldog \u00e9letet \u00e9lj!  \ud83c\udf0d Glob\u00e1lis \u2699\ufe0f Steam \ud83d\udddd Digit\u00e1lis kulcs\" \/>\n<meta name=\"robots\" content=\"index, follow, max-snippet:-1, max-image-preview:large, max-video-preview:-1\" \/>\n<link rel=\"canonical\" href=\"https:\/\/prismagamers.com\/hu\/produkt\/fabledom-2\/\" \/>\n<meta property=\"og:locale\" content=\"hu_HU\" \/>\n<meta property=\"og:type\" content=\"article\" \/>\n<meta property=\"og:title\" content=\"Fabledom\" \/>\n<meta property=\"og:description\" content=\"A Fabledom egy b\u00e1jos v\u00e1ros\u00e9p\u00edt\u0151 j\u00e1t\u00e9k, amely egy m\u00e1gi\u00e1val \u00e9s csod\u00e1latos l\u00e9nyekkel teli mesevil\u00e1gban j\u00e1tsz\u00f3dik. \u00c9p\u00edtsd ki a telep\u00fcl\u00e9sedet, alak\u00edts ki kapcsolatokat a szomsz\u00e9daiddal, \u00e9s v\u00e9dd meg a kir\u00e1lys\u00e1godat a m\u00e1gikus fenyeget\u00e9sekkel szemben. A c\u00e9lod nem csak az, hogy vir\u00e1gz\u00f3 v\u00e1rost hozz l\u00e9tre, hanem az is, hogy megtal\u00e1ld az igaz szerelmet, \u00e9s \u00f6r\u00f6kk\u00e9 tart\u00f3 boldog \u00e9letet \u00e9lj!  \ud83c\udf0d Glob\u00e1lis \u2699\ufe0f Steam \ud83d\udddd Digit\u00e1lis kulcs\" \/>\n<meta property=\"og:url\" content=\"https:\/\/prismagamers.com\/hu\/produkt\/fabledom-2\/\" \/>\n<meta property=\"og:site_name\" content=\"Prismagamers.com\" \/>\n<meta property=\"article:publisher\" content=\"https:\/\/www.facebook.com\/prismagamers\" \/>\n<meta property=\"article:modified_time\" content=\"2025-07-20T13:58:10+00:00\" \/>\n<meta property=\"og:image\" content=\"https:\/\/prismagamers.com\/wp-content\/uploads\/2025\/03\/library_600x900_2x-5-e1741629918556.jpg\" \/>\n\t<meta property=\"og:image:width\" content=\"600\" \/>\n\t<meta property=\"og:image:height\" content=\"900\" \/>\n\t<meta property=\"og:image:type\" content=\"image\/jpeg\" \/>\n<meta name=\"twitter:card\" content=\"summary_large_image\" \/>\n<meta name=\"twitter:label1\" content=\"Becs\u00fclt olvas\u00e1si id\u0151\" \/>\n\t<meta name=\"twitter:data1\" content=\"3 perc\" \/>\n<script type=\"application\/ld+json\" class=\"yoast-schema-graph\">{\"@context\":\"https:\\\/\\\/schema.org\",\"@graph\":[{\"@type\":\"WebPage\",\"@id\":\"https:\\\/\\\/prismagamers.com\\\/hu\\\/produkt\\\/fabledom-2\\\/\",\"url\":\"https:\\\/\\\/prismagamers.com\\\/hu\\\/produkt\\\/fabledom-2\\\/\",\"name\":\"Fabledom - Prismagamers.com\",\"isPartOf\":{\"@id\":\"https:\\\/\\\/prismagamers.com\\\/hu\\\/#website\"},\"primaryImageOfPage\":{\"@id\":\"https:\\\/\\\/prismagamers.com\\\/hu\\\/produkt\\\/fabledom-2\\\/#primaryimage\"},\"image\":{\"@id\":\"https:\\\/\\\/prismagamers.com\\\/hu\\\/produkt\\\/fabledom-2\\\/#primaryimage\"},\"thumbnailUrl\":\"https:\\\/\\\/prismagamers.com\\\/wp-content\\\/uploads\\\/2025\\\/03\\\/library_600x900_2x-5-e1741629918556.jpg\",\"datePublished\":\"2025-03-10T18:06:32+00:00\",\"dateModified\":\"2025-07-20T13:58:10+00:00\",\"description\":\"A Fabledom egy b\u00e1jos v\u00e1ros\u00e9p\u00edt\u0151 j\u00e1t\u00e9k, amely egy m\u00e1gi\u00e1val \u00e9s csod\u00e1latos l\u00e9nyekkel teli mesevil\u00e1gban j\u00e1tsz\u00f3dik. \u00c9p\u00edtsd ki a telep\u00fcl\u00e9sedet, alak\u00edts ki kapcsolatokat a szomsz\u00e9daiddal, \u00e9s v\u00e9dd meg a kir\u00e1lys\u00e1godat a m\u00e1gikus fenyeget\u00e9sekkel szemben. A c\u00e9lod nem csak az, hogy vir\u00e1gz\u00f3 v\u00e1rost hozz l\u00e9tre, hanem az is, hogy megtal\u00e1ld az igaz szerelmet, \u00e9s \u00f6r\u00f6kk\u00e9 tart\u00f3 boldog \u00e9letet \u00e9lj! \ud83c\udf0d Glob\u00e1lis \u2699\ufe0f Steam \ud83d\udddd Digit\u00e1lis kulcs\",\"breadcrumb\":{\"@id\":\"https:\\\/\\\/prismagamers.com\\\/hu\\\/produkt\\\/fabledom-2\\\/#breadcrumb\"},\"inLanguage\":\"hu\",\"potentialAction\":[{\"@type\":\"ReadAction\",\"target\":[\"https:\\\/\\\/prismagamers.com\\\/hu\\\/produkt\\\/fabledom-2\\\/\"]}]},{\"@type\":\"ImageObject\",\"inLanguage\":\"hu\",\"@id\":\"https:\\\/\\\/prismagamers.com\\\/hu\\\/produkt\\\/fabledom-2\\\/#primaryimage\",\"url\":\"https:\\\/\\\/prismagamers.com\\\/wp-content\\\/uploads\\\/2025\\\/03\\\/library_600x900_2x-5-e1741629918556.jpg\",\"contentUrl\":\"https:\\\/\\\/prismagamers.com\\\/wp-content\\\/uploads\\\/2025\\\/03\\\/library_600x900_2x-5-e1741629918556.jpg\",\"width\":600,\"height\":900,\"caption\":\"Fabledom bor\u00edt\u00f3\"},{\"@type\":\"BreadcrumbList\",\"@id\":\"https:\\\/\\\/prismagamers.com\\\/hu\\\/produkt\\\/fabledom-2\\\/#breadcrumb\",\"itemListElement\":[{\"@type\":\"ListItem\",\"position\":1,\"name\":\"Strona g\u0142\u00f3wna\",\"item\":\"https:\\\/\\\/prismagamers.com\\\/hu\\\/prismagamers\\\/\"},{\"@type\":\"ListItem\",\"position\":2,\"name\":\"Shop\",\"item\":\"https:\\\/\\\/prismagamers.com\\\/hu\\\/shop\\\/\"},{\"@type\":\"ListItem\",\"position\":3,\"name\":\"Fabledom\"}]},{\"@type\":\"WebSite\",\"@id\":\"https:\\\/\\\/prismagamers.com\\\/hu\\\/#website\",\"url\":\"https:\\\/\\\/prismagamers.com\\\/hu\\\/\",\"name\":\"Prismagamers\",\"description\":\"Sklep z grami PC I Sklep klucze Steam\",\"publisher\":{\"@id\":\"https:\\\/\\\/prismagamers.com\\\/hu\\\/#organization\"},\"potentialAction\":[{\"@type\":\"SearchAction\",\"target\":{\"@type\":\"EntryPoint\",\"urlTemplate\":\"https:\\\/\\\/prismagamers.com\\\/hu\\\/?s={search_term_string}\"},\"query-input\":{\"@type\":\"PropertyValueSpecification\",\"valueRequired\":true,\"valueName\":\"search_term_string\"}}],\"inLanguage\":\"hu\"},{\"@type\":\"Organization\",\"@id\":\"https:\\\/\\\/prismagamers.com\\\/hu\\\/#organization\",\"name\":\"Prismagamers\",\"url\":\"https:\\\/\\\/prismagamers.com\\\/hu\\\/\",\"logo\":{\"@type\":\"ImageObject\",\"inLanguage\":\"hu\",\"@id\":\"https:\\\/\\\/prismagamers.com\\\/hu\\\/#\\\/schema\\\/logo\\\/image\\\/\",\"url\":\"https:\\\/\\\/prismagamers.com\\\/wp-content\\\/uploads\\\/2022\\\/04\\\/cropped-logo-Prismagamers-01-scaled-1.jpg\",\"contentUrl\":\"https:\\\/\\\/prismagamers.com\\\/wp-content\\\/uploads\\\/2022\\\/04\\\/cropped-logo-Prismagamers-01-scaled-1.jpg\",\"width\":512,\"height\":512,\"caption\":\"Prismagamers\"},\"image\":{\"@id\":\"https:\\\/\\\/prismagamers.com\\\/hu\\\/#\\\/schema\\\/logo\\\/image\\\/\"},\"sameAs\":[\"https:\\\/\\\/www.facebook.com\\\/prismagamers\",\"https:\\\/\\\/www.instagram.com\\\/prismagamers_grycyfrowe\\\/\"],\"description\":\"Prismagamers.com to dynamiczny sklep z grami cyfrowymi, stworzony z my\u015bl\u0105 o entuzjastach gier wideo. Nasza strona oferuje szerok\u0105 gam\u0119 gier komputerowych, w tym najnowsze tytu\u0142y, dobrze znane klasyki oraz gry stworzone przez niezale\u017cne studia Ca\u0142y czas d\u0105\u017cymy do rozszerzenia naszej oferty. Do\u0142\u0105cz do nas i sta\u0144 si\u0119 cz\u0119\u015bci\u0105 naszej rosn\u0105cej spo\u0142eczno\u015bci graczy!\",\"email\":\"shop@prismagamers.com\",\"telephone\":\"48795541705\",\"legalName\":\"East Caravan Maksym \u017bukow\",\"foundingDate\":\"2012-05-10\",\"vatID\":\"PL8943038612\",\"taxID\":\"PL8943038612\",\"numberOfEmployees\":{\"@type\":\"QuantitativeValue\",\"minValue\":\"11\",\"maxValue\":\"50\"}}]}<\/script>\n<!-- \/ Yoast SEO Premium plugin. -->","yoast_head_json":{"title":"Fabledom - Prismagamers.com","description":"A Fabledom egy b\u00e1jos v\u00e1ros\u00e9p\u00edt\u0151 j\u00e1t\u00e9k, amely egy m\u00e1gi\u00e1val \u00e9s csod\u00e1latos l\u00e9nyekkel teli mesevil\u00e1gban j\u00e1tsz\u00f3dik. \u00c9p\u00edtsd ki a telep\u00fcl\u00e9sedet, alak\u00edts ki kapcsolatokat a szomsz\u00e9daiddal, \u00e9s v\u00e9dd meg a kir\u00e1lys\u00e1godat a m\u00e1gikus fenyeget\u00e9sekkel szemben. A c\u00e9lod nem csak az, hogy vir\u00e1gz\u00f3 v\u00e1rost hozz l\u00e9tre, hanem az is, hogy megtal\u00e1ld az igaz szerelmet, \u00e9s \u00f6r\u00f6kk\u00e9 tart\u00f3 boldog \u00e9letet \u00e9lj!  \ud83c\udf0d Glob\u00e1lis \u2699\ufe0f Steam \ud83d\udddd Digit\u00e1lis kulcs","robots":{"index":"index","follow":"follow","max-snippet":"max-snippet:-1","max-image-preview":"max-image-preview:large","max-video-preview":"max-video-preview:-1"},"canonical":"https:\/\/prismagamers.com\/hu\/produkt\/fabledom-2\/","og_locale":"hu_HU","og_type":"article","og_title":"Fabledom","og_description":"A Fabledom egy b\u00e1jos v\u00e1ros\u00e9p\u00edt\u0151 j\u00e1t\u00e9k, amely egy m\u00e1gi\u00e1val \u00e9s csod\u00e1latos l\u00e9nyekkel teli mesevil\u00e1gban j\u00e1tsz\u00f3dik. \u00c9p\u00edtsd ki a telep\u00fcl\u00e9sedet, alak\u00edts ki kapcsolatokat a szomsz\u00e9daiddal, \u00e9s v\u00e9dd meg a kir\u00e1lys\u00e1godat a m\u00e1gikus fenyeget\u00e9sekkel szemben. A c\u00e9lod nem csak az, hogy vir\u00e1gz\u00f3 v\u00e1rost hozz l\u00e9tre, hanem az is, hogy megtal\u00e1ld az igaz szerelmet, \u00e9s \u00f6r\u00f6kk\u00e9 tart\u00f3 boldog \u00e9letet \u00e9lj!  \ud83c\udf0d Glob\u00e1lis \u2699\ufe0f Steam \ud83d\udddd Digit\u00e1lis kulcs","og_url":"https:\/\/prismagamers.com\/hu\/produkt\/fabledom-2\/","og_site_name":"Prismagamers.com","article_publisher":"https:\/\/www.facebook.com\/prismagamers","article_modified_time":"2025-07-20T13:58:10+00:00","og_image":[{"width":600,"height":900,"url":"https:\/\/prismagamers.com\/wp-content\/uploads\/2025\/03\/library_600x900_2x-5-e1741629918556.jpg","type":"image\/jpeg"}],"twitter_card":"summary_large_image","twitter_misc":{"Becs\u00fclt olvas\u00e1si id\u0151":"3 perc"},"schema":{"@context":"https:\/\/schema.org","@graph":[{"@type":"WebPage","@id":"https:\/\/prismagamers.com\/hu\/produkt\/fabledom-2\/","url":"https:\/\/prismagamers.com\/hu\/produkt\/fabledom-2\/","name":"Fabledom - Prismagamers.com","isPartOf":{"@id":"https:\/\/prismagamers.com\/hu\/#website"},"primaryImageOfPage":{"@id":"https:\/\/prismagamers.com\/hu\/produkt\/fabledom-2\/#primaryimage"},"image":{"@id":"https:\/\/prismagamers.com\/hu\/produkt\/fabledom-2\/#primaryimage"},"thumbnailUrl":"https:\/\/prismagamers.com\/wp-content\/uploads\/2025\/03\/library_600x900_2x-5-e1741629918556.jpg","datePublished":"2025-03-10T18:06:32+00:00","dateModified":"2025-07-20T13:58:10+00:00","description":"A Fabledom egy b\u00e1jos v\u00e1ros\u00e9p\u00edt\u0151 j\u00e1t\u00e9k, amely egy m\u00e1gi\u00e1val \u00e9s csod\u00e1latos l\u00e9nyekkel teli mesevil\u00e1gban j\u00e1tsz\u00f3dik. \u00c9p\u00edtsd ki a telep\u00fcl\u00e9sedet, alak\u00edts ki kapcsolatokat a szomsz\u00e9daiddal, \u00e9s v\u00e9dd meg a kir\u00e1lys\u00e1godat a m\u00e1gikus fenyeget\u00e9sekkel szemben. A c\u00e9lod nem csak az, hogy vir\u00e1gz\u00f3 v\u00e1rost hozz l\u00e9tre, hanem az is, hogy megtal\u00e1ld az igaz szerelmet, \u00e9s \u00f6r\u00f6kk\u00e9 tart\u00f3 boldog \u00e9letet \u00e9lj! \ud83c\udf0d Glob\u00e1lis \u2699\ufe0f Steam \ud83d\udddd Digit\u00e1lis kulcs","breadcrumb":{"@id":"https:\/\/prismagamers.com\/hu\/produkt\/fabledom-2\/#breadcrumb"},"inLanguage":"hu","potentialAction":[{"@type":"ReadAction","target":["https:\/\/prismagamers.com\/hu\/produkt\/fabledom-2\/"]}]},{"@type":"ImageObject","inLanguage":"hu","@id":"https:\/\/prismagamers.com\/hu\/produkt\/fabledom-2\/#primaryimage","url":"https:\/\/prismagamers.com\/wp-content\/uploads\/2025\/03\/library_600x900_2x-5-e1741629918556.jpg","contentUrl":"https:\/\/prismagamers.com\/wp-content\/uploads\/2025\/03\/library_600x900_2x-5-e1741629918556.jpg","width":600,"height":900,"caption":"Fabledom bor\u00edt\u00f3"},{"@type":"BreadcrumbList","@id":"https:\/\/prismagamers.com\/hu\/produkt\/fabledom-2\/#breadcrumb","itemListElement":[{"@type":"ListItem","position":1,"name":"Strona g\u0142\u00f3wna","item":"https:\/\/prismagamers.com\/hu\/prismagamers\/"},{"@type":"ListItem","position":2,"name":"Shop","item":"https:\/\/prismagamers.com\/hu\/shop\/"},{"@type":"ListItem","position":3,"name":"Fabledom"}]},{"@type":"WebSite","@id":"https:\/\/prismagamers.com\/hu\/#website","url":"https:\/\/prismagamers.com\/hu\/","name":"Prismagamers","description":"Sklep z grami PC I Sklep klucze Steam","publisher":{"@id":"https:\/\/prismagamers.com\/hu\/#organization"},"potentialAction":[{"@type":"SearchAction","target":{"@type":"EntryPoint","urlTemplate":"https:\/\/prismagamers.com\/hu\/?s={search_term_string}"},"query-input":{"@type":"PropertyValueSpecification","valueRequired":true,"valueName":"search_term_string"}}],"inLanguage":"hu"},{"@type":"Organization","@id":"https:\/\/prismagamers.com\/hu\/#organization","name":"Prismagamers","url":"https:\/\/prismagamers.com\/hu\/","logo":{"@type":"ImageObject","inLanguage":"hu","@id":"https:\/\/prismagamers.com\/hu\/#\/schema\/logo\/image\/","url":"https:\/\/prismagamers.com\/wp-content\/uploads\/2022\/04\/cropped-logo-Prismagamers-01-scaled-1.jpg","contentUrl":"https:\/\/prismagamers.com\/wp-content\/uploads\/2022\/04\/cropped-logo-Prismagamers-01-scaled-1.jpg","width":512,"height":512,"caption":"Prismagamers"},"image":{"@id":"https:\/\/prismagamers.com\/hu\/#\/schema\/logo\/image\/"},"sameAs":["https:\/\/www.facebook.com\/prismagamers","https:\/\/www.instagram.com\/prismagamers_grycyfrowe\/"],"description":"Prismagamers.com to dynamiczny sklep z grami cyfrowymi, stworzony z my\u015bl\u0105 o entuzjastach gier wideo. Nasza strona oferuje szerok\u0105 gam\u0119 gier komputerowych, w tym najnowsze tytu\u0142y, dobrze znane klasyki oraz gry stworzone przez niezale\u017cne studia Ca\u0142y czas d\u0105\u017cymy do rozszerzenia naszej oferty. Do\u0142\u0105cz do nas i sta\u0144 si\u0119 cz\u0119\u015bci\u0105 naszej rosn\u0105cej spo\u0142eczno\u015bci graczy!","email":"shop@prismagamers.com","telephone":"48795541705","legalName":"East Caravan Maksym \u017bukow","foundingDate":"2012-05-10","vatID":"PL8943038612","taxID":"PL8943038612","numberOfEmployees":{"@type":"QuantitativeValue","minValue":"11","maxValue":"50"}}]}},"_links":{"self":[{"href":"https:\/\/prismagamers.com\/hu\/wp-json\/wp\/v2\/product\/34747","targetHints":{"allow":["GET"]}}],"collection":[{"href":"https:\/\/prismagamers.com\/hu\/wp-json\/wp\/v2\/product"}],"about":[{"href":"https:\/\/prismagamers.com\/hu\/wp-json\/wp\/v2\/types\/product"}],"wp:featuredmedia":[{"embeddable":true,"href":"https:\/\/prismagamers.com\/hu\/wp-json\/wp\/v2\/media\/34746"}],"wp:attachment":[{"href":"https:\/\/prismagamers.com\/hu\/wp-json\/wp\/v2\/media?parent=34747"}],"wp:term":[{"taxonomy":"product_brand","embeddable":true,"href":"https:\/\/prismagamers.com\/hu\/wp-json\/wp\/v2\/product_brand?post=34747"},{"taxonomy":"product_cat","embeddable":true,"href":"https:\/\/prismagamers.com\/hu\/wp-json\/wp\/v2\/product_cat?post=34747"},{"taxonomy":"product_tag","embeddable":true,"href":"https:\/\/prismagamers.com\/hu\/wp-json\/wp\/v2\/product_tag?post=34747"}],"curies":[{"name":"wp","href":"https:\/\/api.w.org\/{rel}","templated":true}]}}