{"id":34757,"date":"2025-03-10T19:33:24","date_gmt":"2025-03-10T18:33:24","guid":{"rendered":"https:\/\/prismagamers.com\/produkt\/az-elfeledett-varos\/"},"modified":"2026-03-05T00:00:55","modified_gmt":"2026-03-04T23:00:55","slug":"az-elfeledett-varos","status":"publish","type":"product","link":"https:\/\/prismagamers.com\/hu\/produkt\/az-elfeledett-varos\/","title":{"rendered":"The Forgotten City"},"content":{"rendered":"<p data-start=\"0\" data-end=\"485\"><strong data-start=\"0\" data-end=\"22\">A The Forgotten City<\/strong> egy felfedez\u00e9sen \u00e9s k\u00f6vetkeztet\u00e9sen alapul\u00f3, rejt\u00e9lyekkel teli kalandj\u00e1t\u00e9k, amely egy n\u00e9pszer\u0171 modon alapul, amelyet a <strong data-start=\"151\" data-end=\"168\">Writers Guild<\/strong> d\u00edjazott \u00e9s t\u00f6bb mint 3 milli\u00f3szor t\u00f6lt\u00f6ttek le. A j\u00e1t\u00e9k az id\u0151hurok, a neh\u00e9z erk\u00f6lcsi d\u00f6nt\u00e9sek \u00e9s a sz\u00ednes karakterekkel val\u00f3 interakci\u00f3 egyed\u00fcl\u00e1ll\u00f3 kombin\u00e1ci\u00f3j\u00e1t k\u00edn\u00e1lja, akiknek t\u00f6rt\u00e9nete egy nem line\u00e1ris rejtv\u00e9nyben fon\u00f3dik \u00f6ssze. <strong data-start=\"367\" data-end=\"389\">A The Forgotten City<\/strong> egy kalandj\u00e1t\u00e9k, ahol minden d\u00f6nt\u00e9s sz\u00e1m\u00edt, \u00e9s a v\u00e1ros sorsa a te d\u00f6nt\u00e9seidt\u0151l f\u00fcgg.<\/p>\n<h3 data-start=\"487\" data-end=\"510\">A j\u00e1t\u00e9k f\u0151bb jellemz\u0151i:<\/h3>\n<ul data-start=\"512\" data-end=\"1300\">\n<li data-start=\"512\" data-end=\"646\">Egy <strong data-start=\"514\" data-end=\"546\">nyitott vil\u00e1g felfedez\u00e9se<\/strong> egy \u00f3kori r\u00f3mai v\u00e1rosban, a m\u0171v\u00e9szet, az \u00e9p\u00edt\u00e9szet \u00e9s a szok\u00e1sok h\u0171en reproduk\u00e1lva.<\/li>\n<li data-start=\"647\" data-end=\"760\"><strong data-start=\"649\" data-end=\"686\">Nem line\u00e1ris rejtv\u00e9ny megold\u00e1sa<\/strong> &#8211; K\u00f6vesd a nyomokat, \u00e9s oldd meg a rejt\u00e9lyt, amelyet t\u00f6bbf\u00e9lek\u00e9ppen lehet megfejteni.<\/li>\n<li data-start=\"761\" data-end=\"894\"><strong data-start=\"763\" data-end=\"790\">Karakterek k\u00f6z\u00f6tti interakci\u00f3k<\/strong> &#8211; Besz\u00e9lgess r\u00e9szletes karakterekkel, akikkel m\u00e9lyrehat\u00f3 besz\u00e9lget\u00e9seket folytathatsz.<\/li>\n<li data-start=\"895\" data-end=\"1035\"><strong data-start=\"897\" data-end=\"917\">Erk\u00f6lcsi dilemm\u00e1k<\/strong> &#8211; Minden d\u00f6nt\u00e9s megv\u00e1ltoztathatja egy karakter \u00e9s egy eg\u00e9sz v\u00e1ros sors\u00e1t, neh\u00e9z d\u00f6nt\u00e9sekkel kell szemben\u00e9zned, amelyek befoly\u00e1solj\u00e1k a j\u00f6v\u0151t.<\/li>\n<li data-start=\"1036\" data-end=\"1138\"><strong data-start=\"1038\" data-end=\"1062\">Karakter testreszab\u00e1s<\/strong> &#8211; J\u00e1tszd azt, akit akarsz, kiv\u00e1lasztva a karaktered nem\u00e9t, h\u00e1tter\u00e9t \u00e9s t\u00f6rt\u00e9net\u00e9t.<\/li>\n<li data-start=\"1139\" data-end=\"1300\"><strong data-start=\"1141\" data-end=\"1181\">K\u00fcl\u00f6nb\u00f6z\u0151 probl\u00e9mamegold\u00f3 m\u00f3dszerek<\/strong> &#8211; Haszn\u00e1ld az \u00e9sz\u00e9rveket, a szem\u00e9lyes b\u00e1jt, a megveszteget\u00e9st, a megf\u00e9leml\u00edt\u00e9st, az er\u0151szakot vagy az id\u0151 manipul\u00e1l\u00e1s\u00e1t a rejtv\u00e9nyek megold\u00e1s\u00e1hoz.<\/li>\n<\/ul>\n","protected":false},"excerpt":{"rendered":"<p class=\"ai-optimize-23\"><strong data-start=\"0\" data-end=\"22\" data-is-only-node=\"\">A The Forgotten City<\/strong> 2000 \u00e9vet visz a m\u00faltba, a r\u00f3maiak el\u00e1tkozott v\u00e1ros\u00e1nak buk\u00e1s\u00e1nak idej\u00e9be, ahol mindenki meghal, ha egy ember v\u00e9tkezik. Fejtsd meg az \u0151si v\u00e1ros sz\u00edv\u00e9ben l\u00e9v\u0151 v\u00e9gzet rejt\u00e9ly\u00e9t egy id\u0151hurok seg\u00edts\u00e9g\u00e9vel, nyomozz a lakosok ut\u00e1n, fedezd fel a v\u00e1rost \u00e9s oldj meg \u00f6sszetett rejtv\u00e9nyeket. D\u00f6nt\u00e9seid kulcsfontoss\u00e1g\u00faak &#8211; a v\u00e1ros sorsa rajtad m\u00falik.<\/p>\n<p class=\"ai-optimize-24\">\ud83c\udf0d Glob\u00e1lis<br \/>\n\u2699\ufe0f Steam<br \/>\n\ud83d\udddd Digit\u00e1lis kulcs<\/p>\n","protected":false},"featured_media":34756,"template":"","meta":{"_acf_changed":false,"site-sidebar-layout":"default","site-content-layout":"","ast-site-content-layout":"default","site-content-style":"default","site-sidebar-style":"default","ast-global-header-display":"","ast-banner-title-visibility":"","ast-main-header-display":"","ast-hfb-above-header-display":"","ast-hfb-below-header-display":"","ast-hfb-mobile-header-display":"","site-post-title":"","ast-breadcrumbs-content":"","ast-featured-img":"","footer-sml-layout":"","ast-disable-related-posts":"","theme-transparent-header-meta":"default","adv-header-id-meta":"","stick-header-meta":"","header-above-stick-meta":"","header-main-stick-meta":"","header-below-stick-meta":"","astra-migrate-meta-layouts":"set","ast-page-background-enabled":"default","ast-page-background-meta":{"desktop":{"background-color":"var(--ast-global-color-4)","background-image":"","background-repeat":"repeat","background-position":"center center","background-size":"auto","background-attachment":"scroll","background-type":"","background-media":"","overlay-type":"","overlay-color":"","overlay-opacity":"","overlay-gradient":""},"tablet":{"background-color":"","background-image":"","background-repeat":"repeat","background-position":"center center","background-size":"auto","background-attachment":"scroll","background-type":"","background-media":"","overlay-type":"","overlay-color":"","overlay-opacity":"","overlay-gradient":""},"mobile":{"background-color":"","background-image":"","background-repeat":"repeat","background-position":"center center","background-size":"auto","background-attachment":"scroll","background-type":"","background-media":"","overlay-type":"","overlay-color":"","overlay-opacity":"","overlay-gradient":""}},"ast-content-background-meta":{"desktop":{"background-color":"var(--ast-global-color-5)","background-image":"","background-repeat":"repeat","background-position":"center center","background-size":"auto","background-attachment":"scroll","background-type":"","background-media":"","overlay-type":"","overlay-color":"","overlay-opacity":"","overlay-gradient":""},"tablet":{"background-color":"var(--ast-global-color-5)","background-image":"","background-repeat":"repeat","background-position":"center center","background-size":"auto","background-attachment":"scroll","background-type":"","background-media":"","overlay-type":"","overlay-color":"","overlay-opacity":"","overlay-gradient":""},"mobile":{"background-color":"var(--ast-global-color-5)","background-image":"","background-repeat":"repeat","background-position":"center center","background-size":"auto","background-attachment":"scroll","background-type":"","background-media":"","overlay-type":"","overlay-color":"","overlay-opacity":"","overlay-gradient":""}}},"product_brand":[],"product_cat":[369,365,363,384,364],"product_tag":[542],"class_list":{"0":"post-34757","1":"product","2":"type-product","3":"status-publish","4":"has-post-thumbnail","6":"product_cat-csarnokok","7":"product_cat-goz","8":"product_cat-kaland-jatekok","9":"product_cat-kedves-falusiak","10":"product_cat-rpg-k","11":"product_tag-pid_04-hu","12":"desktop-align-left","13":"tablet-align-left","14":"mobile-align-left","16":"first","17":"instock","18":"virtual","19":"purchasable","20":"product-type-simple"},"acf":[],"yoast_head":"<!-- This site is optimized with the Yoast SEO Premium plugin v27.4 (Yoast SEO v27.4) - https:\/\/yoast.com\/product\/yoast-seo-premium-wordpress\/ -->\n<title>The Forgotten City - Prismagamers.com<\/title>\n<meta name=\"description\" content=\"A The Forgotten City 2000 \u00e9vet visz a m\u00faltba, a r\u00f3maiak el\u00e1tkozott v\u00e1ros\u00e1nak buk\u00e1s\u00e1nak idej\u00e9be, ahol mindenki meghal, ha egy ember v\u00e9tkezik. Fejtsd meg az \u0151si v\u00e1ros sz\u00edv\u00e9ben l\u00e9v\u0151 v\u00e9gzet rejt\u00e9ly\u00e9t egy id\u0151hurok seg\u00edts\u00e9g\u00e9vel, nyomozz a lakosok ut\u00e1n, fedezd fel a v\u00e1rost \u00e9s oldj meg \u00f6sszetett rejtv\u00e9nyeket. D\u00f6nt\u00e9seid kulcsfontoss\u00e1g\u00faak - a v\u00e1ros sorsa rajtad m\u00falik. \ud83c\udf0d Glob\u00e1lis \u2699\ufe0f Steam \ud83d\udddd Digit\u00e1lis kulcs\" \/>\n<meta name=\"robots\" content=\"index, follow, max-snippet:-1, max-image-preview:large, max-video-preview:-1\" \/>\n<link rel=\"canonical\" href=\"https:\/\/prismagamers.com\/hu\/produkt\/az-elfeledett-varos\/\" \/>\n<meta property=\"og:locale\" content=\"hu_HU\" \/>\n<meta property=\"og:type\" content=\"article\" \/>\n<meta property=\"og:title\" content=\"The Forgotten City\" \/>\n<meta property=\"og:description\" content=\"A The Forgotten City 2000 \u00e9vet visz a m\u00faltba, a r\u00f3maiak el\u00e1tkozott v\u00e1ros\u00e1nak buk\u00e1s\u00e1nak idej\u00e9be, ahol mindenki meghal, ha egy ember v\u00e9tkezik. Fejtsd meg az \u0151si v\u00e1ros sz\u00edv\u00e9ben l\u00e9v\u0151 v\u00e9gzet rejt\u00e9ly\u00e9t egy id\u0151hurok seg\u00edts\u00e9g\u00e9vel, nyomozz a lakosok ut\u00e1n, fedezd fel a v\u00e1rost \u00e9s oldj meg \u00f6sszetett rejtv\u00e9nyeket. D\u00f6nt\u00e9seid kulcsfontoss\u00e1g\u00faak - a v\u00e1ros sorsa rajtad m\u00falik. \ud83c\udf0d Glob\u00e1lis \u2699\ufe0f Steam \ud83d\udddd Digit\u00e1lis kulcs\" \/>\n<meta property=\"og:url\" content=\"https:\/\/prismagamers.com\/hu\/produkt\/az-elfeledett-varos\/\" \/>\n<meta property=\"og:site_name\" content=\"Prismagamers.com\" \/>\n<meta property=\"article:publisher\" content=\"https:\/\/www.facebook.com\/prismagamers\" \/>\n<meta property=\"article:modified_time\" content=\"2026-03-04T23:00:55+00:00\" \/>\n<meta property=\"og:image\" content=\"https:\/\/prismagamers.com\/wp-content\/uploads\/2025\/03\/boxshot-e1741631580164.png\" \/>\n\t<meta property=\"og:image:width\" content=\"600\" \/>\n\t<meta property=\"og:image:height\" content=\"900\" \/>\n\t<meta property=\"og:image:type\" content=\"image\/png\" \/>\n<meta name=\"twitter:card\" content=\"summary_large_image\" \/>\n<meta name=\"twitter:label1\" content=\"Becs\u00fclt olvas\u00e1si id\u0151\" \/>\n\t<meta name=\"twitter:data1\" content=\"2 perc\" \/>\n<script type=\"application\/ld+json\" class=\"yoast-schema-graph\">{\"@context\":\"https:\\\/\\\/schema.org\",\"@graph\":[{\"@type\":\"WebPage\",\"@id\":\"https:\\\/\\\/prismagamers.com\\\/hu\\\/produkt\\\/az-elfeledett-varos\\\/\",\"url\":\"https:\\\/\\\/prismagamers.com\\\/hu\\\/produkt\\\/az-elfeledett-varos\\\/\",\"name\":\"The Forgotten City - Prismagamers.com\",\"isPartOf\":{\"@id\":\"https:\\\/\\\/prismagamers.com\\\/hu\\\/#website\"},\"primaryImageOfPage\":{\"@id\":\"https:\\\/\\\/prismagamers.com\\\/hu\\\/produkt\\\/az-elfeledett-varos\\\/#primaryimage\"},\"image\":{\"@id\":\"https:\\\/\\\/prismagamers.com\\\/hu\\\/produkt\\\/az-elfeledett-varos\\\/#primaryimage\"},\"thumbnailUrl\":\"https:\\\/\\\/prismagamers.com\\\/wp-content\\\/uploads\\\/2025\\\/03\\\/boxshot-e1741631580164.png\",\"datePublished\":\"2025-03-10T18:33:24+00:00\",\"dateModified\":\"2026-03-04T23:00:55+00:00\",\"description\":\"A The Forgotten City 2000 \u00e9vet visz a m\u00faltba, a r\u00f3maiak el\u00e1tkozott v\u00e1ros\u00e1nak buk\u00e1s\u00e1nak idej\u00e9be, ahol mindenki meghal, ha egy ember v\u00e9tkezik. Fejtsd meg az \u0151si v\u00e1ros sz\u00edv\u00e9ben l\u00e9v\u0151 v\u00e9gzet rejt\u00e9ly\u00e9t egy id\u0151hurok seg\u00edts\u00e9g\u00e9vel, nyomozz a lakosok ut\u00e1n, fedezd fel a v\u00e1rost \u00e9s oldj meg \u00f6sszetett rejtv\u00e9nyeket. D\u00f6nt\u00e9seid kulcsfontoss\u00e1g\u00faak - a v\u00e1ros sorsa rajtad m\u00falik. \ud83c\udf0d Glob\u00e1lis \u2699\ufe0f Steam \ud83d\udddd Digit\u00e1lis kulcs\",\"breadcrumb\":{\"@id\":\"https:\\\/\\\/prismagamers.com\\\/hu\\\/produkt\\\/az-elfeledett-varos\\\/#breadcrumb\"},\"inLanguage\":\"hu\",\"potentialAction\":[{\"@type\":\"ReadAction\",\"target\":[\"https:\\\/\\\/prismagamers.com\\\/hu\\\/produkt\\\/az-elfeledett-varos\\\/\"]}]},{\"@type\":\"ImageObject\",\"inLanguage\":\"hu\",\"@id\":\"https:\\\/\\\/prismagamers.com\\\/hu\\\/produkt\\\/az-elfeledett-varos\\\/#primaryimage\",\"url\":\"https:\\\/\\\/prismagamers.com\\\/wp-content\\\/uploads\\\/2025\\\/03\\\/boxshot-e1741631580164.png\",\"contentUrl\":\"https:\\\/\\\/prismagamers.com\\\/wp-content\\\/uploads\\\/2025\\\/03\\\/boxshot-e1741631580164.png\",\"width\":600,\"height\":900,\"caption\":\"the forgotten city cover\"},{\"@type\":\"BreadcrumbList\",\"@id\":\"https:\\\/\\\/prismagamers.com\\\/hu\\\/produkt\\\/az-elfeledett-varos\\\/#breadcrumb\",\"itemListElement\":[{\"@type\":\"ListItem\",\"position\":1,\"name\":\"Strona g\u0142\u00f3wna\",\"item\":\"https:\\\/\\\/prismagamers.com\\\/hu\\\/prismagamers\\\/\"},{\"@type\":\"ListItem\",\"position\":2,\"name\":\"Shop\",\"item\":\"https:\\\/\\\/prismagamers.com\\\/hu\\\/shop\\\/\"},{\"@type\":\"ListItem\",\"position\":3,\"name\":\"The Forgotten City\"}]},{\"@type\":\"WebSite\",\"@id\":\"https:\\\/\\\/prismagamers.com\\\/hu\\\/#website\",\"url\":\"https:\\\/\\\/prismagamers.com\\\/hu\\\/\",\"name\":\"Prismagamers\",\"description\":\"Sklep z grami PC I Sklep klucze Steam\",\"publisher\":{\"@id\":\"https:\\\/\\\/prismagamers.com\\\/hu\\\/#organization\"},\"potentialAction\":[{\"@type\":\"SearchAction\",\"target\":{\"@type\":\"EntryPoint\",\"urlTemplate\":\"https:\\\/\\\/prismagamers.com\\\/hu\\\/?s={search_term_string}\"},\"query-input\":{\"@type\":\"PropertyValueSpecification\",\"valueRequired\":true,\"valueName\":\"search_term_string\"}}],\"inLanguage\":\"hu\"},{\"@type\":\"Organization\",\"@id\":\"https:\\\/\\\/prismagamers.com\\\/hu\\\/#organization\",\"name\":\"Prismagamers\",\"url\":\"https:\\\/\\\/prismagamers.com\\\/hu\\\/\",\"logo\":{\"@type\":\"ImageObject\",\"inLanguage\":\"hu\",\"@id\":\"https:\\\/\\\/prismagamers.com\\\/hu\\\/#\\\/schema\\\/logo\\\/image\\\/\",\"url\":\"https:\\\/\\\/prismagamers.com\\\/wp-content\\\/uploads\\\/2022\\\/04\\\/cropped-logo-Prismagamers-01-scaled-1.jpg\",\"contentUrl\":\"https:\\\/\\\/prismagamers.com\\\/wp-content\\\/uploads\\\/2022\\\/04\\\/cropped-logo-Prismagamers-01-scaled-1.jpg\",\"width\":512,\"height\":512,\"caption\":\"Prismagamers\"},\"image\":{\"@id\":\"https:\\\/\\\/prismagamers.com\\\/hu\\\/#\\\/schema\\\/logo\\\/image\\\/\"},\"sameAs\":[\"https:\\\/\\\/www.facebook.com\\\/prismagamers\",\"https:\\\/\\\/www.instagram.com\\\/prismagamers_grycyfrowe\\\/\"],\"description\":\"Prismagamers.com to dynamiczny sklep z grami cyfrowymi, stworzony z my\u015bl\u0105 o entuzjastach gier wideo. Nasza strona oferuje szerok\u0105 gam\u0119 gier komputerowych, w tym najnowsze tytu\u0142y, dobrze znane klasyki oraz gry stworzone przez niezale\u017cne studia Ca\u0142y czas d\u0105\u017cymy do rozszerzenia naszej oferty. Do\u0142\u0105cz do nas i sta\u0144 si\u0119 cz\u0119\u015bci\u0105 naszej rosn\u0105cej spo\u0142eczno\u015bci graczy!\",\"email\":\"shop@prismagamers.com\",\"telephone\":\"48795541705\",\"legalName\":\"East Caravan Maksym \u017bukow\",\"foundingDate\":\"2012-05-10\",\"vatID\":\"PL8943038612\",\"taxID\":\"PL8943038612\",\"numberOfEmployees\":{\"@type\":\"QuantitativeValue\",\"minValue\":\"11\",\"maxValue\":\"50\"}}]}<\/script>\n<!-- \/ Yoast SEO Premium plugin. -->","yoast_head_json":{"title":"The Forgotten City - Prismagamers.com","description":"A The Forgotten City 2000 \u00e9vet visz a m\u00faltba, a r\u00f3maiak el\u00e1tkozott v\u00e1ros\u00e1nak buk\u00e1s\u00e1nak idej\u00e9be, ahol mindenki meghal, ha egy ember v\u00e9tkezik. Fejtsd meg az \u0151si v\u00e1ros sz\u00edv\u00e9ben l\u00e9v\u0151 v\u00e9gzet rejt\u00e9ly\u00e9t egy id\u0151hurok seg\u00edts\u00e9g\u00e9vel, nyomozz a lakosok ut\u00e1n, fedezd fel a v\u00e1rost \u00e9s oldj meg \u00f6sszetett rejtv\u00e9nyeket. D\u00f6nt\u00e9seid kulcsfontoss\u00e1g\u00faak - a v\u00e1ros sorsa rajtad m\u00falik. \ud83c\udf0d Glob\u00e1lis \u2699\ufe0f Steam \ud83d\udddd Digit\u00e1lis kulcs","robots":{"index":"index","follow":"follow","max-snippet":"max-snippet:-1","max-image-preview":"max-image-preview:large","max-video-preview":"max-video-preview:-1"},"canonical":"https:\/\/prismagamers.com\/hu\/produkt\/az-elfeledett-varos\/","og_locale":"hu_HU","og_type":"article","og_title":"The Forgotten City","og_description":"A The Forgotten City 2000 \u00e9vet visz a m\u00faltba, a r\u00f3maiak el\u00e1tkozott v\u00e1ros\u00e1nak buk\u00e1s\u00e1nak idej\u00e9be, ahol mindenki meghal, ha egy ember v\u00e9tkezik. Fejtsd meg az \u0151si v\u00e1ros sz\u00edv\u00e9ben l\u00e9v\u0151 v\u00e9gzet rejt\u00e9ly\u00e9t egy id\u0151hurok seg\u00edts\u00e9g\u00e9vel, nyomozz a lakosok ut\u00e1n, fedezd fel a v\u00e1rost \u00e9s oldj meg \u00f6sszetett rejtv\u00e9nyeket. D\u00f6nt\u00e9seid kulcsfontoss\u00e1g\u00faak - a v\u00e1ros sorsa rajtad m\u00falik. \ud83c\udf0d Glob\u00e1lis \u2699\ufe0f Steam \ud83d\udddd Digit\u00e1lis kulcs","og_url":"https:\/\/prismagamers.com\/hu\/produkt\/az-elfeledett-varos\/","og_site_name":"Prismagamers.com","article_publisher":"https:\/\/www.facebook.com\/prismagamers","article_modified_time":"2026-03-04T23:00:55+00:00","og_image":[{"width":600,"height":900,"url":"https:\/\/prismagamers.com\/wp-content\/uploads\/2025\/03\/boxshot-e1741631580164.png","type":"image\/png"}],"twitter_card":"summary_large_image","twitter_misc":{"Becs\u00fclt olvas\u00e1si id\u0151":"2 perc"},"schema":{"@context":"https:\/\/schema.org","@graph":[{"@type":"WebPage","@id":"https:\/\/prismagamers.com\/hu\/produkt\/az-elfeledett-varos\/","url":"https:\/\/prismagamers.com\/hu\/produkt\/az-elfeledett-varos\/","name":"The Forgotten City - Prismagamers.com","isPartOf":{"@id":"https:\/\/prismagamers.com\/hu\/#website"},"primaryImageOfPage":{"@id":"https:\/\/prismagamers.com\/hu\/produkt\/az-elfeledett-varos\/#primaryimage"},"image":{"@id":"https:\/\/prismagamers.com\/hu\/produkt\/az-elfeledett-varos\/#primaryimage"},"thumbnailUrl":"https:\/\/prismagamers.com\/wp-content\/uploads\/2025\/03\/boxshot-e1741631580164.png","datePublished":"2025-03-10T18:33:24+00:00","dateModified":"2026-03-04T23:00:55+00:00","description":"A The Forgotten City 2000 \u00e9vet visz a m\u00faltba, a r\u00f3maiak el\u00e1tkozott v\u00e1ros\u00e1nak buk\u00e1s\u00e1nak idej\u00e9be, ahol mindenki meghal, ha egy ember v\u00e9tkezik. Fejtsd meg az \u0151si v\u00e1ros sz\u00edv\u00e9ben l\u00e9v\u0151 v\u00e9gzet rejt\u00e9ly\u00e9t egy id\u0151hurok seg\u00edts\u00e9g\u00e9vel, nyomozz a lakosok ut\u00e1n, fedezd fel a v\u00e1rost \u00e9s oldj meg \u00f6sszetett rejtv\u00e9nyeket. D\u00f6nt\u00e9seid kulcsfontoss\u00e1g\u00faak - a v\u00e1ros sorsa rajtad m\u00falik. \ud83c\udf0d Glob\u00e1lis \u2699\ufe0f Steam \ud83d\udddd Digit\u00e1lis kulcs","breadcrumb":{"@id":"https:\/\/prismagamers.com\/hu\/produkt\/az-elfeledett-varos\/#breadcrumb"},"inLanguage":"hu","potentialAction":[{"@type":"ReadAction","target":["https:\/\/prismagamers.com\/hu\/produkt\/az-elfeledett-varos\/"]}]},{"@type":"ImageObject","inLanguage":"hu","@id":"https:\/\/prismagamers.com\/hu\/produkt\/az-elfeledett-varos\/#primaryimage","url":"https:\/\/prismagamers.com\/wp-content\/uploads\/2025\/03\/boxshot-e1741631580164.png","contentUrl":"https:\/\/prismagamers.com\/wp-content\/uploads\/2025\/03\/boxshot-e1741631580164.png","width":600,"height":900,"caption":"the forgotten city cover"},{"@type":"BreadcrumbList","@id":"https:\/\/prismagamers.com\/hu\/produkt\/az-elfeledett-varos\/#breadcrumb","itemListElement":[{"@type":"ListItem","position":1,"name":"Strona g\u0142\u00f3wna","item":"https:\/\/prismagamers.com\/hu\/prismagamers\/"},{"@type":"ListItem","position":2,"name":"Shop","item":"https:\/\/prismagamers.com\/hu\/shop\/"},{"@type":"ListItem","position":3,"name":"The Forgotten City"}]},{"@type":"WebSite","@id":"https:\/\/prismagamers.com\/hu\/#website","url":"https:\/\/prismagamers.com\/hu\/","name":"Prismagamers","description":"Sklep z grami PC I Sklep klucze Steam","publisher":{"@id":"https:\/\/prismagamers.com\/hu\/#organization"},"potentialAction":[{"@type":"SearchAction","target":{"@type":"EntryPoint","urlTemplate":"https:\/\/prismagamers.com\/hu\/?s={search_term_string}"},"query-input":{"@type":"PropertyValueSpecification","valueRequired":true,"valueName":"search_term_string"}}],"inLanguage":"hu"},{"@type":"Organization","@id":"https:\/\/prismagamers.com\/hu\/#organization","name":"Prismagamers","url":"https:\/\/prismagamers.com\/hu\/","logo":{"@type":"ImageObject","inLanguage":"hu","@id":"https:\/\/prismagamers.com\/hu\/#\/schema\/logo\/image\/","url":"https:\/\/prismagamers.com\/wp-content\/uploads\/2022\/04\/cropped-logo-Prismagamers-01-scaled-1.jpg","contentUrl":"https:\/\/prismagamers.com\/wp-content\/uploads\/2022\/04\/cropped-logo-Prismagamers-01-scaled-1.jpg","width":512,"height":512,"caption":"Prismagamers"},"image":{"@id":"https:\/\/prismagamers.com\/hu\/#\/schema\/logo\/image\/"},"sameAs":["https:\/\/www.facebook.com\/prismagamers","https:\/\/www.instagram.com\/prismagamers_grycyfrowe\/"],"description":"Prismagamers.com to dynamiczny sklep z grami cyfrowymi, stworzony z my\u015bl\u0105 o entuzjastach gier wideo. Nasza strona oferuje szerok\u0105 gam\u0119 gier komputerowych, w tym najnowsze tytu\u0142y, dobrze znane klasyki oraz gry stworzone przez niezale\u017cne studia Ca\u0142y czas d\u0105\u017cymy do rozszerzenia naszej oferty. Do\u0142\u0105cz do nas i sta\u0144 si\u0119 cz\u0119\u015bci\u0105 naszej rosn\u0105cej spo\u0142eczno\u015bci graczy!","email":"shop@prismagamers.com","telephone":"48795541705","legalName":"East Caravan Maksym \u017bukow","foundingDate":"2012-05-10","vatID":"PL8943038612","taxID":"PL8943038612","numberOfEmployees":{"@type":"QuantitativeValue","minValue":"11","maxValue":"50"}}]}},"_links":{"self":[{"href":"https:\/\/prismagamers.com\/hu\/wp-json\/wp\/v2\/product\/34757","targetHints":{"allow":["GET"]}}],"collection":[{"href":"https:\/\/prismagamers.com\/hu\/wp-json\/wp\/v2\/product"}],"about":[{"href":"https:\/\/prismagamers.com\/hu\/wp-json\/wp\/v2\/types\/product"}],"wp:featuredmedia":[{"embeddable":true,"href":"https:\/\/prismagamers.com\/hu\/wp-json\/wp\/v2\/media\/34756"}],"wp:attachment":[{"href":"https:\/\/prismagamers.com\/hu\/wp-json\/wp\/v2\/media?parent=34757"}],"wp:term":[{"taxonomy":"product_brand","embeddable":true,"href":"https:\/\/prismagamers.com\/hu\/wp-json\/wp\/v2\/product_brand?post=34757"},{"taxonomy":"product_cat","embeddable":true,"href":"https:\/\/prismagamers.com\/hu\/wp-json\/wp\/v2\/product_cat?post=34757"},{"taxonomy":"product_tag","embeddable":true,"href":"https:\/\/prismagamers.com\/hu\/wp-json\/wp\/v2\/product_tag?post=34757"}],"curies":[{"name":"wp","href":"https:\/\/api.w.org\/{rel}","templated":true}]}}