{"id":34759,"date":"2025-03-10T20:00:51","date_gmt":"2025-03-10T19:00:51","guid":{"rendered":"https:\/\/prismagamers.com\/produkt\/the-forgotten-city-gyujtoi-dlc\/"},"modified":"2026-03-05T00:00:34","modified_gmt":"2026-03-04T23:00:34","slug":"the-forgotten-city-gyujtoi-dlc","status":"publish","type":"product","link":"https:\/\/prismagamers.com\/hu\/produkt\/the-forgotten-city-gyujtoi-dlc\/","title":{"rendered":"The Forgotten City &#8211; Collector&#8217;s DLC"},"content":{"rendered":"<p data-start=\"0\" data-end=\"94\">L\u00e9pjen vissza 2000 \u00e9vet a m\u00faltba <strong data-start=\"56\" data-end=\"78\">Az elfeledett v\u00e1ros<\/strong> ezen kieg\u00e9sz\u00edt\u0151j\u00e9vel, amely a k\u00f6vetkez\u0151ket tartalmazza:<\/p>\n<ul data-start=\"96\" data-end=\"376\">\n<li data-start=\"96\" data-end=\"236\"><strong data-start=\"98\" data-end=\"132\">Egy digit\u00e1lis, k\u00e9zzel rajzolt t\u00e9rk\u00e9p<\/strong>, amelyet Francesca Baerald tervezett, \u00e9s amely lehet\u0151v\u00e9 teszi, hogy jobban felfedezze az \u00f3kori v\u00e1ros rejtelmeit.<\/li>\n<li data-start=\"237\" data-end=\"376\"><strong data-start=\"239\" data-end=\"287\">3D-nyomtathat\u00f3 szobor {Sentiusa}<\/strong>, nyomtat\u00e1si \u00fatmutat\u00f3val egy\u00fctt, hogy m\u00e9g k\u00f6zelebb \u00e9rezhesd magad a j\u00e1t\u00e9k vil\u00e1g\u00e1hoz.<\/li>\n<\/ul>\n<p><img decoding=\"async\" class=\"bb_img aligncenter\" src=\"https:\/\/shared.fastly.steamstatic.com\/store_item_assets\/steam\/apps\/1662430\/extras\/FBaerald_ForgottenCityMap_HR_resize_steam.png?t=1627478010\" \/><\/p>\n<p data-start=\"378\" data-end=\"471\" data-is-last-node=\"\" data-is-only-node=\"\">Ez a kieg\u00e9sz\u00edt\u00e9s a t\u00f6rt\u00e9nelem m\u00e9ly\u00e9re vezet, \u00e9s egyed\u00fcl\u00e1ll\u00f3 felfedez\u00e9si \u00e9lm\u00e9nyt ny\u00fajt!<\/p>\n<p data-start=\"378\" data-end=\"471\" data-is-last-node=\"\" data-is-only-node=\"\"><strong>A kieg\u00e9sz\u00edt\u0151h\u00f6z a <a href=\"https:\/\/prismagamers.com\/hu\/produkt\/az-elfeledett-varos\/\">The Forgotten City<\/a> alapverzi\u00f3ja sz\u00fcks\u00e9ges.<\/strong><\/p>\n","protected":false},"excerpt":{"rendered":"<p><strong data-start=\"0\" data-end=\"40\" data-is-only-node=\"\">A The Forgotten City &#8211; Collector&#8217;s DLC<\/strong> egy egyed\u00fcl\u00e1ll\u00f3 kieg\u00e9sz\u00edt\u0151, amely 2000 \u00e9vvel a m\u00faltba rep\u00edti a j\u00e1t\u00e9kosokat, \u00e9s egy digit\u00e1lis, k\u00e9zzel rajzolt t\u00e9rk\u00e9pet k\u00edn\u00e1l az \u0151si v\u00e1rosr\u00f3l, amelyet Francesca Baerald tervezett. Ezen k\u00edv\u00fcl a j\u00e1t\u00e9kosok lehet\u0151s\u00e9get kapnak egy szobor 3D nyomtat\u00e1s\u00e1ra {Sentiusa}, a nyomtat\u00e1si utas\u00edt\u00e1sokkal egy\u00fctt, hogy m\u00e9g m\u00e9lyebben elmer\u00fcljenek a titokzatos, elesett v\u00e1ros hangulat\u00e1ban.<\/p>\n<p>\ud83c\udf0d Glob\u00e1lis<br \/>\n\u2699\ufe0f Steam<br \/>\n\ud83d\udddd Digit\u00e1lis kulcs<\/p>\n","protected":false},"featured_media":34756,"template":"","meta":{"_acf_changed":false,"site-sidebar-layout":"default","site-content-layout":"","ast-site-content-layout":"default","site-content-style":"default","site-sidebar-style":"default","ast-global-header-display":"","ast-banner-title-visibility":"","ast-main-header-display":"","ast-hfb-above-header-display":"","ast-hfb-below-header-display":"","ast-hfb-mobile-header-display":"","site-post-title":"","ast-breadcrumbs-content":"","ast-featured-img":"","footer-sml-layout":"","ast-disable-related-posts":"","theme-transparent-header-meta":"default","adv-header-id-meta":"","stick-header-meta":"","header-above-stick-meta":"","header-main-stick-meta":"","header-below-stick-meta":"","astra-migrate-meta-layouts":"set","ast-page-background-enabled":"default","ast-page-background-meta":{"desktop":{"background-color":"var(--ast-global-color-4)","background-image":"","background-repeat":"repeat","background-position":"center center","background-size":"auto","background-attachment":"scroll","background-type":"","background-media":"","overlay-type":"","overlay-color":"","overlay-opacity":"","overlay-gradient":""},"tablet":{"background-color":"","background-image":"","background-repeat":"repeat","background-position":"center center","background-size":"auto","background-attachment":"scroll","background-type":"","background-media":"","overlay-type":"","overlay-color":"","overlay-opacity":"","overlay-gradient":""},"mobile":{"background-color":"","background-image":"","background-repeat":"repeat","background-position":"center center","background-size":"auto","background-attachment":"scroll","background-type":"","background-media":"","overlay-type":"","overlay-color":"","overlay-opacity":"","overlay-gradient":""}},"ast-content-background-meta":{"desktop":{"background-color":"var(--ast-global-color-5)","background-image":"","background-repeat":"repeat","background-position":"center center","background-size":"auto","background-attachment":"scroll","background-type":"","background-media":"","overlay-type":"","overlay-color":"","overlay-opacity":"","overlay-gradient":""},"tablet":{"background-color":"var(--ast-global-color-5)","background-image":"","background-repeat":"repeat","background-position":"center center","background-size":"auto","background-attachment":"scroll","background-type":"","background-media":"","overlay-type":"","overlay-color":"","overlay-opacity":"","overlay-gradient":""},"mobile":{"background-color":"var(--ast-global-color-5)","background-image":"","background-repeat":"repeat","background-position":"center center","background-size":"auto","background-attachment":"scroll","background-type":"","background-media":"","overlay-type":"","overlay-color":"","overlay-opacity":"","overlay-gradient":""}}},"product_brand":[],"product_cat":[369,368,365,372,384,364],"product_tag":[542],"class_list":{"0":"post-34759","1":"product","2":"type-product","3":"status-publish","4":"has-post-thumbnail","6":"product_cat-csarnokok","7":"product_cat-dlc-hu","8":"product_cat-goz","9":"product_cat-jatekok-szimulatorok","10":"product_cat-kedves-falusiak","11":"product_cat-rpg-k","12":"product_tag-pid_04-hu","13":"desktop-align-left","14":"tablet-align-left","15":"mobile-align-left","17":"first","18":"instock","19":"virtual","20":"purchasable","21":"product-type-simple"},"acf":[],"yoast_head":"<!-- This site is optimized with the Yoast SEO Premium plugin v27.4 (Yoast SEO v27.4) - https:\/\/yoast.com\/product\/yoast-seo-premium-wordpress\/ -->\n<title>The Forgotten City - Collector&#039;s DLC - Prismagamers.com<\/title>\n<meta name=\"description\" content=\"A The Forgotten City - Collector&#039;s DLC egy egyed\u00fcl\u00e1ll\u00f3 kieg\u00e9sz\u00edt\u0151, amely 2000 \u00e9vvel a m\u00faltba rep\u00edti a j\u00e1t\u00e9kosokat, \u00e9s egy digit\u00e1lis, k\u00e9zzel rajzolt t\u00e9rk\u00e9pet k\u00edn\u00e1l az \u0151si v\u00e1rosr\u00f3l, amelyet Francesca Baerald tervezett. Ezen k\u00edv\u00fcl a j\u00e1t\u00e9kosok lehet\u0151s\u00e9get kapnak egy szobor 3D nyomtat\u00e1s\u00e1ra {Sentiusa}, a nyomtat\u00e1si utas\u00edt\u00e1sokkal egy\u00fctt, hogy m\u00e9g m\u00e9lyebben elmer\u00fcljenek a titokzatos, elesett v\u00e1ros hangulat\u00e1ban.  \ud83c\udf0d Glob\u00e1lis \u2699\ufe0f Steam \ud83d\udddd Digit\u00e1lis kulcs\" \/>\n<meta name=\"robots\" content=\"index, follow, max-snippet:-1, max-image-preview:large, max-video-preview:-1\" \/>\n<link rel=\"canonical\" href=\"https:\/\/prismagamers.com\/hu\/produkt\/the-forgotten-city-gyujtoi-dlc\/\" \/>\n<meta property=\"og:locale\" content=\"hu_HU\" \/>\n<meta property=\"og:type\" content=\"article\" \/>\n<meta property=\"og:title\" content=\"The Forgotten City - Collector&#039;s DLC\" \/>\n<meta property=\"og:description\" content=\"A The Forgotten City - Collector&#039;s DLC egy egyed\u00fcl\u00e1ll\u00f3 kieg\u00e9sz\u00edt\u0151, amely 2000 \u00e9vvel a m\u00faltba rep\u00edti a j\u00e1t\u00e9kosokat, \u00e9s egy digit\u00e1lis, k\u00e9zzel rajzolt t\u00e9rk\u00e9pet k\u00edn\u00e1l az \u0151si v\u00e1rosr\u00f3l, amelyet Francesca Baerald tervezett. Ezen k\u00edv\u00fcl a j\u00e1t\u00e9kosok lehet\u0151s\u00e9get kapnak egy szobor 3D nyomtat\u00e1s\u00e1ra {Sentiusa}, a nyomtat\u00e1si utas\u00edt\u00e1sokkal egy\u00fctt, hogy m\u00e9g m\u00e9lyebben elmer\u00fcljenek a titokzatos, elesett v\u00e1ros hangulat\u00e1ban.  \ud83c\udf0d Glob\u00e1lis \u2699\ufe0f Steam \ud83d\udddd Digit\u00e1lis kulcs\" \/>\n<meta property=\"og:url\" content=\"https:\/\/prismagamers.com\/hu\/produkt\/the-forgotten-city-gyujtoi-dlc\/\" \/>\n<meta property=\"og:site_name\" content=\"Prismagamers.com\" \/>\n<meta property=\"article:publisher\" content=\"https:\/\/www.facebook.com\/prismagamers\" \/>\n<meta property=\"article:modified_time\" content=\"2026-03-04T23:00:34+00:00\" \/>\n<meta property=\"og:image\" content=\"https:\/\/prismagamers.com\/wp-content\/uploads\/2025\/03\/boxshot-e1741631580164.png\" \/>\n\t<meta property=\"og:image:width\" content=\"600\" \/>\n\t<meta property=\"og:image:height\" content=\"900\" \/>\n\t<meta property=\"og:image:type\" content=\"image\/png\" \/>\n<meta name=\"twitter:card\" content=\"summary_large_image\" \/>\n<meta name=\"twitter:label1\" content=\"Becs\u00fclt olvas\u00e1si id\u0151\" \/>\n\t<meta name=\"twitter:data1\" content=\"1 perc\" \/>\n<script type=\"application\/ld+json\" class=\"yoast-schema-graph\">{\"@context\":\"https:\\\/\\\/schema.org\",\"@graph\":[{\"@type\":\"WebPage\",\"@id\":\"https:\\\/\\\/prismagamers.com\\\/hu\\\/produkt\\\/the-forgotten-city-gyujtoi-dlc\\\/\",\"url\":\"https:\\\/\\\/prismagamers.com\\\/hu\\\/produkt\\\/the-forgotten-city-gyujtoi-dlc\\\/\",\"name\":\"The Forgotten City - Collector's DLC - Prismagamers.com\",\"isPartOf\":{\"@id\":\"https:\\\/\\\/prismagamers.com\\\/hu\\\/#website\"},\"primaryImageOfPage\":{\"@id\":\"https:\\\/\\\/prismagamers.com\\\/hu\\\/produkt\\\/the-forgotten-city-gyujtoi-dlc\\\/#primaryimage\"},\"image\":{\"@id\":\"https:\\\/\\\/prismagamers.com\\\/hu\\\/produkt\\\/the-forgotten-city-gyujtoi-dlc\\\/#primaryimage\"},\"thumbnailUrl\":\"https:\\\/\\\/prismagamers.com\\\/wp-content\\\/uploads\\\/2025\\\/03\\\/boxshot-e1741631580164.png\",\"datePublished\":\"2025-03-10T19:00:51+00:00\",\"dateModified\":\"2026-03-04T23:00:34+00:00\",\"description\":\"A The Forgotten City - Collector's DLC egy egyed\u00fcl\u00e1ll\u00f3 kieg\u00e9sz\u00edt\u0151, amely 2000 \u00e9vvel a m\u00faltba rep\u00edti a j\u00e1t\u00e9kosokat, \u00e9s egy digit\u00e1lis, k\u00e9zzel rajzolt t\u00e9rk\u00e9pet k\u00edn\u00e1l az \u0151si v\u00e1rosr\u00f3l, amelyet Francesca Baerald tervezett. Ezen k\u00edv\u00fcl a j\u00e1t\u00e9kosok lehet\u0151s\u00e9get kapnak egy szobor 3D nyomtat\u00e1s\u00e1ra {Sentiusa}, a nyomtat\u00e1si utas\u00edt\u00e1sokkal egy\u00fctt, hogy m\u00e9g m\u00e9lyebben elmer\u00fcljenek a titokzatos, elesett v\u00e1ros hangulat\u00e1ban. \ud83c\udf0d Glob\u00e1lis \u2699\ufe0f Steam \ud83d\udddd Digit\u00e1lis kulcs\",\"breadcrumb\":{\"@id\":\"https:\\\/\\\/prismagamers.com\\\/hu\\\/produkt\\\/the-forgotten-city-gyujtoi-dlc\\\/#breadcrumb\"},\"inLanguage\":\"hu\",\"potentialAction\":[{\"@type\":\"ReadAction\",\"target\":[\"https:\\\/\\\/prismagamers.com\\\/hu\\\/produkt\\\/the-forgotten-city-gyujtoi-dlc\\\/\"]}]},{\"@type\":\"ImageObject\",\"inLanguage\":\"hu\",\"@id\":\"https:\\\/\\\/prismagamers.com\\\/hu\\\/produkt\\\/the-forgotten-city-gyujtoi-dlc\\\/#primaryimage\",\"url\":\"https:\\\/\\\/prismagamers.com\\\/wp-content\\\/uploads\\\/2025\\\/03\\\/boxshot-e1741631580164.png\",\"contentUrl\":\"https:\\\/\\\/prismagamers.com\\\/wp-content\\\/uploads\\\/2025\\\/03\\\/boxshot-e1741631580164.png\",\"width\":600,\"height\":900,\"caption\":\"the forgotten city cover\"},{\"@type\":\"BreadcrumbList\",\"@id\":\"https:\\\/\\\/prismagamers.com\\\/hu\\\/produkt\\\/the-forgotten-city-gyujtoi-dlc\\\/#breadcrumb\",\"itemListElement\":[{\"@type\":\"ListItem\",\"position\":1,\"name\":\"Strona g\u0142\u00f3wna\",\"item\":\"https:\\\/\\\/prismagamers.com\\\/hu\\\/prismagamers\\\/\"},{\"@type\":\"ListItem\",\"position\":2,\"name\":\"Shop\",\"item\":\"https:\\\/\\\/prismagamers.com\\\/hu\\\/shop\\\/\"},{\"@type\":\"ListItem\",\"position\":3,\"name\":\"The Forgotten City &#8211; Collector&#8217;s DLC\"}]},{\"@type\":\"WebSite\",\"@id\":\"https:\\\/\\\/prismagamers.com\\\/hu\\\/#website\",\"url\":\"https:\\\/\\\/prismagamers.com\\\/hu\\\/\",\"name\":\"Prismagamers\",\"description\":\"Sklep z grami PC I Sklep klucze Steam\",\"publisher\":{\"@id\":\"https:\\\/\\\/prismagamers.com\\\/hu\\\/#organization\"},\"potentialAction\":[{\"@type\":\"SearchAction\",\"target\":{\"@type\":\"EntryPoint\",\"urlTemplate\":\"https:\\\/\\\/prismagamers.com\\\/hu\\\/?s={search_term_string}\"},\"query-input\":{\"@type\":\"PropertyValueSpecification\",\"valueRequired\":true,\"valueName\":\"search_term_string\"}}],\"inLanguage\":\"hu\"},{\"@type\":\"Organization\",\"@id\":\"https:\\\/\\\/prismagamers.com\\\/hu\\\/#organization\",\"name\":\"Prismagamers\",\"url\":\"https:\\\/\\\/prismagamers.com\\\/hu\\\/\",\"logo\":{\"@type\":\"ImageObject\",\"inLanguage\":\"hu\",\"@id\":\"https:\\\/\\\/prismagamers.com\\\/hu\\\/#\\\/schema\\\/logo\\\/image\\\/\",\"url\":\"https:\\\/\\\/prismagamers.com\\\/wp-content\\\/uploads\\\/2022\\\/04\\\/cropped-logo-Prismagamers-01-scaled-1.jpg\",\"contentUrl\":\"https:\\\/\\\/prismagamers.com\\\/wp-content\\\/uploads\\\/2022\\\/04\\\/cropped-logo-Prismagamers-01-scaled-1.jpg\",\"width\":512,\"height\":512,\"caption\":\"Prismagamers\"},\"image\":{\"@id\":\"https:\\\/\\\/prismagamers.com\\\/hu\\\/#\\\/schema\\\/logo\\\/image\\\/\"},\"sameAs\":[\"https:\\\/\\\/www.facebook.com\\\/prismagamers\",\"https:\\\/\\\/www.instagram.com\\\/prismagamers_grycyfrowe\\\/\"],\"description\":\"Prismagamers.com to dynamiczny sklep z grami cyfrowymi, stworzony z my\u015bl\u0105 o entuzjastach gier wideo. Nasza strona oferuje szerok\u0105 gam\u0119 gier komputerowych, w tym najnowsze tytu\u0142y, dobrze znane klasyki oraz gry stworzone przez niezale\u017cne studia Ca\u0142y czas d\u0105\u017cymy do rozszerzenia naszej oferty. Do\u0142\u0105cz do nas i sta\u0144 si\u0119 cz\u0119\u015bci\u0105 naszej rosn\u0105cej spo\u0142eczno\u015bci graczy!\",\"email\":\"shop@prismagamers.com\",\"telephone\":\"48795541705\",\"legalName\":\"East Caravan Maksym \u017bukow\",\"foundingDate\":\"2012-05-10\",\"vatID\":\"PL8943038612\",\"taxID\":\"PL8943038612\",\"numberOfEmployees\":{\"@type\":\"QuantitativeValue\",\"minValue\":\"11\",\"maxValue\":\"50\"}}]}<\/script>\n<!-- \/ Yoast SEO Premium plugin. -->","yoast_head_json":{"title":"The Forgotten City - Collector's DLC - Prismagamers.com","description":"A The Forgotten City - Collector's DLC egy egyed\u00fcl\u00e1ll\u00f3 kieg\u00e9sz\u00edt\u0151, amely 2000 \u00e9vvel a m\u00faltba rep\u00edti a j\u00e1t\u00e9kosokat, \u00e9s egy digit\u00e1lis, k\u00e9zzel rajzolt t\u00e9rk\u00e9pet k\u00edn\u00e1l az \u0151si v\u00e1rosr\u00f3l, amelyet Francesca Baerald tervezett. Ezen k\u00edv\u00fcl a j\u00e1t\u00e9kosok lehet\u0151s\u00e9get kapnak egy szobor 3D nyomtat\u00e1s\u00e1ra {Sentiusa}, a nyomtat\u00e1si utas\u00edt\u00e1sokkal egy\u00fctt, hogy m\u00e9g m\u00e9lyebben elmer\u00fcljenek a titokzatos, elesett v\u00e1ros hangulat\u00e1ban.  \ud83c\udf0d Glob\u00e1lis \u2699\ufe0f Steam \ud83d\udddd Digit\u00e1lis kulcs","robots":{"index":"index","follow":"follow","max-snippet":"max-snippet:-1","max-image-preview":"max-image-preview:large","max-video-preview":"max-video-preview:-1"},"canonical":"https:\/\/prismagamers.com\/hu\/produkt\/the-forgotten-city-gyujtoi-dlc\/","og_locale":"hu_HU","og_type":"article","og_title":"The Forgotten City - Collector's DLC","og_description":"A The Forgotten City - Collector's DLC egy egyed\u00fcl\u00e1ll\u00f3 kieg\u00e9sz\u00edt\u0151, amely 2000 \u00e9vvel a m\u00faltba rep\u00edti a j\u00e1t\u00e9kosokat, \u00e9s egy digit\u00e1lis, k\u00e9zzel rajzolt t\u00e9rk\u00e9pet k\u00edn\u00e1l az \u0151si v\u00e1rosr\u00f3l, amelyet Francesca Baerald tervezett. Ezen k\u00edv\u00fcl a j\u00e1t\u00e9kosok lehet\u0151s\u00e9get kapnak egy szobor 3D nyomtat\u00e1s\u00e1ra {Sentiusa}, a nyomtat\u00e1si utas\u00edt\u00e1sokkal egy\u00fctt, hogy m\u00e9g m\u00e9lyebben elmer\u00fcljenek a titokzatos, elesett v\u00e1ros hangulat\u00e1ban.  \ud83c\udf0d Glob\u00e1lis \u2699\ufe0f Steam \ud83d\udddd Digit\u00e1lis kulcs","og_url":"https:\/\/prismagamers.com\/hu\/produkt\/the-forgotten-city-gyujtoi-dlc\/","og_site_name":"Prismagamers.com","article_publisher":"https:\/\/www.facebook.com\/prismagamers","article_modified_time":"2026-03-04T23:00:34+00:00","og_image":[{"width":600,"height":900,"url":"https:\/\/prismagamers.com\/wp-content\/uploads\/2025\/03\/boxshot-e1741631580164.png","type":"image\/png"}],"twitter_card":"summary_large_image","twitter_misc":{"Becs\u00fclt olvas\u00e1si id\u0151":"1 perc"},"schema":{"@context":"https:\/\/schema.org","@graph":[{"@type":"WebPage","@id":"https:\/\/prismagamers.com\/hu\/produkt\/the-forgotten-city-gyujtoi-dlc\/","url":"https:\/\/prismagamers.com\/hu\/produkt\/the-forgotten-city-gyujtoi-dlc\/","name":"The Forgotten City - Collector's DLC - Prismagamers.com","isPartOf":{"@id":"https:\/\/prismagamers.com\/hu\/#website"},"primaryImageOfPage":{"@id":"https:\/\/prismagamers.com\/hu\/produkt\/the-forgotten-city-gyujtoi-dlc\/#primaryimage"},"image":{"@id":"https:\/\/prismagamers.com\/hu\/produkt\/the-forgotten-city-gyujtoi-dlc\/#primaryimage"},"thumbnailUrl":"https:\/\/prismagamers.com\/wp-content\/uploads\/2025\/03\/boxshot-e1741631580164.png","datePublished":"2025-03-10T19:00:51+00:00","dateModified":"2026-03-04T23:00:34+00:00","description":"A The Forgotten City - Collector's DLC egy egyed\u00fcl\u00e1ll\u00f3 kieg\u00e9sz\u00edt\u0151, amely 2000 \u00e9vvel a m\u00faltba rep\u00edti a j\u00e1t\u00e9kosokat, \u00e9s egy digit\u00e1lis, k\u00e9zzel rajzolt t\u00e9rk\u00e9pet k\u00edn\u00e1l az \u0151si v\u00e1rosr\u00f3l, amelyet Francesca Baerald tervezett. Ezen k\u00edv\u00fcl a j\u00e1t\u00e9kosok lehet\u0151s\u00e9get kapnak egy szobor 3D nyomtat\u00e1s\u00e1ra {Sentiusa}, a nyomtat\u00e1si utas\u00edt\u00e1sokkal egy\u00fctt, hogy m\u00e9g m\u00e9lyebben elmer\u00fcljenek a titokzatos, elesett v\u00e1ros hangulat\u00e1ban. \ud83c\udf0d Glob\u00e1lis \u2699\ufe0f Steam \ud83d\udddd Digit\u00e1lis kulcs","breadcrumb":{"@id":"https:\/\/prismagamers.com\/hu\/produkt\/the-forgotten-city-gyujtoi-dlc\/#breadcrumb"},"inLanguage":"hu","potentialAction":[{"@type":"ReadAction","target":["https:\/\/prismagamers.com\/hu\/produkt\/the-forgotten-city-gyujtoi-dlc\/"]}]},{"@type":"ImageObject","inLanguage":"hu","@id":"https:\/\/prismagamers.com\/hu\/produkt\/the-forgotten-city-gyujtoi-dlc\/#primaryimage","url":"https:\/\/prismagamers.com\/wp-content\/uploads\/2025\/03\/boxshot-e1741631580164.png","contentUrl":"https:\/\/prismagamers.com\/wp-content\/uploads\/2025\/03\/boxshot-e1741631580164.png","width":600,"height":900,"caption":"the forgotten city cover"},{"@type":"BreadcrumbList","@id":"https:\/\/prismagamers.com\/hu\/produkt\/the-forgotten-city-gyujtoi-dlc\/#breadcrumb","itemListElement":[{"@type":"ListItem","position":1,"name":"Strona g\u0142\u00f3wna","item":"https:\/\/prismagamers.com\/hu\/prismagamers\/"},{"@type":"ListItem","position":2,"name":"Shop","item":"https:\/\/prismagamers.com\/hu\/shop\/"},{"@type":"ListItem","position":3,"name":"The Forgotten City &#8211; Collector&#8217;s DLC"}]},{"@type":"WebSite","@id":"https:\/\/prismagamers.com\/hu\/#website","url":"https:\/\/prismagamers.com\/hu\/","name":"Prismagamers","description":"Sklep z grami PC I Sklep klucze Steam","publisher":{"@id":"https:\/\/prismagamers.com\/hu\/#organization"},"potentialAction":[{"@type":"SearchAction","target":{"@type":"EntryPoint","urlTemplate":"https:\/\/prismagamers.com\/hu\/?s={search_term_string}"},"query-input":{"@type":"PropertyValueSpecification","valueRequired":true,"valueName":"search_term_string"}}],"inLanguage":"hu"},{"@type":"Organization","@id":"https:\/\/prismagamers.com\/hu\/#organization","name":"Prismagamers","url":"https:\/\/prismagamers.com\/hu\/","logo":{"@type":"ImageObject","inLanguage":"hu","@id":"https:\/\/prismagamers.com\/hu\/#\/schema\/logo\/image\/","url":"https:\/\/prismagamers.com\/wp-content\/uploads\/2022\/04\/cropped-logo-Prismagamers-01-scaled-1.jpg","contentUrl":"https:\/\/prismagamers.com\/wp-content\/uploads\/2022\/04\/cropped-logo-Prismagamers-01-scaled-1.jpg","width":512,"height":512,"caption":"Prismagamers"},"image":{"@id":"https:\/\/prismagamers.com\/hu\/#\/schema\/logo\/image\/"},"sameAs":["https:\/\/www.facebook.com\/prismagamers","https:\/\/www.instagram.com\/prismagamers_grycyfrowe\/"],"description":"Prismagamers.com to dynamiczny sklep z grami cyfrowymi, stworzony z my\u015bl\u0105 o entuzjastach gier wideo. Nasza strona oferuje szerok\u0105 gam\u0119 gier komputerowych, w tym najnowsze tytu\u0142y, dobrze znane klasyki oraz gry stworzone przez niezale\u017cne studia Ca\u0142y czas d\u0105\u017cymy do rozszerzenia naszej oferty. Do\u0142\u0105cz do nas i sta\u0144 si\u0119 cz\u0119\u015bci\u0105 naszej rosn\u0105cej spo\u0142eczno\u015bci graczy!","email":"shop@prismagamers.com","telephone":"48795541705","legalName":"East Caravan Maksym \u017bukow","foundingDate":"2012-05-10","vatID":"PL8943038612","taxID":"PL8943038612","numberOfEmployees":{"@type":"QuantitativeValue","minValue":"11","maxValue":"50"}}]}},"_links":{"self":[{"href":"https:\/\/prismagamers.com\/hu\/wp-json\/wp\/v2\/product\/34759","targetHints":{"allow":["GET"]}}],"collection":[{"href":"https:\/\/prismagamers.com\/hu\/wp-json\/wp\/v2\/product"}],"about":[{"href":"https:\/\/prismagamers.com\/hu\/wp-json\/wp\/v2\/types\/product"}],"wp:featuredmedia":[{"embeddable":true,"href":"https:\/\/prismagamers.com\/hu\/wp-json\/wp\/v2\/media\/34756"}],"wp:attachment":[{"href":"https:\/\/prismagamers.com\/hu\/wp-json\/wp\/v2\/media?parent=34759"}],"wp:term":[{"taxonomy":"product_brand","embeddable":true,"href":"https:\/\/prismagamers.com\/hu\/wp-json\/wp\/v2\/product_brand?post=34759"},{"taxonomy":"product_cat","embeddable":true,"href":"https:\/\/prismagamers.com\/hu\/wp-json\/wp\/v2\/product_cat?post=34759"},{"taxonomy":"product_tag","embeddable":true,"href":"https:\/\/prismagamers.com\/hu\/wp-json\/wp\/v2\/product_tag?post=34759"}],"curies":[{"name":"wp","href":"https:\/\/api.w.org\/{rel}","templated":true}]}}