{"id":34769,"date":"2025-03-10T20:13:39","date_gmt":"2025-03-10T19:13:39","guid":{"rendered":"https:\/\/prismagamers.com\/produkt\/karavan-szendvics\/"},"modified":"2025-08-26T13:51:35","modified_gmt":"2025-08-26T11:51:35","slug":"karavan-szendvics","status":"publish","type":"product","link":"https:\/\/prismagamers.com\/hu\/produkt\/karavan-szendvics\/","title":{"rendered":"Caravan SandWitch"},"content":{"rendered":"<p data-start=\"0\" data-end=\"348\"><img decoding=\"async\" class=\"bb_img aligncenter\" src=\"https:\/\/shared.fastly.steamstatic.com\/store_item_assets\/steam\/apps\/1582650\/extras\/CSW_KeyartSteam.gif?t=1730199784\" \/><\/p>\n<p data-start=\"0\" data-end=\"348\">A <strong data-start=\"0\" data-end=\"21\">Caravan SandWitch<\/strong> egy egyed\u00fcl\u00e1ll\u00f3 kalandj\u00e1t\u00e9k, amely egy Provence-ra eml\u00e9keztet\u0151 vil\u00e1gban j\u00e1tsz\u00f3dik, de sci-fi k\u00f6rnyezetben. \u00datnak indulsz, hogy megtal\u00e1ld elt\u0171nt h\u00fagodat, \u00e9s felfedezz egy leny\u0171g\u00f6z\u0151, titkokkal teli vil\u00e1got, ahol a Cigalo bolyg\u00f3 k\u00f6z\u00f6ss\u00e9gei seg\u00edtik egym\u00e1st, mik\u00f6zben a t\u00falzott kizs\u00e1km\u00e1nyol\u00e1s k\u00f6vetkezm\u00e9nyei ellen k\u00fczdenek.<\/p>\n<p data-start=\"0\" data-end=\"348\"><img decoding=\"async\" class=\"bb_img aligncenter\" src=\"https:\/\/shared.fastly.steamstatic.com\/store_item_assets\/steam\/apps\/1582650\/extras\/GifExplo.gif?t=1730199784\" \/><\/p>\n<p data-start=\"350\" data-end=\"793\">Harc, hal\u00e1l vagy id\u0151z\u00edt\u0151 n\u00e9lk\u00fcl a j\u00e1t\u00e9k b\u00e9k\u00e9s, de m\u00e9lyrehat\u00f3 utaz\u00e1st k\u00edn\u00e1l, mik\u00f6zben fejlesztheted a furgonodat, felfedezheted az \u0151si romokat \u00e9s tal\u00e1lkozhatsz k\u00fcl\u00f6nb\u00f6z\u0151 karakterekkel, p\u00e9ld\u00e1ul Reinet\u00f3kkal, robotokkal \u00e9s a titokzatos SandWitchkel. Minden egyes l\u00e9p\u00e9ssel, a helyi k\u00f6z\u00f6ss\u00e9gekkel interakci\u00f3ba l\u00e9pve k\u00f6zelebb ker\u00fclsz ahhoz, hogy kider\u00edtsd az igazs\u00e1got h\u00fagod elt\u0171n\u00e9se m\u00f6g\u00f6tt, mik\u00f6zben hozz\u00e1j\u00e1rulsz ahhoz, hogy harm\u00f3ni\u00e1ban \u00e9lj ebben a poszt-apokaliptikus vil\u00e1gban.<\/p>\n<p data-start=\"350\" data-end=\"793\"><img decoding=\"async\" class=\"bb_img aligncenter\" src=\"https:\/\/shared.fastly.steamstatic.com\/store_item_assets\/steam\/apps\/1582650\/extras\/GifVan.gif?t=1730199784\" \/><\/p>\n<h3 data-start=\"795\" data-end=\"818\">A j\u00e1t\u00e9k f\u0151bb jellemz\u0151i:<\/h3>\n<ul data-start=\"819\" data-end=\"1252\">\n<li data-start=\"819\" data-end=\"901\"><strong data-start=\"821\" data-end=\"854\">Provence-i st\u00edlus\u00fa felfedez\u00e9s<\/strong> egy poszt-apokaliptikus sci-fi vil\u00e1gban.<\/li>\n<li data-start=\"902\" data-end=\"981\"><strong data-start=\"904\" data-end=\"944\">L\u00e9pj kapcsolatba a k\u00fcl\u00f6nb\u00f6z\u0151 karakterekkel<\/strong>, \u00e9s t\u00e1mogasd a k\u00f6z\u00f6ss\u00e9get a Cigal\u00f3n.<\/li>\n<li data-start=\"982\" data-end=\"1058\"><strong data-start=\"984\" data-end=\"1009\">Nincs er\u0151szak \u00e9s nincs id\u0151<\/strong> &#8211; teljes szabads\u00e1g a vil\u00e1g felfedez\u00e9s\u00e9re \u00e9s felfedez\u00e9s\u00e9re.<\/li>\n<li data-start=\"1059\" data-end=\"1139\"><strong data-start=\"1061\" data-end=\"1086\">A furgon korszer\u0171s\u00edt\u00e9se<\/strong> \u00e9s \u00faj helysz\u00ednek, k\u00f6zt\u00fck \u0151si romok felfedez\u00e9se.<\/li>\n<li data-start=\"1140\" data-end=\"1252\"><strong data-start=\"1142\" data-end=\"1167\">Inkluz\u00edv forgat\u00f3k\u00f6nyv<\/strong> &#8211; a j\u00e1t\u00e9k az egy\u00fcttm\u0171k\u00f6d\u00e9s \u00e9s a k\u00f6lcs\u00f6n\u00f6s seg\u00edts\u00e9gny\u00fajt\u00e1s gondolat\u00e1t n\u00e9pszer\u0171s\u00edti a k\u00f6rnyezeti neh\u00e9zs\u00e9gekkel szemben.<\/li>\n<\/ul>\n<p><img decoding=\"async\" class=\"bb_img aligncenter\" src=\"https:\/\/shared.fastly.steamstatic.com\/store_item_assets\/steam\/apps\/1582650\/extras\/GifCommunity.gif?t=1730199784\" \/><\/p>\n","protected":false},"excerpt":{"rendered":"<p>Indulj el egy hatalmas t\u00e1jakon \u00e1t\u00edvel\u0151 utaz\u00e1sra a <strong data-start=\"44\" data-end=\"65\">Caravan SandWitchben<\/strong>, egy mag\u00e1val ragad\u00f3, narrat\u00edva-k\u00f6zpont\u00fa kalandj\u00e1t\u00e9kban. Fedezd fel egy elveszett n\u0151v\u00e9r rejt\u00e9lyeit, l\u00e9pj kapcsolatba a Cigalo bolyg\u00f3 lak\u00f3ival, \u00e9s kalandozz egy m\u00e1gi\u00e1val \u00e9s rem\u00e9nnyel teli vil\u00e1gban.<\/p>\n<p>\ud83c\udf0d Glob\u00e1lis<br \/>\n\u2699\ufe0f Steam<br \/>\n\ud83d\udddd Digit\u00e1lis kulcs<\/p>\n","protected":false},"featured_media":34768,"template":"","meta":{"_acf_changed":false,"site-sidebar-layout":"default","site-content-layout":"","ast-site-content-layout":"default","site-content-style":"default","site-sidebar-style":"default","ast-global-header-display":"","ast-banner-title-visibility":"","ast-main-header-display":"","ast-hfb-above-header-display":"","ast-hfb-below-header-display":"","ast-hfb-mobile-header-display":"","site-post-title":"","ast-breadcrumbs-content":"","ast-featured-img":"","footer-sml-layout":"","ast-disable-related-posts":"","theme-transparent-header-meta":"default","adv-header-id-meta":"","stick-header-meta":"","header-above-stick-meta":"","header-main-stick-meta":"","header-below-stick-meta":"","astra-migrate-meta-layouts":"set","ast-page-background-enabled":"default","ast-page-background-meta":{"desktop":{"background-color":"var(--ast-global-color-4)","background-image":"","background-repeat":"repeat","background-position":"center center","background-size":"auto","background-attachment":"scroll","background-type":"","background-media":"","overlay-type":"","overlay-color":"","overlay-opacity":"","overlay-gradient":""},"tablet":{"background-color":"","background-image":"","background-repeat":"repeat","background-position":"center center","background-size":"auto","background-attachment":"scroll","background-type":"","background-media":"","overlay-type":"","overlay-color":"","overlay-opacity":"","overlay-gradient":""},"mobile":{"background-color":"","background-image":"","background-repeat":"repeat","background-position":"center center","background-size":"auto","background-attachment":"scroll","background-type":"","background-media":"","overlay-type":"","overlay-color":"","overlay-opacity":"","overlay-gradient":""}},"ast-content-background-meta":{"desktop":{"background-color":"var(--ast-global-color-5)","background-image":"","background-repeat":"repeat","background-position":"center center","background-size":"auto","background-attachment":"scroll","background-type":"","background-media":"","overlay-type":"","overlay-color":"","overlay-opacity":"","overlay-gradient":""},"tablet":{"background-color":"var(--ast-global-color-5)","background-image":"","background-repeat":"repeat","background-position":"center center","background-size":"auto","background-attachment":"scroll","background-type":"","background-media":"","overlay-type":"","overlay-color":"","overlay-opacity":"","overlay-gradient":""},"mobile":{"background-color":"var(--ast-global-color-5)","background-image":"","background-repeat":"repeat","background-position":"center center","background-size":"auto","background-attachment":"scroll","background-type":"","background-media":"","overlay-type":"","overlay-color":"","overlay-opacity":"","overlay-gradient":""}}},"product_brand":[],"product_cat":[365,363,384],"product_tag":[],"class_list":{"0":"post-34769","1":"product","2":"type-product","3":"status-publish","4":"has-post-thumbnail","6":"product_cat-goz","7":"product_cat-kaland-jatekok","8":"product_cat-kedves-falusiak","9":"desktop-align-left","10":"tablet-align-left","11":"mobile-align-left","13":"first","14":"instock","15":"virtual","16":"purchasable","17":"product-type-simple"},"acf":[],"yoast_head":"<!-- This site is optimized with the Yoast SEO Premium plugin v27.4 (Yoast SEO v27.4) - https:\/\/yoast.com\/product\/yoast-seo-premium-wordpress\/ -->\n<title>Caravan SandWitch - Prismagamers.com<\/title>\n<meta name=\"description\" content=\"Indulj el egy hatalmas t\u00e1jakon \u00e1t\u00edvel\u0151 utaz\u00e1sra a Caravan SandWitchben, egy mag\u00e1val ragad\u00f3, narrat\u00edva-k\u00f6zpont\u00fa kalandj\u00e1t\u00e9kban. Fedezd fel egy elveszett n\u0151v\u00e9r rejt\u00e9lyeit, l\u00e9pj kapcsolatba a Cigalo bolyg\u00f3 lak\u00f3ival, \u00e9s kalandozz egy m\u00e1gi\u00e1val \u00e9s rem\u00e9nnyel teli vil\u00e1gban.  \ud83c\udf0d Glob\u00e1lis \u2699\ufe0f Steam \ud83d\udddd Digit\u00e1lis kulcs\" \/>\n<meta name=\"robots\" content=\"index, follow, max-snippet:-1, max-image-preview:large, max-video-preview:-1\" \/>\n<link rel=\"canonical\" href=\"https:\/\/prismagamers.com\/hu\/produkt\/karavan-szendvics\/\" \/>\n<meta property=\"og:locale\" content=\"hu_HU\" \/>\n<meta property=\"og:type\" content=\"article\" \/>\n<meta property=\"og:title\" content=\"Caravan SandWitch\" \/>\n<meta property=\"og:description\" content=\"Indulj el egy hatalmas t\u00e1jakon \u00e1t\u00edvel\u0151 utaz\u00e1sra a Caravan SandWitchben, egy mag\u00e1val ragad\u00f3, narrat\u00edva-k\u00f6zpont\u00fa kalandj\u00e1t\u00e9kban. Fedezd fel egy elveszett n\u0151v\u00e9r rejt\u00e9lyeit, l\u00e9pj kapcsolatba a Cigalo bolyg\u00f3 lak\u00f3ival, \u00e9s kalandozz egy m\u00e1gi\u00e1val \u00e9s rem\u00e9nnyel teli vil\u00e1gban.  \ud83c\udf0d Glob\u00e1lis \u2699\ufe0f Steam \ud83d\udddd Digit\u00e1lis kulcs\" \/>\n<meta property=\"og:url\" content=\"https:\/\/prismagamers.com\/hu\/produkt\/karavan-szendvics\/\" \/>\n<meta property=\"og:site_name\" content=\"Prismagamers.com\" \/>\n<meta property=\"article:publisher\" content=\"https:\/\/www.facebook.com\/prismagamers\" \/>\n<meta property=\"article:modified_time\" content=\"2025-08-26T11:51:35+00:00\" \/>\n<meta property=\"og:image\" content=\"https:\/\/prismagamers.com\/wp-content\/uploads\/2025\/03\/library_600x900_2x-6.jpg\" \/>\n\t<meta property=\"og:image:width\" content=\"600\" \/>\n\t<meta property=\"og:image:height\" content=\"900\" \/>\n\t<meta property=\"og:image:type\" content=\"image\/jpeg\" \/>\n<meta name=\"twitter:card\" content=\"summary_large_image\" \/>\n<meta name=\"twitter:label1\" content=\"Becs\u00fclt olvas\u00e1si id\u0151\" \/>\n\t<meta name=\"twitter:data1\" content=\"2 perc\" \/>\n<script type=\"application\/ld+json\" class=\"yoast-schema-graph\">{\"@context\":\"https:\\\/\\\/schema.org\",\"@graph\":[{\"@type\":\"WebPage\",\"@id\":\"https:\\\/\\\/prismagamers.com\\\/hu\\\/produkt\\\/karavan-szendvics\\\/\",\"url\":\"https:\\\/\\\/prismagamers.com\\\/hu\\\/produkt\\\/karavan-szendvics\\\/\",\"name\":\"Caravan SandWitch - Prismagamers.com\",\"isPartOf\":{\"@id\":\"https:\\\/\\\/prismagamers.com\\\/hu\\\/#website\"},\"primaryImageOfPage\":{\"@id\":\"https:\\\/\\\/prismagamers.com\\\/hu\\\/produkt\\\/karavan-szendvics\\\/#primaryimage\"},\"image\":{\"@id\":\"https:\\\/\\\/prismagamers.com\\\/hu\\\/produkt\\\/karavan-szendvics\\\/#primaryimage\"},\"thumbnailUrl\":\"https:\\\/\\\/prismagamers.com\\\/wp-content\\\/uploads\\\/2025\\\/03\\\/library_600x900_2x-6.jpg\",\"datePublished\":\"2025-03-10T19:13:39+00:00\",\"dateModified\":\"2025-08-26T11:51:35+00:00\",\"description\":\"Indulj el egy hatalmas t\u00e1jakon \u00e1t\u00edvel\u0151 utaz\u00e1sra a Caravan SandWitchben, egy mag\u00e1val ragad\u00f3, narrat\u00edva-k\u00f6zpont\u00fa kalandj\u00e1t\u00e9kban. Fedezd fel egy elveszett n\u0151v\u00e9r rejt\u00e9lyeit, l\u00e9pj kapcsolatba a Cigalo bolyg\u00f3 lak\u00f3ival, \u00e9s kalandozz egy m\u00e1gi\u00e1val \u00e9s rem\u00e9nnyel teli vil\u00e1gban. \ud83c\udf0d Glob\u00e1lis \u2699\ufe0f Steam \ud83d\udddd Digit\u00e1lis kulcs\",\"breadcrumb\":{\"@id\":\"https:\\\/\\\/prismagamers.com\\\/hu\\\/produkt\\\/karavan-szendvics\\\/#breadcrumb\"},\"inLanguage\":\"hu\",\"potentialAction\":[{\"@type\":\"ReadAction\",\"target\":[\"https:\\\/\\\/prismagamers.com\\\/hu\\\/produkt\\\/karavan-szendvics\\\/\"]}]},{\"@type\":\"ImageObject\",\"inLanguage\":\"hu\",\"@id\":\"https:\\\/\\\/prismagamers.com\\\/hu\\\/produkt\\\/karavan-szendvics\\\/#primaryimage\",\"url\":\"https:\\\/\\\/prismagamers.com\\\/wp-content\\\/uploads\\\/2025\\\/03\\\/library_600x900_2x-6.jpg\",\"contentUrl\":\"https:\\\/\\\/prismagamers.com\\\/wp-content\\\/uploads\\\/2025\\\/03\\\/library_600x900_2x-6.jpg\",\"width\":600,\"height\":900,\"caption\":\"Caravan SandWitch cover\"},{\"@type\":\"BreadcrumbList\",\"@id\":\"https:\\\/\\\/prismagamers.com\\\/hu\\\/produkt\\\/karavan-szendvics\\\/#breadcrumb\",\"itemListElement\":[{\"@type\":\"ListItem\",\"position\":1,\"name\":\"Strona g\u0142\u00f3wna\",\"item\":\"https:\\\/\\\/prismagamers.com\\\/hu\\\/prismagamers\\\/\"},{\"@type\":\"ListItem\",\"position\":2,\"name\":\"Shop\",\"item\":\"https:\\\/\\\/prismagamers.com\\\/hu\\\/shop\\\/\"},{\"@type\":\"ListItem\",\"position\":3,\"name\":\"Caravan SandWitch\"}]},{\"@type\":\"WebSite\",\"@id\":\"https:\\\/\\\/prismagamers.com\\\/hu\\\/#website\",\"url\":\"https:\\\/\\\/prismagamers.com\\\/hu\\\/\",\"name\":\"Prismagamers\",\"description\":\"Sklep z grami PC I Sklep klucze Steam\",\"publisher\":{\"@id\":\"https:\\\/\\\/prismagamers.com\\\/hu\\\/#organization\"},\"potentialAction\":[{\"@type\":\"SearchAction\",\"target\":{\"@type\":\"EntryPoint\",\"urlTemplate\":\"https:\\\/\\\/prismagamers.com\\\/hu\\\/?s={search_term_string}\"},\"query-input\":{\"@type\":\"PropertyValueSpecification\",\"valueRequired\":true,\"valueName\":\"search_term_string\"}}],\"inLanguage\":\"hu\"},{\"@type\":\"Organization\",\"@id\":\"https:\\\/\\\/prismagamers.com\\\/hu\\\/#organization\",\"name\":\"Prismagamers\",\"url\":\"https:\\\/\\\/prismagamers.com\\\/hu\\\/\",\"logo\":{\"@type\":\"ImageObject\",\"inLanguage\":\"hu\",\"@id\":\"https:\\\/\\\/prismagamers.com\\\/hu\\\/#\\\/schema\\\/logo\\\/image\\\/\",\"url\":\"https:\\\/\\\/prismagamers.com\\\/wp-content\\\/uploads\\\/2022\\\/04\\\/cropped-logo-Prismagamers-01-scaled-1.jpg\",\"contentUrl\":\"https:\\\/\\\/prismagamers.com\\\/wp-content\\\/uploads\\\/2022\\\/04\\\/cropped-logo-Prismagamers-01-scaled-1.jpg\",\"width\":512,\"height\":512,\"caption\":\"Prismagamers\"},\"image\":{\"@id\":\"https:\\\/\\\/prismagamers.com\\\/hu\\\/#\\\/schema\\\/logo\\\/image\\\/\"},\"sameAs\":[\"https:\\\/\\\/www.facebook.com\\\/prismagamers\",\"https:\\\/\\\/www.instagram.com\\\/prismagamers_grycyfrowe\\\/\"],\"description\":\"Prismagamers.com to dynamiczny sklep z grami cyfrowymi, stworzony z my\u015bl\u0105 o entuzjastach gier wideo. Nasza strona oferuje szerok\u0105 gam\u0119 gier komputerowych, w tym najnowsze tytu\u0142y, dobrze znane klasyki oraz gry stworzone przez niezale\u017cne studia Ca\u0142y czas d\u0105\u017cymy do rozszerzenia naszej oferty. Do\u0142\u0105cz do nas i sta\u0144 si\u0119 cz\u0119\u015bci\u0105 naszej rosn\u0105cej spo\u0142eczno\u015bci graczy!\",\"email\":\"shop@prismagamers.com\",\"telephone\":\"48795541705\",\"legalName\":\"East Caravan Maksym \u017bukow\",\"foundingDate\":\"2012-05-10\",\"vatID\":\"PL8943038612\",\"taxID\":\"PL8943038612\",\"numberOfEmployees\":{\"@type\":\"QuantitativeValue\",\"minValue\":\"11\",\"maxValue\":\"50\"}}]}<\/script>\n<!-- \/ Yoast SEO Premium plugin. -->","yoast_head_json":{"title":"Caravan SandWitch - Prismagamers.com","description":"Indulj el egy hatalmas t\u00e1jakon \u00e1t\u00edvel\u0151 utaz\u00e1sra a Caravan SandWitchben, egy mag\u00e1val ragad\u00f3, narrat\u00edva-k\u00f6zpont\u00fa kalandj\u00e1t\u00e9kban. Fedezd fel egy elveszett n\u0151v\u00e9r rejt\u00e9lyeit, l\u00e9pj kapcsolatba a Cigalo bolyg\u00f3 lak\u00f3ival, \u00e9s kalandozz egy m\u00e1gi\u00e1val \u00e9s rem\u00e9nnyel teli vil\u00e1gban.  \ud83c\udf0d Glob\u00e1lis \u2699\ufe0f Steam \ud83d\udddd Digit\u00e1lis kulcs","robots":{"index":"index","follow":"follow","max-snippet":"max-snippet:-1","max-image-preview":"max-image-preview:large","max-video-preview":"max-video-preview:-1"},"canonical":"https:\/\/prismagamers.com\/hu\/produkt\/karavan-szendvics\/","og_locale":"hu_HU","og_type":"article","og_title":"Caravan SandWitch","og_description":"Indulj el egy hatalmas t\u00e1jakon \u00e1t\u00edvel\u0151 utaz\u00e1sra a Caravan SandWitchben, egy mag\u00e1val ragad\u00f3, narrat\u00edva-k\u00f6zpont\u00fa kalandj\u00e1t\u00e9kban. Fedezd fel egy elveszett n\u0151v\u00e9r rejt\u00e9lyeit, l\u00e9pj kapcsolatba a Cigalo bolyg\u00f3 lak\u00f3ival, \u00e9s kalandozz egy m\u00e1gi\u00e1val \u00e9s rem\u00e9nnyel teli vil\u00e1gban.  \ud83c\udf0d Glob\u00e1lis \u2699\ufe0f Steam \ud83d\udddd Digit\u00e1lis kulcs","og_url":"https:\/\/prismagamers.com\/hu\/produkt\/karavan-szendvics\/","og_site_name":"Prismagamers.com","article_publisher":"https:\/\/www.facebook.com\/prismagamers","article_modified_time":"2025-08-26T11:51:35+00:00","og_image":[{"width":600,"height":900,"url":"https:\/\/prismagamers.com\/wp-content\/uploads\/2025\/03\/library_600x900_2x-6.jpg","type":"image\/jpeg"}],"twitter_card":"summary_large_image","twitter_misc":{"Becs\u00fclt olvas\u00e1si id\u0151":"2 perc"},"schema":{"@context":"https:\/\/schema.org","@graph":[{"@type":"WebPage","@id":"https:\/\/prismagamers.com\/hu\/produkt\/karavan-szendvics\/","url":"https:\/\/prismagamers.com\/hu\/produkt\/karavan-szendvics\/","name":"Caravan SandWitch - Prismagamers.com","isPartOf":{"@id":"https:\/\/prismagamers.com\/hu\/#website"},"primaryImageOfPage":{"@id":"https:\/\/prismagamers.com\/hu\/produkt\/karavan-szendvics\/#primaryimage"},"image":{"@id":"https:\/\/prismagamers.com\/hu\/produkt\/karavan-szendvics\/#primaryimage"},"thumbnailUrl":"https:\/\/prismagamers.com\/wp-content\/uploads\/2025\/03\/library_600x900_2x-6.jpg","datePublished":"2025-03-10T19:13:39+00:00","dateModified":"2025-08-26T11:51:35+00:00","description":"Indulj el egy hatalmas t\u00e1jakon \u00e1t\u00edvel\u0151 utaz\u00e1sra a Caravan SandWitchben, egy mag\u00e1val ragad\u00f3, narrat\u00edva-k\u00f6zpont\u00fa kalandj\u00e1t\u00e9kban. Fedezd fel egy elveszett n\u0151v\u00e9r rejt\u00e9lyeit, l\u00e9pj kapcsolatba a Cigalo bolyg\u00f3 lak\u00f3ival, \u00e9s kalandozz egy m\u00e1gi\u00e1val \u00e9s rem\u00e9nnyel teli vil\u00e1gban. \ud83c\udf0d Glob\u00e1lis \u2699\ufe0f Steam \ud83d\udddd Digit\u00e1lis kulcs","breadcrumb":{"@id":"https:\/\/prismagamers.com\/hu\/produkt\/karavan-szendvics\/#breadcrumb"},"inLanguage":"hu","potentialAction":[{"@type":"ReadAction","target":["https:\/\/prismagamers.com\/hu\/produkt\/karavan-szendvics\/"]}]},{"@type":"ImageObject","inLanguage":"hu","@id":"https:\/\/prismagamers.com\/hu\/produkt\/karavan-szendvics\/#primaryimage","url":"https:\/\/prismagamers.com\/wp-content\/uploads\/2025\/03\/library_600x900_2x-6.jpg","contentUrl":"https:\/\/prismagamers.com\/wp-content\/uploads\/2025\/03\/library_600x900_2x-6.jpg","width":600,"height":900,"caption":"Caravan SandWitch cover"},{"@type":"BreadcrumbList","@id":"https:\/\/prismagamers.com\/hu\/produkt\/karavan-szendvics\/#breadcrumb","itemListElement":[{"@type":"ListItem","position":1,"name":"Strona g\u0142\u00f3wna","item":"https:\/\/prismagamers.com\/hu\/prismagamers\/"},{"@type":"ListItem","position":2,"name":"Shop","item":"https:\/\/prismagamers.com\/hu\/shop\/"},{"@type":"ListItem","position":3,"name":"Caravan SandWitch"}]},{"@type":"WebSite","@id":"https:\/\/prismagamers.com\/hu\/#website","url":"https:\/\/prismagamers.com\/hu\/","name":"Prismagamers","description":"Sklep z grami PC I Sklep klucze Steam","publisher":{"@id":"https:\/\/prismagamers.com\/hu\/#organization"},"potentialAction":[{"@type":"SearchAction","target":{"@type":"EntryPoint","urlTemplate":"https:\/\/prismagamers.com\/hu\/?s={search_term_string}"},"query-input":{"@type":"PropertyValueSpecification","valueRequired":true,"valueName":"search_term_string"}}],"inLanguage":"hu"},{"@type":"Organization","@id":"https:\/\/prismagamers.com\/hu\/#organization","name":"Prismagamers","url":"https:\/\/prismagamers.com\/hu\/","logo":{"@type":"ImageObject","inLanguage":"hu","@id":"https:\/\/prismagamers.com\/hu\/#\/schema\/logo\/image\/","url":"https:\/\/prismagamers.com\/wp-content\/uploads\/2022\/04\/cropped-logo-Prismagamers-01-scaled-1.jpg","contentUrl":"https:\/\/prismagamers.com\/wp-content\/uploads\/2022\/04\/cropped-logo-Prismagamers-01-scaled-1.jpg","width":512,"height":512,"caption":"Prismagamers"},"image":{"@id":"https:\/\/prismagamers.com\/hu\/#\/schema\/logo\/image\/"},"sameAs":["https:\/\/www.facebook.com\/prismagamers","https:\/\/www.instagram.com\/prismagamers_grycyfrowe\/"],"description":"Prismagamers.com to dynamiczny sklep z grami cyfrowymi, stworzony z my\u015bl\u0105 o entuzjastach gier wideo. Nasza strona oferuje szerok\u0105 gam\u0119 gier komputerowych, w tym najnowsze tytu\u0142y, dobrze znane klasyki oraz gry stworzone przez niezale\u017cne studia Ca\u0142y czas d\u0105\u017cymy do rozszerzenia naszej oferty. Do\u0142\u0105cz do nas i sta\u0144 si\u0119 cz\u0119\u015bci\u0105 naszej rosn\u0105cej spo\u0142eczno\u015bci graczy!","email":"shop@prismagamers.com","telephone":"48795541705","legalName":"East Caravan Maksym \u017bukow","foundingDate":"2012-05-10","vatID":"PL8943038612","taxID":"PL8943038612","numberOfEmployees":{"@type":"QuantitativeValue","minValue":"11","maxValue":"50"}}]}},"_links":{"self":[{"href":"https:\/\/prismagamers.com\/hu\/wp-json\/wp\/v2\/product\/34769","targetHints":{"allow":["GET"]}}],"collection":[{"href":"https:\/\/prismagamers.com\/hu\/wp-json\/wp\/v2\/product"}],"about":[{"href":"https:\/\/prismagamers.com\/hu\/wp-json\/wp\/v2\/types\/product"}],"wp:featuredmedia":[{"embeddable":true,"href":"https:\/\/prismagamers.com\/hu\/wp-json\/wp\/v2\/media\/34768"}],"wp:attachment":[{"href":"https:\/\/prismagamers.com\/hu\/wp-json\/wp\/v2\/media?parent=34769"}],"wp:term":[{"taxonomy":"product_brand","embeddable":true,"href":"https:\/\/prismagamers.com\/hu\/wp-json\/wp\/v2\/product_brand?post=34769"},{"taxonomy":"product_cat","embeddable":true,"href":"https:\/\/prismagamers.com\/hu\/wp-json\/wp\/v2\/product_cat?post=34769"},{"taxonomy":"product_tag","embeddable":true,"href":"https:\/\/prismagamers.com\/hu\/wp-json\/wp\/v2\/product_tag?post=34769"}],"curies":[{"name":"wp","href":"https:\/\/api.w.org\/{rel}","templated":true}]}}