{"id":34781,"date":"2025-03-10T20:30:15","date_gmt":"2025-03-10T19:30:15","guid":{"rendered":"https:\/\/prismagamers.com\/produkt\/vampire-the-masquerade-coteries-of-new-york\/"},"modified":"2026-04-18T01:52:01","modified_gmt":"2026-04-17T23:52:01","slug":"vampire-the-masquerade-coteries-of-new-york","status":"publish","type":"product","link":"https:\/\/prismagamers.com\/hu\/produkt\/vampire-the-masquerade-coteries-of-new-york\/","title":{"rendered":"Vampire: The Masquerade &#8211; Coteries of New York"},"content":{"rendered":"<p data-start=\"0\" data-end=\"462\">A <strong data-start=\"0\" data-end=\"50\">Vampire: The Masquerade &#8211; Coteries of New York<\/strong> egy narrat\u00edv kalandj\u00e1t\u00e9k, amely a <strong data-start=\"0\" data-end=\"50\">Vampire: The Masquerade<\/strong> univerzum\u00e1ban j\u00e1tsz\u00f3dik.  <strong data-start=\"101\" data-end=\"138\">Vampire: The Masquerade 5. kiad\u00e1s <\/strong>amely a j\u00e1t\u00e9kosokat a v\u00e1mp\u00edrok s\u00f6t\u00e9t vil\u00e1g\u00e1ba, a hatalom\u00e9rt folytatott harcukba \u00e9s az embers\u00e9g\u00fck meg\u0151rz\u00e9s\u00e9re tett k\u00eds\u00e9rlet\u00fckbe kalauzolja. A j\u00e1t\u00e9k k\u00e9t v\u00e1mp\u00edrfrakci\u00f3: a konzervat\u00edv <strong data-start=\"322\" data-end=\"335\">Camarilla<\/strong> \u00e9s a f\u00fcggetlen <strong data-start=\"351\" data-end=\"364\">Anarchok<\/strong> k\u00f6z\u00f6tti konfliktust mutatja be, mindezt az \u00e9jszakai f\u00e9nyeir\u0151l \u00e9s egyedi hangulat\u00e1r\u00f3l ismert New York l\u00e9gk\u00f6r\u00e9ben. <\/p>\n<p data-start=\"464\" data-end=\"972\"><strong data-start=\"464\" data-end=\"488\">A Coteries of New York<\/strong> egy egyedi, egyj\u00e1t\u00e9kos kalandj\u00e1t\u00e9k, amelyben a j\u00e1t\u00e9kosok h\u00e1rom karakter (Ventrue, Toreador vagy Brujah) k\u00f6z\u00fcl v\u00e1laszthatnak, k\u00fcl\u00f6nb\u00f6z\u0151 k\u00e9pess\u00e9gekkel (Disciplines) \u00e9s erk\u00f6lcsi dilemm\u00e1khoz val\u00f3 hozz\u00e1\u00e1ll\u00e1ssal. D\u00f6nt\u00e9seid befoly\u00e1solj\u00e1k a t\u00f6rt\u00e9netet, amely a t\u00f6bbf\u00e9le befejez\u00e9s egyik\u00e9hez vezet, \u00edgy lehet\u0151s\u00e9ged ny\u00edlik arra, hogy k\u00fcl\u00f6nb\u00f6z\u0151 m\u00f3don \u00e9lhesd \u00e1t a j\u00e1t\u00e9kot. N\u00e9gy egyedi NPC-vel fogsz tal\u00e1lkozni, akiknek saj\u00e1t c\u00e9ljaik \u00e9s terveik vannak &#8211; a vel\u00fck val\u00f3 kapcsolatod meghat\u00e1rozhatja, hogy ki seg\u00edt neked a fin\u00e1l\u00e9ban.  <\/p>\n<p data-start=\"974\" data-end=\"1268\">A s\u00f6t\u00e9t t\u00e9m\u00e1kkal \u00e9s neh\u00e9z d\u00f6nt\u00e9sekkel teli j\u00e1t\u00e9kban az <strong data-start=\"1053\" data-end=\"1065\">\u00e9hs\u00e9ggel<\/strong> is gazd\u00e1lkodnod kell, \u00e9s a Fegyelem b\u00e1rmilyen haszn\u00e1lata s\u00falyosb\u00edthatja ezt a vesz\u00e9lyes tulajdons\u00e1got. A c\u00e9l a t\u00fal\u00e9l\u00e9s a brut\u00e1lis hatalmi harcban, a t\u00f6bbi v\u00e1mp\u00edrral val\u00f3 kapcsolat kialak\u00edt\u00e1sa \u00e9s ennek az \u00e1rul\u00e1sokkal teli vil\u00e1gnak a titkainak felfedez\u00e9se. <\/p>\n<h3 data-start=\"1270\" data-end=\"1284\">A j\u00e1t\u00e9k jellemz\u0151i:<\/h3>\n<ul data-start=\"1285\" data-end=\"1888\">\n<li data-start=\"1285\" data-end=\"1407\"><strong data-start=\"1287\" data-end=\"1304\">Karakterv\u00e1laszt\u00e1s<\/strong>: J\u00e1tssz <strong data-start=\"1318\" data-end=\"1329\">Ventrue<\/strong>, <strong data-start=\"1331\" data-end=\"1343\">Toreador<\/strong> vagy <strong data-start=\"1348\" data-end=\"1358\">Brujah<\/strong> szerep\u00e9ben, mindegyik karakter egyedi er\u0151kkel \u00e9s erk\u00f6lcsi d\u00f6nt\u00e9sekkel rendelkezik.<\/li>\n<li data-start=\"1408\" data-end=\"1517\"><strong data-start=\"1410\" data-end=\"1433\">Interakt\u00edv t\u00f6rt\u00e9net<\/strong>: el\u00e1gaz\u00f3 cselekm\u00e9ny\u00fatvonalak \u00e9s p\u00e1rbesz\u00e9dv\u00e1laszt\u00e1sok, amelyek k\u00fcl\u00f6nb\u00f6z\u0151 befejez\u00e9sekhez vezetnek.<\/li>\n<li data-start=\"1518\" data-end=\"1651\"><strong data-start=\"1520\" data-end=\"1556\">K\u00fcl\u00f6nb\u00f6z\u0151 NPC-k<\/strong>: Tal\u00e1lkozz Tremere, Nosferatu, Gangrel \u00e9s Malkavian, mindegyiknek megvannak a maga titkai \u00e9s c\u00e9ljai.<\/li>\n<li data-start=\"1652\" data-end=\"1757\"><strong data-start=\"1654\" data-end=\"1681\">Hangulatos New York<\/strong>: fedezze fel a v\u00e1ros s\u00f6t\u00e9t zugait, k\u00f6zt\u00fck ikonikus helyeket, a s\u00f6t\u00e9ts\u00e9g leple alatt.<\/li>\n<li data-start=\"1758\" data-end=\"1888\">Az \u00e9hs\u00e9g <strong data-start=\"1760\" data-end=\"1784\">kezel\u00e9se<\/strong>: Haszn\u00e1ld a v\u00e1mp\u00edr erej\u00e9t, de vigy\u00e1zz, hogy az \u00e9hs\u00e9ged ne em\u00e9ssze fel a sz\u00f6rnyeteg.<\/li>\n<\/ul>\n<p data-start=\"1890\" data-end=\"2105\">A <strong data-start=\"1890\" data-end=\"1940\">Vampire: The Masquerade &#8211; Coteries of New York<\/strong> a <strong data-start=\"1958\" data-end=\"1979\">World of Darkness<\/strong>, a <strong data-start=\"1981\" data-end=\"1997\">Bloodlines 2<\/strong> \u00e9s az <strong data-start=\"2001\" data-end=\"2008\">RPG-k<\/strong> rajong\u00f3i sz\u00e1m\u00e1ra k\u00e9sz\u00fclt j\u00e1t\u00e9k, m\u00e9ly erk\u00f6lcsi d\u00f6nt\u00e9sekkel, s\u00f6t\u00e9t t\u00f6rt\u00e9nettel \u00e9s a v\u00e1mp\u00edrpolitika jellegzetes hangulat\u00e1val.<\/p>\n","protected":false},"excerpt":{"rendered":"<p class=\"ai-optimize-26\">A <strong data-start=\"0\" data-end=\"50\" data-is-only-node=\"\">Vampire: The Masquerade &#8211; Coteries of New York<\/strong> egy narrat\u00edv kalandj\u00e1t\u00e9k, amely egy gazdag univerzumban j\u00e1tsz\u00f3dik.  <strong data-start=\"109\" data-end=\"146\">Vampire: The Masquerade 5. kiad\u00e1s <\/strong>. A j\u00e1t\u00e9k k\u00e9t v\u00e1mp\u00edrfrakci\u00f3 &#8211; a <strong data-start=\"214\" data-end=\"227\">Camarilla<\/strong> \u00e9s <strong data-start=\"230\" data-end=\"243\">az Anarchok<\/strong> &#8211; hatalmi harc\u00e1t mutatja be New York City s\u00f6t\u00e9t zugaiban, a Nagy Alma \u00e9jszakai f\u00e9nyei \u00e1ltal megvil\u00e1g\u00edtva.<\/p>\n<p class=\"ai-optimize-27\">\ud83c\udf0d Glob\u00e1lis<br \/>\n\u2699\ufe0f Steam<br \/>\n\ud83d\udddd Digit\u00e1lis kulcs<\/p>\n","protected":false},"featured_media":34780,"template":"","meta":{"_acf_changed":false,"site-sidebar-layout":"default","site-content-layout":"","ast-site-content-layout":"default","site-content-style":"default","site-sidebar-style":"default","ast-global-header-display":"","ast-banner-title-visibility":"","ast-main-header-display":"","ast-hfb-above-header-display":"","ast-hfb-below-header-display":"","ast-hfb-mobile-header-display":"","site-post-title":"","ast-breadcrumbs-content":"","ast-featured-img":"","footer-sml-layout":"","ast-disable-related-posts":"","theme-transparent-header-meta":"default","adv-header-id-meta":"","stick-header-meta":"","header-above-stick-meta":"","header-main-stick-meta":"","header-below-stick-meta":"","astra-migrate-meta-layouts":"default","ast-page-background-enabled":"default","ast-page-background-meta":{"desktop":{"background-color":"var(--ast-global-color-4)","background-image":"","background-repeat":"repeat","background-position":"center center","background-size":"auto","background-attachment":"scroll","background-type":"","background-media":"","overlay-type":"","overlay-color":"","overlay-opacity":"","overlay-gradient":""},"tablet":{"background-color":"","background-image":"","background-repeat":"repeat","background-position":"center center","background-size":"auto","background-attachment":"scroll","background-type":"","background-media":"","overlay-type":"","overlay-color":"","overlay-opacity":"","overlay-gradient":""},"mobile":{"background-color":"","background-image":"","background-repeat":"repeat","background-position":"center center","background-size":"auto","background-attachment":"scroll","background-type":"","background-media":"","overlay-type":"","overlay-color":"","overlay-opacity":"","overlay-gradient":""}},"ast-content-background-meta":{"desktop":{"background-color":"var(--ast-global-color-5)","background-image":"","background-repeat":"repeat","background-position":"center center","background-size":"auto","background-attachment":"scroll","background-type":"","background-media":"","overlay-type":"","overlay-color":"","overlay-opacity":"","overlay-gradient":""},"tablet":{"background-color":"var(--ast-global-color-5)","background-image":"","background-repeat":"repeat","background-position":"center center","background-size":"auto","background-attachment":"scroll","background-type":"","background-media":"","overlay-type":"","overlay-color":"","overlay-opacity":"","overlay-gradient":""},"mobile":{"background-color":"var(--ast-global-color-5)","background-image":"","background-repeat":"repeat","background-position":"center center","background-size":"auto","background-attachment":"scroll","background-type":"","background-media":"","overlay-type":"","overlay-color":"","overlay-opacity":"","overlay-gradient":""}}},"product_brand":[],"product_cat":[369,365,385,363,384,364,335],"product_tag":[542],"class_list":{"0":"post-34781","1":"product","2":"type-product","3":"status-publish","4":"has-post-thumbnail","6":"product_cat-csarnokok","7":"product_cat-goz","8":"product_cat-horror-hu","9":"product_cat-kaland-jatekok","10":"product_cat-kedves-falusiak","11":"product_cat-rpg-k","12":"product_cat-wyprzedaz","13":"product_tag-pid_04-hu","14":"desktop-align-left","15":"tablet-align-left","16":"mobile-align-left","18":"first","19":"instock","20":"virtual","21":"purchasable","22":"product-type-simple"},"acf":[],"yoast_head":"<!-- This site is optimized with the Yoast SEO Premium plugin v27.4 (Yoast SEO v27.4) - https:\/\/yoast.com\/product\/yoast-seo-premium-wordpress\/ -->\n<title>Vampire: The Masquerade - Coteries of New York - Prismagamers.com<\/title>\n<meta name=\"description\" content=\"A Vampire: The Masquerade - Coteries of New York egy narrat\u00edv kalandj\u00e1t\u00e9k, amely egy gazdag univerzumban j\u00e1tsz\u00f3dik. Vampire: The Masquerade 5. kiad\u00e1s . A j\u00e1t\u00e9k k\u00e9t v\u00e1mp\u00edrfrakci\u00f3 - a Camarilla \u00e9s az Anarchok - hatalmi harc\u00e1t mutatja be New York City s\u00f6t\u00e9t zugaiban, a Nagy Alma \u00e9jszakai f\u00e9nyei \u00e1ltal megvil\u00e1g\u00edtva. \ud83c\udf0d Glob\u00e1lis \u2699\ufe0f Steam \ud83d\udddd Digit\u00e1lis kulcs\" \/>\n<meta name=\"robots\" content=\"index, follow, max-snippet:-1, max-image-preview:large, max-video-preview:-1\" \/>\n<link rel=\"canonical\" href=\"https:\/\/prismagamers.com\/hu\/produkt\/vampire-the-masquerade-coteries-of-new-york\/\" \/>\n<meta property=\"og:locale\" content=\"hu_HU\" \/>\n<meta property=\"og:type\" content=\"article\" \/>\n<meta property=\"og:title\" content=\"Vampire: The Masquerade - Coteries of New York\" \/>\n<meta property=\"og:description\" content=\"A Vampire: The Masquerade - Coteries of New York egy narrat\u00edv kalandj\u00e1t\u00e9k, amely egy gazdag univerzumban j\u00e1tsz\u00f3dik. Vampire: The Masquerade 5. kiad\u00e1s . A j\u00e1t\u00e9k k\u00e9t v\u00e1mp\u00edrfrakci\u00f3 - a Camarilla \u00e9s az Anarchok - hatalmi harc\u00e1t mutatja be New York City s\u00f6t\u00e9t zugaiban, a Nagy Alma \u00e9jszakai f\u00e9nyei \u00e1ltal megvil\u00e1g\u00edtva. \ud83c\udf0d Glob\u00e1lis \u2699\ufe0f Steam \ud83d\udddd Digit\u00e1lis kulcs\" \/>\n<meta property=\"og:url\" content=\"https:\/\/prismagamers.com\/hu\/produkt\/vampire-the-masquerade-coteries-of-new-york\/\" \/>\n<meta property=\"og:site_name\" content=\"Prismagamers.com\" \/>\n<meta property=\"article:publisher\" content=\"https:\/\/www.facebook.com\/prismagamers\" \/>\n<meta property=\"article:modified_time\" content=\"2026-04-17T23:52:01+00:00\" \/>\n<meta property=\"og:image\" content=\"https:\/\/prismagamers.com\/wp-content\/uploads\/2025\/03\/Vampire-The-Masquerade-Coteries-of-New-York-e1741635004893.jpeg\" \/>\n\t<meta property=\"og:image:width\" content=\"700\" \/>\n\t<meta property=\"og:image:height\" content=\"982\" \/>\n\t<meta property=\"og:image:type\" content=\"image\/jpeg\" \/>\n<meta name=\"twitter:card\" content=\"summary_large_image\" \/>\n<meta name=\"twitter:label1\" content=\"Becs\u00fclt olvas\u00e1si id\u0151\" \/>\n\t<meta name=\"twitter:data1\" content=\"2 perc\" \/>\n<script type=\"application\/ld+json\" class=\"yoast-schema-graph\">{\"@context\":\"https:\\\/\\\/schema.org\",\"@graph\":[{\"@type\":\"WebPage\",\"@id\":\"https:\\\/\\\/prismagamers.com\\\/hu\\\/produkt\\\/vampire-the-masquerade-coteries-of-new-york\\\/\",\"url\":\"https:\\\/\\\/prismagamers.com\\\/hu\\\/produkt\\\/vampire-the-masquerade-coteries-of-new-york\\\/\",\"name\":\"Vampire: The Masquerade - Coteries of New York - Prismagamers.com\",\"isPartOf\":{\"@id\":\"https:\\\/\\\/prismagamers.com\\\/hu\\\/#website\"},\"primaryImageOfPage\":{\"@id\":\"https:\\\/\\\/prismagamers.com\\\/hu\\\/produkt\\\/vampire-the-masquerade-coteries-of-new-york\\\/#primaryimage\"},\"image\":{\"@id\":\"https:\\\/\\\/prismagamers.com\\\/hu\\\/produkt\\\/vampire-the-masquerade-coteries-of-new-york\\\/#primaryimage\"},\"thumbnailUrl\":\"https:\\\/\\\/prismagamers.com\\\/wp-content\\\/uploads\\\/2025\\\/03\\\/Vampire-The-Masquerade-Coteries-of-New-York-e1741635004893.jpeg\",\"datePublished\":\"2025-03-10T19:30:15+00:00\",\"dateModified\":\"2026-04-17T23:52:01+00:00\",\"description\":\"A Vampire: The Masquerade - Coteries of New York egy narrat\u00edv kalandj\u00e1t\u00e9k, amely egy gazdag univerzumban j\u00e1tsz\u00f3dik. Vampire: The Masquerade 5. kiad\u00e1s . A j\u00e1t\u00e9k k\u00e9t v\u00e1mp\u00edrfrakci\u00f3 - a Camarilla \u00e9s az Anarchok - hatalmi harc\u00e1t mutatja be New York City s\u00f6t\u00e9t zugaiban, a Nagy Alma \u00e9jszakai f\u00e9nyei \u00e1ltal megvil\u00e1g\u00edtva. \ud83c\udf0d Glob\u00e1lis \u2699\ufe0f Steam \ud83d\udddd Digit\u00e1lis kulcs\",\"breadcrumb\":{\"@id\":\"https:\\\/\\\/prismagamers.com\\\/hu\\\/produkt\\\/vampire-the-masquerade-coteries-of-new-york\\\/#breadcrumb\"},\"inLanguage\":\"hu\",\"potentialAction\":[{\"@type\":\"ReadAction\",\"target\":[\"https:\\\/\\\/prismagamers.com\\\/hu\\\/produkt\\\/vampire-the-masquerade-coteries-of-new-york\\\/\"]}]},{\"@type\":\"ImageObject\",\"inLanguage\":\"hu\",\"@id\":\"https:\\\/\\\/prismagamers.com\\\/hu\\\/produkt\\\/vampire-the-masquerade-coteries-of-new-york\\\/#primaryimage\",\"url\":\"https:\\\/\\\/prismagamers.com\\\/wp-content\\\/uploads\\\/2025\\\/03\\\/Vampire-The-Masquerade-Coteries-of-New-York-e1741635004893.jpeg\",\"contentUrl\":\"https:\\\/\\\/prismagamers.com\\\/wp-content\\\/uploads\\\/2025\\\/03\\\/Vampire-The-Masquerade-Coteries-of-New-York-e1741635004893.jpeg\",\"width\":700,\"height\":982,\"caption\":\"Vampire: The Masquerade - Coteries of New York bor\u00edt\u00f3ja\"},{\"@type\":\"BreadcrumbList\",\"@id\":\"https:\\\/\\\/prismagamers.com\\\/hu\\\/produkt\\\/vampire-the-masquerade-coteries-of-new-york\\\/#breadcrumb\",\"itemListElement\":[{\"@type\":\"ListItem\",\"position\":1,\"name\":\"Strona g\u0142\u00f3wna\",\"item\":\"https:\\\/\\\/prismagamers.com\\\/hu\\\/prismagamers\\\/\"},{\"@type\":\"ListItem\",\"position\":2,\"name\":\"Shop\",\"item\":\"https:\\\/\\\/prismagamers.com\\\/hu\\\/shop\\\/\"},{\"@type\":\"ListItem\",\"position\":3,\"name\":\"Vampire: The Masquerade &#8211; Coteries of New York\"}]},{\"@type\":\"WebSite\",\"@id\":\"https:\\\/\\\/prismagamers.com\\\/hu\\\/#website\",\"url\":\"https:\\\/\\\/prismagamers.com\\\/hu\\\/\",\"name\":\"Prismagamers\",\"description\":\"Sklep z grami PC I Sklep klucze Steam\",\"publisher\":{\"@id\":\"https:\\\/\\\/prismagamers.com\\\/hu\\\/#organization\"},\"potentialAction\":[{\"@type\":\"SearchAction\",\"target\":{\"@type\":\"EntryPoint\",\"urlTemplate\":\"https:\\\/\\\/prismagamers.com\\\/hu\\\/?s={search_term_string}\"},\"query-input\":{\"@type\":\"PropertyValueSpecification\",\"valueRequired\":true,\"valueName\":\"search_term_string\"}}],\"inLanguage\":\"hu\"},{\"@type\":\"Organization\",\"@id\":\"https:\\\/\\\/prismagamers.com\\\/hu\\\/#organization\",\"name\":\"Prismagamers\",\"url\":\"https:\\\/\\\/prismagamers.com\\\/hu\\\/\",\"logo\":{\"@type\":\"ImageObject\",\"inLanguage\":\"hu\",\"@id\":\"https:\\\/\\\/prismagamers.com\\\/hu\\\/#\\\/schema\\\/logo\\\/image\\\/\",\"url\":\"https:\\\/\\\/prismagamers.com\\\/wp-content\\\/uploads\\\/2022\\\/04\\\/cropped-logo-Prismagamers-01-scaled-1.jpg\",\"contentUrl\":\"https:\\\/\\\/prismagamers.com\\\/wp-content\\\/uploads\\\/2022\\\/04\\\/cropped-logo-Prismagamers-01-scaled-1.jpg\",\"width\":512,\"height\":512,\"caption\":\"Prismagamers\"},\"image\":{\"@id\":\"https:\\\/\\\/prismagamers.com\\\/hu\\\/#\\\/schema\\\/logo\\\/image\\\/\"},\"sameAs\":[\"https:\\\/\\\/www.facebook.com\\\/prismagamers\",\"https:\\\/\\\/www.instagram.com\\\/prismagamers_grycyfrowe\\\/\"],\"description\":\"Prismagamers.com to dynamiczny sklep z grami cyfrowymi, stworzony z my\u015bl\u0105 o entuzjastach gier wideo. Nasza strona oferuje szerok\u0105 gam\u0119 gier komputerowych, w tym najnowsze tytu\u0142y, dobrze znane klasyki oraz gry stworzone przez niezale\u017cne studia Ca\u0142y czas d\u0105\u017cymy do rozszerzenia naszej oferty. Do\u0142\u0105cz do nas i sta\u0144 si\u0119 cz\u0119\u015bci\u0105 naszej rosn\u0105cej spo\u0142eczno\u015bci graczy!\",\"email\":\"shop@prismagamers.com\",\"telephone\":\"48795541705\",\"legalName\":\"East Caravan Maksym \u017bukow\",\"foundingDate\":\"2012-05-10\",\"vatID\":\"PL8943038612\",\"taxID\":\"PL8943038612\",\"numberOfEmployees\":{\"@type\":\"QuantitativeValue\",\"minValue\":\"11\",\"maxValue\":\"50\"}}]}<\/script>\n<!-- \/ Yoast SEO Premium plugin. -->","yoast_head_json":{"title":"Vampire: The Masquerade - Coteries of New York - Prismagamers.com","description":"A Vampire: The Masquerade - Coteries of New York egy narrat\u00edv kalandj\u00e1t\u00e9k, amely egy gazdag univerzumban j\u00e1tsz\u00f3dik. Vampire: The Masquerade 5. kiad\u00e1s . A j\u00e1t\u00e9k k\u00e9t v\u00e1mp\u00edrfrakci\u00f3 - a Camarilla \u00e9s az Anarchok - hatalmi harc\u00e1t mutatja be New York City s\u00f6t\u00e9t zugaiban, a Nagy Alma \u00e9jszakai f\u00e9nyei \u00e1ltal megvil\u00e1g\u00edtva. \ud83c\udf0d Glob\u00e1lis \u2699\ufe0f Steam \ud83d\udddd Digit\u00e1lis kulcs","robots":{"index":"index","follow":"follow","max-snippet":"max-snippet:-1","max-image-preview":"max-image-preview:large","max-video-preview":"max-video-preview:-1"},"canonical":"https:\/\/prismagamers.com\/hu\/produkt\/vampire-the-masquerade-coteries-of-new-york\/","og_locale":"hu_HU","og_type":"article","og_title":"Vampire: The Masquerade - Coteries of New York","og_description":"A Vampire: The Masquerade - Coteries of New York egy narrat\u00edv kalandj\u00e1t\u00e9k, amely egy gazdag univerzumban j\u00e1tsz\u00f3dik. Vampire: The Masquerade 5. kiad\u00e1s . A j\u00e1t\u00e9k k\u00e9t v\u00e1mp\u00edrfrakci\u00f3 - a Camarilla \u00e9s az Anarchok - hatalmi harc\u00e1t mutatja be New York City s\u00f6t\u00e9t zugaiban, a Nagy Alma \u00e9jszakai f\u00e9nyei \u00e1ltal megvil\u00e1g\u00edtva. \ud83c\udf0d Glob\u00e1lis \u2699\ufe0f Steam \ud83d\udddd Digit\u00e1lis kulcs","og_url":"https:\/\/prismagamers.com\/hu\/produkt\/vampire-the-masquerade-coteries-of-new-york\/","og_site_name":"Prismagamers.com","article_publisher":"https:\/\/www.facebook.com\/prismagamers","article_modified_time":"2026-04-17T23:52:01+00:00","og_image":[{"width":700,"height":982,"url":"https:\/\/prismagamers.com\/wp-content\/uploads\/2025\/03\/Vampire-The-Masquerade-Coteries-of-New-York-e1741635004893.jpeg","type":"image\/jpeg"}],"twitter_card":"summary_large_image","twitter_misc":{"Becs\u00fclt olvas\u00e1si id\u0151":"2 perc"},"schema":{"@context":"https:\/\/schema.org","@graph":[{"@type":"WebPage","@id":"https:\/\/prismagamers.com\/hu\/produkt\/vampire-the-masquerade-coteries-of-new-york\/","url":"https:\/\/prismagamers.com\/hu\/produkt\/vampire-the-masquerade-coteries-of-new-york\/","name":"Vampire: The Masquerade - Coteries of New York - Prismagamers.com","isPartOf":{"@id":"https:\/\/prismagamers.com\/hu\/#website"},"primaryImageOfPage":{"@id":"https:\/\/prismagamers.com\/hu\/produkt\/vampire-the-masquerade-coteries-of-new-york\/#primaryimage"},"image":{"@id":"https:\/\/prismagamers.com\/hu\/produkt\/vampire-the-masquerade-coteries-of-new-york\/#primaryimage"},"thumbnailUrl":"https:\/\/prismagamers.com\/wp-content\/uploads\/2025\/03\/Vampire-The-Masquerade-Coteries-of-New-York-e1741635004893.jpeg","datePublished":"2025-03-10T19:30:15+00:00","dateModified":"2026-04-17T23:52:01+00:00","description":"A Vampire: The Masquerade - Coteries of New York egy narrat\u00edv kalandj\u00e1t\u00e9k, amely egy gazdag univerzumban j\u00e1tsz\u00f3dik. Vampire: The Masquerade 5. kiad\u00e1s . A j\u00e1t\u00e9k k\u00e9t v\u00e1mp\u00edrfrakci\u00f3 - a Camarilla \u00e9s az Anarchok - hatalmi harc\u00e1t mutatja be New York City s\u00f6t\u00e9t zugaiban, a Nagy Alma \u00e9jszakai f\u00e9nyei \u00e1ltal megvil\u00e1g\u00edtva. \ud83c\udf0d Glob\u00e1lis \u2699\ufe0f Steam \ud83d\udddd Digit\u00e1lis kulcs","breadcrumb":{"@id":"https:\/\/prismagamers.com\/hu\/produkt\/vampire-the-masquerade-coteries-of-new-york\/#breadcrumb"},"inLanguage":"hu","potentialAction":[{"@type":"ReadAction","target":["https:\/\/prismagamers.com\/hu\/produkt\/vampire-the-masquerade-coteries-of-new-york\/"]}]},{"@type":"ImageObject","inLanguage":"hu","@id":"https:\/\/prismagamers.com\/hu\/produkt\/vampire-the-masquerade-coteries-of-new-york\/#primaryimage","url":"https:\/\/prismagamers.com\/wp-content\/uploads\/2025\/03\/Vampire-The-Masquerade-Coteries-of-New-York-e1741635004893.jpeg","contentUrl":"https:\/\/prismagamers.com\/wp-content\/uploads\/2025\/03\/Vampire-The-Masquerade-Coteries-of-New-York-e1741635004893.jpeg","width":700,"height":982,"caption":"Vampire: The Masquerade - Coteries of New York bor\u00edt\u00f3ja"},{"@type":"BreadcrumbList","@id":"https:\/\/prismagamers.com\/hu\/produkt\/vampire-the-masquerade-coteries-of-new-york\/#breadcrumb","itemListElement":[{"@type":"ListItem","position":1,"name":"Strona g\u0142\u00f3wna","item":"https:\/\/prismagamers.com\/hu\/prismagamers\/"},{"@type":"ListItem","position":2,"name":"Shop","item":"https:\/\/prismagamers.com\/hu\/shop\/"},{"@type":"ListItem","position":3,"name":"Vampire: The Masquerade &#8211; Coteries of New York"}]},{"@type":"WebSite","@id":"https:\/\/prismagamers.com\/hu\/#website","url":"https:\/\/prismagamers.com\/hu\/","name":"Prismagamers","description":"Sklep z grami PC I Sklep klucze Steam","publisher":{"@id":"https:\/\/prismagamers.com\/hu\/#organization"},"potentialAction":[{"@type":"SearchAction","target":{"@type":"EntryPoint","urlTemplate":"https:\/\/prismagamers.com\/hu\/?s={search_term_string}"},"query-input":{"@type":"PropertyValueSpecification","valueRequired":true,"valueName":"search_term_string"}}],"inLanguage":"hu"},{"@type":"Organization","@id":"https:\/\/prismagamers.com\/hu\/#organization","name":"Prismagamers","url":"https:\/\/prismagamers.com\/hu\/","logo":{"@type":"ImageObject","inLanguage":"hu","@id":"https:\/\/prismagamers.com\/hu\/#\/schema\/logo\/image\/","url":"https:\/\/prismagamers.com\/wp-content\/uploads\/2022\/04\/cropped-logo-Prismagamers-01-scaled-1.jpg","contentUrl":"https:\/\/prismagamers.com\/wp-content\/uploads\/2022\/04\/cropped-logo-Prismagamers-01-scaled-1.jpg","width":512,"height":512,"caption":"Prismagamers"},"image":{"@id":"https:\/\/prismagamers.com\/hu\/#\/schema\/logo\/image\/"},"sameAs":["https:\/\/www.facebook.com\/prismagamers","https:\/\/www.instagram.com\/prismagamers_grycyfrowe\/"],"description":"Prismagamers.com to dynamiczny sklep z grami cyfrowymi, stworzony z my\u015bl\u0105 o entuzjastach gier wideo. Nasza strona oferuje szerok\u0105 gam\u0119 gier komputerowych, w tym najnowsze tytu\u0142y, dobrze znane klasyki oraz gry stworzone przez niezale\u017cne studia Ca\u0142y czas d\u0105\u017cymy do rozszerzenia naszej oferty. Do\u0142\u0105cz do nas i sta\u0144 si\u0119 cz\u0119\u015bci\u0105 naszej rosn\u0105cej spo\u0142eczno\u015bci graczy!","email":"shop@prismagamers.com","telephone":"48795541705","legalName":"East Caravan Maksym \u017bukow","foundingDate":"2012-05-10","vatID":"PL8943038612","taxID":"PL8943038612","numberOfEmployees":{"@type":"QuantitativeValue","minValue":"11","maxValue":"50"}}]}},"_links":{"self":[{"href":"https:\/\/prismagamers.com\/hu\/wp-json\/wp\/v2\/product\/34781","targetHints":{"allow":["GET"]}}],"collection":[{"href":"https:\/\/prismagamers.com\/hu\/wp-json\/wp\/v2\/product"}],"about":[{"href":"https:\/\/prismagamers.com\/hu\/wp-json\/wp\/v2\/types\/product"}],"wp:featuredmedia":[{"embeddable":true,"href":"https:\/\/prismagamers.com\/hu\/wp-json\/wp\/v2\/media\/34780"}],"wp:attachment":[{"href":"https:\/\/prismagamers.com\/hu\/wp-json\/wp\/v2\/media?parent=34781"}],"wp:term":[{"taxonomy":"product_brand","embeddable":true,"href":"https:\/\/prismagamers.com\/hu\/wp-json\/wp\/v2\/product_brand?post=34781"},{"taxonomy":"product_cat","embeddable":true,"href":"https:\/\/prismagamers.com\/hu\/wp-json\/wp\/v2\/product_cat?post=34781"},{"taxonomy":"product_tag","embeddable":true,"href":"https:\/\/prismagamers.com\/hu\/wp-json\/wp\/v2\/product_tag?post=34781"}],"curies":[{"name":"wp","href":"https:\/\/api.w.org\/{rel}","templated":true}]}}