{"id":34793,"date":"2025-03-10T20:38:36","date_gmt":"2025-03-10T19:38:36","guid":{"rendered":"https:\/\/prismagamers.com\/produkt\/naheulbeuk-bortonmestere\/"},"modified":"2025-08-26T13:50:53","modified_gmt":"2025-08-26T11:50:53","slug":"naheulbeuk-bortonmestere","status":"publish","type":"product","link":"https:\/\/prismagamers.com\/hu\/produkt\/naheulbeuk-bortonmestere\/","title":{"rendered":"Naheulbeuk: Dungeon Manager"},"content":{"rendered":"<p data-start=\"0\" data-end=\"475\">A <strong data-start=\"0\" data-end=\"31\">Naheulbeuk: Dungeon Manager<\/strong> egy sz\u00f3rakoztat\u00f3 strat\u00e9giai j\u00e1t\u00e9k, amelyben Reivaxot, a dungeon menedzsert alak\u00edtod, akinek feladata egy hatalmas, ingatag torony fel\u00e9p\u00edt\u00e9se, tele rejt\u00e9lyes \u00e9s szokatlan karakterekkel. Nemcsak a v\u00e1rb\u00f6rt\u00f6nt kell b\u0151v\u00edtened \u00e9s \u00faj l\u00e1togat\u00f3kat vonzanod, hanem a mesterednek, a gonosz m\u00e1gus Zangdarnak is meg kell felelned, elker\u00fclve a haragj\u00e1t. N\u00e9zz szembe a kih\u00edv\u00e1sokkal, ir\u00e1ny\u00edtsd seg\u00edt\u0151idet, tervezz alattomos csapd\u00e1kat \u00e9s t\u00e1madj meg szomsz\u00e9dos b\u00f6rt\u00f6n\u00f6ket, hogy megszerezd az uralmat!<\/p>\n<h3 data-start=\"477\" data-end=\"500\">A j\u00e1t\u00e9k f\u0151bb jellemz\u0151i:<\/h3>\n<ul data-start=\"501\" data-end=\"1209\">\n<li data-start=\"501\" data-end=\"603\"><strong data-start=\"503\" data-end=\"526\">Dungeon menedzsment<\/strong> &#8211; \u00c9p\u00edts \u00e9s dekor\u00e1lj dungeonokat, hogy \u00faj szponzorokat \u00e9s szem\u00e9lyzetet vonzz.<\/li>\n<li data-start=\"604\" data-end=\"715\"><strong data-start=\"606\" data-end=\"628\">H\u00edrn\u00e9v \u00e9s fejl\u0151d\u00e9s<\/strong> &#8211; N\u00f6veld a h\u00edrnevedet tan\u00e1csad\u00f3k\u00e9nt, \u00e9s hozd l\u00e9tre a legcsavarosabb b\u00f6rt\u00f6nt, hogy h\u00edrnevet szerezz magadnak.<\/li>\n<li data-start=\"716\" data-end=\"861\"><strong data-start=\"718\" data-end=\"761\">Alkalmazottak felv\u00e9tele \u00e9s ir\u00e1ny\u00edt\u00e1sa<\/strong> &#8211; Haszn\u00e1ld fel seg\u00edt\u0151id egyedi k\u00e9pess\u00e9geit a v\u00e1rb\u00f6rt\u00f6n fejleszt\u00e9s\u00e9hez \u00e9s az ig\u00e9nyeik kiel\u00e9g\u00edt\u00e9s\u00e9hez.<\/li>\n<li data-start=\"862\" data-end=\"971\"><strong data-start=\"864\" data-end=\"884\">V\u00e9dekez\u00e9s \u00e9s intrika<\/strong> &#8211; K\u00e9sz\u00edts alattomos csapd\u00e1kat, hogy megv\u00e9dd a v\u00e1rb\u00f6rt\u00f6nt a betolakod\u00f3kt\u00f3l \u00e9s a kalandorokt\u00f3l.<\/li>\n<li data-start=\"972\" data-end=\"1093\"><strong data-start=\"974\" data-end=\"996\">Strat\u00e9giai t\u00e1mad\u00e1sok<\/strong> &#8211; Naponta k\u00fcldd el csatl\u00f3saidat m\u00e1s dungeonok ellen, hogy razzi\u00e1zzanak, \u00e9s \u00e9rt\u00e9kes nyersanyagokat szerezzenek.<\/li>\n<li data-start=\"1094\" data-end=\"1209\"><strong data-start=\"1096\" data-end=\"1118\">Termel\u00e9s \u00e9s kereskedelem<\/strong> &#8211; Gy\u0171jts \u00e9s adj el nyersanyagokat, hogy piaci el\u0151nyre tegy\u00e9l szert, \u00e9s urald a Naheulbeuk piac\u00e1t!<\/li>\n<\/ul>\n","protected":false},"excerpt":{"rendered":"<p><strong data-start=\"0\" data-end=\"25\" data-is-only-node=\"\">A Dungeon of Naheulbeuk<\/strong> egy humoros fantasy j\u00e1t\u00e9k, amelyben saj\u00e1t tornyot hozhatsz l\u00e9tre, kezelheted a v\u00e1rb\u00f6rt\u00f6n\u00f6ket \u00e9s v\u00e1llalhatod a v\u00e9delm\u00fcket a vesz\u00e9lyekkel szemben. A t\u00e1ntorg\u00f3 \u00e9p\u00edtm\u00e9nyt\u0151l a vesz\u00e9lyekkel teli ligetig egy olyan k\u00fcldet\u00e9s v\u00e1r r\u00e1d, amely \u00f6tv\u00f6zi a menedzsmentet, a strat\u00e9giai v\u00e9dekez\u00e9st \u00e9s a humoros kalandot. Gy\u0171jts nyersanyagokat, alkalmazz seg\u00edt\u0151ket \u00e9s sz\u00e1llj szembe a t\u00e1mad\u00e1sokkal, hogy megteremtsd \u00e1lmaid b\u00f6rt\u00f6n\u00e9t!<\/p>\n<p>\ud83c\udf0d Glob\u00e1lis<br \/>\n\u2699\ufe0f Steam<br \/>\n\ud83d\udddd Digit\u00e1lis kulcs<\/p>\n","protected":false},"featured_media":34791,"template":"","meta":{"_acf_changed":false,"site-sidebar-layout":"default","site-content-layout":"","ast-site-content-layout":"default","site-content-style":"default","site-sidebar-style":"default","ast-global-header-display":"","ast-banner-title-visibility":"","ast-main-header-display":"","ast-hfb-above-header-display":"","ast-hfb-below-header-display":"","ast-hfb-mobile-header-display":"","site-post-title":"","ast-breadcrumbs-content":"","ast-featured-img":"","footer-sml-layout":"","ast-disable-related-posts":"","theme-transparent-header-meta":"default","adv-header-id-meta":"","stick-header-meta":"","header-above-stick-meta":"","header-main-stick-meta":"","header-below-stick-meta":"","astra-migrate-meta-layouts":"set","ast-page-background-enabled":"default","ast-page-background-meta":{"desktop":{"background-color":"var(--ast-global-color-4)","background-image":"","background-repeat":"repeat","background-position":"center center","background-size":"auto","background-attachment":"scroll","background-type":"","background-media":"","overlay-type":"","overlay-color":"","overlay-opacity":"","overlay-gradient":""},"tablet":{"background-color":"","background-image":"","background-repeat":"repeat","background-position":"center center","background-size":"auto","background-attachment":"scroll","background-type":"","background-media":"","overlay-type":"","overlay-color":"","overlay-opacity":"","overlay-gradient":""},"mobile":{"background-color":"","background-image":"","background-repeat":"repeat","background-position":"center center","background-size":"auto","background-attachment":"scroll","background-type":"","background-media":"","overlay-type":"","overlay-color":"","overlay-opacity":"","overlay-gradient":""}},"ast-content-background-meta":{"desktop":{"background-color":"var(--ast-global-color-5)","background-image":"","background-repeat":"repeat","background-position":"center center","background-size":"auto","background-attachment":"scroll","background-type":"","background-media":"","overlay-type":"","overlay-color":"","overlay-opacity":"","overlay-gradient":""},"tablet":{"background-color":"var(--ast-global-color-5)","background-image":"","background-repeat":"repeat","background-position":"center center","background-size":"auto","background-attachment":"scroll","background-type":"","background-media":"","overlay-type":"","overlay-color":"","overlay-opacity":"","overlay-gradient":""},"mobile":{"background-color":"var(--ast-global-color-5)","background-image":"","background-repeat":"repeat","background-position":"center center","background-size":"auto","background-attachment":"scroll","background-type":"","background-media":"","overlay-type":"","overlay-color":"","overlay-opacity":"","overlay-gradient":""}}},"product_brand":[],"product_cat":[365,372,384,386],"product_tag":[],"class_list":{"0":"post-34793","1":"product","2":"type-product","3":"status-publish","4":"has-post-thumbnail","6":"product_cat-goz","7":"product_cat-jatekok-szimulatorok","8":"product_cat-kedves-falusiak","9":"product_cat-strategiai-jatekok","10":"desktop-align-left","11":"tablet-align-left","12":"mobile-align-left","14":"first","15":"instock","16":"virtual","17":"purchasable","18":"product-type-simple"},"acf":[],"yoast_head":"<!-- This site is optimized with the Yoast SEO Premium plugin v27.4 (Yoast SEO v27.4) - https:\/\/yoast.com\/product\/yoast-seo-premium-wordpress\/ -->\n<title>Naheulbeuk: Dungeon Manager - Prismagamers.com<\/title>\n<meta name=\"description\" content=\"A Dungeon of Naheulbeuk egy humoros fantasy j\u00e1t\u00e9k, amelyben saj\u00e1t tornyot hozhatsz l\u00e9tre, kezelheted a v\u00e1rb\u00f6rt\u00f6n\u00f6ket \u00e9s v\u00e1llalhatod a v\u00e9delm\u00fcket a vesz\u00e9lyekkel szemben. A t\u00e1ntorg\u00f3 \u00e9p\u00edtm\u00e9nyt\u0151l a vesz\u00e9lyekkel teli ligetig egy olyan k\u00fcldet\u00e9s v\u00e1r r\u00e1d, amely \u00f6tv\u00f6zi a menedzsmentet, a strat\u00e9giai v\u00e9dekez\u00e9st \u00e9s a humoros kalandot. Gy\u0171jts nyersanyagokat, alkalmazz seg\u00edt\u0151ket \u00e9s sz\u00e1llj szembe a t\u00e1mad\u00e1sokkal, hogy megteremtsd \u00e1lmaid b\u00f6rt\u00f6n\u00e9t!  \ud83c\udf0d Glob\u00e1lis \u2699\ufe0f Steam \ud83d\udddd Digit\u00e1lis kulcs\" \/>\n<meta name=\"robots\" content=\"index, follow, max-snippet:-1, max-image-preview:large, max-video-preview:-1\" \/>\n<link rel=\"canonical\" href=\"https:\/\/prismagamers.com\/hu\/produkt\/naheulbeuk-bortonmestere\/\" \/>\n<meta property=\"og:locale\" content=\"hu_HU\" \/>\n<meta property=\"og:type\" content=\"article\" \/>\n<meta property=\"og:title\" content=\"Naheulbeuk: Dungeon Manager\" \/>\n<meta property=\"og:description\" content=\"A Dungeon of Naheulbeuk egy humoros fantasy j\u00e1t\u00e9k, amelyben saj\u00e1t tornyot hozhatsz l\u00e9tre, kezelheted a v\u00e1rb\u00f6rt\u00f6n\u00f6ket \u00e9s v\u00e1llalhatod a v\u00e9delm\u00fcket a vesz\u00e9lyekkel szemben. A t\u00e1ntorg\u00f3 \u00e9p\u00edtm\u00e9nyt\u0151l a vesz\u00e9lyekkel teli ligetig egy olyan k\u00fcldet\u00e9s v\u00e1r r\u00e1d, amely \u00f6tv\u00f6zi a menedzsmentet, a strat\u00e9giai v\u00e9dekez\u00e9st \u00e9s a humoros kalandot. Gy\u0171jts nyersanyagokat, alkalmazz seg\u00edt\u0151ket \u00e9s sz\u00e1llj szembe a t\u00e1mad\u00e1sokkal, hogy megteremtsd \u00e1lmaid b\u00f6rt\u00f6n\u00e9t!  \ud83c\udf0d Glob\u00e1lis \u2699\ufe0f Steam \ud83d\udddd Digit\u00e1lis kulcs\" \/>\n<meta property=\"og:url\" content=\"https:\/\/prismagamers.com\/hu\/produkt\/naheulbeuk-bortonmestere\/\" \/>\n<meta property=\"og:site_name\" content=\"Prismagamers.com\" \/>\n<meta property=\"article:publisher\" content=\"https:\/\/www.facebook.com\/prismagamers\" \/>\n<meta property=\"article:modified_time\" content=\"2025-08-26T11:50:53+00:00\" \/>\n<meta property=\"og:image\" content=\"https:\/\/prismagamers.com\/wp-content\/uploads\/2025\/03\/library_600x900_2x-7-e1741635487249.jpg\" \/>\n\t<meta property=\"og:image:width\" content=\"600\" \/>\n\t<meta property=\"og:image:height\" content=\"900\" \/>\n\t<meta property=\"og:image:type\" content=\"image\/jpeg\" \/>\n<meta name=\"twitter:card\" content=\"summary_large_image\" \/>\n<meta name=\"twitter:label1\" content=\"Becs\u00fclt olvas\u00e1si id\u0151\" \/>\n\t<meta name=\"twitter:data1\" content=\"2 perc\" \/>\n<script type=\"application\/ld+json\" class=\"yoast-schema-graph\">{\"@context\":\"https:\\\/\\\/schema.org\",\"@graph\":[{\"@type\":\"WebPage\",\"@id\":\"https:\\\/\\\/prismagamers.com\\\/hu\\\/produkt\\\/naheulbeuk-bortonmestere\\\/\",\"url\":\"https:\\\/\\\/prismagamers.com\\\/hu\\\/produkt\\\/naheulbeuk-bortonmestere\\\/\",\"name\":\"Naheulbeuk: Dungeon Manager - Prismagamers.com\",\"isPartOf\":{\"@id\":\"https:\\\/\\\/prismagamers.com\\\/hu\\\/#website\"},\"primaryImageOfPage\":{\"@id\":\"https:\\\/\\\/prismagamers.com\\\/hu\\\/produkt\\\/naheulbeuk-bortonmestere\\\/#primaryimage\"},\"image\":{\"@id\":\"https:\\\/\\\/prismagamers.com\\\/hu\\\/produkt\\\/naheulbeuk-bortonmestere\\\/#primaryimage\"},\"thumbnailUrl\":\"https:\\\/\\\/prismagamers.com\\\/wp-content\\\/uploads\\\/2025\\\/03\\\/library_600x900_2x-7-e1741635487249.jpg\",\"datePublished\":\"2025-03-10T19:38:36+00:00\",\"dateModified\":\"2025-08-26T11:50:53+00:00\",\"description\":\"A Dungeon of Naheulbeuk egy humoros fantasy j\u00e1t\u00e9k, amelyben saj\u00e1t tornyot hozhatsz l\u00e9tre, kezelheted a v\u00e1rb\u00f6rt\u00f6n\u00f6ket \u00e9s v\u00e1llalhatod a v\u00e9delm\u00fcket a vesz\u00e9lyekkel szemben. A t\u00e1ntorg\u00f3 \u00e9p\u00edtm\u00e9nyt\u0151l a vesz\u00e9lyekkel teli ligetig egy olyan k\u00fcldet\u00e9s v\u00e1r r\u00e1d, amely \u00f6tv\u00f6zi a menedzsmentet, a strat\u00e9giai v\u00e9dekez\u00e9st \u00e9s a humoros kalandot. Gy\u0171jts nyersanyagokat, alkalmazz seg\u00edt\u0151ket \u00e9s sz\u00e1llj szembe a t\u00e1mad\u00e1sokkal, hogy megteremtsd \u00e1lmaid b\u00f6rt\u00f6n\u00e9t! \ud83c\udf0d Glob\u00e1lis \u2699\ufe0f Steam \ud83d\udddd Digit\u00e1lis kulcs\",\"breadcrumb\":{\"@id\":\"https:\\\/\\\/prismagamers.com\\\/hu\\\/produkt\\\/naheulbeuk-bortonmestere\\\/#breadcrumb\"},\"inLanguage\":\"hu\",\"potentialAction\":[{\"@type\":\"ReadAction\",\"target\":[\"https:\\\/\\\/prismagamers.com\\\/hu\\\/produkt\\\/naheulbeuk-bortonmestere\\\/\"]}]},{\"@type\":\"ImageObject\",\"inLanguage\":\"hu\",\"@id\":\"https:\\\/\\\/prismagamers.com\\\/hu\\\/produkt\\\/naheulbeuk-bortonmestere\\\/#primaryimage\",\"url\":\"https:\\\/\\\/prismagamers.com\\\/wp-content\\\/uploads\\\/2025\\\/03\\\/library_600x900_2x-7-e1741635487249.jpg\",\"contentUrl\":\"https:\\\/\\\/prismagamers.com\\\/wp-content\\\/uploads\\\/2025\\\/03\\\/library_600x900_2x-7-e1741635487249.jpg\",\"width\":600,\"height\":900,\"caption\":\"Naheulbeuk's Dungeon Master boxshot\"},{\"@type\":\"BreadcrumbList\",\"@id\":\"https:\\\/\\\/prismagamers.com\\\/hu\\\/produkt\\\/naheulbeuk-bortonmestere\\\/#breadcrumb\",\"itemListElement\":[{\"@type\":\"ListItem\",\"position\":1,\"name\":\"Strona g\u0142\u00f3wna\",\"item\":\"https:\\\/\\\/prismagamers.com\\\/hu\\\/prismagamers\\\/\"},{\"@type\":\"ListItem\",\"position\":2,\"name\":\"Shop\",\"item\":\"https:\\\/\\\/prismagamers.com\\\/hu\\\/shop\\\/\"},{\"@type\":\"ListItem\",\"position\":3,\"name\":\"Naheulbeuk: Dungeon Manager\"}]},{\"@type\":\"WebSite\",\"@id\":\"https:\\\/\\\/prismagamers.com\\\/hu\\\/#website\",\"url\":\"https:\\\/\\\/prismagamers.com\\\/hu\\\/\",\"name\":\"Prismagamers\",\"description\":\"Sklep z grami PC I Sklep klucze Steam\",\"publisher\":{\"@id\":\"https:\\\/\\\/prismagamers.com\\\/hu\\\/#organization\"},\"potentialAction\":[{\"@type\":\"SearchAction\",\"target\":{\"@type\":\"EntryPoint\",\"urlTemplate\":\"https:\\\/\\\/prismagamers.com\\\/hu\\\/?s={search_term_string}\"},\"query-input\":{\"@type\":\"PropertyValueSpecification\",\"valueRequired\":true,\"valueName\":\"search_term_string\"}}],\"inLanguage\":\"hu\"},{\"@type\":\"Organization\",\"@id\":\"https:\\\/\\\/prismagamers.com\\\/hu\\\/#organization\",\"name\":\"Prismagamers\",\"url\":\"https:\\\/\\\/prismagamers.com\\\/hu\\\/\",\"logo\":{\"@type\":\"ImageObject\",\"inLanguage\":\"hu\",\"@id\":\"https:\\\/\\\/prismagamers.com\\\/hu\\\/#\\\/schema\\\/logo\\\/image\\\/\",\"url\":\"https:\\\/\\\/prismagamers.com\\\/wp-content\\\/uploads\\\/2022\\\/04\\\/cropped-logo-Prismagamers-01-scaled-1.jpg\",\"contentUrl\":\"https:\\\/\\\/prismagamers.com\\\/wp-content\\\/uploads\\\/2022\\\/04\\\/cropped-logo-Prismagamers-01-scaled-1.jpg\",\"width\":512,\"height\":512,\"caption\":\"Prismagamers\"},\"image\":{\"@id\":\"https:\\\/\\\/prismagamers.com\\\/hu\\\/#\\\/schema\\\/logo\\\/image\\\/\"},\"sameAs\":[\"https:\\\/\\\/www.facebook.com\\\/prismagamers\",\"https:\\\/\\\/www.instagram.com\\\/prismagamers_grycyfrowe\\\/\"],\"description\":\"Prismagamers.com to dynamiczny sklep z grami cyfrowymi, stworzony z my\u015bl\u0105 o entuzjastach gier wideo. Nasza strona oferuje szerok\u0105 gam\u0119 gier komputerowych, w tym najnowsze tytu\u0142y, dobrze znane klasyki oraz gry stworzone przez niezale\u017cne studia Ca\u0142y czas d\u0105\u017cymy do rozszerzenia naszej oferty. Do\u0142\u0105cz do nas i sta\u0144 si\u0119 cz\u0119\u015bci\u0105 naszej rosn\u0105cej spo\u0142eczno\u015bci graczy!\",\"email\":\"shop@prismagamers.com\",\"telephone\":\"48795541705\",\"legalName\":\"East Caravan Maksym \u017bukow\",\"foundingDate\":\"2012-05-10\",\"vatID\":\"PL8943038612\",\"taxID\":\"PL8943038612\",\"numberOfEmployees\":{\"@type\":\"QuantitativeValue\",\"minValue\":\"11\",\"maxValue\":\"50\"}}]}<\/script>\n<!-- \/ Yoast SEO Premium plugin. -->","yoast_head_json":{"title":"Naheulbeuk: Dungeon Manager - Prismagamers.com","description":"A Dungeon of Naheulbeuk egy humoros fantasy j\u00e1t\u00e9k, amelyben saj\u00e1t tornyot hozhatsz l\u00e9tre, kezelheted a v\u00e1rb\u00f6rt\u00f6n\u00f6ket \u00e9s v\u00e1llalhatod a v\u00e9delm\u00fcket a vesz\u00e9lyekkel szemben. A t\u00e1ntorg\u00f3 \u00e9p\u00edtm\u00e9nyt\u0151l a vesz\u00e9lyekkel teli ligetig egy olyan k\u00fcldet\u00e9s v\u00e1r r\u00e1d, amely \u00f6tv\u00f6zi a menedzsmentet, a strat\u00e9giai v\u00e9dekez\u00e9st \u00e9s a humoros kalandot. Gy\u0171jts nyersanyagokat, alkalmazz seg\u00edt\u0151ket \u00e9s sz\u00e1llj szembe a t\u00e1mad\u00e1sokkal, hogy megteremtsd \u00e1lmaid b\u00f6rt\u00f6n\u00e9t!  \ud83c\udf0d Glob\u00e1lis \u2699\ufe0f Steam \ud83d\udddd Digit\u00e1lis kulcs","robots":{"index":"index","follow":"follow","max-snippet":"max-snippet:-1","max-image-preview":"max-image-preview:large","max-video-preview":"max-video-preview:-1"},"canonical":"https:\/\/prismagamers.com\/hu\/produkt\/naheulbeuk-bortonmestere\/","og_locale":"hu_HU","og_type":"article","og_title":"Naheulbeuk: Dungeon Manager","og_description":"A Dungeon of Naheulbeuk egy humoros fantasy j\u00e1t\u00e9k, amelyben saj\u00e1t tornyot hozhatsz l\u00e9tre, kezelheted a v\u00e1rb\u00f6rt\u00f6n\u00f6ket \u00e9s v\u00e1llalhatod a v\u00e9delm\u00fcket a vesz\u00e9lyekkel szemben. A t\u00e1ntorg\u00f3 \u00e9p\u00edtm\u00e9nyt\u0151l a vesz\u00e9lyekkel teli ligetig egy olyan k\u00fcldet\u00e9s v\u00e1r r\u00e1d, amely \u00f6tv\u00f6zi a menedzsmentet, a strat\u00e9giai v\u00e9dekez\u00e9st \u00e9s a humoros kalandot. Gy\u0171jts nyersanyagokat, alkalmazz seg\u00edt\u0151ket \u00e9s sz\u00e1llj szembe a t\u00e1mad\u00e1sokkal, hogy megteremtsd \u00e1lmaid b\u00f6rt\u00f6n\u00e9t!  \ud83c\udf0d Glob\u00e1lis \u2699\ufe0f Steam \ud83d\udddd Digit\u00e1lis kulcs","og_url":"https:\/\/prismagamers.com\/hu\/produkt\/naheulbeuk-bortonmestere\/","og_site_name":"Prismagamers.com","article_publisher":"https:\/\/www.facebook.com\/prismagamers","article_modified_time":"2025-08-26T11:50:53+00:00","og_image":[{"width":600,"height":900,"url":"https:\/\/prismagamers.com\/wp-content\/uploads\/2025\/03\/library_600x900_2x-7-e1741635487249.jpg","type":"image\/jpeg"}],"twitter_card":"summary_large_image","twitter_misc":{"Becs\u00fclt olvas\u00e1si id\u0151":"2 perc"},"schema":{"@context":"https:\/\/schema.org","@graph":[{"@type":"WebPage","@id":"https:\/\/prismagamers.com\/hu\/produkt\/naheulbeuk-bortonmestere\/","url":"https:\/\/prismagamers.com\/hu\/produkt\/naheulbeuk-bortonmestere\/","name":"Naheulbeuk: Dungeon Manager - Prismagamers.com","isPartOf":{"@id":"https:\/\/prismagamers.com\/hu\/#website"},"primaryImageOfPage":{"@id":"https:\/\/prismagamers.com\/hu\/produkt\/naheulbeuk-bortonmestere\/#primaryimage"},"image":{"@id":"https:\/\/prismagamers.com\/hu\/produkt\/naheulbeuk-bortonmestere\/#primaryimage"},"thumbnailUrl":"https:\/\/prismagamers.com\/wp-content\/uploads\/2025\/03\/library_600x900_2x-7-e1741635487249.jpg","datePublished":"2025-03-10T19:38:36+00:00","dateModified":"2025-08-26T11:50:53+00:00","description":"A Dungeon of Naheulbeuk egy humoros fantasy j\u00e1t\u00e9k, amelyben saj\u00e1t tornyot hozhatsz l\u00e9tre, kezelheted a v\u00e1rb\u00f6rt\u00f6n\u00f6ket \u00e9s v\u00e1llalhatod a v\u00e9delm\u00fcket a vesz\u00e9lyekkel szemben. A t\u00e1ntorg\u00f3 \u00e9p\u00edtm\u00e9nyt\u0151l a vesz\u00e9lyekkel teli ligetig egy olyan k\u00fcldet\u00e9s v\u00e1r r\u00e1d, amely \u00f6tv\u00f6zi a menedzsmentet, a strat\u00e9giai v\u00e9dekez\u00e9st \u00e9s a humoros kalandot. Gy\u0171jts nyersanyagokat, alkalmazz seg\u00edt\u0151ket \u00e9s sz\u00e1llj szembe a t\u00e1mad\u00e1sokkal, hogy megteremtsd \u00e1lmaid b\u00f6rt\u00f6n\u00e9t! \ud83c\udf0d Glob\u00e1lis \u2699\ufe0f Steam \ud83d\udddd Digit\u00e1lis kulcs","breadcrumb":{"@id":"https:\/\/prismagamers.com\/hu\/produkt\/naheulbeuk-bortonmestere\/#breadcrumb"},"inLanguage":"hu","potentialAction":[{"@type":"ReadAction","target":["https:\/\/prismagamers.com\/hu\/produkt\/naheulbeuk-bortonmestere\/"]}]},{"@type":"ImageObject","inLanguage":"hu","@id":"https:\/\/prismagamers.com\/hu\/produkt\/naheulbeuk-bortonmestere\/#primaryimage","url":"https:\/\/prismagamers.com\/wp-content\/uploads\/2025\/03\/library_600x900_2x-7-e1741635487249.jpg","contentUrl":"https:\/\/prismagamers.com\/wp-content\/uploads\/2025\/03\/library_600x900_2x-7-e1741635487249.jpg","width":600,"height":900,"caption":"Naheulbeuk's Dungeon Master boxshot"},{"@type":"BreadcrumbList","@id":"https:\/\/prismagamers.com\/hu\/produkt\/naheulbeuk-bortonmestere\/#breadcrumb","itemListElement":[{"@type":"ListItem","position":1,"name":"Strona g\u0142\u00f3wna","item":"https:\/\/prismagamers.com\/hu\/prismagamers\/"},{"@type":"ListItem","position":2,"name":"Shop","item":"https:\/\/prismagamers.com\/hu\/shop\/"},{"@type":"ListItem","position":3,"name":"Naheulbeuk: Dungeon Manager"}]},{"@type":"WebSite","@id":"https:\/\/prismagamers.com\/hu\/#website","url":"https:\/\/prismagamers.com\/hu\/","name":"Prismagamers","description":"Sklep z grami PC I Sklep klucze Steam","publisher":{"@id":"https:\/\/prismagamers.com\/hu\/#organization"},"potentialAction":[{"@type":"SearchAction","target":{"@type":"EntryPoint","urlTemplate":"https:\/\/prismagamers.com\/hu\/?s={search_term_string}"},"query-input":{"@type":"PropertyValueSpecification","valueRequired":true,"valueName":"search_term_string"}}],"inLanguage":"hu"},{"@type":"Organization","@id":"https:\/\/prismagamers.com\/hu\/#organization","name":"Prismagamers","url":"https:\/\/prismagamers.com\/hu\/","logo":{"@type":"ImageObject","inLanguage":"hu","@id":"https:\/\/prismagamers.com\/hu\/#\/schema\/logo\/image\/","url":"https:\/\/prismagamers.com\/wp-content\/uploads\/2022\/04\/cropped-logo-Prismagamers-01-scaled-1.jpg","contentUrl":"https:\/\/prismagamers.com\/wp-content\/uploads\/2022\/04\/cropped-logo-Prismagamers-01-scaled-1.jpg","width":512,"height":512,"caption":"Prismagamers"},"image":{"@id":"https:\/\/prismagamers.com\/hu\/#\/schema\/logo\/image\/"},"sameAs":["https:\/\/www.facebook.com\/prismagamers","https:\/\/www.instagram.com\/prismagamers_grycyfrowe\/"],"description":"Prismagamers.com to dynamiczny sklep z grami cyfrowymi, stworzony z my\u015bl\u0105 o entuzjastach gier wideo. Nasza strona oferuje szerok\u0105 gam\u0119 gier komputerowych, w tym najnowsze tytu\u0142y, dobrze znane klasyki oraz gry stworzone przez niezale\u017cne studia Ca\u0142y czas d\u0105\u017cymy do rozszerzenia naszej oferty. Do\u0142\u0105cz do nas i sta\u0144 si\u0119 cz\u0119\u015bci\u0105 naszej rosn\u0105cej spo\u0142eczno\u015bci graczy!","email":"shop@prismagamers.com","telephone":"48795541705","legalName":"East Caravan Maksym \u017bukow","foundingDate":"2012-05-10","vatID":"PL8943038612","taxID":"PL8943038612","numberOfEmployees":{"@type":"QuantitativeValue","minValue":"11","maxValue":"50"}}]}},"_links":{"self":[{"href":"https:\/\/prismagamers.com\/hu\/wp-json\/wp\/v2\/product\/34793","targetHints":{"allow":["GET"]}}],"collection":[{"href":"https:\/\/prismagamers.com\/hu\/wp-json\/wp\/v2\/product"}],"about":[{"href":"https:\/\/prismagamers.com\/hu\/wp-json\/wp\/v2\/types\/product"}],"wp:featuredmedia":[{"embeddable":true,"href":"https:\/\/prismagamers.com\/hu\/wp-json\/wp\/v2\/media\/34791"}],"wp:attachment":[{"href":"https:\/\/prismagamers.com\/hu\/wp-json\/wp\/v2\/media?parent=34793"}],"wp:term":[{"taxonomy":"product_brand","embeddable":true,"href":"https:\/\/prismagamers.com\/hu\/wp-json\/wp\/v2\/product_brand?post=34793"},{"taxonomy":"product_cat","embeddable":true,"href":"https:\/\/prismagamers.com\/hu\/wp-json\/wp\/v2\/product_cat?post=34793"},{"taxonomy":"product_tag","embeddable":true,"href":"https:\/\/prismagamers.com\/hu\/wp-json\/wp\/v2\/product_tag?post=34793"}],"curies":[{"name":"wp","href":"https:\/\/api.w.org\/{rel}","templated":true}]}}