{"id":34803,"date":"2025-03-10T21:09:40","date_gmt":"2025-03-10T20:09:40","guid":{"rendered":"https:\/\/prismagamers.com\/produkt\/kenyerbol-szuletett\/"},"modified":"2025-08-26T13:47:18","modified_gmt":"2025-08-26T11:47:18","slug":"kenyerbol-szuletett","status":"publish","type":"product","link":"https:\/\/prismagamers.com\/hu\/produkt\/kenyerbol-szuletett\/","title":{"rendered":"Born of Bread"},"content":{"rendered":"<p data-start=\"0\" data-end=\"376\"><strong data-start=\"0\" data-end=\"17\">A Born of Bread<\/strong> egy egyed\u00fcl\u00e1ll\u00f3 2.5D RPG, amelyben a lisztg\u00f3lem, Loaf szerep\u00e9t kell \u00e1tvenned, aki egy titokzatos \u00fcgybe keveredik, amely a vil\u00e1got fenyegeti. \u00dajdons\u00fclt bar\u00e1taiddal egy\u00fctt egy izgalmas utaz\u00e1sra indulsz, ahol leny\u0171g\u00f6z\u0151 karakterekkel tal\u00e1lkozol \u00e9s bizarr ellens\u00e9gekkel k\u00fczdesz meg. Loaf, b\u00e1r eleinte \u00e9szrev\u00e9tlen, es\u00e9lyt kap arra, hogy birodalma h\u0151s\u00e9v\u00e9 v\u00e1ljon.<\/p>\n<p data-start=\"0\" data-end=\"376\"><img decoding=\"async\" class=\"bb_img aligncenter\" src=\"https:\/\/shared.fastly.steamstatic.com\/store_item_assets\/steam\/apps\/1555140\/extras\/Cinematic_opti.gif?t=1740998137\" \/><\/p>\n<h3 data-start=\"378\" data-end=\"401\">A j\u00e1t\u00e9k f\u0151bb jellemz\u0151i:<\/h3>\n<ul data-start=\"402\" data-end=\"1150\">\n<li data-start=\"402\" data-end=\"519\"><strong data-start=\"404\" data-end=\"424\">Egyedi f\u0151szerepl\u0151<\/strong>: Vedd \u00e1t Loaf, a keny\u00e9rb\u0151l sz\u00fcletett g\u00f3lem szerep\u00e9t, \u00e9s haszn\u00e1ld eredeti k\u00e9pess\u00e9geit.<\/li>\n<li data-start=\"520\" data-end=\"667\">Fedezz fel <strong data-start=\"522\" data-end=\"557\">egy titokzatos vil\u00e1got<\/strong>: Fedezd fel a rejt\u00e9lyekkel teli, v\u00e1ltozatos r\u00e9gi\u00f3kat, fogj \u00f6ssze sz\u00ednes karakterekkel, \u00e9s sz\u00e1llj szembe vesz\u00e9lyes ellens\u00e9gekkel.<\/li>\n<li data-start=\"668\" data-end=\"867\"><strong data-start=\"670\" data-end=\"706\">Innovat\u00edv, fordul\u00f3alap\u00fa harcrendszer<\/strong>: A Born of Bread egy egyed\u00fcl\u00e1ll\u00f3 interakci\u00f3s rendszert vezet be, amely teszteli a reflexeidet, \u00e9s m\u00e9lyebb harci strat\u00e9gi\u00e1kat tesz lehet\u0151v\u00e9 a gyenges\u00e9gek \u00e9s az \u00e1ll\u00f3k\u00e9pess\u00e9g rendszer\u00e9n kereszt\u00fcl.<\/li>\n<li data-start=\"868\" data-end=\"1003\"><strong data-start=\"870\" data-end=\"890\">Pajt\u00e1sok az \u00faton<\/strong>: Loafnak nem kell egyed\u00fcl harcolnia! Ismerd meg a karaktereket, akik egyedi k\u00e9pess\u00e9geikkel gazdag\u00edtj\u00e1k az utadat.<\/li>\n<li data-start=\"1004\" data-end=\"1150\"><strong data-start=\"1006\" data-end=\"1052\">A m\u0171sorszolg\u00e1ltat\u00e1s mesters\u00e9ges k\u00f6z\u00f6ns\u00e9g\u00e9rt k\u00fczd<\/strong>: A s\u00e1rk\u00e1nyt\u00e1rsad, Dub lehet\u0151v\u00e9 teszi, hogy k\u00f6zvet\u00edtsd a harcokat, \u00faj n\u00e9z\u0151ket \u00e9s d\u00edjakat szerezve!<\/li>\n<\/ul>\n<p><img decoding=\"async\" class=\"bb_img aligncenter\" src=\"https:\/\/shared.fastly.steamstatic.com\/store_item_assets\/steam\/apps\/1555140\/extras\/Buddies_opti.gif?t=1740998137\" \/><\/p>\n","protected":false},"excerpt":{"rendered":"<p><strong data-start=\"0\" data-end=\"17\" data-is-only-node=\"\">A Born of Bread<\/strong> egy \u0151r\u00fclt \u00e9s sz\u00f3rakoztat\u00f3 RPG, amely \u00fajra\u00e9rtelmezi a fordul\u00f3alap\u00fa harc t\u00e9m\u00e1j\u00e1t. J\u00e1tssz a lisztg\u00f3lem <strong data-start=\"121\" data-end=\"133\">Loaf<\/strong> szerep\u00e9ben, \u00e9s egy sz\u00ednes szerepl\u0151g\u00e1rda k\u00eds\u00e9ret\u00e9ben fedezd fel a humoros, mag\u00e1val ragad\u00f3 vil\u00e1got, amely tele van titkokkal, furcsa ellens\u00e9gekkel \u00e9s sz\u00f3rakoztat\u00f3 kalandokkal.<\/p>\n<p>\ud83c\udf0d Glob\u00e1lis<br \/>\n\u2699\ufe0f Steam<br \/>\n\ud83d\udddd Digit\u00e1lis kulcs<\/p>\n","protected":false},"featured_media":34802,"template":"","meta":{"_acf_changed":false,"site-sidebar-layout":"default","site-content-layout":"","ast-site-content-layout":"default","site-content-style":"default","site-sidebar-style":"default","ast-global-header-display":"","ast-banner-title-visibility":"","ast-main-header-display":"","ast-hfb-above-header-display":"","ast-hfb-below-header-display":"","ast-hfb-mobile-header-display":"","site-post-title":"","ast-breadcrumbs-content":"","ast-featured-img":"","footer-sml-layout":"","ast-disable-related-posts":"","theme-transparent-header-meta":"default","adv-header-id-meta":"","stick-header-meta":"","header-above-stick-meta":"","header-main-stick-meta":"","header-below-stick-meta":"","astra-migrate-meta-layouts":"set","ast-page-background-enabled":"default","ast-page-background-meta":{"desktop":{"background-color":"var(--ast-global-color-4)","background-image":"","background-repeat":"repeat","background-position":"center center","background-size":"auto","background-attachment":"scroll","background-type":"","background-media":"","overlay-type":"","overlay-color":"","overlay-opacity":"","overlay-gradient":""},"tablet":{"background-color":"","background-image":"","background-repeat":"repeat","background-position":"center center","background-size":"auto","background-attachment":"scroll","background-type":"","background-media":"","overlay-type":"","overlay-color":"","overlay-opacity":"","overlay-gradient":""},"mobile":{"background-color":"","background-image":"","background-repeat":"repeat","background-position":"center center","background-size":"auto","background-attachment":"scroll","background-type":"","background-media":"","overlay-type":"","overlay-color":"","overlay-opacity":"","overlay-gradient":""}},"ast-content-background-meta":{"desktop":{"background-color":"var(--ast-global-color-5)","background-image":"","background-repeat":"repeat","background-position":"center center","background-size":"auto","background-attachment":"scroll","background-type":"","background-media":"","overlay-type":"","overlay-color":"","overlay-opacity":"","overlay-gradient":""},"tablet":{"background-color":"var(--ast-global-color-5)","background-image":"","background-repeat":"repeat","background-position":"center center","background-size":"auto","background-attachment":"scroll","background-type":"","background-media":"","overlay-type":"","overlay-color":"","overlay-opacity":"","overlay-gradient":""},"mobile":{"background-color":"var(--ast-global-color-5)","background-image":"","background-repeat":"repeat","background-position":"center center","background-size":"auto","background-attachment":"scroll","background-type":"","background-media":"","overlay-type":"","overlay-color":"","overlay-opacity":"","overlay-gradient":""}}},"product_brand":[],"product_cat":[365,363,384,364],"product_tag":[],"class_list":{"0":"post-34803","1":"product","2":"type-product","3":"status-publish","4":"has-post-thumbnail","6":"product_cat-goz","7":"product_cat-kaland-jatekok","8":"product_cat-kedves-falusiak","9":"product_cat-rpg-k","10":"desktop-align-left","11":"tablet-align-left","12":"mobile-align-left","14":"first","15":"instock","16":"virtual","17":"purchasable","18":"product-type-simple"},"acf":[],"yoast_head":"<!-- This site is optimized with the Yoast SEO Premium plugin v27.4 (Yoast SEO v27.4) - https:\/\/yoast.com\/product\/yoast-seo-premium-wordpress\/ -->\n<title>Born of Bread - Prismagamers.com<\/title>\n<meta name=\"description\" content=\"A Born of Bread egy \u0151r\u00fclt \u00e9s sz\u00f3rakoztat\u00f3 RPG, amely \u00fajra\u00e9rtelmezi a fordul\u00f3alap\u00fa harc t\u00e9m\u00e1j\u00e1t. J\u00e1tssz a lisztg\u00f3lem Loaf szerep\u00e9ben, \u00e9s egy sz\u00ednes szerepl\u0151g\u00e1rda k\u00eds\u00e9ret\u00e9ben fedezd fel a humoros, mag\u00e1val ragad\u00f3 vil\u00e1got, amely tele van titkokkal, furcsa ellens\u00e9gekkel \u00e9s sz\u00f3rakoztat\u00f3 kalandokkal.  \ud83c\udf0d Glob\u00e1lis \u2699\ufe0f Steam \ud83d\udddd Digit\u00e1lis kulcs\" \/>\n<meta name=\"robots\" content=\"index, follow, max-snippet:-1, max-image-preview:large, max-video-preview:-1\" \/>\n<link rel=\"canonical\" href=\"https:\/\/prismagamers.com\/hu\/produkt\/kenyerbol-szuletett\/\" \/>\n<meta property=\"og:locale\" content=\"hu_HU\" \/>\n<meta property=\"og:type\" content=\"article\" \/>\n<meta property=\"og:title\" content=\"Born of Bread\" \/>\n<meta property=\"og:description\" content=\"A Born of Bread egy \u0151r\u00fclt \u00e9s sz\u00f3rakoztat\u00f3 RPG, amely \u00fajra\u00e9rtelmezi a fordul\u00f3alap\u00fa harc t\u00e9m\u00e1j\u00e1t. J\u00e1tssz a lisztg\u00f3lem Loaf szerep\u00e9ben, \u00e9s egy sz\u00ednes szerepl\u0151g\u00e1rda k\u00eds\u00e9ret\u00e9ben fedezd fel a humoros, mag\u00e1val ragad\u00f3 vil\u00e1got, amely tele van titkokkal, furcsa ellens\u00e9gekkel \u00e9s sz\u00f3rakoztat\u00f3 kalandokkal.  \ud83c\udf0d Glob\u00e1lis \u2699\ufe0f Steam \ud83d\udddd Digit\u00e1lis kulcs\" \/>\n<meta property=\"og:url\" content=\"https:\/\/prismagamers.com\/hu\/produkt\/kenyerbol-szuletett\/\" \/>\n<meta property=\"og:site_name\" content=\"Prismagamers.com\" \/>\n<meta property=\"article:publisher\" content=\"https:\/\/www.facebook.com\/prismagamers\" \/>\n<meta property=\"article:modified_time\" content=\"2025-08-26T11:47:18+00:00\" \/>\n<meta property=\"og:image\" content=\"https:\/\/prismagamers.com\/wp-content\/uploads\/2025\/03\/library_600x900_2x-8-e1741637371644.jpg\" \/>\n\t<meta property=\"og:image:width\" content=\"600\" \/>\n\t<meta property=\"og:image:height\" content=\"900\" \/>\n\t<meta property=\"og:image:type\" content=\"image\/jpeg\" \/>\n<meta name=\"twitter:card\" content=\"summary_large_image\" \/>\n<meta name=\"twitter:label1\" content=\"Becs\u00fclt olvas\u00e1si id\u0151\" \/>\n\t<meta name=\"twitter:data1\" content=\"2 perc\" \/>\n<script type=\"application\/ld+json\" class=\"yoast-schema-graph\">{\"@context\":\"https:\\\/\\\/schema.org\",\"@graph\":[{\"@type\":\"WebPage\",\"@id\":\"https:\\\/\\\/prismagamers.com\\\/hu\\\/produkt\\\/kenyerbol-szuletett\\\/\",\"url\":\"https:\\\/\\\/prismagamers.com\\\/hu\\\/produkt\\\/kenyerbol-szuletett\\\/\",\"name\":\"Born of Bread - Prismagamers.com\",\"isPartOf\":{\"@id\":\"https:\\\/\\\/prismagamers.com\\\/hu\\\/#website\"},\"primaryImageOfPage\":{\"@id\":\"https:\\\/\\\/prismagamers.com\\\/hu\\\/produkt\\\/kenyerbol-szuletett\\\/#primaryimage\"},\"image\":{\"@id\":\"https:\\\/\\\/prismagamers.com\\\/hu\\\/produkt\\\/kenyerbol-szuletett\\\/#primaryimage\"},\"thumbnailUrl\":\"https:\\\/\\\/prismagamers.com\\\/wp-content\\\/uploads\\\/2025\\\/03\\\/library_600x900_2x-8-e1741637371644.jpg\",\"datePublished\":\"2025-03-10T20:09:40+00:00\",\"dateModified\":\"2025-08-26T11:47:18+00:00\",\"description\":\"A Born of Bread egy \u0151r\u00fclt \u00e9s sz\u00f3rakoztat\u00f3 RPG, amely \u00fajra\u00e9rtelmezi a fordul\u00f3alap\u00fa harc t\u00e9m\u00e1j\u00e1t. J\u00e1tssz a lisztg\u00f3lem Loaf szerep\u00e9ben, \u00e9s egy sz\u00ednes szerepl\u0151g\u00e1rda k\u00eds\u00e9ret\u00e9ben fedezd fel a humoros, mag\u00e1val ragad\u00f3 vil\u00e1got, amely tele van titkokkal, furcsa ellens\u00e9gekkel \u00e9s sz\u00f3rakoztat\u00f3 kalandokkal. \ud83c\udf0d Glob\u00e1lis \u2699\ufe0f Steam \ud83d\udddd Digit\u00e1lis kulcs\",\"breadcrumb\":{\"@id\":\"https:\\\/\\\/prismagamers.com\\\/hu\\\/produkt\\\/kenyerbol-szuletett\\\/#breadcrumb\"},\"inLanguage\":\"hu\",\"potentialAction\":[{\"@type\":\"ReadAction\",\"target\":[\"https:\\\/\\\/prismagamers.com\\\/hu\\\/produkt\\\/kenyerbol-szuletett\\\/\"]}]},{\"@type\":\"ImageObject\",\"inLanguage\":\"hu\",\"@id\":\"https:\\\/\\\/prismagamers.com\\\/hu\\\/produkt\\\/kenyerbol-szuletett\\\/#primaryimage\",\"url\":\"https:\\\/\\\/prismagamers.com\\\/wp-content\\\/uploads\\\/2025\\\/03\\\/library_600x900_2x-8-e1741637371644.jpg\",\"contentUrl\":\"https:\\\/\\\/prismagamers.com\\\/wp-content\\\/uploads\\\/2025\\\/03\\\/library_600x900_2x-8-e1741637371644.jpg\",\"width\":600,\"height\":900,\"caption\":\"Born of Bread bor\u00edt\u00f3\"},{\"@type\":\"BreadcrumbList\",\"@id\":\"https:\\\/\\\/prismagamers.com\\\/hu\\\/produkt\\\/kenyerbol-szuletett\\\/#breadcrumb\",\"itemListElement\":[{\"@type\":\"ListItem\",\"position\":1,\"name\":\"Strona g\u0142\u00f3wna\",\"item\":\"https:\\\/\\\/prismagamers.com\\\/hu\\\/prismagamers\\\/\"},{\"@type\":\"ListItem\",\"position\":2,\"name\":\"Shop\",\"item\":\"https:\\\/\\\/prismagamers.com\\\/hu\\\/shop\\\/\"},{\"@type\":\"ListItem\",\"position\":3,\"name\":\"Born of Bread\"}]},{\"@type\":\"WebSite\",\"@id\":\"https:\\\/\\\/prismagamers.com\\\/hu\\\/#website\",\"url\":\"https:\\\/\\\/prismagamers.com\\\/hu\\\/\",\"name\":\"Prismagamers\",\"description\":\"Sklep z grami PC I Sklep klucze Steam\",\"publisher\":{\"@id\":\"https:\\\/\\\/prismagamers.com\\\/hu\\\/#organization\"},\"potentialAction\":[{\"@type\":\"SearchAction\",\"target\":{\"@type\":\"EntryPoint\",\"urlTemplate\":\"https:\\\/\\\/prismagamers.com\\\/hu\\\/?s={search_term_string}\"},\"query-input\":{\"@type\":\"PropertyValueSpecification\",\"valueRequired\":true,\"valueName\":\"search_term_string\"}}],\"inLanguage\":\"hu\"},{\"@type\":\"Organization\",\"@id\":\"https:\\\/\\\/prismagamers.com\\\/hu\\\/#organization\",\"name\":\"Prismagamers\",\"url\":\"https:\\\/\\\/prismagamers.com\\\/hu\\\/\",\"logo\":{\"@type\":\"ImageObject\",\"inLanguage\":\"hu\",\"@id\":\"https:\\\/\\\/prismagamers.com\\\/hu\\\/#\\\/schema\\\/logo\\\/image\\\/\",\"url\":\"https:\\\/\\\/prismagamers.com\\\/wp-content\\\/uploads\\\/2022\\\/04\\\/cropped-logo-Prismagamers-01-scaled-1.jpg\",\"contentUrl\":\"https:\\\/\\\/prismagamers.com\\\/wp-content\\\/uploads\\\/2022\\\/04\\\/cropped-logo-Prismagamers-01-scaled-1.jpg\",\"width\":512,\"height\":512,\"caption\":\"Prismagamers\"},\"image\":{\"@id\":\"https:\\\/\\\/prismagamers.com\\\/hu\\\/#\\\/schema\\\/logo\\\/image\\\/\"},\"sameAs\":[\"https:\\\/\\\/www.facebook.com\\\/prismagamers\",\"https:\\\/\\\/www.instagram.com\\\/prismagamers_grycyfrowe\\\/\"],\"description\":\"Prismagamers.com to dynamiczny sklep z grami cyfrowymi, stworzony z my\u015bl\u0105 o entuzjastach gier wideo. Nasza strona oferuje szerok\u0105 gam\u0119 gier komputerowych, w tym najnowsze tytu\u0142y, dobrze znane klasyki oraz gry stworzone przez niezale\u017cne studia Ca\u0142y czas d\u0105\u017cymy do rozszerzenia naszej oferty. Do\u0142\u0105cz do nas i sta\u0144 si\u0119 cz\u0119\u015bci\u0105 naszej rosn\u0105cej spo\u0142eczno\u015bci graczy!\",\"email\":\"shop@prismagamers.com\",\"telephone\":\"48795541705\",\"legalName\":\"East Caravan Maksym \u017bukow\",\"foundingDate\":\"2012-05-10\",\"vatID\":\"PL8943038612\",\"taxID\":\"PL8943038612\",\"numberOfEmployees\":{\"@type\":\"QuantitativeValue\",\"minValue\":\"11\",\"maxValue\":\"50\"}}]}<\/script>\n<!-- \/ Yoast SEO Premium plugin. -->","yoast_head_json":{"title":"Born of Bread - Prismagamers.com","description":"A Born of Bread egy \u0151r\u00fclt \u00e9s sz\u00f3rakoztat\u00f3 RPG, amely \u00fajra\u00e9rtelmezi a fordul\u00f3alap\u00fa harc t\u00e9m\u00e1j\u00e1t. J\u00e1tssz a lisztg\u00f3lem Loaf szerep\u00e9ben, \u00e9s egy sz\u00ednes szerepl\u0151g\u00e1rda k\u00eds\u00e9ret\u00e9ben fedezd fel a humoros, mag\u00e1val ragad\u00f3 vil\u00e1got, amely tele van titkokkal, furcsa ellens\u00e9gekkel \u00e9s sz\u00f3rakoztat\u00f3 kalandokkal.  \ud83c\udf0d Glob\u00e1lis \u2699\ufe0f Steam \ud83d\udddd Digit\u00e1lis kulcs","robots":{"index":"index","follow":"follow","max-snippet":"max-snippet:-1","max-image-preview":"max-image-preview:large","max-video-preview":"max-video-preview:-1"},"canonical":"https:\/\/prismagamers.com\/hu\/produkt\/kenyerbol-szuletett\/","og_locale":"hu_HU","og_type":"article","og_title":"Born of Bread","og_description":"A Born of Bread egy \u0151r\u00fclt \u00e9s sz\u00f3rakoztat\u00f3 RPG, amely \u00fajra\u00e9rtelmezi a fordul\u00f3alap\u00fa harc t\u00e9m\u00e1j\u00e1t. J\u00e1tssz a lisztg\u00f3lem Loaf szerep\u00e9ben, \u00e9s egy sz\u00ednes szerepl\u0151g\u00e1rda k\u00eds\u00e9ret\u00e9ben fedezd fel a humoros, mag\u00e1val ragad\u00f3 vil\u00e1got, amely tele van titkokkal, furcsa ellens\u00e9gekkel \u00e9s sz\u00f3rakoztat\u00f3 kalandokkal.  \ud83c\udf0d Glob\u00e1lis \u2699\ufe0f Steam \ud83d\udddd Digit\u00e1lis kulcs","og_url":"https:\/\/prismagamers.com\/hu\/produkt\/kenyerbol-szuletett\/","og_site_name":"Prismagamers.com","article_publisher":"https:\/\/www.facebook.com\/prismagamers","article_modified_time":"2025-08-26T11:47:18+00:00","og_image":[{"width":600,"height":900,"url":"https:\/\/prismagamers.com\/wp-content\/uploads\/2025\/03\/library_600x900_2x-8-e1741637371644.jpg","type":"image\/jpeg"}],"twitter_card":"summary_large_image","twitter_misc":{"Becs\u00fclt olvas\u00e1si id\u0151":"2 perc"},"schema":{"@context":"https:\/\/schema.org","@graph":[{"@type":"WebPage","@id":"https:\/\/prismagamers.com\/hu\/produkt\/kenyerbol-szuletett\/","url":"https:\/\/prismagamers.com\/hu\/produkt\/kenyerbol-szuletett\/","name":"Born of Bread - Prismagamers.com","isPartOf":{"@id":"https:\/\/prismagamers.com\/hu\/#website"},"primaryImageOfPage":{"@id":"https:\/\/prismagamers.com\/hu\/produkt\/kenyerbol-szuletett\/#primaryimage"},"image":{"@id":"https:\/\/prismagamers.com\/hu\/produkt\/kenyerbol-szuletett\/#primaryimage"},"thumbnailUrl":"https:\/\/prismagamers.com\/wp-content\/uploads\/2025\/03\/library_600x900_2x-8-e1741637371644.jpg","datePublished":"2025-03-10T20:09:40+00:00","dateModified":"2025-08-26T11:47:18+00:00","description":"A Born of Bread egy \u0151r\u00fclt \u00e9s sz\u00f3rakoztat\u00f3 RPG, amely \u00fajra\u00e9rtelmezi a fordul\u00f3alap\u00fa harc t\u00e9m\u00e1j\u00e1t. J\u00e1tssz a lisztg\u00f3lem Loaf szerep\u00e9ben, \u00e9s egy sz\u00ednes szerepl\u0151g\u00e1rda k\u00eds\u00e9ret\u00e9ben fedezd fel a humoros, mag\u00e1val ragad\u00f3 vil\u00e1got, amely tele van titkokkal, furcsa ellens\u00e9gekkel \u00e9s sz\u00f3rakoztat\u00f3 kalandokkal. \ud83c\udf0d Glob\u00e1lis \u2699\ufe0f Steam \ud83d\udddd Digit\u00e1lis kulcs","breadcrumb":{"@id":"https:\/\/prismagamers.com\/hu\/produkt\/kenyerbol-szuletett\/#breadcrumb"},"inLanguage":"hu","potentialAction":[{"@type":"ReadAction","target":["https:\/\/prismagamers.com\/hu\/produkt\/kenyerbol-szuletett\/"]}]},{"@type":"ImageObject","inLanguage":"hu","@id":"https:\/\/prismagamers.com\/hu\/produkt\/kenyerbol-szuletett\/#primaryimage","url":"https:\/\/prismagamers.com\/wp-content\/uploads\/2025\/03\/library_600x900_2x-8-e1741637371644.jpg","contentUrl":"https:\/\/prismagamers.com\/wp-content\/uploads\/2025\/03\/library_600x900_2x-8-e1741637371644.jpg","width":600,"height":900,"caption":"Born of Bread bor\u00edt\u00f3"},{"@type":"BreadcrumbList","@id":"https:\/\/prismagamers.com\/hu\/produkt\/kenyerbol-szuletett\/#breadcrumb","itemListElement":[{"@type":"ListItem","position":1,"name":"Strona g\u0142\u00f3wna","item":"https:\/\/prismagamers.com\/hu\/prismagamers\/"},{"@type":"ListItem","position":2,"name":"Shop","item":"https:\/\/prismagamers.com\/hu\/shop\/"},{"@type":"ListItem","position":3,"name":"Born of Bread"}]},{"@type":"WebSite","@id":"https:\/\/prismagamers.com\/hu\/#website","url":"https:\/\/prismagamers.com\/hu\/","name":"Prismagamers","description":"Sklep z grami PC I Sklep klucze Steam","publisher":{"@id":"https:\/\/prismagamers.com\/hu\/#organization"},"potentialAction":[{"@type":"SearchAction","target":{"@type":"EntryPoint","urlTemplate":"https:\/\/prismagamers.com\/hu\/?s={search_term_string}"},"query-input":{"@type":"PropertyValueSpecification","valueRequired":true,"valueName":"search_term_string"}}],"inLanguage":"hu"},{"@type":"Organization","@id":"https:\/\/prismagamers.com\/hu\/#organization","name":"Prismagamers","url":"https:\/\/prismagamers.com\/hu\/","logo":{"@type":"ImageObject","inLanguage":"hu","@id":"https:\/\/prismagamers.com\/hu\/#\/schema\/logo\/image\/","url":"https:\/\/prismagamers.com\/wp-content\/uploads\/2022\/04\/cropped-logo-Prismagamers-01-scaled-1.jpg","contentUrl":"https:\/\/prismagamers.com\/wp-content\/uploads\/2022\/04\/cropped-logo-Prismagamers-01-scaled-1.jpg","width":512,"height":512,"caption":"Prismagamers"},"image":{"@id":"https:\/\/prismagamers.com\/hu\/#\/schema\/logo\/image\/"},"sameAs":["https:\/\/www.facebook.com\/prismagamers","https:\/\/www.instagram.com\/prismagamers_grycyfrowe\/"],"description":"Prismagamers.com to dynamiczny sklep z grami cyfrowymi, stworzony z my\u015bl\u0105 o entuzjastach gier wideo. Nasza strona oferuje szerok\u0105 gam\u0119 gier komputerowych, w tym najnowsze tytu\u0142y, dobrze znane klasyki oraz gry stworzone przez niezale\u017cne studia Ca\u0142y czas d\u0105\u017cymy do rozszerzenia naszej oferty. Do\u0142\u0105cz do nas i sta\u0144 si\u0119 cz\u0119\u015bci\u0105 naszej rosn\u0105cej spo\u0142eczno\u015bci graczy!","email":"shop@prismagamers.com","telephone":"48795541705","legalName":"East Caravan Maksym \u017bukow","foundingDate":"2012-05-10","vatID":"PL8943038612","taxID":"PL8943038612","numberOfEmployees":{"@type":"QuantitativeValue","minValue":"11","maxValue":"50"}}]}},"_links":{"self":[{"href":"https:\/\/prismagamers.com\/hu\/wp-json\/wp\/v2\/product\/34803","targetHints":{"allow":["GET"]}}],"collection":[{"href":"https:\/\/prismagamers.com\/hu\/wp-json\/wp\/v2\/product"}],"about":[{"href":"https:\/\/prismagamers.com\/hu\/wp-json\/wp\/v2\/types\/product"}],"wp:featuredmedia":[{"embeddable":true,"href":"https:\/\/prismagamers.com\/hu\/wp-json\/wp\/v2\/media\/34802"}],"wp:attachment":[{"href":"https:\/\/prismagamers.com\/hu\/wp-json\/wp\/v2\/media?parent=34803"}],"wp:term":[{"taxonomy":"product_brand","embeddable":true,"href":"https:\/\/prismagamers.com\/hu\/wp-json\/wp\/v2\/product_brand?post=34803"},{"taxonomy":"product_cat","embeddable":true,"href":"https:\/\/prismagamers.com\/hu\/wp-json\/wp\/v2\/product_cat?post=34803"},{"taxonomy":"product_tag","embeddable":true,"href":"https:\/\/prismagamers.com\/hu\/wp-json\/wp\/v2\/product_tag?post=34803"}],"curies":[{"name":"wp","href":"https:\/\/api.w.org\/{rel}","templated":true}]}}