{"id":35008,"date":"2025-03-17T19:18:47","date_gmt":"2025-03-17T18:18:47","guid":{"rendered":"https:\/\/prismagamers.com\/produkt\/kao-a-kenguru-2000-es-ujrakiadas\/"},"modified":"2026-03-05T00:00:34","modified_gmt":"2026-03-04T23:00:34","slug":"kao-a-kenguru-2000-es-ujrakiadas","status":"publish","type":"product","link":"https:\/\/prismagamers.com\/hu\/produkt\/kao-a-kenguru-2000-es-ujrakiadas\/","title":{"rendered":"Kao the Kangaroo (2000 re-release)"},"content":{"rendered":"<p data-start=\"0\" data-end=\"366\">Miut\u00e1n elrabolt\u00e1k gy\u00f6ny\u00f6r\u0171 otthon\u00e1b\u00f3l, Kao epikus kalandra indul, hogy visszat\u00e9rjen Ausztr\u00e1li\u00e1ba. Kao komikusan nagy bokszkeszty\u0171kkel felfegyverkezve ugrik, sz\u00f6kd\u00e9csel \u00e9s tripla ugr\u00e1sokat hajt v\u00e9gre a ragyog\u00f3an sz\u00ednes t\u00e1jakon. Nem csak er\u0151s l\u00e1bai seg\u00edts\u00e9g\u00e9vel k\u00f6zlekedik &#8211; sikl\u00f3erny\u0151, motorcs\u00f3nak, snowboard \u00e9s m\u00e9g \u0171rroller is a rendelkez\u00e9s\u00e9re \u00e1ll!<\/p>\n<p data-start=\"368\" data-end=\"385\"><strong data-start=\"368\" data-end=\"385\">F\u0151bb jellemz\u0151k:<\/strong><\/p>\n<ul data-start=\"386\" data-end=\"1079\">\n<li data-start=\"386\" data-end=\"454\">Fedezz fel 5 izgalmas vil\u00e1got t\u00f6bb mint 45 akci\u00f3d\u00fas szinttel!<\/li>\n<li data-start=\"455\" data-end=\"552\">Lovagolj k\u00fcl\u00f6nf\u00e9le j\u00e1rm\u0171veken: snowboard, \u0171rrobog\u00f3, sikl\u00f3erny\u0151, krokodil \u00e9s m\u00e9g sok m\u00e1s!<\/li>\n<li data-start=\"553\" data-end=\"746\">K\u00fczdj meg sz\u00e1mtalan egyedi ellenf\u00e9llel: egy nyal\u00f3k\u00e1s diszn\u00f3val, egy tenger\u00e9sszel, aki k\u00e9sz kitakar\u00edtani a fed\u00e9lzetet, egy d\u00fch\u00f6s eszkim\u00f3val, egy vid\u00e1m aboriginnel \u00e9s egy kenguru szendvicsre \u00e9hes c\u00e1p\u00e1val!<\/li>\n<li data-start=\"747\" data-end=\"794\">Csod\u00e1latos grafika \u00e9s mag\u00e1val ragad\u00f3 k\u00f6rnyezet!<\/li>\n<li data-start=\"795\" data-end=\"877\">V\u00e1lassz 3 neh\u00e9zs\u00e9gi szint k\u00f6z\u00fcl, hogy a j\u00e1t\u00e9k a k\u00e9pess\u00e9geidhez igazodjon!<\/li>\n<li data-start=\"878\" data-end=\"1009\">Gy\u0171jtsd \u00f6ssze a power-upokat \u00e9s b\u00f3nuszokat, bele\u00e9rtve a megn\u00f6vekedett energi\u00e1t, \u00e9rm\u00e9ket, power keszty\u0171ket, ellen\u0151rz\u0151 pontokat, fagyaszt\u00e1st, gyors\u00edt\u00e1st \u00e9s m\u00e9g sok m\u00e1st!<\/li>\n<li data-start=\"1010\" data-end=\"1079\">\u00c9lvezd a nagyszer\u0171 zen\u00e9t \u00e9s hanghat\u00e1sokat minden szinten!<\/li>\n<\/ul>\n<p data-start=\"1081\" data-end=\"1203\" data-is-last-node=\"\" data-is-only-node=\"\">Csatlakozz Kao \u0151r\u00fclt utaz\u00e1s\u00e1hoz, amely tele van m\u00f3k\u00e1val, kih\u00edv\u00e1sokkal \u00e9s vicces ellens\u00e9gekkel ebben az akci\u00f3d\u00fas platformj\u00e1t\u00e9kban!<\/p>\n<p data-start=\"1081\" data-end=\"1203\" data-is-last-node=\"\" data-is-only-node=\"\"><img decoding=\"async\" class=\"bb_img aligncenter\" src=\"https:\/\/shared.fastly.steamstatic.com\/store_item_assets\/steam\/apps\/2360020\/extras\/logo.png?t=1712232758\" \/><\/p>\n","protected":false},"excerpt":{"rendered":"<p class=\"ai-optimize-24 ai-optimize-introduction\"><strong data-start=\"0\" data-end=\"20\" data-is-only-node=\"\">A Kao the Kangaroo<\/strong> egy 3D-s kalandj\u00e1t\u00e9k, amely el\u0151sz\u00f6r 2000-ben jelent meg. T\u00f6bb mint 30 p\u00e1ly\u00e1val, sz\u00e1mos sz\u00f3rakoztat\u00f3 karakterrel, testre szabhat\u00f3 neh\u00e9zs\u00e9ggel \u00e9s kih\u00edv\u00e1st jelent\u0151 j\u00e1t\u00e9kmenettel nemcsak a fiatalabb j\u00e1t\u00e9kosokat vonzotta, hanem a halad\u00f3bb j\u00e1t\u00e9kosok sz\u00e1m\u00e1ra is \u00e9lvezetes sz\u00f3rakoz\u00e1st ny\u00fajtott.<\/p>\n<p class=\"ai-optimize-25\">\ud83c\udf0d Glob\u00e1lis<br \/>\n\u2699\ufe0f Steam<br \/>\n\ud83d\udddd Digit\u00e1lis kulcs<\/p>\n","protected":false},"featured_media":35000,"template":"","meta":{"_acf_changed":false,"site-sidebar-layout":"default","site-content-layout":"","ast-site-content-layout":"default","site-content-style":"default","site-sidebar-style":"default","ast-global-header-display":"","ast-banner-title-visibility":"","ast-main-header-display":"","ast-hfb-above-header-display":"","ast-hfb-below-header-display":"","ast-hfb-mobile-header-display":"","site-post-title":"","ast-breadcrumbs-content":"","ast-featured-img":"","footer-sml-layout":"","ast-disable-related-posts":"","theme-transparent-header-meta":"default","adv-header-id-meta":"","stick-header-meta":"","header-above-stick-meta":"","header-main-stick-meta":"","header-below-stick-meta":"","astra-migrate-meta-layouts":"set","ast-page-background-enabled":"default","ast-page-background-meta":{"desktop":{"background-color":"var(--ast-global-color-4)","background-image":"","background-repeat":"repeat","background-position":"center center","background-size":"auto","background-attachment":"scroll","background-type":"","background-media":"","overlay-type":"","overlay-color":"","overlay-opacity":"","overlay-gradient":""},"tablet":{"background-color":"","background-image":"","background-repeat":"repeat","background-position":"center center","background-size":"auto","background-attachment":"scroll","background-type":"","background-media":"","overlay-type":"","overlay-color":"","overlay-opacity":"","overlay-gradient":""},"mobile":{"background-color":"","background-image":"","background-repeat":"repeat","background-position":"center center","background-size":"auto","background-attachment":"scroll","background-type":"","background-media":"","overlay-type":"","overlay-color":"","overlay-opacity":"","overlay-gradient":""}},"ast-content-background-meta":{"desktop":{"background-color":"var(--ast-global-color-5)","background-image":"","background-repeat":"repeat","background-position":"center center","background-size":"auto","background-attachment":"scroll","background-type":"","background-media":"","overlay-type":"","overlay-color":"","overlay-opacity":"","overlay-gradient":""},"tablet":{"background-color":"var(--ast-global-color-5)","background-image":"","background-repeat":"repeat","background-position":"center center","background-size":"auto","background-attachment":"scroll","background-type":"","background-media":"","overlay-type":"","overlay-color":"","overlay-opacity":"","overlay-gradient":""},"mobile":{"background-color":"var(--ast-global-color-5)","background-image":"","background-repeat":"repeat","background-position":"center center","background-size":"auto","background-attachment":"scroll","background-type":"","background-media":"","overlay-type":"","overlay-color":"","overlay-opacity":"","overlay-gradient":""}}},"product_brand":[],"product_cat":[371,369,365,363,588],"product_tag":[],"class_list":{"0":"post-35008","1":"product","2":"type-product","3":"status-publish","4":"has-post-thumbnail","6":"product_cat-akcio-jatekok","7":"product_cat-csarnokok","8":"product_cat-goz","9":"product_cat-kaland-jatekok","10":"product_cat-tate-multimedia-hu","11":"desktop-align-left","12":"tablet-align-left","13":"mobile-align-left","15":"first","16":"instock","17":"virtual","18":"purchasable","19":"product-type-simple"},"acf":[],"yoast_head":"<!-- This site is optimized with the Yoast SEO Premium plugin v27.5 (Yoast SEO v27.5) - https:\/\/yoast.com\/product\/yoast-seo-premium-wordpress\/ -->\n<title>Kao the Kangaroo (2000 re-release) - Prismagamers.com<\/title>\n<meta name=\"description\" content=\"A Kao the Kangaroo egy 3D-s kalandj\u00e1t\u00e9k, amely el\u0151sz\u00f6r 2000-ben jelent meg. T\u00f6bb mint 30 p\u00e1ly\u00e1val, sz\u00e1mos sz\u00f3rakoztat\u00f3 karakterrel, testre szabhat\u00f3 neh\u00e9zs\u00e9ggel \u00e9s kih\u00edv\u00e1st jelent\u0151 j\u00e1t\u00e9kmenettel nemcsak a fiatalabb j\u00e1t\u00e9kosokat vonzotta, hanem a halad\u00f3bb j\u00e1t\u00e9kosok sz\u00e1m\u00e1ra is \u00e9lvezetes sz\u00f3rakoz\u00e1st ny\u00fajtott. \ud83c\udf0d Glob\u00e1lis \u2699\ufe0f Steam \ud83d\udddd Digit\u00e1lis kulcs\" \/>\n<meta name=\"robots\" content=\"index, follow, max-snippet:-1, max-image-preview:large, max-video-preview:-1\" \/>\n<link rel=\"canonical\" href=\"https:\/\/prismagamers.com\/hu\/produkt\/kao-a-kenguru-2000-es-ujrakiadas\/\" \/>\n<meta property=\"og:locale\" content=\"hu_HU\" \/>\n<meta property=\"og:type\" content=\"article\" \/>\n<meta property=\"og:title\" content=\"Kao the Kangaroo (2000 re-release)\" \/>\n<meta property=\"og:description\" content=\"A Kao the Kangaroo egy 3D-s kalandj\u00e1t\u00e9k, amely el\u0151sz\u00f6r 2000-ben jelent meg. T\u00f6bb mint 30 p\u00e1ly\u00e1val, sz\u00e1mos sz\u00f3rakoztat\u00f3 karakterrel, testre szabhat\u00f3 neh\u00e9zs\u00e9ggel \u00e9s kih\u00edv\u00e1st jelent\u0151 j\u00e1t\u00e9kmenettel nemcsak a fiatalabb j\u00e1t\u00e9kosokat vonzotta, hanem a halad\u00f3bb j\u00e1t\u00e9kosok sz\u00e1m\u00e1ra is \u00e9lvezetes sz\u00f3rakoz\u00e1st ny\u00fajtott. \ud83c\udf0d Glob\u00e1lis \u2699\ufe0f Steam \ud83d\udddd Digit\u00e1lis kulcs\" \/>\n<meta property=\"og:url\" content=\"https:\/\/prismagamers.com\/hu\/produkt\/kao-a-kenguru-2000-es-ujrakiadas\/\" \/>\n<meta property=\"og:site_name\" content=\"Prismagamers.com\" \/>\n<meta property=\"article:publisher\" content=\"https:\/\/www.facebook.com\/prismagamers\" \/>\n<meta property=\"article:modified_time\" content=\"2026-03-04T23:00:34+00:00\" \/>\n<meta property=\"og:image\" content=\"https:\/\/prismagamers.com\/wp-content\/uploads\/2025\/03\/library_600x900_2x-9-e1742235588560.jpg\" \/>\n\t<meta property=\"og:image:width\" content=\"600\" \/>\n\t<meta property=\"og:image:height\" content=\"900\" \/>\n\t<meta property=\"og:image:type\" content=\"image\/jpeg\" \/>\n<meta name=\"twitter:card\" content=\"summary_large_image\" \/>\n<meta name=\"twitter:label1\" content=\"Becs\u00fclt olvas\u00e1si id\u0151\" \/>\n\t<meta name=\"twitter:data1\" content=\"2 perc\" \/>\n<script type=\"application\/ld+json\" class=\"yoast-schema-graph\">{\"@context\":\"https:\\\/\\\/schema.org\",\"@graph\":[{\"@type\":\"WebPage\",\"@id\":\"https:\\\/\\\/prismagamers.com\\\/hu\\\/produkt\\\/kao-a-kenguru-2000-es-ujrakiadas\\\/\",\"url\":\"https:\\\/\\\/prismagamers.com\\\/hu\\\/produkt\\\/kao-a-kenguru-2000-es-ujrakiadas\\\/\",\"name\":\"Kao the Kangaroo (2000 re-release) - Prismagamers.com\",\"isPartOf\":{\"@id\":\"https:\\\/\\\/prismagamers.com\\\/hu\\\/#website\"},\"primaryImageOfPage\":{\"@id\":\"https:\\\/\\\/prismagamers.com\\\/hu\\\/produkt\\\/kao-a-kenguru-2000-es-ujrakiadas\\\/#primaryimage\"},\"image\":{\"@id\":\"https:\\\/\\\/prismagamers.com\\\/hu\\\/produkt\\\/kao-a-kenguru-2000-es-ujrakiadas\\\/#primaryimage\"},\"thumbnailUrl\":\"https:\\\/\\\/prismagamers.com\\\/wp-content\\\/uploads\\\/2025\\\/03\\\/library_600x900_2x-9-e1742235588560.jpg\",\"datePublished\":\"2025-03-17T18:18:47+00:00\",\"dateModified\":\"2026-03-04T23:00:34+00:00\",\"description\":\"A Kao the Kangaroo egy 3D-s kalandj\u00e1t\u00e9k, amely el\u0151sz\u00f6r 2000-ben jelent meg. T\u00f6bb mint 30 p\u00e1ly\u00e1val, sz\u00e1mos sz\u00f3rakoztat\u00f3 karakterrel, testre szabhat\u00f3 neh\u00e9zs\u00e9ggel \u00e9s kih\u00edv\u00e1st jelent\u0151 j\u00e1t\u00e9kmenettel nemcsak a fiatalabb j\u00e1t\u00e9kosokat vonzotta, hanem a halad\u00f3bb j\u00e1t\u00e9kosok sz\u00e1m\u00e1ra is \u00e9lvezetes sz\u00f3rakoz\u00e1st ny\u00fajtott. \ud83c\udf0d Glob\u00e1lis \u2699\ufe0f Steam \ud83d\udddd Digit\u00e1lis kulcs\",\"breadcrumb\":{\"@id\":\"https:\\\/\\\/prismagamers.com\\\/hu\\\/produkt\\\/kao-a-kenguru-2000-es-ujrakiadas\\\/#breadcrumb\"},\"inLanguage\":\"hu\",\"potentialAction\":[{\"@type\":\"ReadAction\",\"target\":[\"https:\\\/\\\/prismagamers.com\\\/hu\\\/produkt\\\/kao-a-kenguru-2000-es-ujrakiadas\\\/\"]}]},{\"@type\":\"ImageObject\",\"inLanguage\":\"hu\",\"@id\":\"https:\\\/\\\/prismagamers.com\\\/hu\\\/produkt\\\/kao-a-kenguru-2000-es-ujrakiadas\\\/#primaryimage\",\"url\":\"https:\\\/\\\/prismagamers.com\\\/wp-content\\\/uploads\\\/2025\\\/03\\\/library_600x900_2x-9-e1742235588560.jpg\",\"contentUrl\":\"https:\\\/\\\/prismagamers.com\\\/wp-content\\\/uploads\\\/2025\\\/03\\\/library_600x900_2x-9-e1742235588560.jpg\",\"width\":600,\"height\":900,\"caption\":\"Kao a kenguru bor\u00edt\u00f3\"},{\"@type\":\"BreadcrumbList\",\"@id\":\"https:\\\/\\\/prismagamers.com\\\/hu\\\/produkt\\\/kao-a-kenguru-2000-es-ujrakiadas\\\/#breadcrumb\",\"itemListElement\":[{\"@type\":\"ListItem\",\"position\":1,\"name\":\"Strona g\u0142\u00f3wna\",\"item\":\"https:\\\/\\\/prismagamers.com\\\/hu\\\/prismagamers\\\/\"},{\"@type\":\"ListItem\",\"position\":2,\"name\":\"Shop\",\"item\":\"https:\\\/\\\/prismagamers.com\\\/hu\\\/shop\\\/\"},{\"@type\":\"ListItem\",\"position\":3,\"name\":\"Kao the Kangaroo (2000 re-release)\"}]},{\"@type\":\"WebSite\",\"@id\":\"https:\\\/\\\/prismagamers.com\\\/hu\\\/#website\",\"url\":\"https:\\\/\\\/prismagamers.com\\\/hu\\\/\",\"name\":\"Prismagamers\",\"description\":\"Sklep z grami PC I Sklep klucze Steam\",\"publisher\":{\"@id\":\"https:\\\/\\\/prismagamers.com\\\/hu\\\/#organization\"},\"potentialAction\":[{\"@type\":\"SearchAction\",\"target\":{\"@type\":\"EntryPoint\",\"urlTemplate\":\"https:\\\/\\\/prismagamers.com\\\/hu\\\/?s={search_term_string}\"},\"query-input\":{\"@type\":\"PropertyValueSpecification\",\"valueRequired\":true,\"valueName\":\"search_term_string\"}}],\"inLanguage\":\"hu\"},{\"@type\":\"Organization\",\"@id\":\"https:\\\/\\\/prismagamers.com\\\/hu\\\/#organization\",\"name\":\"Prismagamers\",\"url\":\"https:\\\/\\\/prismagamers.com\\\/hu\\\/\",\"logo\":{\"@type\":\"ImageObject\",\"inLanguage\":\"hu\",\"@id\":\"https:\\\/\\\/prismagamers.com\\\/hu\\\/#\\\/schema\\\/logo\\\/image\\\/\",\"url\":\"https:\\\/\\\/prismagamers.com\\\/wp-content\\\/uploads\\\/2022\\\/04\\\/cropped-logo-Prismagamers-01-scaled-1.jpg\",\"contentUrl\":\"https:\\\/\\\/prismagamers.com\\\/wp-content\\\/uploads\\\/2022\\\/04\\\/cropped-logo-Prismagamers-01-scaled-1.jpg\",\"width\":512,\"height\":512,\"caption\":\"Prismagamers\"},\"image\":{\"@id\":\"https:\\\/\\\/prismagamers.com\\\/hu\\\/#\\\/schema\\\/logo\\\/image\\\/\"},\"sameAs\":[\"https:\\\/\\\/www.facebook.com\\\/prismagamers\",\"https:\\\/\\\/www.instagram.com\\\/prismagamers_grycyfrowe\\\/\"],\"description\":\"Prismagamers.com to dynamiczny sklep z grami cyfrowymi, stworzony z my\u015bl\u0105 o entuzjastach gier wideo. Nasza strona oferuje szerok\u0105 gam\u0119 gier komputerowych, w tym najnowsze tytu\u0142y, dobrze znane klasyki oraz gry stworzone przez niezale\u017cne studia Ca\u0142y czas d\u0105\u017cymy do rozszerzenia naszej oferty. Do\u0142\u0105cz do nas i sta\u0144 si\u0119 cz\u0119\u015bci\u0105 naszej rosn\u0105cej spo\u0142eczno\u015bci graczy!\",\"email\":\"shop@prismagamers.com\",\"telephone\":\"48795541705\",\"legalName\":\"East Caravan Maksym \u017bukow\",\"foundingDate\":\"2012-05-10\",\"vatID\":\"PL8943038612\",\"taxID\":\"PL8943038612\",\"numberOfEmployees\":{\"@type\":\"QuantitativeValue\",\"minValue\":\"11\",\"maxValue\":\"50\"}}]}<\/script>\n<!-- \/ Yoast SEO Premium plugin. -->","yoast_head_json":{"title":"Kao the Kangaroo (2000 re-release) - Prismagamers.com","description":"A Kao the Kangaroo egy 3D-s kalandj\u00e1t\u00e9k, amely el\u0151sz\u00f6r 2000-ben jelent meg. T\u00f6bb mint 30 p\u00e1ly\u00e1val, sz\u00e1mos sz\u00f3rakoztat\u00f3 karakterrel, testre szabhat\u00f3 neh\u00e9zs\u00e9ggel \u00e9s kih\u00edv\u00e1st jelent\u0151 j\u00e1t\u00e9kmenettel nemcsak a fiatalabb j\u00e1t\u00e9kosokat vonzotta, hanem a halad\u00f3bb j\u00e1t\u00e9kosok sz\u00e1m\u00e1ra is \u00e9lvezetes sz\u00f3rakoz\u00e1st ny\u00fajtott. \ud83c\udf0d Glob\u00e1lis \u2699\ufe0f Steam \ud83d\udddd Digit\u00e1lis kulcs","robots":{"index":"index","follow":"follow","max-snippet":"max-snippet:-1","max-image-preview":"max-image-preview:large","max-video-preview":"max-video-preview:-1"},"canonical":"https:\/\/prismagamers.com\/hu\/produkt\/kao-a-kenguru-2000-es-ujrakiadas\/","og_locale":"hu_HU","og_type":"article","og_title":"Kao the Kangaroo (2000 re-release)","og_description":"A Kao the Kangaroo egy 3D-s kalandj\u00e1t\u00e9k, amely el\u0151sz\u00f6r 2000-ben jelent meg. T\u00f6bb mint 30 p\u00e1ly\u00e1val, sz\u00e1mos sz\u00f3rakoztat\u00f3 karakterrel, testre szabhat\u00f3 neh\u00e9zs\u00e9ggel \u00e9s kih\u00edv\u00e1st jelent\u0151 j\u00e1t\u00e9kmenettel nemcsak a fiatalabb j\u00e1t\u00e9kosokat vonzotta, hanem a halad\u00f3bb j\u00e1t\u00e9kosok sz\u00e1m\u00e1ra is \u00e9lvezetes sz\u00f3rakoz\u00e1st ny\u00fajtott. \ud83c\udf0d Glob\u00e1lis \u2699\ufe0f Steam \ud83d\udddd Digit\u00e1lis kulcs","og_url":"https:\/\/prismagamers.com\/hu\/produkt\/kao-a-kenguru-2000-es-ujrakiadas\/","og_site_name":"Prismagamers.com","article_publisher":"https:\/\/www.facebook.com\/prismagamers","article_modified_time":"2026-03-04T23:00:34+00:00","og_image":[{"width":600,"height":900,"url":"https:\/\/prismagamers.com\/wp-content\/uploads\/2025\/03\/library_600x900_2x-9-e1742235588560.jpg","type":"image\/jpeg"}],"twitter_card":"summary_large_image","twitter_misc":{"Becs\u00fclt olvas\u00e1si id\u0151":"2 perc"},"schema":{"@context":"https:\/\/schema.org","@graph":[{"@type":"WebPage","@id":"https:\/\/prismagamers.com\/hu\/produkt\/kao-a-kenguru-2000-es-ujrakiadas\/","url":"https:\/\/prismagamers.com\/hu\/produkt\/kao-a-kenguru-2000-es-ujrakiadas\/","name":"Kao the Kangaroo (2000 re-release) - Prismagamers.com","isPartOf":{"@id":"https:\/\/prismagamers.com\/hu\/#website"},"primaryImageOfPage":{"@id":"https:\/\/prismagamers.com\/hu\/produkt\/kao-a-kenguru-2000-es-ujrakiadas\/#primaryimage"},"image":{"@id":"https:\/\/prismagamers.com\/hu\/produkt\/kao-a-kenguru-2000-es-ujrakiadas\/#primaryimage"},"thumbnailUrl":"https:\/\/prismagamers.com\/wp-content\/uploads\/2025\/03\/library_600x900_2x-9-e1742235588560.jpg","datePublished":"2025-03-17T18:18:47+00:00","dateModified":"2026-03-04T23:00:34+00:00","description":"A Kao the Kangaroo egy 3D-s kalandj\u00e1t\u00e9k, amely el\u0151sz\u00f6r 2000-ben jelent meg. T\u00f6bb mint 30 p\u00e1ly\u00e1val, sz\u00e1mos sz\u00f3rakoztat\u00f3 karakterrel, testre szabhat\u00f3 neh\u00e9zs\u00e9ggel \u00e9s kih\u00edv\u00e1st jelent\u0151 j\u00e1t\u00e9kmenettel nemcsak a fiatalabb j\u00e1t\u00e9kosokat vonzotta, hanem a halad\u00f3bb j\u00e1t\u00e9kosok sz\u00e1m\u00e1ra is \u00e9lvezetes sz\u00f3rakoz\u00e1st ny\u00fajtott. \ud83c\udf0d Glob\u00e1lis \u2699\ufe0f Steam \ud83d\udddd Digit\u00e1lis kulcs","breadcrumb":{"@id":"https:\/\/prismagamers.com\/hu\/produkt\/kao-a-kenguru-2000-es-ujrakiadas\/#breadcrumb"},"inLanguage":"hu","potentialAction":[{"@type":"ReadAction","target":["https:\/\/prismagamers.com\/hu\/produkt\/kao-a-kenguru-2000-es-ujrakiadas\/"]}]},{"@type":"ImageObject","inLanguage":"hu","@id":"https:\/\/prismagamers.com\/hu\/produkt\/kao-a-kenguru-2000-es-ujrakiadas\/#primaryimage","url":"https:\/\/prismagamers.com\/wp-content\/uploads\/2025\/03\/library_600x900_2x-9-e1742235588560.jpg","contentUrl":"https:\/\/prismagamers.com\/wp-content\/uploads\/2025\/03\/library_600x900_2x-9-e1742235588560.jpg","width":600,"height":900,"caption":"Kao a kenguru bor\u00edt\u00f3"},{"@type":"BreadcrumbList","@id":"https:\/\/prismagamers.com\/hu\/produkt\/kao-a-kenguru-2000-es-ujrakiadas\/#breadcrumb","itemListElement":[{"@type":"ListItem","position":1,"name":"Strona g\u0142\u00f3wna","item":"https:\/\/prismagamers.com\/hu\/prismagamers\/"},{"@type":"ListItem","position":2,"name":"Shop","item":"https:\/\/prismagamers.com\/hu\/shop\/"},{"@type":"ListItem","position":3,"name":"Kao the Kangaroo (2000 re-release)"}]},{"@type":"WebSite","@id":"https:\/\/prismagamers.com\/hu\/#website","url":"https:\/\/prismagamers.com\/hu\/","name":"Prismagamers","description":"Sklep z grami PC I Sklep klucze Steam","publisher":{"@id":"https:\/\/prismagamers.com\/hu\/#organization"},"potentialAction":[{"@type":"SearchAction","target":{"@type":"EntryPoint","urlTemplate":"https:\/\/prismagamers.com\/hu\/?s={search_term_string}"},"query-input":{"@type":"PropertyValueSpecification","valueRequired":true,"valueName":"search_term_string"}}],"inLanguage":"hu"},{"@type":"Organization","@id":"https:\/\/prismagamers.com\/hu\/#organization","name":"Prismagamers","url":"https:\/\/prismagamers.com\/hu\/","logo":{"@type":"ImageObject","inLanguage":"hu","@id":"https:\/\/prismagamers.com\/hu\/#\/schema\/logo\/image\/","url":"https:\/\/prismagamers.com\/wp-content\/uploads\/2022\/04\/cropped-logo-Prismagamers-01-scaled-1.jpg","contentUrl":"https:\/\/prismagamers.com\/wp-content\/uploads\/2022\/04\/cropped-logo-Prismagamers-01-scaled-1.jpg","width":512,"height":512,"caption":"Prismagamers"},"image":{"@id":"https:\/\/prismagamers.com\/hu\/#\/schema\/logo\/image\/"},"sameAs":["https:\/\/www.facebook.com\/prismagamers","https:\/\/www.instagram.com\/prismagamers_grycyfrowe\/"],"description":"Prismagamers.com to dynamiczny sklep z grami cyfrowymi, stworzony z my\u015bl\u0105 o entuzjastach gier wideo. Nasza strona oferuje szerok\u0105 gam\u0119 gier komputerowych, w tym najnowsze tytu\u0142y, dobrze znane klasyki oraz gry stworzone przez niezale\u017cne studia Ca\u0142y czas d\u0105\u017cymy do rozszerzenia naszej oferty. Do\u0142\u0105cz do nas i sta\u0144 si\u0119 cz\u0119\u015bci\u0105 naszej rosn\u0105cej spo\u0142eczno\u015bci graczy!","email":"shop@prismagamers.com","telephone":"48795541705","legalName":"East Caravan Maksym \u017bukow","foundingDate":"2012-05-10","vatID":"PL8943038612","taxID":"PL8943038612","numberOfEmployees":{"@type":"QuantitativeValue","minValue":"11","maxValue":"50"}}]}},"_links":{"self":[{"href":"https:\/\/prismagamers.com\/hu\/wp-json\/wp\/v2\/product\/35008","targetHints":{"allow":["GET"]}}],"collection":[{"href":"https:\/\/prismagamers.com\/hu\/wp-json\/wp\/v2\/product"}],"about":[{"href":"https:\/\/prismagamers.com\/hu\/wp-json\/wp\/v2\/types\/product"}],"wp:featuredmedia":[{"embeddable":true,"href":"https:\/\/prismagamers.com\/hu\/wp-json\/wp\/v2\/media\/35000"}],"wp:attachment":[{"href":"https:\/\/prismagamers.com\/hu\/wp-json\/wp\/v2\/media?parent=35008"}],"wp:term":[{"taxonomy":"product_brand","embeddable":true,"href":"https:\/\/prismagamers.com\/hu\/wp-json\/wp\/v2\/product_brand?post=35008"},{"taxonomy":"product_cat","embeddable":true,"href":"https:\/\/prismagamers.com\/hu\/wp-json\/wp\/v2\/product_cat?post=35008"},{"taxonomy":"product_tag","embeddable":true,"href":"https:\/\/prismagamers.com\/hu\/wp-json\/wp\/v2\/product_tag?post=35008"}],"curies":[{"name":"wp","href":"https:\/\/api.w.org\/{rel}","templated":true}]}}