{"id":35025,"date":"2025-03-17T19:41:49","date_gmt":"2025-03-17T18:41:49","guid":{"rendered":"https:\/\/prismagamers.com\/produkt\/deathbound-2\/"},"modified":"2026-03-05T00:00:54","modified_gmt":"2026-03-04T23:00:54","slug":"deathbound-2","status":"publish","type":"product","link":"https:\/\/prismagamers.com\/hu\/produkt\/deathbound-2\/","title":{"rendered":"Deathbound"},"content":{"rendered":"<p data-start=\"0\" data-end=\"39\"><strong data-start=\"0\" data-end=\"14\">Deathbound<\/strong> &#8211; A j\u00e1t\u00e9k legfontosabb elemei:<\/p>\n<ul data-start=\"41\" data-end=\"1202\">\n<li data-start=\"41\" data-end=\"279\">\n<p data-start=\"43\" data-end=\"279\"><strong data-start=\"43\" data-end=\"54\">Essence<\/strong> &#8211; Szerezd meg az elesett harcosok k\u00e9pess\u00e9geit, eml\u00e9keit \u00e9s szem\u00e9lyazonoss\u00e1g\u00e1t a j\u00e1t\u00e9k brut\u00e1lis vil\u00e1g\u00e1ban. Kombin\u00e1ld egyedi szem\u00e9lyis\u00e9g\u00fcket \u00e9s harci st\u00edlusukat, dinamikusan v\u00e1ltogatva k\u00f6z\u00f6tt\u00fck, hogy strat\u00e9gi\u00e1dat minden kih\u00edv\u00e1shoz igaz\u00edtsd. <\/p>\n<\/li>\n<li data-start=\"281\" data-end=\"512\">\n<p data-start=\"283\" data-end=\"512\"><strong data-start=\"283\" data-end=\"303\">Csapatrendszer<\/strong> &#8211; Az elnyelt esszenci\u00e1k alkotj\u00e1k a csapatodat. A rendszer lehet\u0151v\u00e9 teszi, hogy a j\u00e1t\u00e9kst\u00edlusodat a tehets\u00e9gf\u00e1k seg\u00edts\u00e9g\u00e9vel fejleszd. V\u00e1lts a harcosok k\u00f6z\u00f6tt, \u00e9s haszn\u00e1ld a k\u00e9pess\u00e9geiket hat\u00e9konyan, hogy uralni tudd a csatateret.  <\/p>\n<\/li>\n<li data-start=\"514\" data-end=\"708\">\n<p data-start=\"516\" data-end=\"708\"><strong data-start=\"516\" data-end=\"528\">Morphing<\/strong> &#8211; Engedd szabadj\u00e1ra az elesett harcosok egyes\u00edtett erej\u00e9t, hogy k\u00e1oszt okozz. Haszn\u00e1ld a k\u00fcl\u00f6nb\u00f6z\u0151 t\u00e1mad\u00e1si st\u00edlusokat, hogy er\u0151teljes \u00fct\u00e9skombin\u00e1ci\u00f3kat \u00e9s v\u00e9gs\u0151 t\u00e1mad\u00e1sokat hozz l\u00e9tre, amelyek sz\u00e9tz\u00fazz\u00e1k az ellenfeleidet. <\/p>\n<\/li>\n<li data-start=\"710\" data-end=\"942\">\n<p data-start=\"712\" data-end=\"942\"><strong data-start=\"712\" data-end=\"730\">Brut\u00e1lis vil\u00e1g<\/strong> &#8211; Zi\u00eaminal kultur\u00e1lisan soksz\u00edn\u0171 orsz\u00e1g, high-tech m\u00falttal \u00e9s k\u00f6z\u00e9pkori jelennel. Akratya leny\u0171g\u00f6z\u0151 t\u00f6rt\u00e9nelmet rejt, de sz\u00e1mos vesz\u00e9lyt is, amelyeket le kell gy\u0151zn\u00f6d. <\/p>\n<\/li>\n<li data-start=\"944\" data-end=\"1202\">\n<p data-start=\"946\" data-end=\"1202\"><strong data-start=\"946\" data-end=\"972\">K\u00f6ny\u00f6rtelen ellens\u00e9gek<\/strong> &#8211; Az \u00f6t gy\u00e1szf\u00e1zison alapul\u00f3 kih\u00edv\u00e1st jelent\u0151 ellens\u00e9gekkel val\u00f3 k\u00fczdelem f\u00e9lelmetes kih\u00edv\u00e1sok el\u00e9 \u00e1ll\u00edt. Minden egyes csetepat\u00e9 maxim\u00e1lis \u00f6sszpontos\u00edt\u00e1st \u00e9s prec\u00edz strat\u00e9gi\u00e1t ig\u00e9nyel, hogy \u00e1tjuss a brut\u00e1lis j\u00e1t\u00e9kvil\u00e1gon. <\/p>\n<\/li>\n<\/ul>\n<p data-start=\"1204\" data-end=\"1359\" data-is-last-node=\"\" data-is-only-node=\"\">Mer\u00fclj el a <strong data-start=\"1235\" data-end=\"1249\">Deathbound<\/strong> brut\u00e1lis vil\u00e1g\u00e1ban, ahol az elesett harcosok erej\u00e9nek megragad\u00e1sa \u00e9s a k\u00f6ny\u00f6rtelen ellenfelekkel val\u00f3 \u00f6sszecsap\u00e1s a t\u00fal\u00e9l\u00e9s kulcsa!<\/p>\n","protected":false},"excerpt":{"rendered":"<p class=\"ai-optimize-28\">A <strong data-start=\"0\" data-end=\"14\" data-is-only-node=\"\">Deathbound<\/strong> egy egyed\u00fcl\u00e1ll\u00f3, <strong data-start=\"37\" data-end=\"50\">Souls-szer\u0171<\/strong> j\u00e1t\u00e9k, amely egy brut\u00e1lis vil\u00e1gban j\u00e1tsz\u00f3dik, ahol a hit \u00e9s a tudom\u00e1ny \u00e1lland\u00f3 harcban \u00e1ll egym\u00e1ssal. Szerezd meg az elesett harcosok esszenci\u00e1it, hogy megragadd erej\u00fcket \u00e9s k\u00e9pess\u00e9geiket, majd haszn\u00e1ld \u0151ket a kih\u00edv\u00e1sokkal teli \u00f6sszecsap\u00e1sokban. \u00c9lj t\u00fal egy kegyetlen val\u00f3s\u00e1got, ahol az <strong data-start=\"323\" data-end=\"333\">\u00c9let<\/strong> \u00e9s a <strong data-start=\"336\" data-end=\"348\">Hal\u00e1l<\/strong> k\u00f6z\u00f6tti hat\u00e1rok m\u00e9g soha nem voltak ennyire elmos\u00f3dottak. Sz\u00e1llj szembe hatalmas ellens\u00e9gekkel, gy\u0151zd le a kisz\u00e1m\u00edthatatlan akad\u00e1lyokat, \u00e9s fedezd fel ennek a vil\u00e1gnak a s\u00f6t\u00e9t titkait.   <\/p>\n<p class=\"ai-optimize-29\">\ud83c\udf0d Glob\u00e1lis<br \/>\n\u2699\ufe0f Steam<br \/>\n\ud83d\udddd Digit\u00e1lis kulcs<\/p>\n","protected":false},"featured_media":35018,"template":"","meta":{"_acf_changed":false,"site-sidebar-layout":"default","site-content-layout":"","ast-site-content-layout":"default","site-content-style":"default","site-sidebar-style":"default","ast-global-header-display":"","ast-banner-title-visibility":"","ast-main-header-display":"","ast-hfb-above-header-display":"","ast-hfb-below-header-display":"","ast-hfb-mobile-header-display":"","site-post-title":"","ast-breadcrumbs-content":"","ast-featured-img":"","footer-sml-layout":"","ast-disable-related-posts":"","theme-transparent-header-meta":"default","adv-header-id-meta":"","stick-header-meta":"","header-above-stick-meta":"","header-main-stick-meta":"","header-below-stick-meta":"","astra-migrate-meta-layouts":"default","ast-page-background-enabled":"default","ast-page-background-meta":{"desktop":{"background-color":"var(--ast-global-color-4)","background-image":"","background-repeat":"repeat","background-position":"center center","background-size":"auto","background-attachment":"scroll","background-type":"","background-media":"","overlay-type":"","overlay-color":"","overlay-opacity":"","overlay-gradient":""},"tablet":{"background-color":"","background-image":"","background-repeat":"repeat","background-position":"center center","background-size":"auto","background-attachment":"scroll","background-type":"","background-media":"","overlay-type":"","overlay-color":"","overlay-opacity":"","overlay-gradient":""},"mobile":{"background-color":"","background-image":"","background-repeat":"repeat","background-position":"center center","background-size":"auto","background-attachment":"scroll","background-type":"","background-media":"","overlay-type":"","overlay-color":"","overlay-opacity":"","overlay-gradient":""}},"ast-content-background-meta":{"desktop":{"background-color":"var(--ast-global-color-5)","background-image":"","background-repeat":"repeat","background-position":"center center","background-size":"auto","background-attachment":"scroll","background-type":"","background-media":"","overlay-type":"","overlay-color":"","overlay-opacity":"","overlay-gradient":""},"tablet":{"background-color":"var(--ast-global-color-5)","background-image":"","background-repeat":"repeat","background-position":"center center","background-size":"auto","background-attachment":"scroll","background-type":"","background-media":"","overlay-type":"","overlay-color":"","overlay-opacity":"","overlay-gradient":""},"mobile":{"background-color":"var(--ast-global-color-5)","background-image":"","background-repeat":"repeat","background-position":"center center","background-size":"auto","background-attachment":"scroll","background-type":"","background-media":"","overlay-type":"","overlay-color":"","overlay-opacity":"","overlay-gradient":""}}},"product_brand":[],"product_cat":[371,369,365,385,364,588],"product_tag":[],"class_list":{"0":"post-35025","1":"product","2":"type-product","3":"status-publish","4":"has-post-thumbnail","6":"product_cat-akcio-jatekok","7":"product_cat-csarnokok","8":"product_cat-goz","9":"product_cat-horror-hu","10":"product_cat-rpg-k","11":"product_cat-tate-multimedia-hu","12":"desktop-align-left","13":"tablet-align-left","14":"mobile-align-left","16":"first","17":"instock","18":"virtual","19":"purchasable","20":"product-type-simple"},"acf":[],"yoast_head":"<!-- This site is optimized with the Yoast SEO Premium plugin v27.4 (Yoast SEO v27.4) - https:\/\/yoast.com\/product\/yoast-seo-premium-wordpress\/ -->\n<title>Deathbound - Prismagamers.com<\/title>\n<meta name=\"description\" content=\"A Deathbound egy egyed\u00fcl\u00e1ll\u00f3, Souls-szer\u0171 j\u00e1t\u00e9k, amely egy brut\u00e1lis vil\u00e1gban j\u00e1tsz\u00f3dik, ahol a hit \u00e9s a tudom\u00e1ny \u00e1lland\u00f3 harcban \u00e1ll egym\u00e1ssal. Szerezd meg az elesett harcosok esszenci\u00e1it, hogy megragadd erej\u00fcket \u00e9s k\u00e9pess\u00e9geiket, majd haszn\u00e1ld \u0151ket a kih\u00edv\u00e1sokkal teli \u00f6sszecsap\u00e1sokban. \u00c9lj t\u00fal egy kegyetlen val\u00f3s\u00e1got, ahol az \u00c9let \u00e9s a Hal\u00e1l k\u00f6z\u00f6tti hat\u00e1rok m\u00e9g soha nem voltak ennyire elmos\u00f3dottak. Sz\u00e1llj szembe hatalmas ellens\u00e9gekkel, gy\u0151zd le a kisz\u00e1m\u00edthatatlan akad\u00e1lyokat, \u00e9s fedezd fel ennek a vil\u00e1gnak a s\u00f6t\u00e9t titkait.  \ud83c\udf0d Glob\u00e1lis \u2699\ufe0f Steam \ud83d\udddd Digit\u00e1lis kulcs\" \/>\n<meta name=\"robots\" content=\"index, follow, max-snippet:-1, max-image-preview:large, max-video-preview:-1\" \/>\n<link rel=\"canonical\" href=\"https:\/\/prismagamers.com\/hu\/produkt\/deathbound-2\/\" \/>\n<meta property=\"og:locale\" content=\"hu_HU\" \/>\n<meta property=\"og:type\" content=\"article\" \/>\n<meta property=\"og:title\" content=\"Deathbound\" \/>\n<meta property=\"og:description\" content=\"A Deathbound egy egyed\u00fcl\u00e1ll\u00f3, Souls-szer\u0171 j\u00e1t\u00e9k, amely egy brut\u00e1lis vil\u00e1gban j\u00e1tsz\u00f3dik, ahol a hit \u00e9s a tudom\u00e1ny \u00e1lland\u00f3 harcban \u00e1ll egym\u00e1ssal. Szerezd meg az elesett harcosok esszenci\u00e1it, hogy megragadd erej\u00fcket \u00e9s k\u00e9pess\u00e9geiket, majd haszn\u00e1ld \u0151ket a kih\u00edv\u00e1sokkal teli \u00f6sszecsap\u00e1sokban. \u00c9lj t\u00fal egy kegyetlen val\u00f3s\u00e1got, ahol az \u00c9let \u00e9s a Hal\u00e1l k\u00f6z\u00f6tti hat\u00e1rok m\u00e9g soha nem voltak ennyire elmos\u00f3dottak. Sz\u00e1llj szembe hatalmas ellens\u00e9gekkel, gy\u0151zd le a kisz\u00e1m\u00edthatatlan akad\u00e1lyokat, \u00e9s fedezd fel ennek a vil\u00e1gnak a s\u00f6t\u00e9t titkait.  \ud83c\udf0d Glob\u00e1lis \u2699\ufe0f Steam \ud83d\udddd Digit\u00e1lis kulcs\" \/>\n<meta property=\"og:url\" content=\"https:\/\/prismagamers.com\/hu\/produkt\/deathbound-2\/\" \/>\n<meta property=\"og:site_name\" content=\"Prismagamers.com\" \/>\n<meta property=\"article:publisher\" content=\"https:\/\/www.facebook.com\/prismagamers\" \/>\n<meta property=\"article:modified_time\" content=\"2026-03-04T23:00:54+00:00\" \/>\n<meta property=\"og:image\" content=\"https:\/\/prismagamers.com\/wp-content\/uploads\/2025\/03\/library_600x900_2x-12-e1742236870446.jpg\" \/>\n\t<meta property=\"og:image:width\" content=\"600\" \/>\n\t<meta property=\"og:image:height\" content=\"900\" \/>\n\t<meta property=\"og:image:type\" content=\"image\/jpeg\" \/>\n<meta name=\"twitter:card\" content=\"summary_large_image\" \/>\n<meta name=\"twitter:label1\" content=\"Becs\u00fclt olvas\u00e1si id\u0151\" \/>\n\t<meta name=\"twitter:data1\" content=\"1 perc\" \/>\n<script type=\"application\/ld+json\" class=\"yoast-schema-graph\">{\"@context\":\"https:\\\/\\\/schema.org\",\"@graph\":[{\"@type\":\"WebPage\",\"@id\":\"https:\\\/\\\/prismagamers.com\\\/hu\\\/produkt\\\/deathbound-2\\\/\",\"url\":\"https:\\\/\\\/prismagamers.com\\\/hu\\\/produkt\\\/deathbound-2\\\/\",\"name\":\"Deathbound - Prismagamers.com\",\"isPartOf\":{\"@id\":\"https:\\\/\\\/prismagamers.com\\\/hu\\\/#website\"},\"primaryImageOfPage\":{\"@id\":\"https:\\\/\\\/prismagamers.com\\\/hu\\\/produkt\\\/deathbound-2\\\/#primaryimage\"},\"image\":{\"@id\":\"https:\\\/\\\/prismagamers.com\\\/hu\\\/produkt\\\/deathbound-2\\\/#primaryimage\"},\"thumbnailUrl\":\"https:\\\/\\\/prismagamers.com\\\/wp-content\\\/uploads\\\/2025\\\/03\\\/library_600x900_2x-12-e1742236870446.jpg\",\"datePublished\":\"2025-03-17T18:41:49+00:00\",\"dateModified\":\"2026-03-04T23:00:54+00:00\",\"description\":\"A Deathbound egy egyed\u00fcl\u00e1ll\u00f3, Souls-szer\u0171 j\u00e1t\u00e9k, amely egy brut\u00e1lis vil\u00e1gban j\u00e1tsz\u00f3dik, ahol a hit \u00e9s a tudom\u00e1ny \u00e1lland\u00f3 harcban \u00e1ll egym\u00e1ssal. Szerezd meg az elesett harcosok esszenci\u00e1it, hogy megragadd erej\u00fcket \u00e9s k\u00e9pess\u00e9geiket, majd haszn\u00e1ld \u0151ket a kih\u00edv\u00e1sokkal teli \u00f6sszecsap\u00e1sokban. \u00c9lj t\u00fal egy kegyetlen val\u00f3s\u00e1got, ahol az \u00c9let \u00e9s a Hal\u00e1l k\u00f6z\u00f6tti hat\u00e1rok m\u00e9g soha nem voltak ennyire elmos\u00f3dottak. Sz\u00e1llj szembe hatalmas ellens\u00e9gekkel, gy\u0151zd le a kisz\u00e1m\u00edthatatlan akad\u00e1lyokat, \u00e9s fedezd fel ennek a vil\u00e1gnak a s\u00f6t\u00e9t titkait. \ud83c\udf0d Glob\u00e1lis \u2699\ufe0f Steam \ud83d\udddd Digit\u00e1lis kulcs\",\"breadcrumb\":{\"@id\":\"https:\\\/\\\/prismagamers.com\\\/hu\\\/produkt\\\/deathbound-2\\\/#breadcrumb\"},\"inLanguage\":\"hu\",\"potentialAction\":[{\"@type\":\"ReadAction\",\"target\":[\"https:\\\/\\\/prismagamers.com\\\/hu\\\/produkt\\\/deathbound-2\\\/\"]}]},{\"@type\":\"ImageObject\",\"inLanguage\":\"hu\",\"@id\":\"https:\\\/\\\/prismagamers.com\\\/hu\\\/produkt\\\/deathbound-2\\\/#primaryimage\",\"url\":\"https:\\\/\\\/prismagamers.com\\\/wp-content\\\/uploads\\\/2025\\\/03\\\/library_600x900_2x-12-e1742236870446.jpg\",\"contentUrl\":\"https:\\\/\\\/prismagamers.com\\\/wp-content\\\/uploads\\\/2025\\\/03\\\/library_600x900_2x-12-e1742236870446.jpg\",\"width\":600,\"height\":900,\"caption\":\"Deathbound bor\u00edt\u00f3\"},{\"@type\":\"BreadcrumbList\",\"@id\":\"https:\\\/\\\/prismagamers.com\\\/hu\\\/produkt\\\/deathbound-2\\\/#breadcrumb\",\"itemListElement\":[{\"@type\":\"ListItem\",\"position\":1,\"name\":\"Strona g\u0142\u00f3wna\",\"item\":\"https:\\\/\\\/prismagamers.com\\\/hu\\\/prismagamers\\\/\"},{\"@type\":\"ListItem\",\"position\":2,\"name\":\"Shop\",\"item\":\"https:\\\/\\\/prismagamers.com\\\/hu\\\/shop\\\/\"},{\"@type\":\"ListItem\",\"position\":3,\"name\":\"Deathbound\"}]},{\"@type\":\"WebSite\",\"@id\":\"https:\\\/\\\/prismagamers.com\\\/hu\\\/#website\",\"url\":\"https:\\\/\\\/prismagamers.com\\\/hu\\\/\",\"name\":\"Prismagamers\",\"description\":\"Sklep z grami PC I Sklep klucze Steam\",\"publisher\":{\"@id\":\"https:\\\/\\\/prismagamers.com\\\/hu\\\/#organization\"},\"potentialAction\":[{\"@type\":\"SearchAction\",\"target\":{\"@type\":\"EntryPoint\",\"urlTemplate\":\"https:\\\/\\\/prismagamers.com\\\/hu\\\/?s={search_term_string}\"},\"query-input\":{\"@type\":\"PropertyValueSpecification\",\"valueRequired\":true,\"valueName\":\"search_term_string\"}}],\"inLanguage\":\"hu\"},{\"@type\":\"Organization\",\"@id\":\"https:\\\/\\\/prismagamers.com\\\/hu\\\/#organization\",\"name\":\"Prismagamers\",\"url\":\"https:\\\/\\\/prismagamers.com\\\/hu\\\/\",\"logo\":{\"@type\":\"ImageObject\",\"inLanguage\":\"hu\",\"@id\":\"https:\\\/\\\/prismagamers.com\\\/hu\\\/#\\\/schema\\\/logo\\\/image\\\/\",\"url\":\"https:\\\/\\\/prismagamers.com\\\/wp-content\\\/uploads\\\/2022\\\/04\\\/cropped-logo-Prismagamers-01-scaled-1.jpg\",\"contentUrl\":\"https:\\\/\\\/prismagamers.com\\\/wp-content\\\/uploads\\\/2022\\\/04\\\/cropped-logo-Prismagamers-01-scaled-1.jpg\",\"width\":512,\"height\":512,\"caption\":\"Prismagamers\"},\"image\":{\"@id\":\"https:\\\/\\\/prismagamers.com\\\/hu\\\/#\\\/schema\\\/logo\\\/image\\\/\"},\"sameAs\":[\"https:\\\/\\\/www.facebook.com\\\/prismagamers\",\"https:\\\/\\\/www.instagram.com\\\/prismagamers_grycyfrowe\\\/\"],\"description\":\"Prismagamers.com to dynamiczny sklep z grami cyfrowymi, stworzony z my\u015bl\u0105 o entuzjastach gier wideo. Nasza strona oferuje szerok\u0105 gam\u0119 gier komputerowych, w tym najnowsze tytu\u0142y, dobrze znane klasyki oraz gry stworzone przez niezale\u017cne studia Ca\u0142y czas d\u0105\u017cymy do rozszerzenia naszej oferty. Do\u0142\u0105cz do nas i sta\u0144 si\u0119 cz\u0119\u015bci\u0105 naszej rosn\u0105cej spo\u0142eczno\u015bci graczy!\",\"email\":\"shop@prismagamers.com\",\"telephone\":\"48795541705\",\"legalName\":\"East Caravan Maksym \u017bukow\",\"foundingDate\":\"2012-05-10\",\"vatID\":\"PL8943038612\",\"taxID\":\"PL8943038612\",\"numberOfEmployees\":{\"@type\":\"QuantitativeValue\",\"minValue\":\"11\",\"maxValue\":\"50\"}}]}<\/script>\n<!-- \/ Yoast SEO Premium plugin. -->","yoast_head_json":{"title":"Deathbound - Prismagamers.com","description":"A Deathbound egy egyed\u00fcl\u00e1ll\u00f3, Souls-szer\u0171 j\u00e1t\u00e9k, amely egy brut\u00e1lis vil\u00e1gban j\u00e1tsz\u00f3dik, ahol a hit \u00e9s a tudom\u00e1ny \u00e1lland\u00f3 harcban \u00e1ll egym\u00e1ssal. Szerezd meg az elesett harcosok esszenci\u00e1it, hogy megragadd erej\u00fcket \u00e9s k\u00e9pess\u00e9geiket, majd haszn\u00e1ld \u0151ket a kih\u00edv\u00e1sokkal teli \u00f6sszecsap\u00e1sokban. \u00c9lj t\u00fal egy kegyetlen val\u00f3s\u00e1got, ahol az \u00c9let \u00e9s a Hal\u00e1l k\u00f6z\u00f6tti hat\u00e1rok m\u00e9g soha nem voltak ennyire elmos\u00f3dottak. Sz\u00e1llj szembe hatalmas ellens\u00e9gekkel, gy\u0151zd le a kisz\u00e1m\u00edthatatlan akad\u00e1lyokat, \u00e9s fedezd fel ennek a vil\u00e1gnak a s\u00f6t\u00e9t titkait.  \ud83c\udf0d Glob\u00e1lis \u2699\ufe0f Steam \ud83d\udddd Digit\u00e1lis kulcs","robots":{"index":"index","follow":"follow","max-snippet":"max-snippet:-1","max-image-preview":"max-image-preview:large","max-video-preview":"max-video-preview:-1"},"canonical":"https:\/\/prismagamers.com\/hu\/produkt\/deathbound-2\/","og_locale":"hu_HU","og_type":"article","og_title":"Deathbound","og_description":"A Deathbound egy egyed\u00fcl\u00e1ll\u00f3, Souls-szer\u0171 j\u00e1t\u00e9k, amely egy brut\u00e1lis vil\u00e1gban j\u00e1tsz\u00f3dik, ahol a hit \u00e9s a tudom\u00e1ny \u00e1lland\u00f3 harcban \u00e1ll egym\u00e1ssal. Szerezd meg az elesett harcosok esszenci\u00e1it, hogy megragadd erej\u00fcket \u00e9s k\u00e9pess\u00e9geiket, majd haszn\u00e1ld \u0151ket a kih\u00edv\u00e1sokkal teli \u00f6sszecsap\u00e1sokban. \u00c9lj t\u00fal egy kegyetlen val\u00f3s\u00e1got, ahol az \u00c9let \u00e9s a Hal\u00e1l k\u00f6z\u00f6tti hat\u00e1rok m\u00e9g soha nem voltak ennyire elmos\u00f3dottak. Sz\u00e1llj szembe hatalmas ellens\u00e9gekkel, gy\u0151zd le a kisz\u00e1m\u00edthatatlan akad\u00e1lyokat, \u00e9s fedezd fel ennek a vil\u00e1gnak a s\u00f6t\u00e9t titkait.  \ud83c\udf0d Glob\u00e1lis \u2699\ufe0f Steam \ud83d\udddd Digit\u00e1lis kulcs","og_url":"https:\/\/prismagamers.com\/hu\/produkt\/deathbound-2\/","og_site_name":"Prismagamers.com","article_publisher":"https:\/\/www.facebook.com\/prismagamers","article_modified_time":"2026-03-04T23:00:54+00:00","og_image":[{"width":600,"height":900,"url":"https:\/\/prismagamers.com\/wp-content\/uploads\/2025\/03\/library_600x900_2x-12-e1742236870446.jpg","type":"image\/jpeg"}],"twitter_card":"summary_large_image","twitter_misc":{"Becs\u00fclt olvas\u00e1si id\u0151":"1 perc"},"schema":{"@context":"https:\/\/schema.org","@graph":[{"@type":"WebPage","@id":"https:\/\/prismagamers.com\/hu\/produkt\/deathbound-2\/","url":"https:\/\/prismagamers.com\/hu\/produkt\/deathbound-2\/","name":"Deathbound - Prismagamers.com","isPartOf":{"@id":"https:\/\/prismagamers.com\/hu\/#website"},"primaryImageOfPage":{"@id":"https:\/\/prismagamers.com\/hu\/produkt\/deathbound-2\/#primaryimage"},"image":{"@id":"https:\/\/prismagamers.com\/hu\/produkt\/deathbound-2\/#primaryimage"},"thumbnailUrl":"https:\/\/prismagamers.com\/wp-content\/uploads\/2025\/03\/library_600x900_2x-12-e1742236870446.jpg","datePublished":"2025-03-17T18:41:49+00:00","dateModified":"2026-03-04T23:00:54+00:00","description":"A Deathbound egy egyed\u00fcl\u00e1ll\u00f3, Souls-szer\u0171 j\u00e1t\u00e9k, amely egy brut\u00e1lis vil\u00e1gban j\u00e1tsz\u00f3dik, ahol a hit \u00e9s a tudom\u00e1ny \u00e1lland\u00f3 harcban \u00e1ll egym\u00e1ssal. Szerezd meg az elesett harcosok esszenci\u00e1it, hogy megragadd erej\u00fcket \u00e9s k\u00e9pess\u00e9geiket, majd haszn\u00e1ld \u0151ket a kih\u00edv\u00e1sokkal teli \u00f6sszecsap\u00e1sokban. \u00c9lj t\u00fal egy kegyetlen val\u00f3s\u00e1got, ahol az \u00c9let \u00e9s a Hal\u00e1l k\u00f6z\u00f6tti hat\u00e1rok m\u00e9g soha nem voltak ennyire elmos\u00f3dottak. Sz\u00e1llj szembe hatalmas ellens\u00e9gekkel, gy\u0151zd le a kisz\u00e1m\u00edthatatlan akad\u00e1lyokat, \u00e9s fedezd fel ennek a vil\u00e1gnak a s\u00f6t\u00e9t titkait. \ud83c\udf0d Glob\u00e1lis \u2699\ufe0f Steam \ud83d\udddd Digit\u00e1lis kulcs","breadcrumb":{"@id":"https:\/\/prismagamers.com\/hu\/produkt\/deathbound-2\/#breadcrumb"},"inLanguage":"hu","potentialAction":[{"@type":"ReadAction","target":["https:\/\/prismagamers.com\/hu\/produkt\/deathbound-2\/"]}]},{"@type":"ImageObject","inLanguage":"hu","@id":"https:\/\/prismagamers.com\/hu\/produkt\/deathbound-2\/#primaryimage","url":"https:\/\/prismagamers.com\/wp-content\/uploads\/2025\/03\/library_600x900_2x-12-e1742236870446.jpg","contentUrl":"https:\/\/prismagamers.com\/wp-content\/uploads\/2025\/03\/library_600x900_2x-12-e1742236870446.jpg","width":600,"height":900,"caption":"Deathbound bor\u00edt\u00f3"},{"@type":"BreadcrumbList","@id":"https:\/\/prismagamers.com\/hu\/produkt\/deathbound-2\/#breadcrumb","itemListElement":[{"@type":"ListItem","position":1,"name":"Strona g\u0142\u00f3wna","item":"https:\/\/prismagamers.com\/hu\/prismagamers\/"},{"@type":"ListItem","position":2,"name":"Shop","item":"https:\/\/prismagamers.com\/hu\/shop\/"},{"@type":"ListItem","position":3,"name":"Deathbound"}]},{"@type":"WebSite","@id":"https:\/\/prismagamers.com\/hu\/#website","url":"https:\/\/prismagamers.com\/hu\/","name":"Prismagamers","description":"Sklep z grami PC I Sklep klucze Steam","publisher":{"@id":"https:\/\/prismagamers.com\/hu\/#organization"},"potentialAction":[{"@type":"SearchAction","target":{"@type":"EntryPoint","urlTemplate":"https:\/\/prismagamers.com\/hu\/?s={search_term_string}"},"query-input":{"@type":"PropertyValueSpecification","valueRequired":true,"valueName":"search_term_string"}}],"inLanguage":"hu"},{"@type":"Organization","@id":"https:\/\/prismagamers.com\/hu\/#organization","name":"Prismagamers","url":"https:\/\/prismagamers.com\/hu\/","logo":{"@type":"ImageObject","inLanguage":"hu","@id":"https:\/\/prismagamers.com\/hu\/#\/schema\/logo\/image\/","url":"https:\/\/prismagamers.com\/wp-content\/uploads\/2022\/04\/cropped-logo-Prismagamers-01-scaled-1.jpg","contentUrl":"https:\/\/prismagamers.com\/wp-content\/uploads\/2022\/04\/cropped-logo-Prismagamers-01-scaled-1.jpg","width":512,"height":512,"caption":"Prismagamers"},"image":{"@id":"https:\/\/prismagamers.com\/hu\/#\/schema\/logo\/image\/"},"sameAs":["https:\/\/www.facebook.com\/prismagamers","https:\/\/www.instagram.com\/prismagamers_grycyfrowe\/"],"description":"Prismagamers.com to dynamiczny sklep z grami cyfrowymi, stworzony z my\u015bl\u0105 o entuzjastach gier wideo. Nasza strona oferuje szerok\u0105 gam\u0119 gier komputerowych, w tym najnowsze tytu\u0142y, dobrze znane klasyki oraz gry stworzone przez niezale\u017cne studia Ca\u0142y czas d\u0105\u017cymy do rozszerzenia naszej oferty. Do\u0142\u0105cz do nas i sta\u0144 si\u0119 cz\u0119\u015bci\u0105 naszej rosn\u0105cej spo\u0142eczno\u015bci graczy!","email":"shop@prismagamers.com","telephone":"48795541705","legalName":"East Caravan Maksym \u017bukow","foundingDate":"2012-05-10","vatID":"PL8943038612","taxID":"PL8943038612","numberOfEmployees":{"@type":"QuantitativeValue","minValue":"11","maxValue":"50"}}]}},"_links":{"self":[{"href":"https:\/\/prismagamers.com\/hu\/wp-json\/wp\/v2\/product\/35025","targetHints":{"allow":["GET"]}}],"collection":[{"href":"https:\/\/prismagamers.com\/hu\/wp-json\/wp\/v2\/product"}],"about":[{"href":"https:\/\/prismagamers.com\/hu\/wp-json\/wp\/v2\/types\/product"}],"wp:featuredmedia":[{"embeddable":true,"href":"https:\/\/prismagamers.com\/hu\/wp-json\/wp\/v2\/media\/35018"}],"wp:attachment":[{"href":"https:\/\/prismagamers.com\/hu\/wp-json\/wp\/v2\/media?parent=35025"}],"wp:term":[{"taxonomy":"product_brand","embeddable":true,"href":"https:\/\/prismagamers.com\/hu\/wp-json\/wp\/v2\/product_brand?post=35025"},{"taxonomy":"product_cat","embeddable":true,"href":"https:\/\/prismagamers.com\/hu\/wp-json\/wp\/v2\/product_cat?post=35025"},{"taxonomy":"product_tag","embeddable":true,"href":"https:\/\/prismagamers.com\/hu\/wp-json\/wp\/v2\/product_tag?post=35025"}],"curies":[{"name":"wp","href":"https:\/\/api.w.org\/{rel}","templated":true}]}}