{"id":35037,"date":"2025-03-17T19:54:20","date_gmt":"2025-03-17T18:54:20","guid":{"rendered":"https:\/\/prismagamers.com\/produkt\/koronak-es-gyalogok-a-csalas-kiralysaga\/"},"modified":"2026-01-02T00:36:09","modified_gmt":"2026-01-01T23:36:09","slug":"koronak-es-gyalogok-a-csalas-kiralysaga","status":"publish","type":"product","link":"https:\/\/prismagamers.com\/hu\/produkt\/koronak-es-gyalogok-a-csalas-kiralysaga\/","title":{"rendered":"Crowns and Pawns: Kingdom of Deceit"},"content":{"rendered":"<p data-start=\"0\" data-end=\"352\">A <strong data-start=\"0\" data-end=\"20\">Crowns<\/strong>and Pawns egy mag\u00e1val ragad\u00f3, Eur\u00f3p\u00e1ban j\u00e1tsz\u00f3d\u00f3 point-and-click kalandj\u00e1t\u00e9k, amely \u0151si legend\u00e1kat eleven\u00edt meg. A m\u0171faj olyan klasszikusai \u00e1ltal inspir\u00e1lt j\u00e1t\u00e9k, mint a Broken Sword, a Monkey Island, a Still Life, a Syberia \u00e9s m\u00e1sok, az eur\u00f3pai t\u00f6rt\u00e9nelem egy kev\u00e9sb\u00e9 ismert r\u00e9sz\u00e9be kalauzolja el a j\u00e1t\u00e9kosokat, \u00f6tv\u00f6zve a nagy legend\u00e1kat a modern rejt\u00e9lyekkel.<\/p>\n<p data-start=\"0\" data-end=\"352\"><img decoding=\"async\" class=\"bb_img aligncenter\" src=\"https:\/\/shared.fastly.steamstatic.com\/store_item_assets\/steam\/apps\/1125910\/extras\/Untitled-2.gif?t=1736333767\" \/><\/p>\n<h5 data-start=\"354\" data-end=\"364\">T\u00f6rt\u00e9net<\/h5>\n<p data-start=\"365\" data-end=\"785\">A Koron\u00e1k \u00e9s gyalogok Milda, egy chicag\u00f3i l\u00e1ny t\u00f6rt\u00e9net\u00e9t mes\u00e9li el, aki nagyapj\u00e1t\u00f3l \u00f6r\u00f6k\u00f6l egy litv\u00e1niai h\u00e1zat. Meg\u00e9rkez\u00e9sekor Milda tal\u00e1lkozik egy idegennel, aki arra pr\u00f3b\u00e1lja k\u00e9nyszer\u00edteni, hogy lemondjon az \u00f6r\u00f6ks\u00e9gr\u0151l. A l\u00e1ny elsz\u00e1ntan \u00e9s k\u00edv\u00e1ncsis\u00e1gt\u00f3l hajtva a r\u00e9gi h\u00e1zban dokumentumokat \u00e9s nyomokat tal\u00e1l a 15. sz\u00e1zadi esem\u00e9nyekr\u0151l. Hamarosan egy titokzatos ereklye vesz\u00e9lyes kutat\u00e1s\u00e1ba keveredik.<\/p>\n<h5 data-start=\"787\" data-end=\"810\">A j\u00e1t\u00e9k f\u0151bb jellemz\u0151i:<\/h5>\n<ul data-start=\"811\" data-end=\"1730\">\n<li data-start=\"811\" data-end=\"925\"><strong data-start=\"813\" data-end=\"832\">T\u00f6rt\u00e9nelem \u00e9s m\u00edtoszok<\/strong>: <strong>A t\u00f6rt\u00e9nelem \u00e9s a m\u00edtoszok kombin\u00e1ci\u00f3ja, amely a mai Eur\u00f3pa val\u00f3s helysz\u00ednein j\u00e1tsz\u00f3dik.<\/strong><\/li>\n<li data-start=\"926\" data-end=\"1012\"><strong data-start=\"928\" data-end=\"938\">Fejleszt\u0151k<\/strong>: A j\u00e1t\u00e9kot a Broken Sword 2.5 m\u0171v\u00e9szeti vezet\u0151je k\u00e9sz\u00edtette.<\/li>\n<li data-start=\"1013\" data-end=\"1159\"><strong data-start=\"1015\" data-end=\"1029\">Rejtv\u00e9nyek<\/strong>: Klasszikus point-and-click rejtv\u00e9nyek, amelyekben t\u00e1rgyakat kell keresned, kombin\u00e1lnod kell \u0151ket a lelt\u00e1rban, \u00e9s \u00e9rdekes besz\u00e9lget\u00e9seket kell folytatnod.<\/li>\n<li data-start=\"1160\" data-end=\"1265\"><strong data-start=\"1162\" data-end=\"1190\">K\u00e9zzel rajzolt grafika<\/strong>: Gy\u00f6ny\u00f6r\u0171 k\u00e9zzel rajzolt grafika, amelyet a modern technol\u00f3gia h\u00edvott \u00e9letre.<\/li>\n<li data-start=\"1266\" data-end=\"1342\"><strong data-start=\"1268\" data-end=\"1286\">J\u00e1t\u00e9kos d\u00f6nt\u00e9sek<\/strong>: A j\u00e1t\u00e9k vil\u00e1ga reag\u00e1l a d\u00f6nt\u00e9seidre, alak\u00edtva a t\u00f6rt\u00e9netet.<\/li>\n<li data-start=\"1343\" data-end=\"1433\"><strong data-start=\"1345\" data-end=\"1371\">Karakterek szem\u00e9lyre szab\u00e1sa<\/strong>: A karakter megjelen\u00e9s\u00e9nek megv\u00e1ltoztat\u00e1sa a rejtv\u00e9nyek megold\u00e1sa \u00e9rdek\u00e9ben.<\/li>\n<li data-start=\"1434\" data-end=\"1509\"><strong data-start=\"1436\" data-end=\"1469\">Teljesen hangos p\u00e1rbesz\u00e9dek<\/strong>: A j\u00e1t\u00e9k teljes<strong data-start=\"1489\" data-end=\"1508\"> hangos p\u00e1rbesz\u00e9deket<\/strong> k\u00edn\u00e1l.<\/li>\n<li data-start=\"1510\" data-end=\"1621\"><strong data-start=\"1512\" data-end=\"1522\">Zene<\/strong>: Daniel Pharos (A New Beginning, Memoria, Blackguards) zen\u00e9je.<\/li>\n<li data-start=\"1622\" data-end=\"1730\"><strong data-start=\"1624\" data-end=\"1652\">Vez\u00e9rl\u0151 t\u00e1mogat\u00e1sa<\/strong>: Eg\u00e9rre \u00e9s gamepadra tervezett ir\u00e1ny\u00edt\u00e1si s\u00e9ma.<\/li>\n<\/ul>\n<p data-start=\"1732\" data-end=\"1961\" data-is-last-node=\"\" data-is-only-node=\"\">A Crowns and Pawns egy olyan j\u00e1t\u00e9k, amely a kalandos t\u00f6rt\u00e9netet, a gy\u00f6ny\u00f6r\u0171 grafik\u00e1t \u00e9s az addikt\u00edv rejtv\u00e9nyeket \u00f6tv\u00f6zi, hogy felejthetetlen utaz\u00e1st k\u00edn\u00e1ljon Eur\u00f3pa rejt\u00e9lyein kereszt\u00fcl. Csatlakozz Mild\u00e1hoz, \u00e9s fedezd fel a titkokat, amelyek megv\u00e1ltoztatt\u00e1k a t\u00f6rt\u00e9nelem menet\u00e9t!<\/p>\n<p data-start=\"1732\" data-end=\"1961\" data-is-last-node=\"\" data-is-only-node=\"\"><img decoding=\"async\" class=\"bb_img aligncenter\" src=\"https:\/\/shared.fastly.steamstatic.com\/store_item_assets\/steam\/apps\/1125910\/extras\/CnP-gif-steam-2.gif?t=1736333767\" \/><\/p>\n","protected":false},"excerpt":{"rendered":"<div class=\"flex max-w-full flex-col flex-grow\">\n<div class=\"min-h-8 text-message relative flex w-full flex-col items-end gap-2 whitespace-normal break-words text-start [.text-message+&amp;]:mt-5\" dir=\"auto\" data-message-author-role=\"assistant\" data-message-id=\"73b347d8-fa00-4dd8-9b4c-a11187297958\" data-message-model-slug=\"gpt-4o-mini\">\n<div class=\"flex w-full flex-col gap-1 empty:hidden first:pt-[3px]\">\n<div class=\"markdown prose w-full break-words dark:prose-invert light\">\n<p data-start=\"0\" data-end=\"343\" data-is-last-node=\"\" data-is-only-node=\"\"><strong data-start=\"0\" data-end=\"39\" data-is-only-node=\"\">A Crowns and Pawns: Kingdom of Deceit<\/strong> egy mag\u00e1val ragad\u00f3 point-and-click kalandj\u00e1t\u00e9k, amely \u0151si legend\u00e1kat eleven\u00edt meg. Csomagolj, mert ez a j\u00e1t\u00e9k elvisz egy utaz\u00e1sra a modern Eur\u00f3p\u00e1ba, ahol felfedezheted egy olyan kir\u00e1ly titkait, akinek sosem volt koron\u00e1ja. Kombin\u00e1ld a t\u00f6rt\u00e9nelmet a m\u00edtoszokkal, \u00e9s robbantsd fel a megold\u00e1sra v\u00e1r\u00f3 rejtv\u00e9nyekkel teli, \u00f6sszetett cselekm\u00e9nyt!<\/p>\n<p data-start=\"0\" data-end=\"343\" data-is-last-node=\"\" data-is-only-node=\"\">\ud83c\udf0d Glob\u00e1lis<br \/>\n\u2699\ufe0f Steam<br \/>\n\ud83d\udddd Digit\u00e1lis kulcs<\/p>\n<\/div>\n<\/div>\n<\/div>\n<\/div>\n","protected":false},"featured_media":35029,"template":"","meta":{"_acf_changed":false,"site-sidebar-layout":"default","site-content-layout":"","ast-site-content-layout":"default","site-content-style":"default","site-sidebar-style":"default","ast-global-header-display":"","ast-banner-title-visibility":"","ast-main-header-display":"","ast-hfb-above-header-display":"","ast-hfb-below-header-display":"","ast-hfb-mobile-header-display":"","site-post-title":"","ast-breadcrumbs-content":"","ast-featured-img":"","footer-sml-layout":"","ast-disable-related-posts":"","theme-transparent-header-meta":"default","adv-header-id-meta":"","stick-header-meta":"","header-above-stick-meta":"","header-main-stick-meta":"","header-below-stick-meta":"","astra-migrate-meta-layouts":"set","ast-page-background-enabled":"default","ast-page-background-meta":{"desktop":{"background-color":"var(--ast-global-color-4)","background-image":"","background-repeat":"repeat","background-position":"center center","background-size":"auto","background-attachment":"scroll","background-type":"","background-media":"","overlay-type":"","overlay-color":"","overlay-opacity":"","overlay-gradient":""},"tablet":{"background-color":"","background-image":"","background-repeat":"repeat","background-position":"center center","background-size":"auto","background-attachment":"scroll","background-type":"","background-media":"","overlay-type":"","overlay-color":"","overlay-opacity":"","overlay-gradient":""},"mobile":{"background-color":"","background-image":"","background-repeat":"repeat","background-position":"center center","background-size":"auto","background-attachment":"scroll","background-type":"","background-media":"","overlay-type":"","overlay-color":"","overlay-opacity":"","overlay-gradient":""}},"ast-content-background-meta":{"desktop":{"background-color":"var(--ast-global-color-5)","background-image":"","background-repeat":"repeat","background-position":"center center","background-size":"auto","background-attachment":"scroll","background-type":"","background-media":"","overlay-type":"","overlay-color":"","overlay-opacity":"","overlay-gradient":""},"tablet":{"background-color":"var(--ast-global-color-5)","background-image":"","background-repeat":"repeat","background-position":"center center","background-size":"auto","background-attachment":"scroll","background-type":"","background-media":"","overlay-type":"","overlay-color":"","overlay-opacity":"","overlay-gradient":""},"mobile":{"background-color":"var(--ast-global-color-5)","background-image":"","background-repeat":"repeat","background-position":"center center","background-size":"auto","background-attachment":"scroll","background-type":"","background-media":"","overlay-type":"","overlay-color":"","overlay-opacity":"","overlay-gradient":""}}},"product_brand":[],"product_cat":[402,460,363],"product_tag":[591,542],"class_list":{"0":"post-35037","1":"product","2":"type-product","3":"status-publish","4":"has-post-thumbnail","6":"product_cat-briggs","7":"product_cat-headup-games-hu","8":"product_cat-kaland-jatekok","9":"product_tag-may_60","10":"product_tag-pid_04-hu","11":"desktop-align-left","12":"tablet-align-left","13":"mobile-align-left","15":"first","16":"instock","17":"virtual","18":"purchasable","19":"product-type-simple"},"acf":[],"yoast_head":"<!-- This site is optimized with the Yoast SEO Premium plugin v27.4 (Yoast SEO v27.4) - https:\/\/yoast.com\/product\/yoast-seo-premium-wordpress\/ -->\n<title>Crowns and Pawns: Kingdom of Deceit - Prismagamers.com<\/title>\n<meta name=\"description\" content=\"A Crowns and Pawns: Kingdom of Deceit egy mag\u00e1val ragad\u00f3 point-and-click kalandj\u00e1t\u00e9k, amely \u0151si legend\u00e1kat eleven\u00edt meg. Csomagolj, mert ez a j\u00e1t\u00e9k elvisz egy utaz\u00e1sra a modern Eur\u00f3p\u00e1ba, ahol felfedezheted egy olyan kir\u00e1ly titkait, akinek sosem volt koron\u00e1ja. Kombin\u00e1ld a t\u00f6rt\u00e9nelmet a m\u00edtoszokkal, \u00e9s robbantsd fel a megold\u00e1sra v\u00e1r\u00f3 rejtv\u00e9nyekkel teli, \u00f6sszetett cselekm\u00e9nyt! \ud83c\udf0d Glob\u00e1lis \u2699\ufe0f Steam \ud83d\udddd Digit\u00e1lis kulcs\" \/>\n<meta name=\"robots\" content=\"index, follow, max-snippet:-1, max-image-preview:large, max-video-preview:-1\" \/>\n<link rel=\"canonical\" href=\"https:\/\/prismagamers.com\/hu\/produkt\/koronak-es-gyalogok-a-csalas-kiralysaga\/\" \/>\n<meta property=\"og:locale\" content=\"hu_HU\" \/>\n<meta property=\"og:type\" content=\"article\" \/>\n<meta property=\"og:title\" content=\"Crowns and Pawns: Kingdom of Deceit\" \/>\n<meta property=\"og:description\" content=\"A Crowns and Pawns: Kingdom of Deceit egy mag\u00e1val ragad\u00f3 point-and-click kalandj\u00e1t\u00e9k, amely \u0151si legend\u00e1kat eleven\u00edt meg. Csomagolj, mert ez a j\u00e1t\u00e9k elvisz egy utaz\u00e1sra a modern Eur\u00f3p\u00e1ba, ahol felfedezheted egy olyan kir\u00e1ly titkait, akinek sosem volt koron\u00e1ja. Kombin\u00e1ld a t\u00f6rt\u00e9nelmet a m\u00edtoszokkal, \u00e9s robbantsd fel a megold\u00e1sra v\u00e1r\u00f3 rejtv\u00e9nyekkel teli, \u00f6sszetett cselekm\u00e9nyt! \ud83c\udf0d Glob\u00e1lis \u2699\ufe0f Steam \ud83d\udddd Digit\u00e1lis kulcs\" \/>\n<meta property=\"og:url\" content=\"https:\/\/prismagamers.com\/hu\/produkt\/koronak-es-gyalogok-a-csalas-kiralysaga\/\" \/>\n<meta property=\"og:site_name\" content=\"Prismagamers.com\" \/>\n<meta property=\"article:publisher\" content=\"https:\/\/www.facebook.com\/prismagamers\" \/>\n<meta property=\"article:modified_time\" content=\"2026-01-01T23:36:09+00:00\" \/>\n<meta property=\"og:image\" content=\"https:\/\/prismagamers.com\/wp-content\/uploads\/2025\/03\/library_600x900_2x-13-e1742237618980.jpg\" \/>\n\t<meta property=\"og:image:width\" content=\"600\" \/>\n\t<meta property=\"og:image:height\" content=\"900\" \/>\n\t<meta property=\"og:image:type\" content=\"image\/jpeg\" \/>\n<meta name=\"twitter:card\" content=\"summary_large_image\" \/>\n<meta name=\"twitter:label1\" content=\"Becs\u00fclt olvas\u00e1si id\u0151\" \/>\n\t<meta name=\"twitter:data1\" content=\"3 perc\" \/>\n<script type=\"application\/ld+json\" class=\"yoast-schema-graph\">{\"@context\":\"https:\\\/\\\/schema.org\",\"@graph\":[{\"@type\":\"WebPage\",\"@id\":\"https:\\\/\\\/prismagamers.com\\\/hu\\\/produkt\\\/koronak-es-gyalogok-a-csalas-kiralysaga\\\/\",\"url\":\"https:\\\/\\\/prismagamers.com\\\/hu\\\/produkt\\\/koronak-es-gyalogok-a-csalas-kiralysaga\\\/\",\"name\":\"Crowns and Pawns: Kingdom of Deceit - Prismagamers.com\",\"isPartOf\":{\"@id\":\"https:\\\/\\\/prismagamers.com\\\/hu\\\/#website\"},\"primaryImageOfPage\":{\"@id\":\"https:\\\/\\\/prismagamers.com\\\/hu\\\/produkt\\\/koronak-es-gyalogok-a-csalas-kiralysaga\\\/#primaryimage\"},\"image\":{\"@id\":\"https:\\\/\\\/prismagamers.com\\\/hu\\\/produkt\\\/koronak-es-gyalogok-a-csalas-kiralysaga\\\/#primaryimage\"},\"thumbnailUrl\":\"https:\\\/\\\/prismagamers.com\\\/wp-content\\\/uploads\\\/2025\\\/03\\\/library_600x900_2x-13-e1742237618980.jpg\",\"datePublished\":\"2025-03-17T18:54:20+00:00\",\"dateModified\":\"2026-01-01T23:36:09+00:00\",\"description\":\"A Crowns and Pawns: Kingdom of Deceit egy mag\u00e1val ragad\u00f3 point-and-click kalandj\u00e1t\u00e9k, amely \u0151si legend\u00e1kat eleven\u00edt meg. Csomagolj, mert ez a j\u00e1t\u00e9k elvisz egy utaz\u00e1sra a modern Eur\u00f3p\u00e1ba, ahol felfedezheted egy olyan kir\u00e1ly titkait, akinek sosem volt koron\u00e1ja. Kombin\u00e1ld a t\u00f6rt\u00e9nelmet a m\u00edtoszokkal, \u00e9s robbantsd fel a megold\u00e1sra v\u00e1r\u00f3 rejtv\u00e9nyekkel teli, \u00f6sszetett cselekm\u00e9nyt! \ud83c\udf0d Glob\u00e1lis \u2699\ufe0f Steam \ud83d\udddd Digit\u00e1lis kulcs\",\"breadcrumb\":{\"@id\":\"https:\\\/\\\/prismagamers.com\\\/hu\\\/produkt\\\/koronak-es-gyalogok-a-csalas-kiralysaga\\\/#breadcrumb\"},\"inLanguage\":\"hu\",\"potentialAction\":[{\"@type\":\"ReadAction\",\"target\":[\"https:\\\/\\\/prismagamers.com\\\/hu\\\/produkt\\\/koronak-es-gyalogok-a-csalas-kiralysaga\\\/\"]}]},{\"@type\":\"ImageObject\",\"inLanguage\":\"hu\",\"@id\":\"https:\\\/\\\/prismagamers.com\\\/hu\\\/produkt\\\/koronak-es-gyalogok-a-csalas-kiralysaga\\\/#primaryimage\",\"url\":\"https:\\\/\\\/prismagamers.com\\\/wp-content\\\/uploads\\\/2025\\\/03\\\/library_600x900_2x-13-e1742237618980.jpg\",\"contentUrl\":\"https:\\\/\\\/prismagamers.com\\\/wp-content\\\/uploads\\\/2025\\\/03\\\/library_600x900_2x-13-e1742237618980.jpg\",\"width\":600,\"height\":900,\"caption\":\"Crowns and Pawns: Kingdom of Deceit bor\u00edt\u00f3\"},{\"@type\":\"BreadcrumbList\",\"@id\":\"https:\\\/\\\/prismagamers.com\\\/hu\\\/produkt\\\/koronak-es-gyalogok-a-csalas-kiralysaga\\\/#breadcrumb\",\"itemListElement\":[{\"@type\":\"ListItem\",\"position\":1,\"name\":\"Strona g\u0142\u00f3wna\",\"item\":\"https:\\\/\\\/prismagamers.com\\\/hu\\\/prismagamers\\\/\"},{\"@type\":\"ListItem\",\"position\":2,\"name\":\"Shop\",\"item\":\"https:\\\/\\\/prismagamers.com\\\/hu\\\/shop\\\/\"},{\"@type\":\"ListItem\",\"position\":3,\"name\":\"Crowns and Pawns: Kingdom of Deceit\"}]},{\"@type\":\"WebSite\",\"@id\":\"https:\\\/\\\/prismagamers.com\\\/hu\\\/#website\",\"url\":\"https:\\\/\\\/prismagamers.com\\\/hu\\\/\",\"name\":\"Prismagamers\",\"description\":\"Sklep z grami PC I Sklep klucze Steam\",\"publisher\":{\"@id\":\"https:\\\/\\\/prismagamers.com\\\/hu\\\/#organization\"},\"potentialAction\":[{\"@type\":\"SearchAction\",\"target\":{\"@type\":\"EntryPoint\",\"urlTemplate\":\"https:\\\/\\\/prismagamers.com\\\/hu\\\/?s={search_term_string}\"},\"query-input\":{\"@type\":\"PropertyValueSpecification\",\"valueRequired\":true,\"valueName\":\"search_term_string\"}}],\"inLanguage\":\"hu\"},{\"@type\":\"Organization\",\"@id\":\"https:\\\/\\\/prismagamers.com\\\/hu\\\/#organization\",\"name\":\"Prismagamers\",\"url\":\"https:\\\/\\\/prismagamers.com\\\/hu\\\/\",\"logo\":{\"@type\":\"ImageObject\",\"inLanguage\":\"hu\",\"@id\":\"https:\\\/\\\/prismagamers.com\\\/hu\\\/#\\\/schema\\\/logo\\\/image\\\/\",\"url\":\"https:\\\/\\\/prismagamers.com\\\/wp-content\\\/uploads\\\/2022\\\/04\\\/cropped-logo-Prismagamers-01-scaled-1.jpg\",\"contentUrl\":\"https:\\\/\\\/prismagamers.com\\\/wp-content\\\/uploads\\\/2022\\\/04\\\/cropped-logo-Prismagamers-01-scaled-1.jpg\",\"width\":512,\"height\":512,\"caption\":\"Prismagamers\"},\"image\":{\"@id\":\"https:\\\/\\\/prismagamers.com\\\/hu\\\/#\\\/schema\\\/logo\\\/image\\\/\"},\"sameAs\":[\"https:\\\/\\\/www.facebook.com\\\/prismagamers\",\"https:\\\/\\\/www.instagram.com\\\/prismagamers_grycyfrowe\\\/\"],\"description\":\"Prismagamers.com to dynamiczny sklep z grami cyfrowymi, stworzony z my\u015bl\u0105 o entuzjastach gier wideo. Nasza strona oferuje szerok\u0105 gam\u0119 gier komputerowych, w tym najnowsze tytu\u0142y, dobrze znane klasyki oraz gry stworzone przez niezale\u017cne studia Ca\u0142y czas d\u0105\u017cymy do rozszerzenia naszej oferty. Do\u0142\u0105cz do nas i sta\u0144 si\u0119 cz\u0119\u015bci\u0105 naszej rosn\u0105cej spo\u0142eczno\u015bci graczy!\",\"email\":\"shop@prismagamers.com\",\"telephone\":\"48795541705\",\"legalName\":\"East Caravan Maksym \u017bukow\",\"foundingDate\":\"2012-05-10\",\"vatID\":\"PL8943038612\",\"taxID\":\"PL8943038612\",\"numberOfEmployees\":{\"@type\":\"QuantitativeValue\",\"minValue\":\"11\",\"maxValue\":\"50\"}}]}<\/script>\n<!-- \/ Yoast SEO Premium plugin. -->","yoast_head_json":{"title":"Crowns and Pawns: Kingdom of Deceit - Prismagamers.com","description":"A Crowns and Pawns: Kingdom of Deceit egy mag\u00e1val ragad\u00f3 point-and-click kalandj\u00e1t\u00e9k, amely \u0151si legend\u00e1kat eleven\u00edt meg. Csomagolj, mert ez a j\u00e1t\u00e9k elvisz egy utaz\u00e1sra a modern Eur\u00f3p\u00e1ba, ahol felfedezheted egy olyan kir\u00e1ly titkait, akinek sosem volt koron\u00e1ja. Kombin\u00e1ld a t\u00f6rt\u00e9nelmet a m\u00edtoszokkal, \u00e9s robbantsd fel a megold\u00e1sra v\u00e1r\u00f3 rejtv\u00e9nyekkel teli, \u00f6sszetett cselekm\u00e9nyt! \ud83c\udf0d Glob\u00e1lis \u2699\ufe0f Steam \ud83d\udddd Digit\u00e1lis kulcs","robots":{"index":"index","follow":"follow","max-snippet":"max-snippet:-1","max-image-preview":"max-image-preview:large","max-video-preview":"max-video-preview:-1"},"canonical":"https:\/\/prismagamers.com\/hu\/produkt\/koronak-es-gyalogok-a-csalas-kiralysaga\/","og_locale":"hu_HU","og_type":"article","og_title":"Crowns and Pawns: Kingdom of Deceit","og_description":"A Crowns and Pawns: Kingdom of Deceit egy mag\u00e1val ragad\u00f3 point-and-click kalandj\u00e1t\u00e9k, amely \u0151si legend\u00e1kat eleven\u00edt meg. Csomagolj, mert ez a j\u00e1t\u00e9k elvisz egy utaz\u00e1sra a modern Eur\u00f3p\u00e1ba, ahol felfedezheted egy olyan kir\u00e1ly titkait, akinek sosem volt koron\u00e1ja. Kombin\u00e1ld a t\u00f6rt\u00e9nelmet a m\u00edtoszokkal, \u00e9s robbantsd fel a megold\u00e1sra v\u00e1r\u00f3 rejtv\u00e9nyekkel teli, \u00f6sszetett cselekm\u00e9nyt! \ud83c\udf0d Glob\u00e1lis \u2699\ufe0f Steam \ud83d\udddd Digit\u00e1lis kulcs","og_url":"https:\/\/prismagamers.com\/hu\/produkt\/koronak-es-gyalogok-a-csalas-kiralysaga\/","og_site_name":"Prismagamers.com","article_publisher":"https:\/\/www.facebook.com\/prismagamers","article_modified_time":"2026-01-01T23:36:09+00:00","og_image":[{"width":600,"height":900,"url":"https:\/\/prismagamers.com\/wp-content\/uploads\/2025\/03\/library_600x900_2x-13-e1742237618980.jpg","type":"image\/jpeg"}],"twitter_card":"summary_large_image","twitter_misc":{"Becs\u00fclt olvas\u00e1si id\u0151":"3 perc"},"schema":{"@context":"https:\/\/schema.org","@graph":[{"@type":"WebPage","@id":"https:\/\/prismagamers.com\/hu\/produkt\/koronak-es-gyalogok-a-csalas-kiralysaga\/","url":"https:\/\/prismagamers.com\/hu\/produkt\/koronak-es-gyalogok-a-csalas-kiralysaga\/","name":"Crowns and Pawns: Kingdom of Deceit - Prismagamers.com","isPartOf":{"@id":"https:\/\/prismagamers.com\/hu\/#website"},"primaryImageOfPage":{"@id":"https:\/\/prismagamers.com\/hu\/produkt\/koronak-es-gyalogok-a-csalas-kiralysaga\/#primaryimage"},"image":{"@id":"https:\/\/prismagamers.com\/hu\/produkt\/koronak-es-gyalogok-a-csalas-kiralysaga\/#primaryimage"},"thumbnailUrl":"https:\/\/prismagamers.com\/wp-content\/uploads\/2025\/03\/library_600x900_2x-13-e1742237618980.jpg","datePublished":"2025-03-17T18:54:20+00:00","dateModified":"2026-01-01T23:36:09+00:00","description":"A Crowns and Pawns: Kingdom of Deceit egy mag\u00e1val ragad\u00f3 point-and-click kalandj\u00e1t\u00e9k, amely \u0151si legend\u00e1kat eleven\u00edt meg. Csomagolj, mert ez a j\u00e1t\u00e9k elvisz egy utaz\u00e1sra a modern Eur\u00f3p\u00e1ba, ahol felfedezheted egy olyan kir\u00e1ly titkait, akinek sosem volt koron\u00e1ja. Kombin\u00e1ld a t\u00f6rt\u00e9nelmet a m\u00edtoszokkal, \u00e9s robbantsd fel a megold\u00e1sra v\u00e1r\u00f3 rejtv\u00e9nyekkel teli, \u00f6sszetett cselekm\u00e9nyt! \ud83c\udf0d Glob\u00e1lis \u2699\ufe0f Steam \ud83d\udddd Digit\u00e1lis kulcs","breadcrumb":{"@id":"https:\/\/prismagamers.com\/hu\/produkt\/koronak-es-gyalogok-a-csalas-kiralysaga\/#breadcrumb"},"inLanguage":"hu","potentialAction":[{"@type":"ReadAction","target":["https:\/\/prismagamers.com\/hu\/produkt\/koronak-es-gyalogok-a-csalas-kiralysaga\/"]}]},{"@type":"ImageObject","inLanguage":"hu","@id":"https:\/\/prismagamers.com\/hu\/produkt\/koronak-es-gyalogok-a-csalas-kiralysaga\/#primaryimage","url":"https:\/\/prismagamers.com\/wp-content\/uploads\/2025\/03\/library_600x900_2x-13-e1742237618980.jpg","contentUrl":"https:\/\/prismagamers.com\/wp-content\/uploads\/2025\/03\/library_600x900_2x-13-e1742237618980.jpg","width":600,"height":900,"caption":"Crowns and Pawns: Kingdom of Deceit bor\u00edt\u00f3"},{"@type":"BreadcrumbList","@id":"https:\/\/prismagamers.com\/hu\/produkt\/koronak-es-gyalogok-a-csalas-kiralysaga\/#breadcrumb","itemListElement":[{"@type":"ListItem","position":1,"name":"Strona g\u0142\u00f3wna","item":"https:\/\/prismagamers.com\/hu\/prismagamers\/"},{"@type":"ListItem","position":2,"name":"Shop","item":"https:\/\/prismagamers.com\/hu\/shop\/"},{"@type":"ListItem","position":3,"name":"Crowns and Pawns: Kingdom of Deceit"}]},{"@type":"WebSite","@id":"https:\/\/prismagamers.com\/hu\/#website","url":"https:\/\/prismagamers.com\/hu\/","name":"Prismagamers","description":"Sklep z grami PC I Sklep klucze Steam","publisher":{"@id":"https:\/\/prismagamers.com\/hu\/#organization"},"potentialAction":[{"@type":"SearchAction","target":{"@type":"EntryPoint","urlTemplate":"https:\/\/prismagamers.com\/hu\/?s={search_term_string}"},"query-input":{"@type":"PropertyValueSpecification","valueRequired":true,"valueName":"search_term_string"}}],"inLanguage":"hu"},{"@type":"Organization","@id":"https:\/\/prismagamers.com\/hu\/#organization","name":"Prismagamers","url":"https:\/\/prismagamers.com\/hu\/","logo":{"@type":"ImageObject","inLanguage":"hu","@id":"https:\/\/prismagamers.com\/hu\/#\/schema\/logo\/image\/","url":"https:\/\/prismagamers.com\/wp-content\/uploads\/2022\/04\/cropped-logo-Prismagamers-01-scaled-1.jpg","contentUrl":"https:\/\/prismagamers.com\/wp-content\/uploads\/2022\/04\/cropped-logo-Prismagamers-01-scaled-1.jpg","width":512,"height":512,"caption":"Prismagamers"},"image":{"@id":"https:\/\/prismagamers.com\/hu\/#\/schema\/logo\/image\/"},"sameAs":["https:\/\/www.facebook.com\/prismagamers","https:\/\/www.instagram.com\/prismagamers_grycyfrowe\/"],"description":"Prismagamers.com to dynamiczny sklep z grami cyfrowymi, stworzony z my\u015bl\u0105 o entuzjastach gier wideo. Nasza strona oferuje szerok\u0105 gam\u0119 gier komputerowych, w tym najnowsze tytu\u0142y, dobrze znane klasyki oraz gry stworzone przez niezale\u017cne studia Ca\u0142y czas d\u0105\u017cymy do rozszerzenia naszej oferty. Do\u0142\u0105cz do nas i sta\u0144 si\u0119 cz\u0119\u015bci\u0105 naszej rosn\u0105cej spo\u0142eczno\u015bci graczy!","email":"shop@prismagamers.com","telephone":"48795541705","legalName":"East Caravan Maksym \u017bukow","foundingDate":"2012-05-10","vatID":"PL8943038612","taxID":"PL8943038612","numberOfEmployees":{"@type":"QuantitativeValue","minValue":"11","maxValue":"50"}}]}},"_links":{"self":[{"href":"https:\/\/prismagamers.com\/hu\/wp-json\/wp\/v2\/product\/35037","targetHints":{"allow":["GET"]}}],"collection":[{"href":"https:\/\/prismagamers.com\/hu\/wp-json\/wp\/v2\/product"}],"about":[{"href":"https:\/\/prismagamers.com\/hu\/wp-json\/wp\/v2\/types\/product"}],"wp:featuredmedia":[{"embeddable":true,"href":"https:\/\/prismagamers.com\/hu\/wp-json\/wp\/v2\/media\/35029"}],"wp:attachment":[{"href":"https:\/\/prismagamers.com\/hu\/wp-json\/wp\/v2\/media?parent=35037"}],"wp:term":[{"taxonomy":"product_brand","embeddable":true,"href":"https:\/\/prismagamers.com\/hu\/wp-json\/wp\/v2\/product_brand?post=35037"},{"taxonomy":"product_cat","embeddable":true,"href":"https:\/\/prismagamers.com\/hu\/wp-json\/wp\/v2\/product_cat?post=35037"},{"taxonomy":"product_tag","embeddable":true,"href":"https:\/\/prismagamers.com\/hu\/wp-json\/wp\/v2\/product_tag?post=35037"}],"curies":[{"name":"wp","href":"https:\/\/api.w.org\/{rel}","templated":true}]}}