{"id":35065,"date":"2024-08-10T13:31:30","date_gmt":"2024-08-10T11:31:30","guid":{"rendered":"https:\/\/prismagamers.com\/produkt\/dungeons-degeneralt-jatekosok\/"},"modified":"2026-01-08T23:00:32","modified_gmt":"2026-01-08T22:00:32","slug":"dungeons-degeneralt-jatekosok","status":"publish","type":"product","link":"https:\/\/prismagamers.com\/hu\/produkt\/dungeons-degeneralt-jatekosok\/","title":{"rendered":"Dungeons &amp; degener\u00e1lt j\u00e1t\u00e9kosok"},"content":{"rendered":"<p><img decoding=\"async\" class=\"aligncenter\" src=\"https:\/\/shared.akamai.steamstatic.com\/store_item_assets\/steam\/apps\/2400510\/extras\/Opt_Turns.gif?t=1723136878\"><\/p>\n<p>Kezdd a kalandot egy kocsm\u00e1ban, amely a blackjack egy olyan egyedi, torz\u00edtott v\u00e1ltozat\u00e1t rejti, amilyet m\u00e9g sosem j\u00e1tszott\u00e1l. Meg kell tanulnod a szab\u00e1lyokat, \u00e9s alkalmazkodnod kell hozz\u00e1juk, ahogy haladsz el\u0151re a kocsm\u00e1ban, kih\u00edv\u00e1st jelentve a sz\u00ednes b\u0151r\u0171, blackjack-f\u00fcgg\u0151 helyieknek. Fejtsd meg a rejt\u00e9lyt, hogy ki \u00e1ll e torz kaszin\u00f3 m\u00f6g\u00f6tt, \u00e9s gy\u0151zd le \u0151ket, ahogy haladsz el\u0151re a kocsm\u00e1ban!  <\/p>\n<p>V\u00e1lassz egy szimb\u00f3lumot: k\u0151r a gy\u00f3gy\u00edt\u00e1s\u00e9rt, pikk a v\u00e9delem\u00e9rt, k\u00e1r\u00f3 az extra bolti p\u00e9nz\u00e9rt, vagy treff a nagyobb sebz\u00e9s\u00e9rt. Halad\u00e1sod sor\u00e1n t\u00e1vol\u00edts el k\u00e1rty\u00e1kat a paklidb\u00f3l. P\u00e1ros\u00edts t\u00f6bb \u00e1szt \u00e9s figurak\u00e1rty\u00e1t, vagy eg\u00e9sz\u00edtsd ki a paklidat tarotk\u00e1rty\u00e1kkal, n\u00e9vjegyk\u00e1rty\u00e1kkal, sz\u00fclet\u00e9snapi k\u00e1rty\u00e1kkal, igazolv\u00e1nyokkal \u00e9s m\u00e9g sok m\u00e1ssal!  <\/p>\n<p><img decoding=\"async\" class=\"aligncenter\" src=\"https:\/\/shared.akamai.steamstatic.com\/store_item_assets\/steam\/apps\/2400510\/extras\/OPT_Options.gif?t=1723136878\"><\/p>\n<p>Barangolj a kocsm\u00e1ban, h\u00edvd ki a vend\u00e9geket, v\u00e1s\u00e1rolj extra k\u00e1rty\u00e1kat a paklidhoz, pihenj, ha cs\u00f6kken az \u00e9leter\u0151d, nyisd ki a booster csomagokat, vegy\u00e9l r\u00e9szt minij\u00e1t\u00e9kokban \u00e9s m\u00e9g sok m\u00e1sban! V\u00e1llalj egy roguelike kih\u00edv\u00e1st, amely a pakli\u00e9p\u00edt\u00e9sen alapul, v\u00e9gtelen lehet\u0151s\u00e9ggel, hogy egyedi \u00e9s \u00e9rdekes paklikat hozz l\u00e9tre! <\/p>\n<p><img decoding=\"async\" class=\"aligncenter\" src=\"https:\/\/shared.akamai.steamstatic.com\/store_item_assets\/steam\/apps\/2400510\/extras\/OPT_Card_Choice.gif?t=1723136878\"><\/p>\n<p><strong>A j\u00e1t\u00e9k jellemz\u0151i:<\/strong><\/p>\n<ul>\n<li>Egyedi j\u00e1t\u00e9kst\u00edlusok a k\u00e1rtyaszimb\u00f3lumok alapj\u00e1n<\/li>\n<li>Emelkedj vagy bukj a kocsm\u00e1ban \u00fajra \u00e9s \u00fajra az\u00e1ltal, hogy a j\u00e1t\u00e9kok befejez\u00e9sekor \u00faj kezd\u0151 paklikat oldasz fel, amelyek teljesen \u00faj j\u00e1t\u00e9km\u00f3dokat k\u00edn\u00e1lnak.<\/li>\n<li>Fedezd fel a leny\u0171g\u00f6z\u0151 szab\u00e1lyszeg\u0151 szinergi\u00e1kat, hogy legy\u0151zd a kaszin\u00f3 el\u0151ny\u00e9t<\/li>\n<li>T\u00f6bb mint 300 egyedi k\u00e1rtya!<\/li>\n<li>60 karaktert kell lek\u00fczdeni<\/li>\n<li>Haszn\u00e1lj egyedi zsetonokat, hogy el\u0151nyre tegy\u00e9l szert \u00e9s aktiv\u00e1lj k\u00fcl\u00f6nleges k\u00e1rty\u00e1kat.<\/li>\n<li>Minij\u00e1t\u00e9kok \u00e9s esem\u00e9nyek, hogy t\u00f6bb zsetont szerezz vagy gazdag\u00edtsd a paklidat.<\/li>\n<li>Egyedi, piszkos pixel art eszt\u00e9tika<\/li>\n<li>A k\u00e9tes kaszin\u00f3k degener\u00e1lts\u00e1ga a p\u00e9nz\u00fcgyeid, a ment\u00e1lis eg\u00e9szs\u00e9ged vagy a szeretteid vesz\u00e9lyeztet\u00e9se n\u00e9lk\u00fcl.<\/li>\n<\/ul>\n","protected":false},"excerpt":{"rendered":"<p>Juss \u00e1t egy lepukkant kocsm\u00e1n, amely tele van szerencsej\u00e1t\u00e9k-f\u00fcgg\u0151 helyiekkel ebben a blackjack-alap\u00fa roguelike-kalandj\u00e1t\u00e9kban. Az \u00e1szokt\u00f3l \u00e9s figurak\u00e1rty\u00e1kt\u00f3l kezdve a tarot k\u00e1rty\u00e1kon \u00e1t a n\u00e9vjegyk\u00e1rty\u00e1kig, \u00fczleti k\u00e1rty\u00e1kig \u00e9s m\u00e9g sok m\u00e1sig, \u00e1ll\u00edtsd \u00f6ssze egyedi paklidat, hogy legy\u0151zd a kaszin\u00f3t. <\/p>\n<p><img decoding=\"async\" class=\"emoji\" role=\"img\" src=\"https:\/\/s.w.org\/images\/core\/emoji\/14.0.0\/svg\/1f30d.svg\" alt=\"\ud83c\udf0d\">  Glob\u00e1lis<br \/>\n<img decoding=\"async\" class=\"emoji\" role=\"img\" src=\"https:\/\/s.w.org\/images\/core\/emoji\/14.0.0\/svg\/2699.svg\" alt=\"\u2699\ufe0f\">  G\u0151z<br \/>\n<img decoding=\"async\" class=\"emoji\" role=\"img\" src=\"https:\/\/s.w.org\/images\/core\/emoji\/14.0.0\/svg\/1f5dd.svg\" alt=\"\ud83d\udddd\">  Digit\u00e1lis kulcs<\/p>\n","protected":false},"featured_media":32479,"template":"","meta":{"_acf_changed":false,"site-sidebar-layout":"default","site-content-layout":"","ast-site-content-layout":"default","site-content-style":"default","site-sidebar-style":"default","ast-global-header-display":"","ast-banner-title-visibility":"","ast-main-header-display":"","ast-hfb-above-header-display":"","ast-hfb-below-header-display":"","ast-hfb-mobile-header-display":"","site-post-title":"","ast-breadcrumbs-content":"","ast-featured-img":"","footer-sml-layout":"","ast-disable-related-posts":"","theme-transparent-header-meta":"default","adv-header-id-meta":"","stick-header-meta":"","header-above-stick-meta":"","header-main-stick-meta":"","header-below-stick-meta":"","astra-migrate-meta-layouts":"default","ast-page-background-enabled":"default","ast-page-background-meta":{"desktop":{"background-color":"var(--ast-global-color-4)","background-image":"","background-repeat":"repeat","background-position":"center center","background-size":"auto","background-attachment":"scroll","background-type":"","background-media":"","overlay-type":"","overlay-color":"","overlay-opacity":"","overlay-gradient":""},"tablet":{"background-color":"","background-image":"","background-repeat":"repeat","background-position":"center center","background-size":"auto","background-attachment":"scroll","background-type":"","background-media":"","overlay-type":"","overlay-color":"","overlay-opacity":"","overlay-gradient":""},"mobile":{"background-color":"","background-image":"","background-repeat":"repeat","background-position":"center center","background-size":"auto","background-attachment":"scroll","background-type":"","background-media":"","overlay-type":"","overlay-color":"","overlay-opacity":"","overlay-gradient":""}},"ast-content-background-meta":{"desktop":{"background-color":"var(--ast-global-color-5)","background-image":"","background-repeat":"repeat","background-position":"center center","background-size":"auto","background-attachment":"scroll","background-type":"","background-media":"","overlay-type":"","overlay-color":"","overlay-opacity":"","overlay-gradient":""},"tablet":{"background-color":"var(--ast-global-color-5)","background-image":"","background-repeat":"repeat","background-position":"center center","background-size":"auto","background-attachment":"scroll","background-type":"","background-media":"","overlay-type":"","overlay-color":"","overlay-opacity":"","overlay-gradient":""},"mobile":{"background-color":"var(--ast-global-color-5)","background-image":"","background-repeat":"repeat","background-position":"center center","background-size":"auto","background-attachment":"scroll","background-type":"","background-media":"","overlay-type":"","overlay-color":"","overlay-opacity":"","overlay-gradient":""}}},"product_brand":[],"product_cat":[392,367,364,386,391],"product_tag":[],"class_list":{"0":"post-35065","1":"product","2":"type-product","3":"status-publish","4":"has-post-thumbnail","6":"product_cat-india","7":"product_cat-pc-jatekok","8":"product_cat-rpg-k","9":"product_cat-strategiai-jatekok","10":"product_cat-yogscast-jatekok","11":"desktop-align-left","12":"tablet-align-left","13":"mobile-align-left","15":"first","16":"instock","17":"virtual","18":"purchasable","19":"product-type-simple"},"acf":[],"yoast_head":"<!-- This site is optimized with the Yoast SEO Premium plugin v27.4 (Yoast SEO v27.4) - https:\/\/yoast.com\/product\/yoast-seo-premium-wordpress\/ -->\n<title>Dungeons &amp; degener\u00e1lt j\u00e1t\u00e9kosok - Prismagamers.com<\/title>\n<meta name=\"description\" content=\"Juss \u00e1t egy lepukkant kocsm\u00e1n, amely tele van szerencsej\u00e1t\u00e9k-f\u00fcgg\u0151 helyiekkel ebben a blackjack-alap\u00fa roguelike-kalandj\u00e1t\u00e9kban. Az \u00e1szokt\u00f3l \u00e9s figurak\u00e1rty\u00e1kt\u00f3l kezdve a tarot k\u00e1rty\u00e1kon \u00e1t a n\u00e9vjegyk\u00e1rty\u00e1kig, \u00fczleti k\u00e1rty\u00e1kig \u00e9s m\u00e9g sok m\u00e1sig, \u00e1ll\u00edtsd \u00f6ssze egyedi paklidat, hogy legy\u0151zd a kaszin\u00f3t.   Glob\u00e1lis  G\u0151z  Digit\u00e1lis kulcs\" \/>\n<meta name=\"robots\" content=\"index, follow, max-snippet:-1, max-image-preview:large, max-video-preview:-1\" \/>\n<link rel=\"canonical\" href=\"https:\/\/prismagamers.com\/hu\/produkt\/dungeons-degeneralt-jatekosok\/\" \/>\n<meta property=\"og:locale\" content=\"hu_HU\" \/>\n<meta property=\"og:type\" content=\"article\" \/>\n<meta property=\"og:title\" content=\"Dungeons &amp; degener\u00e1lt j\u00e1t\u00e9kosok\" \/>\n<meta property=\"og:description\" content=\"Juss \u00e1t egy lepukkant kocsm\u00e1n, amely tele van szerencsej\u00e1t\u00e9k-f\u00fcgg\u0151 helyiekkel ebben a blackjack-alap\u00fa roguelike-kalandj\u00e1t\u00e9kban. Az \u00e1szokt\u00f3l \u00e9s figurak\u00e1rty\u00e1kt\u00f3l kezdve a tarot k\u00e1rty\u00e1kon \u00e1t a n\u00e9vjegyk\u00e1rty\u00e1kig, \u00fczleti k\u00e1rty\u00e1kig \u00e9s m\u00e9g sok m\u00e1sig, \u00e1ll\u00edtsd \u00f6ssze egyedi paklidat, hogy legy\u0151zd a kaszin\u00f3t.   Glob\u00e1lis  G\u0151z  Digit\u00e1lis kulcs\" \/>\n<meta property=\"og:url\" content=\"https:\/\/prismagamers.com\/hu\/produkt\/dungeons-degeneralt-jatekosok\/\" \/>\n<meta property=\"og:site_name\" content=\"Prismagamers.com\" \/>\n<meta property=\"article:publisher\" content=\"https:\/\/www.facebook.com\/prismagamers\" \/>\n<meta property=\"article:modified_time\" content=\"2026-01-08T22:00:32+00:00\" \/>\n<meta property=\"og:image\" content=\"https:\/\/prismagamers.com\/wp-content\/uploads\/2024\/08\/Dungeons-Degenerate-Gamblers-e1723289461865.jpg\" \/>\n\t<meta property=\"og:image:width\" content=\"319\" \/>\n\t<meta property=\"og:image:height\" content=\"450\" \/>\n\t<meta property=\"og:image:type\" content=\"image\/jpeg\" \/>\n<meta name=\"twitter:card\" content=\"summary_large_image\" \/>\n<meta name=\"twitter:label1\" content=\"Becs\u00fclt olvas\u00e1si id\u0151\" \/>\n\t<meta name=\"twitter:data1\" content=\"2 perc\" \/>\n<script type=\"application\/ld+json\" class=\"yoast-schema-graph\">{\"@context\":\"https:\\\/\\\/schema.org\",\"@graph\":[{\"@type\":\"WebPage\",\"@id\":\"https:\\\/\\\/prismagamers.com\\\/hu\\\/produkt\\\/dungeons-degeneralt-jatekosok\\\/\",\"url\":\"https:\\\/\\\/prismagamers.com\\\/hu\\\/produkt\\\/dungeons-degeneralt-jatekosok\\\/\",\"name\":\"Dungeons &amp; degener\u00e1lt j\u00e1t\u00e9kosok - Prismagamers.com\",\"isPartOf\":{\"@id\":\"https:\\\/\\\/prismagamers.com\\\/hu\\\/#website\"},\"primaryImageOfPage\":{\"@id\":\"https:\\\/\\\/prismagamers.com\\\/hu\\\/produkt\\\/dungeons-degeneralt-jatekosok\\\/#primaryimage\"},\"image\":{\"@id\":\"https:\\\/\\\/prismagamers.com\\\/hu\\\/produkt\\\/dungeons-degeneralt-jatekosok\\\/#primaryimage\"},\"thumbnailUrl\":\"https:\\\/\\\/prismagamers.com\\\/wp-content\\\/uploads\\\/2024\\\/08\\\/Dungeons-Degenerate-Gamblers-e1723289461865.jpg\",\"datePublished\":\"2024-08-10T11:31:30+00:00\",\"dateModified\":\"2026-01-08T22:00:32+00:00\",\"description\":\"Juss \u00e1t egy lepukkant kocsm\u00e1n, amely tele van szerencsej\u00e1t\u00e9k-f\u00fcgg\u0151 helyiekkel ebben a blackjack-alap\u00fa roguelike-kalandj\u00e1t\u00e9kban. Az \u00e1szokt\u00f3l \u00e9s figurak\u00e1rty\u00e1kt\u00f3l kezdve a tarot k\u00e1rty\u00e1kon \u00e1t a n\u00e9vjegyk\u00e1rty\u00e1kig, \u00fczleti k\u00e1rty\u00e1kig \u00e9s m\u00e9g sok m\u00e1sig, \u00e1ll\u00edtsd \u00f6ssze egyedi paklidat, hogy legy\u0151zd a kaszin\u00f3t. Glob\u00e1lis G\u0151z Digit\u00e1lis kulcs\",\"breadcrumb\":{\"@id\":\"https:\\\/\\\/prismagamers.com\\\/hu\\\/produkt\\\/dungeons-degeneralt-jatekosok\\\/#breadcrumb\"},\"inLanguage\":\"hu\",\"potentialAction\":[{\"@type\":\"ReadAction\",\"target\":[\"https:\\\/\\\/prismagamers.com\\\/hu\\\/produkt\\\/dungeons-degeneralt-jatekosok\\\/\"]}]},{\"@type\":\"ImageObject\",\"inLanguage\":\"hu\",\"@id\":\"https:\\\/\\\/prismagamers.com\\\/hu\\\/produkt\\\/dungeons-degeneralt-jatekosok\\\/#primaryimage\",\"url\":\"https:\\\/\\\/prismagamers.com\\\/wp-content\\\/uploads\\\/2024\\\/08\\\/Dungeons-Degenerate-Gamblers-e1723289461865.jpg\",\"contentUrl\":\"https:\\\/\\\/prismagamers.com\\\/wp-content\\\/uploads\\\/2024\\\/08\\\/Dungeons-Degenerate-Gamblers-e1723289461865.jpg\",\"width\":319,\"height\":450},{\"@type\":\"BreadcrumbList\",\"@id\":\"https:\\\/\\\/prismagamers.com\\\/hu\\\/produkt\\\/dungeons-degeneralt-jatekosok\\\/#breadcrumb\",\"itemListElement\":[{\"@type\":\"ListItem\",\"position\":1,\"name\":\"Strona g\u0142\u00f3wna\",\"item\":\"https:\\\/\\\/prismagamers.com\\\/hu\\\/prismagamers\\\/\"},{\"@type\":\"ListItem\",\"position\":2,\"name\":\"Shop\",\"item\":\"https:\\\/\\\/prismagamers.com\\\/hu\\\/shop\\\/\"},{\"@type\":\"ListItem\",\"position\":3,\"name\":\"Dungeons &amp; degener\u00e1lt j\u00e1t\u00e9kosok\"}]},{\"@type\":\"WebSite\",\"@id\":\"https:\\\/\\\/prismagamers.com\\\/hu\\\/#website\",\"url\":\"https:\\\/\\\/prismagamers.com\\\/hu\\\/\",\"name\":\"Prismagamers\",\"description\":\"Sklep z grami PC I Sklep klucze Steam\",\"publisher\":{\"@id\":\"https:\\\/\\\/prismagamers.com\\\/hu\\\/#organization\"},\"potentialAction\":[{\"@type\":\"SearchAction\",\"target\":{\"@type\":\"EntryPoint\",\"urlTemplate\":\"https:\\\/\\\/prismagamers.com\\\/hu\\\/?s={search_term_string}\"},\"query-input\":{\"@type\":\"PropertyValueSpecification\",\"valueRequired\":true,\"valueName\":\"search_term_string\"}}],\"inLanguage\":\"hu\"},{\"@type\":\"Organization\",\"@id\":\"https:\\\/\\\/prismagamers.com\\\/hu\\\/#organization\",\"name\":\"Prismagamers\",\"url\":\"https:\\\/\\\/prismagamers.com\\\/hu\\\/\",\"logo\":{\"@type\":\"ImageObject\",\"inLanguage\":\"hu\",\"@id\":\"https:\\\/\\\/prismagamers.com\\\/hu\\\/#\\\/schema\\\/logo\\\/image\\\/\",\"url\":\"https:\\\/\\\/prismagamers.com\\\/wp-content\\\/uploads\\\/2022\\\/04\\\/cropped-logo-Prismagamers-01-scaled-1.jpg\",\"contentUrl\":\"https:\\\/\\\/prismagamers.com\\\/wp-content\\\/uploads\\\/2022\\\/04\\\/cropped-logo-Prismagamers-01-scaled-1.jpg\",\"width\":512,\"height\":512,\"caption\":\"Prismagamers\"},\"image\":{\"@id\":\"https:\\\/\\\/prismagamers.com\\\/hu\\\/#\\\/schema\\\/logo\\\/image\\\/\"},\"sameAs\":[\"https:\\\/\\\/www.facebook.com\\\/prismagamers\",\"https:\\\/\\\/www.instagram.com\\\/prismagamers_grycyfrowe\\\/\"],\"description\":\"Prismagamers.com to dynamiczny sklep z grami cyfrowymi, stworzony z my\u015bl\u0105 o entuzjastach gier wideo. Nasza strona oferuje szerok\u0105 gam\u0119 gier komputerowych, w tym najnowsze tytu\u0142y, dobrze znane klasyki oraz gry stworzone przez niezale\u017cne studia Ca\u0142y czas d\u0105\u017cymy do rozszerzenia naszej oferty. Do\u0142\u0105cz do nas i sta\u0144 si\u0119 cz\u0119\u015bci\u0105 naszej rosn\u0105cej spo\u0142eczno\u015bci graczy!\",\"email\":\"shop@prismagamers.com\",\"telephone\":\"48795541705\",\"legalName\":\"East Caravan Maksym \u017bukow\",\"foundingDate\":\"2012-05-10\",\"vatID\":\"PL8943038612\",\"taxID\":\"PL8943038612\",\"numberOfEmployees\":{\"@type\":\"QuantitativeValue\",\"minValue\":\"11\",\"maxValue\":\"50\"}}]}<\/script>\n<!-- \/ Yoast SEO Premium plugin. -->","yoast_head_json":{"title":"Dungeons &amp; degener\u00e1lt j\u00e1t\u00e9kosok - Prismagamers.com","description":"Juss \u00e1t egy lepukkant kocsm\u00e1n, amely tele van szerencsej\u00e1t\u00e9k-f\u00fcgg\u0151 helyiekkel ebben a blackjack-alap\u00fa roguelike-kalandj\u00e1t\u00e9kban. Az \u00e1szokt\u00f3l \u00e9s figurak\u00e1rty\u00e1kt\u00f3l kezdve a tarot k\u00e1rty\u00e1kon \u00e1t a n\u00e9vjegyk\u00e1rty\u00e1kig, \u00fczleti k\u00e1rty\u00e1kig \u00e9s m\u00e9g sok m\u00e1sig, \u00e1ll\u00edtsd \u00f6ssze egyedi paklidat, hogy legy\u0151zd a kaszin\u00f3t.   Glob\u00e1lis  G\u0151z  Digit\u00e1lis kulcs","robots":{"index":"index","follow":"follow","max-snippet":"max-snippet:-1","max-image-preview":"max-image-preview:large","max-video-preview":"max-video-preview:-1"},"canonical":"https:\/\/prismagamers.com\/hu\/produkt\/dungeons-degeneralt-jatekosok\/","og_locale":"hu_HU","og_type":"article","og_title":"Dungeons &amp; degener\u00e1lt j\u00e1t\u00e9kosok","og_description":"Juss \u00e1t egy lepukkant kocsm\u00e1n, amely tele van szerencsej\u00e1t\u00e9k-f\u00fcgg\u0151 helyiekkel ebben a blackjack-alap\u00fa roguelike-kalandj\u00e1t\u00e9kban. Az \u00e1szokt\u00f3l \u00e9s figurak\u00e1rty\u00e1kt\u00f3l kezdve a tarot k\u00e1rty\u00e1kon \u00e1t a n\u00e9vjegyk\u00e1rty\u00e1kig, \u00fczleti k\u00e1rty\u00e1kig \u00e9s m\u00e9g sok m\u00e1sig, \u00e1ll\u00edtsd \u00f6ssze egyedi paklidat, hogy legy\u0151zd a kaszin\u00f3t.   Glob\u00e1lis  G\u0151z  Digit\u00e1lis kulcs","og_url":"https:\/\/prismagamers.com\/hu\/produkt\/dungeons-degeneralt-jatekosok\/","og_site_name":"Prismagamers.com","article_publisher":"https:\/\/www.facebook.com\/prismagamers","article_modified_time":"2026-01-08T22:00:32+00:00","og_image":[{"width":319,"height":450,"url":"https:\/\/prismagamers.com\/wp-content\/uploads\/2024\/08\/Dungeons-Degenerate-Gamblers-e1723289461865.jpg","type":"image\/jpeg"}],"twitter_card":"summary_large_image","twitter_misc":{"Becs\u00fclt olvas\u00e1si id\u0151":"2 perc"},"schema":{"@context":"https:\/\/schema.org","@graph":[{"@type":"WebPage","@id":"https:\/\/prismagamers.com\/hu\/produkt\/dungeons-degeneralt-jatekosok\/","url":"https:\/\/prismagamers.com\/hu\/produkt\/dungeons-degeneralt-jatekosok\/","name":"Dungeons &amp; degener\u00e1lt j\u00e1t\u00e9kosok - Prismagamers.com","isPartOf":{"@id":"https:\/\/prismagamers.com\/hu\/#website"},"primaryImageOfPage":{"@id":"https:\/\/prismagamers.com\/hu\/produkt\/dungeons-degeneralt-jatekosok\/#primaryimage"},"image":{"@id":"https:\/\/prismagamers.com\/hu\/produkt\/dungeons-degeneralt-jatekosok\/#primaryimage"},"thumbnailUrl":"https:\/\/prismagamers.com\/wp-content\/uploads\/2024\/08\/Dungeons-Degenerate-Gamblers-e1723289461865.jpg","datePublished":"2024-08-10T11:31:30+00:00","dateModified":"2026-01-08T22:00:32+00:00","description":"Juss \u00e1t egy lepukkant kocsm\u00e1n, amely tele van szerencsej\u00e1t\u00e9k-f\u00fcgg\u0151 helyiekkel ebben a blackjack-alap\u00fa roguelike-kalandj\u00e1t\u00e9kban. Az \u00e1szokt\u00f3l \u00e9s figurak\u00e1rty\u00e1kt\u00f3l kezdve a tarot k\u00e1rty\u00e1kon \u00e1t a n\u00e9vjegyk\u00e1rty\u00e1kig, \u00fczleti k\u00e1rty\u00e1kig \u00e9s m\u00e9g sok m\u00e1sig, \u00e1ll\u00edtsd \u00f6ssze egyedi paklidat, hogy legy\u0151zd a kaszin\u00f3t. Glob\u00e1lis G\u0151z Digit\u00e1lis kulcs","breadcrumb":{"@id":"https:\/\/prismagamers.com\/hu\/produkt\/dungeons-degeneralt-jatekosok\/#breadcrumb"},"inLanguage":"hu","potentialAction":[{"@type":"ReadAction","target":["https:\/\/prismagamers.com\/hu\/produkt\/dungeons-degeneralt-jatekosok\/"]}]},{"@type":"ImageObject","inLanguage":"hu","@id":"https:\/\/prismagamers.com\/hu\/produkt\/dungeons-degeneralt-jatekosok\/#primaryimage","url":"https:\/\/prismagamers.com\/wp-content\/uploads\/2024\/08\/Dungeons-Degenerate-Gamblers-e1723289461865.jpg","contentUrl":"https:\/\/prismagamers.com\/wp-content\/uploads\/2024\/08\/Dungeons-Degenerate-Gamblers-e1723289461865.jpg","width":319,"height":450},{"@type":"BreadcrumbList","@id":"https:\/\/prismagamers.com\/hu\/produkt\/dungeons-degeneralt-jatekosok\/#breadcrumb","itemListElement":[{"@type":"ListItem","position":1,"name":"Strona g\u0142\u00f3wna","item":"https:\/\/prismagamers.com\/hu\/prismagamers\/"},{"@type":"ListItem","position":2,"name":"Shop","item":"https:\/\/prismagamers.com\/hu\/shop\/"},{"@type":"ListItem","position":3,"name":"Dungeons &amp; degener\u00e1lt j\u00e1t\u00e9kosok"}]},{"@type":"WebSite","@id":"https:\/\/prismagamers.com\/hu\/#website","url":"https:\/\/prismagamers.com\/hu\/","name":"Prismagamers","description":"Sklep z grami PC I Sklep klucze Steam","publisher":{"@id":"https:\/\/prismagamers.com\/hu\/#organization"},"potentialAction":[{"@type":"SearchAction","target":{"@type":"EntryPoint","urlTemplate":"https:\/\/prismagamers.com\/hu\/?s={search_term_string}"},"query-input":{"@type":"PropertyValueSpecification","valueRequired":true,"valueName":"search_term_string"}}],"inLanguage":"hu"},{"@type":"Organization","@id":"https:\/\/prismagamers.com\/hu\/#organization","name":"Prismagamers","url":"https:\/\/prismagamers.com\/hu\/","logo":{"@type":"ImageObject","inLanguage":"hu","@id":"https:\/\/prismagamers.com\/hu\/#\/schema\/logo\/image\/","url":"https:\/\/prismagamers.com\/wp-content\/uploads\/2022\/04\/cropped-logo-Prismagamers-01-scaled-1.jpg","contentUrl":"https:\/\/prismagamers.com\/wp-content\/uploads\/2022\/04\/cropped-logo-Prismagamers-01-scaled-1.jpg","width":512,"height":512,"caption":"Prismagamers"},"image":{"@id":"https:\/\/prismagamers.com\/hu\/#\/schema\/logo\/image\/"},"sameAs":["https:\/\/www.facebook.com\/prismagamers","https:\/\/www.instagram.com\/prismagamers_grycyfrowe\/"],"description":"Prismagamers.com to dynamiczny sklep z grami cyfrowymi, stworzony z my\u015bl\u0105 o entuzjastach gier wideo. Nasza strona oferuje szerok\u0105 gam\u0119 gier komputerowych, w tym najnowsze tytu\u0142y, dobrze znane klasyki oraz gry stworzone przez niezale\u017cne studia Ca\u0142y czas d\u0105\u017cymy do rozszerzenia naszej oferty. Do\u0142\u0105cz do nas i sta\u0144 si\u0119 cz\u0119\u015bci\u0105 naszej rosn\u0105cej spo\u0142eczno\u015bci graczy!","email":"shop@prismagamers.com","telephone":"48795541705","legalName":"East Caravan Maksym \u017bukow","foundingDate":"2012-05-10","vatID":"PL8943038612","taxID":"PL8943038612","numberOfEmployees":{"@type":"QuantitativeValue","minValue":"11","maxValue":"50"}}]}},"_links":{"self":[{"href":"https:\/\/prismagamers.com\/hu\/wp-json\/wp\/v2\/product\/35065","targetHints":{"allow":["GET"]}}],"collection":[{"href":"https:\/\/prismagamers.com\/hu\/wp-json\/wp\/v2\/product"}],"about":[{"href":"https:\/\/prismagamers.com\/hu\/wp-json\/wp\/v2\/types\/product"}],"wp:featuredmedia":[{"embeddable":true,"href":"https:\/\/prismagamers.com\/hu\/wp-json\/wp\/v2\/media\/32479"}],"wp:attachment":[{"href":"https:\/\/prismagamers.com\/hu\/wp-json\/wp\/v2\/media?parent=35065"}],"wp:term":[{"taxonomy":"product_brand","embeddable":true,"href":"https:\/\/prismagamers.com\/hu\/wp-json\/wp\/v2\/product_brand?post=35065"},{"taxonomy":"product_cat","embeddable":true,"href":"https:\/\/prismagamers.com\/hu\/wp-json\/wp\/v2\/product_cat?post=35065"},{"taxonomy":"product_tag","embeddable":true,"href":"https:\/\/prismagamers.com\/hu\/wp-json\/wp\/v2\/product_tag?post=35065"}],"curies":[{"name":"wp","href":"https:\/\/api.w.org\/{rel}","templated":true}]}}