{"id":35066,"date":"2025-01-01T16:47:12","date_gmt":"2025-01-01T15:47:12","guid":{"rendered":"https:\/\/prismagamers.com\/produkt\/a-szent-istenverte\/"},"modified":"2026-03-05T00:00:51","modified_gmt":"2026-03-04T23:00:51","slug":"a-szent-istenverte","status":"publish","type":"product","link":"https:\/\/prismagamers.com\/hu\/produkt\/a-szent-istenverte\/","title":{"rendered":"The Holy Gosh Darn"},"content":{"rendered":"<p><img decoding=\"async\" class=\"bb_img\" src=\"https:\/\/shared.fastly.steamstatic.com\/store_item_assets\/steam\/apps\/1466230\/extras\/faulmouth_cassiel_murial.png?t=1732659163\"><\/p>\n<p><strong>Ford\u00edtsd vissza az id\u0151t, hogy megmentsd a j\u00f6v\u0151t egy \u0151r\u00fclt id\u0151utaz\u00f3s kalandj\u00e1t\u00e9kban!<\/strong><\/p>\n<p>M\u00e1r csak hat \u00f3r\u00e1d van, miel\u0151tt az \u00e9g megsz\u0171nik l\u00e9tezni. Csak te tudod megakad\u00e1lyozni. Haszn\u00e1ld id\u0151utaz\u00e1si k\u00e9pess\u00e9geidet, hogy szabadon ugr\u00e1lj a jelen \u00e9s a m\u00falt k\u00f6z\u00f6tt, \u00e9s fedezz fel titkokat a Mennyorsz\u00e1gban, a Pokolban \u00e9s Helheimben. Haszn\u00e1ld fel az egyik id\u0151s\u00edkban \u00f6sszegy\u0171jt\u00f6tt inform\u00e1ci\u00f3kat, hogy megv\u00e1ltoztasd egy m\u00e1sik id\u0151s\u00edk esem\u00e9nyeit, \u00e9s megakad\u00e1lyozd a k\u00f6zelg\u0151 kataklizm\u00e1t. Itt az ideje egy \u00fajabb pr\u00f3bat\u00e9telnek!    <\/p>\n<p><strong>A Holy Gosh Darn<\/strong> egy szerepj\u00e1t\u00e9kos kalandj\u00e1t\u00e9k, amelyben Cassielt, egy angyalt alak\u00edtasz, akinek szembe kell n\u00e9znie a Mennyorsz\u00e1g &#8211; az otthonod &#8211; kapuj\u00e1t ostroml\u00f3 k\u00eds\u00e9rtetek sereg\u00e9vel. Miut\u00e1n megtal\u00e1lsz egy \u0151si, Isten \u00e1ltal k\u00e9sz\u00edtett erekly\u00e9t, egy olyan \u00f3r\u00e1t kapsz, amely lehet\u0151v\u00e9 teszi az id\u0151utaz\u00e1st. \u0150r\u00fclt utaz\u00e1sra indulsz a m\u00falt, a jelen \u00e9s a j\u00f6v\u0151 k\u00f6z\u00f6tt, abszurd karakterekkel tal\u00e1lkozol \u00e9s dinamikusan v\u00e1ltoz\u00f3 helysz\u00edneket fedezel fel, hogy megfejtsd az univerzum, az \u00e9let \u00e9s&#8230; minden rejt\u00e9ly\u00e9t.  <\/p>\n<p>Mer\u00fclj el egy humorral, \u0151r\u00fclt rejtv\u00e9nyekkel \u00e9s dinamikus j\u00e1t\u00e9kmenettel teli kalandban, amely szembes\u00edt a v\u00e9gs\u0151 k\u00e9rd\u00e9sekkel: mi\u00e9rt van h\u00e1nyingered az id\u0151utaz\u00e1st\u00f3l? Mi\u00e9rt tudnak az angyalok \u00e1tkoz\u00f3dni? \u00c9s mi\u00e9rt elfogadhat\u00f3 taktika a p\u00e1rbesz\u00e9dek kihagy\u00e1sa, amikor csak hat \u00f3r\u00e1d van a vil\u00e1g megment\u00e9s\u00e9re?  <\/p>\n<p>K\u00e9sz\u00fclj fel a humor, a metroidvania progresszi\u00f3 \u00e9s a fant\u00e1ziad\u00fas kih\u00edv\u00e1sok \u0151r\u00fclt kever\u00e9k\u00e9re, amelyet a Perfectly Paranormal csapata, <strong>Manuel Samuel<\/strong> \u00e9s <strong>Helheim Hassle<\/strong> alkot\u00f3i hoztak l\u00e9tre.<\/p>\n<h3><strong>A j\u00e1t\u00e9k jellemz\u0151i<\/strong>:<\/h3>\n<ul>\n<li><strong>N\u00e9gy vil\u00e1g<\/strong> tele rejt\u00e9lyekkel, amelyeket fel kell fedezned &#8211; t\u00e9rben \u00e9s id\u0151ben egyar\u00e1nt!<\/li>\n<li><strong>Egyed\u00fcl\u00e1ll\u00f3<\/strong>, fordulatokkal teli <strong>t\u00f6rt\u00e9net<\/strong>, ahol minden egyes d\u00f6nt\u00e9s \u00faj perspekt\u00edv\u00e1kat t\u00e1r fel.<\/li>\n<li>Fedezd fel a t\u00f6rt\u00e9n\u00e9seket, amelyek a fejl\u0151d\u00e9s, az id\u0151 \u00e9s a logika f\u00fcggv\u00e9ny\u00e9ben v\u00e1ltoznak.<\/li>\n<li><strong>S\u00e9rtegesd a mennyei v\u00e9nek 23 tagj\u00e1t<\/strong> &#8211; siker\u00fcl mindegyiket megs\u00e9rtened?<\/li>\n<li><strong>4250 kutya<\/strong> van a j\u00e1t\u00e9kban&#8230; \u00e9s egyiket sem lehet megsimogatni. \ud83d\ude08<\/li>\n<\/ul>\n","protected":false},"excerpt":{"rendered":"<div class=\"flex max-w-full flex-col flex-grow\">\n<div class=\"min-h-8 text-message flex w-full flex-col items-end gap-2 whitespace-normal break-words text-start [.text-message+&amp;]:mt-5\" dir=\"auto\" data-message-author-role=\"assistant\" data-message-id=\"660d4aec-f305-4cae-8829-50632e92bbfd\" data-message-model-slug=\"gpt-4o\">\n<div class=\"flex w-full flex-col gap-1 empty:hidden first:pt-[3px]\">\n<div class=\"markdown prose w-full break-words dark:prose-invert light\">\n<p><strong>A Holy Gosh Darn<\/strong> egy id\u0151utaz\u00f3s szerepj\u00e1t\u00e9k-kalandj\u00e1t\u00e9k. Vedd Cassiel, egy angyal szerep\u00e9t, akinek szembe kell n\u00e9znie a k\u00f6zelg\u0151 v\u00e9gzettel. Ugr\u00e1lj a m\u00falt \u00e9s a jelen k\u00f6z\u00f6tt, utazz a pokolban, a mennyorsz\u00e1gban \u00e9s Helheimben, hogy az egyik id\u0151s\u00edkban inform\u00e1ci\u00f3kat fedezz fel, a m\u00e1sikban pedig befoly\u00e1sold az esem\u00e9nyeket. Mindezt az\u00e9rt, hogy ism\u00e9t megmentsd az univerzumot a kataklizm\u00e1t\u00f3l!   <\/p>\n<p>\ud83c\udf0d Global \u2699\ufe0f Steam<br \/>\n\ud83d\udddd digit\u00e1lis kulcs<\/p>\n<\/div>\n<\/div>\n<\/div>\n<\/div>\n","protected":false},"featured_media":33497,"template":"","meta":{"_acf_changed":false,"site-sidebar-layout":"default","site-content-layout":"","ast-site-content-layout":"default","site-content-style":"default","site-sidebar-style":"default","ast-global-header-display":"","ast-banner-title-visibility":"","ast-main-header-display":"","ast-hfb-above-header-display":"","ast-hfb-below-header-display":"","ast-hfb-mobile-header-display":"","site-post-title":"","ast-breadcrumbs-content":"","ast-featured-img":"","footer-sml-layout":"","ast-disable-related-posts":"","theme-transparent-header-meta":"default","adv-header-id-meta":"","stick-header-meta":"","header-above-stick-meta":"","header-main-stick-meta":"","header-below-stick-meta":"","astra-migrate-meta-layouts":"default","ast-page-background-enabled":"default","ast-page-background-meta":{"desktop":{"background-color":"var(--ast-global-color-4)","background-image":"","background-repeat":"repeat","background-position":"center center","background-size":"auto","background-attachment":"scroll","background-type":"","background-media":"","overlay-type":"","overlay-color":"","overlay-opacity":"","overlay-gradient":""},"tablet":{"background-color":"","background-image":"","background-repeat":"repeat","background-position":"center center","background-size":"auto","background-attachment":"scroll","background-type":"","background-media":"","overlay-type":"","overlay-color":"","overlay-opacity":"","overlay-gradient":""},"mobile":{"background-color":"","background-image":"","background-repeat":"repeat","background-position":"center center","background-size":"auto","background-attachment":"scroll","background-type":"","background-media":"","overlay-type":"","overlay-color":"","overlay-opacity":"","overlay-gradient":""}},"ast-content-background-meta":{"desktop":{"background-color":"var(--ast-global-color-5)","background-image":"","background-repeat":"repeat","background-position":"center center","background-size":"auto","background-attachment":"scroll","background-type":"","background-media":"","overlay-type":"","overlay-color":"","overlay-opacity":"","overlay-gradient":""},"tablet":{"background-color":"var(--ast-global-color-5)","background-image":"","background-repeat":"repeat","background-position":"center center","background-size":"auto","background-attachment":"scroll","background-type":"","background-media":"","overlay-type":"","overlay-color":"","overlay-opacity":"","overlay-gradient":""},"mobile":{"background-color":"var(--ast-global-color-5)","background-image":"","background-repeat":"repeat","background-position":"center center","background-size":"auto","background-attachment":"scroll","background-type":"","background-media":"","overlay-type":"","overlay-color":"","overlay-opacity":"","overlay-gradient":""}}},"product_brand":[],"product_cat":[371,369,365,363,367,391],"product_tag":[],"class_list":{"0":"post-35066","1":"product","2":"type-product","3":"status-publish","4":"has-post-thumbnail","6":"product_cat-akcio-jatekok","7":"product_cat-csarnokok","8":"product_cat-goz","9":"product_cat-kaland-jatekok","10":"product_cat-pc-jatekok","11":"product_cat-yogscast-jatekok","12":"desktop-align-left","13":"tablet-align-left","14":"mobile-align-left","16":"first","17":"instock","18":"virtual","19":"purchasable","20":"product-type-simple"},"acf":[],"yoast_head":"<!-- This site is optimized with the Yoast SEO Premium plugin v27.4 (Yoast SEO v27.4) - https:\/\/yoast.com\/product\/yoast-seo-premium-wordpress\/ -->\n<title>The Holy Gosh Darn - Prismagamers.com<\/title>\n<meta name=\"description\" content=\"A Holy Gosh Darn egy id\u0151utaz\u00f3s szerepj\u00e1t\u00e9k-kalandj\u00e1t\u00e9k. Vedd Cassiel, egy angyal szerep\u00e9t, akinek szembe kell n\u00e9znie a k\u00f6zelg\u0151 v\u00e9gzettel. Ugr\u00e1lj a m\u00falt \u00e9s a jelen k\u00f6z\u00f6tt, utazz a pokolban, a mennyorsz\u00e1gban \u00e9s Helheimben, hogy az egyik id\u0151s\u00edkban inform\u00e1ci\u00f3kat fedezz fel, a m\u00e1sikban pedig befoly\u00e1sold az esem\u00e9nyeket. Mindezt az\u00e9rt, hogy ism\u00e9t megmentsd az univerzumot a kataklizm\u00e1t\u00f3l!   \ud83c\udf0d Global \u2699\ufe0f Steam \ud83d\udddd digit\u00e1lis kulcs\" \/>\n<meta name=\"robots\" content=\"index, follow, max-snippet:-1, max-image-preview:large, max-video-preview:-1\" \/>\n<link rel=\"canonical\" href=\"https:\/\/prismagamers.com\/hu\/produkt\/a-szent-istenverte\/\" \/>\n<meta property=\"og:locale\" content=\"hu_HU\" \/>\n<meta property=\"og:type\" content=\"article\" \/>\n<meta property=\"og:title\" content=\"The Holy Gosh Darn\" \/>\n<meta property=\"og:description\" content=\"A Holy Gosh Darn egy id\u0151utaz\u00f3s szerepj\u00e1t\u00e9k-kalandj\u00e1t\u00e9k. Vedd Cassiel, egy angyal szerep\u00e9t, akinek szembe kell n\u00e9znie a k\u00f6zelg\u0151 v\u00e9gzettel. Ugr\u00e1lj a m\u00falt \u00e9s a jelen k\u00f6z\u00f6tt, utazz a pokolban, a mennyorsz\u00e1gban \u00e9s Helheimben, hogy az egyik id\u0151s\u00edkban inform\u00e1ci\u00f3kat fedezz fel, a m\u00e1sikban pedig befoly\u00e1sold az esem\u00e9nyeket. Mindezt az\u00e9rt, hogy ism\u00e9t megmentsd az univerzumot a kataklizm\u00e1t\u00f3l!   \ud83c\udf0d Global \u2699\ufe0f Steam \ud83d\udddd digit\u00e1lis kulcs\" \/>\n<meta property=\"og:url\" content=\"https:\/\/prismagamers.com\/hu\/produkt\/a-szent-istenverte\/\" \/>\n<meta property=\"og:site_name\" content=\"Prismagamers.com\" \/>\n<meta property=\"article:publisher\" content=\"https:\/\/www.facebook.com\/prismagamers\" \/>\n<meta property=\"article:modified_time\" content=\"2026-03-04T23:00:51+00:00\" \/>\n<meta property=\"og:image\" content=\"https:\/\/prismagamers.com\/wp-content\/uploads\/2025\/01\/The-Holy-Gosh-Darn1-e1735746094532.jpg\" \/>\n\t<meta property=\"og:image:width\" content=\"300\" \/>\n\t<meta property=\"og:image:height\" content=\"450\" \/>\n\t<meta property=\"og:image:type\" content=\"image\/jpeg\" \/>\n<meta name=\"twitter:card\" content=\"summary_large_image\" \/>\n<meta name=\"twitter:label1\" content=\"Becs\u00fclt olvas\u00e1si id\u0151\" \/>\n\t<meta name=\"twitter:data1\" content=\"2 perc\" \/>\n<script type=\"application\/ld+json\" class=\"yoast-schema-graph\">{\"@context\":\"https:\\\/\\\/schema.org\",\"@graph\":[{\"@type\":\"WebPage\",\"@id\":\"https:\\\/\\\/prismagamers.com\\\/hu\\\/produkt\\\/a-szent-istenverte\\\/\",\"url\":\"https:\\\/\\\/prismagamers.com\\\/hu\\\/produkt\\\/a-szent-istenverte\\\/\",\"name\":\"The Holy Gosh Darn - Prismagamers.com\",\"isPartOf\":{\"@id\":\"https:\\\/\\\/prismagamers.com\\\/hu\\\/#website\"},\"primaryImageOfPage\":{\"@id\":\"https:\\\/\\\/prismagamers.com\\\/hu\\\/produkt\\\/a-szent-istenverte\\\/#primaryimage\"},\"image\":{\"@id\":\"https:\\\/\\\/prismagamers.com\\\/hu\\\/produkt\\\/a-szent-istenverte\\\/#primaryimage\"},\"thumbnailUrl\":\"https:\\\/\\\/prismagamers.com\\\/wp-content\\\/uploads\\\/2025\\\/01\\\/The-Holy-Gosh-Darn1-e1735746094532.jpg\",\"datePublished\":\"2025-01-01T15:47:12+00:00\",\"dateModified\":\"2026-03-04T23:00:51+00:00\",\"description\":\"A Holy Gosh Darn egy id\u0151utaz\u00f3s szerepj\u00e1t\u00e9k-kalandj\u00e1t\u00e9k. Vedd Cassiel, egy angyal szerep\u00e9t, akinek szembe kell n\u00e9znie a k\u00f6zelg\u0151 v\u00e9gzettel. Ugr\u00e1lj a m\u00falt \u00e9s a jelen k\u00f6z\u00f6tt, utazz a pokolban, a mennyorsz\u00e1gban \u00e9s Helheimben, hogy az egyik id\u0151s\u00edkban inform\u00e1ci\u00f3kat fedezz fel, a m\u00e1sikban pedig befoly\u00e1sold az esem\u00e9nyeket. Mindezt az\u00e9rt, hogy ism\u00e9t megmentsd az univerzumot a kataklizm\u00e1t\u00f3l! \ud83c\udf0d Global \u2699\ufe0f Steam \ud83d\udddd digit\u00e1lis kulcs\",\"breadcrumb\":{\"@id\":\"https:\\\/\\\/prismagamers.com\\\/hu\\\/produkt\\\/a-szent-istenverte\\\/#breadcrumb\"},\"inLanguage\":\"hu\",\"potentialAction\":[{\"@type\":\"ReadAction\",\"target\":[\"https:\\\/\\\/prismagamers.com\\\/hu\\\/produkt\\\/a-szent-istenverte\\\/\"]}]},{\"@type\":\"ImageObject\",\"inLanguage\":\"hu\",\"@id\":\"https:\\\/\\\/prismagamers.com\\\/hu\\\/produkt\\\/a-szent-istenverte\\\/#primaryimage\",\"url\":\"https:\\\/\\\/prismagamers.com\\\/wp-content\\\/uploads\\\/2025\\\/01\\\/The-Holy-Gosh-Darn1-e1735746094532.jpg\",\"contentUrl\":\"https:\\\/\\\/prismagamers.com\\\/wp-content\\\/uploads\\\/2025\\\/01\\\/The-Holy-Gosh-Darn1-e1735746094532.jpg\",\"width\":300,\"height\":450},{\"@type\":\"BreadcrumbList\",\"@id\":\"https:\\\/\\\/prismagamers.com\\\/hu\\\/produkt\\\/a-szent-istenverte\\\/#breadcrumb\",\"itemListElement\":[{\"@type\":\"ListItem\",\"position\":1,\"name\":\"Strona g\u0142\u00f3wna\",\"item\":\"https:\\\/\\\/prismagamers.com\\\/hu\\\/prismagamers\\\/\"},{\"@type\":\"ListItem\",\"position\":2,\"name\":\"Shop\",\"item\":\"https:\\\/\\\/prismagamers.com\\\/hu\\\/shop\\\/\"},{\"@type\":\"ListItem\",\"position\":3,\"name\":\"The Holy Gosh Darn\"}]},{\"@type\":\"WebSite\",\"@id\":\"https:\\\/\\\/prismagamers.com\\\/hu\\\/#website\",\"url\":\"https:\\\/\\\/prismagamers.com\\\/hu\\\/\",\"name\":\"Prismagamers\",\"description\":\"Sklep z grami PC I Sklep klucze Steam\",\"publisher\":{\"@id\":\"https:\\\/\\\/prismagamers.com\\\/hu\\\/#organization\"},\"potentialAction\":[{\"@type\":\"SearchAction\",\"target\":{\"@type\":\"EntryPoint\",\"urlTemplate\":\"https:\\\/\\\/prismagamers.com\\\/hu\\\/?s={search_term_string}\"},\"query-input\":{\"@type\":\"PropertyValueSpecification\",\"valueRequired\":true,\"valueName\":\"search_term_string\"}}],\"inLanguage\":\"hu\"},{\"@type\":\"Organization\",\"@id\":\"https:\\\/\\\/prismagamers.com\\\/hu\\\/#organization\",\"name\":\"Prismagamers\",\"url\":\"https:\\\/\\\/prismagamers.com\\\/hu\\\/\",\"logo\":{\"@type\":\"ImageObject\",\"inLanguage\":\"hu\",\"@id\":\"https:\\\/\\\/prismagamers.com\\\/hu\\\/#\\\/schema\\\/logo\\\/image\\\/\",\"url\":\"https:\\\/\\\/prismagamers.com\\\/wp-content\\\/uploads\\\/2022\\\/04\\\/cropped-logo-Prismagamers-01-scaled-1.jpg\",\"contentUrl\":\"https:\\\/\\\/prismagamers.com\\\/wp-content\\\/uploads\\\/2022\\\/04\\\/cropped-logo-Prismagamers-01-scaled-1.jpg\",\"width\":512,\"height\":512,\"caption\":\"Prismagamers\"},\"image\":{\"@id\":\"https:\\\/\\\/prismagamers.com\\\/hu\\\/#\\\/schema\\\/logo\\\/image\\\/\"},\"sameAs\":[\"https:\\\/\\\/www.facebook.com\\\/prismagamers\",\"https:\\\/\\\/www.instagram.com\\\/prismagamers_grycyfrowe\\\/\"],\"description\":\"Prismagamers.com to dynamiczny sklep z grami cyfrowymi, stworzony z my\u015bl\u0105 o entuzjastach gier wideo. Nasza strona oferuje szerok\u0105 gam\u0119 gier komputerowych, w tym najnowsze tytu\u0142y, dobrze znane klasyki oraz gry stworzone przez niezale\u017cne studia Ca\u0142y czas d\u0105\u017cymy do rozszerzenia naszej oferty. Do\u0142\u0105cz do nas i sta\u0144 si\u0119 cz\u0119\u015bci\u0105 naszej rosn\u0105cej spo\u0142eczno\u015bci graczy!\",\"email\":\"shop@prismagamers.com\",\"telephone\":\"48795541705\",\"legalName\":\"East Caravan Maksym \u017bukow\",\"foundingDate\":\"2012-05-10\",\"vatID\":\"PL8943038612\",\"taxID\":\"PL8943038612\",\"numberOfEmployees\":{\"@type\":\"QuantitativeValue\",\"minValue\":\"11\",\"maxValue\":\"50\"}}]}<\/script>\n<!-- \/ Yoast SEO Premium plugin. -->","yoast_head_json":{"title":"The Holy Gosh Darn - Prismagamers.com","description":"A Holy Gosh Darn egy id\u0151utaz\u00f3s szerepj\u00e1t\u00e9k-kalandj\u00e1t\u00e9k. Vedd Cassiel, egy angyal szerep\u00e9t, akinek szembe kell n\u00e9znie a k\u00f6zelg\u0151 v\u00e9gzettel. Ugr\u00e1lj a m\u00falt \u00e9s a jelen k\u00f6z\u00f6tt, utazz a pokolban, a mennyorsz\u00e1gban \u00e9s Helheimben, hogy az egyik id\u0151s\u00edkban inform\u00e1ci\u00f3kat fedezz fel, a m\u00e1sikban pedig befoly\u00e1sold az esem\u00e9nyeket. Mindezt az\u00e9rt, hogy ism\u00e9t megmentsd az univerzumot a kataklizm\u00e1t\u00f3l!   \ud83c\udf0d Global \u2699\ufe0f Steam \ud83d\udddd digit\u00e1lis kulcs","robots":{"index":"index","follow":"follow","max-snippet":"max-snippet:-1","max-image-preview":"max-image-preview:large","max-video-preview":"max-video-preview:-1"},"canonical":"https:\/\/prismagamers.com\/hu\/produkt\/a-szent-istenverte\/","og_locale":"hu_HU","og_type":"article","og_title":"The Holy Gosh Darn","og_description":"A Holy Gosh Darn egy id\u0151utaz\u00f3s szerepj\u00e1t\u00e9k-kalandj\u00e1t\u00e9k. Vedd Cassiel, egy angyal szerep\u00e9t, akinek szembe kell n\u00e9znie a k\u00f6zelg\u0151 v\u00e9gzettel. Ugr\u00e1lj a m\u00falt \u00e9s a jelen k\u00f6z\u00f6tt, utazz a pokolban, a mennyorsz\u00e1gban \u00e9s Helheimben, hogy az egyik id\u0151s\u00edkban inform\u00e1ci\u00f3kat fedezz fel, a m\u00e1sikban pedig befoly\u00e1sold az esem\u00e9nyeket. Mindezt az\u00e9rt, hogy ism\u00e9t megmentsd az univerzumot a kataklizm\u00e1t\u00f3l!   \ud83c\udf0d Global \u2699\ufe0f Steam \ud83d\udddd digit\u00e1lis kulcs","og_url":"https:\/\/prismagamers.com\/hu\/produkt\/a-szent-istenverte\/","og_site_name":"Prismagamers.com","article_publisher":"https:\/\/www.facebook.com\/prismagamers","article_modified_time":"2026-03-04T23:00:51+00:00","og_image":[{"width":300,"height":450,"url":"https:\/\/prismagamers.com\/wp-content\/uploads\/2025\/01\/The-Holy-Gosh-Darn1-e1735746094532.jpg","type":"image\/jpeg"}],"twitter_card":"summary_large_image","twitter_misc":{"Becs\u00fclt olvas\u00e1si id\u0151":"2 perc"},"schema":{"@context":"https:\/\/schema.org","@graph":[{"@type":"WebPage","@id":"https:\/\/prismagamers.com\/hu\/produkt\/a-szent-istenverte\/","url":"https:\/\/prismagamers.com\/hu\/produkt\/a-szent-istenverte\/","name":"The Holy Gosh Darn - Prismagamers.com","isPartOf":{"@id":"https:\/\/prismagamers.com\/hu\/#website"},"primaryImageOfPage":{"@id":"https:\/\/prismagamers.com\/hu\/produkt\/a-szent-istenverte\/#primaryimage"},"image":{"@id":"https:\/\/prismagamers.com\/hu\/produkt\/a-szent-istenverte\/#primaryimage"},"thumbnailUrl":"https:\/\/prismagamers.com\/wp-content\/uploads\/2025\/01\/The-Holy-Gosh-Darn1-e1735746094532.jpg","datePublished":"2025-01-01T15:47:12+00:00","dateModified":"2026-03-04T23:00:51+00:00","description":"A Holy Gosh Darn egy id\u0151utaz\u00f3s szerepj\u00e1t\u00e9k-kalandj\u00e1t\u00e9k. Vedd Cassiel, egy angyal szerep\u00e9t, akinek szembe kell n\u00e9znie a k\u00f6zelg\u0151 v\u00e9gzettel. Ugr\u00e1lj a m\u00falt \u00e9s a jelen k\u00f6z\u00f6tt, utazz a pokolban, a mennyorsz\u00e1gban \u00e9s Helheimben, hogy az egyik id\u0151s\u00edkban inform\u00e1ci\u00f3kat fedezz fel, a m\u00e1sikban pedig befoly\u00e1sold az esem\u00e9nyeket. Mindezt az\u00e9rt, hogy ism\u00e9t megmentsd az univerzumot a kataklizm\u00e1t\u00f3l! \ud83c\udf0d Global \u2699\ufe0f Steam \ud83d\udddd digit\u00e1lis kulcs","breadcrumb":{"@id":"https:\/\/prismagamers.com\/hu\/produkt\/a-szent-istenverte\/#breadcrumb"},"inLanguage":"hu","potentialAction":[{"@type":"ReadAction","target":["https:\/\/prismagamers.com\/hu\/produkt\/a-szent-istenverte\/"]}]},{"@type":"ImageObject","inLanguage":"hu","@id":"https:\/\/prismagamers.com\/hu\/produkt\/a-szent-istenverte\/#primaryimage","url":"https:\/\/prismagamers.com\/wp-content\/uploads\/2025\/01\/The-Holy-Gosh-Darn1-e1735746094532.jpg","contentUrl":"https:\/\/prismagamers.com\/wp-content\/uploads\/2025\/01\/The-Holy-Gosh-Darn1-e1735746094532.jpg","width":300,"height":450},{"@type":"BreadcrumbList","@id":"https:\/\/prismagamers.com\/hu\/produkt\/a-szent-istenverte\/#breadcrumb","itemListElement":[{"@type":"ListItem","position":1,"name":"Strona g\u0142\u00f3wna","item":"https:\/\/prismagamers.com\/hu\/prismagamers\/"},{"@type":"ListItem","position":2,"name":"Shop","item":"https:\/\/prismagamers.com\/hu\/shop\/"},{"@type":"ListItem","position":3,"name":"The Holy Gosh Darn"}]},{"@type":"WebSite","@id":"https:\/\/prismagamers.com\/hu\/#website","url":"https:\/\/prismagamers.com\/hu\/","name":"Prismagamers","description":"Sklep z grami PC I Sklep klucze Steam","publisher":{"@id":"https:\/\/prismagamers.com\/hu\/#organization"},"potentialAction":[{"@type":"SearchAction","target":{"@type":"EntryPoint","urlTemplate":"https:\/\/prismagamers.com\/hu\/?s={search_term_string}"},"query-input":{"@type":"PropertyValueSpecification","valueRequired":true,"valueName":"search_term_string"}}],"inLanguage":"hu"},{"@type":"Organization","@id":"https:\/\/prismagamers.com\/hu\/#organization","name":"Prismagamers","url":"https:\/\/prismagamers.com\/hu\/","logo":{"@type":"ImageObject","inLanguage":"hu","@id":"https:\/\/prismagamers.com\/hu\/#\/schema\/logo\/image\/","url":"https:\/\/prismagamers.com\/wp-content\/uploads\/2022\/04\/cropped-logo-Prismagamers-01-scaled-1.jpg","contentUrl":"https:\/\/prismagamers.com\/wp-content\/uploads\/2022\/04\/cropped-logo-Prismagamers-01-scaled-1.jpg","width":512,"height":512,"caption":"Prismagamers"},"image":{"@id":"https:\/\/prismagamers.com\/hu\/#\/schema\/logo\/image\/"},"sameAs":["https:\/\/www.facebook.com\/prismagamers","https:\/\/www.instagram.com\/prismagamers_grycyfrowe\/"],"description":"Prismagamers.com to dynamiczny sklep z grami cyfrowymi, stworzony z my\u015bl\u0105 o entuzjastach gier wideo. Nasza strona oferuje szerok\u0105 gam\u0119 gier komputerowych, w tym najnowsze tytu\u0142y, dobrze znane klasyki oraz gry stworzone przez niezale\u017cne studia Ca\u0142y czas d\u0105\u017cymy do rozszerzenia naszej oferty. Do\u0142\u0105cz do nas i sta\u0144 si\u0119 cz\u0119\u015bci\u0105 naszej rosn\u0105cej spo\u0142eczno\u015bci graczy!","email":"shop@prismagamers.com","telephone":"48795541705","legalName":"East Caravan Maksym \u017bukow","foundingDate":"2012-05-10","vatID":"PL8943038612","taxID":"PL8943038612","numberOfEmployees":{"@type":"QuantitativeValue","minValue":"11","maxValue":"50"}}]}},"_links":{"self":[{"href":"https:\/\/prismagamers.com\/hu\/wp-json\/wp\/v2\/product\/35066","targetHints":{"allow":["GET"]}}],"collection":[{"href":"https:\/\/prismagamers.com\/hu\/wp-json\/wp\/v2\/product"}],"about":[{"href":"https:\/\/prismagamers.com\/hu\/wp-json\/wp\/v2\/types\/product"}],"wp:featuredmedia":[{"embeddable":true,"href":"https:\/\/prismagamers.com\/hu\/wp-json\/wp\/v2\/media\/33497"}],"wp:attachment":[{"href":"https:\/\/prismagamers.com\/hu\/wp-json\/wp\/v2\/media?parent=35066"}],"wp:term":[{"taxonomy":"product_brand","embeddable":true,"href":"https:\/\/prismagamers.com\/hu\/wp-json\/wp\/v2\/product_brand?post=35066"},{"taxonomy":"product_cat","embeddable":true,"href":"https:\/\/prismagamers.com\/hu\/wp-json\/wp\/v2\/product_cat?post=35066"},{"taxonomy":"product_tag","embeddable":true,"href":"https:\/\/prismagamers.com\/hu\/wp-json\/wp\/v2\/product_tag?post=35066"}],"curies":[{"name":"wp","href":"https:\/\/api.w.org\/{rel}","templated":true}]}}