{"id":35067,"date":"2024-05-02T23:41:21","date_gmt":"2024-05-02T21:41:21","guid":{"rendered":"https:\/\/prismagamers.com\/produkt\/hexguardian\/"},"modified":"2024-05-02T23:41:21","modified_gmt":"2024-05-02T21:41:21","slug":"hexguardian","status":"publish","type":"product","link":"https:\/\/prismagamers.com\/hu\/produkt\/hexguardian\/","title":{"rendered":"Hexguardian"},"content":{"rendered":"<div class=\"flex-1 overflow-hidden\">\n<div class=\"react-scroll-to-bottom--css-qqjoy-79elbk h-full\">\n<div class=\"react-scroll-to-bottom--css-qqjoy-1n7m0yu\">\n<div class=\"flex flex-col text-sm pb-9\">\n<div class=\"w-full text-token-text-primary\" dir=\"auto\" data-testid=\"conversation-turn-3\" data-scroll-anchor=\"true\">\n<div class=\"px-4 py-2 justify-center text-base md:gap-6 m-auto\">\n<div class=\"flex flex-1 text-base mx-auto gap-3 juice:gap-4 juice:md:gap-6 md:px-5 lg:px-1 xl:px-5 md:max-w-3xl lg:max-w-[40rem] xl:max-w-[48rem]\">\n<div class=\"relative flex w-full min-w-0 flex-col agent-turn\">\n<div class=\"flex-col gap-1 md:gap-3\">\n<div class=\"flex flex-grow flex-col max-w-full\">\n<div class=\"min-h-[20px] text-message flex flex-col items-start whitespace-pre-wrap break-words [.text-message+&amp;]:mt-5 overflow-x-auto gap-3\" dir=\"auto\" data-message-author-role=\"assistant\" data-message-id=\"a5c2d5f0-0e35-4acc-a182-a8f7829e7c37\">\n<div class=\"markdown prose w-full break-words dark:prose-invert light\">\n<p>\u00c9lvezd a j\u00e1t\u00e9k k\u00e9t k\u00fcl\u00f6nb\u00f6z\u0151 m\u00f3dj\u00e1t, a standard \u00e9s a kih\u00edv\u00e1s m\u00f3dot.<\/p>\n<p>Standard m\u00f3d &#8211; A standard m\u00f3dban egy kiterjedt technol\u00f3giai f\u00e1hoz f\u00e9rhetsz hozz\u00e1. A kor\u00e1bbi pr\u00f3b\u00e1lkoz\u00e1sok sor\u00e1n szerzett pontokkal \u00faj tornyokat, egys\u00e9geket, fejleszt\u00e9seket, csod\u00e1kat \u00e9s m\u00e9g sok m\u00e1st oldhatsz fel. \u00daj p\u00e1ly\u00e1kat \u00e9s neh\u00e9zs\u00e9gi be\u00e1ll\u00edt\u00e1sokat is feloldhatsz, ahogy haladsz el\u0151re a pr\u00f3b\u00e1id sor\u00e1n.  <\/p>\n<p>Kih\u00edv\u00e1s m\u00f3d &#8211; Fogadd el a hetente v\u00e1ltoz\u00f3 kih\u00edv\u00e1st. V\u00e1laszd ki a b\u00f3nuszokat, gazd\u00e1lkodj b\u00f6lcsen a korl\u00e1tozott er\u0151forr\u00e1saiddal, \u00e9s versenyezz a heti pontt\u00e1bl\u00e1zaton. <\/p>\n<p><strong>Alak\u00edtsd kir\u00e1lys\u00e1godat \u00e9s ir\u00e1ny\u00edtsd ellens\u00e9geid \u00fatj\u00e1t v\u00e9letlenszer\u0171en gener\u00e1lt hatsz\u00f6glet\u0171 lapk\u00e1kkal.<\/strong>  \u00d6lj meg ellens\u00e9geket, hogy hatsz\u00f6glet\u0171 t\u00e9rk\u00e9plapokat kapj, illeszd be ezeket a lapokat a megl\u00e9v\u0151 \u00fatvonalakba, hogy hosszabb \u00fatvonalakat hozz l\u00e9tre, jobb \u00e9p\u00fcletelhelyez\u00e9si lehet\u0151s\u00e9geket kapj, vagy z\u00e1rd be a hurkokat, hogy meg\u00e1ll\u00edtsd az ellens\u00e9g port\u00e1lokb\u00f3l val\u00f3 ki\u00e1raml\u00e1s\u00e1t.<\/p>\n<p><img decoding=\"async\" class=\"aligncenter\" src=\"https:\/\/cdn.cloudflare.steamstatic.com\/steam\/apps\/2381740\/extras\/Gif1.gif?t=1714647862\"><\/p>\n<p><strong>\u00c9p\u00edts tornyokat, toborozz seregeket \u00e9s tanulj var\u00e1zslatokat, hogy legy\u0151zd a sz\u00e1razf\u00f6ldi, tengeri \u00e9s l\u00e9gi ellens\u00e9get.<\/strong>  V\u00e1lassz strat\u00e9gi\u00e1t a kir\u00e1lys\u00e1god megv\u00e9d\u00e9s\u00e9re. \u00c9p\u00edts k\u00fcl\u00f6nf\u00e9le tornyokat, az egyszer\u0171 ny\u00edl- \u00e9s bombakil\u00f6v\u0151kt\u0151l kezdve a t\u0171z- \u00e9s j\u00e9gtornyokig. Toborozz kardforgat\u00f3kb\u00f3l, \u00edj\u00e1szokb\u00f3l \u00e9s m\u00e1sokb\u00f3l \u00e1ll\u00f3 seregeket, \u00e9s tanulj er\u0151teljes var\u00e1zslatokat, hogy lelass\u00edtsd \u00e9s megsebezd az ellens\u00e9get, amikor sz\u00e1razf\u00f6ldr\u0151l, tengerr\u0151l \u00e9s a leveg\u0151b\u0151l t\u00e1madnak!  <\/p>\n<p><img decoding=\"async\" class=\"aligncenter\" src=\"https:\/\/cdn.cloudflare.steamstatic.com\/steam\/apps\/2381740\/extras\/Gif2.gif?t=1714647862\"><\/p>\n<p><strong>\u00c9p\u00edts hatalmas csod\u00e1kat, hogy megford\u00edtsd a csata menet<\/strong>\u00e9t. \u00c9p\u00edts hatalmas csod\u00e1kat egyedi \u00e9s er\u0151s k\u00e9pess\u00e9gekkel, hogy megford\u00edtsd a csata menet\u00e9t. \u00c9p\u00edts t\u00e1mogat\u00f3 \u00e9p\u00fcleteket, p\u00e9ld\u00e1ul piacokat \u00e9s sz\u00e9lmalmokat, hogy extra aranyat keress, amib\u0151l jobb fegyvereket \u00e9s fejleszt\u00e9seket v\u00e1s\u00e1rolhatsz.  <\/p>\n<p><img decoding=\"async\" class=\"aligncenter\" src=\"https:\/\/cdn.cloudflare.steamstatic.com\/steam\/apps\/2381740\/extras\/Gif3.gif?t=1714647862\"><\/p>\n<p><strong>Haszn\u00e1lja ki a k\u00f6rnyezetet az el\u0151ny\u00e9re.<\/strong>  Haszn\u00e1ld ki a terepet \u00e9s a k\u00f6rnyezetet az el\u0151ny\u00f6dre, \u00e1ll\u00edtsd a tornyokat magasabbra, hogy n\u00f6veld a hat\u00f3t\u00e1vols\u00e1gukat a hegyi p\u00e1ly\u00e1kon, vagy ir\u00e1ny\u00edtsd az id\u0151j\u00e1r\u00e1st, hogy lelass\u00edtsd vagy megsebezd az ellens\u00e9get.<\/p>\n<p><img decoding=\"async\" class=\"aligncenter\" src=\"https:\/\/cdn.cloudflare.steamstatic.com\/steam\/apps\/2381740\/extras\/Gif5.gif?t=1714647862\"><\/p>\n<p><strong>Gy\u0151zd le a kih\u00edv\u00e1st jelent\u0151 f\u0151n\u00f6k\u00f6ket, \u00e9s kapj \u00e1ld\u00e1st<\/strong>. Gy\u0151zd le a f\u0151n\u00f6k\u00f6ket, hogy feloldhasd az \u00e1ld\u00e1sok sz\u00e9les sk\u00e1l\u00e1j\u00e1t, amivel t\u00f6bb aranyat kereshetsz, n\u00f6velheted a hat\u00f3t\u00e1vols\u00e1got \u00e9s a sebz\u00e9sv\u00e9delmet, n\u00f6velheted a var\u00e1zslatok erej\u00e9t \u00e9s m\u00e9g sok m\u00e1st. <\/p>\n<p>\u00c9lj t\u00fal min\u00e9l t\u00f6bb napot, hogy \u00faj p\u00e1ly\u00e1kat, \u00e9p\u00fcleteket, egys\u00e9geket, var\u00e1zslatokat \u00e9s csod\u00e1kat oldj fel. Szerezz csillagokat minden egyes t\u00fal\u00e9l\u00e9si nap\u00e9rt, majd haszn\u00e1ld fel \u0151ket \u00faj tornyok, egys\u00e9gek, var\u00e1zslatok, csod\u00e1k \u00e9s egy\u00e9b b\u00f3nuszok \u00e9s fejleszt\u00e9sek felold\u00e1s\u00e1ra. \u00c9lj t\u00fal el\u00e9g sok\u00e1ig, hogy \u00faj p\u00e1ly\u00e1kat \u00e9s neh\u00e9zs\u00e9gi fokozatokat oldj fel.  <\/p>\n<p><img decoding=\"async\" class=\"aligncenter\" src=\"https:\/\/cdn.cloudflare.steamstatic.com\/steam\/apps\/2381740\/extras\/Gif4.gif?t=1714647862\"><\/p>\n<\/div>\n<\/div>\n<\/div>\n<\/div>\n<\/div>\n<\/div>\n<\/div>\n<\/div>\n<\/div>\n<\/div>\n<\/div>\n<\/div>\n<div class=\"w-full pt-2 md:pt-0 dark:border-white\/20 md:border-transparent md:dark:border-transparent md:w-[calc(100%-.5rem)] juice:w-full\">\n<form class=\"stretch flex flex-row gap-3 last:mb-2 md:last:mb-6 mx-2 md:mx-4 lg:mx-auto lg:max-w-2xl xl:max-w-3xl\">\n<div class=\"relative flex h-full max-w-full flex-1 flex-col\">\n<div class=\"absolute bottom-full left-0 right-0\"><\/div>\n<div class=\"flex w-full items-center\">\n<div class=\"overflow-hidden [&amp;:has(textarea:focus)]:border-token-border-xheavy [&amp;:has(textarea:focus)]:shadow-[0_2px_6px_rgba(0,0,0,.05)] flex flex-col w-full flex-grow relative border dark:text-white rounded-2xl bg-token-main-surface-primary border-token-border-medium\"><\/div>\n<\/div>\n<\/div>\n<\/form>\n<\/div>\n","protected":false},"excerpt":{"rendered":"<div class=\"flex-1 overflow-hidden\">\n<div class=\"react-scroll-to-bottom--css-qqjoy-79elbk h-full\">\n<div class=\"react-scroll-to-bottom--css-qqjoy-1n7m0yu\">\n<div class=\"flex flex-col text-sm pb-9\">\n<div class=\"w-full text-token-text-primary\" dir=\"auto\" data-testid=\"conversation-turn-5\" data-scroll-anchor=\"true\">\n<div class=\"px-4 py-2 justify-center text-base md:gap-6 m-auto\">\n<div class=\"flex flex-1 text-base mx-auto gap-3 juice:gap-4 juice:md:gap-6 md:px-5 lg:px-1 xl:px-5 md:max-w-3xl lg:max-w-[40rem] xl:max-w-[48rem]\">\n<div class=\"relative flex w-full min-w-0 flex-col agent-turn\">\n<div class=\"flex-col gap-1 md:gap-3\">\n<div class=\"flex flex-grow flex-col max-w-full\">\n<div class=\"min-h-[20px] text-message flex flex-col items-start whitespace-pre-wrap break-words [.text-message+&amp;]:mt-5 overflow-x-auto gap-3\" dir=\"auto\" data-message-author-role=\"assistant\" data-message-id=\"c10e67a4-37c5-4441-85c9-fda086fa966c\">\n<div class=\"markdown prose w-full break-words dark:prose-invert light\">\n<p>A Hexguardian egy toronyv\u00e9delmi j\u00e1t\u00e9k roguelite elemekkel, ahol hatsz\u00f6glet\u0171 blokkokb\u00f3l magad hozod l\u00e9tre a p\u00e1ly\u00e1kat! \u00c9p\u00edts \u00e9s fejleszd a tornyokat, toborozz sereget, tanulj var\u00e1zslatokat, \u00e9p\u00edts csod\u00e1kat \u00e9s helyezz el blokkokat, hogy meger\u0151s\u00edtsd a v\u00e9delmedet. V\u00e1r r\u00e1d  <\/p>\n<p><img decoding=\"async\" class=\"emoji\" role=\"img\" src=\"https:\/\/s.w.org\/images\/core\/emoji\/14.0.0\/svg\/1f30d.svg\" alt=\"\ud83c\udf0d\">  Glob\u00e1lis<br \/>\n<img decoding=\"async\" class=\"emoji\" role=\"img\" src=\"https:\/\/s.w.org\/images\/core\/emoji\/14.0.0\/svg\/2699.svg\" alt=\"\u2699\ufe0f\">  G\u0151z<br \/>\n<img decoding=\"async\" class=\"emoji\" role=\"img\" src=\"https:\/\/s.w.org\/images\/core\/emoji\/14.0.0\/svg\/1f5dd.svg\" alt=\"\ud83d\udddd\">  Digit\u00e1lis kulcs<\/p>\n<\/div>\n<\/div>\n<\/div>\n<\/div>\n<\/div>\n<\/div>\n<\/div>\n<\/div>\n<\/div>\n<\/div>\n<\/div>\n<\/div>\n","protected":false},"featured_media":31322,"template":"","meta":{"_acf_changed":false,"site-sidebar-layout":"default","site-content-layout":"","ast-site-content-layout":"default","site-content-style":"default","site-sidebar-style":"default","ast-global-header-display":"","ast-banner-title-visibility":"","ast-main-header-display":"","ast-hfb-above-header-display":"","ast-hfb-below-header-display":"","ast-hfb-mobile-header-display":"","site-post-title":"","ast-breadcrumbs-content":"","ast-featured-img":"","footer-sml-layout":"","ast-disable-related-posts":"","theme-transparent-header-meta":"default","adv-header-id-meta":"","stick-header-meta":"","header-above-stick-meta":"","header-main-stick-meta":"","header-below-stick-meta":"","astra-migrate-meta-layouts":"default","ast-page-background-enabled":"default","ast-page-background-meta":{"desktop":{"background-color":"var(--ast-global-color-4)","background-image":"","background-repeat":"repeat","background-position":"center center","background-size":"auto","background-attachment":"scroll","background-type":"","background-media":"","overlay-type":"","overlay-color":"","overlay-opacity":"","overlay-gradient":""},"tablet":{"background-color":"","background-image":"","background-repeat":"repeat","background-position":"center center","background-size":"auto","background-attachment":"scroll","background-type":"","background-media":"","overlay-type":"","overlay-color":"","overlay-opacity":"","overlay-gradient":""},"mobile":{"background-color":"","background-image":"","background-repeat":"repeat","background-position":"center center","background-size":"auto","background-attachment":"scroll","background-type":"","background-media":"","overlay-type":"","overlay-color":"","overlay-opacity":"","overlay-gradient":""}},"ast-content-background-meta":{"desktop":{"background-color":"var(--ast-global-color-5)","background-image":"","background-repeat":"repeat","background-position":"center center","background-size":"auto","background-attachment":"scroll","background-type":"","background-media":"","overlay-type":"","overlay-color":"","overlay-opacity":"","overlay-gradient":""},"tablet":{"background-color":"var(--ast-global-color-5)","background-image":"","background-repeat":"repeat","background-position":"center center","background-size":"auto","background-attachment":"scroll","background-type":"","background-media":"","overlay-type":"","overlay-color":"","overlay-opacity":"","overlay-gradient":""},"mobile":{"background-color":"var(--ast-global-color-5)","background-image":"","background-repeat":"repeat","background-position":"center center","background-size":"auto","background-attachment":"scroll","background-type":"","background-media":"","overlay-type":"","overlay-color":"","overlay-opacity":"","overlay-gradient":""}}},"product_brand":[],"product_cat":[365,386,391],"product_tag":[],"class_list":{"0":"post-35067","1":"product","2":"type-product","3":"status-publish","4":"has-post-thumbnail","6":"product_cat-goz","7":"product_cat-strategiai-jatekok","8":"product_cat-yogscast-jatekok","9":"desktop-align-left","10":"tablet-align-left","11":"mobile-align-left","13":"first","14":"instock","15":"virtual","16":"purchasable","17":"product-type-simple"},"acf":[],"yoast_head":"<!-- This site is optimized with the Yoast SEO Premium plugin v27.4 (Yoast SEO v27.4) - https:\/\/yoast.com\/product\/yoast-seo-premium-wordpress\/ -->\n<title>Hexguardian - Prismagamers.com<\/title>\n<meta name=\"description\" content=\"A Hexguardian egy toronyv\u00e9delmi j\u00e1t\u00e9k roguelite elemekkel, ahol hatsz\u00f6glet\u0171 blokkokb\u00f3l magad hozod l\u00e9tre a p\u00e1ly\u00e1kat! \u00c9p\u00edts \u00e9s fejleszd a tornyokat, toborozz sereget, tanulj var\u00e1zslatokat, \u00e9p\u00edts csod\u00e1kat \u00e9s helyezz el blokkokat, hogy meger\u0151s\u00edtsd a v\u00e9delmedet. V\u00e1r r\u00e1d   Glob\u00e1lis  G\u0151z  Digit\u00e1lis kulcs\" \/>\n<meta name=\"robots\" content=\"index, follow, max-snippet:-1, max-image-preview:large, max-video-preview:-1\" \/>\n<link rel=\"canonical\" href=\"https:\/\/prismagamers.com\/hu\/produkt\/hexguardian\/\" \/>\n<meta property=\"og:locale\" content=\"hu_HU\" \/>\n<meta property=\"og:type\" content=\"article\" \/>\n<meta property=\"og:title\" content=\"Hexguardian\" \/>\n<meta property=\"og:description\" content=\"A Hexguardian egy toronyv\u00e9delmi j\u00e1t\u00e9k roguelite elemekkel, ahol hatsz\u00f6glet\u0171 blokkokb\u00f3l magad hozod l\u00e9tre a p\u00e1ly\u00e1kat! \u00c9p\u00edts \u00e9s fejleszd a tornyokat, toborozz sereget, tanulj var\u00e1zslatokat, \u00e9p\u00edts csod\u00e1kat \u00e9s helyezz el blokkokat, hogy meger\u0151s\u00edtsd a v\u00e9delmedet. V\u00e1r r\u00e1d   Glob\u00e1lis  G\u0151z  Digit\u00e1lis kulcs\" \/>\n<meta property=\"og:url\" content=\"https:\/\/prismagamers.com\/hu\/produkt\/hexguardian\/\" \/>\n<meta property=\"og:site_name\" content=\"Prismagamers.com\" \/>\n<meta property=\"article:publisher\" content=\"https:\/\/www.facebook.com\/prismagamers\" \/>\n<meta property=\"og:image\" content=\"https:\/\/prismagamers.com\/wp-content\/uploads\/2024\/04\/Hexguardian_Library_Capsule-e1714686037874.png\" \/>\n\t<meta property=\"og:image:width\" content=\"300\" \/>\n\t<meta property=\"og:image:height\" content=\"450\" \/>\n\t<meta property=\"og:image:type\" content=\"image\/png\" \/>\n<meta name=\"twitter:card\" content=\"summary_large_image\" \/>\n<meta name=\"twitter:label1\" content=\"Becs\u00fclt olvas\u00e1si id\u0151\" \/>\n\t<meta name=\"twitter:data1\" content=\"3 perc\" \/>\n<script type=\"application\/ld+json\" class=\"yoast-schema-graph\">{\"@context\":\"https:\\\/\\\/schema.org\",\"@graph\":[{\"@type\":\"WebPage\",\"@id\":\"https:\\\/\\\/prismagamers.com\\\/hu\\\/produkt\\\/hexguardian\\\/\",\"url\":\"https:\\\/\\\/prismagamers.com\\\/hu\\\/produkt\\\/hexguardian\\\/\",\"name\":\"Hexguardian - Prismagamers.com\",\"isPartOf\":{\"@id\":\"https:\\\/\\\/prismagamers.com\\\/hu\\\/#website\"},\"primaryImageOfPage\":{\"@id\":\"https:\\\/\\\/prismagamers.com\\\/hu\\\/produkt\\\/hexguardian\\\/#primaryimage\"},\"image\":{\"@id\":\"https:\\\/\\\/prismagamers.com\\\/hu\\\/produkt\\\/hexguardian\\\/#primaryimage\"},\"thumbnailUrl\":\"https:\\\/\\\/prismagamers.com\\\/wp-content\\\/uploads\\\/2024\\\/04\\\/Hexguardian_Library_Capsule-e1714686037874.png\",\"datePublished\":\"2024-05-02T21:41:21+00:00\",\"description\":\"A Hexguardian egy toronyv\u00e9delmi j\u00e1t\u00e9k roguelite elemekkel, ahol hatsz\u00f6glet\u0171 blokkokb\u00f3l magad hozod l\u00e9tre a p\u00e1ly\u00e1kat! \u00c9p\u00edts \u00e9s fejleszd a tornyokat, toborozz sereget, tanulj var\u00e1zslatokat, \u00e9p\u00edts csod\u00e1kat \u00e9s helyezz el blokkokat, hogy meger\u0151s\u00edtsd a v\u00e9delmedet. V\u00e1r r\u00e1d Glob\u00e1lis G\u0151z Digit\u00e1lis kulcs\",\"breadcrumb\":{\"@id\":\"https:\\\/\\\/prismagamers.com\\\/hu\\\/produkt\\\/hexguardian\\\/#breadcrumb\"},\"inLanguage\":\"hu\",\"potentialAction\":[{\"@type\":\"ReadAction\",\"target\":[\"https:\\\/\\\/prismagamers.com\\\/hu\\\/produkt\\\/hexguardian\\\/\"]}]},{\"@type\":\"ImageObject\",\"inLanguage\":\"hu\",\"@id\":\"https:\\\/\\\/prismagamers.com\\\/hu\\\/produkt\\\/hexguardian\\\/#primaryimage\",\"url\":\"https:\\\/\\\/prismagamers.com\\\/wp-content\\\/uploads\\\/2024\\\/04\\\/Hexguardian_Library_Capsule-e1714686037874.png\",\"contentUrl\":\"https:\\\/\\\/prismagamers.com\\\/wp-content\\\/uploads\\\/2024\\\/04\\\/Hexguardian_Library_Capsule-e1714686037874.png\",\"width\":300,\"height\":450},{\"@type\":\"BreadcrumbList\",\"@id\":\"https:\\\/\\\/prismagamers.com\\\/hu\\\/produkt\\\/hexguardian\\\/#breadcrumb\",\"itemListElement\":[{\"@type\":\"ListItem\",\"position\":1,\"name\":\"Strona g\u0142\u00f3wna\",\"item\":\"https:\\\/\\\/prismagamers.com\\\/hu\\\/prismagamers\\\/\"},{\"@type\":\"ListItem\",\"position\":2,\"name\":\"Shop\",\"item\":\"https:\\\/\\\/prismagamers.com\\\/hu\\\/shop\\\/\"},{\"@type\":\"ListItem\",\"position\":3,\"name\":\"Hexguardian\"}]},{\"@type\":\"WebSite\",\"@id\":\"https:\\\/\\\/prismagamers.com\\\/hu\\\/#website\",\"url\":\"https:\\\/\\\/prismagamers.com\\\/hu\\\/\",\"name\":\"Prismagamers\",\"description\":\"Sklep z grami PC I Sklep klucze Steam\",\"publisher\":{\"@id\":\"https:\\\/\\\/prismagamers.com\\\/hu\\\/#organization\"},\"potentialAction\":[{\"@type\":\"SearchAction\",\"target\":{\"@type\":\"EntryPoint\",\"urlTemplate\":\"https:\\\/\\\/prismagamers.com\\\/hu\\\/?s={search_term_string}\"},\"query-input\":{\"@type\":\"PropertyValueSpecification\",\"valueRequired\":true,\"valueName\":\"search_term_string\"}}],\"inLanguage\":\"hu\"},{\"@type\":\"Organization\",\"@id\":\"https:\\\/\\\/prismagamers.com\\\/hu\\\/#organization\",\"name\":\"Prismagamers\",\"url\":\"https:\\\/\\\/prismagamers.com\\\/hu\\\/\",\"logo\":{\"@type\":\"ImageObject\",\"inLanguage\":\"hu\",\"@id\":\"https:\\\/\\\/prismagamers.com\\\/hu\\\/#\\\/schema\\\/logo\\\/image\\\/\",\"url\":\"https:\\\/\\\/prismagamers.com\\\/wp-content\\\/uploads\\\/2022\\\/04\\\/cropped-logo-Prismagamers-01-scaled-1.jpg\",\"contentUrl\":\"https:\\\/\\\/prismagamers.com\\\/wp-content\\\/uploads\\\/2022\\\/04\\\/cropped-logo-Prismagamers-01-scaled-1.jpg\",\"width\":512,\"height\":512,\"caption\":\"Prismagamers\"},\"image\":{\"@id\":\"https:\\\/\\\/prismagamers.com\\\/hu\\\/#\\\/schema\\\/logo\\\/image\\\/\"},\"sameAs\":[\"https:\\\/\\\/www.facebook.com\\\/prismagamers\",\"https:\\\/\\\/www.instagram.com\\\/prismagamers_grycyfrowe\\\/\"],\"description\":\"Prismagamers.com to dynamiczny sklep z grami cyfrowymi, stworzony z my\u015bl\u0105 o entuzjastach gier wideo. Nasza strona oferuje szerok\u0105 gam\u0119 gier komputerowych, w tym najnowsze tytu\u0142y, dobrze znane klasyki oraz gry stworzone przez niezale\u017cne studia Ca\u0142y czas d\u0105\u017cymy do rozszerzenia naszej oferty. Do\u0142\u0105cz do nas i sta\u0144 si\u0119 cz\u0119\u015bci\u0105 naszej rosn\u0105cej spo\u0142eczno\u015bci graczy!\",\"email\":\"shop@prismagamers.com\",\"telephone\":\"48795541705\",\"legalName\":\"East Caravan Maksym \u017bukow\",\"foundingDate\":\"2012-05-10\",\"vatID\":\"PL8943038612\",\"taxID\":\"PL8943038612\",\"numberOfEmployees\":{\"@type\":\"QuantitativeValue\",\"minValue\":\"11\",\"maxValue\":\"50\"}}]}<\/script>\n<!-- \/ Yoast SEO Premium plugin. -->","yoast_head_json":{"title":"Hexguardian - Prismagamers.com","description":"A Hexguardian egy toronyv\u00e9delmi j\u00e1t\u00e9k roguelite elemekkel, ahol hatsz\u00f6glet\u0171 blokkokb\u00f3l magad hozod l\u00e9tre a p\u00e1ly\u00e1kat! \u00c9p\u00edts \u00e9s fejleszd a tornyokat, toborozz sereget, tanulj var\u00e1zslatokat, \u00e9p\u00edts csod\u00e1kat \u00e9s helyezz el blokkokat, hogy meger\u0151s\u00edtsd a v\u00e9delmedet. V\u00e1r r\u00e1d   Glob\u00e1lis  G\u0151z  Digit\u00e1lis kulcs","robots":{"index":"index","follow":"follow","max-snippet":"max-snippet:-1","max-image-preview":"max-image-preview:large","max-video-preview":"max-video-preview:-1"},"canonical":"https:\/\/prismagamers.com\/hu\/produkt\/hexguardian\/","og_locale":"hu_HU","og_type":"article","og_title":"Hexguardian","og_description":"A Hexguardian egy toronyv\u00e9delmi j\u00e1t\u00e9k roguelite elemekkel, ahol hatsz\u00f6glet\u0171 blokkokb\u00f3l magad hozod l\u00e9tre a p\u00e1ly\u00e1kat! \u00c9p\u00edts \u00e9s fejleszd a tornyokat, toborozz sereget, tanulj var\u00e1zslatokat, \u00e9p\u00edts csod\u00e1kat \u00e9s helyezz el blokkokat, hogy meger\u0151s\u00edtsd a v\u00e9delmedet. V\u00e1r r\u00e1d   Glob\u00e1lis  G\u0151z  Digit\u00e1lis kulcs","og_url":"https:\/\/prismagamers.com\/hu\/produkt\/hexguardian\/","og_site_name":"Prismagamers.com","article_publisher":"https:\/\/www.facebook.com\/prismagamers","og_image":[{"width":300,"height":450,"url":"https:\/\/prismagamers.com\/wp-content\/uploads\/2024\/04\/Hexguardian_Library_Capsule-e1714686037874.png","type":"image\/png"}],"twitter_card":"summary_large_image","twitter_misc":{"Becs\u00fclt olvas\u00e1si id\u0151":"3 perc"},"schema":{"@context":"https:\/\/schema.org","@graph":[{"@type":"WebPage","@id":"https:\/\/prismagamers.com\/hu\/produkt\/hexguardian\/","url":"https:\/\/prismagamers.com\/hu\/produkt\/hexguardian\/","name":"Hexguardian - Prismagamers.com","isPartOf":{"@id":"https:\/\/prismagamers.com\/hu\/#website"},"primaryImageOfPage":{"@id":"https:\/\/prismagamers.com\/hu\/produkt\/hexguardian\/#primaryimage"},"image":{"@id":"https:\/\/prismagamers.com\/hu\/produkt\/hexguardian\/#primaryimage"},"thumbnailUrl":"https:\/\/prismagamers.com\/wp-content\/uploads\/2024\/04\/Hexguardian_Library_Capsule-e1714686037874.png","datePublished":"2024-05-02T21:41:21+00:00","description":"A Hexguardian egy toronyv\u00e9delmi j\u00e1t\u00e9k roguelite elemekkel, ahol hatsz\u00f6glet\u0171 blokkokb\u00f3l magad hozod l\u00e9tre a p\u00e1ly\u00e1kat! \u00c9p\u00edts \u00e9s fejleszd a tornyokat, toborozz sereget, tanulj var\u00e1zslatokat, \u00e9p\u00edts csod\u00e1kat \u00e9s helyezz el blokkokat, hogy meger\u0151s\u00edtsd a v\u00e9delmedet. V\u00e1r r\u00e1d Glob\u00e1lis G\u0151z Digit\u00e1lis kulcs","breadcrumb":{"@id":"https:\/\/prismagamers.com\/hu\/produkt\/hexguardian\/#breadcrumb"},"inLanguage":"hu","potentialAction":[{"@type":"ReadAction","target":["https:\/\/prismagamers.com\/hu\/produkt\/hexguardian\/"]}]},{"@type":"ImageObject","inLanguage":"hu","@id":"https:\/\/prismagamers.com\/hu\/produkt\/hexguardian\/#primaryimage","url":"https:\/\/prismagamers.com\/wp-content\/uploads\/2024\/04\/Hexguardian_Library_Capsule-e1714686037874.png","contentUrl":"https:\/\/prismagamers.com\/wp-content\/uploads\/2024\/04\/Hexguardian_Library_Capsule-e1714686037874.png","width":300,"height":450},{"@type":"BreadcrumbList","@id":"https:\/\/prismagamers.com\/hu\/produkt\/hexguardian\/#breadcrumb","itemListElement":[{"@type":"ListItem","position":1,"name":"Strona g\u0142\u00f3wna","item":"https:\/\/prismagamers.com\/hu\/prismagamers\/"},{"@type":"ListItem","position":2,"name":"Shop","item":"https:\/\/prismagamers.com\/hu\/shop\/"},{"@type":"ListItem","position":3,"name":"Hexguardian"}]},{"@type":"WebSite","@id":"https:\/\/prismagamers.com\/hu\/#website","url":"https:\/\/prismagamers.com\/hu\/","name":"Prismagamers","description":"Sklep z grami PC I Sklep klucze Steam","publisher":{"@id":"https:\/\/prismagamers.com\/hu\/#organization"},"potentialAction":[{"@type":"SearchAction","target":{"@type":"EntryPoint","urlTemplate":"https:\/\/prismagamers.com\/hu\/?s={search_term_string}"},"query-input":{"@type":"PropertyValueSpecification","valueRequired":true,"valueName":"search_term_string"}}],"inLanguage":"hu"},{"@type":"Organization","@id":"https:\/\/prismagamers.com\/hu\/#organization","name":"Prismagamers","url":"https:\/\/prismagamers.com\/hu\/","logo":{"@type":"ImageObject","inLanguage":"hu","@id":"https:\/\/prismagamers.com\/hu\/#\/schema\/logo\/image\/","url":"https:\/\/prismagamers.com\/wp-content\/uploads\/2022\/04\/cropped-logo-Prismagamers-01-scaled-1.jpg","contentUrl":"https:\/\/prismagamers.com\/wp-content\/uploads\/2022\/04\/cropped-logo-Prismagamers-01-scaled-1.jpg","width":512,"height":512,"caption":"Prismagamers"},"image":{"@id":"https:\/\/prismagamers.com\/hu\/#\/schema\/logo\/image\/"},"sameAs":["https:\/\/www.facebook.com\/prismagamers","https:\/\/www.instagram.com\/prismagamers_grycyfrowe\/"],"description":"Prismagamers.com to dynamiczny sklep z grami cyfrowymi, stworzony z my\u015bl\u0105 o entuzjastach gier wideo. Nasza strona oferuje szerok\u0105 gam\u0119 gier komputerowych, w tym najnowsze tytu\u0142y, dobrze znane klasyki oraz gry stworzone przez niezale\u017cne studia Ca\u0142y czas d\u0105\u017cymy do rozszerzenia naszej oferty. Do\u0142\u0105cz do nas i sta\u0144 si\u0119 cz\u0119\u015bci\u0105 naszej rosn\u0105cej spo\u0142eczno\u015bci graczy!","email":"shop@prismagamers.com","telephone":"48795541705","legalName":"East Caravan Maksym \u017bukow","foundingDate":"2012-05-10","vatID":"PL8943038612","taxID":"PL8943038612","numberOfEmployees":{"@type":"QuantitativeValue","minValue":"11","maxValue":"50"}}]}},"_links":{"self":[{"href":"https:\/\/prismagamers.com\/hu\/wp-json\/wp\/v2\/product\/35067","targetHints":{"allow":["GET"]}}],"collection":[{"href":"https:\/\/prismagamers.com\/hu\/wp-json\/wp\/v2\/product"}],"about":[{"href":"https:\/\/prismagamers.com\/hu\/wp-json\/wp\/v2\/types\/product"}],"wp:featuredmedia":[{"embeddable":true,"href":"https:\/\/prismagamers.com\/hu\/wp-json\/wp\/v2\/media\/31322"}],"wp:attachment":[{"href":"https:\/\/prismagamers.com\/hu\/wp-json\/wp\/v2\/media?parent=35067"}],"wp:term":[{"taxonomy":"product_brand","embeddable":true,"href":"https:\/\/prismagamers.com\/hu\/wp-json\/wp\/v2\/product_brand?post=35067"},{"taxonomy":"product_cat","embeddable":true,"href":"https:\/\/prismagamers.com\/hu\/wp-json\/wp\/v2\/product_cat?post=35067"},{"taxonomy":"product_tag","embeddable":true,"href":"https:\/\/prismagamers.com\/hu\/wp-json\/wp\/v2\/product_tag?post=35067"}],"curies":[{"name":"wp","href":"https:\/\/api.w.org\/{rel}","templated":true}]}}