{"id":35070,"date":"2025-02-08T17:54:26","date_gmt":"2025-02-08T16:54:26","guid":{"rendered":"https:\/\/prismagamers.com\/produkt\/calico\/"},"modified":"2026-03-05T00:00:40","modified_gmt":"2026-03-04T23:00:40","slug":"calico","status":"publish","type":"product","link":"https:\/\/prismagamers.com\/hu\/produkt\/calico\/","title":{"rendered":"Calico"},"content":{"rendered":"<p>A <strong>Calico<\/strong> egy im\u00e1dnival\u00f3, egynapos szimul\u00e1ci\u00f3s j\u00e1t\u00e9k, ahol az a fontos \u00e9s \u00e9des feladat v\u00e1r r\u00e1d, hogy \u00fajj\u00e1\u00e9p\u00edts egy macskak\u00e1v\u00e9z\u00f3t, \u00e9s t\u00f6ltsd meg im\u00e1dnival\u00f3, b\u00faj\u00f3s h\u00e1zi\u00e1llatokkal! Teremtsd meg a t\u00f6k\u00e9letes teret im\u00e1dnival\u00f3 b\u00fatorokkal, m\u00f3k\u00e1s dekor\u00e1ci\u00f3kkal \u00e9s finom p\u00e9ks\u00fctem\u00e9nyekkel, hogy \u00fajra \u00e9letre keltsd a k\u00e1v\u00e9z\u00f3t, \u00e9s megt\u00f6ltsd h\u00e1zi\u00e1llatokkal! <\/p>\n<p>A <strong>Calico<\/strong> egy olyan j\u00e1t\u00e9k, amelyet \u00fagy terveztek, hogy meleg \u00e9s meghitt \u00e9rz\u00e9st keltsen benned. A j\u00e1t\u00e9kmenet ezt t\u00fckr\u00f6zi a felfedez\u00e9s \u00e9s a j\u00e1t\u00e9k laza, nyugodt \u00e9s kreat\u00edv l\u00e9gk\u00f6r\u00e9n kereszt\u00fcl. <\/p>\n<hr>\n<h6><strong>Karakter l\u00e9trehoz\u00e1sa<\/strong><\/h6>\n<p>\ud83e\uddd9\u200d\u2640\ufe0f A <strong>Calico-ban<\/strong> l\u00e9trehozhatod a saj\u00e1t var\u00e1zslatos karakteredet, akin kereszt\u00fcl megtapasztalhatod ezt a b\u00e1jos vil\u00e1got. A j\u00e1t\u00e9k sor\u00e1n sz\u00e1mos k\u00fcl\u00f6nb\u00f6z\u0151 ruhadarabot tal\u00e1lsz \u00e9s oldasz fel, amelyek seg\u00edts\u00e9g\u00e9vel a karaktered megjelen\u00e9s\u00e9t a saj\u00e1t \u00edzl\u00e9sedre szabhatod! <\/p>\n<hr>\n<h6><strong>Minden \u00e1llat interakt\u00edv!<\/strong><\/h6>\n<p>\ud83d\udc3e A <strong>Calico<\/strong> vil\u00e1g\u00e1ban sz\u00e1mos \u00e1llattal tal\u00e1lkozhatsz. Amint \u00f6sszebar\u00e1tkozol vel\u00fck, nevet adhatsz nekik, felveheted \u0151ket a csapatodba, vagy elk\u00fcldheted \u0151ket \u00faj otthonukba, a k\u00e1v\u00e9z\u00f3ba. A csapatodban l\u00e9v\u0151 h\u00e1zi\u00e1llatok mindenhov\u00e1 k\u00f6vetni fognak t\u00e9ged, \u00e9s hallgatnak a parancsaidra, m\u00edg a k\u00e1v\u00e9z\u00f3ban l\u00e9v\u0151 \u00e1llatok pihennek \u00e9s j\u00e1tszanak az idel\u00e1togat\u00f3 vend\u00e9gekkel.  <\/p>\n<hr>\n<h6><strong>Egy k\u00e1v\u00e9z\u00f3 d\u00edsz\u00edt\u00e9se<\/strong><\/h6>\n<p>\ud83c\udfe1 Az \u00d6n feladata, hogy a k\u00e1v\u00e9z\u00f3 r\u00e9gi f\u00e9ny\u00e9t visszaadja. De nem csak macsk\u00e1kat \u00e9s m\u00e1s h\u00e1zi\u00e1llatokat kell behoznod &#8211; a bels\u0151 teret is berendezheted, k\u00fcl\u00f6nb\u00f6z\u0151 st\u00edlus\u00fa b\u00fatorokat v\u00e1laszthatsz, hogy hangulatos mened\u00e9ket teremts magadnak \u00e9s v\u00e9denceidnek! <\/p>\n<hr>\n<h6><strong>Mini f\u0151z\u0151s j\u00e1t\u00e9k<\/strong><\/h6>\n<p>\ud83c\udf70 N\u00f6veld a k\u00e1v\u00e9z\u00f3dat azzal, hogy finom p\u00e9ks\u00fctem\u00e9nyeket \u00e9s italokat k\u00e9sz\u00edtesz a lak\u00f3knak! Ismerd meg szomsz\u00e9daid \u00edzl\u00e9s\u00e9t \u00e9s kedvenc \u00edzeit, hogy felszolg\u00e1lhasd nekik \u00e1lmaik finoms\u00e1gait! <\/p>\n<hr>\n<h6><strong>Calico var\u00e1zslat<\/strong><\/h6>\n<p>\u2728 A <strong>Calico<\/strong> j\u00e1t\u00e9kban nincsenek korl\u00e1tok, hogy \u00e9lvezd a j\u00e1t\u00e9kot! A var\u00e1zsitalok seg\u00edts\u00e9g\u00e9vel meghajl\u00edthatod a val\u00f3s\u00e1g szab\u00e1lyait, \u00e9s felfedezheted a vil\u00e1ggal val\u00f3 interakci\u00f3 legsz\u00f3rakoztat\u00f3bb m\u00f3djait. P\u00e9ld\u00e1ul a <strong>&#8222;M\u00e9g t\u00f6bb simogat\u00e1s<\/strong> &#8221; b\u00e1jital lehet\u0151v\u00e9 teszi, hogy egy \u00e1llatot \u00f3ri\u00e1ss\u00e1 v\u00e1ltoztass! \u00cdgy j\u00e1tszhatsz egy \u00f3ri\u00e1smacsk\u00e1val&#8230; \u00e9s m\u00e9g meg is lovagolhatod!   <\/p>\n","protected":false},"excerpt":{"rendered":"<p class=\"ai-optimize-23\">A <strong>Calico<\/strong> egy im\u00e1dnival\u00f3, egynapos szimul\u00e1ci\u00f3s j\u00e1t\u00e9k, ahol az a fontos \u00e9s \u00e9des feladat v\u00e1r r\u00e1d, hogy \u00fajj\u00e1\u00e9p\u00edts egy macskak\u00e1v\u00e9z\u00f3t, \u00e9s t\u00f6ltsd meg im\u00e1dnival\u00f3, b\u00faj\u00f3s h\u00e1zi\u00e1llatokkal! Teremtsd meg a t\u00f6k\u00e9letes teret im\u00e1dnival\u00f3 b\u00fatorokkal, m\u00f3k\u00e1s dekor\u00e1ci\u00f3kkal \u00e9s finom p\u00e9ks\u00fctem\u00e9nyekkel, hogy \u00fajra \u00e9letre keltsd a k\u00e1v\u00e9z\u00f3t, \u00e9s \u00e9lettel teliv\u00e9 var\u00e1zsold az \u00e1llatokkal! <\/p>\n<p class=\"ai-optimize-24\">\ud83c\udf0d Glob\u00e1lis<br \/>\n\u2699\ufe0f Steam<br \/>\n\ud83d\udddd Digit\u00e1lis kulcs<\/p>\n","protected":false},"featured_media":33865,"template":"","meta":{"_acf_changed":false,"site-sidebar-layout":"default","site-content-layout":"","ast-site-content-layout":"default","site-content-style":"default","site-sidebar-style":"default","ast-global-header-display":"","ast-banner-title-visibility":"","ast-main-header-display":"","ast-hfb-above-header-display":"","ast-hfb-below-header-display":"","ast-hfb-mobile-header-display":"","site-post-title":"","ast-breadcrumbs-content":"","ast-featured-img":"","footer-sml-layout":"","ast-disable-related-posts":"","theme-transparent-header-meta":"default","adv-header-id-meta":"","stick-header-meta":"","header-above-stick-meta":"","header-main-stick-meta":"","header-below-stick-meta":"","astra-migrate-meta-layouts":"default","ast-page-background-enabled":"default","ast-page-background-meta":{"desktop":{"background-color":"var(--ast-global-color-4)","background-image":"","background-repeat":"repeat","background-position":"center center","background-size":"auto","background-attachment":"scroll","background-type":"","background-media":"","overlay-type":"","overlay-color":"","overlay-opacity":"","overlay-gradient":""},"tablet":{"background-color":"","background-image":"","background-repeat":"repeat","background-position":"center center","background-size":"auto","background-attachment":"scroll","background-type":"","background-media":"","overlay-type":"","overlay-color":"","overlay-opacity":"","overlay-gradient":""},"mobile":{"background-color":"","background-image":"","background-repeat":"repeat","background-position":"center center","background-size":"auto","background-attachment":"scroll","background-type":"","background-media":"","overlay-type":"","overlay-color":"","overlay-opacity":"","overlay-gradient":""}},"ast-content-background-meta":{"desktop":{"background-color":"var(--ast-global-color-5)","background-image":"","background-repeat":"repeat","background-position":"center center","background-size":"auto","background-attachment":"scroll","background-type":"","background-media":"","overlay-type":"","overlay-color":"","overlay-opacity":"","overlay-gradient":""},"tablet":{"background-color":"var(--ast-global-color-5)","background-image":"","background-repeat":"repeat","background-position":"center center","background-size":"auto","background-attachment":"scroll","background-type":"","background-media":"","overlay-type":"","overlay-color":"","overlay-opacity":"","overlay-gradient":""},"mobile":{"background-color":"var(--ast-global-color-5)","background-image":"","background-repeat":"repeat","background-position":"center center","background-size":"auto","background-attachment":"scroll","background-type":"","background-media":"","overlay-type":"","overlay-color":"","overlay-opacity":"","overlay-gradient":""}}},"product_brand":[],"product_cat":[381,369,363,367,364,393],"product_tag":[],"class_list":{"0":"post-35070","1":"product","2":"type-product","3":"status-publish","4":"has-post-thumbnail","6":"product_cat-csaladi-jatekok","7":"product_cat-csarnokok","8":"product_cat-kaland-jatekok","9":"product_cat-pc-jatekok","10":"product_cat-rpg-k","11":"product_cat-whitethorn-jatekok","12":"desktop-align-left","13":"tablet-align-left","14":"mobile-align-left","16":"first","17":"instock","18":"virtual","19":"purchasable","20":"product-type-simple"},"acf":[],"yoast_head":"<!-- This site is optimized with the Yoast SEO Premium plugin v27.4 (Yoast SEO v27.4) - https:\/\/yoast.com\/product\/yoast-seo-premium-wordpress\/ -->\n<title>Calico - Prismagamers.com<\/title>\n<meta name=\"description\" content=\"A Calico egy im\u00e1dnival\u00f3, egynapos szimul\u00e1ci\u00f3s j\u00e1t\u00e9k, ahol az a fontos \u00e9s \u00e9des feladat v\u00e1r r\u00e1d, hogy \u00fajj\u00e1\u00e9p\u00edts egy macskak\u00e1v\u00e9z\u00f3t, \u00e9s t\u00f6ltsd meg im\u00e1dnival\u00f3, b\u00faj\u00f3s h\u00e1zi\u00e1llatokkal! Teremtsd meg a t\u00f6k\u00e9letes teret im\u00e1dnival\u00f3 b\u00fatorokkal, m\u00f3k\u00e1s dekor\u00e1ci\u00f3kkal \u00e9s finom p\u00e9ks\u00fctem\u00e9nyekkel, hogy \u00fajra \u00e9letre keltsd a k\u00e1v\u00e9z\u00f3t, \u00e9s \u00e9lettel teliv\u00e9 var\u00e1zsold az \u00e1llatokkal! \ud83c\udf0d Glob\u00e1lis \u2699\ufe0f Steam \ud83d\udddd Digit\u00e1lis kulcs\" \/>\n<meta name=\"robots\" content=\"index, follow, max-snippet:-1, max-image-preview:large, max-video-preview:-1\" \/>\n<link rel=\"canonical\" href=\"https:\/\/prismagamers.com\/hu\/produkt\/calico\/\" \/>\n<meta property=\"og:locale\" content=\"hu_HU\" \/>\n<meta property=\"og:type\" content=\"article\" \/>\n<meta property=\"og:title\" content=\"Calico\" \/>\n<meta property=\"og:description\" content=\"A Calico egy im\u00e1dnival\u00f3, egynapos szimul\u00e1ci\u00f3s j\u00e1t\u00e9k, ahol az a fontos \u00e9s \u00e9des feladat v\u00e1r r\u00e1d, hogy \u00fajj\u00e1\u00e9p\u00edts egy macskak\u00e1v\u00e9z\u00f3t, \u00e9s t\u00f6ltsd meg im\u00e1dnival\u00f3, b\u00faj\u00f3s h\u00e1zi\u00e1llatokkal! Teremtsd meg a t\u00f6k\u00e9letes teret im\u00e1dnival\u00f3 b\u00fatorokkal, m\u00f3k\u00e1s dekor\u00e1ci\u00f3kkal \u00e9s finom p\u00e9ks\u00fctem\u00e9nyekkel, hogy \u00fajra \u00e9letre keltsd a k\u00e1v\u00e9z\u00f3t, \u00e9s \u00e9lettel teliv\u00e9 var\u00e1zsold az \u00e1llatokkal! \ud83c\udf0d Glob\u00e1lis \u2699\ufe0f Steam \ud83d\udddd Digit\u00e1lis kulcs\" \/>\n<meta property=\"og:url\" content=\"https:\/\/prismagamers.com\/hu\/produkt\/calico\/\" \/>\n<meta property=\"og:site_name\" content=\"Prismagamers.com\" \/>\n<meta property=\"article:publisher\" content=\"https:\/\/www.facebook.com\/prismagamers\" \/>\n<meta property=\"article:modified_time\" content=\"2026-03-04T23:00:40+00:00\" \/>\n<meta property=\"og:image\" content=\"https:\/\/prismagamers.com\/wp-content\/uploads\/2025\/02\/calicoboxshot600x900-e1739033483435.png\" \/>\n\t<meta property=\"og:image:width\" content=\"300\" \/>\n\t<meta property=\"og:image:height\" content=\"450\" \/>\n\t<meta property=\"og:image:type\" content=\"image\/png\" \/>\n<meta name=\"twitter:card\" content=\"summary_large_image\" \/>\n<meta name=\"twitter:label1\" content=\"Becs\u00fclt olvas\u00e1si id\u0151\" \/>\n\t<meta name=\"twitter:data1\" content=\"2 perc\" \/>\n<script type=\"application\/ld+json\" class=\"yoast-schema-graph\">{\"@context\":\"https:\\\/\\\/schema.org\",\"@graph\":[{\"@type\":\"WebPage\",\"@id\":\"https:\\\/\\\/prismagamers.com\\\/hu\\\/produkt\\\/calico\\\/\",\"url\":\"https:\\\/\\\/prismagamers.com\\\/hu\\\/produkt\\\/calico\\\/\",\"name\":\"Calico - Prismagamers.com\",\"isPartOf\":{\"@id\":\"https:\\\/\\\/prismagamers.com\\\/hu\\\/#website\"},\"primaryImageOfPage\":{\"@id\":\"https:\\\/\\\/prismagamers.com\\\/hu\\\/produkt\\\/calico\\\/#primaryimage\"},\"image\":{\"@id\":\"https:\\\/\\\/prismagamers.com\\\/hu\\\/produkt\\\/calico\\\/#primaryimage\"},\"thumbnailUrl\":\"https:\\\/\\\/prismagamers.com\\\/wp-content\\\/uploads\\\/2025\\\/02\\\/calicoboxshot600x900-e1739033483435.png\",\"datePublished\":\"2025-02-08T16:54:26+00:00\",\"dateModified\":\"2026-03-04T23:00:40+00:00\",\"description\":\"A Calico egy im\u00e1dnival\u00f3, egynapos szimul\u00e1ci\u00f3s j\u00e1t\u00e9k, ahol az a fontos \u00e9s \u00e9des feladat v\u00e1r r\u00e1d, hogy \u00fajj\u00e1\u00e9p\u00edts egy macskak\u00e1v\u00e9z\u00f3t, \u00e9s t\u00f6ltsd meg im\u00e1dnival\u00f3, b\u00faj\u00f3s h\u00e1zi\u00e1llatokkal! Teremtsd meg a t\u00f6k\u00e9letes teret im\u00e1dnival\u00f3 b\u00fatorokkal, m\u00f3k\u00e1s dekor\u00e1ci\u00f3kkal \u00e9s finom p\u00e9ks\u00fctem\u00e9nyekkel, hogy \u00fajra \u00e9letre keltsd a k\u00e1v\u00e9z\u00f3t, \u00e9s \u00e9lettel teliv\u00e9 var\u00e1zsold az \u00e1llatokkal! \ud83c\udf0d Glob\u00e1lis \u2699\ufe0f Steam \ud83d\udddd Digit\u00e1lis kulcs\",\"breadcrumb\":{\"@id\":\"https:\\\/\\\/prismagamers.com\\\/hu\\\/produkt\\\/calico\\\/#breadcrumb\"},\"inLanguage\":\"hu\",\"potentialAction\":[{\"@type\":\"ReadAction\",\"target\":[\"https:\\\/\\\/prismagamers.com\\\/hu\\\/produkt\\\/calico\\\/\"]}]},{\"@type\":\"ImageObject\",\"inLanguage\":\"hu\",\"@id\":\"https:\\\/\\\/prismagamers.com\\\/hu\\\/produkt\\\/calico\\\/#primaryimage\",\"url\":\"https:\\\/\\\/prismagamers.com\\\/wp-content\\\/uploads\\\/2025\\\/02\\\/calicoboxshot600x900-e1739033483435.png\",\"contentUrl\":\"https:\\\/\\\/prismagamers.com\\\/wp-content\\\/uploads\\\/2025\\\/02\\\/calicoboxshot600x900-e1739033483435.png\",\"width\":300,\"height\":450,\"caption\":\"Calico boxshot\"},{\"@type\":\"BreadcrumbList\",\"@id\":\"https:\\\/\\\/prismagamers.com\\\/hu\\\/produkt\\\/calico\\\/#breadcrumb\",\"itemListElement\":[{\"@type\":\"ListItem\",\"position\":1,\"name\":\"Strona g\u0142\u00f3wna\",\"item\":\"https:\\\/\\\/prismagamers.com\\\/hu\\\/prismagamers\\\/\"},{\"@type\":\"ListItem\",\"position\":2,\"name\":\"Shop\",\"item\":\"https:\\\/\\\/prismagamers.com\\\/hu\\\/shop\\\/\"},{\"@type\":\"ListItem\",\"position\":3,\"name\":\"Calico\"}]},{\"@type\":\"WebSite\",\"@id\":\"https:\\\/\\\/prismagamers.com\\\/hu\\\/#website\",\"url\":\"https:\\\/\\\/prismagamers.com\\\/hu\\\/\",\"name\":\"Prismagamers\",\"description\":\"Sklep z grami PC I Sklep klucze Steam\",\"publisher\":{\"@id\":\"https:\\\/\\\/prismagamers.com\\\/hu\\\/#organization\"},\"potentialAction\":[{\"@type\":\"SearchAction\",\"target\":{\"@type\":\"EntryPoint\",\"urlTemplate\":\"https:\\\/\\\/prismagamers.com\\\/hu\\\/?s={search_term_string}\"},\"query-input\":{\"@type\":\"PropertyValueSpecification\",\"valueRequired\":true,\"valueName\":\"search_term_string\"}}],\"inLanguage\":\"hu\"},{\"@type\":\"Organization\",\"@id\":\"https:\\\/\\\/prismagamers.com\\\/hu\\\/#organization\",\"name\":\"Prismagamers\",\"url\":\"https:\\\/\\\/prismagamers.com\\\/hu\\\/\",\"logo\":{\"@type\":\"ImageObject\",\"inLanguage\":\"hu\",\"@id\":\"https:\\\/\\\/prismagamers.com\\\/hu\\\/#\\\/schema\\\/logo\\\/image\\\/\",\"url\":\"https:\\\/\\\/prismagamers.com\\\/wp-content\\\/uploads\\\/2022\\\/04\\\/cropped-logo-Prismagamers-01-scaled-1.jpg\",\"contentUrl\":\"https:\\\/\\\/prismagamers.com\\\/wp-content\\\/uploads\\\/2022\\\/04\\\/cropped-logo-Prismagamers-01-scaled-1.jpg\",\"width\":512,\"height\":512,\"caption\":\"Prismagamers\"},\"image\":{\"@id\":\"https:\\\/\\\/prismagamers.com\\\/hu\\\/#\\\/schema\\\/logo\\\/image\\\/\"},\"sameAs\":[\"https:\\\/\\\/www.facebook.com\\\/prismagamers\",\"https:\\\/\\\/www.instagram.com\\\/prismagamers_grycyfrowe\\\/\"],\"description\":\"Prismagamers.com to dynamiczny sklep z grami cyfrowymi, stworzony z my\u015bl\u0105 o entuzjastach gier wideo. Nasza strona oferuje szerok\u0105 gam\u0119 gier komputerowych, w tym najnowsze tytu\u0142y, dobrze znane klasyki oraz gry stworzone przez niezale\u017cne studia Ca\u0142y czas d\u0105\u017cymy do rozszerzenia naszej oferty. Do\u0142\u0105cz do nas i sta\u0144 si\u0119 cz\u0119\u015bci\u0105 naszej rosn\u0105cej spo\u0142eczno\u015bci graczy!\",\"email\":\"shop@prismagamers.com\",\"telephone\":\"48795541705\",\"legalName\":\"East Caravan Maksym \u017bukow\",\"foundingDate\":\"2012-05-10\",\"vatID\":\"PL8943038612\",\"taxID\":\"PL8943038612\",\"numberOfEmployees\":{\"@type\":\"QuantitativeValue\",\"minValue\":\"11\",\"maxValue\":\"50\"}}]}<\/script>\n<!-- \/ Yoast SEO Premium plugin. -->","yoast_head_json":{"title":"Calico - Prismagamers.com","description":"A Calico egy im\u00e1dnival\u00f3, egynapos szimul\u00e1ci\u00f3s j\u00e1t\u00e9k, ahol az a fontos \u00e9s \u00e9des feladat v\u00e1r r\u00e1d, hogy \u00fajj\u00e1\u00e9p\u00edts egy macskak\u00e1v\u00e9z\u00f3t, \u00e9s t\u00f6ltsd meg im\u00e1dnival\u00f3, b\u00faj\u00f3s h\u00e1zi\u00e1llatokkal! Teremtsd meg a t\u00f6k\u00e9letes teret im\u00e1dnival\u00f3 b\u00fatorokkal, m\u00f3k\u00e1s dekor\u00e1ci\u00f3kkal \u00e9s finom p\u00e9ks\u00fctem\u00e9nyekkel, hogy \u00fajra \u00e9letre keltsd a k\u00e1v\u00e9z\u00f3t, \u00e9s \u00e9lettel teliv\u00e9 var\u00e1zsold az \u00e1llatokkal! \ud83c\udf0d Glob\u00e1lis \u2699\ufe0f Steam \ud83d\udddd Digit\u00e1lis kulcs","robots":{"index":"index","follow":"follow","max-snippet":"max-snippet:-1","max-image-preview":"max-image-preview:large","max-video-preview":"max-video-preview:-1"},"canonical":"https:\/\/prismagamers.com\/hu\/produkt\/calico\/","og_locale":"hu_HU","og_type":"article","og_title":"Calico","og_description":"A Calico egy im\u00e1dnival\u00f3, egynapos szimul\u00e1ci\u00f3s j\u00e1t\u00e9k, ahol az a fontos \u00e9s \u00e9des feladat v\u00e1r r\u00e1d, hogy \u00fajj\u00e1\u00e9p\u00edts egy macskak\u00e1v\u00e9z\u00f3t, \u00e9s t\u00f6ltsd meg im\u00e1dnival\u00f3, b\u00faj\u00f3s h\u00e1zi\u00e1llatokkal! Teremtsd meg a t\u00f6k\u00e9letes teret im\u00e1dnival\u00f3 b\u00fatorokkal, m\u00f3k\u00e1s dekor\u00e1ci\u00f3kkal \u00e9s finom p\u00e9ks\u00fctem\u00e9nyekkel, hogy \u00fajra \u00e9letre keltsd a k\u00e1v\u00e9z\u00f3t, \u00e9s \u00e9lettel teliv\u00e9 var\u00e1zsold az \u00e1llatokkal! \ud83c\udf0d Glob\u00e1lis \u2699\ufe0f Steam \ud83d\udddd Digit\u00e1lis kulcs","og_url":"https:\/\/prismagamers.com\/hu\/produkt\/calico\/","og_site_name":"Prismagamers.com","article_publisher":"https:\/\/www.facebook.com\/prismagamers","article_modified_time":"2026-03-04T23:00:40+00:00","og_image":[{"width":300,"height":450,"url":"https:\/\/prismagamers.com\/wp-content\/uploads\/2025\/02\/calicoboxshot600x900-e1739033483435.png","type":"image\/png"}],"twitter_card":"summary_large_image","twitter_misc":{"Becs\u00fclt olvas\u00e1si id\u0151":"2 perc"},"schema":{"@context":"https:\/\/schema.org","@graph":[{"@type":"WebPage","@id":"https:\/\/prismagamers.com\/hu\/produkt\/calico\/","url":"https:\/\/prismagamers.com\/hu\/produkt\/calico\/","name":"Calico - Prismagamers.com","isPartOf":{"@id":"https:\/\/prismagamers.com\/hu\/#website"},"primaryImageOfPage":{"@id":"https:\/\/prismagamers.com\/hu\/produkt\/calico\/#primaryimage"},"image":{"@id":"https:\/\/prismagamers.com\/hu\/produkt\/calico\/#primaryimage"},"thumbnailUrl":"https:\/\/prismagamers.com\/wp-content\/uploads\/2025\/02\/calicoboxshot600x900-e1739033483435.png","datePublished":"2025-02-08T16:54:26+00:00","dateModified":"2026-03-04T23:00:40+00:00","description":"A Calico egy im\u00e1dnival\u00f3, egynapos szimul\u00e1ci\u00f3s j\u00e1t\u00e9k, ahol az a fontos \u00e9s \u00e9des feladat v\u00e1r r\u00e1d, hogy \u00fajj\u00e1\u00e9p\u00edts egy macskak\u00e1v\u00e9z\u00f3t, \u00e9s t\u00f6ltsd meg im\u00e1dnival\u00f3, b\u00faj\u00f3s h\u00e1zi\u00e1llatokkal! Teremtsd meg a t\u00f6k\u00e9letes teret im\u00e1dnival\u00f3 b\u00fatorokkal, m\u00f3k\u00e1s dekor\u00e1ci\u00f3kkal \u00e9s finom p\u00e9ks\u00fctem\u00e9nyekkel, hogy \u00fajra \u00e9letre keltsd a k\u00e1v\u00e9z\u00f3t, \u00e9s \u00e9lettel teliv\u00e9 var\u00e1zsold az \u00e1llatokkal! \ud83c\udf0d Glob\u00e1lis \u2699\ufe0f Steam \ud83d\udddd Digit\u00e1lis kulcs","breadcrumb":{"@id":"https:\/\/prismagamers.com\/hu\/produkt\/calico\/#breadcrumb"},"inLanguage":"hu","potentialAction":[{"@type":"ReadAction","target":["https:\/\/prismagamers.com\/hu\/produkt\/calico\/"]}]},{"@type":"ImageObject","inLanguage":"hu","@id":"https:\/\/prismagamers.com\/hu\/produkt\/calico\/#primaryimage","url":"https:\/\/prismagamers.com\/wp-content\/uploads\/2025\/02\/calicoboxshot600x900-e1739033483435.png","contentUrl":"https:\/\/prismagamers.com\/wp-content\/uploads\/2025\/02\/calicoboxshot600x900-e1739033483435.png","width":300,"height":450,"caption":"Calico boxshot"},{"@type":"BreadcrumbList","@id":"https:\/\/prismagamers.com\/hu\/produkt\/calico\/#breadcrumb","itemListElement":[{"@type":"ListItem","position":1,"name":"Strona g\u0142\u00f3wna","item":"https:\/\/prismagamers.com\/hu\/prismagamers\/"},{"@type":"ListItem","position":2,"name":"Shop","item":"https:\/\/prismagamers.com\/hu\/shop\/"},{"@type":"ListItem","position":3,"name":"Calico"}]},{"@type":"WebSite","@id":"https:\/\/prismagamers.com\/hu\/#website","url":"https:\/\/prismagamers.com\/hu\/","name":"Prismagamers","description":"Sklep z grami PC I Sklep klucze Steam","publisher":{"@id":"https:\/\/prismagamers.com\/hu\/#organization"},"potentialAction":[{"@type":"SearchAction","target":{"@type":"EntryPoint","urlTemplate":"https:\/\/prismagamers.com\/hu\/?s={search_term_string}"},"query-input":{"@type":"PropertyValueSpecification","valueRequired":true,"valueName":"search_term_string"}}],"inLanguage":"hu"},{"@type":"Organization","@id":"https:\/\/prismagamers.com\/hu\/#organization","name":"Prismagamers","url":"https:\/\/prismagamers.com\/hu\/","logo":{"@type":"ImageObject","inLanguage":"hu","@id":"https:\/\/prismagamers.com\/hu\/#\/schema\/logo\/image\/","url":"https:\/\/prismagamers.com\/wp-content\/uploads\/2022\/04\/cropped-logo-Prismagamers-01-scaled-1.jpg","contentUrl":"https:\/\/prismagamers.com\/wp-content\/uploads\/2022\/04\/cropped-logo-Prismagamers-01-scaled-1.jpg","width":512,"height":512,"caption":"Prismagamers"},"image":{"@id":"https:\/\/prismagamers.com\/hu\/#\/schema\/logo\/image\/"},"sameAs":["https:\/\/www.facebook.com\/prismagamers","https:\/\/www.instagram.com\/prismagamers_grycyfrowe\/"],"description":"Prismagamers.com to dynamiczny sklep z grami cyfrowymi, stworzony z my\u015bl\u0105 o entuzjastach gier wideo. Nasza strona oferuje szerok\u0105 gam\u0119 gier komputerowych, w tym najnowsze tytu\u0142y, dobrze znane klasyki oraz gry stworzone przez niezale\u017cne studia Ca\u0142y czas d\u0105\u017cymy do rozszerzenia naszej oferty. Do\u0142\u0105cz do nas i sta\u0144 si\u0119 cz\u0119\u015bci\u0105 naszej rosn\u0105cej spo\u0142eczno\u015bci graczy!","email":"shop@prismagamers.com","telephone":"48795541705","legalName":"East Caravan Maksym \u017bukow","foundingDate":"2012-05-10","vatID":"PL8943038612","taxID":"PL8943038612","numberOfEmployees":{"@type":"QuantitativeValue","minValue":"11","maxValue":"50"}}]}},"_links":{"self":[{"href":"https:\/\/prismagamers.com\/hu\/wp-json\/wp\/v2\/product\/35070","targetHints":{"allow":["GET"]}}],"collection":[{"href":"https:\/\/prismagamers.com\/hu\/wp-json\/wp\/v2\/product"}],"about":[{"href":"https:\/\/prismagamers.com\/hu\/wp-json\/wp\/v2\/types\/product"}],"wp:featuredmedia":[{"embeddable":true,"href":"https:\/\/prismagamers.com\/hu\/wp-json\/wp\/v2\/media\/33865"}],"wp:attachment":[{"href":"https:\/\/prismagamers.com\/hu\/wp-json\/wp\/v2\/media?parent=35070"}],"wp:term":[{"taxonomy":"product_brand","embeddable":true,"href":"https:\/\/prismagamers.com\/hu\/wp-json\/wp\/v2\/product_brand?post=35070"},{"taxonomy":"product_cat","embeddable":true,"href":"https:\/\/prismagamers.com\/hu\/wp-json\/wp\/v2\/product_cat?post=35070"},{"taxonomy":"product_tag","embeddable":true,"href":"https:\/\/prismagamers.com\/hu\/wp-json\/wp\/v2\/product_tag?post=35070"}],"curies":[{"name":"wp","href":"https:\/\/api.w.org\/{rel}","templated":true}]}}