{"id":35071,"date":"2025-02-03T12:15:03","date_gmt":"2025-02-03T11:15:03","guid":{"rendered":"https:\/\/prismagamers.com\/produkt\/teascsesze\/"},"modified":"2026-03-05T00:00:38","modified_gmt":"2026-03-04T23:00:38","slug":"teacup","status":"publish","type":"product","link":"https:\/\/prismagamers.com\/hu\/produkt\/teacup\/","title":{"rendered":"Teacup"},"content":{"rendered":"<p>A <strong>Teacup<\/strong> egy r\u00f6vid \u00e9s b\u00e1jos narrat\u00edv kalandj\u00e1t\u00e9k, amely a felfedez\u00e9sre \u00e9s a nem line\u00e1ris t\u00f6rt\u00e9net el\u0151rehalad\u00e1s\u00e1ra helyezi a hangs\u00falyt.<\/p>\n<p>Te j\u00e1tszod a c\u00edmad\u00f3 Teacupot, egy f\u00e9l\u00e9nk \u00e9s z\u00e1rk\u00f3zott fiatal b\u00e9k\u00e1t, aki szeret te\u00e1t inni \u00e9s olvasni. Egy nappal a h\u00e1z\u00e1ban tervezett tead\u00e9lut\u00e1n el\u0151tt Teacup r\u00e1j\u00f6n, hogy teljesen kifogyott a te\u00e1ja, \u00edgy k\u00e9nytelen a h\u00e1za k\u00f6r\u00fcli erd\u0151be mer\u00e9szkedni, hogy gy\u00f3gyn\u00f6v\u00e9nyeket gy\u0171jts\u00f6n, hogy felt\u00f6ltse a kamr\u00e1j\u00e1t.<\/p>\n<p><img decoding=\"async\" class=\"bb_img aligncenter\" src=\"https:\/\/shared.fastly.steamstatic.com\/store_item_assets\/steam\/apps\/1444300\/extras\/about_3.gif?t=1729016732\" \/><\/p>\n<p>A te\u00e1scs\u00e9sz\u00e9hez sz\u00fcks\u00e9ges \u00f6sszes hozz\u00e1val\u00f3t tetsz\u0151leges sorrendben gy\u0171jtheted \u00f6ssze. V\u00e1laszd ki a saj\u00e1t utadat <strong>Little Pond<\/strong> vil\u00e1g\u00e1ban.<\/p>\n<p><img decoding=\"async\" class=\"bb_img aligncenter\" src=\"https:\/\/shared.fastly.steamstatic.com\/store_item_assets\/steam\/apps\/1444300\/extras\/about_5.gif?t=1729016732\" \/><\/p>\n<p>Kalandoz\u00e1sa sor\u00e1n tal\u00e1lkozhat az erd\u0151 kedves lak\u00f3ival. N\u00e9melyik\u00fck besz\u00e9des lesz, n\u00e9melyik\u00fck szerencs\u00e9tlen, de mindegyik\u00fck sz\u00edvesen seg\u00edt neked az exped\u00edci\u00f3d sor\u00e1n.<\/p>\n<p>A legt\u00f6bb \u00e1llat, akivel tal\u00e1lkozol, hajland\u00f3 lesz seg\u00edteni Teacupnak&#8230; egy kis sz\u00edvess\u00e9g\u00e9rt vagy seg\u00edts\u00e9g\u00e9rt cser\u00e9be. Szervezz egy (furcsa kin\u00e9zet\u0171) standot, vegy\u00e9l r\u00e9szt egy v\u00edz alatti versenyen \u00e9s m\u00e9g sok m\u00e1sban!<\/p>\n<p><img decoding=\"async\" class=\"bb_img aligncenter\" src=\"https:\/\/shared.fastly.steamstatic.com\/store_item_assets\/steam\/apps\/1444300\/extras\/about_7.gif?t=1729016732\" \/><\/p>\n","protected":false},"excerpt":{"rendered":"<p class=\"ai-optimize-23\">A <strong>Teacup<\/strong> egy r\u00f6vid \u00e9s b\u00e1jos narrat\u00edv kalandj\u00e1t\u00e9k, amely a felfedez\u00e9sre \u00e9s a nem line\u00e1ris t\u00f6rt\u00e9net el\u0151rehalad\u00e1s\u00e1ra helyezi a hangs\u00falyt. Seg\u00edts a kicsi \u00e9s f\u00e9l\u00e9nk b\u00e9k\u00e1nak, hogy megtal\u00e1lja a teapartihoz sz\u00fcks\u00e9ges hozz\u00e1val\u00f3kat!<\/p>\n<p class=\"ai-optimize-24\">\ud83c\udf0d Glob\u00e1lis<br \/>\n\u2699\ufe0f Steam<br \/>\n\ud83d\udddd Digit\u00e1lis kulcs<\/p>\n","protected":false},"featured_media":33843,"template":"","meta":{"_acf_changed":false,"site-sidebar-layout":"default","site-content-layout":"","ast-site-content-layout":"default","site-content-style":"default","site-sidebar-style":"default","ast-global-header-display":"","ast-banner-title-visibility":"","ast-main-header-display":"","ast-hfb-above-header-display":"","ast-hfb-below-header-display":"","ast-hfb-mobile-header-display":"","site-post-title":"","ast-breadcrumbs-content":"","ast-featured-img":"","footer-sml-layout":"","ast-disable-related-posts":"","theme-transparent-header-meta":"default","adv-header-id-meta":"","stick-header-meta":"","header-above-stick-meta":"","header-main-stick-meta":"","header-below-stick-meta":"","astra-migrate-meta-layouts":"set","ast-page-background-enabled":"default","ast-page-background-meta":{"desktop":{"background-color":"var(--ast-global-color-4)","background-image":"","background-repeat":"repeat","background-position":"center center","background-size":"auto","background-attachment":"scroll","background-type":"","background-media":"","overlay-type":"","overlay-color":"","overlay-opacity":"","overlay-gradient":""},"tablet":{"background-color":"","background-image":"","background-repeat":"repeat","background-position":"center center","background-size":"auto","background-attachment":"scroll","background-type":"","background-media":"","overlay-type":"","overlay-color":"","overlay-opacity":"","overlay-gradient":""},"mobile":{"background-color":"","background-image":"","background-repeat":"repeat","background-position":"center center","background-size":"auto","background-attachment":"scroll","background-type":"","background-media":"","overlay-type":"","overlay-color":"","overlay-opacity":"","overlay-gradient":""}},"ast-content-background-meta":{"desktop":{"background-color":"var(--ast-global-color-5)","background-image":"","background-repeat":"repeat","background-position":"center center","background-size":"auto","background-attachment":"scroll","background-type":"","background-media":"","overlay-type":"","overlay-color":"","overlay-opacity":"","overlay-gradient":""},"tablet":{"background-color":"var(--ast-global-color-5)","background-image":"","background-repeat":"repeat","background-position":"center center","background-size":"auto","background-attachment":"scroll","background-type":"","background-media":"","overlay-type":"","overlay-color":"","overlay-opacity":"","overlay-gradient":""},"mobile":{"background-color":"var(--ast-global-color-5)","background-image":"","background-repeat":"repeat","background-position":"center center","background-size":"auto","background-attachment":"scroll","background-type":"","background-media":"","overlay-type":"","overlay-color":"","overlay-opacity":"","overlay-gradient":""}}},"product_brand":[],"product_cat":[381,369,365,363,393],"product_tag":[],"class_list":{"0":"post-35071","1":"product","2":"type-product","3":"status-publish","4":"has-post-thumbnail","6":"product_cat-csaladi-jatekok","7":"product_cat-csarnokok","8":"product_cat-goz","9":"product_cat-kaland-jatekok","10":"product_cat-whitethorn-jatekok","11":"desktop-align-left","12":"tablet-align-left","13":"mobile-align-left","15":"first","16":"instock","17":"virtual","18":"purchasable","19":"product-type-simple"},"acf":[],"yoast_head":"<!-- This site is optimized with the Yoast SEO Premium plugin v27.4 (Yoast SEO v27.4) - https:\/\/yoast.com\/product\/yoast-seo-premium-wordpress\/ -->\n<title>Teacup - Prismagamers.com<\/title>\n<meta name=\"description\" content=\"A Teacup egy r\u00f6vid \u00e9s b\u00e1jos narrat\u00edv kalandj\u00e1t\u00e9k, amely a felfedez\u00e9sre \u00e9s a nem line\u00e1ris t\u00f6rt\u00e9net el\u0151rehalad\u00e1s\u00e1ra helyezi a hangs\u00falyt. Seg\u00edts a kicsi \u00e9s f\u00e9l\u00e9nk b\u00e9k\u00e1nak, hogy megtal\u00e1lja a teapartihoz sz\u00fcks\u00e9ges hozz\u00e1val\u00f3kat! \ud83c\udf0d Glob\u00e1lis \u2699\ufe0f Steam \ud83d\udddd Digit\u00e1lis kulcs\" \/>\n<meta name=\"robots\" content=\"index, follow, max-snippet:-1, max-image-preview:large, max-video-preview:-1\" \/>\n<link rel=\"canonical\" href=\"https:\/\/prismagamers.com\/hu\/produkt\/teacup\/\" \/>\n<meta property=\"og:locale\" content=\"hu_HU\" \/>\n<meta property=\"og:type\" content=\"article\" \/>\n<meta property=\"og:title\" content=\"Teacup\" \/>\n<meta property=\"og:description\" content=\"A Teacup egy r\u00f6vid \u00e9s b\u00e1jos narrat\u00edv kalandj\u00e1t\u00e9k, amely a felfedez\u00e9sre \u00e9s a nem line\u00e1ris t\u00f6rt\u00e9net el\u0151rehalad\u00e1s\u00e1ra helyezi a hangs\u00falyt. Seg\u00edts a kicsi \u00e9s f\u00e9l\u00e9nk b\u00e9k\u00e1nak, hogy megtal\u00e1lja a teapartihoz sz\u00fcks\u00e9ges hozz\u00e1val\u00f3kat! \ud83c\udf0d Glob\u00e1lis \u2699\ufe0f Steam \ud83d\udddd Digit\u00e1lis kulcs\" \/>\n<meta property=\"og:url\" content=\"https:\/\/prismagamers.com\/hu\/produkt\/teacup\/\" \/>\n<meta property=\"og:site_name\" content=\"Prismagamers.com\" \/>\n<meta property=\"article:publisher\" content=\"https:\/\/www.facebook.com\/prismagamers\" \/>\n<meta property=\"article:modified_time\" content=\"2026-03-04T23:00:38+00:00\" \/>\n<meta property=\"og:image\" content=\"https:\/\/prismagamers.com\/wp-content\/uploads\/2025\/02\/library600x9002x-e1738581231846.jpg\" \/>\n\t<meta property=\"og:image:width\" content=\"300\" \/>\n\t<meta property=\"og:image:height\" content=\"450\" \/>\n\t<meta property=\"og:image:type\" content=\"image\/jpeg\" \/>\n<meta name=\"twitter:card\" content=\"summary_large_image\" \/>\n<meta name=\"twitter:label1\" content=\"Becs\u00fclt olvas\u00e1si id\u0151\" \/>\n\t<meta name=\"twitter:data1\" content=\"2 perc\" \/>\n<script type=\"application\/ld+json\" class=\"yoast-schema-graph\">{\"@context\":\"https:\\\/\\\/schema.org\",\"@graph\":[{\"@type\":\"WebPage\",\"@id\":\"https:\\\/\\\/prismagamers.com\\\/hu\\\/produkt\\\/teacup\\\/\",\"url\":\"https:\\\/\\\/prismagamers.com\\\/hu\\\/produkt\\\/teacup\\\/\",\"name\":\"Teacup - Prismagamers.com\",\"isPartOf\":{\"@id\":\"https:\\\/\\\/prismagamers.com\\\/hu\\\/#website\"},\"primaryImageOfPage\":{\"@id\":\"https:\\\/\\\/prismagamers.com\\\/hu\\\/produkt\\\/teacup\\\/#primaryimage\"},\"image\":{\"@id\":\"https:\\\/\\\/prismagamers.com\\\/hu\\\/produkt\\\/teacup\\\/#primaryimage\"},\"thumbnailUrl\":\"https:\\\/\\\/prismagamers.com\\\/wp-content\\\/uploads\\\/2025\\\/02\\\/library600x9002x-e1738581231846.jpg\",\"datePublished\":\"2025-02-03T11:15:03+00:00\",\"dateModified\":\"2026-03-04T23:00:38+00:00\",\"description\":\"A Teacup egy r\u00f6vid \u00e9s b\u00e1jos narrat\u00edv kalandj\u00e1t\u00e9k, amely a felfedez\u00e9sre \u00e9s a nem line\u00e1ris t\u00f6rt\u00e9net el\u0151rehalad\u00e1s\u00e1ra helyezi a hangs\u00falyt. Seg\u00edts a kicsi \u00e9s f\u00e9l\u00e9nk b\u00e9k\u00e1nak, hogy megtal\u00e1lja a teapartihoz sz\u00fcks\u00e9ges hozz\u00e1val\u00f3kat! \ud83c\udf0d Glob\u00e1lis \u2699\ufe0f Steam \ud83d\udddd Digit\u00e1lis kulcs\",\"breadcrumb\":{\"@id\":\"https:\\\/\\\/prismagamers.com\\\/hu\\\/produkt\\\/teacup\\\/#breadcrumb\"},\"inLanguage\":\"hu\",\"potentialAction\":[{\"@type\":\"ReadAction\",\"target\":[\"https:\\\/\\\/prismagamers.com\\\/hu\\\/produkt\\\/teacup\\\/\"]}]},{\"@type\":\"ImageObject\",\"inLanguage\":\"hu\",\"@id\":\"https:\\\/\\\/prismagamers.com\\\/hu\\\/produkt\\\/teacup\\\/#primaryimage\",\"url\":\"https:\\\/\\\/prismagamers.com\\\/wp-content\\\/uploads\\\/2025\\\/02\\\/library600x9002x-e1738581231846.jpg\",\"contentUrl\":\"https:\\\/\\\/prismagamers.com\\\/wp-content\\\/uploads\\\/2025\\\/02\\\/library600x9002x-e1738581231846.jpg\",\"width\":300,\"height\":450,\"caption\":\"te\u00e1scs\u00e9sze fed\u00e9l\"},{\"@type\":\"BreadcrumbList\",\"@id\":\"https:\\\/\\\/prismagamers.com\\\/hu\\\/produkt\\\/teacup\\\/#breadcrumb\",\"itemListElement\":[{\"@type\":\"ListItem\",\"position\":1,\"name\":\"Strona g\u0142\u00f3wna\",\"item\":\"https:\\\/\\\/prismagamers.com\\\/hu\\\/prismagamers\\\/\"},{\"@type\":\"ListItem\",\"position\":2,\"name\":\"Shop\",\"item\":\"https:\\\/\\\/prismagamers.com\\\/hu\\\/shop\\\/\"},{\"@type\":\"ListItem\",\"position\":3,\"name\":\"Teacup\"}]},{\"@type\":\"WebSite\",\"@id\":\"https:\\\/\\\/prismagamers.com\\\/hu\\\/#website\",\"url\":\"https:\\\/\\\/prismagamers.com\\\/hu\\\/\",\"name\":\"Prismagamers\",\"description\":\"Sklep z grami PC I Sklep klucze Steam\",\"publisher\":{\"@id\":\"https:\\\/\\\/prismagamers.com\\\/hu\\\/#organization\"},\"potentialAction\":[{\"@type\":\"SearchAction\",\"target\":{\"@type\":\"EntryPoint\",\"urlTemplate\":\"https:\\\/\\\/prismagamers.com\\\/hu\\\/?s={search_term_string}\"},\"query-input\":{\"@type\":\"PropertyValueSpecification\",\"valueRequired\":true,\"valueName\":\"search_term_string\"}}],\"inLanguage\":\"hu\"},{\"@type\":\"Organization\",\"@id\":\"https:\\\/\\\/prismagamers.com\\\/hu\\\/#organization\",\"name\":\"Prismagamers\",\"url\":\"https:\\\/\\\/prismagamers.com\\\/hu\\\/\",\"logo\":{\"@type\":\"ImageObject\",\"inLanguage\":\"hu\",\"@id\":\"https:\\\/\\\/prismagamers.com\\\/hu\\\/#\\\/schema\\\/logo\\\/image\\\/\",\"url\":\"https:\\\/\\\/prismagamers.com\\\/wp-content\\\/uploads\\\/2022\\\/04\\\/cropped-logo-Prismagamers-01-scaled-1.jpg\",\"contentUrl\":\"https:\\\/\\\/prismagamers.com\\\/wp-content\\\/uploads\\\/2022\\\/04\\\/cropped-logo-Prismagamers-01-scaled-1.jpg\",\"width\":512,\"height\":512,\"caption\":\"Prismagamers\"},\"image\":{\"@id\":\"https:\\\/\\\/prismagamers.com\\\/hu\\\/#\\\/schema\\\/logo\\\/image\\\/\"},\"sameAs\":[\"https:\\\/\\\/www.facebook.com\\\/prismagamers\",\"https:\\\/\\\/www.instagram.com\\\/prismagamers_grycyfrowe\\\/\"],\"description\":\"Prismagamers.com to dynamiczny sklep z grami cyfrowymi, stworzony z my\u015bl\u0105 o entuzjastach gier wideo. Nasza strona oferuje szerok\u0105 gam\u0119 gier komputerowych, w tym najnowsze tytu\u0142y, dobrze znane klasyki oraz gry stworzone przez niezale\u017cne studia Ca\u0142y czas d\u0105\u017cymy do rozszerzenia naszej oferty. Do\u0142\u0105cz do nas i sta\u0144 si\u0119 cz\u0119\u015bci\u0105 naszej rosn\u0105cej spo\u0142eczno\u015bci graczy!\",\"email\":\"shop@prismagamers.com\",\"telephone\":\"48795541705\",\"legalName\":\"East Caravan Maksym \u017bukow\",\"foundingDate\":\"2012-05-10\",\"vatID\":\"PL8943038612\",\"taxID\":\"PL8943038612\",\"numberOfEmployees\":{\"@type\":\"QuantitativeValue\",\"minValue\":\"11\",\"maxValue\":\"50\"}}]}<\/script>\n<!-- \/ Yoast SEO Premium plugin. -->","yoast_head_json":{"title":"Teacup - Prismagamers.com","description":"A Teacup egy r\u00f6vid \u00e9s b\u00e1jos narrat\u00edv kalandj\u00e1t\u00e9k, amely a felfedez\u00e9sre \u00e9s a nem line\u00e1ris t\u00f6rt\u00e9net el\u0151rehalad\u00e1s\u00e1ra helyezi a hangs\u00falyt. Seg\u00edts a kicsi \u00e9s f\u00e9l\u00e9nk b\u00e9k\u00e1nak, hogy megtal\u00e1lja a teapartihoz sz\u00fcks\u00e9ges hozz\u00e1val\u00f3kat! \ud83c\udf0d Glob\u00e1lis \u2699\ufe0f Steam \ud83d\udddd Digit\u00e1lis kulcs","robots":{"index":"index","follow":"follow","max-snippet":"max-snippet:-1","max-image-preview":"max-image-preview:large","max-video-preview":"max-video-preview:-1"},"canonical":"https:\/\/prismagamers.com\/hu\/produkt\/teacup\/","og_locale":"hu_HU","og_type":"article","og_title":"Teacup","og_description":"A Teacup egy r\u00f6vid \u00e9s b\u00e1jos narrat\u00edv kalandj\u00e1t\u00e9k, amely a felfedez\u00e9sre \u00e9s a nem line\u00e1ris t\u00f6rt\u00e9net el\u0151rehalad\u00e1s\u00e1ra helyezi a hangs\u00falyt. Seg\u00edts a kicsi \u00e9s f\u00e9l\u00e9nk b\u00e9k\u00e1nak, hogy megtal\u00e1lja a teapartihoz sz\u00fcks\u00e9ges hozz\u00e1val\u00f3kat! \ud83c\udf0d Glob\u00e1lis \u2699\ufe0f Steam \ud83d\udddd Digit\u00e1lis kulcs","og_url":"https:\/\/prismagamers.com\/hu\/produkt\/teacup\/","og_site_name":"Prismagamers.com","article_publisher":"https:\/\/www.facebook.com\/prismagamers","article_modified_time":"2026-03-04T23:00:38+00:00","og_image":[{"width":300,"height":450,"url":"https:\/\/prismagamers.com\/wp-content\/uploads\/2025\/02\/library600x9002x-e1738581231846.jpg","type":"image\/jpeg"}],"twitter_card":"summary_large_image","twitter_misc":{"Becs\u00fclt olvas\u00e1si id\u0151":"2 perc"},"schema":{"@context":"https:\/\/schema.org","@graph":[{"@type":"WebPage","@id":"https:\/\/prismagamers.com\/hu\/produkt\/teacup\/","url":"https:\/\/prismagamers.com\/hu\/produkt\/teacup\/","name":"Teacup - Prismagamers.com","isPartOf":{"@id":"https:\/\/prismagamers.com\/hu\/#website"},"primaryImageOfPage":{"@id":"https:\/\/prismagamers.com\/hu\/produkt\/teacup\/#primaryimage"},"image":{"@id":"https:\/\/prismagamers.com\/hu\/produkt\/teacup\/#primaryimage"},"thumbnailUrl":"https:\/\/prismagamers.com\/wp-content\/uploads\/2025\/02\/library600x9002x-e1738581231846.jpg","datePublished":"2025-02-03T11:15:03+00:00","dateModified":"2026-03-04T23:00:38+00:00","description":"A Teacup egy r\u00f6vid \u00e9s b\u00e1jos narrat\u00edv kalandj\u00e1t\u00e9k, amely a felfedez\u00e9sre \u00e9s a nem line\u00e1ris t\u00f6rt\u00e9net el\u0151rehalad\u00e1s\u00e1ra helyezi a hangs\u00falyt. Seg\u00edts a kicsi \u00e9s f\u00e9l\u00e9nk b\u00e9k\u00e1nak, hogy megtal\u00e1lja a teapartihoz sz\u00fcks\u00e9ges hozz\u00e1val\u00f3kat! \ud83c\udf0d Glob\u00e1lis \u2699\ufe0f Steam \ud83d\udddd Digit\u00e1lis kulcs","breadcrumb":{"@id":"https:\/\/prismagamers.com\/hu\/produkt\/teacup\/#breadcrumb"},"inLanguage":"hu","potentialAction":[{"@type":"ReadAction","target":["https:\/\/prismagamers.com\/hu\/produkt\/teacup\/"]}]},{"@type":"ImageObject","inLanguage":"hu","@id":"https:\/\/prismagamers.com\/hu\/produkt\/teacup\/#primaryimage","url":"https:\/\/prismagamers.com\/wp-content\/uploads\/2025\/02\/library600x9002x-e1738581231846.jpg","contentUrl":"https:\/\/prismagamers.com\/wp-content\/uploads\/2025\/02\/library600x9002x-e1738581231846.jpg","width":300,"height":450,"caption":"te\u00e1scs\u00e9sze fed\u00e9l"},{"@type":"BreadcrumbList","@id":"https:\/\/prismagamers.com\/hu\/produkt\/teacup\/#breadcrumb","itemListElement":[{"@type":"ListItem","position":1,"name":"Strona g\u0142\u00f3wna","item":"https:\/\/prismagamers.com\/hu\/prismagamers\/"},{"@type":"ListItem","position":2,"name":"Shop","item":"https:\/\/prismagamers.com\/hu\/shop\/"},{"@type":"ListItem","position":3,"name":"Teacup"}]},{"@type":"WebSite","@id":"https:\/\/prismagamers.com\/hu\/#website","url":"https:\/\/prismagamers.com\/hu\/","name":"Prismagamers","description":"Sklep z grami PC I Sklep klucze Steam","publisher":{"@id":"https:\/\/prismagamers.com\/hu\/#organization"},"potentialAction":[{"@type":"SearchAction","target":{"@type":"EntryPoint","urlTemplate":"https:\/\/prismagamers.com\/hu\/?s={search_term_string}"},"query-input":{"@type":"PropertyValueSpecification","valueRequired":true,"valueName":"search_term_string"}}],"inLanguage":"hu"},{"@type":"Organization","@id":"https:\/\/prismagamers.com\/hu\/#organization","name":"Prismagamers","url":"https:\/\/prismagamers.com\/hu\/","logo":{"@type":"ImageObject","inLanguage":"hu","@id":"https:\/\/prismagamers.com\/hu\/#\/schema\/logo\/image\/","url":"https:\/\/prismagamers.com\/wp-content\/uploads\/2022\/04\/cropped-logo-Prismagamers-01-scaled-1.jpg","contentUrl":"https:\/\/prismagamers.com\/wp-content\/uploads\/2022\/04\/cropped-logo-Prismagamers-01-scaled-1.jpg","width":512,"height":512,"caption":"Prismagamers"},"image":{"@id":"https:\/\/prismagamers.com\/hu\/#\/schema\/logo\/image\/"},"sameAs":["https:\/\/www.facebook.com\/prismagamers","https:\/\/www.instagram.com\/prismagamers_grycyfrowe\/"],"description":"Prismagamers.com to dynamiczny sklep z grami cyfrowymi, stworzony z my\u015bl\u0105 o entuzjastach gier wideo. Nasza strona oferuje szerok\u0105 gam\u0119 gier komputerowych, w tym najnowsze tytu\u0142y, dobrze znane klasyki oraz gry stworzone przez niezale\u017cne studia Ca\u0142y czas d\u0105\u017cymy do rozszerzenia naszej oferty. Do\u0142\u0105cz do nas i sta\u0144 si\u0119 cz\u0119\u015bci\u0105 naszej rosn\u0105cej spo\u0142eczno\u015bci graczy!","email":"shop@prismagamers.com","telephone":"48795541705","legalName":"East Caravan Maksym \u017bukow","foundingDate":"2012-05-10","vatID":"PL8943038612","taxID":"PL8943038612","numberOfEmployees":{"@type":"QuantitativeValue","minValue":"11","maxValue":"50"}}]}},"_links":{"self":[{"href":"https:\/\/prismagamers.com\/hu\/wp-json\/wp\/v2\/product\/35071","targetHints":{"allow":["GET"]}}],"collection":[{"href":"https:\/\/prismagamers.com\/hu\/wp-json\/wp\/v2\/product"}],"about":[{"href":"https:\/\/prismagamers.com\/hu\/wp-json\/wp\/v2\/types\/product"}],"wp:featuredmedia":[{"embeddable":true,"href":"https:\/\/prismagamers.com\/hu\/wp-json\/wp\/v2\/media\/33843"}],"wp:attachment":[{"href":"https:\/\/prismagamers.com\/hu\/wp-json\/wp\/v2\/media?parent=35071"}],"wp:term":[{"taxonomy":"product_brand","embeddable":true,"href":"https:\/\/prismagamers.com\/hu\/wp-json\/wp\/v2\/product_brand?post=35071"},{"taxonomy":"product_cat","embeddable":true,"href":"https:\/\/prismagamers.com\/hu\/wp-json\/wp\/v2\/product_cat?post=35071"},{"taxonomy":"product_tag","embeddable":true,"href":"https:\/\/prismagamers.com\/hu\/wp-json\/wp\/v2\/product_tag?post=35071"}],"curies":[{"name":"wp","href":"https:\/\/api.w.org\/{rel}","templated":true}]}}