{"id":35074,"date":"2023-05-02T17:53:37","date_gmt":"2023-05-02T15:53:37","guid":{"rendered":"https:\/\/prismagamers.com\/produkt\/apico-pc\/"},"modified":"2026-03-05T00:00:48","modified_gmt":"2026-03-04T23:00:48","slug":"apico-pc","status":"publish","type":"product","link":"https:\/\/prismagamers.com\/hu\/produkt\/apico-pc\/","title":{"rendered":"APICO"},"content":{"rendered":"<div class=\"flex-shrink-0 flex flex-col relative items-end\">\n<div>\n<div class=\"pt-0\">\n<div class=\"gizmo-bot-avatar flex h-8 w-8 items-center justify-center overflow-hidden rounded-full\">\n<div class=\"relative p-1 rounded-sm flex items-center justify-center bg-token-main-surface-primary text-token-text-primary h-8 w-8\"><\/div>\n<\/div>\n<\/div>\n<\/div>\n<\/div>\n<div class=\"group\/conversation-turn relative flex w-full min-w-0 flex-col agent-turn\">\n<div class=\"flex-col gap-1 md:gap-3\">\n<div class=\"flex max-w-full flex-col flex-grow\">\n<div class=\"min-h-8 text-message flex w-full flex-col items-end gap-2 whitespace-normal break-words text-start [.text-message+&amp;]:mt-5\" dir=\"auto\" data-message-author-role=\"assistant\" data-message-id=\"7a792407-f4a8-45cd-92c3-3e30673b6459\" data-message-model-slug=\"gpt-4o-mini\">\n<div class=\"flex w-full flex-col gap-1 empty:hidden first:pt-[3px]\">\n<div class=\"markdown prose w-full break-words dark:prose-invert light\">\n<p>Az APICO egy pihentet\u0151 szimul\u00e1ci\u00f3s j\u00e1t\u00e9k a m\u00e9h\u00e9szked\u00e9sr\u0151l, a m\u00e9hek tart\u00e1s\u00e1r\u00f3l, gy\u0171jt\u00e9s\u00e9r\u0151l \u00e9s v\u00e9delm\u00e9r\u0151l! Hagyd ott unalmas munk\u00e1dat a v\u00e1rosban, \u00e9s t\u00e9rj vissza a csal\u00e1di otthonodba Port APICO-ban, hogy \u00fajra elmer\u00fclj a m\u00e9h\u00e9szked\u00e9sben. <\/p>\n<p>A j\u00e1t\u00e9k egy sor buja k\u00f6rnyezetben j\u00e1tsz\u00f3dik, \u00e9s az APICO egyed\u00fcl\u00e1ll\u00f3 m\u00f3don \u00f6tv\u00f6zi a nyersanyaggy\u0171jt\u00e9st, a biol\u00f3gi\u00e1t \u00e9s a m\u00e9h\u00e9szettel kapcsolatos minij\u00e1t\u00e9kokat, inspir\u00e1ci\u00f3t mer\u00edtve a val\u00f3s \u00e9s fant\u00e1zia m\u00e9h\u00e9szet \u00e9s vir\u00e1gk\u00f6t\u00e9szet kever\u00e9k\u00e9b\u0151l.<\/p>\n<p>Utaz\u00e1sod sor\u00e1n elfeledett fajokat fedezhetsz fel, m\u00e9heket keresztezhetsz, \u00e9s seg\u00edthetsz a szigetek \u00fajran\u00e9pes\u00edt\u00e9s\u00e9ben.<\/p>\n<p>Teljes\u00edtse be legvadabb m\u00e9h\u00e9szeti fant\u00e1zi\u00e1it &#8211; cs\u00edp\u00e9s n\u00e9lk\u00fcl! Egyedi k\u00e9zm\u0171ves \u00e9s m\u00e9h\u00e9szeti minij\u00e1t\u00e9kok, amelyekkel a j\u00e1t\u00e9kmenetet is felp\u00f6rgetheted Keresztezd a k\u00fcl\u00f6nb\u00f6z\u0151 m\u00e9heket, hogy t\u00f6bb mint 30 \u00faj fajt fedezz fel K\u00e9sz\u00edts \u00e9s adj el m\u00e9zet, Apicol\u00e1t \u00e9s m\u00e1s m\u00e9h\u00e9szeti term\u00e9keket \u00c1ll\u00edtsd helyre elfeledett m\u00e9hfajokat, \u00e9s engedd vissza \u0151ket a vadonba K\u00fcl\u00f6nf\u00e9le biomok felfedez\u00e9s\u00e9re, mindegyikben egyedi m\u00e9hfajokkal Fedezd fel az APICO-szigetek elfeledett titkait J\u00e1tssz egy\u00fctt a bar\u00e1taiddal a 4 j\u00e1t\u00e9kos online kooperat\u00edv m\u00f3dban! Befejezted a j\u00e1t\u00e9kot, de m\u00e9g mindig t\u00f6bbre v\u00e1gysz? Pr\u00f3b\u00e1ld ki a modokat!   <\/p>\n<p>Az APICO-t a TNgineers csapat alkotja, k\u00e9t testv\u00e9r, Ell \u00e9s Jamie, akiket az alkalmi \u00e9s k\u00e9zm\u0171ves j\u00e1t\u00e9kok ir\u00e1nti szeretet\u00fck inspir\u00e1lt.<\/p>\n<p>Valami pihentet\u0151, \u00e9rdekes \u00e9s f\u00e9lig-meddig tanuls\u00e1gos dolgot akartak l\u00e9trehozni (csak ne gondoljon a var\u00e1zsm\u00e9hekre). Ell \u00e9p\u00edti a men\u0151 dolgokat, Jamie pedig gondoskodik a lebont\u00e1sukr\u00f3l. <\/p>\n<p>A m\u00e9hek a j\u00e1t\u00e9kunk szerves r\u00e9sz\u00e9t k\u00e9pezik, csak\u00fagy, mint a val\u00f3di \u00f6kosziszt\u00e9m\u00e1ban. Szeretn\u00e9nk t\u00e1mogatni a m\u00e9hek v\u00e9delm\u00e9t, \u00e9s bev\u00e9teleink egy r\u00e9sz\u00e9t nemzeti \u00e9s nemzetk\u00f6zi m\u00e9hv\u00e9delmi, m\u00e9h\u00e9szeti \u00e9s vadm\u00e9h\u00e9szeti szervezeteknek adom\u00e1nyozzuk. <\/p>\n<\/div>\n<\/div>\n<\/div>\n<\/div>\n<\/div>\n<\/div>\n","protected":false},"excerpt":{"rendered":"<p>Az APICO egy szimul\u00e1ci\u00f3s j\u00e1t\u00e9k a m\u00e9hek nevel\u00e9s\u00e9r\u0151l, gy\u0171jt\u00e9s\u00e9r\u0151l \u00e9s v\u00e9delm\u00e9r\u0151l! A buja k\u00f6rnyezetekben j\u00e1tsz\u00f3d\u00f3 APICO egyed\u00fcl\u00e1ll\u00f3 m\u00f3don \u00f6tv\u00f6zi az er\u0151forr\u00e1sgy\u0171jt\u00e9st, a biol\u00f3gi\u00e1t \u00e9s a m\u00e9h\u00e9szeti minij\u00e1t\u00e9kokat, \u00f6tleteket mer\u00edtve a val\u00f3s \u00e9s fant\u00e1zia m\u00e9h\u00e9szet \u00e9s vir\u00e1gk\u00f6t\u00e9szet kever\u00e9k\u00e9b\u0151l. <\/p>\n<p><img decoding=\"async\" class=\"emoji\" role=\"img\" draggable=\"false\" src=\"https:\/\/s.w.org\/images\/core\/emoji\/14.0.0\/svg\/1f30d.svg\" alt=\"\ud83c\udf0d\">  Glob\u00e1lis<br \/>\n<img decoding=\"async\" class=\"emoji\" role=\"img\" draggable=\"false\" src=\"https:\/\/s.w.org\/images\/core\/emoji\/14.0.0\/svg\/2699.svg\" alt=\"\u2699\ufe0f\">  G\u0151z<br \/>\n<img decoding=\"async\" class=\"emoji\" role=\"img\" draggable=\"false\" src=\"https:\/\/s.w.org\/images\/core\/emoji\/14.0.0\/svg\/1f5dd.svg\" alt=\"\ud83d\udddd\">  Digit\u00e1lis kulcs<\/p>\n","protected":false},"featured_media":25230,"template":"","meta":{"_acf_changed":false,"site-sidebar-layout":"default","site-content-layout":"default","ast-site-content-layout":"default","site-content-style":"default","site-sidebar-style":"default","ast-global-header-display":"","ast-banner-title-visibility":"","ast-main-header-display":"","ast-hfb-above-header-display":"","ast-hfb-below-header-display":"","ast-hfb-mobile-header-display":"","site-post-title":"","ast-breadcrumbs-content":"","ast-featured-img":"","footer-sml-layout":"","ast-disable-related-posts":"","theme-transparent-header-meta":"default","adv-header-id-meta":"","stick-header-meta":"","header-above-stick-meta":"","header-main-stick-meta":"","header-below-stick-meta":"","astra-migrate-meta-layouts":"default","ast-page-background-enabled":"default","ast-page-background-meta":{"desktop":{"background-color":"var(--ast-global-color-4)","background-image":"","background-repeat":"repeat","background-position":"center center","background-size":"auto","background-attachment":"scroll","background-type":"","background-media":"","overlay-type":"","overlay-color":"","overlay-opacity":"","overlay-gradient":""},"tablet":{"background-color":"","background-image":"","background-repeat":"repeat","background-position":"center center","background-size":"auto","background-attachment":"scroll","background-type":"","background-media":"","overlay-type":"","overlay-color":"","overlay-opacity":"","overlay-gradient":""},"mobile":{"background-color":"","background-image":"","background-repeat":"repeat","background-position":"center center","background-size":"auto","background-attachment":"scroll","background-type":"","background-media":"","overlay-type":"","overlay-color":"","overlay-opacity":"","overlay-gradient":""}},"ast-content-background-meta":{"desktop":{"background-color":"var(--ast-global-color-5)","background-image":"","background-repeat":"repeat","background-position":"center center","background-size":"auto","background-attachment":"scroll","background-type":"","background-media":"","overlay-type":"","overlay-color":"","overlay-opacity":"","overlay-gradient":""},"tablet":{"background-color":"var(--ast-global-color-5)","background-image":"","background-repeat":"repeat","background-position":"center center","background-size":"auto","background-attachment":"scroll","background-type":"","background-media":"","overlay-type":"","overlay-color":"","overlay-opacity":"","overlay-gradient":""},"mobile":{"background-color":"var(--ast-global-color-5)","background-image":"","background-repeat":"repeat","background-position":"center center","background-size":"auto","background-attachment":"scroll","background-type":"","background-media":"","overlay-type":"","overlay-color":"","overlay-opacity":"","overlay-gradient":""}}},"product_brand":[],"product_cat":[369,394,365,392,372,378,367,393],"product_tag":[],"class_list":{"0":"post-35074","1":"product","2":"type-product","3":"status-publish","4":"has-post-thumbnail","6":"product_cat-csarnokok","7":"product_cat-digitalis-jatekok","8":"product_cat-goz","9":"product_cat-india","10":"product_cat-jatekok-szimulatorok","11":"product_cat-minden-digitalis-jatek","12":"product_cat-pc-jatekok","13":"product_cat-whitethorn-jatekok","14":"desktop-align-left","15":"tablet-align-left","16":"mobile-align-left","18":"first","19":"instock","20":"virtual","21":"purchasable","22":"product-type-simple"},"acf":[],"yoast_head":"<!-- This site is optimized with the Yoast SEO Premium plugin v27.4 (Yoast SEO v27.4) - https:\/\/yoast.com\/product\/yoast-seo-premium-wordpress\/ -->\n<title>APICO - Prismagamers.com<\/title>\n<meta name=\"description\" content=\"Az APICO egy szimul\u00e1ci\u00f3s j\u00e1t\u00e9k a m\u00e9hek nevel\u00e9s\u00e9r\u0151l, gy\u0171jt\u00e9s\u00e9r\u0151l \u00e9s v\u00e9delm\u00e9r\u0151l! A buja k\u00f6rnyezetekben j\u00e1tsz\u00f3d\u00f3 APICO egyed\u00fcl\u00e1ll\u00f3 m\u00f3don \u00f6tv\u00f6zi az er\u0151forr\u00e1sgy\u0171jt\u00e9st, a biol\u00f3gi\u00e1t \u00e9s a m\u00e9h\u00e9szeti minij\u00e1t\u00e9kokat, \u00f6tleteket mer\u00edtve a val\u00f3s \u00e9s fant\u00e1zia m\u00e9h\u00e9szet \u00e9s vir\u00e1gk\u00f6t\u00e9szet kever\u00e9k\u00e9b\u0151l.   Glob\u00e1lis  G\u0151z  Digit\u00e1lis kulcs\" \/>\n<meta name=\"robots\" content=\"index, follow, max-snippet:-1, max-image-preview:large, max-video-preview:-1\" \/>\n<link rel=\"canonical\" href=\"https:\/\/prismagamers.com\/hu\/produkt\/apico-pc\/\" \/>\n<meta property=\"og:locale\" content=\"hu_HU\" \/>\n<meta property=\"og:type\" content=\"article\" \/>\n<meta property=\"og:title\" content=\"APICO\" \/>\n<meta property=\"og:description\" content=\"Az APICO egy szimul\u00e1ci\u00f3s j\u00e1t\u00e9k a m\u00e9hek nevel\u00e9s\u00e9r\u0151l, gy\u0171jt\u00e9s\u00e9r\u0151l \u00e9s v\u00e9delm\u00e9r\u0151l! A buja k\u00f6rnyezetekben j\u00e1tsz\u00f3d\u00f3 APICO egyed\u00fcl\u00e1ll\u00f3 m\u00f3don \u00f6tv\u00f6zi az er\u0151forr\u00e1sgy\u0171jt\u00e9st, a biol\u00f3gi\u00e1t \u00e9s a m\u00e9h\u00e9szeti minij\u00e1t\u00e9kokat, \u00f6tleteket mer\u00edtve a val\u00f3s \u00e9s fant\u00e1zia m\u00e9h\u00e9szet \u00e9s vir\u00e1gk\u00f6t\u00e9szet kever\u00e9k\u00e9b\u0151l.   Glob\u00e1lis  G\u0151z  Digit\u00e1lis kulcs\" \/>\n<meta property=\"og:url\" content=\"https:\/\/prismagamers.com\/hu\/produkt\/apico-pc\/\" \/>\n<meta property=\"og:site_name\" content=\"Prismagamers.com\" \/>\n<meta property=\"article:publisher\" content=\"https:\/\/www.facebook.com\/prismagamers\" \/>\n<meta property=\"article:modified_time\" content=\"2026-03-04T23:00:48+00:00\" \/>\n<meta property=\"og:image\" content=\"https:\/\/prismagamers.com\/wp-content\/uploads\/2023\/05\/APICO-1.jpeg\" \/>\n\t<meta property=\"og:image:width\" content=\"350\" \/>\n\t<meta property=\"og:image:height\" content=\"491\" \/>\n\t<meta property=\"og:image:type\" content=\"image\/jpeg\" \/>\n<meta name=\"twitter:card\" content=\"summary_large_image\" \/>\n<meta name=\"twitter:label1\" content=\"Becs\u00fclt olvas\u00e1si id\u0151\" \/>\n\t<meta name=\"twitter:data1\" content=\"2 perc\" \/>\n<script type=\"application\/ld+json\" class=\"yoast-schema-graph\">{\"@context\":\"https:\\\/\\\/schema.org\",\"@graph\":[{\"@type\":\"WebPage\",\"@id\":\"https:\\\/\\\/prismagamers.com\\\/hu\\\/produkt\\\/apico-pc\\\/\",\"url\":\"https:\\\/\\\/prismagamers.com\\\/hu\\\/produkt\\\/apico-pc\\\/\",\"name\":\"APICO - Prismagamers.com\",\"isPartOf\":{\"@id\":\"https:\\\/\\\/prismagamers.com\\\/hu\\\/#website\"},\"primaryImageOfPage\":{\"@id\":\"https:\\\/\\\/prismagamers.com\\\/hu\\\/produkt\\\/apico-pc\\\/#primaryimage\"},\"image\":{\"@id\":\"https:\\\/\\\/prismagamers.com\\\/hu\\\/produkt\\\/apico-pc\\\/#primaryimage\"},\"thumbnailUrl\":\"https:\\\/\\\/prismagamers.com\\\/wp-content\\\/uploads\\\/2023\\\/05\\\/APICO-1.jpeg\",\"datePublished\":\"2023-05-02T15:53:37+00:00\",\"dateModified\":\"2026-03-04T23:00:48+00:00\",\"description\":\"Az APICO egy szimul\u00e1ci\u00f3s j\u00e1t\u00e9k a m\u00e9hek nevel\u00e9s\u00e9r\u0151l, gy\u0171jt\u00e9s\u00e9r\u0151l \u00e9s v\u00e9delm\u00e9r\u0151l! A buja k\u00f6rnyezetekben j\u00e1tsz\u00f3d\u00f3 APICO egyed\u00fcl\u00e1ll\u00f3 m\u00f3don \u00f6tv\u00f6zi az er\u0151forr\u00e1sgy\u0171jt\u00e9st, a biol\u00f3gi\u00e1t \u00e9s a m\u00e9h\u00e9szeti minij\u00e1t\u00e9kokat, \u00f6tleteket mer\u00edtve a val\u00f3s \u00e9s fant\u00e1zia m\u00e9h\u00e9szet \u00e9s vir\u00e1gk\u00f6t\u00e9szet kever\u00e9k\u00e9b\u0151l. Glob\u00e1lis G\u0151z Digit\u00e1lis kulcs\",\"breadcrumb\":{\"@id\":\"https:\\\/\\\/prismagamers.com\\\/hu\\\/produkt\\\/apico-pc\\\/#breadcrumb\"},\"inLanguage\":\"hu\",\"potentialAction\":[{\"@type\":\"ReadAction\",\"target\":[\"https:\\\/\\\/prismagamers.com\\\/hu\\\/produkt\\\/apico-pc\\\/\"]}]},{\"@type\":\"ImageObject\",\"inLanguage\":\"hu\",\"@id\":\"https:\\\/\\\/prismagamers.com\\\/hu\\\/produkt\\\/apico-pc\\\/#primaryimage\",\"url\":\"https:\\\/\\\/prismagamers.com\\\/wp-content\\\/uploads\\\/2023\\\/05\\\/APICO-1.jpeg\",\"contentUrl\":\"https:\\\/\\\/prismagamers.com\\\/wp-content\\\/uploads\\\/2023\\\/05\\\/APICO-1.jpeg\",\"width\":350,\"height\":491},{\"@type\":\"BreadcrumbList\",\"@id\":\"https:\\\/\\\/prismagamers.com\\\/hu\\\/produkt\\\/apico-pc\\\/#breadcrumb\",\"itemListElement\":[{\"@type\":\"ListItem\",\"position\":1,\"name\":\"Strona g\u0142\u00f3wna\",\"item\":\"https:\\\/\\\/prismagamers.com\\\/hu\\\/prismagamers\\\/\"},{\"@type\":\"ListItem\",\"position\":2,\"name\":\"Shop\",\"item\":\"https:\\\/\\\/prismagamers.com\\\/hu\\\/shop\\\/\"},{\"@type\":\"ListItem\",\"position\":3,\"name\":\"APICO\"}]},{\"@type\":\"WebSite\",\"@id\":\"https:\\\/\\\/prismagamers.com\\\/hu\\\/#website\",\"url\":\"https:\\\/\\\/prismagamers.com\\\/hu\\\/\",\"name\":\"Prismagamers\",\"description\":\"Sklep z grami PC I Sklep klucze Steam\",\"publisher\":{\"@id\":\"https:\\\/\\\/prismagamers.com\\\/hu\\\/#organization\"},\"potentialAction\":[{\"@type\":\"SearchAction\",\"target\":{\"@type\":\"EntryPoint\",\"urlTemplate\":\"https:\\\/\\\/prismagamers.com\\\/hu\\\/?s={search_term_string}\"},\"query-input\":{\"@type\":\"PropertyValueSpecification\",\"valueRequired\":true,\"valueName\":\"search_term_string\"}}],\"inLanguage\":\"hu\"},{\"@type\":\"Organization\",\"@id\":\"https:\\\/\\\/prismagamers.com\\\/hu\\\/#organization\",\"name\":\"Prismagamers\",\"url\":\"https:\\\/\\\/prismagamers.com\\\/hu\\\/\",\"logo\":{\"@type\":\"ImageObject\",\"inLanguage\":\"hu\",\"@id\":\"https:\\\/\\\/prismagamers.com\\\/hu\\\/#\\\/schema\\\/logo\\\/image\\\/\",\"url\":\"https:\\\/\\\/prismagamers.com\\\/wp-content\\\/uploads\\\/2022\\\/04\\\/cropped-logo-Prismagamers-01-scaled-1.jpg\",\"contentUrl\":\"https:\\\/\\\/prismagamers.com\\\/wp-content\\\/uploads\\\/2022\\\/04\\\/cropped-logo-Prismagamers-01-scaled-1.jpg\",\"width\":512,\"height\":512,\"caption\":\"Prismagamers\"},\"image\":{\"@id\":\"https:\\\/\\\/prismagamers.com\\\/hu\\\/#\\\/schema\\\/logo\\\/image\\\/\"},\"sameAs\":[\"https:\\\/\\\/www.facebook.com\\\/prismagamers\",\"https:\\\/\\\/www.instagram.com\\\/prismagamers_grycyfrowe\\\/\"],\"description\":\"Prismagamers.com to dynamiczny sklep z grami cyfrowymi, stworzony z my\u015bl\u0105 o entuzjastach gier wideo. Nasza strona oferuje szerok\u0105 gam\u0119 gier komputerowych, w tym najnowsze tytu\u0142y, dobrze znane klasyki oraz gry stworzone przez niezale\u017cne studia Ca\u0142y czas d\u0105\u017cymy do rozszerzenia naszej oferty. Do\u0142\u0105cz do nas i sta\u0144 si\u0119 cz\u0119\u015bci\u0105 naszej rosn\u0105cej spo\u0142eczno\u015bci graczy!\",\"email\":\"shop@prismagamers.com\",\"telephone\":\"48795541705\",\"legalName\":\"East Caravan Maksym \u017bukow\",\"foundingDate\":\"2012-05-10\",\"vatID\":\"PL8943038612\",\"taxID\":\"PL8943038612\",\"numberOfEmployees\":{\"@type\":\"QuantitativeValue\",\"minValue\":\"11\",\"maxValue\":\"50\"}}]}<\/script>\n<!-- \/ Yoast SEO Premium plugin. -->","yoast_head_json":{"title":"APICO - Prismagamers.com","description":"Az APICO egy szimul\u00e1ci\u00f3s j\u00e1t\u00e9k a m\u00e9hek nevel\u00e9s\u00e9r\u0151l, gy\u0171jt\u00e9s\u00e9r\u0151l \u00e9s v\u00e9delm\u00e9r\u0151l! A buja k\u00f6rnyezetekben j\u00e1tsz\u00f3d\u00f3 APICO egyed\u00fcl\u00e1ll\u00f3 m\u00f3don \u00f6tv\u00f6zi az er\u0151forr\u00e1sgy\u0171jt\u00e9st, a biol\u00f3gi\u00e1t \u00e9s a m\u00e9h\u00e9szeti minij\u00e1t\u00e9kokat, \u00f6tleteket mer\u00edtve a val\u00f3s \u00e9s fant\u00e1zia m\u00e9h\u00e9szet \u00e9s vir\u00e1gk\u00f6t\u00e9szet kever\u00e9k\u00e9b\u0151l.   Glob\u00e1lis  G\u0151z  Digit\u00e1lis kulcs","robots":{"index":"index","follow":"follow","max-snippet":"max-snippet:-1","max-image-preview":"max-image-preview:large","max-video-preview":"max-video-preview:-1"},"canonical":"https:\/\/prismagamers.com\/hu\/produkt\/apico-pc\/","og_locale":"hu_HU","og_type":"article","og_title":"APICO","og_description":"Az APICO egy szimul\u00e1ci\u00f3s j\u00e1t\u00e9k a m\u00e9hek nevel\u00e9s\u00e9r\u0151l, gy\u0171jt\u00e9s\u00e9r\u0151l \u00e9s v\u00e9delm\u00e9r\u0151l! A buja k\u00f6rnyezetekben j\u00e1tsz\u00f3d\u00f3 APICO egyed\u00fcl\u00e1ll\u00f3 m\u00f3don \u00f6tv\u00f6zi az er\u0151forr\u00e1sgy\u0171jt\u00e9st, a biol\u00f3gi\u00e1t \u00e9s a m\u00e9h\u00e9szeti minij\u00e1t\u00e9kokat, \u00f6tleteket mer\u00edtve a val\u00f3s \u00e9s fant\u00e1zia m\u00e9h\u00e9szet \u00e9s vir\u00e1gk\u00f6t\u00e9szet kever\u00e9k\u00e9b\u0151l.   Glob\u00e1lis  G\u0151z  Digit\u00e1lis kulcs","og_url":"https:\/\/prismagamers.com\/hu\/produkt\/apico-pc\/","og_site_name":"Prismagamers.com","article_publisher":"https:\/\/www.facebook.com\/prismagamers","article_modified_time":"2026-03-04T23:00:48+00:00","og_image":[{"width":350,"height":491,"url":"https:\/\/prismagamers.com\/wp-content\/uploads\/2023\/05\/APICO-1.jpeg","type":"image\/jpeg"}],"twitter_card":"summary_large_image","twitter_misc":{"Becs\u00fclt olvas\u00e1si id\u0151":"2 perc"},"schema":{"@context":"https:\/\/schema.org","@graph":[{"@type":"WebPage","@id":"https:\/\/prismagamers.com\/hu\/produkt\/apico-pc\/","url":"https:\/\/prismagamers.com\/hu\/produkt\/apico-pc\/","name":"APICO - Prismagamers.com","isPartOf":{"@id":"https:\/\/prismagamers.com\/hu\/#website"},"primaryImageOfPage":{"@id":"https:\/\/prismagamers.com\/hu\/produkt\/apico-pc\/#primaryimage"},"image":{"@id":"https:\/\/prismagamers.com\/hu\/produkt\/apico-pc\/#primaryimage"},"thumbnailUrl":"https:\/\/prismagamers.com\/wp-content\/uploads\/2023\/05\/APICO-1.jpeg","datePublished":"2023-05-02T15:53:37+00:00","dateModified":"2026-03-04T23:00:48+00:00","description":"Az APICO egy szimul\u00e1ci\u00f3s j\u00e1t\u00e9k a m\u00e9hek nevel\u00e9s\u00e9r\u0151l, gy\u0171jt\u00e9s\u00e9r\u0151l \u00e9s v\u00e9delm\u00e9r\u0151l! A buja k\u00f6rnyezetekben j\u00e1tsz\u00f3d\u00f3 APICO egyed\u00fcl\u00e1ll\u00f3 m\u00f3don \u00f6tv\u00f6zi az er\u0151forr\u00e1sgy\u0171jt\u00e9st, a biol\u00f3gi\u00e1t \u00e9s a m\u00e9h\u00e9szeti minij\u00e1t\u00e9kokat, \u00f6tleteket mer\u00edtve a val\u00f3s \u00e9s fant\u00e1zia m\u00e9h\u00e9szet \u00e9s vir\u00e1gk\u00f6t\u00e9szet kever\u00e9k\u00e9b\u0151l. Glob\u00e1lis G\u0151z Digit\u00e1lis kulcs","breadcrumb":{"@id":"https:\/\/prismagamers.com\/hu\/produkt\/apico-pc\/#breadcrumb"},"inLanguage":"hu","potentialAction":[{"@type":"ReadAction","target":["https:\/\/prismagamers.com\/hu\/produkt\/apico-pc\/"]}]},{"@type":"ImageObject","inLanguage":"hu","@id":"https:\/\/prismagamers.com\/hu\/produkt\/apico-pc\/#primaryimage","url":"https:\/\/prismagamers.com\/wp-content\/uploads\/2023\/05\/APICO-1.jpeg","contentUrl":"https:\/\/prismagamers.com\/wp-content\/uploads\/2023\/05\/APICO-1.jpeg","width":350,"height":491},{"@type":"BreadcrumbList","@id":"https:\/\/prismagamers.com\/hu\/produkt\/apico-pc\/#breadcrumb","itemListElement":[{"@type":"ListItem","position":1,"name":"Strona g\u0142\u00f3wna","item":"https:\/\/prismagamers.com\/hu\/prismagamers\/"},{"@type":"ListItem","position":2,"name":"Shop","item":"https:\/\/prismagamers.com\/hu\/shop\/"},{"@type":"ListItem","position":3,"name":"APICO"}]},{"@type":"WebSite","@id":"https:\/\/prismagamers.com\/hu\/#website","url":"https:\/\/prismagamers.com\/hu\/","name":"Prismagamers","description":"Sklep z grami PC I Sklep klucze Steam","publisher":{"@id":"https:\/\/prismagamers.com\/hu\/#organization"},"potentialAction":[{"@type":"SearchAction","target":{"@type":"EntryPoint","urlTemplate":"https:\/\/prismagamers.com\/hu\/?s={search_term_string}"},"query-input":{"@type":"PropertyValueSpecification","valueRequired":true,"valueName":"search_term_string"}}],"inLanguage":"hu"},{"@type":"Organization","@id":"https:\/\/prismagamers.com\/hu\/#organization","name":"Prismagamers","url":"https:\/\/prismagamers.com\/hu\/","logo":{"@type":"ImageObject","inLanguage":"hu","@id":"https:\/\/prismagamers.com\/hu\/#\/schema\/logo\/image\/","url":"https:\/\/prismagamers.com\/wp-content\/uploads\/2022\/04\/cropped-logo-Prismagamers-01-scaled-1.jpg","contentUrl":"https:\/\/prismagamers.com\/wp-content\/uploads\/2022\/04\/cropped-logo-Prismagamers-01-scaled-1.jpg","width":512,"height":512,"caption":"Prismagamers"},"image":{"@id":"https:\/\/prismagamers.com\/hu\/#\/schema\/logo\/image\/"},"sameAs":["https:\/\/www.facebook.com\/prismagamers","https:\/\/www.instagram.com\/prismagamers_grycyfrowe\/"],"description":"Prismagamers.com to dynamiczny sklep z grami cyfrowymi, stworzony z my\u015bl\u0105 o entuzjastach gier wideo. Nasza strona oferuje szerok\u0105 gam\u0119 gier komputerowych, w tym najnowsze tytu\u0142y, dobrze znane klasyki oraz gry stworzone przez niezale\u017cne studia Ca\u0142y czas d\u0105\u017cymy do rozszerzenia naszej oferty. Do\u0142\u0105cz do nas i sta\u0144 si\u0119 cz\u0119\u015bci\u0105 naszej rosn\u0105cej spo\u0142eczno\u015bci graczy!","email":"shop@prismagamers.com","telephone":"48795541705","legalName":"East Caravan Maksym \u017bukow","foundingDate":"2012-05-10","vatID":"PL8943038612","taxID":"PL8943038612","numberOfEmployees":{"@type":"QuantitativeValue","minValue":"11","maxValue":"50"}}]}},"_links":{"self":[{"href":"https:\/\/prismagamers.com\/hu\/wp-json\/wp\/v2\/product\/35074","targetHints":{"allow":["GET"]}}],"collection":[{"href":"https:\/\/prismagamers.com\/hu\/wp-json\/wp\/v2\/product"}],"about":[{"href":"https:\/\/prismagamers.com\/hu\/wp-json\/wp\/v2\/types\/product"}],"wp:featuredmedia":[{"embeddable":true,"href":"https:\/\/prismagamers.com\/hu\/wp-json\/wp\/v2\/media\/25230"}],"wp:attachment":[{"href":"https:\/\/prismagamers.com\/hu\/wp-json\/wp\/v2\/media?parent=35074"}],"wp:term":[{"taxonomy":"product_brand","embeddable":true,"href":"https:\/\/prismagamers.com\/hu\/wp-json\/wp\/v2\/product_brand?post=35074"},{"taxonomy":"product_cat","embeddable":true,"href":"https:\/\/prismagamers.com\/hu\/wp-json\/wp\/v2\/product_cat?post=35074"},{"taxonomy":"product_tag","embeddable":true,"href":"https:\/\/prismagamers.com\/hu\/wp-json\/wp\/v2\/product_tag?post=35074"}],"curies":[{"name":"wp","href":"https:\/\/api.w.org\/{rel}","templated":true}]}}