{"id":35075,"date":"2024-12-02T22:03:09","date_gmt":"2024-12-02T21:03:09","guid":{"rendered":"https:\/\/prismagamers.com\/produkt\/botany-manor-pc-jatek-steam-kulcs\/"},"modified":"2026-03-05T00:00:53","modified_gmt":"2026-03-04T23:00:53","slug":"botany-manor-pc-jatek-steam-kulcs","status":"publish","type":"product","link":"https:\/\/prismagamers.com\/hu\/produkt\/botany-manor-pc-jatek-steam-kulcs\/","title":{"rendered":"Botany Manor (PC j\u00e1t\u00e9k) &#8211; Steam kulcs"},"content":{"rendered":"<p>A <strong>Botany Manor<\/strong> egy els\u0151 szem\u00e9ly\u0171 puzzle j\u00e1t\u00e9k a Steamen, amely egy viktori\u00e1nus angol birtokon j\u00e1tsz\u00f3dik.<\/p>\n<p>Az 1890-ben j\u00e1tsz\u00f3d\u00f3 j\u00e1t\u00e9kban a j\u00e1t\u00e9kos Arabella Greene botanikus szerep\u00e9t veszi \u00e1t, aki a Forgotten Flora c\u00edm\u0171 n\u00f6v\u00e9nykutat\u00f3 k\u00f6nyv\u00e9t pr\u00f3b\u00e1lja befejezni.<\/p>\n<p><img decoding=\"async\" class=\"bb_img aligncenter\" src=\"https:\/\/shared.fastly.steamstatic.com\/store_item_assets\/steam\/apps\/1425350\/extras\/Herbarium_Steam.gif?t=1722879900\"><\/p>\n<p>Fedezze fel a teljes t\u00f6rt\u00e9nelmi angol birtokot \u00e9s annak ter\u00fclet\u00e9t, \u00e9s fedezze fel, hogyan lehet ritka n\u00f6v\u00e9nyeket magr\u00f3l nevelni.<\/p>\n<p><img decoding=\"async\" class=\"bb_img aligncenter\" src=\"https:\/\/shared.fastly.steamstatic.com\/store_item_assets\/steam\/apps\/1425350\/extras\/Potting_Steam.gif?t=1722879900\"><\/p>\n<p>Fedezze fel a sz\u00e1mos szob\u00e1t \u00e9s kertet, mindezt gy\u00f6ny\u00f6r\u0171 vid\u00e9ki k\u00f6rnyezetben.<\/p>\n<p><img decoding=\"async\" class=\"bb_img aligncenter\" src=\"https:\/\/shared.fastly.steamstatic.com\/store_item_assets\/steam\/apps\/1425350\/extras\/Manor_Steam.gif?t=1722879900\"><\/p>\n<p>A birtok tele van felfedez\u00e9sre v\u00e1r\u00f3 titokzatos nyomokkal, k\u00f6zt\u00fck k\u00f6nyvekkel, plak\u00e1tokkal, levelekkel \u00e9s leny\u0171g\u00f6z\u0151 viktori\u00e1nus eszk\u00f6z\u00f6kkel.<\/p>\n<p><img decoding=\"async\" class=\"bb_img aligncenter\" src=\"https:\/\/shared.fastly.steamstatic.com\/store_item_assets\/steam\/apps\/1425350\/extras\/CiderPress_Steam.gif?t=1722879900\"><\/p>\n<p>A n\u00f6v\u00e9nyek, amelyeket termesztesz, fantasztikusak, de m\u00e9gis val\u00f3di term\u00e9szeti jelens\u00e9gek ihlett\u00e9k \u0151ket, \u00edgy n\u00e9melyik\u00fckh\u00f6z nem kell a megszokott keretek k\u00f6z\u00f6tt gondolkodnod. A birtokon rendelkez\u00e9sre \u00e1ll\u00f3 er\u0151forr\u00e1sok felhaszn\u00e1l\u00e1s\u00e1val meg kell teremtened az ide\u00e1lis k\u00f6r\u00fclm\u00e9nyeket az egyes n\u00f6v\u00e9nyek sz\u00e1m\u00e1ra. <\/p>\n<p><img decoding=\"async\" class=\"bb_img aligncenter\" src=\"https:\/\/shared.fastly.steamstatic.com\/store_item_assets\/steam\/apps\/1425350\/extras\/AshPlume_Steam.gif?t=1722879900\"><\/p>\n<p>Szob\u00e1r\u00f3l szob\u00e1ra haladva t\u00f6bbet tudhat meg Arabella \u00e9let\u00e9r\u0151l \u00e9s karrierj\u00e9r\u0151l, valamint azokr\u00f3l a kih\u00edv\u00e1sokr\u00f3l, amelyekkel n\u0151k\u00e9nt szembes\u00fclt, amikor megpr\u00f3b\u00e1lt karriert csin\u00e1lni a tudom\u00e1nyban.<\/p>\n<p><img decoding=\"async\" class=\"bb_img aligncenter\" src=\"https:\/\/shared.fastly.steamstatic.com\/store_item_assets\/steam\/apps\/1425350\/extras\/MothCalendar_Steam.gif?t=1722879900\"><\/p>\n<p><strong>A Botany Manor<\/strong> pihentet\u0151 \u00e9s b\u00e9k\u00e9s k\u00f6rnyezetet k\u00edn\u00e1l &#8211; \u00e1lljon meg egy pillanatra, \u00e9s szagolja meg a r\u00f3zs\u00e1kat.<\/p>\n<p><img decoding=\"async\" class=\"bb_img aligncenter\" src=\"https:\/\/shared.fastly.steamstatic.com\/store_item_assets\/steam\/apps\/1425350\/extras\/FlowerRoom_Steam.gif?t=1722879900\"><\/p>\n","protected":false},"excerpt":{"rendered":"<p class=\"ai-optimize-23\">\u00dcdv\u00f6z\u00f6lj\u00fck <strong>Botany Manorban<\/strong>, egy 19. sz\u00e1zadi angliai kast\u00e9lyban. Arabella Greene, egy nyugd\u00edjas botanikus szerep\u00e9t j\u00e1tszod. Fedezd fel otthon\u00e1t \u00e9s kertj\u00e9t, tele kutat\u00e1ssal, hogy felfedezd a t\u00f6k\u00e9letes k\u00f6r\u00fclm\u00e9nyeket az elfeledett n\u00f6v\u00e9nyek sz\u00e1m\u00e1ra. Termessz minden egyes n\u00f6v\u00e9nyt, hogy felfedezd a benn\u00fck rejl\u0151 titokzatos tulajdons\u00e1gokat&#8230;..   <\/p>\n<p class=\"ai-optimize-24\">\ud83c\udf0d Glob\u00e1lis<br \/>\n\u2699\ufe0f Steam<br \/>\n\ud83d\udddd Digit\u00e1lis kulcs<\/p>\n","protected":false},"featured_media":33207,"template":"","meta":{"_acf_changed":false,"site-sidebar-layout":"default","site-content-layout":"","ast-site-content-layout":"default","site-content-style":"default","site-sidebar-style":"default","ast-global-header-display":"","ast-banner-title-visibility":"","ast-main-header-display":"","ast-hfb-above-header-display":"","ast-hfb-below-header-display":"","ast-hfb-mobile-header-display":"","site-post-title":"","ast-breadcrumbs-content":"","ast-featured-img":"","footer-sml-layout":"","ast-disable-related-posts":"","theme-transparent-header-meta":"default","adv-header-id-meta":"","stick-header-meta":"","header-above-stick-meta":"","header-main-stick-meta":"","header-below-stick-meta":"","astra-migrate-meta-layouts":"default","ast-page-background-enabled":"default","ast-page-background-meta":{"desktop":{"background-color":"var(--ast-global-color-4)","background-image":"","background-repeat":"repeat","background-position":"center center","background-size":"auto","background-attachment":"scroll","background-type":"","background-media":"","overlay-type":"","overlay-color":"","overlay-opacity":"","overlay-gradient":""},"tablet":{"background-color":"","background-image":"","background-repeat":"repeat","background-position":"center center","background-size":"auto","background-attachment":"scroll","background-type":"","background-media":"","overlay-type":"","overlay-color":"","overlay-opacity":"","overlay-gradient":""},"mobile":{"background-color":"","background-image":"","background-repeat":"repeat","background-position":"center center","background-size":"auto","background-attachment":"scroll","background-type":"","background-media":"","overlay-type":"","overlay-color":"","overlay-opacity":"","overlay-gradient":""}},"ast-content-background-meta":{"desktop":{"background-color":"var(--ast-global-color-5)","background-image":"","background-repeat":"repeat","background-position":"center center","background-size":"auto","background-attachment":"scroll","background-type":"","background-media":"","overlay-type":"","overlay-color":"","overlay-opacity":"","overlay-gradient":""},"tablet":{"background-color":"var(--ast-global-color-5)","background-image":"","background-repeat":"repeat","background-position":"center center","background-size":"auto","background-attachment":"scroll","background-type":"","background-media":"","overlay-type":"","overlay-color":"","overlay-opacity":"","overlay-gradient":""},"mobile":{"background-color":"var(--ast-global-color-5)","background-image":"","background-repeat":"repeat","background-position":"center center","background-size":"auto","background-attachment":"scroll","background-type":"","background-media":"","overlay-type":"","overlay-color":"","overlay-opacity":"","overlay-gradient":""}}},"product_brand":[],"product_cat":[369,365,363,367,393],"product_tag":[],"class_list":{"0":"post-35075","1":"product","2":"type-product","3":"status-publish","4":"has-post-thumbnail","6":"product_cat-csarnokok","7":"product_cat-goz","8":"product_cat-kaland-jatekok","9":"product_cat-pc-jatekok","10":"product_cat-whitethorn-jatekok","11":"desktop-align-left","12":"tablet-align-left","13":"mobile-align-left","15":"first","16":"instock","17":"virtual","18":"purchasable","19":"product-type-simple"},"acf":[],"yoast_head":"<!-- This site is optimized with the Yoast SEO Premium plugin v27.4 (Yoast SEO v27.4) - https:\/\/yoast.com\/product\/yoast-seo-premium-wordpress\/ -->\n<title>Botany Manor (PC j\u00e1t\u00e9k) - Steam kulcs - Prismagamers.com<\/title>\n<meta name=\"description\" content=\"\u00dcdv\u00f6z\u00f6lj\u00fck Botany Manorban, egy 19. sz\u00e1zadi angliai kast\u00e9lyban. Arabella Greene, egy nyugd\u00edjas botanikus szerep\u00e9t j\u00e1tszod. Fedezd fel otthon\u00e1t \u00e9s kertj\u00e9t, tele kutat\u00e1ssal, hogy felfedezd a t\u00f6k\u00e9letes k\u00f6r\u00fclm\u00e9nyeket az elfeledett n\u00f6v\u00e9nyek sz\u00e1m\u00e1ra. Termessz minden egyes n\u00f6v\u00e9nyt, hogy felfedezd a benn\u00fck rejl\u0151 titokzatos tulajdons\u00e1gokat.....  \ud83c\udf0d Glob\u00e1lis \u2699\ufe0f Steam \ud83d\udddd Digit\u00e1lis kulcs\" \/>\n<meta name=\"robots\" content=\"index, follow, max-snippet:-1, max-image-preview:large, max-video-preview:-1\" \/>\n<link rel=\"canonical\" href=\"https:\/\/prismagamers.com\/hu\/produkt\/botany-manor-pc-jatek-steam-kulcs\/\" \/>\n<meta property=\"og:locale\" content=\"hu_HU\" \/>\n<meta property=\"og:type\" content=\"article\" \/>\n<meta property=\"og:title\" content=\"Botany Manor (PC j\u00e1t\u00e9k) - Steam kulcs\" \/>\n<meta property=\"og:description\" content=\"\u00dcdv\u00f6z\u00f6lj\u00fck Botany Manorban, egy 19. sz\u00e1zadi angliai kast\u00e9lyban. Arabella Greene, egy nyugd\u00edjas botanikus szerep\u00e9t j\u00e1tszod. Fedezd fel otthon\u00e1t \u00e9s kertj\u00e9t, tele kutat\u00e1ssal, hogy felfedezd a t\u00f6k\u00e9letes k\u00f6r\u00fclm\u00e9nyeket az elfeledett n\u00f6v\u00e9nyek sz\u00e1m\u00e1ra. Termessz minden egyes n\u00f6v\u00e9nyt, hogy felfedezd a benn\u00fck rejl\u0151 titokzatos tulajdons\u00e1gokat.....  \ud83c\udf0d Glob\u00e1lis \u2699\ufe0f Steam \ud83d\udddd Digit\u00e1lis kulcs\" \/>\n<meta property=\"og:url\" content=\"https:\/\/prismagamers.com\/hu\/produkt\/botany-manor-pc-jatek-steam-kulcs\/\" \/>\n<meta property=\"og:site_name\" content=\"Prismagamers.com\" \/>\n<meta property=\"article:publisher\" content=\"https:\/\/www.facebook.com\/prismagamers\" \/>\n<meta property=\"article:modified_time\" content=\"2026-03-04T23:00:53+00:00\" \/>\n<meta property=\"og:image\" content=\"https:\/\/prismagamers.com\/wp-content\/uploads\/2024\/12\/Botany-Manor_cover-e1733173285720.jpg\" \/>\n\t<meta property=\"og:image:width\" content=\"300\" \/>\n\t<meta property=\"og:image:height\" content=\"450\" \/>\n\t<meta property=\"og:image:type\" content=\"image\/jpeg\" \/>\n<meta name=\"twitter:card\" content=\"summary_large_image\" \/>\n<meta name=\"twitter:label1\" content=\"Becs\u00fclt olvas\u00e1si id\u0151\" \/>\n\t<meta name=\"twitter:data1\" content=\"1 perc\" \/>\n<script type=\"application\/ld+json\" class=\"yoast-schema-graph\">{\"@context\":\"https:\\\/\\\/schema.org\",\"@graph\":[{\"@type\":\"WebPage\",\"@id\":\"https:\\\/\\\/prismagamers.com\\\/hu\\\/produkt\\\/botany-manor-pc-jatek-steam-kulcs\\\/\",\"url\":\"https:\\\/\\\/prismagamers.com\\\/hu\\\/produkt\\\/botany-manor-pc-jatek-steam-kulcs\\\/\",\"name\":\"Botany Manor (PC j\u00e1t\u00e9k) - Steam kulcs - Prismagamers.com\",\"isPartOf\":{\"@id\":\"https:\\\/\\\/prismagamers.com\\\/hu\\\/#website\"},\"primaryImageOfPage\":{\"@id\":\"https:\\\/\\\/prismagamers.com\\\/hu\\\/produkt\\\/botany-manor-pc-jatek-steam-kulcs\\\/#primaryimage\"},\"image\":{\"@id\":\"https:\\\/\\\/prismagamers.com\\\/hu\\\/produkt\\\/botany-manor-pc-jatek-steam-kulcs\\\/#primaryimage\"},\"thumbnailUrl\":\"https:\\\/\\\/prismagamers.com\\\/wp-content\\\/uploads\\\/2024\\\/12\\\/Botany-Manor_cover-e1733173285720.jpg\",\"datePublished\":\"2024-12-02T21:03:09+00:00\",\"dateModified\":\"2026-03-04T23:00:53+00:00\",\"description\":\"\u00dcdv\u00f6z\u00f6lj\u00fck Botany Manorban, egy 19. sz\u00e1zadi angliai kast\u00e9lyban. Arabella Greene, egy nyugd\u00edjas botanikus szerep\u00e9t j\u00e1tszod. Fedezd fel otthon\u00e1t \u00e9s kertj\u00e9t, tele kutat\u00e1ssal, hogy felfedezd a t\u00f6k\u00e9letes k\u00f6r\u00fclm\u00e9nyeket az elfeledett n\u00f6v\u00e9nyek sz\u00e1m\u00e1ra. Termessz minden egyes n\u00f6v\u00e9nyt, hogy felfedezd a benn\u00fck rejl\u0151 titokzatos tulajdons\u00e1gokat..... \ud83c\udf0d Glob\u00e1lis \u2699\ufe0f Steam \ud83d\udddd Digit\u00e1lis kulcs\",\"breadcrumb\":{\"@id\":\"https:\\\/\\\/prismagamers.com\\\/hu\\\/produkt\\\/botany-manor-pc-jatek-steam-kulcs\\\/#breadcrumb\"},\"inLanguage\":\"hu\",\"potentialAction\":[{\"@type\":\"ReadAction\",\"target\":[\"https:\\\/\\\/prismagamers.com\\\/hu\\\/produkt\\\/botany-manor-pc-jatek-steam-kulcs\\\/\"]}]},{\"@type\":\"ImageObject\",\"inLanguage\":\"hu\",\"@id\":\"https:\\\/\\\/prismagamers.com\\\/hu\\\/produkt\\\/botany-manor-pc-jatek-steam-kulcs\\\/#primaryimage\",\"url\":\"https:\\\/\\\/prismagamers.com\\\/wp-content\\\/uploads\\\/2024\\\/12\\\/Botany-Manor_cover-e1733173285720.jpg\",\"contentUrl\":\"https:\\\/\\\/prismagamers.com\\\/wp-content\\\/uploads\\\/2024\\\/12\\\/Botany-Manor_cover-e1733173285720.jpg\",\"width\":300,\"height\":450},{\"@type\":\"BreadcrumbList\",\"@id\":\"https:\\\/\\\/prismagamers.com\\\/hu\\\/produkt\\\/botany-manor-pc-jatek-steam-kulcs\\\/#breadcrumb\",\"itemListElement\":[{\"@type\":\"ListItem\",\"position\":1,\"name\":\"Strona g\u0142\u00f3wna\",\"item\":\"https:\\\/\\\/prismagamers.com\\\/hu\\\/prismagamers\\\/\"},{\"@type\":\"ListItem\",\"position\":2,\"name\":\"Shop\",\"item\":\"https:\\\/\\\/prismagamers.com\\\/hu\\\/shop\\\/\"},{\"@type\":\"ListItem\",\"position\":3,\"name\":\"Botany Manor (PC j\u00e1t\u00e9k) &#8211; Steam kulcs\"}]},{\"@type\":\"WebSite\",\"@id\":\"https:\\\/\\\/prismagamers.com\\\/hu\\\/#website\",\"url\":\"https:\\\/\\\/prismagamers.com\\\/hu\\\/\",\"name\":\"Prismagamers\",\"description\":\"Sklep z grami PC I Sklep klucze Steam\",\"publisher\":{\"@id\":\"https:\\\/\\\/prismagamers.com\\\/hu\\\/#organization\"},\"potentialAction\":[{\"@type\":\"SearchAction\",\"target\":{\"@type\":\"EntryPoint\",\"urlTemplate\":\"https:\\\/\\\/prismagamers.com\\\/hu\\\/?s={search_term_string}\"},\"query-input\":{\"@type\":\"PropertyValueSpecification\",\"valueRequired\":true,\"valueName\":\"search_term_string\"}}],\"inLanguage\":\"hu\"},{\"@type\":\"Organization\",\"@id\":\"https:\\\/\\\/prismagamers.com\\\/hu\\\/#organization\",\"name\":\"Prismagamers\",\"url\":\"https:\\\/\\\/prismagamers.com\\\/hu\\\/\",\"logo\":{\"@type\":\"ImageObject\",\"inLanguage\":\"hu\",\"@id\":\"https:\\\/\\\/prismagamers.com\\\/hu\\\/#\\\/schema\\\/logo\\\/image\\\/\",\"url\":\"https:\\\/\\\/prismagamers.com\\\/wp-content\\\/uploads\\\/2022\\\/04\\\/cropped-logo-Prismagamers-01-scaled-1.jpg\",\"contentUrl\":\"https:\\\/\\\/prismagamers.com\\\/wp-content\\\/uploads\\\/2022\\\/04\\\/cropped-logo-Prismagamers-01-scaled-1.jpg\",\"width\":512,\"height\":512,\"caption\":\"Prismagamers\"},\"image\":{\"@id\":\"https:\\\/\\\/prismagamers.com\\\/hu\\\/#\\\/schema\\\/logo\\\/image\\\/\"},\"sameAs\":[\"https:\\\/\\\/www.facebook.com\\\/prismagamers\",\"https:\\\/\\\/www.instagram.com\\\/prismagamers_grycyfrowe\\\/\"],\"description\":\"Prismagamers.com to dynamiczny sklep z grami cyfrowymi, stworzony z my\u015bl\u0105 o entuzjastach gier wideo. Nasza strona oferuje szerok\u0105 gam\u0119 gier komputerowych, w tym najnowsze tytu\u0142y, dobrze znane klasyki oraz gry stworzone przez niezale\u017cne studia Ca\u0142y czas d\u0105\u017cymy do rozszerzenia naszej oferty. Do\u0142\u0105cz do nas i sta\u0144 si\u0119 cz\u0119\u015bci\u0105 naszej rosn\u0105cej spo\u0142eczno\u015bci graczy!\",\"email\":\"shop@prismagamers.com\",\"telephone\":\"48795541705\",\"legalName\":\"East Caravan Maksym \u017bukow\",\"foundingDate\":\"2012-05-10\",\"vatID\":\"PL8943038612\",\"taxID\":\"PL8943038612\",\"numberOfEmployees\":{\"@type\":\"QuantitativeValue\",\"minValue\":\"11\",\"maxValue\":\"50\"}}]}<\/script>\n<!-- \/ Yoast SEO Premium plugin. -->","yoast_head_json":{"title":"Botany Manor (PC j\u00e1t\u00e9k) - Steam kulcs - Prismagamers.com","description":"\u00dcdv\u00f6z\u00f6lj\u00fck Botany Manorban, egy 19. sz\u00e1zadi angliai kast\u00e9lyban. Arabella Greene, egy nyugd\u00edjas botanikus szerep\u00e9t j\u00e1tszod. Fedezd fel otthon\u00e1t \u00e9s kertj\u00e9t, tele kutat\u00e1ssal, hogy felfedezd a t\u00f6k\u00e9letes k\u00f6r\u00fclm\u00e9nyeket az elfeledett n\u00f6v\u00e9nyek sz\u00e1m\u00e1ra. Termessz minden egyes n\u00f6v\u00e9nyt, hogy felfedezd a benn\u00fck rejl\u0151 titokzatos tulajdons\u00e1gokat.....  \ud83c\udf0d Glob\u00e1lis \u2699\ufe0f Steam \ud83d\udddd Digit\u00e1lis kulcs","robots":{"index":"index","follow":"follow","max-snippet":"max-snippet:-1","max-image-preview":"max-image-preview:large","max-video-preview":"max-video-preview:-1"},"canonical":"https:\/\/prismagamers.com\/hu\/produkt\/botany-manor-pc-jatek-steam-kulcs\/","og_locale":"hu_HU","og_type":"article","og_title":"Botany Manor (PC j\u00e1t\u00e9k) - Steam kulcs","og_description":"\u00dcdv\u00f6z\u00f6lj\u00fck Botany Manorban, egy 19. sz\u00e1zadi angliai kast\u00e9lyban. Arabella Greene, egy nyugd\u00edjas botanikus szerep\u00e9t j\u00e1tszod. Fedezd fel otthon\u00e1t \u00e9s kertj\u00e9t, tele kutat\u00e1ssal, hogy felfedezd a t\u00f6k\u00e9letes k\u00f6r\u00fclm\u00e9nyeket az elfeledett n\u00f6v\u00e9nyek sz\u00e1m\u00e1ra. Termessz minden egyes n\u00f6v\u00e9nyt, hogy felfedezd a benn\u00fck rejl\u0151 titokzatos tulajdons\u00e1gokat.....  \ud83c\udf0d Glob\u00e1lis \u2699\ufe0f Steam \ud83d\udddd Digit\u00e1lis kulcs","og_url":"https:\/\/prismagamers.com\/hu\/produkt\/botany-manor-pc-jatek-steam-kulcs\/","og_site_name":"Prismagamers.com","article_publisher":"https:\/\/www.facebook.com\/prismagamers","article_modified_time":"2026-03-04T23:00:53+00:00","og_image":[{"width":300,"height":450,"url":"https:\/\/prismagamers.com\/wp-content\/uploads\/2024\/12\/Botany-Manor_cover-e1733173285720.jpg","type":"image\/jpeg"}],"twitter_card":"summary_large_image","twitter_misc":{"Becs\u00fclt olvas\u00e1si id\u0151":"1 perc"},"schema":{"@context":"https:\/\/schema.org","@graph":[{"@type":"WebPage","@id":"https:\/\/prismagamers.com\/hu\/produkt\/botany-manor-pc-jatek-steam-kulcs\/","url":"https:\/\/prismagamers.com\/hu\/produkt\/botany-manor-pc-jatek-steam-kulcs\/","name":"Botany Manor (PC j\u00e1t\u00e9k) - Steam kulcs - Prismagamers.com","isPartOf":{"@id":"https:\/\/prismagamers.com\/hu\/#website"},"primaryImageOfPage":{"@id":"https:\/\/prismagamers.com\/hu\/produkt\/botany-manor-pc-jatek-steam-kulcs\/#primaryimage"},"image":{"@id":"https:\/\/prismagamers.com\/hu\/produkt\/botany-manor-pc-jatek-steam-kulcs\/#primaryimage"},"thumbnailUrl":"https:\/\/prismagamers.com\/wp-content\/uploads\/2024\/12\/Botany-Manor_cover-e1733173285720.jpg","datePublished":"2024-12-02T21:03:09+00:00","dateModified":"2026-03-04T23:00:53+00:00","description":"\u00dcdv\u00f6z\u00f6lj\u00fck Botany Manorban, egy 19. sz\u00e1zadi angliai kast\u00e9lyban. Arabella Greene, egy nyugd\u00edjas botanikus szerep\u00e9t j\u00e1tszod. Fedezd fel otthon\u00e1t \u00e9s kertj\u00e9t, tele kutat\u00e1ssal, hogy felfedezd a t\u00f6k\u00e9letes k\u00f6r\u00fclm\u00e9nyeket az elfeledett n\u00f6v\u00e9nyek sz\u00e1m\u00e1ra. Termessz minden egyes n\u00f6v\u00e9nyt, hogy felfedezd a benn\u00fck rejl\u0151 titokzatos tulajdons\u00e1gokat..... \ud83c\udf0d Glob\u00e1lis \u2699\ufe0f Steam \ud83d\udddd Digit\u00e1lis kulcs","breadcrumb":{"@id":"https:\/\/prismagamers.com\/hu\/produkt\/botany-manor-pc-jatek-steam-kulcs\/#breadcrumb"},"inLanguage":"hu","potentialAction":[{"@type":"ReadAction","target":["https:\/\/prismagamers.com\/hu\/produkt\/botany-manor-pc-jatek-steam-kulcs\/"]}]},{"@type":"ImageObject","inLanguage":"hu","@id":"https:\/\/prismagamers.com\/hu\/produkt\/botany-manor-pc-jatek-steam-kulcs\/#primaryimage","url":"https:\/\/prismagamers.com\/wp-content\/uploads\/2024\/12\/Botany-Manor_cover-e1733173285720.jpg","contentUrl":"https:\/\/prismagamers.com\/wp-content\/uploads\/2024\/12\/Botany-Manor_cover-e1733173285720.jpg","width":300,"height":450},{"@type":"BreadcrumbList","@id":"https:\/\/prismagamers.com\/hu\/produkt\/botany-manor-pc-jatek-steam-kulcs\/#breadcrumb","itemListElement":[{"@type":"ListItem","position":1,"name":"Strona g\u0142\u00f3wna","item":"https:\/\/prismagamers.com\/hu\/prismagamers\/"},{"@type":"ListItem","position":2,"name":"Shop","item":"https:\/\/prismagamers.com\/hu\/shop\/"},{"@type":"ListItem","position":3,"name":"Botany Manor (PC j\u00e1t\u00e9k) &#8211; Steam kulcs"}]},{"@type":"WebSite","@id":"https:\/\/prismagamers.com\/hu\/#website","url":"https:\/\/prismagamers.com\/hu\/","name":"Prismagamers","description":"Sklep z grami PC I Sklep klucze Steam","publisher":{"@id":"https:\/\/prismagamers.com\/hu\/#organization"},"potentialAction":[{"@type":"SearchAction","target":{"@type":"EntryPoint","urlTemplate":"https:\/\/prismagamers.com\/hu\/?s={search_term_string}"},"query-input":{"@type":"PropertyValueSpecification","valueRequired":true,"valueName":"search_term_string"}}],"inLanguage":"hu"},{"@type":"Organization","@id":"https:\/\/prismagamers.com\/hu\/#organization","name":"Prismagamers","url":"https:\/\/prismagamers.com\/hu\/","logo":{"@type":"ImageObject","inLanguage":"hu","@id":"https:\/\/prismagamers.com\/hu\/#\/schema\/logo\/image\/","url":"https:\/\/prismagamers.com\/wp-content\/uploads\/2022\/04\/cropped-logo-Prismagamers-01-scaled-1.jpg","contentUrl":"https:\/\/prismagamers.com\/wp-content\/uploads\/2022\/04\/cropped-logo-Prismagamers-01-scaled-1.jpg","width":512,"height":512,"caption":"Prismagamers"},"image":{"@id":"https:\/\/prismagamers.com\/hu\/#\/schema\/logo\/image\/"},"sameAs":["https:\/\/www.facebook.com\/prismagamers","https:\/\/www.instagram.com\/prismagamers_grycyfrowe\/"],"description":"Prismagamers.com to dynamiczny sklep z grami cyfrowymi, stworzony z my\u015bl\u0105 o entuzjastach gier wideo. Nasza strona oferuje szerok\u0105 gam\u0119 gier komputerowych, w tym najnowsze tytu\u0142y, dobrze znane klasyki oraz gry stworzone przez niezale\u017cne studia Ca\u0142y czas d\u0105\u017cymy do rozszerzenia naszej oferty. Do\u0142\u0105cz do nas i sta\u0144 si\u0119 cz\u0119\u015bci\u0105 naszej rosn\u0105cej spo\u0142eczno\u015bci graczy!","email":"shop@prismagamers.com","telephone":"48795541705","legalName":"East Caravan Maksym \u017bukow","foundingDate":"2012-05-10","vatID":"PL8943038612","taxID":"PL8943038612","numberOfEmployees":{"@type":"QuantitativeValue","minValue":"11","maxValue":"50"}}]}},"_links":{"self":[{"href":"https:\/\/prismagamers.com\/hu\/wp-json\/wp\/v2\/product\/35075","targetHints":{"allow":["GET"]}}],"collection":[{"href":"https:\/\/prismagamers.com\/hu\/wp-json\/wp\/v2\/product"}],"about":[{"href":"https:\/\/prismagamers.com\/hu\/wp-json\/wp\/v2\/types\/product"}],"wp:featuredmedia":[{"embeddable":true,"href":"https:\/\/prismagamers.com\/hu\/wp-json\/wp\/v2\/media\/33207"}],"wp:attachment":[{"href":"https:\/\/prismagamers.com\/hu\/wp-json\/wp\/v2\/media?parent=35075"}],"wp:term":[{"taxonomy":"product_brand","embeddable":true,"href":"https:\/\/prismagamers.com\/hu\/wp-json\/wp\/v2\/product_brand?post=35075"},{"taxonomy":"product_cat","embeddable":true,"href":"https:\/\/prismagamers.com\/hu\/wp-json\/wp\/v2\/product_cat?post=35075"},{"taxonomy":"product_tag","embeddable":true,"href":"https:\/\/prismagamers.com\/hu\/wp-json\/wp\/v2\/product_tag?post=35075"}],"curies":[{"name":"wp","href":"https:\/\/api.w.org\/{rel}","templated":true}]}}