{"id":35076,"date":"2024-12-02T22:24:50","date_gmt":"2024-12-02T21:24:50","guid":{"rendered":"https:\/\/prismagamers.com\/produkt\/the-forest-cathedral-pc-jatek-steam-key\/"},"modified":"2026-03-05T00:00:43","modified_gmt":"2026-03-04T23:00:43","slug":"the-forest-cathedral-pc-jatek-steam-key","status":"publish","type":"product","link":"https:\/\/prismagamers.com\/hu\/produkt\/the-forest-cathedral-pc-jatek-steam-key\/","title":{"rendered":"The Forest Cathedral (PC j\u00e1t\u00e9k) &#8211; Steam key"},"content":{"rendered":"<p><strong>A The Forest Cathedral<\/strong> egy PC-s kalandj\u00e1t\u00e9k &#8211; egy els\u0151 szem\u00e9ly\u0171, k\u00f6rnyezeti thriller, amely egy elszigetelt szigeten j\u00e1tsz\u00f3dik. A j\u00e1t\u00e9kosok Rachel Carson tud\u00f3s szerep\u00e9be b\u00fajva megpr\u00f3b\u00e1lj\u00e1k kider\u00edteni, hogy mi\u00e9rt nem engedi el a sziget. A j\u00e1t\u00e9k Rachel Carson elnyom\u00e1si k\u00eds\u00e9rleteinek t\u00f6rt\u00e9net\u00e9t mes\u00e9li el \u00fajra, amelyek a DDT nev\u0171 n\u00f6v\u00e9nyv\u00e9d\u0151szer k\u00e1ros volt\u00e1r\u00f3l sz\u00f3l\u00f3 felfedez\u00e9seihez vezettek.  <\/p>\n<p><img decoding=\"async\" class=\"bb_img aligncenter\" src=\"https:\/\/shared.fastly.steamstatic.com\/store_item_assets\/steam\/apps\/1271310\/extras\/TFC-5.gif?t=1727469564\"><\/p>\n<p>Fedezze fel fokozatosan a DDT hat\u00e1sait Rachel Carson t\u00f6rt\u00e9net\u00e9nek dr\u00e1mai \u00fajra\u00e9rtelmez\u00e9s\u00e9ben. Haszn\u00e1ld a fejlett k\u00f6rnyezetv\u00e9delmi technol\u00f3gi\u00e1t a kapcsol\u00f3d\u00f3 2D\/3D rejtv\u00e9nyek megold\u00e1s\u00e1hoz. <\/p>\n<p><img decoding=\"async\" class=\"bb_img aligncenter\" src=\"https:\/\/shared.fastly.steamstatic.com\/store_item_assets\/steam\/apps\/1271310\/extras\/TFC-4.gif?t=1727469564\"><\/p>\n<p><strong>A The Forest<\/strong> Cathedralban a j\u00e1t\u00e9kosok megtapasztalhatj\u00e1k:<\/p>\n<ul>\n<li>A 2D platformj\u00e1t\u00e9k \u00e9s a 3D felfedez\u00e9s egyed\u00fcl\u00e1ll\u00f3 kombin\u00e1ci\u00f3ja<\/li>\n<li>Rachel Carson t\u00f6rt\u00e9net\u00e9nek dr\u00e1mai \u00fajra\u00e9rtelmez\u00e9se<\/li>\n<li>Egy gondosan megtervezett, erd\u0151vel bor\u00edtott szigetet fedezhetsz fel<\/li>\n<li>Teljesen r\u00f6gz\u00edtett p\u00e1rbesz\u00e9d \u00e9s narr\u00e1ci\u00f3<\/li>\n<li>Mag\u00e1val ragad\u00f3 eredeti hangs\u00e1v<\/li>\n<\/ul>\n","protected":false},"excerpt":{"rendered":"<p class=\"ai-optimize-21\"><strong>A The Forest Cathedral<\/strong> egy pzygodikus j\u00e1t\u00e9k &#8211; egy els\u0151 szem\u00e9ly\u0171 k\u00f6rnyezeti thriller, amely egy elszigetelt szigeten j\u00e1tsz\u00f3dik. Rachel Carson tud\u00f3s szerep\u00e9be b\u00fajva a j\u00e1t\u00e9kosok fokozatosan felfedezik a DDT hat\u00e1sait, \u00e9s fejlett k\u00f6rnyezetv\u00e9delmi technol\u00f3gi\u00e1t haszn\u00e1lva megoldj\u00e1k a kapcsol\u00f3d\u00f3 2D\/3D rejtv\u00e9nyeket a <em>Tavaszi csend<\/em> dr\u00e1mai \u00fajra\u00e9rtelmez\u00e9s\u00e9ben. <\/p>\n<p class=\"ai-optimize-22\">\ud83c\udf0d Glob\u00e1lis<br \/>\n\u2699\ufe0f Steam<br \/>\n\ud83d\udddd Digit\u00e1lis kulcs<\/p>\n","protected":false},"featured_media":33211,"template":"","meta":{"_acf_changed":false,"site-sidebar-layout":"default","site-content-layout":"","ast-site-content-layout":"default","site-content-style":"default","site-sidebar-style":"default","ast-global-header-display":"","ast-banner-title-visibility":"","ast-main-header-display":"","ast-hfb-above-header-display":"","ast-hfb-below-header-display":"","ast-hfb-mobile-header-display":"","site-post-title":"","ast-breadcrumbs-content":"","ast-featured-img":"","footer-sml-layout":"","ast-disable-related-posts":"","theme-transparent-header-meta":"default","adv-header-id-meta":"","stick-header-meta":"","header-above-stick-meta":"","header-main-stick-meta":"","header-below-stick-meta":"","astra-migrate-meta-layouts":"default","ast-page-background-enabled":"default","ast-page-background-meta":{"desktop":{"background-color":"var(--ast-global-color-4)","background-image":"","background-repeat":"repeat","background-position":"center center","background-size":"auto","background-attachment":"scroll","background-type":"","background-media":"","overlay-type":"","overlay-color":"","overlay-opacity":"","overlay-gradient":""},"tablet":{"background-color":"","background-image":"","background-repeat":"repeat","background-position":"center center","background-size":"auto","background-attachment":"scroll","background-type":"","background-media":"","overlay-type":"","overlay-color":"","overlay-opacity":"","overlay-gradient":""},"mobile":{"background-color":"","background-image":"","background-repeat":"repeat","background-position":"center center","background-size":"auto","background-attachment":"scroll","background-type":"","background-media":"","overlay-type":"","overlay-color":"","overlay-opacity":"","overlay-gradient":""}},"ast-content-background-meta":{"desktop":{"background-color":"var(--ast-global-color-5)","background-image":"","background-repeat":"repeat","background-position":"center center","background-size":"auto","background-attachment":"scroll","background-type":"","background-media":"","overlay-type":"","overlay-color":"","overlay-opacity":"","overlay-gradient":""},"tablet":{"background-color":"var(--ast-global-color-5)","background-image":"","background-repeat":"repeat","background-position":"center center","background-size":"auto","background-attachment":"scroll","background-type":"","background-media":"","overlay-type":"","overlay-color":"","overlay-opacity":"","overlay-gradient":""},"mobile":{"background-color":"var(--ast-global-color-5)","background-image":"","background-repeat":"repeat","background-position":"center center","background-size":"auto","background-attachment":"scroll","background-type":"","background-media":"","overlay-type":"","overlay-color":"","overlay-opacity":"","overlay-gradient":""}}},"product_brand":[],"product_cat":[369,365,363,367,393],"product_tag":[370],"class_list":{"0":"post-35076","1":"product","2":"type-product","3":"status-publish","4":"has-post-thumbnail","6":"product_cat-csarnokok","7":"product_cat-goz","8":"product_cat-kaland-jatekok","9":"product_cat-pc-jatekok","10":"product_cat-whitethorn-jatekok","11":"product_tag-pid-tel","12":"desktop-align-left","13":"tablet-align-left","14":"mobile-align-left","16":"first","17":"instock","18":"virtual","19":"purchasable","20":"product-type-simple"},"acf":[],"yoast_head":"<!-- This site is optimized with the Yoast SEO Premium plugin v27.4 (Yoast SEO v27.4) - https:\/\/yoast.com\/product\/yoast-seo-premium-wordpress\/ -->\n<title>The Forest Cathedral (PC j\u00e1t\u00e9k) - Steam key - Prismagamers.com<\/title>\n<meta name=\"description\" content=\"A The Forest Cathedral egy pzygodikus j\u00e1t\u00e9k - egy els\u0151 szem\u00e9ly\u0171 k\u00f6rnyezeti thriller, amely egy elszigetelt szigeten j\u00e1tsz\u00f3dik. Rachel Carson tud\u00f3s szerep\u00e9be b\u00fajva a j\u00e1t\u00e9kosok fokozatosan felfedezik a DDT hat\u00e1sait, \u00e9s fejlett k\u00f6rnyezetv\u00e9delmi technol\u00f3gi\u00e1t haszn\u00e1lva megoldj\u00e1k a kapcsol\u00f3d\u00f3 2D\/3D rejtv\u00e9nyeket a Tavaszi csend dr\u00e1mai \u00fajra\u00e9rtelmez\u00e9s\u00e9ben. \ud83c\udf0d Glob\u00e1lis \u2699\ufe0f Steam \ud83d\udddd Digit\u00e1lis kulcs\" \/>\n<meta name=\"robots\" content=\"index, follow, max-snippet:-1, max-image-preview:large, max-video-preview:-1\" \/>\n<link rel=\"canonical\" href=\"https:\/\/prismagamers.com\/hu\/produkt\/the-forest-cathedral-pc-jatek-steam-key\/\" \/>\n<meta property=\"og:locale\" content=\"hu_HU\" \/>\n<meta property=\"og:type\" content=\"article\" \/>\n<meta property=\"og:title\" content=\"The Forest Cathedral (PC j\u00e1t\u00e9k) - Steam key\" \/>\n<meta property=\"og:description\" content=\"A The Forest Cathedral egy pzygodikus j\u00e1t\u00e9k - egy els\u0151 szem\u00e9ly\u0171 k\u00f6rnyezeti thriller, amely egy elszigetelt szigeten j\u00e1tsz\u00f3dik. Rachel Carson tud\u00f3s szerep\u00e9be b\u00fajva a j\u00e1t\u00e9kosok fokozatosan felfedezik a DDT hat\u00e1sait, \u00e9s fejlett k\u00f6rnyezetv\u00e9delmi technol\u00f3gi\u00e1t haszn\u00e1lva megoldj\u00e1k a kapcsol\u00f3d\u00f3 2D\/3D rejtv\u00e9nyeket a Tavaszi csend dr\u00e1mai \u00fajra\u00e9rtelmez\u00e9s\u00e9ben. \ud83c\udf0d Glob\u00e1lis \u2699\ufe0f Steam \ud83d\udddd Digit\u00e1lis kulcs\" \/>\n<meta property=\"og:url\" content=\"https:\/\/prismagamers.com\/hu\/produkt\/the-forest-cathedral-pc-jatek-steam-key\/\" \/>\n<meta property=\"og:site_name\" content=\"Prismagamers.com\" \/>\n<meta property=\"article:publisher\" content=\"https:\/\/www.facebook.com\/prismagamers\" \/>\n<meta property=\"article:modified_time\" content=\"2026-03-04T23:00:43+00:00\" \/>\n<meta property=\"og:image\" content=\"https:\/\/prismagamers.com\/wp-content\/uploads\/2024\/12\/The-Forest-Cathedral_box-e1733174642546.png\" \/>\n\t<meta property=\"og:image:width\" content=\"300\" \/>\n\t<meta property=\"og:image:height\" content=\"450\" \/>\n\t<meta property=\"og:image:type\" content=\"image\/png\" \/>\n<meta name=\"twitter:card\" content=\"summary_large_image\" \/>\n<meta name=\"twitter:label1\" content=\"Becs\u00fclt olvas\u00e1si id\u0151\" \/>\n\t<meta name=\"twitter:data1\" content=\"1 perc\" \/>\n<script type=\"application\/ld+json\" class=\"yoast-schema-graph\">{\"@context\":\"https:\\\/\\\/schema.org\",\"@graph\":[{\"@type\":\"WebPage\",\"@id\":\"https:\\\/\\\/prismagamers.com\\\/hu\\\/produkt\\\/the-forest-cathedral-pc-jatek-steam-key\\\/\",\"url\":\"https:\\\/\\\/prismagamers.com\\\/hu\\\/produkt\\\/the-forest-cathedral-pc-jatek-steam-key\\\/\",\"name\":\"The Forest Cathedral (PC j\u00e1t\u00e9k) - Steam key - Prismagamers.com\",\"isPartOf\":{\"@id\":\"https:\\\/\\\/prismagamers.com\\\/hu\\\/#website\"},\"primaryImageOfPage\":{\"@id\":\"https:\\\/\\\/prismagamers.com\\\/hu\\\/produkt\\\/the-forest-cathedral-pc-jatek-steam-key\\\/#primaryimage\"},\"image\":{\"@id\":\"https:\\\/\\\/prismagamers.com\\\/hu\\\/produkt\\\/the-forest-cathedral-pc-jatek-steam-key\\\/#primaryimage\"},\"thumbnailUrl\":\"https:\\\/\\\/prismagamers.com\\\/wp-content\\\/uploads\\\/2024\\\/12\\\/The-Forest-Cathedral_box-e1733174642546.png\",\"datePublished\":\"2024-12-02T21:24:50+00:00\",\"dateModified\":\"2026-03-04T23:00:43+00:00\",\"description\":\"A The Forest Cathedral egy pzygodikus j\u00e1t\u00e9k - egy els\u0151 szem\u00e9ly\u0171 k\u00f6rnyezeti thriller, amely egy elszigetelt szigeten j\u00e1tsz\u00f3dik. Rachel Carson tud\u00f3s szerep\u00e9be b\u00fajva a j\u00e1t\u00e9kosok fokozatosan felfedezik a DDT hat\u00e1sait, \u00e9s fejlett k\u00f6rnyezetv\u00e9delmi technol\u00f3gi\u00e1t haszn\u00e1lva megoldj\u00e1k a kapcsol\u00f3d\u00f3 2D\\\/3D rejtv\u00e9nyeket a Tavaszi csend dr\u00e1mai \u00fajra\u00e9rtelmez\u00e9s\u00e9ben. \ud83c\udf0d Glob\u00e1lis \u2699\ufe0f Steam \ud83d\udddd Digit\u00e1lis kulcs\",\"breadcrumb\":{\"@id\":\"https:\\\/\\\/prismagamers.com\\\/hu\\\/produkt\\\/the-forest-cathedral-pc-jatek-steam-key\\\/#breadcrumb\"},\"inLanguage\":\"hu\",\"potentialAction\":[{\"@type\":\"ReadAction\",\"target\":[\"https:\\\/\\\/prismagamers.com\\\/hu\\\/produkt\\\/the-forest-cathedral-pc-jatek-steam-key\\\/\"]}]},{\"@type\":\"ImageObject\",\"inLanguage\":\"hu\",\"@id\":\"https:\\\/\\\/prismagamers.com\\\/hu\\\/produkt\\\/the-forest-cathedral-pc-jatek-steam-key\\\/#primaryimage\",\"url\":\"https:\\\/\\\/prismagamers.com\\\/wp-content\\\/uploads\\\/2024\\\/12\\\/The-Forest-Cathedral_box-e1733174642546.png\",\"contentUrl\":\"https:\\\/\\\/prismagamers.com\\\/wp-content\\\/uploads\\\/2024\\\/12\\\/The-Forest-Cathedral_box-e1733174642546.png\",\"width\":300,\"height\":450},{\"@type\":\"BreadcrumbList\",\"@id\":\"https:\\\/\\\/prismagamers.com\\\/hu\\\/produkt\\\/the-forest-cathedral-pc-jatek-steam-key\\\/#breadcrumb\",\"itemListElement\":[{\"@type\":\"ListItem\",\"position\":1,\"name\":\"Strona g\u0142\u00f3wna\",\"item\":\"https:\\\/\\\/prismagamers.com\\\/hu\\\/prismagamers\\\/\"},{\"@type\":\"ListItem\",\"position\":2,\"name\":\"Shop\",\"item\":\"https:\\\/\\\/prismagamers.com\\\/hu\\\/shop\\\/\"},{\"@type\":\"ListItem\",\"position\":3,\"name\":\"The Forest Cathedral (PC j\u00e1t\u00e9k) &#8211; Steam key\"}]},{\"@type\":\"WebSite\",\"@id\":\"https:\\\/\\\/prismagamers.com\\\/hu\\\/#website\",\"url\":\"https:\\\/\\\/prismagamers.com\\\/hu\\\/\",\"name\":\"Prismagamers\",\"description\":\"Sklep z grami PC I Sklep klucze Steam\",\"publisher\":{\"@id\":\"https:\\\/\\\/prismagamers.com\\\/hu\\\/#organization\"},\"potentialAction\":[{\"@type\":\"SearchAction\",\"target\":{\"@type\":\"EntryPoint\",\"urlTemplate\":\"https:\\\/\\\/prismagamers.com\\\/hu\\\/?s={search_term_string}\"},\"query-input\":{\"@type\":\"PropertyValueSpecification\",\"valueRequired\":true,\"valueName\":\"search_term_string\"}}],\"inLanguage\":\"hu\"},{\"@type\":\"Organization\",\"@id\":\"https:\\\/\\\/prismagamers.com\\\/hu\\\/#organization\",\"name\":\"Prismagamers\",\"url\":\"https:\\\/\\\/prismagamers.com\\\/hu\\\/\",\"logo\":{\"@type\":\"ImageObject\",\"inLanguage\":\"hu\",\"@id\":\"https:\\\/\\\/prismagamers.com\\\/hu\\\/#\\\/schema\\\/logo\\\/image\\\/\",\"url\":\"https:\\\/\\\/prismagamers.com\\\/wp-content\\\/uploads\\\/2022\\\/04\\\/cropped-logo-Prismagamers-01-scaled-1.jpg\",\"contentUrl\":\"https:\\\/\\\/prismagamers.com\\\/wp-content\\\/uploads\\\/2022\\\/04\\\/cropped-logo-Prismagamers-01-scaled-1.jpg\",\"width\":512,\"height\":512,\"caption\":\"Prismagamers\"},\"image\":{\"@id\":\"https:\\\/\\\/prismagamers.com\\\/hu\\\/#\\\/schema\\\/logo\\\/image\\\/\"},\"sameAs\":[\"https:\\\/\\\/www.facebook.com\\\/prismagamers\",\"https:\\\/\\\/www.instagram.com\\\/prismagamers_grycyfrowe\\\/\"],\"description\":\"Prismagamers.com to dynamiczny sklep z grami cyfrowymi, stworzony z my\u015bl\u0105 o entuzjastach gier wideo. Nasza strona oferuje szerok\u0105 gam\u0119 gier komputerowych, w tym najnowsze tytu\u0142y, dobrze znane klasyki oraz gry stworzone przez niezale\u017cne studia Ca\u0142y czas d\u0105\u017cymy do rozszerzenia naszej oferty. Do\u0142\u0105cz do nas i sta\u0144 si\u0119 cz\u0119\u015bci\u0105 naszej rosn\u0105cej spo\u0142eczno\u015bci graczy!\",\"email\":\"shop@prismagamers.com\",\"telephone\":\"48795541705\",\"legalName\":\"East Caravan Maksym \u017bukow\",\"foundingDate\":\"2012-05-10\",\"vatID\":\"PL8943038612\",\"taxID\":\"PL8943038612\",\"numberOfEmployees\":{\"@type\":\"QuantitativeValue\",\"minValue\":\"11\",\"maxValue\":\"50\"}}]}<\/script>\n<!-- \/ Yoast SEO Premium plugin. -->","yoast_head_json":{"title":"The Forest Cathedral (PC j\u00e1t\u00e9k) - Steam key - Prismagamers.com","description":"A The Forest Cathedral egy pzygodikus j\u00e1t\u00e9k - egy els\u0151 szem\u00e9ly\u0171 k\u00f6rnyezeti thriller, amely egy elszigetelt szigeten j\u00e1tsz\u00f3dik. Rachel Carson tud\u00f3s szerep\u00e9be b\u00fajva a j\u00e1t\u00e9kosok fokozatosan felfedezik a DDT hat\u00e1sait, \u00e9s fejlett k\u00f6rnyezetv\u00e9delmi technol\u00f3gi\u00e1t haszn\u00e1lva megoldj\u00e1k a kapcsol\u00f3d\u00f3 2D\/3D rejtv\u00e9nyeket a Tavaszi csend dr\u00e1mai \u00fajra\u00e9rtelmez\u00e9s\u00e9ben. \ud83c\udf0d Glob\u00e1lis \u2699\ufe0f Steam \ud83d\udddd Digit\u00e1lis kulcs","robots":{"index":"index","follow":"follow","max-snippet":"max-snippet:-1","max-image-preview":"max-image-preview:large","max-video-preview":"max-video-preview:-1"},"canonical":"https:\/\/prismagamers.com\/hu\/produkt\/the-forest-cathedral-pc-jatek-steam-key\/","og_locale":"hu_HU","og_type":"article","og_title":"The Forest Cathedral (PC j\u00e1t\u00e9k) - Steam key","og_description":"A The Forest Cathedral egy pzygodikus j\u00e1t\u00e9k - egy els\u0151 szem\u00e9ly\u0171 k\u00f6rnyezeti thriller, amely egy elszigetelt szigeten j\u00e1tsz\u00f3dik. Rachel Carson tud\u00f3s szerep\u00e9be b\u00fajva a j\u00e1t\u00e9kosok fokozatosan felfedezik a DDT hat\u00e1sait, \u00e9s fejlett k\u00f6rnyezetv\u00e9delmi technol\u00f3gi\u00e1t haszn\u00e1lva megoldj\u00e1k a kapcsol\u00f3d\u00f3 2D\/3D rejtv\u00e9nyeket a Tavaszi csend dr\u00e1mai \u00fajra\u00e9rtelmez\u00e9s\u00e9ben. \ud83c\udf0d Glob\u00e1lis \u2699\ufe0f Steam \ud83d\udddd Digit\u00e1lis kulcs","og_url":"https:\/\/prismagamers.com\/hu\/produkt\/the-forest-cathedral-pc-jatek-steam-key\/","og_site_name":"Prismagamers.com","article_publisher":"https:\/\/www.facebook.com\/prismagamers","article_modified_time":"2026-03-04T23:00:43+00:00","og_image":[{"width":300,"height":450,"url":"https:\/\/prismagamers.com\/wp-content\/uploads\/2024\/12\/The-Forest-Cathedral_box-e1733174642546.png","type":"image\/png"}],"twitter_card":"summary_large_image","twitter_misc":{"Becs\u00fclt olvas\u00e1si id\u0151":"1 perc"},"schema":{"@context":"https:\/\/schema.org","@graph":[{"@type":"WebPage","@id":"https:\/\/prismagamers.com\/hu\/produkt\/the-forest-cathedral-pc-jatek-steam-key\/","url":"https:\/\/prismagamers.com\/hu\/produkt\/the-forest-cathedral-pc-jatek-steam-key\/","name":"The Forest Cathedral (PC j\u00e1t\u00e9k) - Steam key - Prismagamers.com","isPartOf":{"@id":"https:\/\/prismagamers.com\/hu\/#website"},"primaryImageOfPage":{"@id":"https:\/\/prismagamers.com\/hu\/produkt\/the-forest-cathedral-pc-jatek-steam-key\/#primaryimage"},"image":{"@id":"https:\/\/prismagamers.com\/hu\/produkt\/the-forest-cathedral-pc-jatek-steam-key\/#primaryimage"},"thumbnailUrl":"https:\/\/prismagamers.com\/wp-content\/uploads\/2024\/12\/The-Forest-Cathedral_box-e1733174642546.png","datePublished":"2024-12-02T21:24:50+00:00","dateModified":"2026-03-04T23:00:43+00:00","description":"A The Forest Cathedral egy pzygodikus j\u00e1t\u00e9k - egy els\u0151 szem\u00e9ly\u0171 k\u00f6rnyezeti thriller, amely egy elszigetelt szigeten j\u00e1tsz\u00f3dik. Rachel Carson tud\u00f3s szerep\u00e9be b\u00fajva a j\u00e1t\u00e9kosok fokozatosan felfedezik a DDT hat\u00e1sait, \u00e9s fejlett k\u00f6rnyezetv\u00e9delmi technol\u00f3gi\u00e1t haszn\u00e1lva megoldj\u00e1k a kapcsol\u00f3d\u00f3 2D\/3D rejtv\u00e9nyeket a Tavaszi csend dr\u00e1mai \u00fajra\u00e9rtelmez\u00e9s\u00e9ben. \ud83c\udf0d Glob\u00e1lis \u2699\ufe0f Steam \ud83d\udddd Digit\u00e1lis kulcs","breadcrumb":{"@id":"https:\/\/prismagamers.com\/hu\/produkt\/the-forest-cathedral-pc-jatek-steam-key\/#breadcrumb"},"inLanguage":"hu","potentialAction":[{"@type":"ReadAction","target":["https:\/\/prismagamers.com\/hu\/produkt\/the-forest-cathedral-pc-jatek-steam-key\/"]}]},{"@type":"ImageObject","inLanguage":"hu","@id":"https:\/\/prismagamers.com\/hu\/produkt\/the-forest-cathedral-pc-jatek-steam-key\/#primaryimage","url":"https:\/\/prismagamers.com\/wp-content\/uploads\/2024\/12\/The-Forest-Cathedral_box-e1733174642546.png","contentUrl":"https:\/\/prismagamers.com\/wp-content\/uploads\/2024\/12\/The-Forest-Cathedral_box-e1733174642546.png","width":300,"height":450},{"@type":"BreadcrumbList","@id":"https:\/\/prismagamers.com\/hu\/produkt\/the-forest-cathedral-pc-jatek-steam-key\/#breadcrumb","itemListElement":[{"@type":"ListItem","position":1,"name":"Strona g\u0142\u00f3wna","item":"https:\/\/prismagamers.com\/hu\/prismagamers\/"},{"@type":"ListItem","position":2,"name":"Shop","item":"https:\/\/prismagamers.com\/hu\/shop\/"},{"@type":"ListItem","position":3,"name":"The Forest Cathedral (PC j\u00e1t\u00e9k) &#8211; Steam key"}]},{"@type":"WebSite","@id":"https:\/\/prismagamers.com\/hu\/#website","url":"https:\/\/prismagamers.com\/hu\/","name":"Prismagamers","description":"Sklep z grami PC I Sklep klucze Steam","publisher":{"@id":"https:\/\/prismagamers.com\/hu\/#organization"},"potentialAction":[{"@type":"SearchAction","target":{"@type":"EntryPoint","urlTemplate":"https:\/\/prismagamers.com\/hu\/?s={search_term_string}"},"query-input":{"@type":"PropertyValueSpecification","valueRequired":true,"valueName":"search_term_string"}}],"inLanguage":"hu"},{"@type":"Organization","@id":"https:\/\/prismagamers.com\/hu\/#organization","name":"Prismagamers","url":"https:\/\/prismagamers.com\/hu\/","logo":{"@type":"ImageObject","inLanguage":"hu","@id":"https:\/\/prismagamers.com\/hu\/#\/schema\/logo\/image\/","url":"https:\/\/prismagamers.com\/wp-content\/uploads\/2022\/04\/cropped-logo-Prismagamers-01-scaled-1.jpg","contentUrl":"https:\/\/prismagamers.com\/wp-content\/uploads\/2022\/04\/cropped-logo-Prismagamers-01-scaled-1.jpg","width":512,"height":512,"caption":"Prismagamers"},"image":{"@id":"https:\/\/prismagamers.com\/hu\/#\/schema\/logo\/image\/"},"sameAs":["https:\/\/www.facebook.com\/prismagamers","https:\/\/www.instagram.com\/prismagamers_grycyfrowe\/"],"description":"Prismagamers.com to dynamiczny sklep z grami cyfrowymi, stworzony z my\u015bl\u0105 o entuzjastach gier wideo. Nasza strona oferuje szerok\u0105 gam\u0119 gier komputerowych, w tym najnowsze tytu\u0142y, dobrze znane klasyki oraz gry stworzone przez niezale\u017cne studia Ca\u0142y czas d\u0105\u017cymy do rozszerzenia naszej oferty. Do\u0142\u0105cz do nas i sta\u0144 si\u0119 cz\u0119\u015bci\u0105 naszej rosn\u0105cej spo\u0142eczno\u015bci graczy!","email":"shop@prismagamers.com","telephone":"48795541705","legalName":"East Caravan Maksym \u017bukow","foundingDate":"2012-05-10","vatID":"PL8943038612","taxID":"PL8943038612","numberOfEmployees":{"@type":"QuantitativeValue","minValue":"11","maxValue":"50"}}]}},"_links":{"self":[{"href":"https:\/\/prismagamers.com\/hu\/wp-json\/wp\/v2\/product\/35076","targetHints":{"allow":["GET"]}}],"collection":[{"href":"https:\/\/prismagamers.com\/hu\/wp-json\/wp\/v2\/product"}],"about":[{"href":"https:\/\/prismagamers.com\/hu\/wp-json\/wp\/v2\/types\/product"}],"wp:featuredmedia":[{"embeddable":true,"href":"https:\/\/prismagamers.com\/hu\/wp-json\/wp\/v2\/media\/33211"}],"wp:attachment":[{"href":"https:\/\/prismagamers.com\/hu\/wp-json\/wp\/v2\/media?parent=35076"}],"wp:term":[{"taxonomy":"product_brand","embeddable":true,"href":"https:\/\/prismagamers.com\/hu\/wp-json\/wp\/v2\/product_brand?post=35076"},{"taxonomy":"product_cat","embeddable":true,"href":"https:\/\/prismagamers.com\/hu\/wp-json\/wp\/v2\/product_cat?post=35076"},{"taxonomy":"product_tag","embeddable":true,"href":"https:\/\/prismagamers.com\/hu\/wp-json\/wp\/v2\/product_tag?post=35076"}],"curies":[{"name":"wp","href":"https:\/\/api.w.org\/{rel}","templated":true}]}}