{"id":35079,"date":"2024-07-24T23:26:02","date_gmt":"2024-07-24T21:26:02","guid":{"rendered":"https:\/\/prismagamers.com\/produkt\/frozenheim\/"},"modified":"2026-03-05T00:00:49","modified_gmt":"2026-03-04T23:00:49","slug":"frozenheim","status":"publish","type":"product","link":"https:\/\/prismagamers.com\/hu\/produkt\/frozenheim\/","title":{"rendered":"Frozenheim"},"content":{"rendered":"<div class=\"flex flex-grow flex-col max-w-full\">\n<div class=\"min-h-[20px] text-message flex w-full flex-col items-end gap-2 whitespace-pre-wrap break-words [.text-message+&amp;]:mt-5 overflow-x-auto\" dir=\"auto\" data-message-author-role=\"assistant\" data-message-id=\"45e24d15-6a6e-4864-83d3-43de39217e0c\">\n<div class=\"flex w-full flex-col gap-1 empty:hidden first:pt-[3px]\">\n<div class=\"markdown prose w-full break-words dark:prose-invert light\">\n<p>&nbsp;<\/p>\n<\/div>\n<\/div>\n<\/div>\n<\/div>\n<div class=\"mt-1 flex gap-3 empty:hidden -ml-2\">\n<div class=\"items-center justify-start rounded-xl p-1 flex\">\n<div class=\"flex items-center\"><img decoding=\"async\" class=\"aligncenter\" src=\"https:\/\/shared.akamai.steamstatic.com\/store_item_assets\/steam\/apps\/1134100\/extras\/Frozenheim_Gif_2_1.gif?t=1716725613\"><\/div>\n<div><\/div>\n<div>Annak \u00e9rdek\u00e9ben, hogy falud vir\u00e1gozhasson, a legt\u00f6bbet kell kihoznod az \u00e9vszakokb\u00f3l vad\u00e1szattal, hal\u00e1szattal, f\u00f6ldm\u0171vel\u00e9ssel \u00e9s nyersanyaggy\u0171jt\u00e9ssel a t\u00e9l el\u0151tt. A felfedez\u00e9s kulcsfontoss\u00e1g\u00fa lesz, mivel a f\u00f6ldek egyszerre b\u0151s\u00e9gesek \u00e9s vesz\u00e9lyesek. Amint megismerkedt\u00e9l a tereppel \u00e9s biztos\u00edtottad a folyamatos nyersanyagell\u00e1t\u00e1st, elkezdheted a telep\u00fcl\u00e9sed megtervez\u00e9s\u00e9t \u00e9s ir\u00e1ny\u00edt\u00e1s\u00e1t.  <\/div>\n<div><\/div>\n<div><img decoding=\"async\" class=\"aligncenter\" src=\"https:\/\/shared.akamai.steamstatic.com\/store_item_assets\/steam\/apps\/1134100\/extras\/Frozenheim_Gif_3_1.gif?t=1716725613\"><\/div>\n<div><\/div>\n<div>Ahhoz, hogy legy\u0151zd ellens\u00e9geidet, ki kell k\u00e9pezned harcosaidat, \u00e9s haszn\u00e1lnod kell egyedi k\u00e9pess\u00e9geiket. Hozz l\u00e9tre v\u00e9d\u0151pajzsokat, \u00e9s tartsd t\u0171zben az ellens\u00e9get, majd k\u00fcldd el a berserkereidet, hogy sz\u00e9tz\u00fazz\u00e1k az ellens\u00e9ges vonalakat. Att\u00f3l f\u00fcgg\u0151en, hogyan fejleszted kl\u00e1nodat, er\u0151s h\u0151s\u00f6ket toborozhatsz, puszt\u00edt\u00f3 ostromg\u00e9peket \u00e9s leny\u0171g\u00f6z\u0151 hossz\u00fahaj\u00f3kat \u00e9p\u00edthetsz, s\u0151t, m\u00e9g a Ragnar\u00f6k erej\u00e9t is megid\u00e9zheted!  <\/div>\n<div><\/div>\n<div><img decoding=\"async\" class=\"aligncenter\" src=\"https:\/\/shared.akamai.steamstatic.com\/store_item_assets\/steam\/apps\/1134100\/extras\/Frozenheim_Gif_1_1.gif?t=1716725613\"><\/div>\n<div><\/div>\n<\/div>\n<div>\n<div class=\"flex flex-grow flex-col max-w-full\">\n<div class=\"min-h-[20px] text-message flex w-full flex-col items-end gap-2 whitespace-pre-wrap break-words [.text-message+&amp;]:mt-5 overflow-x-auto\" dir=\"auto\" data-message-author-role=\"assistant\" data-message-id=\"b9860ae1-0555-4821-a195-bdb2cdc59afe\">\n<div class=\"flex w-full flex-col gap-1 empty:hidden first:pt-[3px]\">\n<div class=\"markdown prose w-full break-words dark:prose-invert light\">\n<p>Ak\u00e1r a csatatereket, ak\u00e1r a strat\u00e9giai asztalt kedveled, a Frozenheim k\u00edn\u00e1l neked valamit. Pihenj a szabad \u00e9p\u00edt\u00e9si m\u00f3dban, vagy \u00e1llj ki a kih\u00edv\u00e1s el\u00e9 a Jarl versenyar\u00e9n\u00e1ban. Teszteld \u00e9p\u00edt\u00e9si k\u00e9pess\u00e9geidet a t\u00fal\u00e9l\u0151 m\u00f3dban, vagy fedezd fel Frozenheim t\u00f6rt\u00e9net\u00e9t a kamp\u00e1nym\u00f3dban, amelyet a n\u00e9gy f\u0151 kl\u00e1n szemsz\u00f6g\u00e9b\u0151l mes\u00e9lnek el: Farkas, Szarvas, Holl\u00f3 \u00e9s Medve.  <\/p>\n<\/div>\n<\/div>\n<\/div>\n<\/div>\n<div class=\"mt-1 flex gap-3 empty:hidden -ml-2\">\n<div class=\"items-center justify-start rounded-xl p-1 flex\">\n<div class=\"flex items-center\"><\/div>\n<\/div>\n<\/div>\n<\/div>\n<\/div>\n","protected":false},"excerpt":{"rendered":"<p class=\"ai-optimize-21\">L\u00e9gy h\u00edres, mint a viking kl\u00e1nod legend\u00e1s h\u0151se, \u00e9s hagyd, hogy a h\u00edrneved m\u00e1s jarlok \u00e1tka legyen. H\u0151stetteid \u00e9s tetteid a legend\u00e1k anyag\u00e1v\u00e1 v\u00e1lnak. De minden legend\u00e1nak van egy kezdete, \u00e9s a ti\u00e9d Frozenheim partjain\u00e1l kezd\u0151dik.  <\/p>\n","protected":false},"featured_media":32294,"template":"","meta":{"_acf_changed":false,"site-sidebar-layout":"default","site-content-layout":"","ast-site-content-layout":"default","site-content-style":"default","site-sidebar-style":"default","ast-global-header-display":"","ast-banner-title-visibility":"","ast-main-header-display":"","ast-hfb-above-header-display":"","ast-hfb-below-header-display":"","ast-hfb-mobile-header-display":"","site-post-title":"","ast-breadcrumbs-content":"","ast-featured-img":"","footer-sml-layout":"","ast-disable-related-posts":"","theme-transparent-header-meta":"default","adv-header-id-meta":"","stick-header-meta":"","header-above-stick-meta":"","header-main-stick-meta":"","header-below-stick-meta":"","astra-migrate-meta-layouts":"default","ast-page-background-enabled":"default","ast-page-background-meta":{"desktop":{"background-color":"var(--ast-global-color-4)","background-image":"","background-repeat":"repeat","background-position":"center center","background-size":"auto","background-attachment":"scroll","background-type":"","background-media":"","overlay-type":"","overlay-color":"","overlay-opacity":"","overlay-gradient":""},"tablet":{"background-color":"","background-image":"","background-repeat":"repeat","background-position":"center center","background-size":"auto","background-attachment":"scroll","background-type":"","background-media":"","overlay-type":"","overlay-color":"","overlay-opacity":"","overlay-gradient":""},"mobile":{"background-color":"","background-image":"","background-repeat":"repeat","background-position":"center center","background-size":"auto","background-attachment":"scroll","background-type":"","background-media":"","overlay-type":"","overlay-color":"","overlay-opacity":"","overlay-gradient":""}},"ast-content-background-meta":{"desktop":{"background-color":"var(--ast-global-color-5)","background-image":"","background-repeat":"repeat","background-position":"center center","background-size":"auto","background-attachment":"scroll","background-type":"","background-media":"","overlay-type":"","overlay-color":"","overlay-opacity":"","overlay-gradient":""},"tablet":{"background-color":"var(--ast-global-color-5)","background-image":"","background-repeat":"repeat","background-position":"center center","background-size":"auto","background-attachment":"scroll","background-type":"","background-media":"","overlay-type":"","overlay-color":"","overlay-opacity":"","overlay-gradient":""},"mobile":{"background-color":"var(--ast-global-color-5)","background-image":"","background-repeat":"repeat","background-position":"center center","background-size":"auto","background-attachment":"scroll","background-type":"","background-media":"","overlay-type":"","overlay-color":"","overlay-opacity":"","overlay-gradient":""}}},"product_brand":[],"product_cat":[369,395,365,367,386],"product_tag":[370],"class_list":{"0":"post-35079","1":"product","2":"type-product","3":"status-publish","4":"has-post-thumbnail","6":"product_cat-csarnokok","7":"product_cat-elmondhatatlan-tortenetek","8":"product_cat-goz","9":"product_cat-pc-jatekok","10":"product_cat-strategiai-jatekok","11":"product_tag-pid-tel","12":"desktop-align-left","13":"tablet-align-left","14":"mobile-align-left","16":"first","17":"instock","18":"virtual","19":"purchasable","20":"product-type-simple"},"acf":[],"yoast_head":"<!-- This site is optimized with the Yoast SEO Premium plugin v27.4 (Yoast SEO v27.4) - https:\/\/yoast.com\/product\/yoast-seo-premium-wordpress\/ -->\n<title>Frozenheim - Prismagamers.com<\/title>\n<meta name=\"description\" content=\"L\u00e9gy h\u00edres, mint a viking kl\u00e1nod legend\u00e1s h\u0151se, \u00e9s hagyd, hogy a h\u00edrneved m\u00e1s jarlok \u00e1tka legyen. H\u0151stetteid \u00e9s tetteid a legend\u00e1k anyag\u00e1v\u00e1 v\u00e1lnak. De minden legend\u00e1nak van egy kezdete, \u00e9s a ti\u00e9d Frozenheim partjain\u00e1l kezd\u0151dik.\" \/>\n<meta name=\"robots\" content=\"index, follow, max-snippet:-1, max-image-preview:large, max-video-preview:-1\" \/>\n<link rel=\"canonical\" href=\"https:\/\/prismagamers.com\/hu\/produkt\/frozenheim\/\" \/>\n<meta property=\"og:locale\" content=\"hu_HU\" \/>\n<meta property=\"og:type\" content=\"article\" \/>\n<meta property=\"og:title\" content=\"Frozenheim\" \/>\n<meta property=\"og:description\" content=\"L\u00e9gy h\u00edres, mint a viking kl\u00e1nod legend\u00e1s h\u0151se, \u00e9s hagyd, hogy a h\u00edrneved m\u00e1s jarlok \u00e1tka legyen. H\u0151stetteid \u00e9s tetteid a legend\u00e1k anyag\u00e1v\u00e1 v\u00e1lnak. De minden legend\u00e1nak van egy kezdete, \u00e9s a ti\u00e9d Frozenheim partjain\u00e1l kezd\u0151dik.\" \/>\n<meta property=\"og:url\" content=\"https:\/\/prismagamers.com\/hu\/produkt\/frozenheim\/\" \/>\n<meta property=\"og:site_name\" content=\"Prismagamers.com\" \/>\n<meta property=\"article:publisher\" content=\"https:\/\/www.facebook.com\/prismagamers\" \/>\n<meta property=\"article:modified_time\" content=\"2026-03-04T23:00:49+00:00\" \/>\n<meta property=\"og:image\" content=\"https:\/\/prismagamers.com\/wp-content\/uploads\/2024\/07\/library_600x900_2x-2-e1721856314564.jpg\" \/>\n\t<meta property=\"og:image:width\" content=\"300\" \/>\n\t<meta property=\"og:image:height\" content=\"450\" \/>\n\t<meta property=\"og:image:type\" content=\"image\/jpeg\" \/>\n<meta name=\"twitter:card\" content=\"summary_large_image\" \/>\n<meta name=\"twitter:label1\" content=\"Becs\u00fclt olvas\u00e1si id\u0151\" \/>\n\t<meta name=\"twitter:data1\" content=\"1 perc\" \/>\n<script type=\"application\/ld+json\" class=\"yoast-schema-graph\">{\"@context\":\"https:\\\/\\\/schema.org\",\"@graph\":[{\"@type\":\"WebPage\",\"@id\":\"https:\\\/\\\/prismagamers.com\\\/hu\\\/produkt\\\/frozenheim\\\/\",\"url\":\"https:\\\/\\\/prismagamers.com\\\/hu\\\/produkt\\\/frozenheim\\\/\",\"name\":\"Frozenheim - Prismagamers.com\",\"isPartOf\":{\"@id\":\"https:\\\/\\\/prismagamers.com\\\/hu\\\/#website\"},\"primaryImageOfPage\":{\"@id\":\"https:\\\/\\\/prismagamers.com\\\/hu\\\/produkt\\\/frozenheim\\\/#primaryimage\"},\"image\":{\"@id\":\"https:\\\/\\\/prismagamers.com\\\/hu\\\/produkt\\\/frozenheim\\\/#primaryimage\"},\"thumbnailUrl\":\"https:\\\/\\\/prismagamers.com\\\/wp-content\\\/uploads\\\/2024\\\/07\\\/library_600x900_2x-2-e1721856314564.jpg\",\"datePublished\":\"2024-07-24T21:26:02+00:00\",\"dateModified\":\"2026-03-04T23:00:49+00:00\",\"description\":\"L\u00e9gy h\u00edres, mint a viking kl\u00e1nod legend\u00e1s h\u0151se, \u00e9s hagyd, hogy a h\u00edrneved m\u00e1s jarlok \u00e1tka legyen. H\u0151stetteid \u00e9s tetteid a legend\u00e1k anyag\u00e1v\u00e1 v\u00e1lnak. De minden legend\u00e1nak van egy kezdete, \u00e9s a ti\u00e9d Frozenheim partjain\u00e1l kezd\u0151dik.\",\"breadcrumb\":{\"@id\":\"https:\\\/\\\/prismagamers.com\\\/hu\\\/produkt\\\/frozenheim\\\/#breadcrumb\"},\"inLanguage\":\"hu\",\"potentialAction\":[{\"@type\":\"ReadAction\",\"target\":[\"https:\\\/\\\/prismagamers.com\\\/hu\\\/produkt\\\/frozenheim\\\/\"]}]},{\"@type\":\"ImageObject\",\"inLanguage\":\"hu\",\"@id\":\"https:\\\/\\\/prismagamers.com\\\/hu\\\/produkt\\\/frozenheim\\\/#primaryimage\",\"url\":\"https:\\\/\\\/prismagamers.com\\\/wp-content\\\/uploads\\\/2024\\\/07\\\/library_600x900_2x-2-e1721856314564.jpg\",\"contentUrl\":\"https:\\\/\\\/prismagamers.com\\\/wp-content\\\/uploads\\\/2024\\\/07\\\/library_600x900_2x-2-e1721856314564.jpg\",\"width\":300,\"height\":450},{\"@type\":\"BreadcrumbList\",\"@id\":\"https:\\\/\\\/prismagamers.com\\\/hu\\\/produkt\\\/frozenheim\\\/#breadcrumb\",\"itemListElement\":[{\"@type\":\"ListItem\",\"position\":1,\"name\":\"Strona g\u0142\u00f3wna\",\"item\":\"https:\\\/\\\/prismagamers.com\\\/hu\\\/prismagamers\\\/\"},{\"@type\":\"ListItem\",\"position\":2,\"name\":\"Shop\",\"item\":\"https:\\\/\\\/prismagamers.com\\\/hu\\\/shop\\\/\"},{\"@type\":\"ListItem\",\"position\":3,\"name\":\"Frozenheim\"}]},{\"@type\":\"WebSite\",\"@id\":\"https:\\\/\\\/prismagamers.com\\\/hu\\\/#website\",\"url\":\"https:\\\/\\\/prismagamers.com\\\/hu\\\/\",\"name\":\"Prismagamers\",\"description\":\"Sklep z grami PC I Sklep klucze Steam\",\"publisher\":{\"@id\":\"https:\\\/\\\/prismagamers.com\\\/hu\\\/#organization\"},\"potentialAction\":[{\"@type\":\"SearchAction\",\"target\":{\"@type\":\"EntryPoint\",\"urlTemplate\":\"https:\\\/\\\/prismagamers.com\\\/hu\\\/?s={search_term_string}\"},\"query-input\":{\"@type\":\"PropertyValueSpecification\",\"valueRequired\":true,\"valueName\":\"search_term_string\"}}],\"inLanguage\":\"hu\"},{\"@type\":\"Organization\",\"@id\":\"https:\\\/\\\/prismagamers.com\\\/hu\\\/#organization\",\"name\":\"Prismagamers\",\"url\":\"https:\\\/\\\/prismagamers.com\\\/hu\\\/\",\"logo\":{\"@type\":\"ImageObject\",\"inLanguage\":\"hu\",\"@id\":\"https:\\\/\\\/prismagamers.com\\\/hu\\\/#\\\/schema\\\/logo\\\/image\\\/\",\"url\":\"https:\\\/\\\/prismagamers.com\\\/wp-content\\\/uploads\\\/2022\\\/04\\\/cropped-logo-Prismagamers-01-scaled-1.jpg\",\"contentUrl\":\"https:\\\/\\\/prismagamers.com\\\/wp-content\\\/uploads\\\/2022\\\/04\\\/cropped-logo-Prismagamers-01-scaled-1.jpg\",\"width\":512,\"height\":512,\"caption\":\"Prismagamers\"},\"image\":{\"@id\":\"https:\\\/\\\/prismagamers.com\\\/hu\\\/#\\\/schema\\\/logo\\\/image\\\/\"},\"sameAs\":[\"https:\\\/\\\/www.facebook.com\\\/prismagamers\",\"https:\\\/\\\/www.instagram.com\\\/prismagamers_grycyfrowe\\\/\"],\"description\":\"Prismagamers.com to dynamiczny sklep z grami cyfrowymi, stworzony z my\u015bl\u0105 o entuzjastach gier wideo. Nasza strona oferuje szerok\u0105 gam\u0119 gier komputerowych, w tym najnowsze tytu\u0142y, dobrze znane klasyki oraz gry stworzone przez niezale\u017cne studia Ca\u0142y czas d\u0105\u017cymy do rozszerzenia naszej oferty. Do\u0142\u0105cz do nas i sta\u0144 si\u0119 cz\u0119\u015bci\u0105 naszej rosn\u0105cej spo\u0142eczno\u015bci graczy!\",\"email\":\"shop@prismagamers.com\",\"telephone\":\"48795541705\",\"legalName\":\"East Caravan Maksym \u017bukow\",\"foundingDate\":\"2012-05-10\",\"vatID\":\"PL8943038612\",\"taxID\":\"PL8943038612\",\"numberOfEmployees\":{\"@type\":\"QuantitativeValue\",\"minValue\":\"11\",\"maxValue\":\"50\"}}]}<\/script>\n<!-- \/ Yoast SEO Premium plugin. -->","yoast_head_json":{"title":"Frozenheim - Prismagamers.com","description":"L\u00e9gy h\u00edres, mint a viking kl\u00e1nod legend\u00e1s h\u0151se, \u00e9s hagyd, hogy a h\u00edrneved m\u00e1s jarlok \u00e1tka legyen. H\u0151stetteid \u00e9s tetteid a legend\u00e1k anyag\u00e1v\u00e1 v\u00e1lnak. De minden legend\u00e1nak van egy kezdete, \u00e9s a ti\u00e9d Frozenheim partjain\u00e1l kezd\u0151dik.","robots":{"index":"index","follow":"follow","max-snippet":"max-snippet:-1","max-image-preview":"max-image-preview:large","max-video-preview":"max-video-preview:-1"},"canonical":"https:\/\/prismagamers.com\/hu\/produkt\/frozenheim\/","og_locale":"hu_HU","og_type":"article","og_title":"Frozenheim","og_description":"L\u00e9gy h\u00edres, mint a viking kl\u00e1nod legend\u00e1s h\u0151se, \u00e9s hagyd, hogy a h\u00edrneved m\u00e1s jarlok \u00e1tka legyen. H\u0151stetteid \u00e9s tetteid a legend\u00e1k anyag\u00e1v\u00e1 v\u00e1lnak. De minden legend\u00e1nak van egy kezdete, \u00e9s a ti\u00e9d Frozenheim partjain\u00e1l kezd\u0151dik.","og_url":"https:\/\/prismagamers.com\/hu\/produkt\/frozenheim\/","og_site_name":"Prismagamers.com","article_publisher":"https:\/\/www.facebook.com\/prismagamers","article_modified_time":"2026-03-04T23:00:49+00:00","og_image":[{"width":300,"height":450,"url":"https:\/\/prismagamers.com\/wp-content\/uploads\/2024\/07\/library_600x900_2x-2-e1721856314564.jpg","type":"image\/jpeg"}],"twitter_card":"summary_large_image","twitter_misc":{"Becs\u00fclt olvas\u00e1si id\u0151":"1 perc"},"schema":{"@context":"https:\/\/schema.org","@graph":[{"@type":"WebPage","@id":"https:\/\/prismagamers.com\/hu\/produkt\/frozenheim\/","url":"https:\/\/prismagamers.com\/hu\/produkt\/frozenheim\/","name":"Frozenheim - Prismagamers.com","isPartOf":{"@id":"https:\/\/prismagamers.com\/hu\/#website"},"primaryImageOfPage":{"@id":"https:\/\/prismagamers.com\/hu\/produkt\/frozenheim\/#primaryimage"},"image":{"@id":"https:\/\/prismagamers.com\/hu\/produkt\/frozenheim\/#primaryimage"},"thumbnailUrl":"https:\/\/prismagamers.com\/wp-content\/uploads\/2024\/07\/library_600x900_2x-2-e1721856314564.jpg","datePublished":"2024-07-24T21:26:02+00:00","dateModified":"2026-03-04T23:00:49+00:00","description":"L\u00e9gy h\u00edres, mint a viking kl\u00e1nod legend\u00e1s h\u0151se, \u00e9s hagyd, hogy a h\u00edrneved m\u00e1s jarlok \u00e1tka legyen. H\u0151stetteid \u00e9s tetteid a legend\u00e1k anyag\u00e1v\u00e1 v\u00e1lnak. De minden legend\u00e1nak van egy kezdete, \u00e9s a ti\u00e9d Frozenheim partjain\u00e1l kezd\u0151dik.","breadcrumb":{"@id":"https:\/\/prismagamers.com\/hu\/produkt\/frozenheim\/#breadcrumb"},"inLanguage":"hu","potentialAction":[{"@type":"ReadAction","target":["https:\/\/prismagamers.com\/hu\/produkt\/frozenheim\/"]}]},{"@type":"ImageObject","inLanguage":"hu","@id":"https:\/\/prismagamers.com\/hu\/produkt\/frozenheim\/#primaryimage","url":"https:\/\/prismagamers.com\/wp-content\/uploads\/2024\/07\/library_600x900_2x-2-e1721856314564.jpg","contentUrl":"https:\/\/prismagamers.com\/wp-content\/uploads\/2024\/07\/library_600x900_2x-2-e1721856314564.jpg","width":300,"height":450},{"@type":"BreadcrumbList","@id":"https:\/\/prismagamers.com\/hu\/produkt\/frozenheim\/#breadcrumb","itemListElement":[{"@type":"ListItem","position":1,"name":"Strona g\u0142\u00f3wna","item":"https:\/\/prismagamers.com\/hu\/prismagamers\/"},{"@type":"ListItem","position":2,"name":"Shop","item":"https:\/\/prismagamers.com\/hu\/shop\/"},{"@type":"ListItem","position":3,"name":"Frozenheim"}]},{"@type":"WebSite","@id":"https:\/\/prismagamers.com\/hu\/#website","url":"https:\/\/prismagamers.com\/hu\/","name":"Prismagamers","description":"Sklep z grami PC I Sklep klucze Steam","publisher":{"@id":"https:\/\/prismagamers.com\/hu\/#organization"},"potentialAction":[{"@type":"SearchAction","target":{"@type":"EntryPoint","urlTemplate":"https:\/\/prismagamers.com\/hu\/?s={search_term_string}"},"query-input":{"@type":"PropertyValueSpecification","valueRequired":true,"valueName":"search_term_string"}}],"inLanguage":"hu"},{"@type":"Organization","@id":"https:\/\/prismagamers.com\/hu\/#organization","name":"Prismagamers","url":"https:\/\/prismagamers.com\/hu\/","logo":{"@type":"ImageObject","inLanguage":"hu","@id":"https:\/\/prismagamers.com\/hu\/#\/schema\/logo\/image\/","url":"https:\/\/prismagamers.com\/wp-content\/uploads\/2022\/04\/cropped-logo-Prismagamers-01-scaled-1.jpg","contentUrl":"https:\/\/prismagamers.com\/wp-content\/uploads\/2022\/04\/cropped-logo-Prismagamers-01-scaled-1.jpg","width":512,"height":512,"caption":"Prismagamers"},"image":{"@id":"https:\/\/prismagamers.com\/hu\/#\/schema\/logo\/image\/"},"sameAs":["https:\/\/www.facebook.com\/prismagamers","https:\/\/www.instagram.com\/prismagamers_grycyfrowe\/"],"description":"Prismagamers.com to dynamiczny sklep z grami cyfrowymi, stworzony z my\u015bl\u0105 o entuzjastach gier wideo. Nasza strona oferuje szerok\u0105 gam\u0119 gier komputerowych, w tym najnowsze tytu\u0142y, dobrze znane klasyki oraz gry stworzone przez niezale\u017cne studia Ca\u0142y czas d\u0105\u017cymy do rozszerzenia naszej oferty. Do\u0142\u0105cz do nas i sta\u0144 si\u0119 cz\u0119\u015bci\u0105 naszej rosn\u0105cej spo\u0142eczno\u015bci graczy!","email":"shop@prismagamers.com","telephone":"48795541705","legalName":"East Caravan Maksym \u017bukow","foundingDate":"2012-05-10","vatID":"PL8943038612","taxID":"PL8943038612","numberOfEmployees":{"@type":"QuantitativeValue","minValue":"11","maxValue":"50"}}]}},"_links":{"self":[{"href":"https:\/\/prismagamers.com\/hu\/wp-json\/wp\/v2\/product\/35079","targetHints":{"allow":["GET"]}}],"collection":[{"href":"https:\/\/prismagamers.com\/hu\/wp-json\/wp\/v2\/product"}],"about":[{"href":"https:\/\/prismagamers.com\/hu\/wp-json\/wp\/v2\/types\/product"}],"wp:featuredmedia":[{"embeddable":true,"href":"https:\/\/prismagamers.com\/hu\/wp-json\/wp\/v2\/media\/32294"}],"wp:attachment":[{"href":"https:\/\/prismagamers.com\/hu\/wp-json\/wp\/v2\/media?parent=35079"}],"wp:term":[{"taxonomy":"product_brand","embeddable":true,"href":"https:\/\/prismagamers.com\/hu\/wp-json\/wp\/v2\/product_brand?post=35079"},{"taxonomy":"product_cat","embeddable":true,"href":"https:\/\/prismagamers.com\/hu\/wp-json\/wp\/v2\/product_cat?post=35079"},{"taxonomy":"product_tag","embeddable":true,"href":"https:\/\/prismagamers.com\/hu\/wp-json\/wp\/v2\/product_tag?post=35079"}],"curies":[{"name":"wp","href":"https:\/\/api.w.org\/{rel}","templated":true}]}}