{"id":35080,"date":"2024-10-22T16:27:59","date_gmt":"2024-10-22T14:27:59","guid":{"rendered":"https:\/\/prismagamers.com\/produkt\/trans-neuronica\/"},"modified":"2026-04-21T01:56:11","modified_gmt":"2026-04-20T23:56:11","slug":"trans-neuronica","status":"publish","type":"product","link":"https:\/\/prismagamers.com\/hu\/produkt\/trans-neuronica\/","title":{"rendered":"Trans Neuronica"},"content":{"rendered":"<div class=\"flex max-w-full flex-col flex-grow\">\n<div class=\"min-h-8 text-message flex w-full flex-col items-end gap-2 whitespace-normal break-words [.text-message+&amp;]:mt-5\" dir=\"auto\" data-message-author-role=\"assistant\" data-message-id=\"a22cb057-2efd-45b7-98c4-70392c6a3151\" data-message-model-slug=\"gpt-4o-mini\">\n<div class=\"flex w-full flex-col gap-1 empty:hidden first:pt-[3px]\">\n<div class=\"markdown prose w-full break-words dark:prose-invert light\">\n<p>A Trans Neuronica egy kirak\u00f3s j\u00e1t\u00e9k, amely k\u00e9pletesen \u00e9s sz\u00f3 szerint is a kapcsolatok kialak\u00edt\u00e1s\u00e1r\u00f3l sz\u00f3l. Minden egyes \u00f6sszekapcsolt csom\u00f3ponttal el\u0151seg\u00edted a mesters\u00e9ges intelligencia \u00e9s az emberek k\u00f6z\u00f6tti interakci\u00f3kat. Mik\u00f6zben a processzorod t\u00falmelegszik a kellemes kih\u00edv\u00e1st jelent\u0151 rejtv\u00e9nyekt\u0151l, a nyugtat\u00f3 elektronikus ambient zene \u00e9s a NES-korszakb\u00f3l sz\u00e1rmaz\u00f3 l\u00e1tv\u00e1nyvil\u00e1g seg\u00edt majd ellazulni.  <\/p>\n<p><img decoding=\"async\" class=\"bb_img aligncenter\" src=\"https:\/\/shared.fastly.steamstatic.com\/store_item_assets\/steam\/apps\/2390520\/extras\/TransNeuronica_Gif_2_1__1_.gif?t=1729590961\"><\/p>\n<p>Az alapelv minden szakaszban ugyanaz marad. Vonalakat kell h\u00faznod az azonos sz\u00edn\u0171 csom\u00f3pontok \u00f6sszek\u00f6t\u00e9s\u00e9re, an\u00e9lk\u00fcl, hogy a k\u00fcl\u00f6nb\u00f6z\u0151 sz\u00edn\u0171 p\u00e1ly\u00e1k keresztezn\u00e9k egym\u00e1st. Azonban minden egyes szint izgalmas \u00faj kih\u00edv\u00e1sokat tartogat: kapcsol\u00f3k, k\u00fcl\u00f6nleges csom\u00f3pontok, korl\u00e1toz\u00f3k&#8230;.. \u00e9s f\u0151n\u00f6ki csat\u00e1k, amelyek maxim\u00e1lisan pr\u00f3b\u00e1ra teszik szellemi k\u00e9pess\u00e9geidet.  <\/p>\n<p><img decoding=\"async\" class=\"bb_img aligncenter\" src=\"https:\/\/shared.fastly.steamstatic.com\/store_item_assets\/steam\/apps\/2390520\/extras\/TransNeuronica_Gif_3_1__1_.gif?t=1729590961\"><\/p>\n<p>Az alapelv minden szakaszban ugyanaz marad. Vonalakat kell h\u00faznod az azonos sz\u00edn\u0171 csom\u00f3pontok \u00f6sszek\u00f6t\u00e9s\u00e9re, an\u00e9lk\u00fcl, hogy a k\u00fcl\u00f6nb\u00f6z\u0151 sz\u00edn\u0171 p\u00e1ly\u00e1k keresztezn\u00e9k egym\u00e1st. Azonban minden egyes szint izgalmas \u00faj kih\u00edv\u00e1sokat tartogat: kapcsol\u00f3k, k\u00fcl\u00f6nleges csom\u00f3pontok, korl\u00e1toz\u00f3k&#8230; \u00e9s f\u0151n\u00f6ki csat\u00e1k, amelyek maxim\u00e1lisan pr\u00f3b\u00e1ra teszik szellemi k\u00e9pess\u00e9geidet.  <\/p>\n<p><img decoding=\"async\" class=\"bb_img aligncenter\" src=\"https:\/\/shared.fastly.steamstatic.com\/store_item_assets\/steam\/apps\/2390520\/extras\/TransNeuronica_Gif_3_1__1_.gif?t=1729590961\"><\/p>\n<p>Mik\u00f6zben a zseni\u00e1lis elm\u00e9d a j\u00e1t\u00e9k rejtv\u00e9nyes r\u00e9sz\u00e9t h\u00f3d\u00edtja meg, a t\u00f6rt\u00e9net szintj\u00e9n is d\u00f6nt\u00e9seket kell hoznod. Ahogy haladsz el\u0151re a j\u00e1t\u00e9kban, el kell d\u00f6ntened, mit mondj azoknak, akik fel\u00e9bresztettek \u00e1lmodb\u00f3l. Vajon k\u00e9pesek lesznek elviselni a katasztrof\u00e1lis igazs\u00e1got? Hinni fognak neked egy\u00e1ltal\u00e1n? Vagy ink\u00e1bb te ne l\u00e9gy ennyire bizalomgerjeszt\u0151?    <\/p>\n<\/div>\n<\/div>\n<\/div>\n<\/div>\n","protected":false},"excerpt":{"rendered":"<p class=\"ai-optimize-26\">A Trans Neuronica egy olyan kirak\u00f3s j\u00e1t\u00e9k, amely a Numberlink koncepci\u00f3j\u00e1t \u00f6tv\u00f6zi az emberek \u00e9s a mesters\u00e9ges intelligencia k\u00f6z\u00f6tti interakci\u00f3kr\u00f3l sz\u00f3l\u00f3 t\u00f6rt\u00e9nettel. A j\u00e1t\u00e9k c\u00e9lja a csom\u00f3pontok \u00f6sszekapcsol\u00e1sa, mik\u00f6zben speci\u00e1lis korl\u00e1toz\u00f3k, kapcsol\u00f3k \u00e9s \u00e1llom\u00e1sok \u00e1ltal el\u0151\u00edrt, egyre nehezed\u0151 szab\u00e1lyoknak kell engedelmeskedni. <\/p>\n<div class=\"woocommerce-product-details__short-description\">\n<div class=\"flex max-w-full flex-col flex-grow\">\n<div class=\"min-h-[20px] text-message flex w-full flex-col items-end gap-2 whitespace-pre-wrap break-words [.text-message+&amp;]:mt-5 overflow-x-auto\" dir=\"auto\" data-message-author-role=\"assistant\" data-message-id=\"727fdd04-d064-4be1-9590-fdb5a5a913f1\">\n<div class=\"flex w-full flex-col gap-1 empty:hidden first:pt-[3px]\">\n<div class=\"markdown prose w-full break-words dark:prose-invert light\">\n<p class=\"ai-optimize-27\">\ud83c\udf0d Glob\u00e1lis<br \/>\n\u2699\ufe0f Steam<br \/>\n\ud83d\udddd Digit\u00e1lis kulcs<\/p>\n<\/div>\n<\/div>\n<\/div>\n<\/div>\n<\/div>\n<div class=\"quantity\"><\/div>\n","protected":false},"featured_media":32954,"template":"","meta":{"_acf_changed":false,"site-sidebar-layout":"default","site-content-layout":"","ast-site-content-layout":"default","site-content-style":"default","site-sidebar-style":"default","ast-global-header-display":"","ast-banner-title-visibility":"","ast-main-header-display":"","ast-hfb-above-header-display":"","ast-hfb-below-header-display":"","ast-hfb-mobile-header-display":"","site-post-title":"","ast-breadcrumbs-content":"","ast-featured-img":"","footer-sml-layout":"","ast-disable-related-posts":"","theme-transparent-header-meta":"default","adv-header-id-meta":"","stick-header-meta":"","header-above-stick-meta":"","header-main-stick-meta":"","header-below-stick-meta":"","astra-migrate-meta-layouts":"default","ast-page-background-enabled":"default","ast-page-background-meta":{"desktop":{"background-color":"var(--ast-global-color-4)","background-image":"","background-repeat":"repeat","background-position":"center center","background-size":"auto","background-attachment":"scroll","background-type":"","background-media":"","overlay-type":"","overlay-color":"","overlay-opacity":"","overlay-gradient":""},"tablet":{"background-color":"","background-image":"","background-repeat":"repeat","background-position":"center center","background-size":"auto","background-attachment":"scroll","background-type":"","background-media":"","overlay-type":"","overlay-color":"","overlay-opacity":"","overlay-gradient":""},"mobile":{"background-color":"","background-image":"","background-repeat":"repeat","background-position":"center center","background-size":"auto","background-attachment":"scroll","background-type":"","background-media":"","overlay-type":"","overlay-color":"","overlay-opacity":"","overlay-gradient":""}},"ast-content-background-meta":{"desktop":{"background-color":"var(--ast-global-color-5)","background-image":"","background-repeat":"repeat","background-position":"center center","background-size":"auto","background-attachment":"scroll","background-type":"","background-media":"","overlay-type":"","overlay-color":"","overlay-opacity":"","overlay-gradient":""},"tablet":{"background-color":"var(--ast-global-color-5)","background-image":"","background-repeat":"repeat","background-position":"center center","background-size":"auto","background-attachment":"scroll","background-type":"","background-media":"","overlay-type":"","overlay-color":"","overlay-opacity":"","overlay-gradient":""},"mobile":{"background-color":"var(--ast-global-color-5)","background-image":"","background-repeat":"repeat","background-position":"center center","background-size":"auto","background-attachment":"scroll","background-type":"","background-media":"","overlay-type":"","overlay-color":"","overlay-opacity":"","overlay-gradient":""}}},"product_brand":[],"product_cat":[369,395,367,335],"product_tag":[],"class_list":{"0":"post-35080","1":"product","2":"type-product","3":"status-publish","4":"has-post-thumbnail","6":"product_cat-csarnokok","7":"product_cat-elmondhatatlan-tortenetek","8":"product_cat-pc-jatekok","9":"product_cat-wyprzedaz","10":"desktop-align-left","11":"tablet-align-left","12":"mobile-align-left","14":"first","15":"instock","16":"virtual","17":"purchasable","18":"product-type-simple"},"acf":[],"yoast_head":"<!-- This site is optimized with the Yoast SEO Premium plugin v27.4 (Yoast SEO v27.4) - https:\/\/yoast.com\/product\/yoast-seo-premium-wordpress\/ -->\n<title>Trans Neuronica - Prismagamers.com<\/title>\n<meta name=\"description\" content=\"A Trans Neuronica egy olyan kirak\u00f3s j\u00e1t\u00e9k, amely a Numberlink koncepci\u00f3j\u00e1t \u00f6tv\u00f6zi az emberek \u00e9s a mesters\u00e9ges intelligencia k\u00f6z\u00f6tti interakci\u00f3kr\u00f3l sz\u00f3l\u00f3 t\u00f6rt\u00e9nettel. A j\u00e1t\u00e9k c\u00e9lja a csom\u00f3pontok \u00f6sszekapcsol\u00e1sa, mik\u00f6zben speci\u00e1lis korl\u00e1toz\u00f3k, kapcsol\u00f3k \u00e9s \u00e1llom\u00e1sok \u00e1ltal el\u0151\u00edrt, egyre nehezed\u0151 szab\u00e1lyoknak kell engedelmeskedni.    \ud83c\udf0d Glob\u00e1lis \u2699\ufe0f Steam \ud83d\udddd Digit\u00e1lis kulcs\" \/>\n<meta name=\"robots\" content=\"index, follow, max-snippet:-1, max-image-preview:large, max-video-preview:-1\" \/>\n<link rel=\"canonical\" href=\"https:\/\/prismagamers.com\/hu\/produkt\/trans-neuronica\/\" \/>\n<meta property=\"og:locale\" content=\"hu_HU\" \/>\n<meta property=\"og:type\" content=\"article\" \/>\n<meta property=\"og:title\" content=\"Trans Neuronica\" \/>\n<meta property=\"og:description\" content=\"A Trans Neuronica egy olyan kirak\u00f3s j\u00e1t\u00e9k, amely a Numberlink koncepci\u00f3j\u00e1t \u00f6tv\u00f6zi az emberek \u00e9s a mesters\u00e9ges intelligencia k\u00f6z\u00f6tti interakci\u00f3kr\u00f3l sz\u00f3l\u00f3 t\u00f6rt\u00e9nettel. A j\u00e1t\u00e9k c\u00e9lja a csom\u00f3pontok \u00f6sszekapcsol\u00e1sa, mik\u00f6zben speci\u00e1lis korl\u00e1toz\u00f3k, kapcsol\u00f3k \u00e9s \u00e1llom\u00e1sok \u00e1ltal el\u0151\u00edrt, egyre nehezed\u0151 szab\u00e1lyoknak kell engedelmeskedni.    \ud83c\udf0d Glob\u00e1lis \u2699\ufe0f Steam \ud83d\udddd Digit\u00e1lis kulcs\" \/>\n<meta property=\"og:url\" content=\"https:\/\/prismagamers.com\/hu\/produkt\/trans-neuronica\/\" \/>\n<meta property=\"og:site_name\" content=\"Prismagamers.com\" \/>\n<meta property=\"article:publisher\" content=\"https:\/\/www.facebook.com\/prismagamers\" \/>\n<meta property=\"article:modified_time\" content=\"2026-04-20T23:56:11+00:00\" \/>\n<meta property=\"og:image\" content=\"https:\/\/prismagamers.com\/wp-content\/uploads\/2024\/10\/library_600x900_2x-e1729607238172.jpg\" \/>\n\t<meta property=\"og:image:width\" content=\"300\" \/>\n\t<meta property=\"og:image:height\" content=\"450\" \/>\n\t<meta property=\"og:image:type\" content=\"image\/jpeg\" \/>\n<meta name=\"twitter:card\" content=\"summary_large_image\" \/>\n<meta name=\"twitter:label1\" content=\"Becs\u00fclt olvas\u00e1si id\u0151\" \/>\n\t<meta name=\"twitter:data1\" content=\"2 perc\" \/>\n<script type=\"application\/ld+json\" class=\"yoast-schema-graph\">{\"@context\":\"https:\\\/\\\/schema.org\",\"@graph\":[{\"@type\":\"WebPage\",\"@id\":\"https:\\\/\\\/prismagamers.com\\\/hu\\\/produkt\\\/trans-neuronica\\\/\",\"url\":\"https:\\\/\\\/prismagamers.com\\\/hu\\\/produkt\\\/trans-neuronica\\\/\",\"name\":\"Trans Neuronica - Prismagamers.com\",\"isPartOf\":{\"@id\":\"https:\\\/\\\/prismagamers.com\\\/hu\\\/#website\"},\"primaryImageOfPage\":{\"@id\":\"https:\\\/\\\/prismagamers.com\\\/hu\\\/produkt\\\/trans-neuronica\\\/#primaryimage\"},\"image\":{\"@id\":\"https:\\\/\\\/prismagamers.com\\\/hu\\\/produkt\\\/trans-neuronica\\\/#primaryimage\"},\"thumbnailUrl\":\"https:\\\/\\\/prismagamers.com\\\/wp-content\\\/uploads\\\/2024\\\/10\\\/library_600x900_2x-e1729607238172.jpg\",\"datePublished\":\"2024-10-22T14:27:59+00:00\",\"dateModified\":\"2026-04-20T23:56:11+00:00\",\"description\":\"A Trans Neuronica egy olyan kirak\u00f3s j\u00e1t\u00e9k, amely a Numberlink koncepci\u00f3j\u00e1t \u00f6tv\u00f6zi az emberek \u00e9s a mesters\u00e9ges intelligencia k\u00f6z\u00f6tti interakci\u00f3kr\u00f3l sz\u00f3l\u00f3 t\u00f6rt\u00e9nettel. A j\u00e1t\u00e9k c\u00e9lja a csom\u00f3pontok \u00f6sszekapcsol\u00e1sa, mik\u00f6zben speci\u00e1lis korl\u00e1toz\u00f3k, kapcsol\u00f3k \u00e9s \u00e1llom\u00e1sok \u00e1ltal el\u0151\u00edrt, egyre nehezed\u0151 szab\u00e1lyoknak kell engedelmeskedni. \ud83c\udf0d Glob\u00e1lis \u2699\ufe0f Steam \ud83d\udddd Digit\u00e1lis kulcs\",\"breadcrumb\":{\"@id\":\"https:\\\/\\\/prismagamers.com\\\/hu\\\/produkt\\\/trans-neuronica\\\/#breadcrumb\"},\"inLanguage\":\"hu\",\"potentialAction\":[{\"@type\":\"ReadAction\",\"target\":[\"https:\\\/\\\/prismagamers.com\\\/hu\\\/produkt\\\/trans-neuronica\\\/\"]}]},{\"@type\":\"ImageObject\",\"inLanguage\":\"hu\",\"@id\":\"https:\\\/\\\/prismagamers.com\\\/hu\\\/produkt\\\/trans-neuronica\\\/#primaryimage\",\"url\":\"https:\\\/\\\/prismagamers.com\\\/wp-content\\\/uploads\\\/2024\\\/10\\\/library_600x900_2x-e1729607238172.jpg\",\"contentUrl\":\"https:\\\/\\\/prismagamers.com\\\/wp-content\\\/uploads\\\/2024\\\/10\\\/library_600x900_2x-e1729607238172.jpg\",\"width\":300,\"height\":450},{\"@type\":\"BreadcrumbList\",\"@id\":\"https:\\\/\\\/prismagamers.com\\\/hu\\\/produkt\\\/trans-neuronica\\\/#breadcrumb\",\"itemListElement\":[{\"@type\":\"ListItem\",\"position\":1,\"name\":\"Strona g\u0142\u00f3wna\",\"item\":\"https:\\\/\\\/prismagamers.com\\\/hu\\\/prismagamers\\\/\"},{\"@type\":\"ListItem\",\"position\":2,\"name\":\"Shop\",\"item\":\"https:\\\/\\\/prismagamers.com\\\/hu\\\/shop\\\/\"},{\"@type\":\"ListItem\",\"position\":3,\"name\":\"Trans Neuronica\"}]},{\"@type\":\"WebSite\",\"@id\":\"https:\\\/\\\/prismagamers.com\\\/hu\\\/#website\",\"url\":\"https:\\\/\\\/prismagamers.com\\\/hu\\\/\",\"name\":\"Prismagamers\",\"description\":\"Sklep z grami PC I Sklep klucze Steam\",\"publisher\":{\"@id\":\"https:\\\/\\\/prismagamers.com\\\/hu\\\/#organization\"},\"potentialAction\":[{\"@type\":\"SearchAction\",\"target\":{\"@type\":\"EntryPoint\",\"urlTemplate\":\"https:\\\/\\\/prismagamers.com\\\/hu\\\/?s={search_term_string}\"},\"query-input\":{\"@type\":\"PropertyValueSpecification\",\"valueRequired\":true,\"valueName\":\"search_term_string\"}}],\"inLanguage\":\"hu\"},{\"@type\":\"Organization\",\"@id\":\"https:\\\/\\\/prismagamers.com\\\/hu\\\/#organization\",\"name\":\"Prismagamers\",\"url\":\"https:\\\/\\\/prismagamers.com\\\/hu\\\/\",\"logo\":{\"@type\":\"ImageObject\",\"inLanguage\":\"hu\",\"@id\":\"https:\\\/\\\/prismagamers.com\\\/hu\\\/#\\\/schema\\\/logo\\\/image\\\/\",\"url\":\"https:\\\/\\\/prismagamers.com\\\/wp-content\\\/uploads\\\/2022\\\/04\\\/cropped-logo-Prismagamers-01-scaled-1.jpg\",\"contentUrl\":\"https:\\\/\\\/prismagamers.com\\\/wp-content\\\/uploads\\\/2022\\\/04\\\/cropped-logo-Prismagamers-01-scaled-1.jpg\",\"width\":512,\"height\":512,\"caption\":\"Prismagamers\"},\"image\":{\"@id\":\"https:\\\/\\\/prismagamers.com\\\/hu\\\/#\\\/schema\\\/logo\\\/image\\\/\"},\"sameAs\":[\"https:\\\/\\\/www.facebook.com\\\/prismagamers\",\"https:\\\/\\\/www.instagram.com\\\/prismagamers_grycyfrowe\\\/\"],\"description\":\"Prismagamers.com to dynamiczny sklep z grami cyfrowymi, stworzony z my\u015bl\u0105 o entuzjastach gier wideo. Nasza strona oferuje szerok\u0105 gam\u0119 gier komputerowych, w tym najnowsze tytu\u0142y, dobrze znane klasyki oraz gry stworzone przez niezale\u017cne studia Ca\u0142y czas d\u0105\u017cymy do rozszerzenia naszej oferty. Do\u0142\u0105cz do nas i sta\u0144 si\u0119 cz\u0119\u015bci\u0105 naszej rosn\u0105cej spo\u0142eczno\u015bci graczy!\",\"email\":\"shop@prismagamers.com\",\"telephone\":\"48795541705\",\"legalName\":\"East Caravan Maksym \u017bukow\",\"foundingDate\":\"2012-05-10\",\"vatID\":\"PL8943038612\",\"taxID\":\"PL8943038612\",\"numberOfEmployees\":{\"@type\":\"QuantitativeValue\",\"minValue\":\"11\",\"maxValue\":\"50\"}}]}<\/script>\n<!-- \/ Yoast SEO Premium plugin. -->","yoast_head_json":{"title":"Trans Neuronica - Prismagamers.com","description":"A Trans Neuronica egy olyan kirak\u00f3s j\u00e1t\u00e9k, amely a Numberlink koncepci\u00f3j\u00e1t \u00f6tv\u00f6zi az emberek \u00e9s a mesters\u00e9ges intelligencia k\u00f6z\u00f6tti interakci\u00f3kr\u00f3l sz\u00f3l\u00f3 t\u00f6rt\u00e9nettel. A j\u00e1t\u00e9k c\u00e9lja a csom\u00f3pontok \u00f6sszekapcsol\u00e1sa, mik\u00f6zben speci\u00e1lis korl\u00e1toz\u00f3k, kapcsol\u00f3k \u00e9s \u00e1llom\u00e1sok \u00e1ltal el\u0151\u00edrt, egyre nehezed\u0151 szab\u00e1lyoknak kell engedelmeskedni.    \ud83c\udf0d Glob\u00e1lis \u2699\ufe0f Steam \ud83d\udddd Digit\u00e1lis kulcs","robots":{"index":"index","follow":"follow","max-snippet":"max-snippet:-1","max-image-preview":"max-image-preview:large","max-video-preview":"max-video-preview:-1"},"canonical":"https:\/\/prismagamers.com\/hu\/produkt\/trans-neuronica\/","og_locale":"hu_HU","og_type":"article","og_title":"Trans Neuronica","og_description":"A Trans Neuronica egy olyan kirak\u00f3s j\u00e1t\u00e9k, amely a Numberlink koncepci\u00f3j\u00e1t \u00f6tv\u00f6zi az emberek \u00e9s a mesters\u00e9ges intelligencia k\u00f6z\u00f6tti interakci\u00f3kr\u00f3l sz\u00f3l\u00f3 t\u00f6rt\u00e9nettel. A j\u00e1t\u00e9k c\u00e9lja a csom\u00f3pontok \u00f6sszekapcsol\u00e1sa, mik\u00f6zben speci\u00e1lis korl\u00e1toz\u00f3k, kapcsol\u00f3k \u00e9s \u00e1llom\u00e1sok \u00e1ltal el\u0151\u00edrt, egyre nehezed\u0151 szab\u00e1lyoknak kell engedelmeskedni.    \ud83c\udf0d Glob\u00e1lis \u2699\ufe0f Steam \ud83d\udddd Digit\u00e1lis kulcs","og_url":"https:\/\/prismagamers.com\/hu\/produkt\/trans-neuronica\/","og_site_name":"Prismagamers.com","article_publisher":"https:\/\/www.facebook.com\/prismagamers","article_modified_time":"2026-04-20T23:56:11+00:00","og_image":[{"width":300,"height":450,"url":"https:\/\/prismagamers.com\/wp-content\/uploads\/2024\/10\/library_600x900_2x-e1729607238172.jpg","type":"image\/jpeg"}],"twitter_card":"summary_large_image","twitter_misc":{"Becs\u00fclt olvas\u00e1si id\u0151":"2 perc"},"schema":{"@context":"https:\/\/schema.org","@graph":[{"@type":"WebPage","@id":"https:\/\/prismagamers.com\/hu\/produkt\/trans-neuronica\/","url":"https:\/\/prismagamers.com\/hu\/produkt\/trans-neuronica\/","name":"Trans Neuronica - Prismagamers.com","isPartOf":{"@id":"https:\/\/prismagamers.com\/hu\/#website"},"primaryImageOfPage":{"@id":"https:\/\/prismagamers.com\/hu\/produkt\/trans-neuronica\/#primaryimage"},"image":{"@id":"https:\/\/prismagamers.com\/hu\/produkt\/trans-neuronica\/#primaryimage"},"thumbnailUrl":"https:\/\/prismagamers.com\/wp-content\/uploads\/2024\/10\/library_600x900_2x-e1729607238172.jpg","datePublished":"2024-10-22T14:27:59+00:00","dateModified":"2026-04-20T23:56:11+00:00","description":"A Trans Neuronica egy olyan kirak\u00f3s j\u00e1t\u00e9k, amely a Numberlink koncepci\u00f3j\u00e1t \u00f6tv\u00f6zi az emberek \u00e9s a mesters\u00e9ges intelligencia k\u00f6z\u00f6tti interakci\u00f3kr\u00f3l sz\u00f3l\u00f3 t\u00f6rt\u00e9nettel. A j\u00e1t\u00e9k c\u00e9lja a csom\u00f3pontok \u00f6sszekapcsol\u00e1sa, mik\u00f6zben speci\u00e1lis korl\u00e1toz\u00f3k, kapcsol\u00f3k \u00e9s \u00e1llom\u00e1sok \u00e1ltal el\u0151\u00edrt, egyre nehezed\u0151 szab\u00e1lyoknak kell engedelmeskedni. \ud83c\udf0d Glob\u00e1lis \u2699\ufe0f Steam \ud83d\udddd Digit\u00e1lis kulcs","breadcrumb":{"@id":"https:\/\/prismagamers.com\/hu\/produkt\/trans-neuronica\/#breadcrumb"},"inLanguage":"hu","potentialAction":[{"@type":"ReadAction","target":["https:\/\/prismagamers.com\/hu\/produkt\/trans-neuronica\/"]}]},{"@type":"ImageObject","inLanguage":"hu","@id":"https:\/\/prismagamers.com\/hu\/produkt\/trans-neuronica\/#primaryimage","url":"https:\/\/prismagamers.com\/wp-content\/uploads\/2024\/10\/library_600x900_2x-e1729607238172.jpg","contentUrl":"https:\/\/prismagamers.com\/wp-content\/uploads\/2024\/10\/library_600x900_2x-e1729607238172.jpg","width":300,"height":450},{"@type":"BreadcrumbList","@id":"https:\/\/prismagamers.com\/hu\/produkt\/trans-neuronica\/#breadcrumb","itemListElement":[{"@type":"ListItem","position":1,"name":"Strona g\u0142\u00f3wna","item":"https:\/\/prismagamers.com\/hu\/prismagamers\/"},{"@type":"ListItem","position":2,"name":"Shop","item":"https:\/\/prismagamers.com\/hu\/shop\/"},{"@type":"ListItem","position":3,"name":"Trans Neuronica"}]},{"@type":"WebSite","@id":"https:\/\/prismagamers.com\/hu\/#website","url":"https:\/\/prismagamers.com\/hu\/","name":"Prismagamers","description":"Sklep z grami PC I Sklep klucze Steam","publisher":{"@id":"https:\/\/prismagamers.com\/hu\/#organization"},"potentialAction":[{"@type":"SearchAction","target":{"@type":"EntryPoint","urlTemplate":"https:\/\/prismagamers.com\/hu\/?s={search_term_string}"},"query-input":{"@type":"PropertyValueSpecification","valueRequired":true,"valueName":"search_term_string"}}],"inLanguage":"hu"},{"@type":"Organization","@id":"https:\/\/prismagamers.com\/hu\/#organization","name":"Prismagamers","url":"https:\/\/prismagamers.com\/hu\/","logo":{"@type":"ImageObject","inLanguage":"hu","@id":"https:\/\/prismagamers.com\/hu\/#\/schema\/logo\/image\/","url":"https:\/\/prismagamers.com\/wp-content\/uploads\/2022\/04\/cropped-logo-Prismagamers-01-scaled-1.jpg","contentUrl":"https:\/\/prismagamers.com\/wp-content\/uploads\/2022\/04\/cropped-logo-Prismagamers-01-scaled-1.jpg","width":512,"height":512,"caption":"Prismagamers"},"image":{"@id":"https:\/\/prismagamers.com\/hu\/#\/schema\/logo\/image\/"},"sameAs":["https:\/\/www.facebook.com\/prismagamers","https:\/\/www.instagram.com\/prismagamers_grycyfrowe\/"],"description":"Prismagamers.com to dynamiczny sklep z grami cyfrowymi, stworzony z my\u015bl\u0105 o entuzjastach gier wideo. Nasza strona oferuje szerok\u0105 gam\u0119 gier komputerowych, w tym najnowsze tytu\u0142y, dobrze znane klasyki oraz gry stworzone przez niezale\u017cne studia Ca\u0142y czas d\u0105\u017cymy do rozszerzenia naszej oferty. Do\u0142\u0105cz do nas i sta\u0144 si\u0119 cz\u0119\u015bci\u0105 naszej rosn\u0105cej spo\u0142eczno\u015bci graczy!","email":"shop@prismagamers.com","telephone":"48795541705","legalName":"East Caravan Maksym \u017bukow","foundingDate":"2012-05-10","vatID":"PL8943038612","taxID":"PL8943038612","numberOfEmployees":{"@type":"QuantitativeValue","minValue":"11","maxValue":"50"}}]}},"_links":{"self":[{"href":"https:\/\/prismagamers.com\/hu\/wp-json\/wp\/v2\/product\/35080","targetHints":{"allow":["GET"]}}],"collection":[{"href":"https:\/\/prismagamers.com\/hu\/wp-json\/wp\/v2\/product"}],"about":[{"href":"https:\/\/prismagamers.com\/hu\/wp-json\/wp\/v2\/types\/product"}],"wp:featuredmedia":[{"embeddable":true,"href":"https:\/\/prismagamers.com\/hu\/wp-json\/wp\/v2\/media\/32954"}],"wp:attachment":[{"href":"https:\/\/prismagamers.com\/hu\/wp-json\/wp\/v2\/media?parent=35080"}],"wp:term":[{"taxonomy":"product_brand","embeddable":true,"href":"https:\/\/prismagamers.com\/hu\/wp-json\/wp\/v2\/product_brand?post=35080"},{"taxonomy":"product_cat","embeddable":true,"href":"https:\/\/prismagamers.com\/hu\/wp-json\/wp\/v2\/product_cat?post=35080"},{"taxonomy":"product_tag","embeddable":true,"href":"https:\/\/prismagamers.com\/hu\/wp-json\/wp\/v2\/product_tag?post=35080"}],"curies":[{"name":"wp","href":"https:\/\/api.w.org\/{rel}","templated":true}]}}