{"id":35081,"date":"2024-10-22T17:44:54","date_gmt":"2024-10-22T15:44:54","guid":{"rendered":"https:\/\/prismagamers.com\/produkt\/son-of-a-gun\/"},"modified":"2026-03-05T00:00:40","modified_gmt":"2026-03-04T23:00:40","slug":"son-of-a-gun","status":"publish","type":"product","link":"https:\/\/prismagamers.com\/hu\/produkt\/son-of-a-gun\/","title":{"rendered":"Son of a Gun"},"content":{"rendered":"<p>Son of a Gun egy intenz\u00edv top-down perspekt\u00edv\u00e1j\u00fa l\u00f6v\u00f6ld\u00f6z\u0151s j\u00e1t\u00e9k, tele akci\u00f3val, goly\u00f3kkal, v\u00e9rrel \u00e9s robban\u00e1sokkal. Gy\u0171jtsd \u00f6ssze \u00e9s kezeld arzen\u00e1lodat \u00e9s gr\u00e1n\u00e1tjaidat, hogy szembesz\u00e1llj rovarrajokkal, \u00f3ri\u00e1srobotokkal, ny\u00e1lk\u00e1s sz\u00f6rnyekkel \u00e9s m\u00e9g az \u0171rb\u0151l \u00e9rkez\u0151 szellemekkel is. V\u00e1lassz hat karakter k\u00f6z\u00fcl, \u00e9s fejleszd \u0151ket, mik\u00f6zben v\u00e9gigj\u00e1tszod az egyj\u00e1t\u00e9kos kamp\u00e1nyt. Az id\u0151manipul\u00e1ci\u00f3s eszk\u00f6z protot\u00edpus\u00e1nak seg\u00edts\u00e9g\u00e9vel gy\u0151zheted le a n\u00e9ha els\u00f6pr\u0151 erej\u0171 ellens\u00e9get.   <\/p>\n<p>Te vagy Son of a Gun, egy bolyg\u00f3k\u00f6zi zsoldos, aki a Sons of a Gun szervezetnek dolgozik. Mindig t\u00e9ged h\u00edvnak, amikor a helyzet t\u00fczet k\u00f6vetel, \u00e9s az er\u0151 az egyetlen megold\u00e1s. Mik\u00f6zben egy tr\u00f3pusi bolyg\u00f3n pihensz, h\u00edv\u00e1st kapsz a SOAG parancsnoki k\u00f6zpontj\u00e1b\u00f3l&#8230;..  <\/p>\n<p><img decoding=\"async\" class=\"bb_img aligncenter\" src=\"https:\/\/shared.fastly.steamstatic.com\/store_item_assets\/steam\/apps\/2288600\/extras\/SOAG_Gif_Action_4.gif?t=1729601270\"><\/p>\n<p>Sz\u00e1mos fegyver k\u00f6z\u00fcl v\u00e1laszthatsz 7 egyedi oszt\u00e1lyban. Ny\u00falj pisztolyok, shotgunok, SMG-k, pusk\u00e1k, plazmafegyverek, mesterl\u00f6v\u00e9szpusk\u00e1k vagy rak\u00e9tavet\u0151k ut\u00e1n &#8211; te d\u00f6ntesz a saj\u00e1t j\u00e1t\u00e9kst\u00edlusodr\u00f3l. Ne feledkezz meg a gr\u00e1n\u00e1tokr\u00f3l sem! Szereld fel magad a kedvenc t\u00edpusoddal: fr\u00f6ccsen\u0151, er\u0151-, robban\u00f3- vagy robban\u00f3gr\u00e1n\u00e1t.   <\/p>\n<p><img decoding=\"async\" class=\"bb_img aligncenter\" src=\"https:\/\/shared.fastly.steamstatic.com\/store_item_assets\/steam\/apps\/2288600\/extras\/SOAG_Gif_Weapons.gif?t=1729601270\"><\/p>\n<p>A t\u00e1voli bolyg\u00f3k, v\u00e1ltozatos biomok sz\u00edv\u00e9ben kell majd harcba sz\u00e1llnod. Mindegyik egyedi k\u00f6rnyezetet \u00e9s kih\u00edv\u00e1sokat k\u00edn\u00e1l &#8211; \u00e9rd el a c\u00e9lodat, nyisd ki a b\u00e1zis kapuj\u00e1t, szerezz adatokat az inform\u00e1ci\u00f3s pylonokr\u00f3l, vagy \u00e9lj t\u00fal ellens\u00e9gek hord\u00e1inak t\u00e1mad\u00e1s\u00e1t. <\/p>\n<p><img decoding=\"async\" class=\"bb_img aligncenter\" src=\"https:\/\/shared.fastly.steamstatic.com\/store_item_assets\/steam\/apps\/2288600\/extras\/SOAG_Gif_Planets_2.gif?t=1729601270\"><\/p>\n<p>N\u00e9zz szembe t\u00f6bb mint 20 k\u00fcl\u00f6nb\u00f6z\u0151 t\u00edpus\u00fa ellens\u00e9ggel, k\u00f6zt\u00fck rovarrajokkal, zombiszer\u0171 l\u00e9nyekkel, automata \u00e1gy\u00fakkal, \u00f3ri\u00e1srobotokkal, f\u00e9lelmetes sz\u00f6rnyekkel, ny\u00e1lk\u00e1s l\u00e9nyekkel \u00e9s m\u00e9g az \u0171rb\u0151l \u00e9rkez\u0151 szellemekkel is.<\/p>\n<p><img decoding=\"async\" class=\"bb_img aligncenter\" src=\"https:\/\/shared.fastly.steamstatic.com\/store_item_assets\/steam\/apps\/2288600\/extras\/SOAG_Gif_Enemies_2.gif?t=1729601270\"><\/p>\n<ul>\n<li>Rengeteg fegyver 7 k\u00fcl\u00f6nb\u00f6z\u0151 oszt\u00e1lyban &#8211; v\u00e1laszd ki a j\u00e1t\u00e9kst\u00edlusodat.<\/li>\n<li>Hajolj meg, hogy megmentsd a saj\u00e1t b\u0151r\u00f6d.<\/li>\n<li>J\u00e1tssz a hat zsoldos egyikek\u00e9nt.<\/li>\n<li>Mozgassa a taktikai robban\u00f3hord\u00f3kat, hogy el\u0151nyre tegyen szert.<\/li>\n<li>Haszn\u00e1ld a k\u00f6rnyezetet az ellens\u00e9gek kiiktat\u00e1s\u00e1ra.<\/li>\n<li>Puszt\u00edts el 8 \u00f3ri\u00e1si f\u0151n\u00f6k\u00f6t, amelyek mindegyike egyedi mechanik\u00e1t k\u00edn\u00e1l.<\/li>\n<li>\u00c9lj \u00e1t egy sci-fi t\u00e9m\u00e1kkal teli t\u00f6rt\u00e9netet! \ud83d\ude42<\/li>\n<\/ul>\n","protected":false},"excerpt":{"rendered":"<p class=\"ai-optimize-28\">Egy retro ihlet\u00e9s\u0171, akci\u00f3d\u00fas twin-stick shooter tele goly\u00f3kkal, kri \u00e9s robban\u00e1sokkal. Gy\u0171jtsd \u00f6ssze \u00e9s kezeld az arzen\u00e1lodat, hogy elint\u00e9zd a dzsungel zombikat, rovarrajokat, \u00f3ri\u00e1srobotokat, ny\u00e1lk\u00e1s sz\u00f6rnyeket \u00e9s m\u00e9g az \u0171rb\u0151l \u00e9rkez\u0151 szellemeket is. <\/p>\n<p class=\"ai-optimize-29\">\ud83c\udf0d Glob\u00e1lis<br \/>\n\u2699\ufe0f Steam<br \/>\n\ud83d\udddd Digit\u00e1lis kulcs<\/p>\n","protected":false},"featured_media":32966,"template":"","meta":{"_acf_changed":false,"site-sidebar-layout":"default","site-content-layout":"","ast-site-content-layout":"default","site-content-style":"default","site-sidebar-style":"default","ast-global-header-display":"","ast-banner-title-visibility":"","ast-main-header-display":"","ast-hfb-above-header-display":"","ast-hfb-below-header-display":"","ast-hfb-mobile-header-display":"","site-post-title":"","ast-breadcrumbs-content":"","ast-featured-img":"","footer-sml-layout":"","ast-disable-related-posts":"","theme-transparent-header-meta":"default","adv-header-id-meta":"","stick-header-meta":"","header-above-stick-meta":"","header-main-stick-meta":"","header-below-stick-meta":"","astra-migrate-meta-layouts":"default","ast-page-background-enabled":"default","ast-page-background-meta":{"desktop":{"background-color":"var(--ast-global-color-4)","background-image":"","background-repeat":"repeat","background-position":"center center","background-size":"auto","background-attachment":"scroll","background-type":"","background-media":"","overlay-type":"","overlay-color":"","overlay-opacity":"","overlay-gradient":""},"tablet":{"background-color":"","background-image":"","background-repeat":"repeat","background-position":"center center","background-size":"auto","background-attachment":"scroll","background-type":"","background-media":"","overlay-type":"","overlay-color":"","overlay-opacity":"","overlay-gradient":""},"mobile":{"background-color":"","background-image":"","background-repeat":"repeat","background-position":"center center","background-size":"auto","background-attachment":"scroll","background-type":"","background-media":"","overlay-type":"","overlay-color":"","overlay-opacity":"","overlay-gradient":""}},"ast-content-background-meta":{"desktop":{"background-color":"var(--ast-global-color-5)","background-image":"","background-repeat":"repeat","background-position":"center center","background-size":"auto","background-attachment":"scroll","background-type":"","background-media":"","overlay-type":"","overlay-color":"","overlay-opacity":"","overlay-gradient":""},"tablet":{"background-color":"var(--ast-global-color-5)","background-image":"","background-repeat":"repeat","background-position":"center center","background-size":"auto","background-attachment":"scroll","background-type":"","background-media":"","overlay-type":"","overlay-color":"","overlay-opacity":"","overlay-gradient":""},"mobile":{"background-color":"var(--ast-global-color-5)","background-image":"","background-repeat":"repeat","background-position":"center center","background-size":"auto","background-attachment":"scroll","background-type":"","background-media":"","overlay-type":"","overlay-color":"","overlay-opacity":"","overlay-gradient":""}}},"product_brand":[],"product_cat":[371,369,395,365,396,367],"product_tag":[],"class_list":{"0":"post-35081","1":"product","2":"type-product","3":"status-publish","4":"has-post-thumbnail","6":"product_cat-akcio-jatekok","7":"product_cat-csarnokok","8":"product_cat-elmondhatatlan-tortenetek","9":"product_cat-goz","10":"product_cat-lovoldozos-jatekok-a-steamen","11":"product_cat-pc-jatekok","12":"desktop-align-left","13":"tablet-align-left","14":"mobile-align-left","16":"first","17":"instock","18":"virtual","19":"purchasable","20":"product-type-simple"},"acf":[],"yoast_head":"<!-- This site is optimized with the Yoast SEO Premium plugin v27.4 (Yoast SEO v27.4) - https:\/\/yoast.com\/product\/yoast-seo-premium-wordpress\/ -->\n<title>Son of a Gun - Prismagamers.com<\/title>\n<meta name=\"description\" content=\"Egy retro ihlet\u00e9s\u0171, akci\u00f3d\u00fas twin-stick shooter tele goly\u00f3kkal, kri \u00e9s robban\u00e1sokkal. Gy\u0171jtsd \u00f6ssze \u00e9s kezeld az arzen\u00e1lodat, hogy elint\u00e9zd a dzsungel zombikat, rovarrajokat, \u00f3ri\u00e1srobotokat, ny\u00e1lk\u00e1s sz\u00f6rnyeket \u00e9s m\u00e9g az \u0171rb\u0151l \u00e9rkez\u0151 szellemeket is. \ud83c\udf0d Glob\u00e1lis \u2699\ufe0f Steam \ud83d\udddd Digit\u00e1lis kulcs\" \/>\n<meta name=\"robots\" content=\"index, follow, max-snippet:-1, max-image-preview:large, max-video-preview:-1\" \/>\n<link rel=\"canonical\" href=\"https:\/\/prismagamers.com\/hu\/produkt\/son-of-a-gun\/\" \/>\n<meta property=\"og:locale\" content=\"hu_HU\" \/>\n<meta property=\"og:type\" content=\"article\" \/>\n<meta property=\"og:title\" content=\"Son of a Gun\" \/>\n<meta property=\"og:description\" content=\"Egy retro ihlet\u00e9s\u0171, akci\u00f3d\u00fas twin-stick shooter tele goly\u00f3kkal, kri \u00e9s robban\u00e1sokkal. Gy\u0171jtsd \u00f6ssze \u00e9s kezeld az arzen\u00e1lodat, hogy elint\u00e9zd a dzsungel zombikat, rovarrajokat, \u00f3ri\u00e1srobotokat, ny\u00e1lk\u00e1s sz\u00f6rnyeket \u00e9s m\u00e9g az \u0171rb\u0151l \u00e9rkez\u0151 szellemeket is. \ud83c\udf0d Glob\u00e1lis \u2699\ufe0f Steam \ud83d\udddd Digit\u00e1lis kulcs\" \/>\n<meta property=\"og:url\" content=\"https:\/\/prismagamers.com\/hu\/produkt\/son-of-a-gun\/\" \/>\n<meta property=\"og:site_name\" content=\"Prismagamers.com\" \/>\n<meta property=\"article:publisher\" content=\"https:\/\/www.facebook.com\/prismagamers\" \/>\n<meta property=\"article:modified_time\" content=\"2026-03-04T23:00:40+00:00\" \/>\n<meta property=\"og:image\" content=\"https:\/\/prismagamers.com\/wp-content\/uploads\/2024\/10\/library_600x900_2x-1-e1729611798713.jpg\" \/>\n\t<meta property=\"og:image:width\" content=\"300\" \/>\n\t<meta property=\"og:image:height\" content=\"450\" \/>\n\t<meta property=\"og:image:type\" content=\"image\/jpeg\" \/>\n<meta name=\"twitter:card\" content=\"summary_large_image\" \/>\n<meta name=\"twitter:label1\" content=\"Becs\u00fclt olvas\u00e1si id\u0151\" \/>\n\t<meta name=\"twitter:data1\" content=\"2 perc\" \/>\n<script type=\"application\/ld+json\" class=\"yoast-schema-graph\">{\"@context\":\"https:\\\/\\\/schema.org\",\"@graph\":[{\"@type\":\"WebPage\",\"@id\":\"https:\\\/\\\/prismagamers.com\\\/hu\\\/produkt\\\/son-of-a-gun\\\/\",\"url\":\"https:\\\/\\\/prismagamers.com\\\/hu\\\/produkt\\\/son-of-a-gun\\\/\",\"name\":\"Son of a Gun - Prismagamers.com\",\"isPartOf\":{\"@id\":\"https:\\\/\\\/prismagamers.com\\\/hu\\\/#website\"},\"primaryImageOfPage\":{\"@id\":\"https:\\\/\\\/prismagamers.com\\\/hu\\\/produkt\\\/son-of-a-gun\\\/#primaryimage\"},\"image\":{\"@id\":\"https:\\\/\\\/prismagamers.com\\\/hu\\\/produkt\\\/son-of-a-gun\\\/#primaryimage\"},\"thumbnailUrl\":\"https:\\\/\\\/prismagamers.com\\\/wp-content\\\/uploads\\\/2024\\\/10\\\/library_600x900_2x-1-e1729611798713.jpg\",\"datePublished\":\"2024-10-22T15:44:54+00:00\",\"dateModified\":\"2026-03-04T23:00:40+00:00\",\"description\":\"Egy retro ihlet\u00e9s\u0171, akci\u00f3d\u00fas twin-stick shooter tele goly\u00f3kkal, kri \u00e9s robban\u00e1sokkal. Gy\u0171jtsd \u00f6ssze \u00e9s kezeld az arzen\u00e1lodat, hogy elint\u00e9zd a dzsungel zombikat, rovarrajokat, \u00f3ri\u00e1srobotokat, ny\u00e1lk\u00e1s sz\u00f6rnyeket \u00e9s m\u00e9g az \u0171rb\u0151l \u00e9rkez\u0151 szellemeket is. \ud83c\udf0d Glob\u00e1lis \u2699\ufe0f Steam \ud83d\udddd Digit\u00e1lis kulcs\",\"breadcrumb\":{\"@id\":\"https:\\\/\\\/prismagamers.com\\\/hu\\\/produkt\\\/son-of-a-gun\\\/#breadcrumb\"},\"inLanguage\":\"hu\",\"potentialAction\":[{\"@type\":\"ReadAction\",\"target\":[\"https:\\\/\\\/prismagamers.com\\\/hu\\\/produkt\\\/son-of-a-gun\\\/\"]}]},{\"@type\":\"ImageObject\",\"inLanguage\":\"hu\",\"@id\":\"https:\\\/\\\/prismagamers.com\\\/hu\\\/produkt\\\/son-of-a-gun\\\/#primaryimage\",\"url\":\"https:\\\/\\\/prismagamers.com\\\/wp-content\\\/uploads\\\/2024\\\/10\\\/library_600x900_2x-1-e1729611798713.jpg\",\"contentUrl\":\"https:\\\/\\\/prismagamers.com\\\/wp-content\\\/uploads\\\/2024\\\/10\\\/library_600x900_2x-1-e1729611798713.jpg\",\"width\":300,\"height\":450},{\"@type\":\"BreadcrumbList\",\"@id\":\"https:\\\/\\\/prismagamers.com\\\/hu\\\/produkt\\\/son-of-a-gun\\\/#breadcrumb\",\"itemListElement\":[{\"@type\":\"ListItem\",\"position\":1,\"name\":\"Strona g\u0142\u00f3wna\",\"item\":\"https:\\\/\\\/prismagamers.com\\\/hu\\\/prismagamers\\\/\"},{\"@type\":\"ListItem\",\"position\":2,\"name\":\"Shop\",\"item\":\"https:\\\/\\\/prismagamers.com\\\/hu\\\/shop\\\/\"},{\"@type\":\"ListItem\",\"position\":3,\"name\":\"Son of a Gun\"}]},{\"@type\":\"WebSite\",\"@id\":\"https:\\\/\\\/prismagamers.com\\\/hu\\\/#website\",\"url\":\"https:\\\/\\\/prismagamers.com\\\/hu\\\/\",\"name\":\"Prismagamers\",\"description\":\"Sklep z grami PC I Sklep klucze Steam\",\"publisher\":{\"@id\":\"https:\\\/\\\/prismagamers.com\\\/hu\\\/#organization\"},\"potentialAction\":[{\"@type\":\"SearchAction\",\"target\":{\"@type\":\"EntryPoint\",\"urlTemplate\":\"https:\\\/\\\/prismagamers.com\\\/hu\\\/?s={search_term_string}\"},\"query-input\":{\"@type\":\"PropertyValueSpecification\",\"valueRequired\":true,\"valueName\":\"search_term_string\"}}],\"inLanguage\":\"hu\"},{\"@type\":\"Organization\",\"@id\":\"https:\\\/\\\/prismagamers.com\\\/hu\\\/#organization\",\"name\":\"Prismagamers\",\"url\":\"https:\\\/\\\/prismagamers.com\\\/hu\\\/\",\"logo\":{\"@type\":\"ImageObject\",\"inLanguage\":\"hu\",\"@id\":\"https:\\\/\\\/prismagamers.com\\\/hu\\\/#\\\/schema\\\/logo\\\/image\\\/\",\"url\":\"https:\\\/\\\/prismagamers.com\\\/wp-content\\\/uploads\\\/2022\\\/04\\\/cropped-logo-Prismagamers-01-scaled-1.jpg\",\"contentUrl\":\"https:\\\/\\\/prismagamers.com\\\/wp-content\\\/uploads\\\/2022\\\/04\\\/cropped-logo-Prismagamers-01-scaled-1.jpg\",\"width\":512,\"height\":512,\"caption\":\"Prismagamers\"},\"image\":{\"@id\":\"https:\\\/\\\/prismagamers.com\\\/hu\\\/#\\\/schema\\\/logo\\\/image\\\/\"},\"sameAs\":[\"https:\\\/\\\/www.facebook.com\\\/prismagamers\",\"https:\\\/\\\/www.instagram.com\\\/prismagamers_grycyfrowe\\\/\"],\"description\":\"Prismagamers.com to dynamiczny sklep z grami cyfrowymi, stworzony z my\u015bl\u0105 o entuzjastach gier wideo. Nasza strona oferuje szerok\u0105 gam\u0119 gier komputerowych, w tym najnowsze tytu\u0142y, dobrze znane klasyki oraz gry stworzone przez niezale\u017cne studia Ca\u0142y czas d\u0105\u017cymy do rozszerzenia naszej oferty. Do\u0142\u0105cz do nas i sta\u0144 si\u0119 cz\u0119\u015bci\u0105 naszej rosn\u0105cej spo\u0142eczno\u015bci graczy!\",\"email\":\"shop@prismagamers.com\",\"telephone\":\"48795541705\",\"legalName\":\"East Caravan Maksym \u017bukow\",\"foundingDate\":\"2012-05-10\",\"vatID\":\"PL8943038612\",\"taxID\":\"PL8943038612\",\"numberOfEmployees\":{\"@type\":\"QuantitativeValue\",\"minValue\":\"11\",\"maxValue\":\"50\"}}]}<\/script>\n<!-- \/ Yoast SEO Premium plugin. -->","yoast_head_json":{"title":"Son of a Gun - Prismagamers.com","description":"Egy retro ihlet\u00e9s\u0171, akci\u00f3d\u00fas twin-stick shooter tele goly\u00f3kkal, kri \u00e9s robban\u00e1sokkal. Gy\u0171jtsd \u00f6ssze \u00e9s kezeld az arzen\u00e1lodat, hogy elint\u00e9zd a dzsungel zombikat, rovarrajokat, \u00f3ri\u00e1srobotokat, ny\u00e1lk\u00e1s sz\u00f6rnyeket \u00e9s m\u00e9g az \u0171rb\u0151l \u00e9rkez\u0151 szellemeket is. \ud83c\udf0d Glob\u00e1lis \u2699\ufe0f Steam \ud83d\udddd Digit\u00e1lis kulcs","robots":{"index":"index","follow":"follow","max-snippet":"max-snippet:-1","max-image-preview":"max-image-preview:large","max-video-preview":"max-video-preview:-1"},"canonical":"https:\/\/prismagamers.com\/hu\/produkt\/son-of-a-gun\/","og_locale":"hu_HU","og_type":"article","og_title":"Son of a Gun","og_description":"Egy retro ihlet\u00e9s\u0171, akci\u00f3d\u00fas twin-stick shooter tele goly\u00f3kkal, kri \u00e9s robban\u00e1sokkal. Gy\u0171jtsd \u00f6ssze \u00e9s kezeld az arzen\u00e1lodat, hogy elint\u00e9zd a dzsungel zombikat, rovarrajokat, \u00f3ri\u00e1srobotokat, ny\u00e1lk\u00e1s sz\u00f6rnyeket \u00e9s m\u00e9g az \u0171rb\u0151l \u00e9rkez\u0151 szellemeket is. \ud83c\udf0d Glob\u00e1lis \u2699\ufe0f Steam \ud83d\udddd Digit\u00e1lis kulcs","og_url":"https:\/\/prismagamers.com\/hu\/produkt\/son-of-a-gun\/","og_site_name":"Prismagamers.com","article_publisher":"https:\/\/www.facebook.com\/prismagamers","article_modified_time":"2026-03-04T23:00:40+00:00","og_image":[{"width":300,"height":450,"url":"https:\/\/prismagamers.com\/wp-content\/uploads\/2024\/10\/library_600x900_2x-1-e1729611798713.jpg","type":"image\/jpeg"}],"twitter_card":"summary_large_image","twitter_misc":{"Becs\u00fclt olvas\u00e1si id\u0151":"2 perc"},"schema":{"@context":"https:\/\/schema.org","@graph":[{"@type":"WebPage","@id":"https:\/\/prismagamers.com\/hu\/produkt\/son-of-a-gun\/","url":"https:\/\/prismagamers.com\/hu\/produkt\/son-of-a-gun\/","name":"Son of a Gun - Prismagamers.com","isPartOf":{"@id":"https:\/\/prismagamers.com\/hu\/#website"},"primaryImageOfPage":{"@id":"https:\/\/prismagamers.com\/hu\/produkt\/son-of-a-gun\/#primaryimage"},"image":{"@id":"https:\/\/prismagamers.com\/hu\/produkt\/son-of-a-gun\/#primaryimage"},"thumbnailUrl":"https:\/\/prismagamers.com\/wp-content\/uploads\/2024\/10\/library_600x900_2x-1-e1729611798713.jpg","datePublished":"2024-10-22T15:44:54+00:00","dateModified":"2026-03-04T23:00:40+00:00","description":"Egy retro ihlet\u00e9s\u0171, akci\u00f3d\u00fas twin-stick shooter tele goly\u00f3kkal, kri \u00e9s robban\u00e1sokkal. Gy\u0171jtsd \u00f6ssze \u00e9s kezeld az arzen\u00e1lodat, hogy elint\u00e9zd a dzsungel zombikat, rovarrajokat, \u00f3ri\u00e1srobotokat, ny\u00e1lk\u00e1s sz\u00f6rnyeket \u00e9s m\u00e9g az \u0171rb\u0151l \u00e9rkez\u0151 szellemeket is. \ud83c\udf0d Glob\u00e1lis \u2699\ufe0f Steam \ud83d\udddd Digit\u00e1lis kulcs","breadcrumb":{"@id":"https:\/\/prismagamers.com\/hu\/produkt\/son-of-a-gun\/#breadcrumb"},"inLanguage":"hu","potentialAction":[{"@type":"ReadAction","target":["https:\/\/prismagamers.com\/hu\/produkt\/son-of-a-gun\/"]}]},{"@type":"ImageObject","inLanguage":"hu","@id":"https:\/\/prismagamers.com\/hu\/produkt\/son-of-a-gun\/#primaryimage","url":"https:\/\/prismagamers.com\/wp-content\/uploads\/2024\/10\/library_600x900_2x-1-e1729611798713.jpg","contentUrl":"https:\/\/prismagamers.com\/wp-content\/uploads\/2024\/10\/library_600x900_2x-1-e1729611798713.jpg","width":300,"height":450},{"@type":"BreadcrumbList","@id":"https:\/\/prismagamers.com\/hu\/produkt\/son-of-a-gun\/#breadcrumb","itemListElement":[{"@type":"ListItem","position":1,"name":"Strona g\u0142\u00f3wna","item":"https:\/\/prismagamers.com\/hu\/prismagamers\/"},{"@type":"ListItem","position":2,"name":"Shop","item":"https:\/\/prismagamers.com\/hu\/shop\/"},{"@type":"ListItem","position":3,"name":"Son of a Gun"}]},{"@type":"WebSite","@id":"https:\/\/prismagamers.com\/hu\/#website","url":"https:\/\/prismagamers.com\/hu\/","name":"Prismagamers","description":"Sklep z grami PC I Sklep klucze Steam","publisher":{"@id":"https:\/\/prismagamers.com\/hu\/#organization"},"potentialAction":[{"@type":"SearchAction","target":{"@type":"EntryPoint","urlTemplate":"https:\/\/prismagamers.com\/hu\/?s={search_term_string}"},"query-input":{"@type":"PropertyValueSpecification","valueRequired":true,"valueName":"search_term_string"}}],"inLanguage":"hu"},{"@type":"Organization","@id":"https:\/\/prismagamers.com\/hu\/#organization","name":"Prismagamers","url":"https:\/\/prismagamers.com\/hu\/","logo":{"@type":"ImageObject","inLanguage":"hu","@id":"https:\/\/prismagamers.com\/hu\/#\/schema\/logo\/image\/","url":"https:\/\/prismagamers.com\/wp-content\/uploads\/2022\/04\/cropped-logo-Prismagamers-01-scaled-1.jpg","contentUrl":"https:\/\/prismagamers.com\/wp-content\/uploads\/2022\/04\/cropped-logo-Prismagamers-01-scaled-1.jpg","width":512,"height":512,"caption":"Prismagamers"},"image":{"@id":"https:\/\/prismagamers.com\/hu\/#\/schema\/logo\/image\/"},"sameAs":["https:\/\/www.facebook.com\/prismagamers","https:\/\/www.instagram.com\/prismagamers_grycyfrowe\/"],"description":"Prismagamers.com to dynamiczny sklep z grami cyfrowymi, stworzony z my\u015bl\u0105 o entuzjastach gier wideo. Nasza strona oferuje szerok\u0105 gam\u0119 gier komputerowych, w tym najnowsze tytu\u0142y, dobrze znane klasyki oraz gry stworzone przez niezale\u017cne studia Ca\u0142y czas d\u0105\u017cymy do rozszerzenia naszej oferty. Do\u0142\u0105cz do nas i sta\u0144 si\u0119 cz\u0119\u015bci\u0105 naszej rosn\u0105cej spo\u0142eczno\u015bci graczy!","email":"shop@prismagamers.com","telephone":"48795541705","legalName":"East Caravan Maksym \u017bukow","foundingDate":"2012-05-10","vatID":"PL8943038612","taxID":"PL8943038612","numberOfEmployees":{"@type":"QuantitativeValue","minValue":"11","maxValue":"50"}}]}},"_links":{"self":[{"href":"https:\/\/prismagamers.com\/hu\/wp-json\/wp\/v2\/product\/35081","targetHints":{"allow":["GET"]}}],"collection":[{"href":"https:\/\/prismagamers.com\/hu\/wp-json\/wp\/v2\/product"}],"about":[{"href":"https:\/\/prismagamers.com\/hu\/wp-json\/wp\/v2\/types\/product"}],"wp:featuredmedia":[{"embeddable":true,"href":"https:\/\/prismagamers.com\/hu\/wp-json\/wp\/v2\/media\/32966"}],"wp:attachment":[{"href":"https:\/\/prismagamers.com\/hu\/wp-json\/wp\/v2\/media?parent=35081"}],"wp:term":[{"taxonomy":"product_brand","embeddable":true,"href":"https:\/\/prismagamers.com\/hu\/wp-json\/wp\/v2\/product_brand?post=35081"},{"taxonomy":"product_cat","embeddable":true,"href":"https:\/\/prismagamers.com\/hu\/wp-json\/wp\/v2\/product_cat?post=35081"},{"taxonomy":"product_tag","embeddable":true,"href":"https:\/\/prismagamers.com\/hu\/wp-json\/wp\/v2\/product_tag?post=35081"}],"curies":[{"name":"wp","href":"https:\/\/api.w.org\/{rel}","templated":true}]}}