{"id":35082,"date":"2024-12-25T18:37:22","date_gmt":"2024-12-25T17:37:22","guid":{"rendered":"https:\/\/prismagamers.com\/produkt\/ne-felj-2\/"},"modified":"2026-03-05T00:00:46","modified_gmt":"2026-03-04T23:00:46","slug":"ne-felj-2","status":"publish","type":"product","link":"https:\/\/prismagamers.com\/hu\/produkt\/ne-felj-2\/","title":{"rendered":"Ne f\u00e9lj 2"},"content":{"rendered":"<p>A <strong>Don&#8217;t Be Afraid 2<\/strong> az els\u0151 szem\u00e9ly\u0171 perspekt\u00edv\u00e1s horrorj\u00e1t\u00e9k folytat\u00e1sa, amelyben a j\u00e1t\u00e9kos David szerep\u00e9t veszi \u00e1t, egy fiatalember\u00e9t, aki megpr\u00f3b\u00e1lja lek\u00fczdeni gyermekkori traum\u00e1j\u00e1t. \u00c9ld \u00e1t \u00fajra s\u00f6t\u00e9t eml\u00e9keit f\u00e9lelmetes helysz\u00ednek felfedez\u00e9s\u00e9vel, nyomok gy\u0171jt\u00e9s\u00e9vel \u00e9s rejtv\u00e9nyek megold\u00e1s\u00e1val, amelyeket egy pszichopata gyilkos hagyott h\u00e1tra. <\/p>\n<p><strong>Plot<\/strong><br \/>\n15 \u00e9vvel ezel\u0151tt David t\u00fal\u00e9lt egy r\u00e9m\u00e1lmot &#8211; sorozatgyilkosok rabolt\u00e1k el, akik arra k\u00e9nyszer\u00edtett\u00e9k, hogy r\u00e9szt vegyen hal\u00e1los j\u00e1t\u00e9kaikban. Dr\u00e1mai menek\u00fcl\u00e9se ut\u00e1n megpr\u00f3b\u00e1lta \u00fajj\u00e1\u00e9p\u00edteni az \u00e9let\u00e9t, de a m\u00faltja m\u00e9g mindig k\u00eds\u00e9rti, \u00e9s a trauma megnehez\u00edti a mindennapi m\u0171k\u00f6d\u00e9s\u00e9t. <\/p>\n<p><strong>A j\u00e1t\u00e9k jellemz\u0151i:<\/strong><\/p>\n<ul>\n<li>A horror \u00e9s a logikai rejtv\u00e9nyek kombin\u00e1ci\u00f3ja.<\/li>\n<li>Egy sor f\u00e9lelmetes szabadul\u00f3szoba k\u00fcl\u00f6nb\u00f6z\u0151 kih\u00edv\u00e1sokkal.<\/li>\n<li>Egy t\u00f6rt\u00e9net, amely elmossa a hat\u00e1rokat \u00e1lom \u00e9s val\u00f3s\u00e1g k\u00f6z\u00f6tt.<\/li>\n<li>Rejt\u00e9lyes rajzok, feljegyz\u00e9sek \u00e9s dokumentumok, amelyek s\u00f6t\u00e9t titkokat t\u00e1rnak fel.<\/li>\n<li>A j\u00e1t\u00e9k k\u00e9t lehets\u00e9ges befejez\u00e9se.<\/li>\n<\/ul>\n","protected":false},"excerpt":{"rendered":"<div class=\"flex-shrink-0 flex flex-col relative items-end\">\n<div>\n<div class=\"pt-0\">\n<div class=\"gizmo-bot-avatar flex h-8 w-8 items-center justify-center overflow-hidden rounded-full\">\n<div class=\"relative p-1 rounded-sm flex items-center justify-center bg-token-main-surface-primary text-token-text-primary h-8 w-8\"><\/div>\n<\/div>\n<\/div>\n<\/div>\n<\/div>\n<div class=\"group\/conversation-turn relative flex w-full min-w-0 flex-col agent-turn\">\n<div class=\"flex-col gap-1 md:gap-3\">\n<div class=\"flex max-w-full flex-col flex-grow\">\n<div class=\"min-h-8 text-message flex w-full flex-col items-end gap-2 whitespace-normal break-words text-start [.text-message+&amp;]:mt-5\" dir=\"auto\" data-message-author-role=\"assistant\" data-message-id=\"f1e0fa11-c323-4d78-acce-ab7ff87c6d77\" data-message-model-slug=\"gpt-4o-mini\">\n<div class=\"flex w-full flex-col gap-1 empty:hidden first:pt-[3px]\">\n<div class=\"markdown prose w-full break-words dark:prose-invert light\">\n<p class=\"ai-optimize-28\">Mer\u00fclj el egy olyan r\u00e9m\u00e1lomban, amely elmosja a val\u00f3s\u00e1g \u00e9s az ill\u00fazi\u00f3 k\u00f6z\u00f6tti hat\u00e1rokat egy izgalmas szabadul\u00f3szob\u00e1s j\u00e1t\u00e9kban. Siker\u00fcl-e megsz\u00f6kn\u00f6d a f\u00e9lelmetes kast\u00e9lyb\u00f3l, vagy legy\u0151znek a saj\u00e1t f\u00e9lelmeid? Szembe fogsz n\u00e9zni s\u00f6t\u00e9t m\u00faltaddal \u00e9s lek\u00fczd\u00f6d azt, vagy teljesen felem\u00e9sztenek a r\u00e9miszt\u0151 eml\u00e9kek?  <\/p>\n<p class=\"ai-optimize-29\">\ud83c\udf0d Global \u2699\ufe0f Steam<br \/>\n\ud83d\udddd digit\u00e1lis kulcs<\/p>\n<\/div>\n<\/div>\n<\/div>\n<\/div>\n<\/div>\n<\/div>\n","protected":false},"featured_media":33449,"template":"","meta":{"_acf_changed":false,"site-sidebar-layout":"default","site-content-layout":"","ast-site-content-layout":"default","site-content-style":"default","site-sidebar-style":"default","ast-global-header-display":"","ast-banner-title-visibility":"","ast-main-header-display":"","ast-hfb-above-header-display":"","ast-hfb-below-header-display":"","ast-hfb-mobile-header-display":"","site-post-title":"","ast-breadcrumbs-content":"","ast-featured-img":"","footer-sml-layout":"","ast-disable-related-posts":"","theme-transparent-header-meta":"default","adv-header-id-meta":"","stick-header-meta":"","header-above-stick-meta":"","header-main-stick-meta":"","header-below-stick-meta":"","astra-migrate-meta-layouts":"default","ast-page-background-enabled":"default","ast-page-background-meta":{"desktop":{"background-color":"var(--ast-global-color-4)","background-image":"","background-repeat":"repeat","background-position":"center center","background-size":"auto","background-attachment":"scroll","background-type":"","background-media":"","overlay-type":"","overlay-color":"","overlay-opacity":"","overlay-gradient":""},"tablet":{"background-color":"","background-image":"","background-repeat":"repeat","background-position":"center center","background-size":"auto","background-attachment":"scroll","background-type":"","background-media":"","overlay-type":"","overlay-color":"","overlay-opacity":"","overlay-gradient":""},"mobile":{"background-color":"","background-image":"","background-repeat":"repeat","background-position":"center center","background-size":"auto","background-attachment":"scroll","background-type":"","background-media":"","overlay-type":"","overlay-color":"","overlay-opacity":"","overlay-gradient":""}},"ast-content-background-meta":{"desktop":{"background-color":"var(--ast-global-color-5)","background-image":"","background-repeat":"repeat","background-position":"center center","background-size":"auto","background-attachment":"scroll","background-type":"","background-media":"","overlay-type":"","overlay-color":"","overlay-opacity":"","overlay-gradient":""},"tablet":{"background-color":"var(--ast-global-color-5)","background-image":"","background-repeat":"repeat","background-position":"center center","background-size":"auto","background-attachment":"scroll","background-type":"","background-media":"","overlay-type":"","overlay-color":"","overlay-opacity":"","overlay-gradient":""},"mobile":{"background-color":"var(--ast-global-color-5)","background-image":"","background-repeat":"repeat","background-position":"center center","background-size":"auto","background-attachment":"scroll","background-type":"","background-media":"","overlay-type":"","overlay-color":"","overlay-opacity":"","overlay-gradient":""}}},"product_brand":[],"product_cat":[369,395,365,385,367],"product_tag":[],"class_list":{"0":"post-35082","1":"product","2":"type-product","3":"status-publish","4":"has-post-thumbnail","6":"product_cat-csarnokok","7":"product_cat-elmondhatatlan-tortenetek","8":"product_cat-goz","9":"product_cat-horror-hu","10":"product_cat-pc-jatekok","11":"desktop-align-left","12":"tablet-align-left","13":"mobile-align-left","15":"first","16":"instock","17":"virtual","18":"purchasable","19":"product-type-simple"},"acf":[],"yoast_head":"<!-- This site is optimized with the Yoast SEO Premium plugin v27.4 (Yoast SEO v27.4) - https:\/\/yoast.com\/product\/yoast-seo-premium-wordpress\/ -->\n<title>Ne f\u00e9lj 2 - Prismagamers.com<\/title>\n<meta name=\"description\" content=\"Mer\u00fclj el egy olyan r\u00e9m\u00e1lomban, amely elmosja a val\u00f3s\u00e1g \u00e9s az ill\u00fazi\u00f3 k\u00f6z\u00f6tti hat\u00e1rokat egy izgalmas szabadul\u00f3szob\u00e1s j\u00e1t\u00e9kban. Siker\u00fcl-e megsz\u00f6kn\u00f6d a f\u00e9lelmetes kast\u00e9lyb\u00f3l, vagy legy\u0151znek a saj\u00e1t f\u00e9lelmeid? Szembe fogsz n\u00e9zni s\u00f6t\u00e9t m\u00faltaddal \u00e9s lek\u00fczd\u00f6d azt, vagy teljesen felem\u00e9sztenek a r\u00e9miszt\u0151 eml\u00e9kek?  \ud83c\udf0d Global \u2699\ufe0f Steam \ud83d\udddd digit\u00e1lis kulcs\" \/>\n<meta name=\"robots\" content=\"index, follow, max-snippet:-1, max-image-preview:large, max-video-preview:-1\" \/>\n<link rel=\"canonical\" href=\"https:\/\/prismagamers.com\/hu\/produkt\/ne-felj-2\/\" \/>\n<meta property=\"og:locale\" content=\"hu_HU\" \/>\n<meta property=\"og:type\" content=\"article\" \/>\n<meta property=\"og:title\" content=\"Ne f\u00e9lj 2\" \/>\n<meta property=\"og:description\" content=\"Mer\u00fclj el egy olyan r\u00e9m\u00e1lomban, amely elmosja a val\u00f3s\u00e1g \u00e9s az ill\u00fazi\u00f3 k\u00f6z\u00f6tti hat\u00e1rokat egy izgalmas szabadul\u00f3szob\u00e1s j\u00e1t\u00e9kban. Siker\u00fcl-e megsz\u00f6kn\u00f6d a f\u00e9lelmetes kast\u00e9lyb\u00f3l, vagy legy\u0151znek a saj\u00e1t f\u00e9lelmeid? Szembe fogsz n\u00e9zni s\u00f6t\u00e9t m\u00faltaddal \u00e9s lek\u00fczd\u00f6d azt, vagy teljesen felem\u00e9sztenek a r\u00e9miszt\u0151 eml\u00e9kek?  \ud83c\udf0d Global \u2699\ufe0f Steam \ud83d\udddd digit\u00e1lis kulcs\" \/>\n<meta property=\"og:url\" content=\"https:\/\/prismagamers.com\/hu\/produkt\/ne-felj-2\/\" \/>\n<meta property=\"og:site_name\" content=\"Prismagamers.com\" \/>\n<meta property=\"article:publisher\" content=\"https:\/\/www.facebook.com\/prismagamers\" \/>\n<meta property=\"article:modified_time\" content=\"2026-03-04T23:00:46+00:00\" \/>\n<meta property=\"og:image\" content=\"https:\/\/prismagamers.com\/wp-content\/uploads\/2024\/12\/Dont-Be-Afraid-21-e1735147871960.jpg\" \/>\n\t<meta property=\"og:image:width\" content=\"300\" \/>\n\t<meta property=\"og:image:height\" content=\"450\" \/>\n\t<meta property=\"og:image:type\" content=\"image\/jpeg\" \/>\n<meta name=\"twitter:card\" content=\"summary_large_image\" \/>\n<meta name=\"twitter:label1\" content=\"Becs\u00fclt olvas\u00e1si id\u0151\" \/>\n\t<meta name=\"twitter:data1\" content=\"1 perc\" \/>\n<script type=\"application\/ld+json\" class=\"yoast-schema-graph\">{\"@context\":\"https:\\\/\\\/schema.org\",\"@graph\":[{\"@type\":\"WebPage\",\"@id\":\"https:\\\/\\\/prismagamers.com\\\/hu\\\/produkt\\\/ne-felj-2\\\/\",\"url\":\"https:\\\/\\\/prismagamers.com\\\/hu\\\/produkt\\\/ne-felj-2\\\/\",\"name\":\"Ne f\u00e9lj 2 - Prismagamers.com\",\"isPartOf\":{\"@id\":\"https:\\\/\\\/prismagamers.com\\\/hu\\\/#website\"},\"primaryImageOfPage\":{\"@id\":\"https:\\\/\\\/prismagamers.com\\\/hu\\\/produkt\\\/ne-felj-2\\\/#primaryimage\"},\"image\":{\"@id\":\"https:\\\/\\\/prismagamers.com\\\/hu\\\/produkt\\\/ne-felj-2\\\/#primaryimage\"},\"thumbnailUrl\":\"https:\\\/\\\/prismagamers.com\\\/wp-content\\\/uploads\\\/2024\\\/12\\\/Dont-Be-Afraid-21-e1735147871960.jpg\",\"datePublished\":\"2024-12-25T17:37:22+00:00\",\"dateModified\":\"2026-03-04T23:00:46+00:00\",\"description\":\"Mer\u00fclj el egy olyan r\u00e9m\u00e1lomban, amely elmosja a val\u00f3s\u00e1g \u00e9s az ill\u00fazi\u00f3 k\u00f6z\u00f6tti hat\u00e1rokat egy izgalmas szabadul\u00f3szob\u00e1s j\u00e1t\u00e9kban. Siker\u00fcl-e megsz\u00f6kn\u00f6d a f\u00e9lelmetes kast\u00e9lyb\u00f3l, vagy legy\u0151znek a saj\u00e1t f\u00e9lelmeid? Szembe fogsz n\u00e9zni s\u00f6t\u00e9t m\u00faltaddal \u00e9s lek\u00fczd\u00f6d azt, vagy teljesen felem\u00e9sztenek a r\u00e9miszt\u0151 eml\u00e9kek? \ud83c\udf0d Global \u2699\ufe0f Steam \ud83d\udddd digit\u00e1lis kulcs\",\"breadcrumb\":{\"@id\":\"https:\\\/\\\/prismagamers.com\\\/hu\\\/produkt\\\/ne-felj-2\\\/#breadcrumb\"},\"inLanguage\":\"hu\",\"potentialAction\":[{\"@type\":\"ReadAction\",\"target\":[\"https:\\\/\\\/prismagamers.com\\\/hu\\\/produkt\\\/ne-felj-2\\\/\"]}]},{\"@type\":\"ImageObject\",\"inLanguage\":\"hu\",\"@id\":\"https:\\\/\\\/prismagamers.com\\\/hu\\\/produkt\\\/ne-felj-2\\\/#primaryimage\",\"url\":\"https:\\\/\\\/prismagamers.com\\\/wp-content\\\/uploads\\\/2024\\\/12\\\/Dont-Be-Afraid-21-e1735147871960.jpg\",\"contentUrl\":\"https:\\\/\\\/prismagamers.com\\\/wp-content\\\/uploads\\\/2024\\\/12\\\/Dont-Be-Afraid-21-e1735147871960.jpg\",\"width\":300,\"height\":450},{\"@type\":\"BreadcrumbList\",\"@id\":\"https:\\\/\\\/prismagamers.com\\\/hu\\\/produkt\\\/ne-felj-2\\\/#breadcrumb\",\"itemListElement\":[{\"@type\":\"ListItem\",\"position\":1,\"name\":\"Strona g\u0142\u00f3wna\",\"item\":\"https:\\\/\\\/prismagamers.com\\\/hu\\\/prismagamers\\\/\"},{\"@type\":\"ListItem\",\"position\":2,\"name\":\"Shop\",\"item\":\"https:\\\/\\\/prismagamers.com\\\/hu\\\/shop\\\/\"},{\"@type\":\"ListItem\",\"position\":3,\"name\":\"Ne f\u00e9lj 2\"}]},{\"@type\":\"WebSite\",\"@id\":\"https:\\\/\\\/prismagamers.com\\\/hu\\\/#website\",\"url\":\"https:\\\/\\\/prismagamers.com\\\/hu\\\/\",\"name\":\"Prismagamers\",\"description\":\"Sklep z grami PC I Sklep klucze Steam\",\"publisher\":{\"@id\":\"https:\\\/\\\/prismagamers.com\\\/hu\\\/#organization\"},\"potentialAction\":[{\"@type\":\"SearchAction\",\"target\":{\"@type\":\"EntryPoint\",\"urlTemplate\":\"https:\\\/\\\/prismagamers.com\\\/hu\\\/?s={search_term_string}\"},\"query-input\":{\"@type\":\"PropertyValueSpecification\",\"valueRequired\":true,\"valueName\":\"search_term_string\"}}],\"inLanguage\":\"hu\"},{\"@type\":\"Organization\",\"@id\":\"https:\\\/\\\/prismagamers.com\\\/hu\\\/#organization\",\"name\":\"Prismagamers\",\"url\":\"https:\\\/\\\/prismagamers.com\\\/hu\\\/\",\"logo\":{\"@type\":\"ImageObject\",\"inLanguage\":\"hu\",\"@id\":\"https:\\\/\\\/prismagamers.com\\\/hu\\\/#\\\/schema\\\/logo\\\/image\\\/\",\"url\":\"https:\\\/\\\/prismagamers.com\\\/wp-content\\\/uploads\\\/2022\\\/04\\\/cropped-logo-Prismagamers-01-scaled-1.jpg\",\"contentUrl\":\"https:\\\/\\\/prismagamers.com\\\/wp-content\\\/uploads\\\/2022\\\/04\\\/cropped-logo-Prismagamers-01-scaled-1.jpg\",\"width\":512,\"height\":512,\"caption\":\"Prismagamers\"},\"image\":{\"@id\":\"https:\\\/\\\/prismagamers.com\\\/hu\\\/#\\\/schema\\\/logo\\\/image\\\/\"},\"sameAs\":[\"https:\\\/\\\/www.facebook.com\\\/prismagamers\",\"https:\\\/\\\/www.instagram.com\\\/prismagamers_grycyfrowe\\\/\"],\"description\":\"Prismagamers.com to dynamiczny sklep z grami cyfrowymi, stworzony z my\u015bl\u0105 o entuzjastach gier wideo. Nasza strona oferuje szerok\u0105 gam\u0119 gier komputerowych, w tym najnowsze tytu\u0142y, dobrze znane klasyki oraz gry stworzone przez niezale\u017cne studia Ca\u0142y czas d\u0105\u017cymy do rozszerzenia naszej oferty. Do\u0142\u0105cz do nas i sta\u0144 si\u0119 cz\u0119\u015bci\u0105 naszej rosn\u0105cej spo\u0142eczno\u015bci graczy!\",\"email\":\"shop@prismagamers.com\",\"telephone\":\"48795541705\",\"legalName\":\"East Caravan Maksym \u017bukow\",\"foundingDate\":\"2012-05-10\",\"vatID\":\"PL8943038612\",\"taxID\":\"PL8943038612\",\"numberOfEmployees\":{\"@type\":\"QuantitativeValue\",\"minValue\":\"11\",\"maxValue\":\"50\"}}]}<\/script>\n<!-- \/ Yoast SEO Premium plugin. -->","yoast_head_json":{"title":"Ne f\u00e9lj 2 - Prismagamers.com","description":"Mer\u00fclj el egy olyan r\u00e9m\u00e1lomban, amely elmosja a val\u00f3s\u00e1g \u00e9s az ill\u00fazi\u00f3 k\u00f6z\u00f6tti hat\u00e1rokat egy izgalmas szabadul\u00f3szob\u00e1s j\u00e1t\u00e9kban. Siker\u00fcl-e megsz\u00f6kn\u00f6d a f\u00e9lelmetes kast\u00e9lyb\u00f3l, vagy legy\u0151znek a saj\u00e1t f\u00e9lelmeid? Szembe fogsz n\u00e9zni s\u00f6t\u00e9t m\u00faltaddal \u00e9s lek\u00fczd\u00f6d azt, vagy teljesen felem\u00e9sztenek a r\u00e9miszt\u0151 eml\u00e9kek?  \ud83c\udf0d Global \u2699\ufe0f Steam \ud83d\udddd digit\u00e1lis kulcs","robots":{"index":"index","follow":"follow","max-snippet":"max-snippet:-1","max-image-preview":"max-image-preview:large","max-video-preview":"max-video-preview:-1"},"canonical":"https:\/\/prismagamers.com\/hu\/produkt\/ne-felj-2\/","og_locale":"hu_HU","og_type":"article","og_title":"Ne f\u00e9lj 2","og_description":"Mer\u00fclj el egy olyan r\u00e9m\u00e1lomban, amely elmosja a val\u00f3s\u00e1g \u00e9s az ill\u00fazi\u00f3 k\u00f6z\u00f6tti hat\u00e1rokat egy izgalmas szabadul\u00f3szob\u00e1s j\u00e1t\u00e9kban. Siker\u00fcl-e megsz\u00f6kn\u00f6d a f\u00e9lelmetes kast\u00e9lyb\u00f3l, vagy legy\u0151znek a saj\u00e1t f\u00e9lelmeid? Szembe fogsz n\u00e9zni s\u00f6t\u00e9t m\u00faltaddal \u00e9s lek\u00fczd\u00f6d azt, vagy teljesen felem\u00e9sztenek a r\u00e9miszt\u0151 eml\u00e9kek?  \ud83c\udf0d Global \u2699\ufe0f Steam \ud83d\udddd digit\u00e1lis kulcs","og_url":"https:\/\/prismagamers.com\/hu\/produkt\/ne-felj-2\/","og_site_name":"Prismagamers.com","article_publisher":"https:\/\/www.facebook.com\/prismagamers","article_modified_time":"2026-03-04T23:00:46+00:00","og_image":[{"width":300,"height":450,"url":"https:\/\/prismagamers.com\/wp-content\/uploads\/2024\/12\/Dont-Be-Afraid-21-e1735147871960.jpg","type":"image\/jpeg"}],"twitter_card":"summary_large_image","twitter_misc":{"Becs\u00fclt olvas\u00e1si id\u0151":"1 perc"},"schema":{"@context":"https:\/\/schema.org","@graph":[{"@type":"WebPage","@id":"https:\/\/prismagamers.com\/hu\/produkt\/ne-felj-2\/","url":"https:\/\/prismagamers.com\/hu\/produkt\/ne-felj-2\/","name":"Ne f\u00e9lj 2 - Prismagamers.com","isPartOf":{"@id":"https:\/\/prismagamers.com\/hu\/#website"},"primaryImageOfPage":{"@id":"https:\/\/prismagamers.com\/hu\/produkt\/ne-felj-2\/#primaryimage"},"image":{"@id":"https:\/\/prismagamers.com\/hu\/produkt\/ne-felj-2\/#primaryimage"},"thumbnailUrl":"https:\/\/prismagamers.com\/wp-content\/uploads\/2024\/12\/Dont-Be-Afraid-21-e1735147871960.jpg","datePublished":"2024-12-25T17:37:22+00:00","dateModified":"2026-03-04T23:00:46+00:00","description":"Mer\u00fclj el egy olyan r\u00e9m\u00e1lomban, amely elmosja a val\u00f3s\u00e1g \u00e9s az ill\u00fazi\u00f3 k\u00f6z\u00f6tti hat\u00e1rokat egy izgalmas szabadul\u00f3szob\u00e1s j\u00e1t\u00e9kban. Siker\u00fcl-e megsz\u00f6kn\u00f6d a f\u00e9lelmetes kast\u00e9lyb\u00f3l, vagy legy\u0151znek a saj\u00e1t f\u00e9lelmeid? Szembe fogsz n\u00e9zni s\u00f6t\u00e9t m\u00faltaddal \u00e9s lek\u00fczd\u00f6d azt, vagy teljesen felem\u00e9sztenek a r\u00e9miszt\u0151 eml\u00e9kek? \ud83c\udf0d Global \u2699\ufe0f Steam \ud83d\udddd digit\u00e1lis kulcs","breadcrumb":{"@id":"https:\/\/prismagamers.com\/hu\/produkt\/ne-felj-2\/#breadcrumb"},"inLanguage":"hu","potentialAction":[{"@type":"ReadAction","target":["https:\/\/prismagamers.com\/hu\/produkt\/ne-felj-2\/"]}]},{"@type":"ImageObject","inLanguage":"hu","@id":"https:\/\/prismagamers.com\/hu\/produkt\/ne-felj-2\/#primaryimage","url":"https:\/\/prismagamers.com\/wp-content\/uploads\/2024\/12\/Dont-Be-Afraid-21-e1735147871960.jpg","contentUrl":"https:\/\/prismagamers.com\/wp-content\/uploads\/2024\/12\/Dont-Be-Afraid-21-e1735147871960.jpg","width":300,"height":450},{"@type":"BreadcrumbList","@id":"https:\/\/prismagamers.com\/hu\/produkt\/ne-felj-2\/#breadcrumb","itemListElement":[{"@type":"ListItem","position":1,"name":"Strona g\u0142\u00f3wna","item":"https:\/\/prismagamers.com\/hu\/prismagamers\/"},{"@type":"ListItem","position":2,"name":"Shop","item":"https:\/\/prismagamers.com\/hu\/shop\/"},{"@type":"ListItem","position":3,"name":"Ne f\u00e9lj 2"}]},{"@type":"WebSite","@id":"https:\/\/prismagamers.com\/hu\/#website","url":"https:\/\/prismagamers.com\/hu\/","name":"Prismagamers","description":"Sklep z grami PC I Sklep klucze Steam","publisher":{"@id":"https:\/\/prismagamers.com\/hu\/#organization"},"potentialAction":[{"@type":"SearchAction","target":{"@type":"EntryPoint","urlTemplate":"https:\/\/prismagamers.com\/hu\/?s={search_term_string}"},"query-input":{"@type":"PropertyValueSpecification","valueRequired":true,"valueName":"search_term_string"}}],"inLanguage":"hu"},{"@type":"Organization","@id":"https:\/\/prismagamers.com\/hu\/#organization","name":"Prismagamers","url":"https:\/\/prismagamers.com\/hu\/","logo":{"@type":"ImageObject","inLanguage":"hu","@id":"https:\/\/prismagamers.com\/hu\/#\/schema\/logo\/image\/","url":"https:\/\/prismagamers.com\/wp-content\/uploads\/2022\/04\/cropped-logo-Prismagamers-01-scaled-1.jpg","contentUrl":"https:\/\/prismagamers.com\/wp-content\/uploads\/2022\/04\/cropped-logo-Prismagamers-01-scaled-1.jpg","width":512,"height":512,"caption":"Prismagamers"},"image":{"@id":"https:\/\/prismagamers.com\/hu\/#\/schema\/logo\/image\/"},"sameAs":["https:\/\/www.facebook.com\/prismagamers","https:\/\/www.instagram.com\/prismagamers_grycyfrowe\/"],"description":"Prismagamers.com to dynamiczny sklep z grami cyfrowymi, stworzony z my\u015bl\u0105 o entuzjastach gier wideo. Nasza strona oferuje szerok\u0105 gam\u0119 gier komputerowych, w tym najnowsze tytu\u0142y, dobrze znane klasyki oraz gry stworzone przez niezale\u017cne studia Ca\u0142y czas d\u0105\u017cymy do rozszerzenia naszej oferty. Do\u0142\u0105cz do nas i sta\u0144 si\u0119 cz\u0119\u015bci\u0105 naszej rosn\u0105cej spo\u0142eczno\u015bci graczy!","email":"shop@prismagamers.com","telephone":"48795541705","legalName":"East Caravan Maksym \u017bukow","foundingDate":"2012-05-10","vatID":"PL8943038612","taxID":"PL8943038612","numberOfEmployees":{"@type":"QuantitativeValue","minValue":"11","maxValue":"50"}}]}},"_links":{"self":[{"href":"https:\/\/prismagamers.com\/hu\/wp-json\/wp\/v2\/product\/35082","targetHints":{"allow":["GET"]}}],"collection":[{"href":"https:\/\/prismagamers.com\/hu\/wp-json\/wp\/v2\/product"}],"about":[{"href":"https:\/\/prismagamers.com\/hu\/wp-json\/wp\/v2\/types\/product"}],"wp:featuredmedia":[{"embeddable":true,"href":"https:\/\/prismagamers.com\/hu\/wp-json\/wp\/v2\/media\/33449"}],"wp:attachment":[{"href":"https:\/\/prismagamers.com\/hu\/wp-json\/wp\/v2\/media?parent=35082"}],"wp:term":[{"taxonomy":"product_brand","embeddable":true,"href":"https:\/\/prismagamers.com\/hu\/wp-json\/wp\/v2\/product_brand?post=35082"},{"taxonomy":"product_cat","embeddable":true,"href":"https:\/\/prismagamers.com\/hu\/wp-json\/wp\/v2\/product_cat?post=35082"},{"taxonomy":"product_tag","embeddable":true,"href":"https:\/\/prismagamers.com\/hu\/wp-json\/wp\/v2\/product_tag?post=35082"}],"curies":[{"name":"wp","href":"https:\/\/api.w.org\/{rel}","templated":true}]}}