{"id":35083,"date":"2024-12-25T19:01:37","date_gmt":"2024-12-25T18:01:37","guid":{"rendered":"https:\/\/prismagamers.com\/produkt\/ecognomix\/"},"modified":"2026-04-20T01:54:52","modified_gmt":"2026-04-19T23:54:52","slug":"ecognomix","status":"publish","type":"product","link":"https:\/\/prismagamers.com\/hu\/produkt\/ecognomix\/","title":{"rendered":"EcoGnomix"},"content":{"rendered":"<p>A roguelite \u00e9s a v\u00e1ros\u00e9p\u00edt\u00e9s szokatlan kombin\u00e1ci\u00f3ja egy j\u00e1t\u00e9kban! Egy hatalmas, misztikus barlangh\u00e1l\u00f3zat felett helyezkedik el a kis t\u00f6rpe falud. K\u00fcldj egy csapat gn\u00f3mot roguelite exped\u00edci\u00f3kra, hogy elhozz\u00e1k a csapatod \u00e9s miniat\u0171r kir\u00e1lys\u00e1god b\u0151v\u00edt\u00e9s\u00e9hez sz\u00fcks\u00e9ges nyersanyagokat. Mik\u00f6zben fejleszted a kis k\u00fcldet\u00e9sre v\u00e1gy\u00f3kkal teli faludat, \u00faj k\u00e9pess\u00e9geket szabad\u00edtasz fel t\u00f6rp\u00e9id sz\u00e1m\u00e1ra, \u00faj biomokat fedezel fel, \u00e9s szembesz\u00e1llsz a f\u00f6ld alatt megb\u00fav\u00f3 bizarr l\u00e9nyekkel \u00e9s szokatlan n\u00f6v\u00e9nyzettel.   <\/p>\n<h3>Falusi \u00e9p\u00edtkez\u00e9s<\/h3>\n<p>A barlangok f\u00f6l\u00f6tt fel\u00e9p\u00edtheted vir\u00e1gz\u00f3 gn\u00f3m faludat. Nyiss fel \u00faj \u00e9p\u00fcleteket, fejleszt\u00e9seket \u00e9s k\u00e9szs\u00e9geket, hozz l\u00e9tre termel\u00e9si l\u00e1ncokat az \u00e9rt\u00e9kes nyersanyagokb\u00f3l, \u00e9s fejlessz ki egy kis gazdas\u00e1got, amely seg\u00edteni fogja a gn\u00f3mok csapat\u00e1t a tov\u00e1bbi gazdags\u00e1gkeres\u0151 k\u00fcldet\u00e9seken. <\/p>\n<h3>Taktikai j\u00e1t\u00e9kmenet<\/h3>\n<p>Minden szint strat\u00e9giai gondolkod\u00e1st \u00e9s j\u00e1t\u00e9kmenetet ig\u00e9nyel. V\u00e1lassz a k\u00fcl\u00f6nb\u00f6z\u0151 t\u00f6rp\u00e9k k\u00f6z\u00fcl, mindegyiknek megvan a maga specialit\u00e1sa. Helyezd el \u0151ket a fordul\u00f3 kezdet\u00e9n, k\u00fcldd \u0151ket nyersanyagok \u00e9s k\u00e9szletek gy\u0171jt\u00e9s\u00e9re \u00e9s az ellens\u00e9ggel val\u00f3 harcra. A fordul\u00f3 v\u00e9g\u00e9n \u00fajra bevetheted az eg\u00e9sz csapatot, sz\u00fcks\u00e9g szerint \u00fajabb gn\u00f3mokat adhatsz hozz\u00e1, \u00e9s \u00fajra gy\u0171jthetsz.   <\/p>\n<p>L\u00e9gy azonban \u00f3vatos, mert a barlang minden egyes fordul\u00f3val instabilabb\u00e1 v\u00e1lik, \u00e9s az \u00e9hes denev\u00e9rek ellopj\u00e1k az ell\u00e1tm\u00e1nyt. D\u00f6ntsd el, hogy mikor kell tov\u00e1bbmenned a barlangok alatti \u00f6sv\u00e9nyen. Min\u00e9l m\u00e9lyebbre ereszkedsz, ann\u00e1l t\u00f6bb k\u00e9szletre lesz sz\u00fcks\u00e9ged.  <\/p>\n<h3>Dinamikus exped\u00edci\u00f3k<\/h3>\n<p>Minden exped\u00edci\u00f3 lehet\u0151v\u00e9 teszi, hogy a csapatodat k\u00fcl\u00f6nb\u00f6z\u0151 id\u0151pontokban szem\u00e9lyre szabd \u00e9s fejleszd, \u00edgy minden egyes barlangi kir\u00e1ndul\u00e1s egyedi lesz. M\u00f3dos\u00edtsd csapatodat \u00e9s j\u00e1t\u00e9kst\u00edlusodat sz\u00fcks\u00e9g szerint, sz\u00fcks\u00e9g eset\u00e9n v\u00e1ltoztass taktik\u00e1t. V\u00e1lassz \u00e9s cser\u00e9lj gn\u00f3mokat a kih\u00edv\u00e1sok teljes\u00edt\u00e9s\u00e9hez, rendelj hozz\u00e1 \u00e1tt\u00f6r\u00e9st jelent\u0151 fejleszt\u00e9seket, amelyek v\u00e1ratlan m\u00f3don kombin\u00e1l\u00f3dnak, \u00e9s fedezd fel egyes gn\u00f3mok rejtett k\u00fcl\u00f6nleges k\u00e9pess\u00e9geit.  <\/p>\n<h3>A felfedez\u00e9s jutalmaz\u00e1sa<\/h3>\n<p>Mer\u00e9szkedj a barlangokba, tudva, hogy minden egyes exped\u00edci\u00f3 nyersanyagokat fog hozni, f\u00fcggetlen\u00fcl az eredm\u00e9nyt\u0151l. Min\u00e9l m\u00e9lyebbre ereszkedsz, ann\u00e1l t\u00f6bb \u00e9rt\u00e9kes nyersanyagot nyersz, de a v\u00e9geredm\u00e9nyt\u0151l f\u00fcggetlen\u00fcl mindig valamivel a kezedben t\u00e9rsz vissza. <\/p>\n","protected":false},"excerpt":{"rendered":"<div class=\"flex-shrink-0 flex flex-col relative items-end\">\n<div>\n<div class=\"pt-0\">\n<div class=\"gizmo-bot-avatar flex h-8 w-8 items-center justify-center overflow-hidden rounded-full\">\n<div class=\"relative p-1 rounded-sm flex items-center justify-center bg-token-main-surface-primary text-token-text-primary h-8 w-8\"><\/div>\n<\/div>\n<\/div>\n<\/div>\n<\/div>\n<div class=\"group\/conversation-turn relative flex w-full min-w-0 flex-col agent-turn\">\n<div class=\"flex-col gap-1 md:gap-3\">\n<div class=\"flex max-w-full flex-col flex-grow\">\n<div class=\"min-h-8 text-message flex w-full flex-col items-end gap-2 whitespace-normal break-words text-start [.text-message+&amp;]:mt-5\" dir=\"auto\" data-message-author-role=\"assistant\" data-message-id=\"646f2aa7-9e3a-4d98-b691-301cd146a49c\" data-message-model-slug=\"gpt-4o\">\n<div class=\"flex w-full flex-col gap-1 empty:hidden first:pt-[3px]\">\n<div class=\"markdown prose w-full break-words dark:prose-invert light\">\n<p class=\"ai-optimize-28\">A j\u00e1t\u00e9k \u00f6tv\u00f6zi a roguelit \u00e9s a v\u00e1ros\u00e9p\u00edt\u0151 elemeket, lehet\u0151v\u00e9 t\u00e9ve, hogy fejlessz egy t\u00f6rp\u00e9kb\u0151l \u00e1ll\u00f3 falut, \u00e9s felfedezd a nyersanyagokkal \u00e9s kih\u00edv\u00e1sokkal teli vesz\u00e9lyes barlangokat.<\/p>\n<p class=\"ai-optimize-29\">\ud83c\udf0d Global \u2699\ufe0f Steam<br \/>\n\ud83d\udddd digit\u00e1lis kulcs<\/p>\n<\/div>\n<\/div>\n<\/div>\n<\/div>\n<\/div>\n<\/div>\n","protected":false},"featured_media":33455,"template":"","meta":{"_acf_changed":false,"site-sidebar-layout":"default","site-content-layout":"","ast-site-content-layout":"default","site-content-style":"default","site-sidebar-style":"default","ast-global-header-display":"","ast-banner-title-visibility":"","ast-main-header-display":"","ast-hfb-above-header-display":"","ast-hfb-below-header-display":"","ast-hfb-mobile-header-display":"","site-post-title":"","ast-breadcrumbs-content":"","ast-featured-img":"","footer-sml-layout":"","ast-disable-related-posts":"","theme-transparent-header-meta":"default","adv-header-id-meta":"","stick-header-meta":"","header-above-stick-meta":"","header-main-stick-meta":"","header-below-stick-meta":"","astra-migrate-meta-layouts":"default","ast-page-background-enabled":"default","ast-page-background-meta":{"desktop":{"background-color":"var(--ast-global-color-4)","background-image":"","background-repeat":"repeat","background-position":"center center","background-size":"auto","background-attachment":"scroll","background-type":"","background-media":"","overlay-type":"","overlay-color":"","overlay-opacity":"","overlay-gradient":""},"tablet":{"background-color":"","background-image":"","background-repeat":"repeat","background-position":"center center","background-size":"auto","background-attachment":"scroll","background-type":"","background-media":"","overlay-type":"","overlay-color":"","overlay-opacity":"","overlay-gradient":""},"mobile":{"background-color":"","background-image":"","background-repeat":"repeat","background-position":"center center","background-size":"auto","background-attachment":"scroll","background-type":"","background-media":"","overlay-type":"","overlay-color":"","overlay-opacity":"","overlay-gradient":""}},"ast-content-background-meta":{"desktop":{"background-color":"var(--ast-global-color-5)","background-image":"","background-repeat":"repeat","background-position":"center center","background-size":"auto","background-attachment":"scroll","background-type":"","background-media":"","overlay-type":"","overlay-color":"","overlay-opacity":"","overlay-gradient":""},"tablet":{"background-color":"var(--ast-global-color-5)","background-image":"","background-repeat":"repeat","background-position":"center center","background-size":"auto","background-attachment":"scroll","background-type":"","background-media":"","overlay-type":"","overlay-color":"","overlay-opacity":"","overlay-gradient":""},"mobile":{"background-color":"var(--ast-global-color-5)","background-image":"","background-repeat":"repeat","background-position":"center center","background-size":"auto","background-attachment":"scroll","background-type":"","background-media":"","overlay-type":"","overlay-color":"","overlay-opacity":"","overlay-gradient":""}}},"product_brand":[],"product_cat":[369,395,365,367,335,386],"product_tag":[],"class_list":{"0":"post-35083","1":"product","2":"type-product","3":"status-publish","4":"has-post-thumbnail","6":"product_cat-csarnokok","7":"product_cat-elmondhatatlan-tortenetek","8":"product_cat-goz","9":"product_cat-pc-jatekok","10":"product_cat-wyprzedaz","11":"product_cat-strategiai-jatekok","12":"desktop-align-left","13":"tablet-align-left","14":"mobile-align-left","16":"first","17":"instock","18":"virtual","19":"purchasable","20":"product-type-simple"},"acf":[],"yoast_head":"<!-- This site is optimized with the Yoast SEO Premium plugin v27.4 (Yoast SEO v27.4) - https:\/\/yoast.com\/product\/yoast-seo-premium-wordpress\/ -->\n<title>EcoGnomix - Prismagamers.com<\/title>\n<meta name=\"description\" content=\"A j\u00e1t\u00e9k \u00f6tv\u00f6zi a roguelit \u00e9s a v\u00e1ros\u00e9p\u00edt\u0151 elemeket, lehet\u0151v\u00e9 t\u00e9ve, hogy fejlessz egy t\u00f6rp\u00e9kb\u0151l \u00e1ll\u00f3 falut, \u00e9s felfedezd a nyersanyagokkal \u00e9s kih\u00edv\u00e1sokkal teli vesz\u00e9lyes barlangokat. \ud83c\udf0d Global \u2699\ufe0f Steam \ud83d\udddd digit\u00e1lis kulcs\" \/>\n<meta name=\"robots\" content=\"index, follow, max-snippet:-1, max-image-preview:large, max-video-preview:-1\" \/>\n<link rel=\"canonical\" href=\"https:\/\/prismagamers.com\/hu\/produkt\/ecognomix\/\" \/>\n<meta property=\"og:locale\" content=\"hu_HU\" \/>\n<meta property=\"og:type\" content=\"article\" \/>\n<meta property=\"og:title\" content=\"EcoGnomix\" \/>\n<meta property=\"og:description\" content=\"A j\u00e1t\u00e9k \u00f6tv\u00f6zi a roguelit \u00e9s a v\u00e1ros\u00e9p\u00edt\u0151 elemeket, lehet\u0151v\u00e9 t\u00e9ve, hogy fejlessz egy t\u00f6rp\u00e9kb\u0151l \u00e1ll\u00f3 falut, \u00e9s felfedezd a nyersanyagokkal \u00e9s kih\u00edv\u00e1sokkal teli vesz\u00e9lyes barlangokat. \ud83c\udf0d Global \u2699\ufe0f Steam \ud83d\udddd digit\u00e1lis kulcs\" \/>\n<meta property=\"og:url\" content=\"https:\/\/prismagamers.com\/hu\/produkt\/ecognomix\/\" \/>\n<meta property=\"og:site_name\" content=\"Prismagamers.com\" \/>\n<meta property=\"article:publisher\" content=\"https:\/\/www.facebook.com\/prismagamers\" \/>\n<meta property=\"article:modified_time\" content=\"2026-04-19T23:54:52+00:00\" \/>\n<meta property=\"og:image\" content=\"https:\/\/prismagamers.com\/wp-content\/uploads\/2024\/12\/EcoGnomix-1-e1735149382475.jpg\" \/>\n\t<meta property=\"og:image:width\" content=\"300\" \/>\n\t<meta property=\"og:image:height\" content=\"450\" \/>\n\t<meta property=\"og:image:type\" content=\"image\/jpeg\" \/>\n<meta name=\"twitter:card\" content=\"summary_large_image\" \/>\n<meta name=\"twitter:label1\" content=\"Becs\u00fclt olvas\u00e1si id\u0151\" \/>\n\t<meta name=\"twitter:data1\" content=\"2 perc\" \/>\n<script type=\"application\/ld+json\" class=\"yoast-schema-graph\">{\"@context\":\"https:\\\/\\\/schema.org\",\"@graph\":[{\"@type\":\"WebPage\",\"@id\":\"https:\\\/\\\/prismagamers.com\\\/hu\\\/produkt\\\/ecognomix\\\/\",\"url\":\"https:\\\/\\\/prismagamers.com\\\/hu\\\/produkt\\\/ecognomix\\\/\",\"name\":\"EcoGnomix - Prismagamers.com\",\"isPartOf\":{\"@id\":\"https:\\\/\\\/prismagamers.com\\\/hu\\\/#website\"},\"primaryImageOfPage\":{\"@id\":\"https:\\\/\\\/prismagamers.com\\\/hu\\\/produkt\\\/ecognomix\\\/#primaryimage\"},\"image\":{\"@id\":\"https:\\\/\\\/prismagamers.com\\\/hu\\\/produkt\\\/ecognomix\\\/#primaryimage\"},\"thumbnailUrl\":\"https:\\\/\\\/prismagamers.com\\\/wp-content\\\/uploads\\\/2024\\\/12\\\/EcoGnomix-1-e1735149382475.jpg\",\"datePublished\":\"2024-12-25T18:01:37+00:00\",\"dateModified\":\"2026-04-19T23:54:52+00:00\",\"description\":\"A j\u00e1t\u00e9k \u00f6tv\u00f6zi a roguelit \u00e9s a v\u00e1ros\u00e9p\u00edt\u0151 elemeket, lehet\u0151v\u00e9 t\u00e9ve, hogy fejlessz egy t\u00f6rp\u00e9kb\u0151l \u00e1ll\u00f3 falut, \u00e9s felfedezd a nyersanyagokkal \u00e9s kih\u00edv\u00e1sokkal teli vesz\u00e9lyes barlangokat. \ud83c\udf0d Global \u2699\ufe0f Steam \ud83d\udddd digit\u00e1lis kulcs\",\"breadcrumb\":{\"@id\":\"https:\\\/\\\/prismagamers.com\\\/hu\\\/produkt\\\/ecognomix\\\/#breadcrumb\"},\"inLanguage\":\"hu\",\"potentialAction\":[{\"@type\":\"ReadAction\",\"target\":[\"https:\\\/\\\/prismagamers.com\\\/hu\\\/produkt\\\/ecognomix\\\/\"]}]},{\"@type\":\"ImageObject\",\"inLanguage\":\"hu\",\"@id\":\"https:\\\/\\\/prismagamers.com\\\/hu\\\/produkt\\\/ecognomix\\\/#primaryimage\",\"url\":\"https:\\\/\\\/prismagamers.com\\\/wp-content\\\/uploads\\\/2024\\\/12\\\/EcoGnomix-1-e1735149382475.jpg\",\"contentUrl\":\"https:\\\/\\\/prismagamers.com\\\/wp-content\\\/uploads\\\/2024\\\/12\\\/EcoGnomix-1-e1735149382475.jpg\",\"width\":300,\"height\":450},{\"@type\":\"BreadcrumbList\",\"@id\":\"https:\\\/\\\/prismagamers.com\\\/hu\\\/produkt\\\/ecognomix\\\/#breadcrumb\",\"itemListElement\":[{\"@type\":\"ListItem\",\"position\":1,\"name\":\"Strona g\u0142\u00f3wna\",\"item\":\"https:\\\/\\\/prismagamers.com\\\/hu\\\/prismagamers\\\/\"},{\"@type\":\"ListItem\",\"position\":2,\"name\":\"Shop\",\"item\":\"https:\\\/\\\/prismagamers.com\\\/hu\\\/shop\\\/\"},{\"@type\":\"ListItem\",\"position\":3,\"name\":\"EcoGnomix\"}]},{\"@type\":\"WebSite\",\"@id\":\"https:\\\/\\\/prismagamers.com\\\/hu\\\/#website\",\"url\":\"https:\\\/\\\/prismagamers.com\\\/hu\\\/\",\"name\":\"Prismagamers\",\"description\":\"Sklep z grami PC I Sklep klucze Steam\",\"publisher\":{\"@id\":\"https:\\\/\\\/prismagamers.com\\\/hu\\\/#organization\"},\"potentialAction\":[{\"@type\":\"SearchAction\",\"target\":{\"@type\":\"EntryPoint\",\"urlTemplate\":\"https:\\\/\\\/prismagamers.com\\\/hu\\\/?s={search_term_string}\"},\"query-input\":{\"@type\":\"PropertyValueSpecification\",\"valueRequired\":true,\"valueName\":\"search_term_string\"}}],\"inLanguage\":\"hu\"},{\"@type\":\"Organization\",\"@id\":\"https:\\\/\\\/prismagamers.com\\\/hu\\\/#organization\",\"name\":\"Prismagamers\",\"url\":\"https:\\\/\\\/prismagamers.com\\\/hu\\\/\",\"logo\":{\"@type\":\"ImageObject\",\"inLanguage\":\"hu\",\"@id\":\"https:\\\/\\\/prismagamers.com\\\/hu\\\/#\\\/schema\\\/logo\\\/image\\\/\",\"url\":\"https:\\\/\\\/prismagamers.com\\\/wp-content\\\/uploads\\\/2022\\\/04\\\/cropped-logo-Prismagamers-01-scaled-1.jpg\",\"contentUrl\":\"https:\\\/\\\/prismagamers.com\\\/wp-content\\\/uploads\\\/2022\\\/04\\\/cropped-logo-Prismagamers-01-scaled-1.jpg\",\"width\":512,\"height\":512,\"caption\":\"Prismagamers\"},\"image\":{\"@id\":\"https:\\\/\\\/prismagamers.com\\\/hu\\\/#\\\/schema\\\/logo\\\/image\\\/\"},\"sameAs\":[\"https:\\\/\\\/www.facebook.com\\\/prismagamers\",\"https:\\\/\\\/www.instagram.com\\\/prismagamers_grycyfrowe\\\/\"],\"description\":\"Prismagamers.com to dynamiczny sklep z grami cyfrowymi, stworzony z my\u015bl\u0105 o entuzjastach gier wideo. Nasza strona oferuje szerok\u0105 gam\u0119 gier komputerowych, w tym najnowsze tytu\u0142y, dobrze znane klasyki oraz gry stworzone przez niezale\u017cne studia Ca\u0142y czas d\u0105\u017cymy do rozszerzenia naszej oferty. Do\u0142\u0105cz do nas i sta\u0144 si\u0119 cz\u0119\u015bci\u0105 naszej rosn\u0105cej spo\u0142eczno\u015bci graczy!\",\"email\":\"shop@prismagamers.com\",\"telephone\":\"48795541705\",\"legalName\":\"East Caravan Maksym \u017bukow\",\"foundingDate\":\"2012-05-10\",\"vatID\":\"PL8943038612\",\"taxID\":\"PL8943038612\",\"numberOfEmployees\":{\"@type\":\"QuantitativeValue\",\"minValue\":\"11\",\"maxValue\":\"50\"}}]}<\/script>\n<!-- \/ Yoast SEO Premium plugin. -->","yoast_head_json":{"title":"EcoGnomix - Prismagamers.com","description":"A j\u00e1t\u00e9k \u00f6tv\u00f6zi a roguelit \u00e9s a v\u00e1ros\u00e9p\u00edt\u0151 elemeket, lehet\u0151v\u00e9 t\u00e9ve, hogy fejlessz egy t\u00f6rp\u00e9kb\u0151l \u00e1ll\u00f3 falut, \u00e9s felfedezd a nyersanyagokkal \u00e9s kih\u00edv\u00e1sokkal teli vesz\u00e9lyes barlangokat. \ud83c\udf0d Global \u2699\ufe0f Steam \ud83d\udddd digit\u00e1lis kulcs","robots":{"index":"index","follow":"follow","max-snippet":"max-snippet:-1","max-image-preview":"max-image-preview:large","max-video-preview":"max-video-preview:-1"},"canonical":"https:\/\/prismagamers.com\/hu\/produkt\/ecognomix\/","og_locale":"hu_HU","og_type":"article","og_title":"EcoGnomix","og_description":"A j\u00e1t\u00e9k \u00f6tv\u00f6zi a roguelit \u00e9s a v\u00e1ros\u00e9p\u00edt\u0151 elemeket, lehet\u0151v\u00e9 t\u00e9ve, hogy fejlessz egy t\u00f6rp\u00e9kb\u0151l \u00e1ll\u00f3 falut, \u00e9s felfedezd a nyersanyagokkal \u00e9s kih\u00edv\u00e1sokkal teli vesz\u00e9lyes barlangokat. \ud83c\udf0d Global \u2699\ufe0f Steam \ud83d\udddd digit\u00e1lis kulcs","og_url":"https:\/\/prismagamers.com\/hu\/produkt\/ecognomix\/","og_site_name":"Prismagamers.com","article_publisher":"https:\/\/www.facebook.com\/prismagamers","article_modified_time":"2026-04-19T23:54:52+00:00","og_image":[{"width":300,"height":450,"url":"https:\/\/prismagamers.com\/wp-content\/uploads\/2024\/12\/EcoGnomix-1-e1735149382475.jpg","type":"image\/jpeg"}],"twitter_card":"summary_large_image","twitter_misc":{"Becs\u00fclt olvas\u00e1si id\u0151":"2 perc"},"schema":{"@context":"https:\/\/schema.org","@graph":[{"@type":"WebPage","@id":"https:\/\/prismagamers.com\/hu\/produkt\/ecognomix\/","url":"https:\/\/prismagamers.com\/hu\/produkt\/ecognomix\/","name":"EcoGnomix - Prismagamers.com","isPartOf":{"@id":"https:\/\/prismagamers.com\/hu\/#website"},"primaryImageOfPage":{"@id":"https:\/\/prismagamers.com\/hu\/produkt\/ecognomix\/#primaryimage"},"image":{"@id":"https:\/\/prismagamers.com\/hu\/produkt\/ecognomix\/#primaryimage"},"thumbnailUrl":"https:\/\/prismagamers.com\/wp-content\/uploads\/2024\/12\/EcoGnomix-1-e1735149382475.jpg","datePublished":"2024-12-25T18:01:37+00:00","dateModified":"2026-04-19T23:54:52+00:00","description":"A j\u00e1t\u00e9k \u00f6tv\u00f6zi a roguelit \u00e9s a v\u00e1ros\u00e9p\u00edt\u0151 elemeket, lehet\u0151v\u00e9 t\u00e9ve, hogy fejlessz egy t\u00f6rp\u00e9kb\u0151l \u00e1ll\u00f3 falut, \u00e9s felfedezd a nyersanyagokkal \u00e9s kih\u00edv\u00e1sokkal teli vesz\u00e9lyes barlangokat. \ud83c\udf0d Global \u2699\ufe0f Steam \ud83d\udddd digit\u00e1lis kulcs","breadcrumb":{"@id":"https:\/\/prismagamers.com\/hu\/produkt\/ecognomix\/#breadcrumb"},"inLanguage":"hu","potentialAction":[{"@type":"ReadAction","target":["https:\/\/prismagamers.com\/hu\/produkt\/ecognomix\/"]}]},{"@type":"ImageObject","inLanguage":"hu","@id":"https:\/\/prismagamers.com\/hu\/produkt\/ecognomix\/#primaryimage","url":"https:\/\/prismagamers.com\/wp-content\/uploads\/2024\/12\/EcoGnomix-1-e1735149382475.jpg","contentUrl":"https:\/\/prismagamers.com\/wp-content\/uploads\/2024\/12\/EcoGnomix-1-e1735149382475.jpg","width":300,"height":450},{"@type":"BreadcrumbList","@id":"https:\/\/prismagamers.com\/hu\/produkt\/ecognomix\/#breadcrumb","itemListElement":[{"@type":"ListItem","position":1,"name":"Strona g\u0142\u00f3wna","item":"https:\/\/prismagamers.com\/hu\/prismagamers\/"},{"@type":"ListItem","position":2,"name":"Shop","item":"https:\/\/prismagamers.com\/hu\/shop\/"},{"@type":"ListItem","position":3,"name":"EcoGnomix"}]},{"@type":"WebSite","@id":"https:\/\/prismagamers.com\/hu\/#website","url":"https:\/\/prismagamers.com\/hu\/","name":"Prismagamers","description":"Sklep z grami PC I Sklep klucze Steam","publisher":{"@id":"https:\/\/prismagamers.com\/hu\/#organization"},"potentialAction":[{"@type":"SearchAction","target":{"@type":"EntryPoint","urlTemplate":"https:\/\/prismagamers.com\/hu\/?s={search_term_string}"},"query-input":{"@type":"PropertyValueSpecification","valueRequired":true,"valueName":"search_term_string"}}],"inLanguage":"hu"},{"@type":"Organization","@id":"https:\/\/prismagamers.com\/hu\/#organization","name":"Prismagamers","url":"https:\/\/prismagamers.com\/hu\/","logo":{"@type":"ImageObject","inLanguage":"hu","@id":"https:\/\/prismagamers.com\/hu\/#\/schema\/logo\/image\/","url":"https:\/\/prismagamers.com\/wp-content\/uploads\/2022\/04\/cropped-logo-Prismagamers-01-scaled-1.jpg","contentUrl":"https:\/\/prismagamers.com\/wp-content\/uploads\/2022\/04\/cropped-logo-Prismagamers-01-scaled-1.jpg","width":512,"height":512,"caption":"Prismagamers"},"image":{"@id":"https:\/\/prismagamers.com\/hu\/#\/schema\/logo\/image\/"},"sameAs":["https:\/\/www.facebook.com\/prismagamers","https:\/\/www.instagram.com\/prismagamers_grycyfrowe\/"],"description":"Prismagamers.com to dynamiczny sklep z grami cyfrowymi, stworzony z my\u015bl\u0105 o entuzjastach gier wideo. Nasza strona oferuje szerok\u0105 gam\u0119 gier komputerowych, w tym najnowsze tytu\u0142y, dobrze znane klasyki oraz gry stworzone przez niezale\u017cne studia Ca\u0142y czas d\u0105\u017cymy do rozszerzenia naszej oferty. Do\u0142\u0105cz do nas i sta\u0144 si\u0119 cz\u0119\u015bci\u0105 naszej rosn\u0105cej spo\u0142eczno\u015bci graczy!","email":"shop@prismagamers.com","telephone":"48795541705","legalName":"East Caravan Maksym \u017bukow","foundingDate":"2012-05-10","vatID":"PL8943038612","taxID":"PL8943038612","numberOfEmployees":{"@type":"QuantitativeValue","minValue":"11","maxValue":"50"}}]}},"_links":{"self":[{"href":"https:\/\/prismagamers.com\/hu\/wp-json\/wp\/v2\/product\/35083","targetHints":{"allow":["GET"]}}],"collection":[{"href":"https:\/\/prismagamers.com\/hu\/wp-json\/wp\/v2\/product"}],"about":[{"href":"https:\/\/prismagamers.com\/hu\/wp-json\/wp\/v2\/types\/product"}],"wp:featuredmedia":[{"embeddable":true,"href":"https:\/\/prismagamers.com\/hu\/wp-json\/wp\/v2\/media\/33455"}],"wp:attachment":[{"href":"https:\/\/prismagamers.com\/hu\/wp-json\/wp\/v2\/media?parent=35083"}],"wp:term":[{"taxonomy":"product_brand","embeddable":true,"href":"https:\/\/prismagamers.com\/hu\/wp-json\/wp\/v2\/product_brand?post=35083"},{"taxonomy":"product_cat","embeddable":true,"href":"https:\/\/prismagamers.com\/hu\/wp-json\/wp\/v2\/product_cat?post=35083"},{"taxonomy":"product_tag","embeddable":true,"href":"https:\/\/prismagamers.com\/hu\/wp-json\/wp\/v2\/product_tag?post=35083"}],"curies":[{"name":"wp","href":"https:\/\/api.w.org\/{rel}","templated":true}]}}