{"id":35087,"date":"2024-09-03T22:52:03","date_gmt":"2024-09-03T20:52:03","guid":{"rendered":"https:\/\/prismagamers.com\/produkt\/terraformalas-a-marson\/"},"modified":"2026-03-05T00:00:51","modified_gmt":"2026-03-04T23:00:51","slug":"terraformalas-a-marson","status":"publish","type":"product","link":"https:\/\/prismagamers.com\/hu\/produkt\/terraformalas-a-marson\/","title":{"rendered":"Terraform\u00e1l\u00e1s a Marson"},"content":{"rendered":"<p><strong>A v\u00f6r\u00f6s bolyg\u00f3 megszel\u00edd\u00edt\u00e9se megkezd\u0151d\u00f6tt!<\/strong><\/p>\n<p>A v\u00e1llalatok versengenek az\u00e9rt, hogy a Marsot lakhat\u00f3 bolyg\u00f3v\u00e1 alak\u00edts\u00e1k, hatalmas forr\u00e1sokat fektetnek be \u00e9s innovat\u00edv technol\u00f3gi\u00e1t haszn\u00e1lnak a h\u0151m\u00e9rs\u00e9klet emel\u00e9s\u00e9re, l\u00e9legezhet\u0151 l\u00e9gk\u00f6r kialak\u00edt\u00e1s\u00e1ra \u00e9s v\u00edzzel teli \u00f3ce\u00e1nok l\u00e9trehoz\u00e1s\u00e1ra. A terraform\u00e1l\u00e1s el\u0151rehaladt\u00e1val egyre t\u00f6bb ember fog elv\u00e1ndorolni a F\u00f6ldr\u0151l, hogy letelepedjen a v\u00f6r\u00f6s bolyg\u00f3n. <\/p>\n<p>A <em>Terraformation of Marsban<\/em> egy k\u00fcl\u00f6nleges profil\u00fa v\u00e1llalatot ir\u00e1ny\u00edtasz. J\u00e1tssz a projektk\u00e1rty\u00e1kkal, \u00e9p\u00edtsd a termel\u00e9st, helyezd el v\u00e1rosaidat \u00e9s z\u00f6ld ter\u00fcleteidet a t\u00e9rk\u00e9pen, \u00e9s versenyezz a m\u00e9rf\u00f6ldk\u00f6vek\u00e9rt \u00e9s jutalmak\u00e9rt! <\/p>\n<p><strong>Az \u00d6n v\u00e1llalata fogja az emberis\u00e9get egy \u00faj korszakba vezetni?<\/strong><\/p>\n<p><img decoding=\"async\" class=\"aligncenter\" src=\"https:\/\/shared.akamai.steamstatic.com\/store_item_assets\/steam\/apps\/800270\/extras\/20190927-terraforming_page-steam_02-min.png?t=1725289226\"><\/p>\n<p>&nbsp;<\/p>\n","protected":false},"excerpt":{"rendered":"<p class=\"ai-optimize-21\">A v\u00f6r\u00f6s bolyg\u00f3 megszel\u00edd\u00edt\u00e9se megkezd\u0151d\u00f6tt! A v\u00e1llalatok azon versengenek, hogy a Marsot lakhat\u00f3 bolyg\u00f3v\u00e1 tegy\u00e9k, hatalmas forr\u00e1sokat fektetnek be, \u00e9s innovat\u00edv technol\u00f3gi\u00e1t haszn\u00e1lnak a h\u0151m\u00e9rs\u00e9klet emel\u00e9s\u00e9re, a l\u00e9legz\u0151 l\u00e9gk\u00f6r \u00e9s a v\u00edzzel teli \u00f3ce\u00e1nok l\u00e9trehoz\u00e1s\u00e1ra.<\/p>\n<p class=\"ai-optimize-22\">\ud83c\udf0d Glob\u00e1lis<br \/>\n\u2699\ufe0f Steam<br \/>\n\ud83d\udddd Digit\u00e1lis kulcs<\/p>\n","protected":false},"featured_media":32578,"template":"","meta":{"_acf_changed":false,"site-sidebar-layout":"default","site-content-layout":"","ast-site-content-layout":"default","site-content-style":"default","site-sidebar-style":"default","ast-global-header-display":"","ast-banner-title-visibility":"","ast-main-header-display":"","ast-hfb-above-header-display":"","ast-hfb-below-header-display":"","ast-hfb-mobile-header-display":"","site-post-title":"","ast-breadcrumbs-content":"","ast-featured-img":"","footer-sml-layout":"","ast-disable-related-posts":"","theme-transparent-header-meta":"default","adv-header-id-meta":"","stick-header-meta":"","header-above-stick-meta":"","header-main-stick-meta":"","header-below-stick-meta":"","astra-migrate-meta-layouts":"default","ast-page-background-enabled":"default","ast-page-background-meta":{"desktop":{"background-color":"var(--ast-global-color-4)","background-image":"","background-repeat":"repeat","background-position":"center center","background-size":"auto","background-attachment":"scroll","background-type":"","background-media":"","overlay-type":"","overlay-color":"","overlay-opacity":"","overlay-gradient":""},"tablet":{"background-color":"","background-image":"","background-repeat":"repeat","background-position":"center center","background-size":"auto","background-attachment":"scroll","background-type":"","background-media":"","overlay-type":"","overlay-color":"","overlay-opacity":"","overlay-gradient":""},"mobile":{"background-color":"","background-image":"","background-repeat":"repeat","background-position":"center center","background-size":"auto","background-attachment":"scroll","background-type":"","background-media":"","overlay-type":"","overlay-color":"","overlay-opacity":"","overlay-gradient":""}},"ast-content-background-meta":{"desktop":{"background-color":"var(--ast-global-color-5)","background-image":"","background-repeat":"repeat","background-position":"center center","background-size":"auto","background-attachment":"scroll","background-type":"","background-media":"","overlay-type":"","overlay-color":"","overlay-opacity":"","overlay-gradient":""},"tablet":{"background-color":"var(--ast-global-color-5)","background-image":"","background-repeat":"repeat","background-position":"center center","background-size":"auto","background-attachment":"scroll","background-type":"","background-media":"","overlay-type":"","overlay-color":"","overlay-opacity":"","overlay-gradient":""},"mobile":{"background-color":"var(--ast-global-color-5)","background-image":"","background-repeat":"repeat","background-position":"center center","background-size":"auto","background-attachment":"scroll","background-type":"","background-media":"","overlay-type":"","overlay-color":"","overlay-opacity":"","overlay-gradient":""}}},"product_brand":[],"product_cat":[369,365,367,386,397],"product_tag":[370],"class_list":{"0":"post-35087","1":"product","2":"type-product","3":"status-publish","4":"has-post-thumbnail","6":"product_cat-csarnokok","7":"product_cat-goz","8":"product_cat-pc-jatekok","9":"product_cat-strategiai-jatekok","10":"product_cat-twin-sails-interaktiv","11":"product_tag-pid-tel","12":"desktop-align-left","13":"tablet-align-left","14":"mobile-align-left","16":"first","17":"instock","18":"virtual","19":"purchasable","20":"product-type-simple"},"acf":[],"yoast_head":"<!-- This site is optimized with the Yoast SEO Premium plugin v27.4 (Yoast SEO v27.4) - https:\/\/yoast.com\/product\/yoast-seo-premium-wordpress\/ -->\n<title>Terraform\u00e1l\u00e1s a Marson - Prismagamers.com<\/title>\n<meta name=\"description\" content=\"A v\u00f6r\u00f6s bolyg\u00f3 megszel\u00edd\u00edt\u00e9se megkezd\u0151d\u00f6tt! A v\u00e1llalatok azon versengenek, hogy a Marsot lakhat\u00f3 bolyg\u00f3v\u00e1 tegy\u00e9k, hatalmas forr\u00e1sokat fektetnek be, \u00e9s innovat\u00edv technol\u00f3gi\u00e1t haszn\u00e1lnak a h\u0151m\u00e9rs\u00e9klet emel\u00e9s\u00e9re, a l\u00e9legz\u0151 l\u00e9gk\u00f6r \u00e9s a v\u00edzzel teli \u00f3ce\u00e1nok l\u00e9trehoz\u00e1s\u00e1ra. \ud83c\udf0d Glob\u00e1lis \u2699\ufe0f Steam \ud83d\udddd Digit\u00e1lis kulcs\" \/>\n<meta name=\"robots\" content=\"index, follow, max-snippet:-1, max-image-preview:large, max-video-preview:-1\" \/>\n<link rel=\"canonical\" href=\"https:\/\/prismagamers.com\/hu\/produkt\/terraformalas-a-marson\/\" \/>\n<meta property=\"og:locale\" content=\"hu_HU\" \/>\n<meta property=\"og:type\" content=\"article\" \/>\n<meta property=\"og:title\" content=\"Terraform\u00e1l\u00e1s a Marson\" \/>\n<meta property=\"og:description\" content=\"A v\u00f6r\u00f6s bolyg\u00f3 megszel\u00edd\u00edt\u00e9se megkezd\u0151d\u00f6tt! A v\u00e1llalatok azon versengenek, hogy a Marsot lakhat\u00f3 bolyg\u00f3v\u00e1 tegy\u00e9k, hatalmas forr\u00e1sokat fektetnek be, \u00e9s innovat\u00edv technol\u00f3gi\u00e1t haszn\u00e1lnak a h\u0151m\u00e9rs\u00e9klet emel\u00e9s\u00e9re, a l\u00e9legz\u0151 l\u00e9gk\u00f6r \u00e9s a v\u00edzzel teli \u00f3ce\u00e1nok l\u00e9trehoz\u00e1s\u00e1ra. \ud83c\udf0d Glob\u00e1lis \u2699\ufe0f Steam \ud83d\udddd Digit\u00e1lis kulcs\" \/>\n<meta property=\"og:url\" content=\"https:\/\/prismagamers.com\/hu\/produkt\/terraformalas-a-marson\/\" \/>\n<meta property=\"og:site_name\" content=\"Prismagamers.com\" \/>\n<meta property=\"article:publisher\" content=\"https:\/\/www.facebook.com\/prismagamers\" \/>\n<meta property=\"article:modified_time\" content=\"2026-03-04T23:00:51+00:00\" \/>\n<meta property=\"og:image\" content=\"https:\/\/prismagamers.com\/wp-content\/uploads\/2024\/09\/Terraforming-Mars-e1725396648929.jpg\" \/>\n\t<meta property=\"og:image:width\" content=\"320\" \/>\n\t<meta property=\"og:image:height\" content=\"450\" \/>\n\t<meta property=\"og:image:type\" content=\"image\/jpeg\" \/>\n<meta name=\"twitter:card\" content=\"summary_large_image\" \/>\n<meta name=\"twitter:label1\" content=\"Becs\u00fclt olvas\u00e1si id\u0151\" \/>\n\t<meta name=\"twitter:data1\" content=\"1 perc\" \/>\n<script type=\"application\/ld+json\" class=\"yoast-schema-graph\">{\"@context\":\"https:\\\/\\\/schema.org\",\"@graph\":[{\"@type\":\"WebPage\",\"@id\":\"https:\\\/\\\/prismagamers.com\\\/hu\\\/produkt\\\/terraformalas-a-marson\\\/\",\"url\":\"https:\\\/\\\/prismagamers.com\\\/hu\\\/produkt\\\/terraformalas-a-marson\\\/\",\"name\":\"Terraform\u00e1l\u00e1s a Marson - Prismagamers.com\",\"isPartOf\":{\"@id\":\"https:\\\/\\\/prismagamers.com\\\/hu\\\/#website\"},\"primaryImageOfPage\":{\"@id\":\"https:\\\/\\\/prismagamers.com\\\/hu\\\/produkt\\\/terraformalas-a-marson\\\/#primaryimage\"},\"image\":{\"@id\":\"https:\\\/\\\/prismagamers.com\\\/hu\\\/produkt\\\/terraformalas-a-marson\\\/#primaryimage\"},\"thumbnailUrl\":\"https:\\\/\\\/prismagamers.com\\\/wp-content\\\/uploads\\\/2024\\\/09\\\/Terraforming-Mars-e1725396648929.jpg\",\"datePublished\":\"2024-09-03T20:52:03+00:00\",\"dateModified\":\"2026-03-04T23:00:51+00:00\",\"description\":\"A v\u00f6r\u00f6s bolyg\u00f3 megszel\u00edd\u00edt\u00e9se megkezd\u0151d\u00f6tt! A v\u00e1llalatok azon versengenek, hogy a Marsot lakhat\u00f3 bolyg\u00f3v\u00e1 tegy\u00e9k, hatalmas forr\u00e1sokat fektetnek be, \u00e9s innovat\u00edv technol\u00f3gi\u00e1t haszn\u00e1lnak a h\u0151m\u00e9rs\u00e9klet emel\u00e9s\u00e9re, a l\u00e9legz\u0151 l\u00e9gk\u00f6r \u00e9s a v\u00edzzel teli \u00f3ce\u00e1nok l\u00e9trehoz\u00e1s\u00e1ra. \ud83c\udf0d Glob\u00e1lis \u2699\ufe0f Steam \ud83d\udddd Digit\u00e1lis kulcs\",\"breadcrumb\":{\"@id\":\"https:\\\/\\\/prismagamers.com\\\/hu\\\/produkt\\\/terraformalas-a-marson\\\/#breadcrumb\"},\"inLanguage\":\"hu\",\"potentialAction\":[{\"@type\":\"ReadAction\",\"target\":[\"https:\\\/\\\/prismagamers.com\\\/hu\\\/produkt\\\/terraformalas-a-marson\\\/\"]}]},{\"@type\":\"ImageObject\",\"inLanguage\":\"hu\",\"@id\":\"https:\\\/\\\/prismagamers.com\\\/hu\\\/produkt\\\/terraformalas-a-marson\\\/#primaryimage\",\"url\":\"https:\\\/\\\/prismagamers.com\\\/wp-content\\\/uploads\\\/2024\\\/09\\\/Terraforming-Mars-e1725396648929.jpg\",\"contentUrl\":\"https:\\\/\\\/prismagamers.com\\\/wp-content\\\/uploads\\\/2024\\\/09\\\/Terraforming-Mars-e1725396648929.jpg\",\"width\":320,\"height\":450},{\"@type\":\"BreadcrumbList\",\"@id\":\"https:\\\/\\\/prismagamers.com\\\/hu\\\/produkt\\\/terraformalas-a-marson\\\/#breadcrumb\",\"itemListElement\":[{\"@type\":\"ListItem\",\"position\":1,\"name\":\"Strona g\u0142\u00f3wna\",\"item\":\"https:\\\/\\\/prismagamers.com\\\/hu\\\/prismagamers\\\/\"},{\"@type\":\"ListItem\",\"position\":2,\"name\":\"Shop\",\"item\":\"https:\\\/\\\/prismagamers.com\\\/hu\\\/shop\\\/\"},{\"@type\":\"ListItem\",\"position\":3,\"name\":\"Terraform\u00e1l\u00e1s a Marson\"}]},{\"@type\":\"WebSite\",\"@id\":\"https:\\\/\\\/prismagamers.com\\\/hu\\\/#website\",\"url\":\"https:\\\/\\\/prismagamers.com\\\/hu\\\/\",\"name\":\"Prismagamers\",\"description\":\"Sklep z grami PC I Sklep klucze Steam\",\"publisher\":{\"@id\":\"https:\\\/\\\/prismagamers.com\\\/hu\\\/#organization\"},\"potentialAction\":[{\"@type\":\"SearchAction\",\"target\":{\"@type\":\"EntryPoint\",\"urlTemplate\":\"https:\\\/\\\/prismagamers.com\\\/hu\\\/?s={search_term_string}\"},\"query-input\":{\"@type\":\"PropertyValueSpecification\",\"valueRequired\":true,\"valueName\":\"search_term_string\"}}],\"inLanguage\":\"hu\"},{\"@type\":\"Organization\",\"@id\":\"https:\\\/\\\/prismagamers.com\\\/hu\\\/#organization\",\"name\":\"Prismagamers\",\"url\":\"https:\\\/\\\/prismagamers.com\\\/hu\\\/\",\"logo\":{\"@type\":\"ImageObject\",\"inLanguage\":\"hu\",\"@id\":\"https:\\\/\\\/prismagamers.com\\\/hu\\\/#\\\/schema\\\/logo\\\/image\\\/\",\"url\":\"https:\\\/\\\/prismagamers.com\\\/wp-content\\\/uploads\\\/2022\\\/04\\\/cropped-logo-Prismagamers-01-scaled-1.jpg\",\"contentUrl\":\"https:\\\/\\\/prismagamers.com\\\/wp-content\\\/uploads\\\/2022\\\/04\\\/cropped-logo-Prismagamers-01-scaled-1.jpg\",\"width\":512,\"height\":512,\"caption\":\"Prismagamers\"},\"image\":{\"@id\":\"https:\\\/\\\/prismagamers.com\\\/hu\\\/#\\\/schema\\\/logo\\\/image\\\/\"},\"sameAs\":[\"https:\\\/\\\/www.facebook.com\\\/prismagamers\",\"https:\\\/\\\/www.instagram.com\\\/prismagamers_grycyfrowe\\\/\"],\"description\":\"Prismagamers.com to dynamiczny sklep z grami cyfrowymi, stworzony z my\u015bl\u0105 o entuzjastach gier wideo. Nasza strona oferuje szerok\u0105 gam\u0119 gier komputerowych, w tym najnowsze tytu\u0142y, dobrze znane klasyki oraz gry stworzone przez niezale\u017cne studia Ca\u0142y czas d\u0105\u017cymy do rozszerzenia naszej oferty. Do\u0142\u0105cz do nas i sta\u0144 si\u0119 cz\u0119\u015bci\u0105 naszej rosn\u0105cej spo\u0142eczno\u015bci graczy!\",\"email\":\"shop@prismagamers.com\",\"telephone\":\"48795541705\",\"legalName\":\"East Caravan Maksym \u017bukow\",\"foundingDate\":\"2012-05-10\",\"vatID\":\"PL8943038612\",\"taxID\":\"PL8943038612\",\"numberOfEmployees\":{\"@type\":\"QuantitativeValue\",\"minValue\":\"11\",\"maxValue\":\"50\"}}]}<\/script>\n<!-- \/ Yoast SEO Premium plugin. -->","yoast_head_json":{"title":"Terraform\u00e1l\u00e1s a Marson - Prismagamers.com","description":"A v\u00f6r\u00f6s bolyg\u00f3 megszel\u00edd\u00edt\u00e9se megkezd\u0151d\u00f6tt! A v\u00e1llalatok azon versengenek, hogy a Marsot lakhat\u00f3 bolyg\u00f3v\u00e1 tegy\u00e9k, hatalmas forr\u00e1sokat fektetnek be, \u00e9s innovat\u00edv technol\u00f3gi\u00e1t haszn\u00e1lnak a h\u0151m\u00e9rs\u00e9klet emel\u00e9s\u00e9re, a l\u00e9legz\u0151 l\u00e9gk\u00f6r \u00e9s a v\u00edzzel teli \u00f3ce\u00e1nok l\u00e9trehoz\u00e1s\u00e1ra. \ud83c\udf0d Glob\u00e1lis \u2699\ufe0f Steam \ud83d\udddd Digit\u00e1lis kulcs","robots":{"index":"index","follow":"follow","max-snippet":"max-snippet:-1","max-image-preview":"max-image-preview:large","max-video-preview":"max-video-preview:-1"},"canonical":"https:\/\/prismagamers.com\/hu\/produkt\/terraformalas-a-marson\/","og_locale":"hu_HU","og_type":"article","og_title":"Terraform\u00e1l\u00e1s a Marson","og_description":"A v\u00f6r\u00f6s bolyg\u00f3 megszel\u00edd\u00edt\u00e9se megkezd\u0151d\u00f6tt! A v\u00e1llalatok azon versengenek, hogy a Marsot lakhat\u00f3 bolyg\u00f3v\u00e1 tegy\u00e9k, hatalmas forr\u00e1sokat fektetnek be, \u00e9s innovat\u00edv technol\u00f3gi\u00e1t haszn\u00e1lnak a h\u0151m\u00e9rs\u00e9klet emel\u00e9s\u00e9re, a l\u00e9legz\u0151 l\u00e9gk\u00f6r \u00e9s a v\u00edzzel teli \u00f3ce\u00e1nok l\u00e9trehoz\u00e1s\u00e1ra. \ud83c\udf0d Glob\u00e1lis \u2699\ufe0f Steam \ud83d\udddd Digit\u00e1lis kulcs","og_url":"https:\/\/prismagamers.com\/hu\/produkt\/terraformalas-a-marson\/","og_site_name":"Prismagamers.com","article_publisher":"https:\/\/www.facebook.com\/prismagamers","article_modified_time":"2026-03-04T23:00:51+00:00","og_image":[{"width":320,"height":450,"url":"https:\/\/prismagamers.com\/wp-content\/uploads\/2024\/09\/Terraforming-Mars-e1725396648929.jpg","type":"image\/jpeg"}],"twitter_card":"summary_large_image","twitter_misc":{"Becs\u00fclt olvas\u00e1si id\u0151":"1 perc"},"schema":{"@context":"https:\/\/schema.org","@graph":[{"@type":"WebPage","@id":"https:\/\/prismagamers.com\/hu\/produkt\/terraformalas-a-marson\/","url":"https:\/\/prismagamers.com\/hu\/produkt\/terraformalas-a-marson\/","name":"Terraform\u00e1l\u00e1s a Marson - Prismagamers.com","isPartOf":{"@id":"https:\/\/prismagamers.com\/hu\/#website"},"primaryImageOfPage":{"@id":"https:\/\/prismagamers.com\/hu\/produkt\/terraformalas-a-marson\/#primaryimage"},"image":{"@id":"https:\/\/prismagamers.com\/hu\/produkt\/terraformalas-a-marson\/#primaryimage"},"thumbnailUrl":"https:\/\/prismagamers.com\/wp-content\/uploads\/2024\/09\/Terraforming-Mars-e1725396648929.jpg","datePublished":"2024-09-03T20:52:03+00:00","dateModified":"2026-03-04T23:00:51+00:00","description":"A v\u00f6r\u00f6s bolyg\u00f3 megszel\u00edd\u00edt\u00e9se megkezd\u0151d\u00f6tt! A v\u00e1llalatok azon versengenek, hogy a Marsot lakhat\u00f3 bolyg\u00f3v\u00e1 tegy\u00e9k, hatalmas forr\u00e1sokat fektetnek be, \u00e9s innovat\u00edv technol\u00f3gi\u00e1t haszn\u00e1lnak a h\u0151m\u00e9rs\u00e9klet emel\u00e9s\u00e9re, a l\u00e9legz\u0151 l\u00e9gk\u00f6r \u00e9s a v\u00edzzel teli \u00f3ce\u00e1nok l\u00e9trehoz\u00e1s\u00e1ra. \ud83c\udf0d Glob\u00e1lis \u2699\ufe0f Steam \ud83d\udddd Digit\u00e1lis kulcs","breadcrumb":{"@id":"https:\/\/prismagamers.com\/hu\/produkt\/terraformalas-a-marson\/#breadcrumb"},"inLanguage":"hu","potentialAction":[{"@type":"ReadAction","target":["https:\/\/prismagamers.com\/hu\/produkt\/terraformalas-a-marson\/"]}]},{"@type":"ImageObject","inLanguage":"hu","@id":"https:\/\/prismagamers.com\/hu\/produkt\/terraformalas-a-marson\/#primaryimage","url":"https:\/\/prismagamers.com\/wp-content\/uploads\/2024\/09\/Terraforming-Mars-e1725396648929.jpg","contentUrl":"https:\/\/prismagamers.com\/wp-content\/uploads\/2024\/09\/Terraforming-Mars-e1725396648929.jpg","width":320,"height":450},{"@type":"BreadcrumbList","@id":"https:\/\/prismagamers.com\/hu\/produkt\/terraformalas-a-marson\/#breadcrumb","itemListElement":[{"@type":"ListItem","position":1,"name":"Strona g\u0142\u00f3wna","item":"https:\/\/prismagamers.com\/hu\/prismagamers\/"},{"@type":"ListItem","position":2,"name":"Shop","item":"https:\/\/prismagamers.com\/hu\/shop\/"},{"@type":"ListItem","position":3,"name":"Terraform\u00e1l\u00e1s a Marson"}]},{"@type":"WebSite","@id":"https:\/\/prismagamers.com\/hu\/#website","url":"https:\/\/prismagamers.com\/hu\/","name":"Prismagamers","description":"Sklep z grami PC I Sklep klucze Steam","publisher":{"@id":"https:\/\/prismagamers.com\/hu\/#organization"},"potentialAction":[{"@type":"SearchAction","target":{"@type":"EntryPoint","urlTemplate":"https:\/\/prismagamers.com\/hu\/?s={search_term_string}"},"query-input":{"@type":"PropertyValueSpecification","valueRequired":true,"valueName":"search_term_string"}}],"inLanguage":"hu"},{"@type":"Organization","@id":"https:\/\/prismagamers.com\/hu\/#organization","name":"Prismagamers","url":"https:\/\/prismagamers.com\/hu\/","logo":{"@type":"ImageObject","inLanguage":"hu","@id":"https:\/\/prismagamers.com\/hu\/#\/schema\/logo\/image\/","url":"https:\/\/prismagamers.com\/wp-content\/uploads\/2022\/04\/cropped-logo-Prismagamers-01-scaled-1.jpg","contentUrl":"https:\/\/prismagamers.com\/wp-content\/uploads\/2022\/04\/cropped-logo-Prismagamers-01-scaled-1.jpg","width":512,"height":512,"caption":"Prismagamers"},"image":{"@id":"https:\/\/prismagamers.com\/hu\/#\/schema\/logo\/image\/"},"sameAs":["https:\/\/www.facebook.com\/prismagamers","https:\/\/www.instagram.com\/prismagamers_grycyfrowe\/"],"description":"Prismagamers.com to dynamiczny sklep z grami cyfrowymi, stworzony z my\u015bl\u0105 o entuzjastach gier wideo. Nasza strona oferuje szerok\u0105 gam\u0119 gier komputerowych, w tym najnowsze tytu\u0142y, dobrze znane klasyki oraz gry stworzone przez niezale\u017cne studia Ca\u0142y czas d\u0105\u017cymy do rozszerzenia naszej oferty. Do\u0142\u0105cz do nas i sta\u0144 si\u0119 cz\u0119\u015bci\u0105 naszej rosn\u0105cej spo\u0142eczno\u015bci graczy!","email":"shop@prismagamers.com","telephone":"48795541705","legalName":"East Caravan Maksym \u017bukow","foundingDate":"2012-05-10","vatID":"PL8943038612","taxID":"PL8943038612","numberOfEmployees":{"@type":"QuantitativeValue","minValue":"11","maxValue":"50"}}]}},"_links":{"self":[{"href":"https:\/\/prismagamers.com\/hu\/wp-json\/wp\/v2\/product\/35087","targetHints":{"allow":["GET"]}}],"collection":[{"href":"https:\/\/prismagamers.com\/hu\/wp-json\/wp\/v2\/product"}],"about":[{"href":"https:\/\/prismagamers.com\/hu\/wp-json\/wp\/v2\/types\/product"}],"wp:featuredmedia":[{"embeddable":true,"href":"https:\/\/prismagamers.com\/hu\/wp-json\/wp\/v2\/media\/32578"}],"wp:attachment":[{"href":"https:\/\/prismagamers.com\/hu\/wp-json\/wp\/v2\/media?parent=35087"}],"wp:term":[{"taxonomy":"product_brand","embeddable":true,"href":"https:\/\/prismagamers.com\/hu\/wp-json\/wp\/v2\/product_brand?post=35087"},{"taxonomy":"product_cat","embeddable":true,"href":"https:\/\/prismagamers.com\/hu\/wp-json\/wp\/v2\/product_cat?post=35087"},{"taxonomy":"product_tag","embeddable":true,"href":"https:\/\/prismagamers.com\/hu\/wp-json\/wp\/v2\/product_tag?post=35087"}],"curies":[{"name":"wp","href":"https:\/\/api.w.org\/{rel}","templated":true}]}}