{"id":35088,"date":"2024-09-25T12:31:34","date_gmt":"2024-09-25T10:31:34","guid":{"rendered":"https:\/\/prismagamers.com\/produkt\/bloomtown-egy-masik-tortenet\/"},"modified":"2026-03-05T00:00:53","modified_gmt":"2026-03-04T23:00:53","slug":"bloomtown-egy-masik-tortenet","status":"publish","type":"product","link":"https:\/\/prismagamers.com\/hu\/produkt\/bloomtown-egy-masik-tortenet\/","title":{"rendered":"Bloomtown: Egy m\u00e1sik t\u00f6rt\u00e9net"},"content":{"rendered":"<p>A <strong>Bloomtown: A Different Story<\/strong> egy narrat\u00edv JRPG, amely a fordul\u00f3alap\u00fa harcot, a sz\u00f6rnyszel\u00edd\u00edt\u00e9st \u00e9s a t\u00e1rsadalmi szerepj\u00e1t\u00e9k elemeket \u00f6tv\u00f6zi, \u00e9s az amerikai 1960-as \u00e9vek kellemesnek t\u0171n\u0151 vil\u00e1g\u00e1ban j\u00e1tsz\u00f3dik.<\/p>\n<p>J\u00e1tssz Emily \u00e9s kis\u00f6ccse, Chester szerep\u00e9ben, akik nagyapjuk hangulatos \u00e9s csendes kisv\u00e1ros\u00e1ban nyaralnak. Tal\u00e1n t\u00fals\u00e1gosan is csendes&#8230; A gyerekek kezdenek elt\u0171nni, \u00e9s a r\u00e9m\u00e1lmok egyre val\u00f3s\u00e1gosabb\u00e1 v\u00e1lnak&#8230; Valami nincs rendben, k\u00fcl\u00f6n\u00f6sen egy 12 \u00e9ves, kalandv\u00e1gy\u00f3 l\u00e1ny sz\u00e1m\u00e1ra! <\/p>\n<p>Rajtad \u00e1ll, hogy megfejtsd ezt a rejt\u00e9lyt, \u00e9s megszabad\u00edtsd Bloomtownt \u00e9s lak\u00f3it a fenyeget\u0151 sorst\u00f3l!<\/p>\n","protected":false},"excerpt":{"rendered":"<p class=\"ai-optimize-21\">A Bloomtown: A Different Story egy narrat\u00edv JRPG, amely a fordul\u00f3alap\u00fa harcot, a sz\u00f6rnyszel\u00edd\u00edt\u00e9st \u00e9s a k\u00f6z\u00f6ss\u00e9gi RPG elemeket \u00f6tv\u00f6zi, \u00e9s az 1960-as \u00e9vek Amerik\u00e1j\u00e1nak kellemesnek t\u0171n\u0151 vil\u00e1g\u00e1ban j\u00e1tsz\u00f3dik. Csatlakozz Emilyhez \u00e9s bar\u00e1ti csapat\u00e1hoz, hogy megments\u00e9k hangulatos v\u00e1rosukat a lakosok sz\u00edv\u00e9ben lakoz\u00f3 d\u00e9moni l\u00e9nyekt\u0151l! <\/p>\n<p class=\"ai-optimize-22\"><img decoding=\"async\" class=\"emoji\" role=\"img\" src=\"https:\/\/s.w.org\/images\/core\/emoji\/14.0.0\/svg\/1f30d.svg\" alt=\"\ud83c\udf0d\">  Global<br \/>\n<img decoding=\"async\" class=\"emoji\" role=\"img\" src=\"https:\/\/s.w.org\/images\/core\/emoji\/14.0.0\/svg\/2699.svg\" alt=\"\u2699\ufe0f\"> Steam<br \/>\n<img decoding=\"async\" class=\"emoji\" role=\"img\" src=\"https:\/\/s.w.org\/images\/core\/emoji\/14.0.0\/svg\/1f5dd.svg\" alt=\"\ud83d\udddd\"> Digit\u00e1lis kulcs<\/p>\n","protected":false},"featured_media":32797,"template":"","meta":{"_acf_changed":false,"site-sidebar-layout":"default","site-content-layout":"","ast-site-content-layout":"default","site-content-style":"default","site-sidebar-style":"default","ast-global-header-display":"","ast-banner-title-visibility":"","ast-main-header-display":"","ast-hfb-above-header-display":"","ast-hfb-below-header-display":"","ast-hfb-mobile-header-display":"","site-post-title":"","ast-breadcrumbs-content":"","ast-featured-img":"","footer-sml-layout":"","ast-disable-related-posts":"","theme-transparent-header-meta":"default","adv-header-id-meta":"","stick-header-meta":"","header-above-stick-meta":"","header-main-stick-meta":"","header-below-stick-meta":"","astra-migrate-meta-layouts":"default","ast-page-background-enabled":"default","ast-page-background-meta":{"desktop":{"background-color":"var(--ast-global-color-4)","background-image":"","background-repeat":"repeat","background-position":"center center","background-size":"auto","background-attachment":"scroll","background-type":"","background-media":"","overlay-type":"","overlay-color":"","overlay-opacity":"","overlay-gradient":""},"tablet":{"background-color":"","background-image":"","background-repeat":"repeat","background-position":"center center","background-size":"auto","background-attachment":"scroll","background-type":"","background-media":"","overlay-type":"","overlay-color":"","overlay-opacity":"","overlay-gradient":""},"mobile":{"background-color":"","background-image":"","background-repeat":"repeat","background-position":"center center","background-size":"auto","background-attachment":"scroll","background-type":"","background-media":"","overlay-type":"","overlay-color":"","overlay-opacity":"","overlay-gradient":""}},"ast-content-background-meta":{"desktop":{"background-color":"var(--ast-global-color-5)","background-image":"","background-repeat":"repeat","background-position":"center center","background-size":"auto","background-attachment":"scroll","background-type":"","background-media":"","overlay-type":"","overlay-color":"","overlay-opacity":"","overlay-gradient":""},"tablet":{"background-color":"var(--ast-global-color-5)","background-image":"","background-repeat":"repeat","background-position":"center center","background-size":"auto","background-attachment":"scroll","background-type":"","background-media":"","overlay-type":"","overlay-color":"","overlay-opacity":"","overlay-gradient":""},"mobile":{"background-color":"var(--ast-global-color-5)","background-image":"","background-repeat":"repeat","background-position":"center center","background-size":"auto","background-attachment":"scroll","background-type":"","background-media":"","overlay-type":"","overlay-color":"","overlay-opacity":"","overlay-gradient":""}}},"product_brand":[],"product_cat":[369,365,363,367,364,397],"product_tag":[],"class_list":{"0":"post-35088","1":"product","2":"type-product","3":"status-publish","4":"has-post-thumbnail","6":"product_cat-csarnokok","7":"product_cat-goz","8":"product_cat-kaland-jatekok","9":"product_cat-pc-jatekok","10":"product_cat-rpg-k","11":"product_cat-twin-sails-interaktiv","12":"desktop-align-left","13":"tablet-align-left","14":"mobile-align-left","16":"first","17":"instock","18":"virtual","19":"purchasable","20":"product-type-simple"},"acf":[],"yoast_head":"<!-- This site is optimized with the Yoast SEO Premium plugin v27.4 (Yoast SEO v27.4) - https:\/\/yoast.com\/product\/yoast-seo-premium-wordpress\/ -->\n<title>Bloomtown: Egy m\u00e1sik t\u00f6rt\u00e9net - Prismagamers.com<\/title>\n<meta name=\"description\" content=\"A Bloomtown: A Different Story egy narrat\u00edv JRPG, amely a fordul\u00f3alap\u00fa harcot, a sz\u00f6rnyszel\u00edd\u00edt\u00e9st \u00e9s a k\u00f6z\u00f6ss\u00e9gi RPG elemeket \u00f6tv\u00f6zi, \u00e9s az 1960-as \u00e9vek Amerik\u00e1j\u00e1nak kellemesnek t\u0171n\u0151 vil\u00e1g\u00e1ban j\u00e1tsz\u00f3dik. Csatlakozz Emilyhez \u00e9s bar\u00e1ti csapat\u00e1hoz, hogy megments\u00e9k hangulatos v\u00e1rosukat a lakosok sz\u00edv\u00e9ben lakoz\u00f3 d\u00e9moni l\u00e9nyekt\u0151l!  Global Steam Digit\u00e1lis kulcs\" \/>\n<meta name=\"robots\" content=\"index, follow, max-snippet:-1, max-image-preview:large, max-video-preview:-1\" \/>\n<link rel=\"canonical\" href=\"https:\/\/prismagamers.com\/hu\/produkt\/bloomtown-egy-masik-tortenet\/\" \/>\n<meta property=\"og:locale\" content=\"hu_HU\" \/>\n<meta property=\"og:type\" content=\"article\" \/>\n<meta property=\"og:title\" content=\"Bloomtown: Egy m\u00e1sik t\u00f6rt\u00e9net\" \/>\n<meta property=\"og:description\" content=\"A Bloomtown: A Different Story egy narrat\u00edv JRPG, amely a fordul\u00f3alap\u00fa harcot, a sz\u00f6rnyszel\u00edd\u00edt\u00e9st \u00e9s a k\u00f6z\u00f6ss\u00e9gi RPG elemeket \u00f6tv\u00f6zi, \u00e9s az 1960-as \u00e9vek Amerik\u00e1j\u00e1nak kellemesnek t\u0171n\u0151 vil\u00e1g\u00e1ban j\u00e1tsz\u00f3dik. Csatlakozz Emilyhez \u00e9s bar\u00e1ti csapat\u00e1hoz, hogy megments\u00e9k hangulatos v\u00e1rosukat a lakosok sz\u00edv\u00e9ben lakoz\u00f3 d\u00e9moni l\u00e9nyekt\u0151l!  Global Steam Digit\u00e1lis kulcs\" \/>\n<meta property=\"og:url\" content=\"https:\/\/prismagamers.com\/hu\/produkt\/bloomtown-egy-masik-tortenet\/\" \/>\n<meta property=\"og:site_name\" content=\"Prismagamers.com\" \/>\n<meta property=\"article:publisher\" content=\"https:\/\/www.facebook.com\/prismagamers\" \/>\n<meta property=\"article:modified_time\" content=\"2026-03-04T23:00:53+00:00\" \/>\n<meta property=\"og:image\" content=\"https:\/\/prismagamers.com\/wp-content\/uploads\/2024\/09\/library_600x900_2x-4-e1727260231922.jpg\" \/>\n\t<meta property=\"og:image:width\" content=\"300\" \/>\n\t<meta property=\"og:image:height\" content=\"450\" \/>\n\t<meta property=\"og:image:type\" content=\"image\/jpeg\" \/>\n<meta name=\"twitter:card\" content=\"summary_large_image\" \/>\n<meta name=\"twitter:label1\" content=\"Becs\u00fclt olvas\u00e1si id\u0151\" \/>\n\t<meta name=\"twitter:data1\" content=\"1 perc\" \/>\n<script type=\"application\/ld+json\" class=\"yoast-schema-graph\">{\"@context\":\"https:\\\/\\\/schema.org\",\"@graph\":[{\"@type\":\"WebPage\",\"@id\":\"https:\\\/\\\/prismagamers.com\\\/hu\\\/produkt\\\/bloomtown-egy-masik-tortenet\\\/\",\"url\":\"https:\\\/\\\/prismagamers.com\\\/hu\\\/produkt\\\/bloomtown-egy-masik-tortenet\\\/\",\"name\":\"Bloomtown: Egy m\u00e1sik t\u00f6rt\u00e9net - Prismagamers.com\",\"isPartOf\":{\"@id\":\"https:\\\/\\\/prismagamers.com\\\/hu\\\/#website\"},\"primaryImageOfPage\":{\"@id\":\"https:\\\/\\\/prismagamers.com\\\/hu\\\/produkt\\\/bloomtown-egy-masik-tortenet\\\/#primaryimage\"},\"image\":{\"@id\":\"https:\\\/\\\/prismagamers.com\\\/hu\\\/produkt\\\/bloomtown-egy-masik-tortenet\\\/#primaryimage\"},\"thumbnailUrl\":\"https:\\\/\\\/prismagamers.com\\\/wp-content\\\/uploads\\\/2024\\\/09\\\/library_600x900_2x-4-e1727260231922.jpg\",\"datePublished\":\"2024-09-25T10:31:34+00:00\",\"dateModified\":\"2026-03-04T23:00:53+00:00\",\"description\":\"A Bloomtown: A Different Story egy narrat\u00edv JRPG, amely a fordul\u00f3alap\u00fa harcot, a sz\u00f6rnyszel\u00edd\u00edt\u00e9st \u00e9s a k\u00f6z\u00f6ss\u00e9gi RPG elemeket \u00f6tv\u00f6zi, \u00e9s az 1960-as \u00e9vek Amerik\u00e1j\u00e1nak kellemesnek t\u0171n\u0151 vil\u00e1g\u00e1ban j\u00e1tsz\u00f3dik. Csatlakozz Emilyhez \u00e9s bar\u00e1ti csapat\u00e1hoz, hogy megments\u00e9k hangulatos v\u00e1rosukat a lakosok sz\u00edv\u00e9ben lakoz\u00f3 d\u00e9moni l\u00e9nyekt\u0151l! Global Steam Digit\u00e1lis kulcs\",\"breadcrumb\":{\"@id\":\"https:\\\/\\\/prismagamers.com\\\/hu\\\/produkt\\\/bloomtown-egy-masik-tortenet\\\/#breadcrumb\"},\"inLanguage\":\"hu\",\"potentialAction\":[{\"@type\":\"ReadAction\",\"target\":[\"https:\\\/\\\/prismagamers.com\\\/hu\\\/produkt\\\/bloomtown-egy-masik-tortenet\\\/\"]}]},{\"@type\":\"ImageObject\",\"inLanguage\":\"hu\",\"@id\":\"https:\\\/\\\/prismagamers.com\\\/hu\\\/produkt\\\/bloomtown-egy-masik-tortenet\\\/#primaryimage\",\"url\":\"https:\\\/\\\/prismagamers.com\\\/wp-content\\\/uploads\\\/2024\\\/09\\\/library_600x900_2x-4-e1727260231922.jpg\",\"contentUrl\":\"https:\\\/\\\/prismagamers.com\\\/wp-content\\\/uploads\\\/2024\\\/09\\\/library_600x900_2x-4-e1727260231922.jpg\",\"width\":300,\"height\":450},{\"@type\":\"BreadcrumbList\",\"@id\":\"https:\\\/\\\/prismagamers.com\\\/hu\\\/produkt\\\/bloomtown-egy-masik-tortenet\\\/#breadcrumb\",\"itemListElement\":[{\"@type\":\"ListItem\",\"position\":1,\"name\":\"Strona g\u0142\u00f3wna\",\"item\":\"https:\\\/\\\/prismagamers.com\\\/hu\\\/prismagamers\\\/\"},{\"@type\":\"ListItem\",\"position\":2,\"name\":\"Shop\",\"item\":\"https:\\\/\\\/prismagamers.com\\\/hu\\\/shop\\\/\"},{\"@type\":\"ListItem\",\"position\":3,\"name\":\"Bloomtown: Egy m\u00e1sik t\u00f6rt\u00e9net\"}]},{\"@type\":\"WebSite\",\"@id\":\"https:\\\/\\\/prismagamers.com\\\/hu\\\/#website\",\"url\":\"https:\\\/\\\/prismagamers.com\\\/hu\\\/\",\"name\":\"Prismagamers\",\"description\":\"Sklep z grami PC I Sklep klucze Steam\",\"publisher\":{\"@id\":\"https:\\\/\\\/prismagamers.com\\\/hu\\\/#organization\"},\"potentialAction\":[{\"@type\":\"SearchAction\",\"target\":{\"@type\":\"EntryPoint\",\"urlTemplate\":\"https:\\\/\\\/prismagamers.com\\\/hu\\\/?s={search_term_string}\"},\"query-input\":{\"@type\":\"PropertyValueSpecification\",\"valueRequired\":true,\"valueName\":\"search_term_string\"}}],\"inLanguage\":\"hu\"},{\"@type\":\"Organization\",\"@id\":\"https:\\\/\\\/prismagamers.com\\\/hu\\\/#organization\",\"name\":\"Prismagamers\",\"url\":\"https:\\\/\\\/prismagamers.com\\\/hu\\\/\",\"logo\":{\"@type\":\"ImageObject\",\"inLanguage\":\"hu\",\"@id\":\"https:\\\/\\\/prismagamers.com\\\/hu\\\/#\\\/schema\\\/logo\\\/image\\\/\",\"url\":\"https:\\\/\\\/prismagamers.com\\\/wp-content\\\/uploads\\\/2022\\\/04\\\/cropped-logo-Prismagamers-01-scaled-1.jpg\",\"contentUrl\":\"https:\\\/\\\/prismagamers.com\\\/wp-content\\\/uploads\\\/2022\\\/04\\\/cropped-logo-Prismagamers-01-scaled-1.jpg\",\"width\":512,\"height\":512,\"caption\":\"Prismagamers\"},\"image\":{\"@id\":\"https:\\\/\\\/prismagamers.com\\\/hu\\\/#\\\/schema\\\/logo\\\/image\\\/\"},\"sameAs\":[\"https:\\\/\\\/www.facebook.com\\\/prismagamers\",\"https:\\\/\\\/www.instagram.com\\\/prismagamers_grycyfrowe\\\/\"],\"description\":\"Prismagamers.com to dynamiczny sklep z grami cyfrowymi, stworzony z my\u015bl\u0105 o entuzjastach gier wideo. Nasza strona oferuje szerok\u0105 gam\u0119 gier komputerowych, w tym najnowsze tytu\u0142y, dobrze znane klasyki oraz gry stworzone przez niezale\u017cne studia Ca\u0142y czas d\u0105\u017cymy do rozszerzenia naszej oferty. Do\u0142\u0105cz do nas i sta\u0144 si\u0119 cz\u0119\u015bci\u0105 naszej rosn\u0105cej spo\u0142eczno\u015bci graczy!\",\"email\":\"shop@prismagamers.com\",\"telephone\":\"48795541705\",\"legalName\":\"East Caravan Maksym \u017bukow\",\"foundingDate\":\"2012-05-10\",\"vatID\":\"PL8943038612\",\"taxID\":\"PL8943038612\",\"numberOfEmployees\":{\"@type\":\"QuantitativeValue\",\"minValue\":\"11\",\"maxValue\":\"50\"}}]}<\/script>\n<!-- \/ Yoast SEO Premium plugin. -->","yoast_head_json":{"title":"Bloomtown: Egy m\u00e1sik t\u00f6rt\u00e9net - Prismagamers.com","description":"A Bloomtown: A Different Story egy narrat\u00edv JRPG, amely a fordul\u00f3alap\u00fa harcot, a sz\u00f6rnyszel\u00edd\u00edt\u00e9st \u00e9s a k\u00f6z\u00f6ss\u00e9gi RPG elemeket \u00f6tv\u00f6zi, \u00e9s az 1960-as \u00e9vek Amerik\u00e1j\u00e1nak kellemesnek t\u0171n\u0151 vil\u00e1g\u00e1ban j\u00e1tsz\u00f3dik. Csatlakozz Emilyhez \u00e9s bar\u00e1ti csapat\u00e1hoz, hogy megments\u00e9k hangulatos v\u00e1rosukat a lakosok sz\u00edv\u00e9ben lakoz\u00f3 d\u00e9moni l\u00e9nyekt\u0151l!  Global Steam Digit\u00e1lis kulcs","robots":{"index":"index","follow":"follow","max-snippet":"max-snippet:-1","max-image-preview":"max-image-preview:large","max-video-preview":"max-video-preview:-1"},"canonical":"https:\/\/prismagamers.com\/hu\/produkt\/bloomtown-egy-masik-tortenet\/","og_locale":"hu_HU","og_type":"article","og_title":"Bloomtown: Egy m\u00e1sik t\u00f6rt\u00e9net","og_description":"A Bloomtown: A Different Story egy narrat\u00edv JRPG, amely a fordul\u00f3alap\u00fa harcot, a sz\u00f6rnyszel\u00edd\u00edt\u00e9st \u00e9s a k\u00f6z\u00f6ss\u00e9gi RPG elemeket \u00f6tv\u00f6zi, \u00e9s az 1960-as \u00e9vek Amerik\u00e1j\u00e1nak kellemesnek t\u0171n\u0151 vil\u00e1g\u00e1ban j\u00e1tsz\u00f3dik. Csatlakozz Emilyhez \u00e9s bar\u00e1ti csapat\u00e1hoz, hogy megments\u00e9k hangulatos v\u00e1rosukat a lakosok sz\u00edv\u00e9ben lakoz\u00f3 d\u00e9moni l\u00e9nyekt\u0151l!  Global Steam Digit\u00e1lis kulcs","og_url":"https:\/\/prismagamers.com\/hu\/produkt\/bloomtown-egy-masik-tortenet\/","og_site_name":"Prismagamers.com","article_publisher":"https:\/\/www.facebook.com\/prismagamers","article_modified_time":"2026-03-04T23:00:53+00:00","og_image":[{"width":300,"height":450,"url":"https:\/\/prismagamers.com\/wp-content\/uploads\/2024\/09\/library_600x900_2x-4-e1727260231922.jpg","type":"image\/jpeg"}],"twitter_card":"summary_large_image","twitter_misc":{"Becs\u00fclt olvas\u00e1si id\u0151":"1 perc"},"schema":{"@context":"https:\/\/schema.org","@graph":[{"@type":"WebPage","@id":"https:\/\/prismagamers.com\/hu\/produkt\/bloomtown-egy-masik-tortenet\/","url":"https:\/\/prismagamers.com\/hu\/produkt\/bloomtown-egy-masik-tortenet\/","name":"Bloomtown: Egy m\u00e1sik t\u00f6rt\u00e9net - Prismagamers.com","isPartOf":{"@id":"https:\/\/prismagamers.com\/hu\/#website"},"primaryImageOfPage":{"@id":"https:\/\/prismagamers.com\/hu\/produkt\/bloomtown-egy-masik-tortenet\/#primaryimage"},"image":{"@id":"https:\/\/prismagamers.com\/hu\/produkt\/bloomtown-egy-masik-tortenet\/#primaryimage"},"thumbnailUrl":"https:\/\/prismagamers.com\/wp-content\/uploads\/2024\/09\/library_600x900_2x-4-e1727260231922.jpg","datePublished":"2024-09-25T10:31:34+00:00","dateModified":"2026-03-04T23:00:53+00:00","description":"A Bloomtown: A Different Story egy narrat\u00edv JRPG, amely a fordul\u00f3alap\u00fa harcot, a sz\u00f6rnyszel\u00edd\u00edt\u00e9st \u00e9s a k\u00f6z\u00f6ss\u00e9gi RPG elemeket \u00f6tv\u00f6zi, \u00e9s az 1960-as \u00e9vek Amerik\u00e1j\u00e1nak kellemesnek t\u0171n\u0151 vil\u00e1g\u00e1ban j\u00e1tsz\u00f3dik. Csatlakozz Emilyhez \u00e9s bar\u00e1ti csapat\u00e1hoz, hogy megments\u00e9k hangulatos v\u00e1rosukat a lakosok sz\u00edv\u00e9ben lakoz\u00f3 d\u00e9moni l\u00e9nyekt\u0151l! Global Steam Digit\u00e1lis kulcs","breadcrumb":{"@id":"https:\/\/prismagamers.com\/hu\/produkt\/bloomtown-egy-masik-tortenet\/#breadcrumb"},"inLanguage":"hu","potentialAction":[{"@type":"ReadAction","target":["https:\/\/prismagamers.com\/hu\/produkt\/bloomtown-egy-masik-tortenet\/"]}]},{"@type":"ImageObject","inLanguage":"hu","@id":"https:\/\/prismagamers.com\/hu\/produkt\/bloomtown-egy-masik-tortenet\/#primaryimage","url":"https:\/\/prismagamers.com\/wp-content\/uploads\/2024\/09\/library_600x900_2x-4-e1727260231922.jpg","contentUrl":"https:\/\/prismagamers.com\/wp-content\/uploads\/2024\/09\/library_600x900_2x-4-e1727260231922.jpg","width":300,"height":450},{"@type":"BreadcrumbList","@id":"https:\/\/prismagamers.com\/hu\/produkt\/bloomtown-egy-masik-tortenet\/#breadcrumb","itemListElement":[{"@type":"ListItem","position":1,"name":"Strona g\u0142\u00f3wna","item":"https:\/\/prismagamers.com\/hu\/prismagamers\/"},{"@type":"ListItem","position":2,"name":"Shop","item":"https:\/\/prismagamers.com\/hu\/shop\/"},{"@type":"ListItem","position":3,"name":"Bloomtown: Egy m\u00e1sik t\u00f6rt\u00e9net"}]},{"@type":"WebSite","@id":"https:\/\/prismagamers.com\/hu\/#website","url":"https:\/\/prismagamers.com\/hu\/","name":"Prismagamers","description":"Sklep z grami PC I Sklep klucze Steam","publisher":{"@id":"https:\/\/prismagamers.com\/hu\/#organization"},"potentialAction":[{"@type":"SearchAction","target":{"@type":"EntryPoint","urlTemplate":"https:\/\/prismagamers.com\/hu\/?s={search_term_string}"},"query-input":{"@type":"PropertyValueSpecification","valueRequired":true,"valueName":"search_term_string"}}],"inLanguage":"hu"},{"@type":"Organization","@id":"https:\/\/prismagamers.com\/hu\/#organization","name":"Prismagamers","url":"https:\/\/prismagamers.com\/hu\/","logo":{"@type":"ImageObject","inLanguage":"hu","@id":"https:\/\/prismagamers.com\/hu\/#\/schema\/logo\/image\/","url":"https:\/\/prismagamers.com\/wp-content\/uploads\/2022\/04\/cropped-logo-Prismagamers-01-scaled-1.jpg","contentUrl":"https:\/\/prismagamers.com\/wp-content\/uploads\/2022\/04\/cropped-logo-Prismagamers-01-scaled-1.jpg","width":512,"height":512,"caption":"Prismagamers"},"image":{"@id":"https:\/\/prismagamers.com\/hu\/#\/schema\/logo\/image\/"},"sameAs":["https:\/\/www.facebook.com\/prismagamers","https:\/\/www.instagram.com\/prismagamers_grycyfrowe\/"],"description":"Prismagamers.com to dynamiczny sklep z grami cyfrowymi, stworzony z my\u015bl\u0105 o entuzjastach gier wideo. Nasza strona oferuje szerok\u0105 gam\u0119 gier komputerowych, w tym najnowsze tytu\u0142y, dobrze znane klasyki oraz gry stworzone przez niezale\u017cne studia Ca\u0142y czas d\u0105\u017cymy do rozszerzenia naszej oferty. Do\u0142\u0105cz do nas i sta\u0144 si\u0119 cz\u0119\u015bci\u0105 naszej rosn\u0105cej spo\u0142eczno\u015bci graczy!","email":"shop@prismagamers.com","telephone":"48795541705","legalName":"East Caravan Maksym \u017bukow","foundingDate":"2012-05-10","vatID":"PL8943038612","taxID":"PL8943038612","numberOfEmployees":{"@type":"QuantitativeValue","minValue":"11","maxValue":"50"}}]}},"_links":{"self":[{"href":"https:\/\/prismagamers.com\/hu\/wp-json\/wp\/v2\/product\/35088","targetHints":{"allow":["GET"]}}],"collection":[{"href":"https:\/\/prismagamers.com\/hu\/wp-json\/wp\/v2\/product"}],"about":[{"href":"https:\/\/prismagamers.com\/hu\/wp-json\/wp\/v2\/types\/product"}],"wp:featuredmedia":[{"embeddable":true,"href":"https:\/\/prismagamers.com\/hu\/wp-json\/wp\/v2\/media\/32797"}],"wp:attachment":[{"href":"https:\/\/prismagamers.com\/hu\/wp-json\/wp\/v2\/media?parent=35088"}],"wp:term":[{"taxonomy":"product_brand","embeddable":true,"href":"https:\/\/prismagamers.com\/hu\/wp-json\/wp\/v2\/product_brand?post=35088"},{"taxonomy":"product_cat","embeddable":true,"href":"https:\/\/prismagamers.com\/hu\/wp-json\/wp\/v2\/product_cat?post=35088"},{"taxonomy":"product_tag","embeddable":true,"href":"https:\/\/prismagamers.com\/hu\/wp-json\/wp\/v2\/product_tag?post=35088"}],"curies":[{"name":"wp","href":"https:\/\/api.w.org\/{rel}","templated":true}]}}