{"id":35089,"date":"2024-12-07T00:42:32","date_gmt":"2024-12-06T23:42:32","guid":{"rendered":"https:\/\/prismagamers.com\/produkt\/gloomhaven\/"},"modified":"2026-03-04T01:23:43","modified_gmt":"2026-03-04T00:23:43","slug":"gloomhaven","status":"publish","type":"product","link":"https:\/\/prismagamers.com\/hu\/produkt\/gloomhaven\/","title":{"rendered":"Gloomhaven"},"content":{"rendered":"<p><img decoding=\"async\" class=\"bb_img aligncenter\" src=\"https:\/\/shared.fastly.steamstatic.com\/store_item_assets\/steam\/apps\/780290\/extras\/GLH_pageSteam_01PL.gif?t=1726472357\"><\/p>\n<p>Ak\u00e1r a kalandv\u00e1gy, ak\u00e1r a s\u00f6t\u00e9ts\u00e9gben csillog\u00f3 arany ut\u00e1ni v\u00e1gy vonz Gloomhavenbe, ugyanaz az elker\u00fclhetetlen sors v\u00e1r r\u00e1d&#8230;.<\/p>\n<p><strong>Vezess egy zsoldosokb\u00f3l \u00e1ll\u00f3 csapatot egy k\u00edm\u00e9letlen vid\u00e9ken, ahol minden d\u00f6nt\u00e9sednek \u00f3ri\u00e1si jelent\u0151s\u00e9ge van.<\/strong>  Utazz \u00e1t f\u00e9lelmetes v\u00e1rb\u00f6rt\u00f6n\u00f6k\u00f6n, s\u00f6t\u00e9t erd\u0151k\u00f6n \u00e9s titokzatos barlangokon, tele f\u00e9lelmetes sz\u00f6rnyekkel, hogy jutalmakat szerezz&#8230; vagy szenvedj hal\u00e1lt \u00fatk\u00f6zben.<\/p>\n<p>Szolg\u00e1ltat\u00e1sokat ny\u00fajt azoknak, akik fizetni tudnak &#8211; legyenek azok v\u00e1rosi hat\u00f3s\u00e1gok vagy bukott kultist\u00e1k. Az eredm\u00e9nyek\u00e9rt fizetnek aranyban, nem a k\u00e9rdez\u0151sk\u00f6d\u00e9s\u00e9rt. Hol h\u00fazod meg a hat\u00e1rt?  <\/p>\n<p><img decoding=\"async\" class=\"bb_img aligncenter\" src=\"https:\/\/shared.fastly.steamstatic.com\/store_item_assets\/steam\/apps\/780290\/extras\/GLH_pageSteam_02PL.gif?t=1726472357\"><\/p>\n<p><strong>A Gloomhaven<\/strong> egy taktikai RPG \u00e9s az Isaac Childres \u00e1ltal tervezett ikonikus strat\u00e9giai csataj\u00e1t\u00e9k digit\u00e1lis adapt\u00e1ci\u00f3ja (minden id\u0151k legmagasabbra \u00e9rt\u00e9kelt j\u00e1t\u00e9ka a <strong>BoardGameGeek<\/strong> oldal\u00e1n). A j\u00e1t\u00e9k egy egyedi, s\u00f6t\u00e9t fant\u00e1ziavil\u00e1gban j\u00e1tsz\u00f3dik, amely a strat\u00e9giai gondolkod\u00e1st \u00e9s a probl\u00e9mamegold\u00f3 k\u00e9pess\u00e9get jutalmazza. N\u00e9zz szembe a s\u00f6t\u00e9t vil\u00e1ggal egyed\u00fcl vagy online kooperat\u00edv m\u00f3dban ak\u00e1r 4 j\u00e1t\u00e9kos sz\u00e1m\u00e1ra!  <\/p>\n<p>Fedezd fel a vil\u00e1got egy 2-4 zsoldosb\u00f3l \u00e1ll\u00f3 csapattal, ahol a 17 egyedi karakter mindegyike saj\u00e1t k\u00e9pess\u00e9gekkel \u00e9s t\u00f6bb mint 1000 elsaj\u00e1t\u00edtand\u00f3 k\u00e9szs\u00e9ggel rendelkezik! Miel\u0151tt elindulsz Gloomhaven s\u00f6t\u00e9t barlangjaiba \u00e9s vesz\u00e9lyes erdeibe, el kell k\u00e9sz\u00edtened egy pakli k\u00e9pess\u00e9gk\u00e1rty\u00e1t. <\/p>\n<p>Taktikus, fordul\u00f3alap\u00fa p\u00e1rbajok v\u00e1rnak az alvil\u00e1gban, ahol minden fordul\u00f3ban k\u00e9t k\u00e1rty\u00e1t v\u00e1laszthatsz zsoldosonk\u00e9nt. Az egyik k\u00e1rty\u00e1nak csak a fels\u0151, a m\u00e1siknak csak az als\u00f3 fele haszn\u00e1lhat\u00f3, \u00edgy minden v\u00e1laszt\u00e1snak \u00f3ri\u00e1si jelent\u0151s\u00e9ge van! <\/p>\n<p>Mozgasd zsoldosaidat a terep mez\u0151in, hogy kihaszn\u00e1ld a k\u00f6rnyezet elemeit \u00e9s f\u00f6l\u00e9nybe ker\u00fclj. Tervezz hal\u00e1los komb\u00f3kat \u00e9s haszn\u00e1lj er\u0151s er\u0151ket, de ne feledd, hogy minden er\u0151nek \u00e1ra van. A k\u00e1rty\u00e1k ugyanolyan \u00e9rt\u00e9kes er\u0151forr\u00e1s, mint az \u00e9letpontok, ez\u00e9rt ne feledkezz meg a f\u00e1radts\u00e1gr\u00f3l sem. Minden d\u00f6nt\u00e9s \u00e9letet vagy hal\u00e1lt jelenthet.   <\/p>\n<p><img decoding=\"async\" class=\"bb_img aligncenter\" src=\"https:\/\/shared.fastly.steamstatic.com\/store_item_assets\/steam\/apps\/780290\/extras\/GLH_pageSteam_04PL.gif?t=1726472357\"><\/p>\n<p>Az eredeti t\u00e1rsasj\u00e1t\u00e9kb\u00f3l \u00e1tvett Gloomhaven kamp\u00e1ny egy t\u00f6bbr\u00e9teg\u0171 kaland, amely 95 k\u00fcldet\u00e9sb\u0151l \u00e1ll, ahol a kapzsis\u00e1g \u00e9s az erk\u00f6lcs tal\u00e1lkozik. Hatalmas er\u0151k harcolnak Gloomhaven v\u00e1rosa feletti uralom\u00e9rt, m\u00edg m\u00e1sok \u0151si kript\u00e1k \u00e9s elfeledett leletek ut\u00e1n kutatnak. Mindig a helyiek oldal\u00e1ra \u00e1llhatsz, b\u00e1r a fizet\u00e9s\u00fck csek\u00e9ly&#8230;.  <\/p>\n<p>B\u00e1rmelyik utat is v\u00e1lasztja, mindegyik neh\u00e9z d\u00f6nt\u00e9sekkel lesz tele, amelyek befoly\u00e1solni fogj\u00e1k az esem\u00e9nyek tov\u00e1bbi menet\u00e9t.<\/p>\n<p><img decoding=\"async\" class=\"bb_img aligncenter\" src=\"https:\/\/shared.fastly.steamstatic.com\/store_item_assets\/steam\/apps\/780290\/extras\/GLH_pageSteam_05PL.gif?t=1726472357\"><\/p>\n<p>A korai hozz\u00e1f\u00e9r\u00e9s sor\u00e1n a k\u00f6z\u00f6ss\u00e9ggel egy\u00fcttm\u0171k\u00f6dve fejlesztett c\u00e9hmester kalandja t\u00f6bb mint 160 egyedi digit\u00e1lis k\u00fcldet\u00e9st k\u00edn\u00e1l. \u00daj t\u00f6rt\u00e9netekkel, k\u00fcldet\u00e9sekkel, t\u00e9rk\u00e9pekkel \u00e9s NPC-kkel m\u00e9g jobban felfedezheted Gloomhaven vil\u00e1g\u00e1t. <\/p>\n<p>Vezesd a c\u00e9h zsoldosait egy olyan ter\u00fcleten, amelyet elk\u00e9pzelhetetlen r\u00e9m\u00e1lmok lepnek el, sokkal vesz\u00e9lyesebbek, mint a k\u00f6z\u00f6ns\u00e9ges bandit\u00e1k.<\/p>\n<p>V\u00e1lassza ki a zsoldosok legjobb kombin\u00e1ci\u00f3j\u00e1t az egyes \u00f6sszecsap\u00e1sokhoz, \u00e9s fedezze fel beosztottjai t\u00f6rt\u00e9net\u00e9t egy \u00faj, vesz\u00e9lyekkel teli orsz\u00e1gban.<\/p>\n","protected":false},"excerpt":{"rendered":"<p class=\"ai-optimize-21\">Vezess egy csapat zsoldost Gloomhaven s\u00f6t\u00e9t f\u00f6ldj\u00e9n. Csatlakozz a vil\u00e1g legs\u00f6t\u00e9tebb zugaib\u00f3l sz\u00e1rmaz\u00f3 egy\u00e9nekhez, befoly\u00e1sold egy eg\u00e9sz r\u00e9gi\u00f3 sors\u00e1t, \u00e9s n\u00e9zz szembe vesz\u00e9lyes kih\u00edv\u00e1sokkal f\u00e9lelmetes helysz\u00edneken. Szerezz gazdags\u00e1got, vagy szenvedj a hal\u00e1lt pr\u00f3b\u00e1lva, ebben a k\u00f6ny\u00f6rtelen, taktikai RPG-ben.  <\/p>\n<p class=\"ai-optimize-22\"><img decoding=\"async\" class=\"emoji\" role=\"img\" src=\"https:\/\/s.w.org\/images\/core\/emoji\/14.0.0\/svg\/1f30d.svg\" alt=\"\ud83c\udf0d\">  Global<br \/>\n<img decoding=\"async\" class=\"emoji\" role=\"img\" src=\"https:\/\/s.w.org\/images\/core\/emoji\/14.0.0\/svg\/2699.svg\" alt=\"\u2699\ufe0f\"> Steam<br \/>\n<img decoding=\"async\" class=\"emoji\" role=\"img\" src=\"https:\/\/s.w.org\/images\/core\/emoji\/14.0.0\/svg\/1f5dd.svg\" alt=\"\ud83d\udddd\"> Digit\u00e1lis kulcs<\/p>\n","protected":false},"featured_media":33248,"template":"","meta":{"_acf_changed":false,"site-sidebar-layout":"default","site-content-layout":"","ast-site-content-layout":"default","site-content-style":"default","site-sidebar-style":"default","ast-global-header-display":"","ast-banner-title-visibility":"","ast-main-header-display":"","ast-hfb-above-header-display":"","ast-hfb-below-header-display":"","ast-hfb-mobile-header-display":"","site-post-title":"","ast-breadcrumbs-content":"","ast-featured-img":"","footer-sml-layout":"","ast-disable-related-posts":"","theme-transparent-header-meta":"default","adv-header-id-meta":"","stick-header-meta":"","header-above-stick-meta":"","header-main-stick-meta":"","header-below-stick-meta":"","astra-migrate-meta-layouts":"default","ast-page-background-enabled":"default","ast-page-background-meta":{"desktop":{"background-color":"var(--ast-global-color-4)","background-image":"","background-repeat":"repeat","background-position":"center center","background-size":"auto","background-attachment":"scroll","background-type":"","background-media":"","overlay-type":"","overlay-color":"","overlay-opacity":"","overlay-gradient":""},"tablet":{"background-color":"","background-image":"","background-repeat":"repeat","background-position":"center center","background-size":"auto","background-attachment":"scroll","background-type":"","background-media":"","overlay-type":"","overlay-color":"","overlay-opacity":"","overlay-gradient":""},"mobile":{"background-color":"","background-image":"","background-repeat":"repeat","background-position":"center center","background-size":"auto","background-attachment":"scroll","background-type":"","background-media":"","overlay-type":"","overlay-color":"","overlay-opacity":"","overlay-gradient":""}},"ast-content-background-meta":{"desktop":{"background-color":"var(--ast-global-color-5)","background-image":"","background-repeat":"repeat","background-position":"center center","background-size":"auto","background-attachment":"scroll","background-type":"","background-media":"","overlay-type":"","overlay-color":"","overlay-opacity":"","overlay-gradient":""},"tablet":{"background-color":"var(--ast-global-color-5)","background-image":"","background-repeat":"repeat","background-position":"center center","background-size":"auto","background-attachment":"scroll","background-type":"","background-media":"","overlay-type":"","overlay-color":"","overlay-opacity":"","overlay-gradient":""},"mobile":{"background-color":"var(--ast-global-color-5)","background-image":"","background-repeat":"repeat","background-position":"center center","background-size":"auto","background-attachment":"scroll","background-type":"","background-media":"","overlay-type":"","overlay-color":"","overlay-opacity":"","overlay-gradient":""}}},"product_brand":[],"product_cat":[369,365,367,386,397],"product_tag":[],"class_list":{"0":"post-35089","1":"product","2":"type-product","3":"status-publish","4":"has-post-thumbnail","6":"product_cat-csarnokok","7":"product_cat-goz","8":"product_cat-pc-jatekok","9":"product_cat-strategiai-jatekok","10":"product_cat-twin-sails-interaktiv","11":"desktop-align-left","12":"tablet-align-left","13":"mobile-align-left","15":"first","16":"instock","17":"virtual","18":"purchasable","19":"product-type-simple"},"acf":[],"yoast_head":"<!-- This site is optimized with the Yoast SEO Premium plugin v27.5 (Yoast SEO v27.5) - https:\/\/yoast.com\/product\/yoast-seo-premium-wordpress\/ -->\n<title>Gloomhaven - Prismagamers.com<\/title>\n<meta name=\"description\" content=\"Vezess egy csapat zsoldost Gloomhaven s\u00f6t\u00e9t f\u00f6ldj\u00e9n. Csatlakozz a vil\u00e1g legs\u00f6t\u00e9tebb zugaib\u00f3l sz\u00e1rmaz\u00f3 egy\u00e9nekhez, befoly\u00e1sold egy eg\u00e9sz r\u00e9gi\u00f3 sors\u00e1t, \u00e9s n\u00e9zz szembe vesz\u00e9lyes kih\u00edv\u00e1sokkal f\u00e9lelmetes helysz\u00edneken. Szerezz gazdags\u00e1got, vagy szenvedj a hal\u00e1lt pr\u00f3b\u00e1lva, ebben a k\u00f6ny\u00f6rtelen, taktikai RPG-ben.   Global Steam Digit\u00e1lis kulcs\" \/>\n<meta name=\"robots\" content=\"index, follow, max-snippet:-1, max-image-preview:large, max-video-preview:-1\" \/>\n<link rel=\"canonical\" href=\"https:\/\/prismagamers.com\/hu\/produkt\/gloomhaven\/\" \/>\n<meta property=\"og:locale\" content=\"hu_HU\" \/>\n<meta property=\"og:type\" content=\"article\" \/>\n<meta property=\"og:title\" content=\"Gloomhaven\" \/>\n<meta property=\"og:description\" content=\"Vezess egy csapat zsoldost Gloomhaven s\u00f6t\u00e9t f\u00f6ldj\u00e9n. Csatlakozz a vil\u00e1g legs\u00f6t\u00e9tebb zugaib\u00f3l sz\u00e1rmaz\u00f3 egy\u00e9nekhez, befoly\u00e1sold egy eg\u00e9sz r\u00e9gi\u00f3 sors\u00e1t, \u00e9s n\u00e9zz szembe vesz\u00e9lyes kih\u00edv\u00e1sokkal f\u00e9lelmetes helysz\u00edneken. Szerezz gazdags\u00e1got, vagy szenvedj a hal\u00e1lt pr\u00f3b\u00e1lva, ebben a k\u00f6ny\u00f6rtelen, taktikai RPG-ben.   Global Steam Digit\u00e1lis kulcs\" \/>\n<meta property=\"og:url\" content=\"https:\/\/prismagamers.com\/hu\/produkt\/gloomhaven\/\" \/>\n<meta property=\"og:site_name\" content=\"Prismagamers.com\" \/>\n<meta property=\"article:publisher\" content=\"https:\/\/www.facebook.com\/prismagamers\" \/>\n<meta property=\"article:modified_time\" content=\"2026-03-04T00:23:43+00:00\" \/>\n<meta property=\"og:image\" content=\"https:\/\/prismagamers.com\/wp-content\/uploads\/2024\/12\/capsule-verticale-600x900-1-e1733528473477.jpg\" \/>\n\t<meta property=\"og:image:width\" content=\"300\" \/>\n\t<meta property=\"og:image:height\" content=\"450\" \/>\n\t<meta property=\"og:image:type\" content=\"image\/jpeg\" \/>\n<meta name=\"twitter:card\" content=\"summary_large_image\" \/>\n<meta name=\"twitter:label1\" content=\"Becs\u00fclt olvas\u00e1si id\u0151\" \/>\n\t<meta name=\"twitter:data1\" content=\"3 perc\" \/>\n<script type=\"application\/ld+json\" class=\"yoast-schema-graph\">{\"@context\":\"https:\\\/\\\/schema.org\",\"@graph\":[{\"@type\":\"WebPage\",\"@id\":\"https:\\\/\\\/prismagamers.com\\\/hu\\\/produkt\\\/gloomhaven\\\/\",\"url\":\"https:\\\/\\\/prismagamers.com\\\/hu\\\/produkt\\\/gloomhaven\\\/\",\"name\":\"Gloomhaven - Prismagamers.com\",\"isPartOf\":{\"@id\":\"https:\\\/\\\/prismagamers.com\\\/hu\\\/#website\"},\"primaryImageOfPage\":{\"@id\":\"https:\\\/\\\/prismagamers.com\\\/hu\\\/produkt\\\/gloomhaven\\\/#primaryimage\"},\"image\":{\"@id\":\"https:\\\/\\\/prismagamers.com\\\/hu\\\/produkt\\\/gloomhaven\\\/#primaryimage\"},\"thumbnailUrl\":\"https:\\\/\\\/prismagamers.com\\\/wp-content\\\/uploads\\\/2024\\\/12\\\/capsule-verticale-600x900-1-e1733528473477.jpg\",\"datePublished\":\"2024-12-06T23:42:32+00:00\",\"dateModified\":\"2026-03-04T00:23:43+00:00\",\"description\":\"Vezess egy csapat zsoldost Gloomhaven s\u00f6t\u00e9t f\u00f6ldj\u00e9n. Csatlakozz a vil\u00e1g legs\u00f6t\u00e9tebb zugaib\u00f3l sz\u00e1rmaz\u00f3 egy\u00e9nekhez, befoly\u00e1sold egy eg\u00e9sz r\u00e9gi\u00f3 sors\u00e1t, \u00e9s n\u00e9zz szembe vesz\u00e9lyes kih\u00edv\u00e1sokkal f\u00e9lelmetes helysz\u00edneken. Szerezz gazdags\u00e1got, vagy szenvedj a hal\u00e1lt pr\u00f3b\u00e1lva, ebben a k\u00f6ny\u00f6rtelen, taktikai RPG-ben. Global Steam Digit\u00e1lis kulcs\",\"breadcrumb\":{\"@id\":\"https:\\\/\\\/prismagamers.com\\\/hu\\\/produkt\\\/gloomhaven\\\/#breadcrumb\"},\"inLanguage\":\"hu\",\"potentialAction\":[{\"@type\":\"ReadAction\",\"target\":[\"https:\\\/\\\/prismagamers.com\\\/hu\\\/produkt\\\/gloomhaven\\\/\"]}]},{\"@type\":\"ImageObject\",\"inLanguage\":\"hu\",\"@id\":\"https:\\\/\\\/prismagamers.com\\\/hu\\\/produkt\\\/gloomhaven\\\/#primaryimage\",\"url\":\"https:\\\/\\\/prismagamers.com\\\/wp-content\\\/uploads\\\/2024\\\/12\\\/capsule-verticale-600x900-1-e1733528473477.jpg\",\"contentUrl\":\"https:\\\/\\\/prismagamers.com\\\/wp-content\\\/uploads\\\/2024\\\/12\\\/capsule-verticale-600x900-1-e1733528473477.jpg\",\"width\":300,\"height\":450},{\"@type\":\"BreadcrumbList\",\"@id\":\"https:\\\/\\\/prismagamers.com\\\/hu\\\/produkt\\\/gloomhaven\\\/#breadcrumb\",\"itemListElement\":[{\"@type\":\"ListItem\",\"position\":1,\"name\":\"Strona g\u0142\u00f3wna\",\"item\":\"https:\\\/\\\/prismagamers.com\\\/hu\\\/prismagamers\\\/\"},{\"@type\":\"ListItem\",\"position\":2,\"name\":\"Shop\",\"item\":\"https:\\\/\\\/prismagamers.com\\\/hu\\\/shop\\\/\"},{\"@type\":\"ListItem\",\"position\":3,\"name\":\"Gloomhaven\"}]},{\"@type\":\"WebSite\",\"@id\":\"https:\\\/\\\/prismagamers.com\\\/hu\\\/#website\",\"url\":\"https:\\\/\\\/prismagamers.com\\\/hu\\\/\",\"name\":\"Prismagamers\",\"description\":\"Sklep z grami PC I Sklep klucze Steam\",\"publisher\":{\"@id\":\"https:\\\/\\\/prismagamers.com\\\/hu\\\/#organization\"},\"potentialAction\":[{\"@type\":\"SearchAction\",\"target\":{\"@type\":\"EntryPoint\",\"urlTemplate\":\"https:\\\/\\\/prismagamers.com\\\/hu\\\/?s={search_term_string}\"},\"query-input\":{\"@type\":\"PropertyValueSpecification\",\"valueRequired\":true,\"valueName\":\"search_term_string\"}}],\"inLanguage\":\"hu\"},{\"@type\":\"Organization\",\"@id\":\"https:\\\/\\\/prismagamers.com\\\/hu\\\/#organization\",\"name\":\"Prismagamers\",\"url\":\"https:\\\/\\\/prismagamers.com\\\/hu\\\/\",\"logo\":{\"@type\":\"ImageObject\",\"inLanguage\":\"hu\",\"@id\":\"https:\\\/\\\/prismagamers.com\\\/hu\\\/#\\\/schema\\\/logo\\\/image\\\/\",\"url\":\"https:\\\/\\\/prismagamers.com\\\/wp-content\\\/uploads\\\/2022\\\/04\\\/cropped-logo-Prismagamers-01-scaled-1.jpg\",\"contentUrl\":\"https:\\\/\\\/prismagamers.com\\\/wp-content\\\/uploads\\\/2022\\\/04\\\/cropped-logo-Prismagamers-01-scaled-1.jpg\",\"width\":512,\"height\":512,\"caption\":\"Prismagamers\"},\"image\":{\"@id\":\"https:\\\/\\\/prismagamers.com\\\/hu\\\/#\\\/schema\\\/logo\\\/image\\\/\"},\"sameAs\":[\"https:\\\/\\\/www.facebook.com\\\/prismagamers\",\"https:\\\/\\\/www.instagram.com\\\/prismagamers_grycyfrowe\\\/\"],\"description\":\"Prismagamers.com to dynamiczny sklep z grami cyfrowymi, stworzony z my\u015bl\u0105 o entuzjastach gier wideo. Nasza strona oferuje szerok\u0105 gam\u0119 gier komputerowych, w tym najnowsze tytu\u0142y, dobrze znane klasyki oraz gry stworzone przez niezale\u017cne studia Ca\u0142y czas d\u0105\u017cymy do rozszerzenia naszej oferty. Do\u0142\u0105cz do nas i sta\u0144 si\u0119 cz\u0119\u015bci\u0105 naszej rosn\u0105cej spo\u0142eczno\u015bci graczy!\",\"email\":\"shop@prismagamers.com\",\"telephone\":\"48795541705\",\"legalName\":\"East Caravan Maksym \u017bukow\",\"foundingDate\":\"2012-05-10\",\"vatID\":\"PL8943038612\",\"taxID\":\"PL8943038612\",\"numberOfEmployees\":{\"@type\":\"QuantitativeValue\",\"minValue\":\"11\",\"maxValue\":\"50\"}}]}<\/script>\n<!-- \/ Yoast SEO Premium plugin. -->","yoast_head_json":{"title":"Gloomhaven - Prismagamers.com","description":"Vezess egy csapat zsoldost Gloomhaven s\u00f6t\u00e9t f\u00f6ldj\u00e9n. Csatlakozz a vil\u00e1g legs\u00f6t\u00e9tebb zugaib\u00f3l sz\u00e1rmaz\u00f3 egy\u00e9nekhez, befoly\u00e1sold egy eg\u00e9sz r\u00e9gi\u00f3 sors\u00e1t, \u00e9s n\u00e9zz szembe vesz\u00e9lyes kih\u00edv\u00e1sokkal f\u00e9lelmetes helysz\u00edneken. Szerezz gazdags\u00e1got, vagy szenvedj a hal\u00e1lt pr\u00f3b\u00e1lva, ebben a k\u00f6ny\u00f6rtelen, taktikai RPG-ben.   Global Steam Digit\u00e1lis kulcs","robots":{"index":"index","follow":"follow","max-snippet":"max-snippet:-1","max-image-preview":"max-image-preview:large","max-video-preview":"max-video-preview:-1"},"canonical":"https:\/\/prismagamers.com\/hu\/produkt\/gloomhaven\/","og_locale":"hu_HU","og_type":"article","og_title":"Gloomhaven","og_description":"Vezess egy csapat zsoldost Gloomhaven s\u00f6t\u00e9t f\u00f6ldj\u00e9n. Csatlakozz a vil\u00e1g legs\u00f6t\u00e9tebb zugaib\u00f3l sz\u00e1rmaz\u00f3 egy\u00e9nekhez, befoly\u00e1sold egy eg\u00e9sz r\u00e9gi\u00f3 sors\u00e1t, \u00e9s n\u00e9zz szembe vesz\u00e9lyes kih\u00edv\u00e1sokkal f\u00e9lelmetes helysz\u00edneken. Szerezz gazdags\u00e1got, vagy szenvedj a hal\u00e1lt pr\u00f3b\u00e1lva, ebben a k\u00f6ny\u00f6rtelen, taktikai RPG-ben.   Global Steam Digit\u00e1lis kulcs","og_url":"https:\/\/prismagamers.com\/hu\/produkt\/gloomhaven\/","og_site_name":"Prismagamers.com","article_publisher":"https:\/\/www.facebook.com\/prismagamers","article_modified_time":"2026-03-04T00:23:43+00:00","og_image":[{"width":300,"height":450,"url":"https:\/\/prismagamers.com\/wp-content\/uploads\/2024\/12\/capsule-verticale-600x900-1-e1733528473477.jpg","type":"image\/jpeg"}],"twitter_card":"summary_large_image","twitter_misc":{"Becs\u00fclt olvas\u00e1si id\u0151":"3 perc"},"schema":{"@context":"https:\/\/schema.org","@graph":[{"@type":"WebPage","@id":"https:\/\/prismagamers.com\/hu\/produkt\/gloomhaven\/","url":"https:\/\/prismagamers.com\/hu\/produkt\/gloomhaven\/","name":"Gloomhaven - Prismagamers.com","isPartOf":{"@id":"https:\/\/prismagamers.com\/hu\/#website"},"primaryImageOfPage":{"@id":"https:\/\/prismagamers.com\/hu\/produkt\/gloomhaven\/#primaryimage"},"image":{"@id":"https:\/\/prismagamers.com\/hu\/produkt\/gloomhaven\/#primaryimage"},"thumbnailUrl":"https:\/\/prismagamers.com\/wp-content\/uploads\/2024\/12\/capsule-verticale-600x900-1-e1733528473477.jpg","datePublished":"2024-12-06T23:42:32+00:00","dateModified":"2026-03-04T00:23:43+00:00","description":"Vezess egy csapat zsoldost Gloomhaven s\u00f6t\u00e9t f\u00f6ldj\u00e9n. Csatlakozz a vil\u00e1g legs\u00f6t\u00e9tebb zugaib\u00f3l sz\u00e1rmaz\u00f3 egy\u00e9nekhez, befoly\u00e1sold egy eg\u00e9sz r\u00e9gi\u00f3 sors\u00e1t, \u00e9s n\u00e9zz szembe vesz\u00e9lyes kih\u00edv\u00e1sokkal f\u00e9lelmetes helysz\u00edneken. Szerezz gazdags\u00e1got, vagy szenvedj a hal\u00e1lt pr\u00f3b\u00e1lva, ebben a k\u00f6ny\u00f6rtelen, taktikai RPG-ben. Global Steam Digit\u00e1lis kulcs","breadcrumb":{"@id":"https:\/\/prismagamers.com\/hu\/produkt\/gloomhaven\/#breadcrumb"},"inLanguage":"hu","potentialAction":[{"@type":"ReadAction","target":["https:\/\/prismagamers.com\/hu\/produkt\/gloomhaven\/"]}]},{"@type":"ImageObject","inLanguage":"hu","@id":"https:\/\/prismagamers.com\/hu\/produkt\/gloomhaven\/#primaryimage","url":"https:\/\/prismagamers.com\/wp-content\/uploads\/2024\/12\/capsule-verticale-600x900-1-e1733528473477.jpg","contentUrl":"https:\/\/prismagamers.com\/wp-content\/uploads\/2024\/12\/capsule-verticale-600x900-1-e1733528473477.jpg","width":300,"height":450},{"@type":"BreadcrumbList","@id":"https:\/\/prismagamers.com\/hu\/produkt\/gloomhaven\/#breadcrumb","itemListElement":[{"@type":"ListItem","position":1,"name":"Strona g\u0142\u00f3wna","item":"https:\/\/prismagamers.com\/hu\/prismagamers\/"},{"@type":"ListItem","position":2,"name":"Shop","item":"https:\/\/prismagamers.com\/hu\/shop\/"},{"@type":"ListItem","position":3,"name":"Gloomhaven"}]},{"@type":"WebSite","@id":"https:\/\/prismagamers.com\/hu\/#website","url":"https:\/\/prismagamers.com\/hu\/","name":"Prismagamers","description":"Sklep z grami PC I Sklep klucze Steam","publisher":{"@id":"https:\/\/prismagamers.com\/hu\/#organization"},"potentialAction":[{"@type":"SearchAction","target":{"@type":"EntryPoint","urlTemplate":"https:\/\/prismagamers.com\/hu\/?s={search_term_string}"},"query-input":{"@type":"PropertyValueSpecification","valueRequired":true,"valueName":"search_term_string"}}],"inLanguage":"hu"},{"@type":"Organization","@id":"https:\/\/prismagamers.com\/hu\/#organization","name":"Prismagamers","url":"https:\/\/prismagamers.com\/hu\/","logo":{"@type":"ImageObject","inLanguage":"hu","@id":"https:\/\/prismagamers.com\/hu\/#\/schema\/logo\/image\/","url":"https:\/\/prismagamers.com\/wp-content\/uploads\/2022\/04\/cropped-logo-Prismagamers-01-scaled-1.jpg","contentUrl":"https:\/\/prismagamers.com\/wp-content\/uploads\/2022\/04\/cropped-logo-Prismagamers-01-scaled-1.jpg","width":512,"height":512,"caption":"Prismagamers"},"image":{"@id":"https:\/\/prismagamers.com\/hu\/#\/schema\/logo\/image\/"},"sameAs":["https:\/\/www.facebook.com\/prismagamers","https:\/\/www.instagram.com\/prismagamers_grycyfrowe\/"],"description":"Prismagamers.com to dynamiczny sklep z grami cyfrowymi, stworzony z my\u015bl\u0105 o entuzjastach gier wideo. Nasza strona oferuje szerok\u0105 gam\u0119 gier komputerowych, w tym najnowsze tytu\u0142y, dobrze znane klasyki oraz gry stworzone przez niezale\u017cne studia Ca\u0142y czas d\u0105\u017cymy do rozszerzenia naszej oferty. Do\u0142\u0105cz do nas i sta\u0144 si\u0119 cz\u0119\u015bci\u0105 naszej rosn\u0105cej spo\u0142eczno\u015bci graczy!","email":"shop@prismagamers.com","telephone":"48795541705","legalName":"East Caravan Maksym \u017bukow","foundingDate":"2012-05-10","vatID":"PL8943038612","taxID":"PL8943038612","numberOfEmployees":{"@type":"QuantitativeValue","minValue":"11","maxValue":"50"}}]}},"_links":{"self":[{"href":"https:\/\/prismagamers.com\/hu\/wp-json\/wp\/v2\/product\/35089","targetHints":{"allow":["GET"]}}],"collection":[{"href":"https:\/\/prismagamers.com\/hu\/wp-json\/wp\/v2\/product"}],"about":[{"href":"https:\/\/prismagamers.com\/hu\/wp-json\/wp\/v2\/types\/product"}],"wp:featuredmedia":[{"embeddable":true,"href":"https:\/\/prismagamers.com\/hu\/wp-json\/wp\/v2\/media\/33248"}],"wp:attachment":[{"href":"https:\/\/prismagamers.com\/hu\/wp-json\/wp\/v2\/media?parent=35089"}],"wp:term":[{"taxonomy":"product_brand","embeddable":true,"href":"https:\/\/prismagamers.com\/hu\/wp-json\/wp\/v2\/product_brand?post=35089"},{"taxonomy":"product_cat","embeddable":true,"href":"https:\/\/prismagamers.com\/hu\/wp-json\/wp\/v2\/product_cat?post=35089"},{"taxonomy":"product_tag","embeddable":true,"href":"https:\/\/prismagamers.com\/hu\/wp-json\/wp\/v2\/product_tag?post=35089"}],"curies":[{"name":"wp","href":"https:\/\/api.w.org\/{rel}","templated":true}]}}