{"id":35090,"date":"2024-12-12T12:54:26","date_gmt":"2024-12-12T11:54:26","guid":{"rendered":"https:\/\/prismagamers.com\/produkt\/gloomhaven-az-oroszlan-allkapcsai\/"},"modified":"2026-03-05T00:00:49","modified_gmt":"2026-03-04T23:00:49","slug":"gloomhaven-az-oroszlan-allkapcsai","status":"publish","type":"product","link":"https:\/\/prismagamers.com\/hu\/produkt\/gloomhaven-az-oroszlan-allkapcsai\/","title":{"rendered":"Gloomhaven &#8211; Az oroszl\u00e1n \u00e1llkapcsai"},"content":{"rendered":"<p><strong>Mer\u00fclj el Gloomhaven s\u00f6t\u00e9t vil\u00e1g\u00e1ban a &#8222;Jaws of the Lion&#8221; c\u00edm\u0171 j\u00e1t\u00e9kkal!<\/strong><\/p>\n<p>A Jaws of the Lion b\u0151v\u00edt\u0151csomag a kultikus t\u00e1rsasj\u00e1t\u00e9k digit\u00e1lis adapt\u00e1ci\u00f3ja, amely az egyik legjobban \u00e9rt\u00e9kelt taktikai szerepj\u00e1t\u00e9kot b\u0151v\u00edti. Csatlakozz egy n\u00e9gy \u00faj zsoldosb\u00f3l \u00e1ll\u00f3 csapathoz, fedezd fel Gloomhaven v\u00e1ros\u00e1nak rejtett oldal\u00e1t, \u00e9s n\u00e9zz szembe egy t\u00f6bbr\u00e9teg\u0171, \u00faj ellens\u00e9gekkel \u00e9s hatalmas f\u0151n\u00f6k\u00f6kkel teli t\u00f6rt\u00e9nettel. <\/p>\n<p>\u00daj karakterek \u00e9s t\u00e1rgyak \u00e1llnak rendelkez\u00e9sre mind a Guild Master m\u00f3dban, mind a t\u00f6bbi j\u00e1t\u00e9km\u00f3dban. J\u00e1tssz egyed\u00fcl vagy ak\u00e1r n\u00e9gy f\u0151vel kooperat\u00edv m\u00f3dban. <\/p>\n<h3><strong>T\u00f6rt\u00e9net<\/strong><\/h3>\n<p>A s\u00f6t\u00e9t \u00e9s vesz\u00e9lyes Gloomhavenben tev\u00e9kenyked\u0151 h\u00edrhedt zsoldosbanda tagjak\u00e9nt a szeg\u00e9nyebb lakosok rejt\u00e9lyes elt\u0171n\u00e9seinek felder\u00edt\u00e9se a feladatod. Egy s\u00f6t\u00e9t \u00f6sszeesk\u00fcv\u00e9sbe keveredve kell megoldanod a rejt\u00e9lyt \u00e9s szemben\u00e9zned a vesz\u00e9lyekkel &#8211; term\u00e9szetesen a megfelel\u0151 fizets\u00e9ggel. <\/p>\n<h3><strong>Az adal\u00e9kanyag jellemz\u0151i<\/strong><\/h3>\n<ul>\n<li><strong>25 \u00faj forgat\u00f3k\u00f6nyv<\/strong>: Egy lebilincsel\u0151 t\u00f6rt\u00e9net, amely Gloomhaven legs\u00f6t\u00e9tebb zugaiba kalauzol.<\/li>\n<li><strong>4 egyedi zsoldos<\/strong>: Mindegyik\u00fck saj\u00e1t k\u00e9pess\u00e9gekkel \u00e9s j\u00e1t\u00e9kst\u00edlussal rendelkezik.<\/li>\n<li><strong>10 \u00faj ellens\u00e9g \u00e9s f\u0151n\u00f6k<\/strong>: Szembe kell n\u00e9zned a k\u00f6vet\u0151kkel, k\u00e1oszd\u00e9monokkal \u00e9s m\u00e1s f\u00e9lelmetes ellens\u00e9gekkel.<\/li>\n<li><strong>22 \u00faj esem\u00e9ny az \u00f6sv\u00e9nyen<\/strong>: Hozz neh\u00e9z d\u00f6nt\u00e9seket, \u00e9s fedezd fel a k\u00f6vetkezm\u00e9nyeket.<\/li>\n<li><strong>10 \u00faj elem<\/strong>: Felszerelkezz olyan eszk\u00f6z\u00f6kkel, amelyek seg\u00edtenek t\u00fal\u00e9lni a legnehezebb csat\u00e1kat.<\/li>\n<li><strong>24 tov\u00e1bbi harci c\u00e9l<\/strong>: Szerezz jutalmat a k\u00fcl\u00f6nb\u00f6z\u0151 zsoldos akci\u00f3k\u00e9rt.<\/li>\n<\/ul>\n<h3><strong>Fontos inform\u00e1ci\u00f3k<\/strong><\/h3>\n<p>A &#8222;Jaws of the Lion&#8221; j\u00e1t\u00e9khoz a k\u00f6vetkez\u0151k sz\u00fcks\u00e9gesek  <a href=\"https:\/\/prismagamers.com\/hu\/produkt\/gloomhaven\/\">Gloomhaven<\/a><\/p>\n","protected":false},"excerpt":{"rendered":"<p class=\"ai-optimize-21\"><em>A Jaws of the Lion<\/em> a Gloomhaven kieg\u00e9sz\u00edt\u0151je, amely \u00faj zsoldosokat, ellens\u00e9geket \u00e9s egy s\u00f6t\u00e9t t\u00f6rt\u00e9netet k\u00edn\u00e1l, amely a vesz\u00e9lyes v\u00e1ros rejtelmeibe vonja be a j\u00e1t\u00e9kosokat.<\/p>\n<p class=\"ai-optimize-22\"><img decoding=\"async\" class=\"emoji\" role=\"img\" src=\"https:\/\/s.w.org\/images\/core\/emoji\/14.0.0\/svg\/1f30d.svg\" alt=\"\ud83c\udf0d\">  Global<br \/>\n<img decoding=\"async\" class=\"emoji\" role=\"img\" src=\"https:\/\/s.w.org\/images\/core\/emoji\/14.0.0\/svg\/2699.svg\" alt=\"\u2699\ufe0f\"> Steam<br \/>\n<img decoding=\"async\" class=\"emoji\" role=\"img\" src=\"https:\/\/s.w.org\/images\/core\/emoji\/14.0.0\/svg\/1f5dd.svg\" alt=\"\ud83d\udddd\"> Digit\u00e1lis kulcs<\/p>\n","protected":false},"featured_media":33286,"template":"","meta":{"_acf_changed":false,"site-sidebar-layout":"default","site-content-layout":"","ast-site-content-layout":"default","site-content-style":"default","site-sidebar-style":"default","ast-global-header-display":"","ast-banner-title-visibility":"","ast-main-header-display":"","ast-hfb-above-header-display":"","ast-hfb-below-header-display":"","ast-hfb-mobile-header-display":"","site-post-title":"","ast-breadcrumbs-content":"","ast-featured-img":"","footer-sml-layout":"","ast-disable-related-posts":"","theme-transparent-header-meta":"default","adv-header-id-meta":"","stick-header-meta":"","header-above-stick-meta":"","header-main-stick-meta":"","header-below-stick-meta":"","astra-migrate-meta-layouts":"default","ast-page-background-enabled":"default","ast-page-background-meta":{"desktop":{"background-color":"var(--ast-global-color-4)","background-image":"","background-repeat":"repeat","background-position":"center center","background-size":"auto","background-attachment":"scroll","background-type":"","background-media":"","overlay-type":"","overlay-color":"","overlay-opacity":"","overlay-gradient":""},"tablet":{"background-color":"","background-image":"","background-repeat":"repeat","background-position":"center center","background-size":"auto","background-attachment":"scroll","background-type":"","background-media":"","overlay-type":"","overlay-color":"","overlay-opacity":"","overlay-gradient":""},"mobile":{"background-color":"","background-image":"","background-repeat":"repeat","background-position":"center center","background-size":"auto","background-attachment":"scroll","background-type":"","background-media":"","overlay-type":"","overlay-color":"","overlay-opacity":"","overlay-gradient":""}},"ast-content-background-meta":{"desktop":{"background-color":"var(--ast-global-color-5)","background-image":"","background-repeat":"repeat","background-position":"center center","background-size":"auto","background-attachment":"scroll","background-type":"","background-media":"","overlay-type":"","overlay-color":"","overlay-opacity":"","overlay-gradient":""},"tablet":{"background-color":"var(--ast-global-color-5)","background-image":"","background-repeat":"repeat","background-position":"center center","background-size":"auto","background-attachment":"scroll","background-type":"","background-media":"","overlay-type":"","overlay-color":"","overlay-opacity":"","overlay-gradient":""},"mobile":{"background-color":"var(--ast-global-color-5)","background-image":"","background-repeat":"repeat","background-position":"center center","background-size":"auto","background-attachment":"scroll","background-type":"","background-media":"","overlay-type":"","overlay-color":"","overlay-opacity":"","overlay-gradient":""}}},"product_brand":[],"product_cat":[369,365,363,367,364,397],"product_tag":[],"class_list":{"0":"post-35090","1":"product","2":"type-product","3":"status-publish","4":"has-post-thumbnail","6":"product_cat-csarnokok","7":"product_cat-goz","8":"product_cat-kaland-jatekok","9":"product_cat-pc-jatekok","10":"product_cat-rpg-k","11":"product_cat-twin-sails-interaktiv","12":"desktop-align-left","13":"tablet-align-left","14":"mobile-align-left","16":"first","17":"instock","18":"virtual","19":"purchasable","20":"product-type-simple"},"acf":[],"yoast_head":"<!-- This site is optimized with the Yoast SEO Premium plugin v27.4 (Yoast SEO v27.4) - https:\/\/yoast.com\/product\/yoast-seo-premium-wordpress\/ -->\n<title>Gloomhaven - Az oroszl\u00e1n \u00e1llkapcsai - Prismagamers.com<\/title>\n<meta name=\"description\" content=\"A Jaws of the Lion a Gloomhaven kieg\u00e9sz\u00edt\u0151je, amely \u00faj zsoldosokat, ellens\u00e9geket \u00e9s egy s\u00f6t\u00e9t t\u00f6rt\u00e9netet k\u00edn\u00e1l, amely a vesz\u00e9lyes v\u00e1ros rejtelmeibe vonja be a j\u00e1t\u00e9kosokat.  Global Steam Digit\u00e1lis kulcs\" \/>\n<meta name=\"robots\" content=\"index, follow, max-snippet:-1, max-image-preview:large, max-video-preview:-1\" \/>\n<link rel=\"canonical\" href=\"https:\/\/prismagamers.com\/hu\/produkt\/gloomhaven-az-oroszlan-allkapcsai\/\" \/>\n<meta property=\"og:locale\" content=\"hu_HU\" \/>\n<meta property=\"og:type\" content=\"article\" \/>\n<meta property=\"og:title\" content=\"Gloomhaven - Az oroszl\u00e1n \u00e1llkapcsai\" \/>\n<meta property=\"og:description\" content=\"A Jaws of the Lion a Gloomhaven kieg\u00e9sz\u00edt\u0151je, amely \u00faj zsoldosokat, ellens\u00e9geket \u00e9s egy s\u00f6t\u00e9t t\u00f6rt\u00e9netet k\u00edn\u00e1l, amely a vesz\u00e9lyes v\u00e1ros rejtelmeibe vonja be a j\u00e1t\u00e9kosokat.  Global Steam Digit\u00e1lis kulcs\" \/>\n<meta property=\"og:url\" content=\"https:\/\/prismagamers.com\/hu\/produkt\/gloomhaven-az-oroszlan-allkapcsai\/\" \/>\n<meta property=\"og:site_name\" content=\"Prismagamers.com\" \/>\n<meta property=\"article:publisher\" content=\"https:\/\/www.facebook.com\/prismagamers\" \/>\n<meta property=\"article:modified_time\" content=\"2026-03-04T23:00:49+00:00\" \/>\n<meta property=\"og:image\" content=\"https:\/\/prismagamers.com\/wp-content\/uploads\/2024\/12\/Gloomhaven-Jaws-of-the-Lion1-e1734004344903.jpg\" \/>\n\t<meta property=\"og:image:width\" content=\"300\" \/>\n\t<meta property=\"og:image:height\" content=\"450\" \/>\n\t<meta property=\"og:image:type\" content=\"image\/jpeg\" \/>\n<meta name=\"twitter:card\" content=\"summary_large_image\" \/>\n<meta name=\"twitter:label1\" content=\"Becs\u00fclt olvas\u00e1si id\u0151\" \/>\n\t<meta name=\"twitter:data1\" content=\"2 perc\" \/>\n<script type=\"application\/ld+json\" class=\"yoast-schema-graph\">{\"@context\":\"https:\\\/\\\/schema.org\",\"@graph\":[{\"@type\":\"WebPage\",\"@id\":\"https:\\\/\\\/prismagamers.com\\\/hu\\\/produkt\\\/gloomhaven-az-oroszlan-allkapcsai\\\/\",\"url\":\"https:\\\/\\\/prismagamers.com\\\/hu\\\/produkt\\\/gloomhaven-az-oroszlan-allkapcsai\\\/\",\"name\":\"Gloomhaven - Az oroszl\u00e1n \u00e1llkapcsai - Prismagamers.com\",\"isPartOf\":{\"@id\":\"https:\\\/\\\/prismagamers.com\\\/hu\\\/#website\"},\"primaryImageOfPage\":{\"@id\":\"https:\\\/\\\/prismagamers.com\\\/hu\\\/produkt\\\/gloomhaven-az-oroszlan-allkapcsai\\\/#primaryimage\"},\"image\":{\"@id\":\"https:\\\/\\\/prismagamers.com\\\/hu\\\/produkt\\\/gloomhaven-az-oroszlan-allkapcsai\\\/#primaryimage\"},\"thumbnailUrl\":\"https:\\\/\\\/prismagamers.com\\\/wp-content\\\/uploads\\\/2024\\\/12\\\/Gloomhaven-Jaws-of-the-Lion1-e1734004344903.jpg\",\"datePublished\":\"2024-12-12T11:54:26+00:00\",\"dateModified\":\"2026-03-04T23:00:49+00:00\",\"description\":\"A Jaws of the Lion a Gloomhaven kieg\u00e9sz\u00edt\u0151je, amely \u00faj zsoldosokat, ellens\u00e9geket \u00e9s egy s\u00f6t\u00e9t t\u00f6rt\u00e9netet k\u00edn\u00e1l, amely a vesz\u00e9lyes v\u00e1ros rejtelmeibe vonja be a j\u00e1t\u00e9kosokat. Global Steam Digit\u00e1lis kulcs\",\"breadcrumb\":{\"@id\":\"https:\\\/\\\/prismagamers.com\\\/hu\\\/produkt\\\/gloomhaven-az-oroszlan-allkapcsai\\\/#breadcrumb\"},\"inLanguage\":\"hu\",\"potentialAction\":[{\"@type\":\"ReadAction\",\"target\":[\"https:\\\/\\\/prismagamers.com\\\/hu\\\/produkt\\\/gloomhaven-az-oroszlan-allkapcsai\\\/\"]}]},{\"@type\":\"ImageObject\",\"inLanguage\":\"hu\",\"@id\":\"https:\\\/\\\/prismagamers.com\\\/hu\\\/produkt\\\/gloomhaven-az-oroszlan-allkapcsai\\\/#primaryimage\",\"url\":\"https:\\\/\\\/prismagamers.com\\\/wp-content\\\/uploads\\\/2024\\\/12\\\/Gloomhaven-Jaws-of-the-Lion1-e1734004344903.jpg\",\"contentUrl\":\"https:\\\/\\\/prismagamers.com\\\/wp-content\\\/uploads\\\/2024\\\/12\\\/Gloomhaven-Jaws-of-the-Lion1-e1734004344903.jpg\",\"width\":300,\"height\":450},{\"@type\":\"BreadcrumbList\",\"@id\":\"https:\\\/\\\/prismagamers.com\\\/hu\\\/produkt\\\/gloomhaven-az-oroszlan-allkapcsai\\\/#breadcrumb\",\"itemListElement\":[{\"@type\":\"ListItem\",\"position\":1,\"name\":\"Strona g\u0142\u00f3wna\",\"item\":\"https:\\\/\\\/prismagamers.com\\\/hu\\\/prismagamers\\\/\"},{\"@type\":\"ListItem\",\"position\":2,\"name\":\"Shop\",\"item\":\"https:\\\/\\\/prismagamers.com\\\/hu\\\/shop\\\/\"},{\"@type\":\"ListItem\",\"position\":3,\"name\":\"Gloomhaven &#8211; Az oroszl\u00e1n \u00e1llkapcsai\"}]},{\"@type\":\"WebSite\",\"@id\":\"https:\\\/\\\/prismagamers.com\\\/hu\\\/#website\",\"url\":\"https:\\\/\\\/prismagamers.com\\\/hu\\\/\",\"name\":\"Prismagamers\",\"description\":\"Sklep z grami PC I Sklep klucze Steam\",\"publisher\":{\"@id\":\"https:\\\/\\\/prismagamers.com\\\/hu\\\/#organization\"},\"potentialAction\":[{\"@type\":\"SearchAction\",\"target\":{\"@type\":\"EntryPoint\",\"urlTemplate\":\"https:\\\/\\\/prismagamers.com\\\/hu\\\/?s={search_term_string}\"},\"query-input\":{\"@type\":\"PropertyValueSpecification\",\"valueRequired\":true,\"valueName\":\"search_term_string\"}}],\"inLanguage\":\"hu\"},{\"@type\":\"Organization\",\"@id\":\"https:\\\/\\\/prismagamers.com\\\/hu\\\/#organization\",\"name\":\"Prismagamers\",\"url\":\"https:\\\/\\\/prismagamers.com\\\/hu\\\/\",\"logo\":{\"@type\":\"ImageObject\",\"inLanguage\":\"hu\",\"@id\":\"https:\\\/\\\/prismagamers.com\\\/hu\\\/#\\\/schema\\\/logo\\\/image\\\/\",\"url\":\"https:\\\/\\\/prismagamers.com\\\/wp-content\\\/uploads\\\/2022\\\/04\\\/cropped-logo-Prismagamers-01-scaled-1.jpg\",\"contentUrl\":\"https:\\\/\\\/prismagamers.com\\\/wp-content\\\/uploads\\\/2022\\\/04\\\/cropped-logo-Prismagamers-01-scaled-1.jpg\",\"width\":512,\"height\":512,\"caption\":\"Prismagamers\"},\"image\":{\"@id\":\"https:\\\/\\\/prismagamers.com\\\/hu\\\/#\\\/schema\\\/logo\\\/image\\\/\"},\"sameAs\":[\"https:\\\/\\\/www.facebook.com\\\/prismagamers\",\"https:\\\/\\\/www.instagram.com\\\/prismagamers_grycyfrowe\\\/\"],\"description\":\"Prismagamers.com to dynamiczny sklep z grami cyfrowymi, stworzony z my\u015bl\u0105 o entuzjastach gier wideo. Nasza strona oferuje szerok\u0105 gam\u0119 gier komputerowych, w tym najnowsze tytu\u0142y, dobrze znane klasyki oraz gry stworzone przez niezale\u017cne studia Ca\u0142y czas d\u0105\u017cymy do rozszerzenia naszej oferty. Do\u0142\u0105cz do nas i sta\u0144 si\u0119 cz\u0119\u015bci\u0105 naszej rosn\u0105cej spo\u0142eczno\u015bci graczy!\",\"email\":\"shop@prismagamers.com\",\"telephone\":\"48795541705\",\"legalName\":\"East Caravan Maksym \u017bukow\",\"foundingDate\":\"2012-05-10\",\"vatID\":\"PL8943038612\",\"taxID\":\"PL8943038612\",\"numberOfEmployees\":{\"@type\":\"QuantitativeValue\",\"minValue\":\"11\",\"maxValue\":\"50\"}}]}<\/script>\n<!-- \/ Yoast SEO Premium plugin. -->","yoast_head_json":{"title":"Gloomhaven - Az oroszl\u00e1n \u00e1llkapcsai - Prismagamers.com","description":"A Jaws of the Lion a Gloomhaven kieg\u00e9sz\u00edt\u0151je, amely \u00faj zsoldosokat, ellens\u00e9geket \u00e9s egy s\u00f6t\u00e9t t\u00f6rt\u00e9netet k\u00edn\u00e1l, amely a vesz\u00e9lyes v\u00e1ros rejtelmeibe vonja be a j\u00e1t\u00e9kosokat.  Global Steam Digit\u00e1lis kulcs","robots":{"index":"index","follow":"follow","max-snippet":"max-snippet:-1","max-image-preview":"max-image-preview:large","max-video-preview":"max-video-preview:-1"},"canonical":"https:\/\/prismagamers.com\/hu\/produkt\/gloomhaven-az-oroszlan-allkapcsai\/","og_locale":"hu_HU","og_type":"article","og_title":"Gloomhaven - Az oroszl\u00e1n \u00e1llkapcsai","og_description":"A Jaws of the Lion a Gloomhaven kieg\u00e9sz\u00edt\u0151je, amely \u00faj zsoldosokat, ellens\u00e9geket \u00e9s egy s\u00f6t\u00e9t t\u00f6rt\u00e9netet k\u00edn\u00e1l, amely a vesz\u00e9lyes v\u00e1ros rejtelmeibe vonja be a j\u00e1t\u00e9kosokat.  Global Steam Digit\u00e1lis kulcs","og_url":"https:\/\/prismagamers.com\/hu\/produkt\/gloomhaven-az-oroszlan-allkapcsai\/","og_site_name":"Prismagamers.com","article_publisher":"https:\/\/www.facebook.com\/prismagamers","article_modified_time":"2026-03-04T23:00:49+00:00","og_image":[{"width":300,"height":450,"url":"https:\/\/prismagamers.com\/wp-content\/uploads\/2024\/12\/Gloomhaven-Jaws-of-the-Lion1-e1734004344903.jpg","type":"image\/jpeg"}],"twitter_card":"summary_large_image","twitter_misc":{"Becs\u00fclt olvas\u00e1si id\u0151":"2 perc"},"schema":{"@context":"https:\/\/schema.org","@graph":[{"@type":"WebPage","@id":"https:\/\/prismagamers.com\/hu\/produkt\/gloomhaven-az-oroszlan-allkapcsai\/","url":"https:\/\/prismagamers.com\/hu\/produkt\/gloomhaven-az-oroszlan-allkapcsai\/","name":"Gloomhaven - Az oroszl\u00e1n \u00e1llkapcsai - Prismagamers.com","isPartOf":{"@id":"https:\/\/prismagamers.com\/hu\/#website"},"primaryImageOfPage":{"@id":"https:\/\/prismagamers.com\/hu\/produkt\/gloomhaven-az-oroszlan-allkapcsai\/#primaryimage"},"image":{"@id":"https:\/\/prismagamers.com\/hu\/produkt\/gloomhaven-az-oroszlan-allkapcsai\/#primaryimage"},"thumbnailUrl":"https:\/\/prismagamers.com\/wp-content\/uploads\/2024\/12\/Gloomhaven-Jaws-of-the-Lion1-e1734004344903.jpg","datePublished":"2024-12-12T11:54:26+00:00","dateModified":"2026-03-04T23:00:49+00:00","description":"A Jaws of the Lion a Gloomhaven kieg\u00e9sz\u00edt\u0151je, amely \u00faj zsoldosokat, ellens\u00e9geket \u00e9s egy s\u00f6t\u00e9t t\u00f6rt\u00e9netet k\u00edn\u00e1l, amely a vesz\u00e9lyes v\u00e1ros rejtelmeibe vonja be a j\u00e1t\u00e9kosokat. Global Steam Digit\u00e1lis kulcs","breadcrumb":{"@id":"https:\/\/prismagamers.com\/hu\/produkt\/gloomhaven-az-oroszlan-allkapcsai\/#breadcrumb"},"inLanguage":"hu","potentialAction":[{"@type":"ReadAction","target":["https:\/\/prismagamers.com\/hu\/produkt\/gloomhaven-az-oroszlan-allkapcsai\/"]}]},{"@type":"ImageObject","inLanguage":"hu","@id":"https:\/\/prismagamers.com\/hu\/produkt\/gloomhaven-az-oroszlan-allkapcsai\/#primaryimage","url":"https:\/\/prismagamers.com\/wp-content\/uploads\/2024\/12\/Gloomhaven-Jaws-of-the-Lion1-e1734004344903.jpg","contentUrl":"https:\/\/prismagamers.com\/wp-content\/uploads\/2024\/12\/Gloomhaven-Jaws-of-the-Lion1-e1734004344903.jpg","width":300,"height":450},{"@type":"BreadcrumbList","@id":"https:\/\/prismagamers.com\/hu\/produkt\/gloomhaven-az-oroszlan-allkapcsai\/#breadcrumb","itemListElement":[{"@type":"ListItem","position":1,"name":"Strona g\u0142\u00f3wna","item":"https:\/\/prismagamers.com\/hu\/prismagamers\/"},{"@type":"ListItem","position":2,"name":"Shop","item":"https:\/\/prismagamers.com\/hu\/shop\/"},{"@type":"ListItem","position":3,"name":"Gloomhaven &#8211; Az oroszl\u00e1n \u00e1llkapcsai"}]},{"@type":"WebSite","@id":"https:\/\/prismagamers.com\/hu\/#website","url":"https:\/\/prismagamers.com\/hu\/","name":"Prismagamers","description":"Sklep z grami PC I Sklep klucze Steam","publisher":{"@id":"https:\/\/prismagamers.com\/hu\/#organization"},"potentialAction":[{"@type":"SearchAction","target":{"@type":"EntryPoint","urlTemplate":"https:\/\/prismagamers.com\/hu\/?s={search_term_string}"},"query-input":{"@type":"PropertyValueSpecification","valueRequired":true,"valueName":"search_term_string"}}],"inLanguage":"hu"},{"@type":"Organization","@id":"https:\/\/prismagamers.com\/hu\/#organization","name":"Prismagamers","url":"https:\/\/prismagamers.com\/hu\/","logo":{"@type":"ImageObject","inLanguage":"hu","@id":"https:\/\/prismagamers.com\/hu\/#\/schema\/logo\/image\/","url":"https:\/\/prismagamers.com\/wp-content\/uploads\/2022\/04\/cropped-logo-Prismagamers-01-scaled-1.jpg","contentUrl":"https:\/\/prismagamers.com\/wp-content\/uploads\/2022\/04\/cropped-logo-Prismagamers-01-scaled-1.jpg","width":512,"height":512,"caption":"Prismagamers"},"image":{"@id":"https:\/\/prismagamers.com\/hu\/#\/schema\/logo\/image\/"},"sameAs":["https:\/\/www.facebook.com\/prismagamers","https:\/\/www.instagram.com\/prismagamers_grycyfrowe\/"],"description":"Prismagamers.com to dynamiczny sklep z grami cyfrowymi, stworzony z my\u015bl\u0105 o entuzjastach gier wideo. Nasza strona oferuje szerok\u0105 gam\u0119 gier komputerowych, w tym najnowsze tytu\u0142y, dobrze znane klasyki oraz gry stworzone przez niezale\u017cne studia Ca\u0142y czas d\u0105\u017cymy do rozszerzenia naszej oferty. Do\u0142\u0105cz do nas i sta\u0144 si\u0119 cz\u0119\u015bci\u0105 naszej rosn\u0105cej spo\u0142eczno\u015bci graczy!","email":"shop@prismagamers.com","telephone":"48795541705","legalName":"East Caravan Maksym \u017bukow","foundingDate":"2012-05-10","vatID":"PL8943038612","taxID":"PL8943038612","numberOfEmployees":{"@type":"QuantitativeValue","minValue":"11","maxValue":"50"}}]}},"_links":{"self":[{"href":"https:\/\/prismagamers.com\/hu\/wp-json\/wp\/v2\/product\/35090","targetHints":{"allow":["GET"]}}],"collection":[{"href":"https:\/\/prismagamers.com\/hu\/wp-json\/wp\/v2\/product"}],"about":[{"href":"https:\/\/prismagamers.com\/hu\/wp-json\/wp\/v2\/types\/product"}],"wp:featuredmedia":[{"embeddable":true,"href":"https:\/\/prismagamers.com\/hu\/wp-json\/wp\/v2\/media\/33286"}],"wp:attachment":[{"href":"https:\/\/prismagamers.com\/hu\/wp-json\/wp\/v2\/media?parent=35090"}],"wp:term":[{"taxonomy":"product_brand","embeddable":true,"href":"https:\/\/prismagamers.com\/hu\/wp-json\/wp\/v2\/product_brand?post=35090"},{"taxonomy":"product_cat","embeddable":true,"href":"https:\/\/prismagamers.com\/hu\/wp-json\/wp\/v2\/product_cat?post=35090"},{"taxonomy":"product_tag","embeddable":true,"href":"https:\/\/prismagamers.com\/hu\/wp-json\/wp\/v2\/product_tag?post=35090"}],"curies":[{"name":"wp","href":"https:\/\/api.w.org\/{rel}","templated":true}]}}