{"id":35098,"date":"2023-02-14T22:33:48","date_gmt":"2023-02-14T21:33:48","guid":{"rendered":"https:\/\/prismagamers.com\/produkt\/haven\/"},"modified":"2026-04-21T01:56:11","modified_gmt":"2026-04-20T23:56:11","slug":"haven","status":"publish","type":"product","link":"https:\/\/prismagamers.com\/hu\/produkt\/haven\/","title":{"rendered":"Haven"},"content":{"rendered":"<p>Yu \u00e9s Kay elmenek\u00fclt az elveszett bolyg\u00f3ra, h\u00e1trahagyva mindent, amit ismertek.<\/p>\n<p>Vegye \u00e1t egyszerre k\u00e9t karakter szerep\u00e9t, \u00e9s seg\u00edtsen a szerelmeseknek beilleszkedni egy sz\u00e1mukra idegen vil\u00e1gba. Fedezd fel a bolyg\u00f3t alkatr\u00e9szek \u00e9s anyagok ut\u00e1n kutatva, hogy megjav\u00edthasd a haj\u00f3dat. Tegy\u00e9tek ezt a helyet otthonos f\u00e9szekk\u00e9. \u00c9lvezd a mindennapi \u00e9let egyszer\u0171 \u00f6r\u00f6meit: f\u0151zz \u00e9telt, k\u00e9sz\u00edts k\u00e9zm\u0171ves munk\u00e1t \u00e9s gy\u0171jts \u00e9rt\u00e9kes nyersanyagokat, hogy t\u00fal\u00e9lj egy \u00fajabb napot.<br \/>\nSzembe kell n\u00e9zned azokkal, akik megpr\u00f3b\u00e1lj\u00e1k sz\u00e9tv\u00e1lasztani a szerelmeseket a csat\u00e1ban v\u00e9grehajtott akci\u00f3k szinkroniz\u00e1l\u00e1s\u00e1val, t\u00f6k\u00e9letes id\u0151z\u00edt\u00e9ssel \u00e9s a t\u00f6k\u00e9letes ritmus megtal\u00e1l\u00e1s\u00e1val, mik\u00f6zben mindk\u00e9t karaktert ir\u00e1ny\u00edtod az \u00e9let\u00fck\u00e9rt \u00e9s a kapcsolatuk\u00e9rt folytatott harcban.<\/p>\n<p>Ebben a kisz\u00e1m\u00edthatatlan RPG-kalandban egy bizarr \u00e9s elb\u0171v\u00f6l\u0151, de egyben vesz\u00e9lyes bolyg\u00f3t fedezhetsz fel, mindezt a neves zen\u00e9sz, Danger lebilincsel\u0151 soundtrackj\u00e9vel a h\u00e1tt\u00e9rben.<\/p>\n<p>&nbsp;<\/p>\n","protected":false},"excerpt":{"rendered":"<p class=\"ai-optimize-23\">K\u00e9t szerelmesp\u00e1r, akik minden\u00e1ron egy\u00fctt akarnak lenni, felhagynak kor\u00e1bbi \u00e9let\u00fckkel, \u00e9s egy elveszett bolyg\u00f3ra menek\u00fclnek. Utazz \u00e1t egy titokzatos f\u00f6ld\u00f6n, fedezz fel egy megosztott vil\u00e1got, \u00e9s k\u00fczdj meg minden ellensz\u00e9llel, ami az \u00fatjukba \u00e1ll ebben a szerelemr\u0151l sz\u00f3l\u00f3 kaland-RPG-ben! <\/p>\n<p class=\"ai-optimize-24\"><img decoding=\"async\" class=\"emoji\" role=\"img\" draggable=\"false\" src=\"https:\/\/s.w.org\/images\/core\/emoji\/14.0.0\/svg\/1f30d.svg\" alt=\"\ud83c\udf0d\">  Global<br \/>\n<img decoding=\"async\" class=\"emoji\" role=\"img\" draggable=\"false\" src=\"https:\/\/s.w.org\/images\/core\/emoji\/14.0.0\/svg\/2699.svg\" alt=\"\u2699\ufe0f\"> Steam<br \/>\n<img decoding=\"async\" class=\"emoji\" role=\"img\" draggable=\"false\" src=\"https:\/\/s.w.org\/images\/core\/emoji\/14.0.0\/svg\/1f5dd.svg\" alt=\"\ud83d\udddd\"> Digit\u00e1lis kulcs<\/p>\n","protected":false},"featured_media":25045,"template":"","meta":{"_acf_changed":false,"site-sidebar-layout":"default","site-content-layout":"default","ast-site-content-layout":"default","site-content-style":"default","site-sidebar-style":"default","ast-global-header-display":"","ast-banner-title-visibility":"","ast-main-header-display":"","ast-hfb-above-header-display":"","ast-hfb-below-header-display":"","ast-hfb-mobile-header-display":"","site-post-title":"","ast-breadcrumbs-content":"","ast-featured-img":"","footer-sml-layout":"","ast-disable-related-posts":"","theme-transparent-header-meta":"default","adv-header-id-meta":"","stick-header-meta":"","header-above-stick-meta":"","header-main-stick-meta":"","header-below-stick-meta":"","astra-migrate-meta-layouts":"default","ast-page-background-enabled":"default","ast-page-background-meta":{"desktop":{"background-color":"var(--ast-global-color-4)","background-image":"","background-repeat":"repeat","background-position":"center center","background-size":"auto","background-attachment":"scroll","background-type":"","background-media":"","overlay-type":"","overlay-color":"","overlay-opacity":"","overlay-gradient":""},"tablet":{"background-color":"","background-image":"","background-repeat":"repeat","background-position":"center center","background-size":"auto","background-attachment":"scroll","background-type":"","background-media":"","overlay-type":"","overlay-color":"","overlay-opacity":"","overlay-gradient":""},"mobile":{"background-color":"","background-image":"","background-repeat":"repeat","background-position":"center center","background-size":"auto","background-attachment":"scroll","background-type":"","background-media":"","overlay-type":"","overlay-color":"","overlay-opacity":"","overlay-gradient":""}},"ast-content-background-meta":{"desktop":{"background-color":"var(--ast-global-color-5)","background-image":"","background-repeat":"repeat","background-position":"center center","background-size":"auto","background-attachment":"scroll","background-type":"","background-media":"","overlay-type":"","overlay-color":"","overlay-opacity":"","overlay-gradient":""},"tablet":{"background-color":"var(--ast-global-color-5)","background-image":"","background-repeat":"repeat","background-position":"center center","background-size":"auto","background-attachment":"scroll","background-type":"","background-media":"","overlay-type":"","overlay-color":"","overlay-opacity":"","overlay-gradient":""},"mobile":{"background-color":"var(--ast-global-color-5)","background-image":"","background-repeat":"repeat","background-position":"center center","background-size":"auto","background-attachment":"scroll","background-type":"","background-media":"","overlay-type":"","overlay-color":"","overlay-opacity":"","overlay-gradient":""}}},"product_brand":[],"product_cat":[398,369,365,392,363,378,367,364,335],"product_tag":[543,542],"class_list":{"0":"post-35098","1":"product","2":"type-product","3":"status-publish","4":"has-post-thumbnail","6":"product_cat-a-jatek-pekek","7":"product_cat-csarnokok","8":"product_cat-goz","9":"product_cat-india","10":"product_cat-kaland-jatekok","11":"product_cat-minden-digitalis-jatek","12":"product_cat-pc-jatekok","13":"product_cat-rpg-k","14":"product_cat-wyprzedaz","15":"product_tag-may_50","16":"product_tag-pid_04-hu","17":"desktop-align-left","18":"tablet-align-left","19":"mobile-align-left","21":"first","22":"instock","23":"virtual","24":"purchasable","25":"product-type-simple"},"acf":[],"yoast_head":"<!-- This site is optimized with the Yoast SEO Premium plugin v27.4 (Yoast SEO v27.4) - https:\/\/yoast.com\/product\/yoast-seo-premium-wordpress\/ -->\n<title>Haven - Prismagamers.com<\/title>\n<meta name=\"description\" content=\"K\u00e9t szerelmesp\u00e1r, akik minden\u00e1ron egy\u00fctt akarnak lenni, felhagynak kor\u00e1bbi \u00e9let\u00fckkel, \u00e9s egy elveszett bolyg\u00f3ra menek\u00fclnek. Utazz \u00e1t egy titokzatos f\u00f6ld\u00f6n, fedezz fel egy megosztott vil\u00e1got, \u00e9s k\u00fczdj meg minden ellensz\u00e9llel, ami az \u00fatjukba \u00e1ll ebben a szerelemr\u0151l sz\u00f3l\u00f3 kaland-RPG-ben!  Global Steam Digit\u00e1lis kulcs\" \/>\n<meta name=\"robots\" content=\"index, follow, max-snippet:-1, max-image-preview:large, max-video-preview:-1\" \/>\n<link rel=\"canonical\" href=\"https:\/\/prismagamers.com\/hu\/produkt\/haven\/\" \/>\n<meta property=\"og:locale\" content=\"hu_HU\" \/>\n<meta property=\"og:type\" content=\"article\" \/>\n<meta property=\"og:title\" content=\"Haven\" \/>\n<meta property=\"og:description\" content=\"K\u00e9t szerelmesp\u00e1r, akik minden\u00e1ron egy\u00fctt akarnak lenni, felhagynak kor\u00e1bbi \u00e9let\u00fckkel, \u00e9s egy elveszett bolyg\u00f3ra menek\u00fclnek. Utazz \u00e1t egy titokzatos f\u00f6ld\u00f6n, fedezz fel egy megosztott vil\u00e1got, \u00e9s k\u00fczdj meg minden ellensz\u00e9llel, ami az \u00fatjukba \u00e1ll ebben a szerelemr\u0151l sz\u00f3l\u00f3 kaland-RPG-ben!  Global Steam Digit\u00e1lis kulcs\" \/>\n<meta property=\"og:url\" content=\"https:\/\/prismagamers.com\/hu\/produkt\/haven\/\" \/>\n<meta property=\"og:site_name\" content=\"Prismagamers.com\" \/>\n<meta property=\"article:publisher\" content=\"https:\/\/www.facebook.com\/prismagamers\" \/>\n<meta property=\"article:modified_time\" content=\"2026-04-20T23:56:11+00:00\" \/>\n<meta property=\"og:image\" content=\"https:\/\/prismagamers.com\/wp-content\/uploads\/2023\/02\/haven-e1727185821590.jpg\" \/>\n\t<meta property=\"og:image:width\" content=\"337\" \/>\n\t<meta property=\"og:image:height\" content=\"450\" \/>\n\t<meta property=\"og:image:type\" content=\"image\/jpeg\" \/>\n<meta name=\"twitter:card\" content=\"summary_large_image\" \/>\n<meta name=\"twitter:label1\" content=\"Becs\u00fclt olvas\u00e1si id\u0151\" \/>\n\t<meta name=\"twitter:data1\" content=\"1 perc\" \/>\n<script type=\"application\/ld+json\" class=\"yoast-schema-graph\">{\"@context\":\"https:\\\/\\\/schema.org\",\"@graph\":[{\"@type\":\"WebPage\",\"@id\":\"https:\\\/\\\/prismagamers.com\\\/hu\\\/produkt\\\/haven\\\/\",\"url\":\"https:\\\/\\\/prismagamers.com\\\/hu\\\/produkt\\\/haven\\\/\",\"name\":\"Haven - Prismagamers.com\",\"isPartOf\":{\"@id\":\"https:\\\/\\\/prismagamers.com\\\/hu\\\/#website\"},\"primaryImageOfPage\":{\"@id\":\"https:\\\/\\\/prismagamers.com\\\/hu\\\/produkt\\\/haven\\\/#primaryimage\"},\"image\":{\"@id\":\"https:\\\/\\\/prismagamers.com\\\/hu\\\/produkt\\\/haven\\\/#primaryimage\"},\"thumbnailUrl\":\"https:\\\/\\\/prismagamers.com\\\/wp-content\\\/uploads\\\/2023\\\/02\\\/haven-e1727185821590.jpg\",\"datePublished\":\"2023-02-14T21:33:48+00:00\",\"dateModified\":\"2026-04-20T23:56:11+00:00\",\"description\":\"K\u00e9t szerelmesp\u00e1r, akik minden\u00e1ron egy\u00fctt akarnak lenni, felhagynak kor\u00e1bbi \u00e9let\u00fckkel, \u00e9s egy elveszett bolyg\u00f3ra menek\u00fclnek. Utazz \u00e1t egy titokzatos f\u00f6ld\u00f6n, fedezz fel egy megosztott vil\u00e1got, \u00e9s k\u00fczdj meg minden ellensz\u00e9llel, ami az \u00fatjukba \u00e1ll ebben a szerelemr\u0151l sz\u00f3l\u00f3 kaland-RPG-ben! Global Steam Digit\u00e1lis kulcs\",\"breadcrumb\":{\"@id\":\"https:\\\/\\\/prismagamers.com\\\/hu\\\/produkt\\\/haven\\\/#breadcrumb\"},\"inLanguage\":\"hu\",\"potentialAction\":[{\"@type\":\"ReadAction\",\"target\":[\"https:\\\/\\\/prismagamers.com\\\/hu\\\/produkt\\\/haven\\\/\"]}]},{\"@type\":\"ImageObject\",\"inLanguage\":\"hu\",\"@id\":\"https:\\\/\\\/prismagamers.com\\\/hu\\\/produkt\\\/haven\\\/#primaryimage\",\"url\":\"https:\\\/\\\/prismagamers.com\\\/wp-content\\\/uploads\\\/2023\\\/02\\\/haven-e1727185821590.jpg\",\"contentUrl\":\"https:\\\/\\\/prismagamers.com\\\/wp-content\\\/uploads\\\/2023\\\/02\\\/haven-e1727185821590.jpg\",\"width\":337,\"height\":450},{\"@type\":\"BreadcrumbList\",\"@id\":\"https:\\\/\\\/prismagamers.com\\\/hu\\\/produkt\\\/haven\\\/#breadcrumb\",\"itemListElement\":[{\"@type\":\"ListItem\",\"position\":1,\"name\":\"Strona g\u0142\u00f3wna\",\"item\":\"https:\\\/\\\/prismagamers.com\\\/hu\\\/prismagamers\\\/\"},{\"@type\":\"ListItem\",\"position\":2,\"name\":\"Shop\",\"item\":\"https:\\\/\\\/prismagamers.com\\\/hu\\\/shop\\\/\"},{\"@type\":\"ListItem\",\"position\":3,\"name\":\"Haven\"}]},{\"@type\":\"WebSite\",\"@id\":\"https:\\\/\\\/prismagamers.com\\\/hu\\\/#website\",\"url\":\"https:\\\/\\\/prismagamers.com\\\/hu\\\/\",\"name\":\"Prismagamers\",\"description\":\"Sklep z grami PC I Sklep klucze Steam\",\"publisher\":{\"@id\":\"https:\\\/\\\/prismagamers.com\\\/hu\\\/#organization\"},\"potentialAction\":[{\"@type\":\"SearchAction\",\"target\":{\"@type\":\"EntryPoint\",\"urlTemplate\":\"https:\\\/\\\/prismagamers.com\\\/hu\\\/?s={search_term_string}\"},\"query-input\":{\"@type\":\"PropertyValueSpecification\",\"valueRequired\":true,\"valueName\":\"search_term_string\"}}],\"inLanguage\":\"hu\"},{\"@type\":\"Organization\",\"@id\":\"https:\\\/\\\/prismagamers.com\\\/hu\\\/#organization\",\"name\":\"Prismagamers\",\"url\":\"https:\\\/\\\/prismagamers.com\\\/hu\\\/\",\"logo\":{\"@type\":\"ImageObject\",\"inLanguage\":\"hu\",\"@id\":\"https:\\\/\\\/prismagamers.com\\\/hu\\\/#\\\/schema\\\/logo\\\/image\\\/\",\"url\":\"https:\\\/\\\/prismagamers.com\\\/wp-content\\\/uploads\\\/2022\\\/04\\\/cropped-logo-Prismagamers-01-scaled-1.jpg\",\"contentUrl\":\"https:\\\/\\\/prismagamers.com\\\/wp-content\\\/uploads\\\/2022\\\/04\\\/cropped-logo-Prismagamers-01-scaled-1.jpg\",\"width\":512,\"height\":512,\"caption\":\"Prismagamers\"},\"image\":{\"@id\":\"https:\\\/\\\/prismagamers.com\\\/hu\\\/#\\\/schema\\\/logo\\\/image\\\/\"},\"sameAs\":[\"https:\\\/\\\/www.facebook.com\\\/prismagamers\",\"https:\\\/\\\/www.instagram.com\\\/prismagamers_grycyfrowe\\\/\"],\"description\":\"Prismagamers.com to dynamiczny sklep z grami cyfrowymi, stworzony z my\u015bl\u0105 o entuzjastach gier wideo. Nasza strona oferuje szerok\u0105 gam\u0119 gier komputerowych, w tym najnowsze tytu\u0142y, dobrze znane klasyki oraz gry stworzone przez niezale\u017cne studia Ca\u0142y czas d\u0105\u017cymy do rozszerzenia naszej oferty. Do\u0142\u0105cz do nas i sta\u0144 si\u0119 cz\u0119\u015bci\u0105 naszej rosn\u0105cej spo\u0142eczno\u015bci graczy!\",\"email\":\"shop@prismagamers.com\",\"telephone\":\"48795541705\",\"legalName\":\"East Caravan Maksym \u017bukow\",\"foundingDate\":\"2012-05-10\",\"vatID\":\"PL8943038612\",\"taxID\":\"PL8943038612\",\"numberOfEmployees\":{\"@type\":\"QuantitativeValue\",\"minValue\":\"11\",\"maxValue\":\"50\"}}]}<\/script>\n<!-- \/ Yoast SEO Premium plugin. -->","yoast_head_json":{"title":"Haven - Prismagamers.com","description":"K\u00e9t szerelmesp\u00e1r, akik minden\u00e1ron egy\u00fctt akarnak lenni, felhagynak kor\u00e1bbi \u00e9let\u00fckkel, \u00e9s egy elveszett bolyg\u00f3ra menek\u00fclnek. Utazz \u00e1t egy titokzatos f\u00f6ld\u00f6n, fedezz fel egy megosztott vil\u00e1got, \u00e9s k\u00fczdj meg minden ellensz\u00e9llel, ami az \u00fatjukba \u00e1ll ebben a szerelemr\u0151l sz\u00f3l\u00f3 kaland-RPG-ben!  Global Steam Digit\u00e1lis kulcs","robots":{"index":"index","follow":"follow","max-snippet":"max-snippet:-1","max-image-preview":"max-image-preview:large","max-video-preview":"max-video-preview:-1"},"canonical":"https:\/\/prismagamers.com\/hu\/produkt\/haven\/","og_locale":"hu_HU","og_type":"article","og_title":"Haven","og_description":"K\u00e9t szerelmesp\u00e1r, akik minden\u00e1ron egy\u00fctt akarnak lenni, felhagynak kor\u00e1bbi \u00e9let\u00fckkel, \u00e9s egy elveszett bolyg\u00f3ra menek\u00fclnek. Utazz \u00e1t egy titokzatos f\u00f6ld\u00f6n, fedezz fel egy megosztott vil\u00e1got, \u00e9s k\u00fczdj meg minden ellensz\u00e9llel, ami az \u00fatjukba \u00e1ll ebben a szerelemr\u0151l sz\u00f3l\u00f3 kaland-RPG-ben!  Global Steam Digit\u00e1lis kulcs","og_url":"https:\/\/prismagamers.com\/hu\/produkt\/haven\/","og_site_name":"Prismagamers.com","article_publisher":"https:\/\/www.facebook.com\/prismagamers","article_modified_time":"2026-04-20T23:56:11+00:00","og_image":[{"width":337,"height":450,"url":"https:\/\/prismagamers.com\/wp-content\/uploads\/2023\/02\/haven-e1727185821590.jpg","type":"image\/jpeg"}],"twitter_card":"summary_large_image","twitter_misc":{"Becs\u00fclt olvas\u00e1si id\u0151":"1 perc"},"schema":{"@context":"https:\/\/schema.org","@graph":[{"@type":"WebPage","@id":"https:\/\/prismagamers.com\/hu\/produkt\/haven\/","url":"https:\/\/prismagamers.com\/hu\/produkt\/haven\/","name":"Haven - Prismagamers.com","isPartOf":{"@id":"https:\/\/prismagamers.com\/hu\/#website"},"primaryImageOfPage":{"@id":"https:\/\/prismagamers.com\/hu\/produkt\/haven\/#primaryimage"},"image":{"@id":"https:\/\/prismagamers.com\/hu\/produkt\/haven\/#primaryimage"},"thumbnailUrl":"https:\/\/prismagamers.com\/wp-content\/uploads\/2023\/02\/haven-e1727185821590.jpg","datePublished":"2023-02-14T21:33:48+00:00","dateModified":"2026-04-20T23:56:11+00:00","description":"K\u00e9t szerelmesp\u00e1r, akik minden\u00e1ron egy\u00fctt akarnak lenni, felhagynak kor\u00e1bbi \u00e9let\u00fckkel, \u00e9s egy elveszett bolyg\u00f3ra menek\u00fclnek. Utazz \u00e1t egy titokzatos f\u00f6ld\u00f6n, fedezz fel egy megosztott vil\u00e1got, \u00e9s k\u00fczdj meg minden ellensz\u00e9llel, ami az \u00fatjukba \u00e1ll ebben a szerelemr\u0151l sz\u00f3l\u00f3 kaland-RPG-ben! Global Steam Digit\u00e1lis kulcs","breadcrumb":{"@id":"https:\/\/prismagamers.com\/hu\/produkt\/haven\/#breadcrumb"},"inLanguage":"hu","potentialAction":[{"@type":"ReadAction","target":["https:\/\/prismagamers.com\/hu\/produkt\/haven\/"]}]},{"@type":"ImageObject","inLanguage":"hu","@id":"https:\/\/prismagamers.com\/hu\/produkt\/haven\/#primaryimage","url":"https:\/\/prismagamers.com\/wp-content\/uploads\/2023\/02\/haven-e1727185821590.jpg","contentUrl":"https:\/\/prismagamers.com\/wp-content\/uploads\/2023\/02\/haven-e1727185821590.jpg","width":337,"height":450},{"@type":"BreadcrumbList","@id":"https:\/\/prismagamers.com\/hu\/produkt\/haven\/#breadcrumb","itemListElement":[{"@type":"ListItem","position":1,"name":"Strona g\u0142\u00f3wna","item":"https:\/\/prismagamers.com\/hu\/prismagamers\/"},{"@type":"ListItem","position":2,"name":"Shop","item":"https:\/\/prismagamers.com\/hu\/shop\/"},{"@type":"ListItem","position":3,"name":"Haven"}]},{"@type":"WebSite","@id":"https:\/\/prismagamers.com\/hu\/#website","url":"https:\/\/prismagamers.com\/hu\/","name":"Prismagamers","description":"Sklep z grami PC I Sklep klucze Steam","publisher":{"@id":"https:\/\/prismagamers.com\/hu\/#organization"},"potentialAction":[{"@type":"SearchAction","target":{"@type":"EntryPoint","urlTemplate":"https:\/\/prismagamers.com\/hu\/?s={search_term_string}"},"query-input":{"@type":"PropertyValueSpecification","valueRequired":true,"valueName":"search_term_string"}}],"inLanguage":"hu"},{"@type":"Organization","@id":"https:\/\/prismagamers.com\/hu\/#organization","name":"Prismagamers","url":"https:\/\/prismagamers.com\/hu\/","logo":{"@type":"ImageObject","inLanguage":"hu","@id":"https:\/\/prismagamers.com\/hu\/#\/schema\/logo\/image\/","url":"https:\/\/prismagamers.com\/wp-content\/uploads\/2022\/04\/cropped-logo-Prismagamers-01-scaled-1.jpg","contentUrl":"https:\/\/prismagamers.com\/wp-content\/uploads\/2022\/04\/cropped-logo-Prismagamers-01-scaled-1.jpg","width":512,"height":512,"caption":"Prismagamers"},"image":{"@id":"https:\/\/prismagamers.com\/hu\/#\/schema\/logo\/image\/"},"sameAs":["https:\/\/www.facebook.com\/prismagamers","https:\/\/www.instagram.com\/prismagamers_grycyfrowe\/"],"description":"Prismagamers.com to dynamiczny sklep z grami cyfrowymi, stworzony z my\u015bl\u0105 o entuzjastach gier wideo. Nasza strona oferuje szerok\u0105 gam\u0119 gier komputerowych, w tym najnowsze tytu\u0142y, dobrze znane klasyki oraz gry stworzone przez niezale\u017cne studia Ca\u0142y czas d\u0105\u017cymy do rozszerzenia naszej oferty. Do\u0142\u0105cz do nas i sta\u0144 si\u0119 cz\u0119\u015bci\u0105 naszej rosn\u0105cej spo\u0142eczno\u015bci graczy!","email":"shop@prismagamers.com","telephone":"48795541705","legalName":"East Caravan Maksym \u017bukow","foundingDate":"2012-05-10","vatID":"PL8943038612","taxID":"PL8943038612","numberOfEmployees":{"@type":"QuantitativeValue","minValue":"11","maxValue":"50"}}]}},"_links":{"self":[{"href":"https:\/\/prismagamers.com\/hu\/wp-json\/wp\/v2\/product\/35098","targetHints":{"allow":["GET"]}}],"collection":[{"href":"https:\/\/prismagamers.com\/hu\/wp-json\/wp\/v2\/product"}],"about":[{"href":"https:\/\/prismagamers.com\/hu\/wp-json\/wp\/v2\/types\/product"}],"wp:featuredmedia":[{"embeddable":true,"href":"https:\/\/prismagamers.com\/hu\/wp-json\/wp\/v2\/media\/25045"}],"wp:attachment":[{"href":"https:\/\/prismagamers.com\/hu\/wp-json\/wp\/v2\/media?parent=35098"}],"wp:term":[{"taxonomy":"product_brand","embeddable":true,"href":"https:\/\/prismagamers.com\/hu\/wp-json\/wp\/v2\/product_brand?post=35098"},{"taxonomy":"product_cat","embeddable":true,"href":"https:\/\/prismagamers.com\/hu\/wp-json\/wp\/v2\/product_cat?post=35098"},{"taxonomy":"product_tag","embeddable":true,"href":"https:\/\/prismagamers.com\/hu\/wp-json\/wp\/v2\/product_tag?post=35098"}],"curies":[{"name":"wp","href":"https:\/\/api.w.org\/{rel}","templated":true}]}}