{"id":35102,"date":"2023-04-12T21:52:11","date_gmt":"2023-04-12T19:52:11","guid":{"rendered":"https:\/\/prismagamers.com\/produkt\/a-farkas-koztunk\/"},"modified":"2026-01-02T00:36:13","modified_gmt":"2026-01-01T23:36:13","slug":"a-farkas-koztunk","status":"publish","type":"product","link":"https:\/\/prismagamers.com\/hu\/produkt\/a-farkas-koztunk\/","title":{"rendered":"A farkas k\u00f6zt\u00fcnk"},"content":{"rendered":"<p>A 2012-es j\u00e1t\u00e9k alkot\u00f3it\u00f3l: A The Walking Dead c\u00edm\u0171 j\u00e1t\u00e9k alkot\u00f3i: A The Walking Dead c\u00edm\u0171 j\u00e1t\u00e9k alkot\u00f3i: A The Walking Dead c\u00edm\u0171 j\u00e1t\u00e9k alkot\u00f3i: S\u00f6t\u00e9t, brut\u00e1lis \u00e9s \u00e9rett thriller, amely a d\u00edjnyertes Fables k\u00e9preg\u00e9nysorozat (DC Comics\/Vertigo) alapj\u00e1n k\u00e9sz\u00fclt. Bigby Wolf &#8211; a NAGY rossz farkas &#8211; szerep\u00e9ben felfedezheted, hogy egy brut\u00e1lis, v\u00e9res gyilkoss\u00e1g csak az el\u0151\u00edze a j\u00e1t\u00e9ksorozat elk\u00f6vetkez\u0151 esem\u00e9nyeinek, ahol minden d\u00f6nt\u00e9sednek hatalmas k\u00f6vetkezm\u00e9nyei lehetnek. <\/p>\n<p>A Telltale forradalmi v\u00e1laszt\u00e1si \u00e9s k\u00f6vetkezm\u00e9nymechanik\u00e1j\u00e1nak fejl\u0151d\u00e9se biztos\u00edtja, hogy Bigby Wolf, Fabletown seriffje szerep\u00e9ben is v\u00e9res, ijeszt\u0151 \u00e9s vesz\u00e9lyes legyen az \u00e9let a nagy, rossz v\u00e1rosban.<\/p>\n<p>Az \u00e9vad \u00f6t epiz\u00f3dot tartalmaz:<\/p>\n<p>Episode 1: Faith &#8211; Most el\u00e9rhet\u0151<br \/>\nEpisode 2: Smoke and Mirrors &#8211; Most el\u00e9rhet\u0151<br \/>\nEpisode 3: A Crooked Mile &#8211; Most el\u00e9rhet\u0151<br \/>\nEpisode 4: In Sheep&#8217;s Clothing &#8211; Most el\u00e9rhet\u0151<br \/>\nEpisode 5: Cry Wolf &#8211; Most el\u00e9rhet\u0151<\/p>\n<p><strong>F\u0151bb jellemz\u0151k:<\/strong><\/p>\n<ul>\n<li>A 2012-es \u00e9v j\u00e1t\u00e9ka, a The Walking Dead csapat\u00e1t\u00f3l<\/li>\n<li>A d\u00edjnyertes Fables k\u00e9preg\u00e9nysorozat alapj\u00e1n<\/li>\n<li>Most m\u00e1r nem csak az, hogy mit v\u00e1lasztasz, hanem az is, hogy mikor v\u00e1lasztasz, hat\u00e1ssal lesz a t\u00f6rt\u00e9netedre.<\/li>\n<li>\u00c9rett \u00e9s s\u00f6t\u00e9t pillant\u00e1s a t\u00fcnd\u00e9rmes\u00e9k, legend\u00e1k \u00e9s folkl\u00f3r szerepl\u0151ire, akik a mi vil\u00e1gunkba sz\u00f6ktek.<\/li>\n<li>T\u00f6k\u00e9letes kiindul\u00f3pont a Fables-kalandhoz, m\u00e9g akkor is, ha nem olvastad a k\u00e9preg\u00e9nyeket; a j\u00e1t\u00e9k az els\u0151 k\u00f6tet esem\u00e9nyei el\u0151tt j\u00e1tsz\u00f3dik.<\/li>\n<\/ul>\n","protected":false},"excerpt":{"rendered":"<div class=\"flex max-w-full flex-col flex-grow\">\n<div class=\"min-h-[20px] text-message flex w-full flex-col items-end gap-2 whitespace-normal break-words [.text-message+&amp;]:mt-5\" dir=\"auto\" data-message-author-role=\"assistant\" data-message-id=\"ea07b5eb-1ee3-4150-be2a-a79ef5fe80ba\">\n<div class=\"flex w-full flex-col gap-1 empty:hidden first:pt-[3px]\">\n<div class=\"markdown prose w-full break-words dark:prose-invert light\">\n<p class=\"ai-optimize-23\">A 2012-es \u00e9v j\u00e1t\u00e9k\u00e1nak, a The Walking Deadnek az alkot\u00f3it\u00f3l \u00e9rkezik a d\u00edjnyertes Fables k\u00e9preg\u00e9nysorozaton alapul\u00f3 thriller. Bigby Wolf szerep\u00e9ben felfedezheted, hogy egy brut\u00e1lis, v\u00e9res gyilkoss\u00e1g csak az el\u0151szele az elk\u00f6vetkezend\u0151 dolgoknak egy olyan j\u00e1t\u00e9ksorozatban, ahol minden d\u00f6nt\u00e9sednek hatalmas k\u00f6vetkezm\u00e9nyei lehetnek. <\/p>\n<\/div>\n<\/div>\n<\/div>\n<\/div>\n<div class=\"mb-2 flex gap-3 empty:hidden -ml-2\">\n<div class=\"items-center justify-start rounded-xl p-1 flex\">\n<div class=\"flex items-center\"><\/div>\n<\/div>\n<\/div>\n<p class=\"ai-optimize-24\"><img decoding=\"async\" class=\"emoji\" role=\"img\" draggable=\"false\" src=\"https:\/\/s.w.org\/images\/core\/emoji\/14.0.0\/svg\/1f30d.svg\" alt=\"\ud83c\udf0d\">  Global<br \/>\n<img decoding=\"async\" class=\"emoji\" role=\"img\" draggable=\"false\" src=\"https:\/\/s.w.org\/images\/core\/emoji\/14.0.0\/svg\/2699.svg\" alt=\"\u2699\ufe0f\"> Steam<br \/>\n<img decoding=\"async\" class=\"emoji\" role=\"img\" draggable=\"false\" src=\"https:\/\/s.w.org\/images\/core\/emoji\/14.0.0\/svg\/1f5dd.svg\" alt=\"\ud83d\udddd\"> Digit\u00e1lis kulcs<\/p>\n","protected":false},"featured_media":25149,"template":"","meta":{"_acf_changed":false,"site-sidebar-layout":"default","site-content-layout":"default","ast-site-content-layout":"default","site-content-style":"default","site-sidebar-style":"default","ast-global-header-display":"","ast-banner-title-visibility":"","ast-main-header-display":"","ast-hfb-above-header-display":"","ast-hfb-below-header-display":"","ast-hfb-mobile-header-display":"","site-post-title":"","ast-breadcrumbs-content":"","ast-featured-img":"","footer-sml-layout":"","ast-disable-related-posts":"","theme-transparent-header-meta":"default","adv-header-id-meta":"","stick-header-meta":"","header-above-stick-meta":"","header-main-stick-meta":"","header-below-stick-meta":"","astra-migrate-meta-layouts":"default","ast-page-background-enabled":"default","ast-page-background-meta":{"desktop":{"background-color":"var(--ast-global-color-4)","background-image":"","background-repeat":"repeat","background-position":"center center","background-size":"auto","background-attachment":"scroll","background-type":"","background-media":"","overlay-type":"","overlay-color":"","overlay-opacity":"","overlay-gradient":""},"tablet":{"background-color":"","background-image":"","background-repeat":"repeat","background-position":"center center","background-size":"auto","background-attachment":"scroll","background-type":"","background-media":"","overlay-type":"","overlay-color":"","overlay-opacity":"","overlay-gradient":""},"mobile":{"background-color":"","background-image":"","background-repeat":"repeat","background-position":"center center","background-size":"auto","background-attachment":"scroll","background-type":"","background-media":"","overlay-type":"","overlay-color":"","overlay-opacity":"","overlay-gradient":""}},"ast-content-background-meta":{"desktop":{"background-color":"var(--ast-global-color-5)","background-image":"","background-repeat":"repeat","background-position":"center center","background-size":"auto","background-attachment":"scroll","background-type":"","background-media":"","overlay-type":"","overlay-color":"","overlay-opacity":"","overlay-gradient":""},"tablet":{"background-color":"var(--ast-global-color-5)","background-image":"","background-repeat":"repeat","background-position":"center center","background-size":"auto","background-attachment":"scroll","background-type":"","background-media":"","overlay-type":"","overlay-color":"","overlay-opacity":"","overlay-gradient":""},"mobile":{"background-color":"var(--ast-global-color-5)","background-image":"","background-repeat":"repeat","background-position":"center center","background-size":"auto","background-attachment":"scroll","background-type":"","background-media":"","overlay-type":"","overlay-color":"","overlay-opacity":"","overlay-gradient":""}}},"product_brand":[],"product_cat":[371,394,365,385,363,367,335,399],"product_tag":[370],"class_list":{"0":"post-35102","1":"product","2":"type-product","3":"status-publish","4":"has-post-thumbnail","6":"product_cat-akcio-jatekok","7":"product_cat-digitalis-jatekok","8":"product_cat-goz","9":"product_cat-horror-hu","10":"product_cat-kaland-jatekok","11":"product_cat-pc-jatekok","12":"product_cat-wyprzedaz","13":"product_cat-telltale-games-hu","14":"product_tag-pid-tel","15":"desktop-align-left","16":"tablet-align-left","17":"mobile-align-left","19":"first","20":"instock","21":"virtual","22":"purchasable","23":"product-type-simple"},"acf":[],"yoast_head":"<!-- This site is optimized with the Yoast SEO Premium plugin v27.4 (Yoast SEO v27.4) - https:\/\/yoast.com\/product\/yoast-seo-premium-wordpress\/ -->\n<title>A farkas k\u00f6zt\u00fcnk - Prismagamers.com<\/title>\n<meta name=\"description\" content=\"A 2012-es \u00e9v j\u00e1t\u00e9k\u00e1nak, a The Walking Deadnek az alkot\u00f3it\u00f3l \u00e9rkezik a d\u00edjnyertes Fables k\u00e9preg\u00e9nysorozaton alapul\u00f3 thriller. Bigby Wolf szerep\u00e9ben felfedezheted, hogy egy brut\u00e1lis, v\u00e9res gyilkoss\u00e1g csak az el\u0151szele az elk\u00f6vetkezend\u0151 dolgoknak egy olyan j\u00e1t\u00e9ksorozatban, ahol minden d\u00f6nt\u00e9sednek hatalmas k\u00f6vetkezm\u00e9nyei lehetnek.       Global Steam Digit\u00e1lis kulcs\" \/>\n<meta name=\"robots\" content=\"index, follow, max-snippet:-1, max-image-preview:large, max-video-preview:-1\" \/>\n<link rel=\"canonical\" href=\"https:\/\/prismagamers.com\/hu\/produkt\/a-farkas-koztunk\/\" \/>\n<meta property=\"og:locale\" content=\"hu_HU\" \/>\n<meta property=\"og:type\" content=\"article\" \/>\n<meta property=\"og:title\" content=\"A farkas k\u00f6zt\u00fcnk\" \/>\n<meta property=\"og:description\" content=\"A 2012-es \u00e9v j\u00e1t\u00e9k\u00e1nak, a The Walking Deadnek az alkot\u00f3it\u00f3l \u00e9rkezik a d\u00edjnyertes Fables k\u00e9preg\u00e9nysorozaton alapul\u00f3 thriller. Bigby Wolf szerep\u00e9ben felfedezheted, hogy egy brut\u00e1lis, v\u00e9res gyilkoss\u00e1g csak az el\u0151szele az elk\u00f6vetkezend\u0151 dolgoknak egy olyan j\u00e1t\u00e9ksorozatban, ahol minden d\u00f6nt\u00e9sednek hatalmas k\u00f6vetkezm\u00e9nyei lehetnek.       Global Steam Digit\u00e1lis kulcs\" \/>\n<meta property=\"og:url\" content=\"https:\/\/prismagamers.com\/hu\/produkt\/a-farkas-koztunk\/\" \/>\n<meta property=\"og:site_name\" content=\"Prismagamers.com\" \/>\n<meta property=\"article:publisher\" content=\"https:\/\/www.facebook.com\/prismagamers\" \/>\n<meta property=\"article:modified_time\" content=\"2026-01-01T23:36:13+00:00\" \/>\n<meta property=\"og:image\" content=\"https:\/\/prismagamers.com\/wp-content\/uploads\/2023\/04\/The-Wolf-Among-Us-1.jpg\" \/>\n\t<meta property=\"og:image:width\" content=\"600\" \/>\n\t<meta property=\"og:image:height\" content=\"900\" \/>\n\t<meta property=\"og:image:type\" content=\"image\/jpeg\" \/>\n<meta name=\"twitter:card\" content=\"summary_large_image\" \/>\n<meta name=\"twitter:label1\" content=\"Becs\u00fclt olvas\u00e1si id\u0151\" \/>\n\t<meta name=\"twitter:data1\" content=\"1 perc\" \/>\n<script type=\"application\/ld+json\" class=\"yoast-schema-graph\">{\"@context\":\"https:\\\/\\\/schema.org\",\"@graph\":[{\"@type\":\"WebPage\",\"@id\":\"https:\\\/\\\/prismagamers.com\\\/hu\\\/produkt\\\/a-farkas-koztunk\\\/\",\"url\":\"https:\\\/\\\/prismagamers.com\\\/hu\\\/produkt\\\/a-farkas-koztunk\\\/\",\"name\":\"A farkas k\u00f6zt\u00fcnk - Prismagamers.com\",\"isPartOf\":{\"@id\":\"https:\\\/\\\/prismagamers.com\\\/hu\\\/#website\"},\"primaryImageOfPage\":{\"@id\":\"https:\\\/\\\/prismagamers.com\\\/hu\\\/produkt\\\/a-farkas-koztunk\\\/#primaryimage\"},\"image\":{\"@id\":\"https:\\\/\\\/prismagamers.com\\\/hu\\\/produkt\\\/a-farkas-koztunk\\\/#primaryimage\"},\"thumbnailUrl\":\"https:\\\/\\\/prismagamers.com\\\/wp-content\\\/uploads\\\/2023\\\/04\\\/The-Wolf-Among-Us-1.jpg\",\"datePublished\":\"2023-04-12T19:52:11+00:00\",\"dateModified\":\"2026-01-01T23:36:13+00:00\",\"description\":\"A 2012-es \u00e9v j\u00e1t\u00e9k\u00e1nak, a The Walking Deadnek az alkot\u00f3it\u00f3l \u00e9rkezik a d\u00edjnyertes Fables k\u00e9preg\u00e9nysorozaton alapul\u00f3 thriller. Bigby Wolf szerep\u00e9ben felfedezheted, hogy egy brut\u00e1lis, v\u00e9res gyilkoss\u00e1g csak az el\u0151szele az elk\u00f6vetkezend\u0151 dolgoknak egy olyan j\u00e1t\u00e9ksorozatban, ahol minden d\u00f6nt\u00e9sednek hatalmas k\u00f6vetkezm\u00e9nyei lehetnek. Global Steam Digit\u00e1lis kulcs\",\"breadcrumb\":{\"@id\":\"https:\\\/\\\/prismagamers.com\\\/hu\\\/produkt\\\/a-farkas-koztunk\\\/#breadcrumb\"},\"inLanguage\":\"hu\",\"potentialAction\":[{\"@type\":\"ReadAction\",\"target\":[\"https:\\\/\\\/prismagamers.com\\\/hu\\\/produkt\\\/a-farkas-koztunk\\\/\"]}]},{\"@type\":\"ImageObject\",\"inLanguage\":\"hu\",\"@id\":\"https:\\\/\\\/prismagamers.com\\\/hu\\\/produkt\\\/a-farkas-koztunk\\\/#primaryimage\",\"url\":\"https:\\\/\\\/prismagamers.com\\\/wp-content\\\/uploads\\\/2023\\\/04\\\/The-Wolf-Among-Us-1.jpg\",\"contentUrl\":\"https:\\\/\\\/prismagamers.com\\\/wp-content\\\/uploads\\\/2023\\\/04\\\/The-Wolf-Among-Us-1.jpg\",\"width\":600,\"height\":900},{\"@type\":\"BreadcrumbList\",\"@id\":\"https:\\\/\\\/prismagamers.com\\\/hu\\\/produkt\\\/a-farkas-koztunk\\\/#breadcrumb\",\"itemListElement\":[{\"@type\":\"ListItem\",\"position\":1,\"name\":\"Strona g\u0142\u00f3wna\",\"item\":\"https:\\\/\\\/prismagamers.com\\\/hu\\\/prismagamers\\\/\"},{\"@type\":\"ListItem\",\"position\":2,\"name\":\"Shop\",\"item\":\"https:\\\/\\\/prismagamers.com\\\/hu\\\/shop\\\/\"},{\"@type\":\"ListItem\",\"position\":3,\"name\":\"A farkas k\u00f6zt\u00fcnk\"}]},{\"@type\":\"WebSite\",\"@id\":\"https:\\\/\\\/prismagamers.com\\\/hu\\\/#website\",\"url\":\"https:\\\/\\\/prismagamers.com\\\/hu\\\/\",\"name\":\"Prismagamers\",\"description\":\"Sklep z grami PC I Sklep klucze Steam\",\"publisher\":{\"@id\":\"https:\\\/\\\/prismagamers.com\\\/hu\\\/#organization\"},\"potentialAction\":[{\"@type\":\"SearchAction\",\"target\":{\"@type\":\"EntryPoint\",\"urlTemplate\":\"https:\\\/\\\/prismagamers.com\\\/hu\\\/?s={search_term_string}\"},\"query-input\":{\"@type\":\"PropertyValueSpecification\",\"valueRequired\":true,\"valueName\":\"search_term_string\"}}],\"inLanguage\":\"hu\"},{\"@type\":\"Organization\",\"@id\":\"https:\\\/\\\/prismagamers.com\\\/hu\\\/#organization\",\"name\":\"Prismagamers\",\"url\":\"https:\\\/\\\/prismagamers.com\\\/hu\\\/\",\"logo\":{\"@type\":\"ImageObject\",\"inLanguage\":\"hu\",\"@id\":\"https:\\\/\\\/prismagamers.com\\\/hu\\\/#\\\/schema\\\/logo\\\/image\\\/\",\"url\":\"https:\\\/\\\/prismagamers.com\\\/wp-content\\\/uploads\\\/2022\\\/04\\\/cropped-logo-Prismagamers-01-scaled-1.jpg\",\"contentUrl\":\"https:\\\/\\\/prismagamers.com\\\/wp-content\\\/uploads\\\/2022\\\/04\\\/cropped-logo-Prismagamers-01-scaled-1.jpg\",\"width\":512,\"height\":512,\"caption\":\"Prismagamers\"},\"image\":{\"@id\":\"https:\\\/\\\/prismagamers.com\\\/hu\\\/#\\\/schema\\\/logo\\\/image\\\/\"},\"sameAs\":[\"https:\\\/\\\/www.facebook.com\\\/prismagamers\",\"https:\\\/\\\/www.instagram.com\\\/prismagamers_grycyfrowe\\\/\"],\"description\":\"Prismagamers.com to dynamiczny sklep z grami cyfrowymi, stworzony z my\u015bl\u0105 o entuzjastach gier wideo. Nasza strona oferuje szerok\u0105 gam\u0119 gier komputerowych, w tym najnowsze tytu\u0142y, dobrze znane klasyki oraz gry stworzone przez niezale\u017cne studia Ca\u0142y czas d\u0105\u017cymy do rozszerzenia naszej oferty. Do\u0142\u0105cz do nas i sta\u0144 si\u0119 cz\u0119\u015bci\u0105 naszej rosn\u0105cej spo\u0142eczno\u015bci graczy!\",\"email\":\"shop@prismagamers.com\",\"telephone\":\"48795541705\",\"legalName\":\"East Caravan Maksym \u017bukow\",\"foundingDate\":\"2012-05-10\",\"vatID\":\"PL8943038612\",\"taxID\":\"PL8943038612\",\"numberOfEmployees\":{\"@type\":\"QuantitativeValue\",\"minValue\":\"11\",\"maxValue\":\"50\"}}]}<\/script>\n<!-- \/ Yoast SEO Premium plugin. -->","yoast_head_json":{"title":"A farkas k\u00f6zt\u00fcnk - Prismagamers.com","description":"A 2012-es \u00e9v j\u00e1t\u00e9k\u00e1nak, a The Walking Deadnek az alkot\u00f3it\u00f3l \u00e9rkezik a d\u00edjnyertes Fables k\u00e9preg\u00e9nysorozaton alapul\u00f3 thriller. Bigby Wolf szerep\u00e9ben felfedezheted, hogy egy brut\u00e1lis, v\u00e9res gyilkoss\u00e1g csak az el\u0151szele az elk\u00f6vetkezend\u0151 dolgoknak egy olyan j\u00e1t\u00e9ksorozatban, ahol minden d\u00f6nt\u00e9sednek hatalmas k\u00f6vetkezm\u00e9nyei lehetnek.       Global Steam Digit\u00e1lis kulcs","robots":{"index":"index","follow":"follow","max-snippet":"max-snippet:-1","max-image-preview":"max-image-preview:large","max-video-preview":"max-video-preview:-1"},"canonical":"https:\/\/prismagamers.com\/hu\/produkt\/a-farkas-koztunk\/","og_locale":"hu_HU","og_type":"article","og_title":"A farkas k\u00f6zt\u00fcnk","og_description":"A 2012-es \u00e9v j\u00e1t\u00e9k\u00e1nak, a The Walking Deadnek az alkot\u00f3it\u00f3l \u00e9rkezik a d\u00edjnyertes Fables k\u00e9preg\u00e9nysorozaton alapul\u00f3 thriller. Bigby Wolf szerep\u00e9ben felfedezheted, hogy egy brut\u00e1lis, v\u00e9res gyilkoss\u00e1g csak az el\u0151szele az elk\u00f6vetkezend\u0151 dolgoknak egy olyan j\u00e1t\u00e9ksorozatban, ahol minden d\u00f6nt\u00e9sednek hatalmas k\u00f6vetkezm\u00e9nyei lehetnek.       Global Steam Digit\u00e1lis kulcs","og_url":"https:\/\/prismagamers.com\/hu\/produkt\/a-farkas-koztunk\/","og_site_name":"Prismagamers.com","article_publisher":"https:\/\/www.facebook.com\/prismagamers","article_modified_time":"2026-01-01T23:36:13+00:00","og_image":[{"width":600,"height":900,"url":"https:\/\/prismagamers.com\/wp-content\/uploads\/2023\/04\/The-Wolf-Among-Us-1.jpg","type":"image\/jpeg"}],"twitter_card":"summary_large_image","twitter_misc":{"Becs\u00fclt olvas\u00e1si id\u0151":"1 perc"},"schema":{"@context":"https:\/\/schema.org","@graph":[{"@type":"WebPage","@id":"https:\/\/prismagamers.com\/hu\/produkt\/a-farkas-koztunk\/","url":"https:\/\/prismagamers.com\/hu\/produkt\/a-farkas-koztunk\/","name":"A farkas k\u00f6zt\u00fcnk - Prismagamers.com","isPartOf":{"@id":"https:\/\/prismagamers.com\/hu\/#website"},"primaryImageOfPage":{"@id":"https:\/\/prismagamers.com\/hu\/produkt\/a-farkas-koztunk\/#primaryimage"},"image":{"@id":"https:\/\/prismagamers.com\/hu\/produkt\/a-farkas-koztunk\/#primaryimage"},"thumbnailUrl":"https:\/\/prismagamers.com\/wp-content\/uploads\/2023\/04\/The-Wolf-Among-Us-1.jpg","datePublished":"2023-04-12T19:52:11+00:00","dateModified":"2026-01-01T23:36:13+00:00","description":"A 2012-es \u00e9v j\u00e1t\u00e9k\u00e1nak, a The Walking Deadnek az alkot\u00f3it\u00f3l \u00e9rkezik a d\u00edjnyertes Fables k\u00e9preg\u00e9nysorozaton alapul\u00f3 thriller. Bigby Wolf szerep\u00e9ben felfedezheted, hogy egy brut\u00e1lis, v\u00e9res gyilkoss\u00e1g csak az el\u0151szele az elk\u00f6vetkezend\u0151 dolgoknak egy olyan j\u00e1t\u00e9ksorozatban, ahol minden d\u00f6nt\u00e9sednek hatalmas k\u00f6vetkezm\u00e9nyei lehetnek. Global Steam Digit\u00e1lis kulcs","breadcrumb":{"@id":"https:\/\/prismagamers.com\/hu\/produkt\/a-farkas-koztunk\/#breadcrumb"},"inLanguage":"hu","potentialAction":[{"@type":"ReadAction","target":["https:\/\/prismagamers.com\/hu\/produkt\/a-farkas-koztunk\/"]}]},{"@type":"ImageObject","inLanguage":"hu","@id":"https:\/\/prismagamers.com\/hu\/produkt\/a-farkas-koztunk\/#primaryimage","url":"https:\/\/prismagamers.com\/wp-content\/uploads\/2023\/04\/The-Wolf-Among-Us-1.jpg","contentUrl":"https:\/\/prismagamers.com\/wp-content\/uploads\/2023\/04\/The-Wolf-Among-Us-1.jpg","width":600,"height":900},{"@type":"BreadcrumbList","@id":"https:\/\/prismagamers.com\/hu\/produkt\/a-farkas-koztunk\/#breadcrumb","itemListElement":[{"@type":"ListItem","position":1,"name":"Strona g\u0142\u00f3wna","item":"https:\/\/prismagamers.com\/hu\/prismagamers\/"},{"@type":"ListItem","position":2,"name":"Shop","item":"https:\/\/prismagamers.com\/hu\/shop\/"},{"@type":"ListItem","position":3,"name":"A farkas k\u00f6zt\u00fcnk"}]},{"@type":"WebSite","@id":"https:\/\/prismagamers.com\/hu\/#website","url":"https:\/\/prismagamers.com\/hu\/","name":"Prismagamers","description":"Sklep z grami PC I Sklep klucze Steam","publisher":{"@id":"https:\/\/prismagamers.com\/hu\/#organization"},"potentialAction":[{"@type":"SearchAction","target":{"@type":"EntryPoint","urlTemplate":"https:\/\/prismagamers.com\/hu\/?s={search_term_string}"},"query-input":{"@type":"PropertyValueSpecification","valueRequired":true,"valueName":"search_term_string"}}],"inLanguage":"hu"},{"@type":"Organization","@id":"https:\/\/prismagamers.com\/hu\/#organization","name":"Prismagamers","url":"https:\/\/prismagamers.com\/hu\/","logo":{"@type":"ImageObject","inLanguage":"hu","@id":"https:\/\/prismagamers.com\/hu\/#\/schema\/logo\/image\/","url":"https:\/\/prismagamers.com\/wp-content\/uploads\/2022\/04\/cropped-logo-Prismagamers-01-scaled-1.jpg","contentUrl":"https:\/\/prismagamers.com\/wp-content\/uploads\/2022\/04\/cropped-logo-Prismagamers-01-scaled-1.jpg","width":512,"height":512,"caption":"Prismagamers"},"image":{"@id":"https:\/\/prismagamers.com\/hu\/#\/schema\/logo\/image\/"},"sameAs":["https:\/\/www.facebook.com\/prismagamers","https:\/\/www.instagram.com\/prismagamers_grycyfrowe\/"],"description":"Prismagamers.com to dynamiczny sklep z grami cyfrowymi, stworzony z my\u015bl\u0105 o entuzjastach gier wideo. Nasza strona oferuje szerok\u0105 gam\u0119 gier komputerowych, w tym najnowsze tytu\u0142y, dobrze znane klasyki oraz gry stworzone przez niezale\u017cne studia Ca\u0142y czas d\u0105\u017cymy do rozszerzenia naszej oferty. Do\u0142\u0105cz do nas i sta\u0144 si\u0119 cz\u0119\u015bci\u0105 naszej rosn\u0105cej spo\u0142eczno\u015bci graczy!","email":"shop@prismagamers.com","telephone":"48795541705","legalName":"East Caravan Maksym \u017bukow","foundingDate":"2012-05-10","vatID":"PL8943038612","taxID":"PL8943038612","numberOfEmployees":{"@type":"QuantitativeValue","minValue":"11","maxValue":"50"}}]}},"_links":{"self":[{"href":"https:\/\/prismagamers.com\/hu\/wp-json\/wp\/v2\/product\/35102","targetHints":{"allow":["GET"]}}],"collection":[{"href":"https:\/\/prismagamers.com\/hu\/wp-json\/wp\/v2\/product"}],"about":[{"href":"https:\/\/prismagamers.com\/hu\/wp-json\/wp\/v2\/types\/product"}],"wp:featuredmedia":[{"embeddable":true,"href":"https:\/\/prismagamers.com\/hu\/wp-json\/wp\/v2\/media\/25149"}],"wp:attachment":[{"href":"https:\/\/prismagamers.com\/hu\/wp-json\/wp\/v2\/media?parent=35102"}],"wp:term":[{"taxonomy":"product_brand","embeddable":true,"href":"https:\/\/prismagamers.com\/hu\/wp-json\/wp\/v2\/product_brand?post=35102"},{"taxonomy":"product_cat","embeddable":true,"href":"https:\/\/prismagamers.com\/hu\/wp-json\/wp\/v2\/product_cat?post=35102"},{"taxonomy":"product_tag","embeddable":true,"href":"https:\/\/prismagamers.com\/hu\/wp-json\/wp\/v2\/product_tag?post=35102"}],"curies":[{"name":"wp","href":"https:\/\/api.w.org\/{rel}","templated":true}]}}