{"id":35103,"date":"2023-04-24T13:35:40","date_gmt":"2023-04-24T11:35:40","guid":{"rendered":"https:\/\/prismagamers.com\/produkt\/wallace-gromit-nagy-kalandjai-pc\/"},"modified":"2026-01-02T00:36:13","modified_gmt":"2026-01-01T23:36:13","slug":"wallace-gromit-nagy-kalandjai-pc","status":"publish","type":"product","link":"https:\/\/prismagamers.com\/hu\/produkt\/wallace-gromit-nagy-kalandjai-pc\/","title":{"rendered":"Wallace &amp; Gromit nagy kalandjai (PC)"},"content":{"rendered":"<p><strong>Tartalmazza:<\/strong> A Wallace \u00e9s Gromit nagy kalandjai mind a 4 epiz\u00f3dj\u00e1t.<\/p>\n<p>L\u00e9pj be a West Wallaby Street sz\u00ednes vil\u00e1g\u00e1ba a n\u00e9gy csod\u00e1latos kalandb\u00f3l \u00e1ll\u00f3 sorozatban, amelyet a Wallace &amp; Gromit anim\u00e1ci\u00f3s filmek \u00e9s a d\u00edjnyertes Telltale Games alkot\u00f3i, az Aardman Animations k\u00e9sz\u00edtett. Az Aardman zseni\u00e1lis filmjeihez hasonl\u00f3an a Wallace \u00e9s Gromit minden egyes epiz\u00f3dj\u00e1ban egy lelkes feltal\u00e1l\u00f3 \u00e9s h\u0171s\u00e9ges kutyat\u00e1rsa vesz r\u00e9szt, akik v\u00e1ratlan (\u00e9s mindig nevet\u00e9st kelt\u0151) bonyodalmakkal teli, ambici\u00f3zus \u00faj v\u00e1llalkoz\u00e1sokba kezdenek. <\/p>\n<p>Hatalmas m\u00e9hek, elrabolt kuty\u00e1k, egy tengerparti \u00fcd\u00fcl\u0151hely a pinc\u00e9ben \u00e9s egy fin\u00e1l\u00e9 a T\u00fcsk\u00e9s T\u00f6vis klubban. Tegye pr\u00f3b\u00e1ra a du\u00f3t, hogy a te\u00e1z\u00e1s el\u0151tt helyrehozza a dolgokat! <\/p>\n<p><strong>1. epiz\u00f3d &#8211; &#8222;F\u00e9lelem a dong\u00f3kt\u00f3l&#8221;.<\/strong><\/p>\n<p>Wallace nagy vir\u00e1gokkal pr\u00f3b\u00e1lja megmenteni cs\u0151dbe ment m\u00e9z\u00fczlet\u00e9t. Ennek nem k\u00edv\u00e1nt k\u00f6vetkezm\u00e9nye lesz &#8211; \u00f3ri\u00e1s m\u00e9hek! &#8211; \u00c9S Gromitnak meg kell mentenie a v\u00e1rost a d\u00fch\u00f6s rajokt\u00f3l!  <\/p>\n<p><strong>2. epiz\u00f3d &#8211; &#8222;Utols\u00f3 mentsv\u00e1r&#8221;.<\/strong><\/p>\n<p>Wallace \u00e9s Gromit pinc\u00e9j\u00fcket tengerparti \u00fcd\u00fcl\u0151helly\u00e9 alak\u00edtj\u00e1k, amikor az es\u0151 t\u00f6nkreteszi a nyaral\u00e1si terveiket. Miut\u00e1n az \u00fcd\u00fcl\u0151 egyik vend\u00e9g\u00e9t egy ismeretlen t\u00e1mad\u00f3 felbosszantja, Gromitnak \u00e9s egy dedukt\u00edv-matikus tal\u00e1lm\u00e1nynak kell megoldania az \u00fcgyet! <\/p>\n<p><strong>3. epiz\u00f3d &#8211; &#8222;Elhallgattatva!&#8221;<\/strong><\/p>\n<p>A v\u00e1rosba \u00fajonnan \u00e9rkezett Monty Muzzle adom\u00e1nygy\u0171jt\u00e9st szervez a helyi kutyamenhely \u00fajj\u00e1\u00e9p\u00edt\u00e9s\u00e9re. Gromit r\u00e1j\u00f6n, hogy Muzzle sz\u00e1nd\u00e9kai nem teljesen j\u00f3indulat\u00faak, \u00e9s meg kell hi\u00fas\u00edtania Muzzle terv\u00e9t, hogy megmentse kutyabar\u00e1tjait. <\/p>\n<p><strong>4. r\u00e9sz &#8211; &#8222;Bogey Man&#8221;<\/strong><\/p>\n<p>Wallace-t felvett\u00e9k a Prickly Thicketbe, Lancashire legr\u00e9gebbi vid\u00e9ki klubj\u00e1ba. Wallace \u00e9s h\u0171s\u00e9ges caddyje, Gromit belekeverednek egy klubvit\u00e1ba, \u00e9s meg kell k\u00fczdeni\u00fck, hogy megments\u00e9k mindazt, ami sz\u00e1mukra kedves! <\/p>\n","protected":false},"excerpt":{"rendered":"<p class=\"ai-optimize-23\">L\u00e9pj be a West Wallaby Street sz\u00ednes vil\u00e1g\u00e1ba a n\u00e9gy csod\u00e1latos kalandb\u00f3l \u00e1ll\u00f3 sorozatban, amelyet a Wallace &amp; Gromit anim\u00e1ci\u00f3s filmek \u00e9s a d\u00edjnyertes Telltale Games alkot\u00f3i, az Aardman Animations k\u00e9sz\u00edtett. Az Aardman zseni\u00e1lis filmjeihez hasonl\u00f3an a Wallace \u00e9s Gromit minden egyes epiz\u00f3dj\u00e1ban egy lelkes feltal\u00e1l\u00f3 \u00e9s h\u0171s\u00e9ges kutyat\u00e1rsa vesz r\u00e9szt, akik v\u00e1ratlan (\u00e9s mindig nevet\u00e9st kelt\u0151) bonyodalmakkal teli, ambici\u00f3zus \u00faj v\u00e1llalkoz\u00e1sokba kezdenek. <\/p>\n<p class=\"ai-optimize-24\"><img decoding=\"async\" class=\"emoji\" role=\"img\" src=\"https:\/\/s.w.org\/images\/core\/emoji\/14.0.0\/svg\/1f30d.svg\" alt=\"\ud83c\udf0d\">  Global<br \/>\n<img decoding=\"async\" class=\"emoji\" role=\"img\" src=\"https:\/\/s.w.org\/images\/core\/emoji\/14.0.0\/svg\/2699.svg\" alt=\"\u2699\ufe0f\"> Steam<br \/>\n<img decoding=\"async\" class=\"emoji\" role=\"img\" src=\"https:\/\/s.w.org\/images\/core\/emoji\/14.0.0\/svg\/1f5dd.svg\" alt=\"\ud83d\udddd\"> Digit\u00e1lis kulcs<\/p>\n","protected":false},"featured_media":25174,"template":"","meta":{"_acf_changed":false,"site-sidebar-layout":"default","site-content-layout":"default","ast-site-content-layout":"default","site-content-style":"default","site-sidebar-style":"default","ast-global-header-display":"","ast-banner-title-visibility":"","ast-main-header-display":"","ast-hfb-above-header-display":"","ast-hfb-below-header-display":"","ast-hfb-mobile-header-display":"","site-post-title":"","ast-breadcrumbs-content":"","ast-featured-img":"","footer-sml-layout":"","ast-disable-related-posts":"","theme-transparent-header-meta":"default","adv-header-id-meta":"","stick-header-meta":"","header-above-stick-meta":"","header-main-stick-meta":"","header-below-stick-meta":"","astra-migrate-meta-layouts":"default","ast-page-background-enabled":"default","ast-page-background-meta":{"desktop":{"background-color":"var(--ast-global-color-4)","background-image":"","background-repeat":"repeat","background-position":"center center","background-size":"auto","background-attachment":"scroll","background-type":"","background-media":"","overlay-type":"","overlay-color":"","overlay-opacity":"","overlay-gradient":""},"tablet":{"background-color":"","background-image":"","background-repeat":"repeat","background-position":"center center","background-size":"auto","background-attachment":"scroll","background-type":"","background-media":"","overlay-type":"","overlay-color":"","overlay-opacity":"","overlay-gradient":""},"mobile":{"background-color":"","background-image":"","background-repeat":"repeat","background-position":"center center","background-size":"auto","background-attachment":"scroll","background-type":"","background-media":"","overlay-type":"","overlay-color":"","overlay-opacity":"","overlay-gradient":""}},"ast-content-background-meta":{"desktop":{"background-color":"var(--ast-global-color-5)","background-image":"","background-repeat":"repeat","background-position":"center center","background-size":"auto","background-attachment":"scroll","background-type":"","background-media":"","overlay-type":"","overlay-color":"","overlay-opacity":"","overlay-gradient":""},"tablet":{"background-color":"var(--ast-global-color-5)","background-image":"","background-repeat":"repeat","background-position":"center center","background-size":"auto","background-attachment":"scroll","background-type":"","background-media":"","overlay-type":"","overlay-color":"","overlay-opacity":"","overlay-gradient":""},"mobile":{"background-color":"var(--ast-global-color-5)","background-image":"","background-repeat":"repeat","background-position":"center center","background-size":"auto","background-attachment":"scroll","background-type":"","background-media":"","overlay-type":"","overlay-color":"","overlay-opacity":"","overlay-gradient":""}}},"product_brand":[],"product_cat":[394,365,363,378,367,335,399],"product_tag":[370],"class_list":{"0":"post-35103","1":"product","2":"type-product","3":"status-publish","4":"has-post-thumbnail","6":"product_cat-digitalis-jatekok","7":"product_cat-goz","8":"product_cat-kaland-jatekok","9":"product_cat-minden-digitalis-jatek","10":"product_cat-pc-jatekok","11":"product_cat-wyprzedaz","12":"product_cat-telltale-games-hu","13":"product_tag-pid-tel","14":"desktop-align-left","15":"tablet-align-left","16":"mobile-align-left","18":"first","19":"instock","20":"virtual","21":"purchasable","22":"product-type-simple"},"acf":[],"yoast_head":"<!-- This site is optimized with the Yoast SEO Premium plugin v27.4 (Yoast SEO v27.4) - https:\/\/yoast.com\/product\/yoast-seo-premium-wordpress\/ -->\n<title>Wallace &amp; Gromit nagy kalandjai (PC) - Prismagamers.com<\/title>\n<meta name=\"description\" content=\"L\u00e9pj be a West Wallaby Street sz\u00ednes vil\u00e1g\u00e1ba a n\u00e9gy csod\u00e1latos kalandb\u00f3l \u00e1ll\u00f3 sorozatban, amelyet a Wallace &amp; Gromit anim\u00e1ci\u00f3s filmek \u00e9s a d\u00edjnyertes Telltale Games alkot\u00f3i, az Aardman Animations k\u00e9sz\u00edtett. Az Aardman zseni\u00e1lis filmjeihez hasonl\u00f3an a Wallace \u00e9s Gromit minden egyes epiz\u00f3dj\u00e1ban egy lelkes feltal\u00e1l\u00f3 \u00e9s h\u0171s\u00e9ges kutyat\u00e1rsa vesz r\u00e9szt, akik v\u00e1ratlan (\u00e9s mindig nevet\u00e9st kelt\u0151) bonyodalmakkal teli, ambici\u00f3zus \u00faj v\u00e1llalkoz\u00e1sokba kezdenek.  Global Steam Digit\u00e1lis kulcs\" \/>\n<meta name=\"robots\" content=\"index, follow, max-snippet:-1, max-image-preview:large, max-video-preview:-1\" \/>\n<link rel=\"canonical\" href=\"https:\/\/prismagamers.com\/hu\/produkt\/wallace-gromit-nagy-kalandjai-pc\/\" \/>\n<meta property=\"og:locale\" content=\"hu_HU\" \/>\n<meta property=\"og:type\" content=\"article\" \/>\n<meta property=\"og:title\" content=\"Wallace &amp; Gromit nagy kalandjai (PC)\" \/>\n<meta property=\"og:description\" content=\"L\u00e9pj be a West Wallaby Street sz\u00ednes vil\u00e1g\u00e1ba a n\u00e9gy csod\u00e1latos kalandb\u00f3l \u00e1ll\u00f3 sorozatban, amelyet a Wallace &amp; Gromit anim\u00e1ci\u00f3s filmek \u00e9s a d\u00edjnyertes Telltale Games alkot\u00f3i, az Aardman Animations k\u00e9sz\u00edtett. Az Aardman zseni\u00e1lis filmjeihez hasonl\u00f3an a Wallace \u00e9s Gromit minden egyes epiz\u00f3dj\u00e1ban egy lelkes feltal\u00e1l\u00f3 \u00e9s h\u0171s\u00e9ges kutyat\u00e1rsa vesz r\u00e9szt, akik v\u00e1ratlan (\u00e9s mindig nevet\u00e9st kelt\u0151) bonyodalmakkal teli, ambici\u00f3zus \u00faj v\u00e1llalkoz\u00e1sokba kezdenek.  Global Steam Digit\u00e1lis kulcs\" \/>\n<meta property=\"og:url\" content=\"https:\/\/prismagamers.com\/hu\/produkt\/wallace-gromit-nagy-kalandjai-pc\/\" \/>\n<meta property=\"og:site_name\" content=\"Prismagamers.com\" \/>\n<meta property=\"article:publisher\" content=\"https:\/\/www.facebook.com\/prismagamers\" \/>\n<meta property=\"article:modified_time\" content=\"2026-01-01T23:36:13+00:00\" \/>\n<meta property=\"og:image\" content=\"https:\/\/prismagamers.com\/wp-content\/uploads\/2023\/04\/Wallace-Gromits-Grand-Adventures.jpg\" \/>\n\t<meta property=\"og:image:width\" content=\"350\" \/>\n\t<meta property=\"og:image:height\" content=\"502\" \/>\n\t<meta property=\"og:image:type\" content=\"image\/jpeg\" \/>\n<meta name=\"twitter:card\" content=\"summary_large_image\" \/>\n<meta name=\"twitter:label1\" content=\"Becs\u00fclt olvas\u00e1si id\u0151\" \/>\n\t<meta name=\"twitter:data1\" content=\"2 perc\" \/>\n<script type=\"application\/ld+json\" class=\"yoast-schema-graph\">{\"@context\":\"https:\\\/\\\/schema.org\",\"@graph\":[{\"@type\":\"WebPage\",\"@id\":\"https:\\\/\\\/prismagamers.com\\\/hu\\\/produkt\\\/wallace-gromit-nagy-kalandjai-pc\\\/\",\"url\":\"https:\\\/\\\/prismagamers.com\\\/hu\\\/produkt\\\/wallace-gromit-nagy-kalandjai-pc\\\/\",\"name\":\"Wallace &amp; Gromit nagy kalandjai (PC) - Prismagamers.com\",\"isPartOf\":{\"@id\":\"https:\\\/\\\/prismagamers.com\\\/hu\\\/#website\"},\"primaryImageOfPage\":{\"@id\":\"https:\\\/\\\/prismagamers.com\\\/hu\\\/produkt\\\/wallace-gromit-nagy-kalandjai-pc\\\/#primaryimage\"},\"image\":{\"@id\":\"https:\\\/\\\/prismagamers.com\\\/hu\\\/produkt\\\/wallace-gromit-nagy-kalandjai-pc\\\/#primaryimage\"},\"thumbnailUrl\":\"https:\\\/\\\/prismagamers.com\\\/wp-content\\\/uploads\\\/2023\\\/04\\\/Wallace-Gromits-Grand-Adventures.jpg\",\"datePublished\":\"2023-04-24T11:35:40+00:00\",\"dateModified\":\"2026-01-01T23:36:13+00:00\",\"description\":\"L\u00e9pj be a West Wallaby Street sz\u00ednes vil\u00e1g\u00e1ba a n\u00e9gy csod\u00e1latos kalandb\u00f3l \u00e1ll\u00f3 sorozatban, amelyet a Wallace &amp; Gromit anim\u00e1ci\u00f3s filmek \u00e9s a d\u00edjnyertes Telltale Games alkot\u00f3i, az Aardman Animations k\u00e9sz\u00edtett. Az Aardman zseni\u00e1lis filmjeihez hasonl\u00f3an a Wallace \u00e9s Gromit minden egyes epiz\u00f3dj\u00e1ban egy lelkes feltal\u00e1l\u00f3 \u00e9s h\u0171s\u00e9ges kutyat\u00e1rsa vesz r\u00e9szt, akik v\u00e1ratlan (\u00e9s mindig nevet\u00e9st kelt\u0151) bonyodalmakkal teli, ambici\u00f3zus \u00faj v\u00e1llalkoz\u00e1sokba kezdenek. Global Steam Digit\u00e1lis kulcs\",\"breadcrumb\":{\"@id\":\"https:\\\/\\\/prismagamers.com\\\/hu\\\/produkt\\\/wallace-gromit-nagy-kalandjai-pc\\\/#breadcrumb\"},\"inLanguage\":\"hu\",\"potentialAction\":[{\"@type\":\"ReadAction\",\"target\":[\"https:\\\/\\\/prismagamers.com\\\/hu\\\/produkt\\\/wallace-gromit-nagy-kalandjai-pc\\\/\"]}]},{\"@type\":\"ImageObject\",\"inLanguage\":\"hu\",\"@id\":\"https:\\\/\\\/prismagamers.com\\\/hu\\\/produkt\\\/wallace-gromit-nagy-kalandjai-pc\\\/#primaryimage\",\"url\":\"https:\\\/\\\/prismagamers.com\\\/wp-content\\\/uploads\\\/2023\\\/04\\\/Wallace-Gromits-Grand-Adventures.jpg\",\"contentUrl\":\"https:\\\/\\\/prismagamers.com\\\/wp-content\\\/uploads\\\/2023\\\/04\\\/Wallace-Gromits-Grand-Adventures.jpg\",\"width\":350,\"height\":502},{\"@type\":\"BreadcrumbList\",\"@id\":\"https:\\\/\\\/prismagamers.com\\\/hu\\\/produkt\\\/wallace-gromit-nagy-kalandjai-pc\\\/#breadcrumb\",\"itemListElement\":[{\"@type\":\"ListItem\",\"position\":1,\"name\":\"Strona g\u0142\u00f3wna\",\"item\":\"https:\\\/\\\/prismagamers.com\\\/hu\\\/prismagamers\\\/\"},{\"@type\":\"ListItem\",\"position\":2,\"name\":\"Shop\",\"item\":\"https:\\\/\\\/prismagamers.com\\\/hu\\\/shop\\\/\"},{\"@type\":\"ListItem\",\"position\":3,\"name\":\"Wallace &amp; Gromit nagy kalandjai (PC)\"}]},{\"@type\":\"WebSite\",\"@id\":\"https:\\\/\\\/prismagamers.com\\\/hu\\\/#website\",\"url\":\"https:\\\/\\\/prismagamers.com\\\/hu\\\/\",\"name\":\"Prismagamers\",\"description\":\"Sklep z grami PC I Sklep klucze Steam\",\"publisher\":{\"@id\":\"https:\\\/\\\/prismagamers.com\\\/hu\\\/#organization\"},\"potentialAction\":[{\"@type\":\"SearchAction\",\"target\":{\"@type\":\"EntryPoint\",\"urlTemplate\":\"https:\\\/\\\/prismagamers.com\\\/hu\\\/?s={search_term_string}\"},\"query-input\":{\"@type\":\"PropertyValueSpecification\",\"valueRequired\":true,\"valueName\":\"search_term_string\"}}],\"inLanguage\":\"hu\"},{\"@type\":\"Organization\",\"@id\":\"https:\\\/\\\/prismagamers.com\\\/hu\\\/#organization\",\"name\":\"Prismagamers\",\"url\":\"https:\\\/\\\/prismagamers.com\\\/hu\\\/\",\"logo\":{\"@type\":\"ImageObject\",\"inLanguage\":\"hu\",\"@id\":\"https:\\\/\\\/prismagamers.com\\\/hu\\\/#\\\/schema\\\/logo\\\/image\\\/\",\"url\":\"https:\\\/\\\/prismagamers.com\\\/wp-content\\\/uploads\\\/2022\\\/04\\\/cropped-logo-Prismagamers-01-scaled-1.jpg\",\"contentUrl\":\"https:\\\/\\\/prismagamers.com\\\/wp-content\\\/uploads\\\/2022\\\/04\\\/cropped-logo-Prismagamers-01-scaled-1.jpg\",\"width\":512,\"height\":512,\"caption\":\"Prismagamers\"},\"image\":{\"@id\":\"https:\\\/\\\/prismagamers.com\\\/hu\\\/#\\\/schema\\\/logo\\\/image\\\/\"},\"sameAs\":[\"https:\\\/\\\/www.facebook.com\\\/prismagamers\",\"https:\\\/\\\/www.instagram.com\\\/prismagamers_grycyfrowe\\\/\"],\"description\":\"Prismagamers.com to dynamiczny sklep z grami cyfrowymi, stworzony z my\u015bl\u0105 o entuzjastach gier wideo. Nasza strona oferuje szerok\u0105 gam\u0119 gier komputerowych, w tym najnowsze tytu\u0142y, dobrze znane klasyki oraz gry stworzone przez niezale\u017cne studia Ca\u0142y czas d\u0105\u017cymy do rozszerzenia naszej oferty. Do\u0142\u0105cz do nas i sta\u0144 si\u0119 cz\u0119\u015bci\u0105 naszej rosn\u0105cej spo\u0142eczno\u015bci graczy!\",\"email\":\"shop@prismagamers.com\",\"telephone\":\"48795541705\",\"legalName\":\"East Caravan Maksym \u017bukow\",\"foundingDate\":\"2012-05-10\",\"vatID\":\"PL8943038612\",\"taxID\":\"PL8943038612\",\"numberOfEmployees\":{\"@type\":\"QuantitativeValue\",\"minValue\":\"11\",\"maxValue\":\"50\"}}]}<\/script>\n<!-- \/ Yoast SEO Premium plugin. -->","yoast_head_json":{"title":"Wallace &amp; Gromit nagy kalandjai (PC) - Prismagamers.com","description":"L\u00e9pj be a West Wallaby Street sz\u00ednes vil\u00e1g\u00e1ba a n\u00e9gy csod\u00e1latos kalandb\u00f3l \u00e1ll\u00f3 sorozatban, amelyet a Wallace &amp; Gromit anim\u00e1ci\u00f3s filmek \u00e9s a d\u00edjnyertes Telltale Games alkot\u00f3i, az Aardman Animations k\u00e9sz\u00edtett. Az Aardman zseni\u00e1lis filmjeihez hasonl\u00f3an a Wallace \u00e9s Gromit minden egyes epiz\u00f3dj\u00e1ban egy lelkes feltal\u00e1l\u00f3 \u00e9s h\u0171s\u00e9ges kutyat\u00e1rsa vesz r\u00e9szt, akik v\u00e1ratlan (\u00e9s mindig nevet\u00e9st kelt\u0151) bonyodalmakkal teli, ambici\u00f3zus \u00faj v\u00e1llalkoz\u00e1sokba kezdenek.  Global Steam Digit\u00e1lis kulcs","robots":{"index":"index","follow":"follow","max-snippet":"max-snippet:-1","max-image-preview":"max-image-preview:large","max-video-preview":"max-video-preview:-1"},"canonical":"https:\/\/prismagamers.com\/hu\/produkt\/wallace-gromit-nagy-kalandjai-pc\/","og_locale":"hu_HU","og_type":"article","og_title":"Wallace &amp; Gromit nagy kalandjai (PC)","og_description":"L\u00e9pj be a West Wallaby Street sz\u00ednes vil\u00e1g\u00e1ba a n\u00e9gy csod\u00e1latos kalandb\u00f3l \u00e1ll\u00f3 sorozatban, amelyet a Wallace &amp; Gromit anim\u00e1ci\u00f3s filmek \u00e9s a d\u00edjnyertes Telltale Games alkot\u00f3i, az Aardman Animations k\u00e9sz\u00edtett. Az Aardman zseni\u00e1lis filmjeihez hasonl\u00f3an a Wallace \u00e9s Gromit minden egyes epiz\u00f3dj\u00e1ban egy lelkes feltal\u00e1l\u00f3 \u00e9s h\u0171s\u00e9ges kutyat\u00e1rsa vesz r\u00e9szt, akik v\u00e1ratlan (\u00e9s mindig nevet\u00e9st kelt\u0151) bonyodalmakkal teli, ambici\u00f3zus \u00faj v\u00e1llalkoz\u00e1sokba kezdenek.  Global Steam Digit\u00e1lis kulcs","og_url":"https:\/\/prismagamers.com\/hu\/produkt\/wallace-gromit-nagy-kalandjai-pc\/","og_site_name":"Prismagamers.com","article_publisher":"https:\/\/www.facebook.com\/prismagamers","article_modified_time":"2026-01-01T23:36:13+00:00","og_image":[{"width":350,"height":502,"url":"https:\/\/prismagamers.com\/wp-content\/uploads\/2023\/04\/Wallace-Gromits-Grand-Adventures.jpg","type":"image\/jpeg"}],"twitter_card":"summary_large_image","twitter_misc":{"Becs\u00fclt olvas\u00e1si id\u0151":"2 perc"},"schema":{"@context":"https:\/\/schema.org","@graph":[{"@type":"WebPage","@id":"https:\/\/prismagamers.com\/hu\/produkt\/wallace-gromit-nagy-kalandjai-pc\/","url":"https:\/\/prismagamers.com\/hu\/produkt\/wallace-gromit-nagy-kalandjai-pc\/","name":"Wallace &amp; Gromit nagy kalandjai (PC) - Prismagamers.com","isPartOf":{"@id":"https:\/\/prismagamers.com\/hu\/#website"},"primaryImageOfPage":{"@id":"https:\/\/prismagamers.com\/hu\/produkt\/wallace-gromit-nagy-kalandjai-pc\/#primaryimage"},"image":{"@id":"https:\/\/prismagamers.com\/hu\/produkt\/wallace-gromit-nagy-kalandjai-pc\/#primaryimage"},"thumbnailUrl":"https:\/\/prismagamers.com\/wp-content\/uploads\/2023\/04\/Wallace-Gromits-Grand-Adventures.jpg","datePublished":"2023-04-24T11:35:40+00:00","dateModified":"2026-01-01T23:36:13+00:00","description":"L\u00e9pj be a West Wallaby Street sz\u00ednes vil\u00e1g\u00e1ba a n\u00e9gy csod\u00e1latos kalandb\u00f3l \u00e1ll\u00f3 sorozatban, amelyet a Wallace &amp; Gromit anim\u00e1ci\u00f3s filmek \u00e9s a d\u00edjnyertes Telltale Games alkot\u00f3i, az Aardman Animations k\u00e9sz\u00edtett. Az Aardman zseni\u00e1lis filmjeihez hasonl\u00f3an a Wallace \u00e9s Gromit minden egyes epiz\u00f3dj\u00e1ban egy lelkes feltal\u00e1l\u00f3 \u00e9s h\u0171s\u00e9ges kutyat\u00e1rsa vesz r\u00e9szt, akik v\u00e1ratlan (\u00e9s mindig nevet\u00e9st kelt\u0151) bonyodalmakkal teli, ambici\u00f3zus \u00faj v\u00e1llalkoz\u00e1sokba kezdenek. Global Steam Digit\u00e1lis kulcs","breadcrumb":{"@id":"https:\/\/prismagamers.com\/hu\/produkt\/wallace-gromit-nagy-kalandjai-pc\/#breadcrumb"},"inLanguage":"hu","potentialAction":[{"@type":"ReadAction","target":["https:\/\/prismagamers.com\/hu\/produkt\/wallace-gromit-nagy-kalandjai-pc\/"]}]},{"@type":"ImageObject","inLanguage":"hu","@id":"https:\/\/prismagamers.com\/hu\/produkt\/wallace-gromit-nagy-kalandjai-pc\/#primaryimage","url":"https:\/\/prismagamers.com\/wp-content\/uploads\/2023\/04\/Wallace-Gromits-Grand-Adventures.jpg","contentUrl":"https:\/\/prismagamers.com\/wp-content\/uploads\/2023\/04\/Wallace-Gromits-Grand-Adventures.jpg","width":350,"height":502},{"@type":"BreadcrumbList","@id":"https:\/\/prismagamers.com\/hu\/produkt\/wallace-gromit-nagy-kalandjai-pc\/#breadcrumb","itemListElement":[{"@type":"ListItem","position":1,"name":"Strona g\u0142\u00f3wna","item":"https:\/\/prismagamers.com\/hu\/prismagamers\/"},{"@type":"ListItem","position":2,"name":"Shop","item":"https:\/\/prismagamers.com\/hu\/shop\/"},{"@type":"ListItem","position":3,"name":"Wallace &amp; Gromit nagy kalandjai (PC)"}]},{"@type":"WebSite","@id":"https:\/\/prismagamers.com\/hu\/#website","url":"https:\/\/prismagamers.com\/hu\/","name":"Prismagamers","description":"Sklep z grami PC I Sklep klucze Steam","publisher":{"@id":"https:\/\/prismagamers.com\/hu\/#organization"},"potentialAction":[{"@type":"SearchAction","target":{"@type":"EntryPoint","urlTemplate":"https:\/\/prismagamers.com\/hu\/?s={search_term_string}"},"query-input":{"@type":"PropertyValueSpecification","valueRequired":true,"valueName":"search_term_string"}}],"inLanguage":"hu"},{"@type":"Organization","@id":"https:\/\/prismagamers.com\/hu\/#organization","name":"Prismagamers","url":"https:\/\/prismagamers.com\/hu\/","logo":{"@type":"ImageObject","inLanguage":"hu","@id":"https:\/\/prismagamers.com\/hu\/#\/schema\/logo\/image\/","url":"https:\/\/prismagamers.com\/wp-content\/uploads\/2022\/04\/cropped-logo-Prismagamers-01-scaled-1.jpg","contentUrl":"https:\/\/prismagamers.com\/wp-content\/uploads\/2022\/04\/cropped-logo-Prismagamers-01-scaled-1.jpg","width":512,"height":512,"caption":"Prismagamers"},"image":{"@id":"https:\/\/prismagamers.com\/hu\/#\/schema\/logo\/image\/"},"sameAs":["https:\/\/www.facebook.com\/prismagamers","https:\/\/www.instagram.com\/prismagamers_grycyfrowe\/"],"description":"Prismagamers.com to dynamiczny sklep z grami cyfrowymi, stworzony z my\u015bl\u0105 o entuzjastach gier wideo. Nasza strona oferuje szerok\u0105 gam\u0119 gier komputerowych, w tym najnowsze tytu\u0142y, dobrze znane klasyki oraz gry stworzone przez niezale\u017cne studia Ca\u0142y czas d\u0105\u017cymy do rozszerzenia naszej oferty. Do\u0142\u0105cz do nas i sta\u0144 si\u0119 cz\u0119\u015bci\u0105 naszej rosn\u0105cej spo\u0142eczno\u015bci graczy!","email":"shop@prismagamers.com","telephone":"48795541705","legalName":"East Caravan Maksym \u017bukow","foundingDate":"2012-05-10","vatID":"PL8943038612","taxID":"PL8943038612","numberOfEmployees":{"@type":"QuantitativeValue","minValue":"11","maxValue":"50"}}]}},"_links":{"self":[{"href":"https:\/\/prismagamers.com\/hu\/wp-json\/wp\/v2\/product\/35103","targetHints":{"allow":["GET"]}}],"collection":[{"href":"https:\/\/prismagamers.com\/hu\/wp-json\/wp\/v2\/product"}],"about":[{"href":"https:\/\/prismagamers.com\/hu\/wp-json\/wp\/v2\/types\/product"}],"wp:featuredmedia":[{"embeddable":true,"href":"https:\/\/prismagamers.com\/hu\/wp-json\/wp\/v2\/media\/25174"}],"wp:attachment":[{"href":"https:\/\/prismagamers.com\/hu\/wp-json\/wp\/v2\/media?parent=35103"}],"wp:term":[{"taxonomy":"product_brand","embeddable":true,"href":"https:\/\/prismagamers.com\/hu\/wp-json\/wp\/v2\/product_brand?post=35103"},{"taxonomy":"product_cat","embeddable":true,"href":"https:\/\/prismagamers.com\/hu\/wp-json\/wp\/v2\/product_cat?post=35103"},{"taxonomy":"product_tag","embeddable":true,"href":"https:\/\/prismagamers.com\/hu\/wp-json\/wp\/v2\/product_tag?post=35103"}],"curies":[{"name":"wp","href":"https:\/\/api.w.org\/{rel}","templated":true}]}}