{"id":35107,"date":"2025-01-30T11:33:01","date_gmt":"2025-01-30T10:33:01","guid":{"rendered":"https:\/\/prismagamers.com\/produkt\/postal-redux\/"},"modified":"2026-03-05T00:00:36","modified_gmt":"2026-03-04T23:00:36","slug":"postal-redux","status":"publish","type":"product","link":"https:\/\/prismagamers.com\/hu\/produkt\/postal-redux\/","title":{"rendered":"POSTAL Redux"},"content":{"rendered":"<div class=\"flex max-w-full flex-col flex-grow\">\n<div class=\"min-h-8 text-message flex w-full flex-col items-end gap-2 whitespace-normal break-words text-start [.text-message+&amp;]:mt-5\" dir=\"auto\" data-message-author-role=\"assistant\" data-message-id=\"ad8dd4b6-0b80-41d2-9d83-2281247b04c9\" data-message-model-slug=\"gpt-4o\">\n<div class=\"flex w-full flex-col gap-1 empty:hidden first:pt-[3px]\">\n<div class=\"markdown prose w-full break-words dark:prose-invert light\">\n<p><strong>A klasszikus, s\u00f6t\u00e9t \u00e9s sz\u00fcrre\u00e1lis izometrikus twin-stick shooter visszat\u00e9rt egy bossz\u00fa\u00e1ll\u00e1ssal!<\/strong><\/p>\n<p><strong>A POSTAL Redux<\/strong> a h\u00edrhedt els\u0151 POSTAL Dude kaland kiv\u00e1l\u00f3 min\u0151s\u00e9g\u0171 remake-je. K\u00e9sz\u00fclj fel a pszichol\u00f3giai utaz\u00e1s\u00e1ra h\u0171en \u00fajraalkotott nagyfelbont\u00e1s\u00fa grafik\u00e1val, fel\u00faj\u00edtott zen\u00e9vel, hangokkal \u00e9s p\u00e1rbesz\u00e9dekkel, valamint felfriss\u00edtett \u00e9s tov\u00e1bbfejlesztett j\u00e1t\u00e9kmenettel. \u0150r\u00fclt fegyveres bandit\u00e1k v\u00e1rnak r\u00e1d minden sarkon. A v\u00e1laszt\u00e1s egyszer\u0171: <strong>\u00f6ld meg \u0151ket, miel\u0151tt \u0151k \u00f6ln\u00e9nek meg t\u00e9ged<\/strong>. K\u00fczdj meg ellens\u00e9geiddel puszt\u00edt\u00f3 arzen\u00e1llal, mik\u00f6zben bej\u00e1rod az er\u0151szak \u00e1ltal el\u00e1rasztott v\u00e1rost.    <\/p>\n<p><strong>Itt az ideje, hogy \u00fajra \u00e1t\u00e9lj\u00fck a GOING POSTAL \u0151r\u00fcletet!<\/strong><\/p>\n<hr>\n<h3><strong>F\u0151bb jellemz\u0151k:<\/strong><\/h3>\n<ul>\n<li><strong>Online kooperat\u00edv m\u00f3d<\/strong> &#8211; Csin\u00e1lj puszt\u00edt\u00e1st ak\u00e1r <strong>n\u00e9gy j\u00e1t\u00e9kossal<\/strong> egy\u00fctt! Fogjatok \u00f6ssze a bar\u00e1taitokkal, \u00e9s puszt\u00edtsatok el mindent, ami az utatokba ker\u00fcl.<\/li>\n<li><strong>Online Deathmatch m\u00f3d<\/strong> &#8211; Vesd bele magad a harcba egy klasszikus, <strong>nyolc j\u00e1t\u00e9kosra<\/strong> <strong>szabott, szabad j\u00e1t\u00e9kban<\/strong>!<\/li>\n<li><strong>\u00daj Rampage m\u00f3d<\/strong> &#8211; Versenyezz a legmagasabb pontsz\u00e1m\u00e9rt egy <strong>dinamikus m\u00f3dban<\/strong>, amely a sorozatos gyilkoss\u00e1gok\u00e9rt, a kreat\u00edv puszt\u00edt\u00e1si m\u00f3dszerek\u00e9rt \u00e9s a vill\u00e1mgyors akci\u00f3\u00e9rt jutalmaz!<\/li>\n<li><strong>17 szint egy klasszikus kamp\u00e1nyban<\/strong> &#8211; Kezdd egy szer\u00e9ny otthonban, haladj \u00e1t a <strong>b\u00e1ny\u00e1kon<\/strong>, a <strong>lak\u00f3kocsiparkon<\/strong>, a <strong>gett\u00f3<\/strong> brut\u00e1lis utc\u00e1in, a <strong>v\u00e1ros<\/strong> f\u00e9nyes f\u00e9nyein, eg\u00e9szen a nagy fin\u00e1l\u00e9ig a <strong>l\u00e9gier\u0151 b\u00e1zis\u00e1n<\/strong>, egy teljesen \u00faj meg\u00e1ll\u00f3val a <strong>vid\u00e1mparkban<\/strong>!<\/li>\n<li><strong>Eredeti extr\u00e1k<\/strong> &#8211; J\u00e1rd v\u00e9gig a <strong>Special Delivery<\/strong>: <strong>EZ Mart, a Slums, a Earthquake \u00e9s a La Palamino luxus \u00fcd\u00fcl\u0151helyet<\/strong>, majd ir\u00e1ny Jap\u00e1n a <strong>Super POSTAL<\/strong>: <strong>Tokyo \u00e9s Osaka<\/strong>! J\u00e1tszd v\u00e9gig egy\u00fctt a hatalmas, <strong>23 szint\u0171 Excess Postage kamp\u00e1nyban<\/strong>!<\/li>\n<li><strong>Ellens\u00e9gek sz\u00e9les sk\u00e1l\u00e1ja<\/strong> &#8211; V\u00e9dekezz <strong>\u0151r\u00fclt polg\u00e1r\u0151r\u00f6kkel, f\u00e9ny-kiold\u00f3s rendfenntart\u00f3kkal, kik\u00e9pzett SWAT \u00e9s katonai csapatokkal<\/strong>, s\u0151t m\u00e9g <strong>egy menetel\u0151 zenekarral<\/strong> \u00e9s <strong>veszett struccokkal<\/strong> szemben is!<\/li>\n<li><strong>10 Weapons<\/strong> of Doom &#8211; T\u00e9gy puszt\u00edt\u00e1st egy er\u0151s <strong>s\u00f6r\u00e9tes pusk\u00e1val<\/strong> \u00e9s <strong>sz\u00f3r\u00f3\u00e1gy\u00faval<\/strong>, \u00e9gesd el az ellens\u00e9get <strong>Molotov-kokt\u00e9lokkal<\/strong> \u00e9s <strong>l\u00e1ngsz\u00f3r\u00f3kkal<\/strong>, <strong>dobj napalmot<\/strong>, <strong>robbants fel csoportokat gr\u00e1n\u00e1tokkal \u00e9s rak\u00e9t\u00e1kkal<\/strong> (bele\u00e9rtve az ir\u00e1ny\u00edtottakat is!), <strong>\u00e1ll\u00edts hal\u00e1los csapd\u00e1kat<\/strong> k\u00fcl\u00f6nb\u00f6z\u0151 t\u00edpus\u00fa akn\u00e1kkal, \u00e9s <strong>pr\u00f3b\u00e1lj ki egy er\u0151s revolvert<\/strong>!<\/li>\n<\/ul>\n<\/div>\n<\/div>\n<\/div>\n<\/div>\n<div class=\"mb-2 flex gap-3 empty:hidden -ml-2\">\n<div class=\"items-center justify-start rounded-xl p-1 flex\"><\/div>\n<\/div>\n","protected":false},"excerpt":{"rendered":"<p class=\"ai-optimize-13\"><strong>A POSTAL Redux<\/strong> a klasszikus, s\u00f6t\u00e9t \u00e9s sz\u00fcrre\u00e1lis izometrikus twin-stick shooter kiv\u00e1l\u00f3 min\u0151s\u00e9g\u0171 remake-je. Vedd \u00e1t az ir\u00e1ny\u00edt\u00e1st <strong>POSTAL Dude<\/strong> felett, aki a t\u00fal\u00e9l\u00e9s\u00e9rt k\u00fczd egy \u0151r\u00fclet \u00e9s er\u0151szak uralta vil\u00e1gban. <\/p>\n<p class=\"ai-optimize-14\">\ud83c\udf0d Glob\u00e1lis<br \/>\n\u2699\ufe0f Steam<br \/>\n\ud83d\udddd Digit\u00e1lis kulcs<\/p>\n","protected":false},"featured_media":33764,"template":"","meta":{"_acf_changed":false,"site-sidebar-layout":"default","site-content-layout":"","ast-site-content-layout":"default","site-content-style":"default","site-sidebar-style":"default","ast-global-header-display":"","ast-banner-title-visibility":"","ast-main-header-display":"","ast-hfb-above-header-display":"","ast-hfb-below-header-display":"","ast-hfb-mobile-header-display":"","site-post-title":"","ast-breadcrumbs-content":"","ast-featured-img":"","footer-sml-layout":"","ast-disable-related-posts":"","theme-transparent-header-meta":"default","adv-header-id-meta":"","stick-header-meta":"","header-above-stick-meta":"","header-main-stick-meta":"","header-below-stick-meta":"","astra-migrate-meta-layouts":"default","ast-page-background-enabled":"default","ast-page-background-meta":{"desktop":{"background-color":"var(--ast-global-color-4)","background-image":"","background-repeat":"repeat","background-position":"center center","background-size":"auto","background-attachment":"scroll","background-type":"","background-media":"","overlay-type":"","overlay-color":"","overlay-opacity":"","overlay-gradient":""},"tablet":{"background-color":"","background-image":"","background-repeat":"repeat","background-position":"center center","background-size":"auto","background-attachment":"scroll","background-type":"","background-media":"","overlay-type":"","overlay-color":"","overlay-opacity":"","overlay-gradient":""},"mobile":{"background-color":"","background-image":"","background-repeat":"repeat","background-position":"center center","background-size":"auto","background-attachment":"scroll","background-type":"","background-media":"","overlay-type":"","overlay-color":"","overlay-opacity":"","overlay-gradient":""}},"ast-content-background-meta":{"desktop":{"background-color":"var(--ast-global-color-5)","background-image":"","background-repeat":"repeat","background-position":"center center","background-size":"auto","background-attachment":"scroll","background-type":"","background-media":"","overlay-type":"","overlay-color":"","overlay-opacity":"","overlay-gradient":""},"tablet":{"background-color":"var(--ast-global-color-5)","background-image":"","background-repeat":"repeat","background-position":"center center","background-size":"auto","background-attachment":"scroll","background-type":"","background-media":"","overlay-type":"","overlay-color":"","overlay-opacity":"","overlay-gradient":""},"mobile":{"background-color":"var(--ast-global-color-5)","background-image":"","background-repeat":"repeat","background-position":"center center","background-size":"auto","background-attachment":"scroll","background-type":"","background-media":"","overlay-type":"","overlay-color":"","overlay-opacity":"","overlay-gradient":""}}},"product_brand":[],"product_cat":[371,369,365,385,400],"product_tag":[],"class_list":{"0":"post-35107","1":"product","2":"type-product","3":"status-publish","4":"has-post-thumbnail","6":"product_cat-akcio-jatekok","7":"product_cat-csarnokok","8":"product_cat-goz","9":"product_cat-horror-hu","10":"product_cat-olloval-futas","11":"desktop-align-left","12":"tablet-align-left","13":"mobile-align-left","15":"first","16":"instock","17":"virtual","18":"purchasable","19":"product-type-simple"},"acf":[],"yoast_head":"<!-- This site is optimized with the Yoast SEO Premium plugin v27.4 (Yoast SEO v27.4) - https:\/\/yoast.com\/product\/yoast-seo-premium-wordpress\/ -->\n<title>POSTAL Redux - Prismagamers.com<\/title>\n<meta name=\"description\" content=\"A POSTAL Redux a klasszikus, s\u00f6t\u00e9t \u00e9s sz\u00fcrre\u00e1lis izometrikus twin-stick shooter kiv\u00e1l\u00f3 min\u0151s\u00e9g\u0171 remake-je. Vedd \u00e1t az ir\u00e1ny\u00edt\u00e1st POSTAL Dude felett, aki a t\u00fal\u00e9l\u00e9s\u00e9rt k\u00fczd egy \u0151r\u00fclet \u00e9s er\u0151szak uralta vil\u00e1gban. \ud83c\udf0d Glob\u00e1lis \u2699\ufe0f Steam \ud83d\udddd Digit\u00e1lis kulcs\" \/>\n<meta name=\"robots\" content=\"index, follow, max-snippet:-1, max-image-preview:large, max-video-preview:-1\" \/>\n<link rel=\"canonical\" href=\"https:\/\/prismagamers.com\/hu\/produkt\/postal-redux\/\" \/>\n<meta property=\"og:locale\" content=\"hu_HU\" \/>\n<meta property=\"og:type\" content=\"article\" \/>\n<meta property=\"og:title\" content=\"POSTAL Redux\" \/>\n<meta property=\"og:description\" content=\"A POSTAL Redux a klasszikus, s\u00f6t\u00e9t \u00e9s sz\u00fcrre\u00e1lis izometrikus twin-stick shooter kiv\u00e1l\u00f3 min\u0151s\u00e9g\u0171 remake-je. Vedd \u00e1t az ir\u00e1ny\u00edt\u00e1st POSTAL Dude felett, aki a t\u00fal\u00e9l\u00e9s\u00e9rt k\u00fczd egy \u0151r\u00fclet \u00e9s er\u0151szak uralta vil\u00e1gban. \ud83c\udf0d Glob\u00e1lis \u2699\ufe0f Steam \ud83d\udddd Digit\u00e1lis kulcs\" \/>\n<meta property=\"og:url\" content=\"https:\/\/prismagamers.com\/hu\/produkt\/postal-redux\/\" \/>\n<meta property=\"og:site_name\" content=\"Prismagamers.com\" \/>\n<meta property=\"article:publisher\" content=\"https:\/\/www.facebook.com\/prismagamers\" \/>\n<meta property=\"article:modified_time\" content=\"2026-03-04T23:00:36+00:00\" \/>\n<meta property=\"og:image\" content=\"https:\/\/prismagamers.com\/wp-content\/uploads\/2025\/01\/POSTAL-Redux1-e1738232830186.png\" \/>\n\t<meta property=\"og:image:width\" content=\"300\" \/>\n\t<meta property=\"og:image:height\" content=\"450\" \/>\n\t<meta property=\"og:image:type\" content=\"image\/png\" \/>\n<meta name=\"twitter:card\" content=\"summary_large_image\" \/>\n<meta name=\"twitter:label1\" content=\"Becs\u00fclt olvas\u00e1si id\u0151\" \/>\n\t<meta name=\"twitter:data1\" content=\"2 perc\" \/>\n<script type=\"application\/ld+json\" class=\"yoast-schema-graph\">{\"@context\":\"https:\\\/\\\/schema.org\",\"@graph\":[{\"@type\":\"WebPage\",\"@id\":\"https:\\\/\\\/prismagamers.com\\\/hu\\\/produkt\\\/postal-redux\\\/\",\"url\":\"https:\\\/\\\/prismagamers.com\\\/hu\\\/produkt\\\/postal-redux\\\/\",\"name\":\"POSTAL Redux - Prismagamers.com\",\"isPartOf\":{\"@id\":\"https:\\\/\\\/prismagamers.com\\\/hu\\\/#website\"},\"primaryImageOfPage\":{\"@id\":\"https:\\\/\\\/prismagamers.com\\\/hu\\\/produkt\\\/postal-redux\\\/#primaryimage\"},\"image\":{\"@id\":\"https:\\\/\\\/prismagamers.com\\\/hu\\\/produkt\\\/postal-redux\\\/#primaryimage\"},\"thumbnailUrl\":\"https:\\\/\\\/prismagamers.com\\\/wp-content\\\/uploads\\\/2025\\\/01\\\/POSTAL-Redux1-e1738232830186.png\",\"datePublished\":\"2025-01-30T10:33:01+00:00\",\"dateModified\":\"2026-03-04T23:00:36+00:00\",\"description\":\"A POSTAL Redux a klasszikus, s\u00f6t\u00e9t \u00e9s sz\u00fcrre\u00e1lis izometrikus twin-stick shooter kiv\u00e1l\u00f3 min\u0151s\u00e9g\u0171 remake-je. Vedd \u00e1t az ir\u00e1ny\u00edt\u00e1st POSTAL Dude felett, aki a t\u00fal\u00e9l\u00e9s\u00e9rt k\u00fczd egy \u0151r\u00fclet \u00e9s er\u0151szak uralta vil\u00e1gban. \ud83c\udf0d Glob\u00e1lis \u2699\ufe0f Steam \ud83d\udddd Digit\u00e1lis kulcs\",\"breadcrumb\":{\"@id\":\"https:\\\/\\\/prismagamers.com\\\/hu\\\/produkt\\\/postal-redux\\\/#breadcrumb\"},\"inLanguage\":\"hu\",\"potentialAction\":[{\"@type\":\"ReadAction\",\"target\":[\"https:\\\/\\\/prismagamers.com\\\/hu\\\/produkt\\\/postal-redux\\\/\"]}]},{\"@type\":\"ImageObject\",\"inLanguage\":\"hu\",\"@id\":\"https:\\\/\\\/prismagamers.com\\\/hu\\\/produkt\\\/postal-redux\\\/#primaryimage\",\"url\":\"https:\\\/\\\/prismagamers.com\\\/wp-content\\\/uploads\\\/2025\\\/01\\\/POSTAL-Redux1-e1738232830186.png\",\"contentUrl\":\"https:\\\/\\\/prismagamers.com\\\/wp-content\\\/uploads\\\/2025\\\/01\\\/POSTAL-Redux1-e1738232830186.png\",\"width\":300,\"height\":450,\"caption\":\"POSTAL Redux bor\u00edt\u00f3\"},{\"@type\":\"BreadcrumbList\",\"@id\":\"https:\\\/\\\/prismagamers.com\\\/hu\\\/produkt\\\/postal-redux\\\/#breadcrumb\",\"itemListElement\":[{\"@type\":\"ListItem\",\"position\":1,\"name\":\"Strona g\u0142\u00f3wna\",\"item\":\"https:\\\/\\\/prismagamers.com\\\/hu\\\/prismagamers\\\/\"},{\"@type\":\"ListItem\",\"position\":2,\"name\":\"Shop\",\"item\":\"https:\\\/\\\/prismagamers.com\\\/hu\\\/shop\\\/\"},{\"@type\":\"ListItem\",\"position\":3,\"name\":\"POSTAL Redux\"}]},{\"@type\":\"WebSite\",\"@id\":\"https:\\\/\\\/prismagamers.com\\\/hu\\\/#website\",\"url\":\"https:\\\/\\\/prismagamers.com\\\/hu\\\/\",\"name\":\"Prismagamers\",\"description\":\"Sklep z grami PC I Sklep klucze Steam\",\"publisher\":{\"@id\":\"https:\\\/\\\/prismagamers.com\\\/hu\\\/#organization\"},\"potentialAction\":[{\"@type\":\"SearchAction\",\"target\":{\"@type\":\"EntryPoint\",\"urlTemplate\":\"https:\\\/\\\/prismagamers.com\\\/hu\\\/?s={search_term_string}\"},\"query-input\":{\"@type\":\"PropertyValueSpecification\",\"valueRequired\":true,\"valueName\":\"search_term_string\"}}],\"inLanguage\":\"hu\"},{\"@type\":\"Organization\",\"@id\":\"https:\\\/\\\/prismagamers.com\\\/hu\\\/#organization\",\"name\":\"Prismagamers\",\"url\":\"https:\\\/\\\/prismagamers.com\\\/hu\\\/\",\"logo\":{\"@type\":\"ImageObject\",\"inLanguage\":\"hu\",\"@id\":\"https:\\\/\\\/prismagamers.com\\\/hu\\\/#\\\/schema\\\/logo\\\/image\\\/\",\"url\":\"https:\\\/\\\/prismagamers.com\\\/wp-content\\\/uploads\\\/2022\\\/04\\\/cropped-logo-Prismagamers-01-scaled-1.jpg\",\"contentUrl\":\"https:\\\/\\\/prismagamers.com\\\/wp-content\\\/uploads\\\/2022\\\/04\\\/cropped-logo-Prismagamers-01-scaled-1.jpg\",\"width\":512,\"height\":512,\"caption\":\"Prismagamers\"},\"image\":{\"@id\":\"https:\\\/\\\/prismagamers.com\\\/hu\\\/#\\\/schema\\\/logo\\\/image\\\/\"},\"sameAs\":[\"https:\\\/\\\/www.facebook.com\\\/prismagamers\",\"https:\\\/\\\/www.instagram.com\\\/prismagamers_grycyfrowe\\\/\"],\"description\":\"Prismagamers.com to dynamiczny sklep z grami cyfrowymi, stworzony z my\u015bl\u0105 o entuzjastach gier wideo. Nasza strona oferuje szerok\u0105 gam\u0119 gier komputerowych, w tym najnowsze tytu\u0142y, dobrze znane klasyki oraz gry stworzone przez niezale\u017cne studia Ca\u0142y czas d\u0105\u017cymy do rozszerzenia naszej oferty. Do\u0142\u0105cz do nas i sta\u0144 si\u0119 cz\u0119\u015bci\u0105 naszej rosn\u0105cej spo\u0142eczno\u015bci graczy!\",\"email\":\"shop@prismagamers.com\",\"telephone\":\"48795541705\",\"legalName\":\"East Caravan Maksym \u017bukow\",\"foundingDate\":\"2012-05-10\",\"vatID\":\"PL8943038612\",\"taxID\":\"PL8943038612\",\"numberOfEmployees\":{\"@type\":\"QuantitativeValue\",\"minValue\":\"11\",\"maxValue\":\"50\"}}]}<\/script>\n<!-- \/ Yoast SEO Premium plugin. -->","yoast_head_json":{"title":"POSTAL Redux - Prismagamers.com","description":"A POSTAL Redux a klasszikus, s\u00f6t\u00e9t \u00e9s sz\u00fcrre\u00e1lis izometrikus twin-stick shooter kiv\u00e1l\u00f3 min\u0151s\u00e9g\u0171 remake-je. Vedd \u00e1t az ir\u00e1ny\u00edt\u00e1st POSTAL Dude felett, aki a t\u00fal\u00e9l\u00e9s\u00e9rt k\u00fczd egy \u0151r\u00fclet \u00e9s er\u0151szak uralta vil\u00e1gban. \ud83c\udf0d Glob\u00e1lis \u2699\ufe0f Steam \ud83d\udddd Digit\u00e1lis kulcs","robots":{"index":"index","follow":"follow","max-snippet":"max-snippet:-1","max-image-preview":"max-image-preview:large","max-video-preview":"max-video-preview:-1"},"canonical":"https:\/\/prismagamers.com\/hu\/produkt\/postal-redux\/","og_locale":"hu_HU","og_type":"article","og_title":"POSTAL Redux","og_description":"A POSTAL Redux a klasszikus, s\u00f6t\u00e9t \u00e9s sz\u00fcrre\u00e1lis izometrikus twin-stick shooter kiv\u00e1l\u00f3 min\u0151s\u00e9g\u0171 remake-je. Vedd \u00e1t az ir\u00e1ny\u00edt\u00e1st POSTAL Dude felett, aki a t\u00fal\u00e9l\u00e9s\u00e9rt k\u00fczd egy \u0151r\u00fclet \u00e9s er\u0151szak uralta vil\u00e1gban. \ud83c\udf0d Glob\u00e1lis \u2699\ufe0f Steam \ud83d\udddd Digit\u00e1lis kulcs","og_url":"https:\/\/prismagamers.com\/hu\/produkt\/postal-redux\/","og_site_name":"Prismagamers.com","article_publisher":"https:\/\/www.facebook.com\/prismagamers","article_modified_time":"2026-03-04T23:00:36+00:00","og_image":[{"width":300,"height":450,"url":"https:\/\/prismagamers.com\/wp-content\/uploads\/2025\/01\/POSTAL-Redux1-e1738232830186.png","type":"image\/png"}],"twitter_card":"summary_large_image","twitter_misc":{"Becs\u00fclt olvas\u00e1si id\u0151":"2 perc"},"schema":{"@context":"https:\/\/schema.org","@graph":[{"@type":"WebPage","@id":"https:\/\/prismagamers.com\/hu\/produkt\/postal-redux\/","url":"https:\/\/prismagamers.com\/hu\/produkt\/postal-redux\/","name":"POSTAL Redux - Prismagamers.com","isPartOf":{"@id":"https:\/\/prismagamers.com\/hu\/#website"},"primaryImageOfPage":{"@id":"https:\/\/prismagamers.com\/hu\/produkt\/postal-redux\/#primaryimage"},"image":{"@id":"https:\/\/prismagamers.com\/hu\/produkt\/postal-redux\/#primaryimage"},"thumbnailUrl":"https:\/\/prismagamers.com\/wp-content\/uploads\/2025\/01\/POSTAL-Redux1-e1738232830186.png","datePublished":"2025-01-30T10:33:01+00:00","dateModified":"2026-03-04T23:00:36+00:00","description":"A POSTAL Redux a klasszikus, s\u00f6t\u00e9t \u00e9s sz\u00fcrre\u00e1lis izometrikus twin-stick shooter kiv\u00e1l\u00f3 min\u0151s\u00e9g\u0171 remake-je. Vedd \u00e1t az ir\u00e1ny\u00edt\u00e1st POSTAL Dude felett, aki a t\u00fal\u00e9l\u00e9s\u00e9rt k\u00fczd egy \u0151r\u00fclet \u00e9s er\u0151szak uralta vil\u00e1gban. \ud83c\udf0d Glob\u00e1lis \u2699\ufe0f Steam \ud83d\udddd Digit\u00e1lis kulcs","breadcrumb":{"@id":"https:\/\/prismagamers.com\/hu\/produkt\/postal-redux\/#breadcrumb"},"inLanguage":"hu","potentialAction":[{"@type":"ReadAction","target":["https:\/\/prismagamers.com\/hu\/produkt\/postal-redux\/"]}]},{"@type":"ImageObject","inLanguage":"hu","@id":"https:\/\/prismagamers.com\/hu\/produkt\/postal-redux\/#primaryimage","url":"https:\/\/prismagamers.com\/wp-content\/uploads\/2025\/01\/POSTAL-Redux1-e1738232830186.png","contentUrl":"https:\/\/prismagamers.com\/wp-content\/uploads\/2025\/01\/POSTAL-Redux1-e1738232830186.png","width":300,"height":450,"caption":"POSTAL Redux bor\u00edt\u00f3"},{"@type":"BreadcrumbList","@id":"https:\/\/prismagamers.com\/hu\/produkt\/postal-redux\/#breadcrumb","itemListElement":[{"@type":"ListItem","position":1,"name":"Strona g\u0142\u00f3wna","item":"https:\/\/prismagamers.com\/hu\/prismagamers\/"},{"@type":"ListItem","position":2,"name":"Shop","item":"https:\/\/prismagamers.com\/hu\/shop\/"},{"@type":"ListItem","position":3,"name":"POSTAL Redux"}]},{"@type":"WebSite","@id":"https:\/\/prismagamers.com\/hu\/#website","url":"https:\/\/prismagamers.com\/hu\/","name":"Prismagamers","description":"Sklep z grami PC I Sklep klucze Steam","publisher":{"@id":"https:\/\/prismagamers.com\/hu\/#organization"},"potentialAction":[{"@type":"SearchAction","target":{"@type":"EntryPoint","urlTemplate":"https:\/\/prismagamers.com\/hu\/?s={search_term_string}"},"query-input":{"@type":"PropertyValueSpecification","valueRequired":true,"valueName":"search_term_string"}}],"inLanguage":"hu"},{"@type":"Organization","@id":"https:\/\/prismagamers.com\/hu\/#organization","name":"Prismagamers","url":"https:\/\/prismagamers.com\/hu\/","logo":{"@type":"ImageObject","inLanguage":"hu","@id":"https:\/\/prismagamers.com\/hu\/#\/schema\/logo\/image\/","url":"https:\/\/prismagamers.com\/wp-content\/uploads\/2022\/04\/cropped-logo-Prismagamers-01-scaled-1.jpg","contentUrl":"https:\/\/prismagamers.com\/wp-content\/uploads\/2022\/04\/cropped-logo-Prismagamers-01-scaled-1.jpg","width":512,"height":512,"caption":"Prismagamers"},"image":{"@id":"https:\/\/prismagamers.com\/hu\/#\/schema\/logo\/image\/"},"sameAs":["https:\/\/www.facebook.com\/prismagamers","https:\/\/www.instagram.com\/prismagamers_grycyfrowe\/"],"description":"Prismagamers.com to dynamiczny sklep z grami cyfrowymi, stworzony z my\u015bl\u0105 o entuzjastach gier wideo. Nasza strona oferuje szerok\u0105 gam\u0119 gier komputerowych, w tym najnowsze tytu\u0142y, dobrze znane klasyki oraz gry stworzone przez niezale\u017cne studia Ca\u0142y czas d\u0105\u017cymy do rozszerzenia naszej oferty. Do\u0142\u0105cz do nas i sta\u0144 si\u0119 cz\u0119\u015bci\u0105 naszej rosn\u0105cej spo\u0142eczno\u015bci graczy!","email":"shop@prismagamers.com","telephone":"48795541705","legalName":"East Caravan Maksym \u017bukow","foundingDate":"2012-05-10","vatID":"PL8943038612","taxID":"PL8943038612","numberOfEmployees":{"@type":"QuantitativeValue","minValue":"11","maxValue":"50"}}]}},"_links":{"self":[{"href":"https:\/\/prismagamers.com\/hu\/wp-json\/wp\/v2\/product\/35107","targetHints":{"allow":["GET"]}}],"collection":[{"href":"https:\/\/prismagamers.com\/hu\/wp-json\/wp\/v2\/product"}],"about":[{"href":"https:\/\/prismagamers.com\/hu\/wp-json\/wp\/v2\/types\/product"}],"wp:featuredmedia":[{"embeddable":true,"href":"https:\/\/prismagamers.com\/hu\/wp-json\/wp\/v2\/media\/33764"}],"wp:attachment":[{"href":"https:\/\/prismagamers.com\/hu\/wp-json\/wp\/v2\/media?parent=35107"}],"wp:term":[{"taxonomy":"product_brand","embeddable":true,"href":"https:\/\/prismagamers.com\/hu\/wp-json\/wp\/v2\/product_brand?post=35107"},{"taxonomy":"product_cat","embeddable":true,"href":"https:\/\/prismagamers.com\/hu\/wp-json\/wp\/v2\/product_cat?post=35107"},{"taxonomy":"product_tag","embeddable":true,"href":"https:\/\/prismagamers.com\/hu\/wp-json\/wp\/v2\/product_tag?post=35107"}],"curies":[{"name":"wp","href":"https:\/\/api.w.org\/{rel}","templated":true}]}}