{"id":35108,"date":"2025-01-30T11:22:50","date_gmt":"2025-01-30T10:22:50","guid":{"rendered":"https:\/\/prismagamers.com\/produkt\/postal-2-elveszett-paradicsom\/"},"modified":"2026-03-05T00:00:34","modified_gmt":"2026-03-04T23:00:34","slug":"postal-2-elveszett-paradicsom","status":"publish","type":"product","link":"https:\/\/prismagamers.com\/hu\/produkt\/postal-2-elveszett-paradicsom\/","title":{"rendered":"POSTAL 2: Elveszett paradicsom"},"content":{"rendered":"<div class=\"flex-shrink-0 flex flex-col relative items-end\">\n<div>\n<div class=\"pt-0\">\n<div class=\"gizmo-bot-avatar flex h-8 w-8 items-center justify-center overflow-hidden rounded-full\">\n<div class=\"relative p-1 rounded-sm flex items-center justify-center bg-token-main-surface-primary text-token-text-primary h-8 w-8\"><img decoding=\"async\" class=\"bb_img\" src=\"https:\/\/shared.fastly.steamstatic.com\/store_item_assets\/steam\/apps\/360960\/extras\/PLBannerSteam.png?t=1724965922\"><\/div>\n<\/div>\n<\/div>\n<\/div>\n<\/div>\n<div class=\"group\/conversation-turn relative flex w-full min-w-0 flex-col agent-turn\">\n<div class=\"flex-col gap-1 md:gap-3\">\n<div class=\"flex max-w-full flex-col flex-grow\">\n<div class=\"min-h-8 text-message flex w-full flex-col items-end gap-2 whitespace-normal break-words text-start [.text-message+&amp;]:mt-5\" dir=\"auto\" data-message-author-role=\"assistant\" data-message-id=\"c3f7b3d7-b5f0-4af5-8637-de45e022cd4d\" data-message-model-slug=\"gpt-4o\">\n<div class=\"flex w-full flex-col gap-1 empty:hidden first:pt-[3px]\">\n<div class=\"markdown prose w-full break-words dark:prose-invert light\">\n<p><strong>A j\u00e1t\u00e9kr\u00f3l<\/strong><br \/>\nT\u00edz \u00e9vvel az <strong>Apocalypse Weekend<\/strong> kalandjai ut\u00e1n POSTAL Dude v\u00e9gre visszat\u00e9r!<\/p>\n<p>A <strong>Paradise Lost<\/strong> a <strong>POSTAL 2<\/strong> teljes \u00e9rt\u00e9k\u0171 kieg\u00e9sz\u00edt\u0151je, amely folytatja a <strong>POSTAL-sorozat<\/strong> t\u00f6rt\u00e9net\u00e9t. Csatlakozz Dude-hoz, aki visszamegy egykori sz\u00fcl\u0151v\u00e1ros\u00e1ba, hogy megkeresse elt\u0171nt kuty\u00e1j\u00e1t. Azonban semmi sem az, aminek l\u00e1tszik &#8211; az egykor (viszonylag) b\u00e9k\u00e9s v\u00e1ros \u00e9s lak\u00f3i drasztikus \u00e1talakul\u00e1son mentek kereszt\u00fcl egy nukle\u00e1ris holokausztot k\u00f6vet\u0151en.  <\/p>\n<p>Merj bel\u00e9pni a k\u00fcl\u00f6nb\u00f6z\u0151 z\u00f3n\u00e1kba &#8211; j\u00e1rd be <strong>a sz\u00e1raz sivatagot<\/strong>, v\u00e1ndorolj <strong>a s\u0171r\u0171, es\u0151s dzsungelben<\/strong>, fagyj csontig a <strong>nukle\u00e1ris t\u00e9lben<\/strong>, \u00e9s bolyongj a <strong>hamusz\u00fcrke \u00e9g<\/strong> alatt. Tal\u00e1lkozz titokzatos frakci\u00f3kkal, amelyek <strong>\u00f3ri\u00e1sokb\u00f3l, liliomfiakb\u00f3l, zombikb\u00f3l<\/strong> \u00e9s minden m\u00e1sb\u00f3l \u00e1llnak. Haszn\u00e1ld ragyog\u00f3 szoci\u00e1lis k\u00e9pess\u00e9geidet, hogy megpr\u00f3b\u00e1ld elnyerni rejt\u00e9lyes vezet\u0151ik sz\u00f6vets\u00e9g\u00e9t &#8211; az egykori gyerekszt\u00e1rokt\u00f3l kezdve a t\u0151gy\u00fcket mutogat\u00f3, f\u00e9lelmetes d\u00e9moni fenevadakig!<br \/>\n<strong>Kegyetlen t\u00f6rv\u00e9ny\u0151r\u00f6k, \u0151r\u00fclt bandit\u00e1k, \u0151r\u00fclt felk\u00e9sz\u00fcl\u0151k<\/strong> \u00e9s <strong>egy fallikus gyerekj\u00e1t\u00e9kra eml\u00e9keztet\u0151 kabala\u00e1llat<\/strong> v\u00e1r r\u00e1d. Tegy\u00e9l meg mindent a t\u00fal\u00e9l\u00e9s\u00e9rt!     <strong>\u00c1lljatok sorba! Haszn\u00e1ld az automat\u00e1kat! V\u00e1s\u00e1rolj v\u00e9c\u00e9pap\u00edrt!  <\/strong>  Indulj el oda, ahol minden kezd\u0151d\u00f6tt, hogy megmentsd h\u0171s\u00e9ges t\u00e1rsadat!<\/p>\n<p><strong>K\u00e9sz\u00fclj fel az Elveszett Paradicsom poszt-apokaliptikus vil\u00e1g\u00e1ba!<\/strong><\/p>\n<hr>\n<h3><strong>F\u0151bb jellemz\u0151k<\/strong><\/h3>\n<ul>\n<li><strong>Teljes t\u00f6rt\u00e9net kamp\u00e1ny<\/strong> &#8211; \u00c9lj \u00e1t egy h\u00e9t h\u00e9tf\u0151t\u0151l p\u00e9ntekig tart\u00f3, fordulatokkal teli hetet.<\/li>\n<li><strong>Szabadon \u00e1raml\u00f3, nem line\u00e1ris feladat-alap\u00fa j\u00e1t\u00e9kmenet<\/strong> &#8211; V\u00e9gezd el a napi teend\u0151ket, vagy csak puszt\u00edtsd el a v\u00e1rost!<\/li>\n<li><strong>B\u00e9k\u00e9s vs. er\u0151szakos v\u00e1laszt\u00e1sok <\/strong>  &#8211; Lehetsz pacifista, vagy lem\u00e9sz\u00e1rolhatsz mindenkit, aki az utadba ker\u00fcl. Ez az apokalipszis, sz\u00f3val m\u00e9g mindig beilleszkedsz! <\/li>\n<li><strong>\u00daj arzen\u00e1l \u00e9s t\u00e1rgyak<\/strong> &#8211; Int\u00e9zd el a gengsztereket <strong>revolverrel<\/strong>! Igazs\u00e1got szolg\u00e1ltass a vadonban <strong>egy karos s\u00f6r\u00e9tes pusk\u00e1val<\/strong>! Haszn\u00e1ld <strong>a f\u0171ny\u00edr\u00f3t<\/strong> a gyomok lev\u00e1g\u00e1s\u00e1ra&#8230; vagy valami h\u00fasosabbra!<\/li>\n<li>Dupla <strong>karok<\/strong> &#8211; Dupla fegyverek, dupla sz\u00f3rakoz\u00e1s!<\/li>\n<li><strong>F\u0151n\u00f6ki harcok<\/strong> &#8211; Legy\u00e9l egyenrang\u00fa <strong>a mano a mano<\/strong> harcban.<\/li>\n<li><strong>Teljes vez\u00e9rl\u0151 t\u00e1mogat\u00e1s<\/strong> &#8211; <strong>Pisilje le a j\u00e1r\u00f3kel\u0151ket<\/strong> egyenesen a kanap\u00e9 k\u00e9nyelm\u00e9b\u0151l!<\/li>\n<li><strong>Az eredeti Dude hangja<\/strong> &#8211; Nincs hamis\u00edtv\u00e1ny!<\/li>\n<\/ul>\n<\/div>\n<\/div>\n<\/div>\n<\/div>\n<\/div>\n<\/div>\n","protected":false},"excerpt":{"rendered":"<p class=\"ai-optimize-16\">A <strong>Paradise Lost<\/strong> a <strong>POSTAL 2<\/strong> posztapokaliptikus kieg\u00e9sz\u00edt\u0151je, amelyben Dude visszat\u00e9r egy nukle\u00e1risan elpuszt\u00edtott v\u00e1rosba, hogy megtal\u00e1lja a kuty\u00e1j\u00e1t, k\u00fcl\u00f6nb\u00f6z\u0151 z\u00f3n\u00e1kon \u00e1tkelve, bizarr frakci\u00f3kkal harcolva, \u00e9s d\u00f6nt\u00e9seket hozva a k\u00e1osz \u00e9s a b\u00e9ke k\u00f6z\u00f6tt.<\/p>\n<p class=\"ai-optimize-17\">\ud83c\udf0d Glob\u00e1lis<br \/>\n\u2699\ufe0f Steam<br \/>\n\ud83d\udddd Digit\u00e1lis kulcs<\/p>\n","protected":false},"featured_media":33761,"template":"","meta":{"_acf_changed":false,"site-sidebar-layout":"default","site-content-layout":"","ast-site-content-layout":"default","site-content-style":"default","site-sidebar-style":"default","ast-global-header-display":"","ast-banner-title-visibility":"","ast-main-header-display":"","ast-hfb-above-header-display":"","ast-hfb-below-header-display":"","ast-hfb-mobile-header-display":"","site-post-title":"","ast-breadcrumbs-content":"","ast-featured-img":"","footer-sml-layout":"","ast-disable-related-posts":"","theme-transparent-header-meta":"default","adv-header-id-meta":"","stick-header-meta":"","header-above-stick-meta":"","header-main-stick-meta":"","header-below-stick-meta":"","astra-migrate-meta-layouts":"default","ast-page-background-enabled":"default","ast-page-background-meta":{"desktop":{"background-color":"var(--ast-global-color-4)","background-image":"","background-repeat":"repeat","background-position":"center center","background-size":"auto","background-attachment":"scroll","background-type":"","background-media":"","overlay-type":"","overlay-color":"","overlay-opacity":"","overlay-gradient":""},"tablet":{"background-color":"","background-image":"","background-repeat":"repeat","background-position":"center center","background-size":"auto","background-attachment":"scroll","background-type":"","background-media":"","overlay-type":"","overlay-color":"","overlay-opacity":"","overlay-gradient":""},"mobile":{"background-color":"","background-image":"","background-repeat":"repeat","background-position":"center center","background-size":"auto","background-attachment":"scroll","background-type":"","background-media":"","overlay-type":"","overlay-color":"","overlay-opacity":"","overlay-gradient":""}},"ast-content-background-meta":{"desktop":{"background-color":"var(--ast-global-color-5)","background-image":"","background-repeat":"repeat","background-position":"center center","background-size":"auto","background-attachment":"scroll","background-type":"","background-media":"","overlay-type":"","overlay-color":"","overlay-opacity":"","overlay-gradient":""},"tablet":{"background-color":"var(--ast-global-color-5)","background-image":"","background-repeat":"repeat","background-position":"center center","background-size":"auto","background-attachment":"scroll","background-type":"","background-media":"","overlay-type":"","overlay-color":"","overlay-opacity":"","overlay-gradient":""},"mobile":{"background-color":"var(--ast-global-color-5)","background-image":"","background-repeat":"repeat","background-position":"center center","background-size":"auto","background-attachment":"scroll","background-type":"","background-media":"","overlay-type":"","overlay-color":"","overlay-opacity":"","overlay-gradient":""}}},"product_brand":[],"product_cat":[371,369,365,363,400],"product_tag":[],"class_list":{"0":"post-35108","1":"product","2":"type-product","3":"status-publish","4":"has-post-thumbnail","6":"product_cat-akcio-jatekok","7":"product_cat-csarnokok","8":"product_cat-goz","9":"product_cat-kaland-jatekok","10":"product_cat-olloval-futas","11":"desktop-align-left","12":"tablet-align-left","13":"mobile-align-left","15":"first","16":"instock","17":"virtual","18":"purchasable","19":"product-type-simple"},"acf":[],"yoast_head":"<!-- This site is optimized with the Yoast SEO Premium plugin v27.4 (Yoast SEO v27.4) - https:\/\/yoast.com\/product\/yoast-seo-premium-wordpress\/ -->\n<title>POSTAL 2: Elveszett paradicsom - Prismagamers.com<\/title>\n<meta name=\"description\" content=\"A Paradise Lost a POSTAL 2 posztapokaliptikus kieg\u00e9sz\u00edt\u0151je, amelyben Dude visszat\u00e9r egy nukle\u00e1risan elpuszt\u00edtott v\u00e1rosba, hogy megtal\u00e1lja a kuty\u00e1j\u00e1t, k\u00fcl\u00f6nb\u00f6z\u0151 z\u00f3n\u00e1kon \u00e1tkelve, bizarr frakci\u00f3kkal harcolva, \u00e9s d\u00f6nt\u00e9seket hozva a k\u00e1osz \u00e9s a b\u00e9ke k\u00f6z\u00f6tt. \ud83c\udf0d Glob\u00e1lis \u2699\ufe0f Steam \ud83d\udddd Digit\u00e1lis kulcs\" \/>\n<meta name=\"robots\" content=\"index, follow, max-snippet:-1, max-image-preview:large, max-video-preview:-1\" \/>\n<link rel=\"canonical\" href=\"https:\/\/prismagamers.com\/hu\/produkt\/postal-2-elveszett-paradicsom\/\" \/>\n<meta property=\"og:locale\" content=\"hu_HU\" \/>\n<meta property=\"og:type\" content=\"article\" \/>\n<meta property=\"og:title\" content=\"POSTAL 2: Elveszett paradicsom\" \/>\n<meta property=\"og:description\" content=\"A Paradise Lost a POSTAL 2 posztapokaliptikus kieg\u00e9sz\u00edt\u0151je, amelyben Dude visszat\u00e9r egy nukle\u00e1risan elpuszt\u00edtott v\u00e1rosba, hogy megtal\u00e1lja a kuty\u00e1j\u00e1t, k\u00fcl\u00f6nb\u00f6z\u0151 z\u00f3n\u00e1kon \u00e1tkelve, bizarr frakci\u00f3kkal harcolva, \u00e9s d\u00f6nt\u00e9seket hozva a k\u00e1osz \u00e9s a b\u00e9ke k\u00f6z\u00f6tt. \ud83c\udf0d Glob\u00e1lis \u2699\ufe0f Steam \ud83d\udddd Digit\u00e1lis kulcs\" \/>\n<meta property=\"og:url\" content=\"https:\/\/prismagamers.com\/hu\/produkt\/postal-2-elveszett-paradicsom\/\" \/>\n<meta property=\"og:site_name\" content=\"Prismagamers.com\" \/>\n<meta property=\"article:publisher\" content=\"https:\/\/www.facebook.com\/prismagamers\" \/>\n<meta property=\"article:modified_time\" content=\"2026-03-04T23:00:34+00:00\" \/>\n<meta property=\"og:image\" content=\"https:\/\/prismagamers.com\/wp-content\/uploads\/2025\/01\/POSTAL-2-Paradise-Lost1-e1738232354423.jpeg\" \/>\n\t<meta property=\"og:image:width\" content=\"300\" \/>\n\t<meta property=\"og:image:height\" content=\"399\" \/>\n\t<meta property=\"og:image:type\" content=\"image\/jpeg\" \/>\n<meta name=\"twitter:card\" content=\"summary_large_image\" \/>\n<meta name=\"twitter:label1\" content=\"Becs\u00fclt olvas\u00e1si id\u0151\" \/>\n\t<meta name=\"twitter:data1\" content=\"2 perc\" \/>\n<script type=\"application\/ld+json\" class=\"yoast-schema-graph\">{\"@context\":\"https:\\\/\\\/schema.org\",\"@graph\":[{\"@type\":\"WebPage\",\"@id\":\"https:\\\/\\\/prismagamers.com\\\/hu\\\/produkt\\\/postal-2-elveszett-paradicsom\\\/\",\"url\":\"https:\\\/\\\/prismagamers.com\\\/hu\\\/produkt\\\/postal-2-elveszett-paradicsom\\\/\",\"name\":\"POSTAL 2: Elveszett paradicsom - Prismagamers.com\",\"isPartOf\":{\"@id\":\"https:\\\/\\\/prismagamers.com\\\/hu\\\/#website\"},\"primaryImageOfPage\":{\"@id\":\"https:\\\/\\\/prismagamers.com\\\/hu\\\/produkt\\\/postal-2-elveszett-paradicsom\\\/#primaryimage\"},\"image\":{\"@id\":\"https:\\\/\\\/prismagamers.com\\\/hu\\\/produkt\\\/postal-2-elveszett-paradicsom\\\/#primaryimage\"},\"thumbnailUrl\":\"https:\\\/\\\/prismagamers.com\\\/wp-content\\\/uploads\\\/2025\\\/01\\\/POSTAL-2-Paradise-Lost1-e1738232354423.jpeg\",\"datePublished\":\"2025-01-30T10:22:50+00:00\",\"dateModified\":\"2026-03-04T23:00:34+00:00\",\"description\":\"A Paradise Lost a POSTAL 2 posztapokaliptikus kieg\u00e9sz\u00edt\u0151je, amelyben Dude visszat\u00e9r egy nukle\u00e1risan elpuszt\u00edtott v\u00e1rosba, hogy megtal\u00e1lja a kuty\u00e1j\u00e1t, k\u00fcl\u00f6nb\u00f6z\u0151 z\u00f3n\u00e1kon \u00e1tkelve, bizarr frakci\u00f3kkal harcolva, \u00e9s d\u00f6nt\u00e9seket hozva a k\u00e1osz \u00e9s a b\u00e9ke k\u00f6z\u00f6tt. \ud83c\udf0d Glob\u00e1lis \u2699\ufe0f Steam \ud83d\udddd Digit\u00e1lis kulcs\",\"breadcrumb\":{\"@id\":\"https:\\\/\\\/prismagamers.com\\\/hu\\\/produkt\\\/postal-2-elveszett-paradicsom\\\/#breadcrumb\"},\"inLanguage\":\"hu\",\"potentialAction\":[{\"@type\":\"ReadAction\",\"target\":[\"https:\\\/\\\/prismagamers.com\\\/hu\\\/produkt\\\/postal-2-elveszett-paradicsom\\\/\"]}]},{\"@type\":\"ImageObject\",\"inLanguage\":\"hu\",\"@id\":\"https:\\\/\\\/prismagamers.com\\\/hu\\\/produkt\\\/postal-2-elveszett-paradicsom\\\/#primaryimage\",\"url\":\"https:\\\/\\\/prismagamers.com\\\/wp-content\\\/uploads\\\/2025\\\/01\\\/POSTAL-2-Paradise-Lost1-e1738232354423.jpeg\",\"contentUrl\":\"https:\\\/\\\/prismagamers.com\\\/wp-content\\\/uploads\\\/2025\\\/01\\\/POSTAL-2-Paradise-Lost1-e1738232354423.jpeg\",\"width\":300,\"height\":399,\"caption\":\"POSTAL 2 Paradise Lost bor\u00edt\u00f3\"},{\"@type\":\"BreadcrumbList\",\"@id\":\"https:\\\/\\\/prismagamers.com\\\/hu\\\/produkt\\\/postal-2-elveszett-paradicsom\\\/#breadcrumb\",\"itemListElement\":[{\"@type\":\"ListItem\",\"position\":1,\"name\":\"Strona g\u0142\u00f3wna\",\"item\":\"https:\\\/\\\/prismagamers.com\\\/hu\\\/prismagamers\\\/\"},{\"@type\":\"ListItem\",\"position\":2,\"name\":\"Shop\",\"item\":\"https:\\\/\\\/prismagamers.com\\\/hu\\\/shop\\\/\"},{\"@type\":\"ListItem\",\"position\":3,\"name\":\"POSTAL 2: Elveszett paradicsom\"}]},{\"@type\":\"WebSite\",\"@id\":\"https:\\\/\\\/prismagamers.com\\\/hu\\\/#website\",\"url\":\"https:\\\/\\\/prismagamers.com\\\/hu\\\/\",\"name\":\"Prismagamers\",\"description\":\"Sklep z grami PC I Sklep klucze Steam\",\"publisher\":{\"@id\":\"https:\\\/\\\/prismagamers.com\\\/hu\\\/#organization\"},\"potentialAction\":[{\"@type\":\"SearchAction\",\"target\":{\"@type\":\"EntryPoint\",\"urlTemplate\":\"https:\\\/\\\/prismagamers.com\\\/hu\\\/?s={search_term_string}\"},\"query-input\":{\"@type\":\"PropertyValueSpecification\",\"valueRequired\":true,\"valueName\":\"search_term_string\"}}],\"inLanguage\":\"hu\"},{\"@type\":\"Organization\",\"@id\":\"https:\\\/\\\/prismagamers.com\\\/hu\\\/#organization\",\"name\":\"Prismagamers\",\"url\":\"https:\\\/\\\/prismagamers.com\\\/hu\\\/\",\"logo\":{\"@type\":\"ImageObject\",\"inLanguage\":\"hu\",\"@id\":\"https:\\\/\\\/prismagamers.com\\\/hu\\\/#\\\/schema\\\/logo\\\/image\\\/\",\"url\":\"https:\\\/\\\/prismagamers.com\\\/wp-content\\\/uploads\\\/2022\\\/04\\\/cropped-logo-Prismagamers-01-scaled-1.jpg\",\"contentUrl\":\"https:\\\/\\\/prismagamers.com\\\/wp-content\\\/uploads\\\/2022\\\/04\\\/cropped-logo-Prismagamers-01-scaled-1.jpg\",\"width\":512,\"height\":512,\"caption\":\"Prismagamers\"},\"image\":{\"@id\":\"https:\\\/\\\/prismagamers.com\\\/hu\\\/#\\\/schema\\\/logo\\\/image\\\/\"},\"sameAs\":[\"https:\\\/\\\/www.facebook.com\\\/prismagamers\",\"https:\\\/\\\/www.instagram.com\\\/prismagamers_grycyfrowe\\\/\"],\"description\":\"Prismagamers.com to dynamiczny sklep z grami cyfrowymi, stworzony z my\u015bl\u0105 o entuzjastach gier wideo. Nasza strona oferuje szerok\u0105 gam\u0119 gier komputerowych, w tym najnowsze tytu\u0142y, dobrze znane klasyki oraz gry stworzone przez niezale\u017cne studia Ca\u0142y czas d\u0105\u017cymy do rozszerzenia naszej oferty. Do\u0142\u0105cz do nas i sta\u0144 si\u0119 cz\u0119\u015bci\u0105 naszej rosn\u0105cej spo\u0142eczno\u015bci graczy!\",\"email\":\"shop@prismagamers.com\",\"telephone\":\"48795541705\",\"legalName\":\"East Caravan Maksym \u017bukow\",\"foundingDate\":\"2012-05-10\",\"vatID\":\"PL8943038612\",\"taxID\":\"PL8943038612\",\"numberOfEmployees\":{\"@type\":\"QuantitativeValue\",\"minValue\":\"11\",\"maxValue\":\"50\"}}]}<\/script>\n<!-- \/ Yoast SEO Premium plugin. -->","yoast_head_json":{"title":"POSTAL 2: Elveszett paradicsom - Prismagamers.com","description":"A Paradise Lost a POSTAL 2 posztapokaliptikus kieg\u00e9sz\u00edt\u0151je, amelyben Dude visszat\u00e9r egy nukle\u00e1risan elpuszt\u00edtott v\u00e1rosba, hogy megtal\u00e1lja a kuty\u00e1j\u00e1t, k\u00fcl\u00f6nb\u00f6z\u0151 z\u00f3n\u00e1kon \u00e1tkelve, bizarr frakci\u00f3kkal harcolva, \u00e9s d\u00f6nt\u00e9seket hozva a k\u00e1osz \u00e9s a b\u00e9ke k\u00f6z\u00f6tt. \ud83c\udf0d Glob\u00e1lis \u2699\ufe0f Steam \ud83d\udddd Digit\u00e1lis kulcs","robots":{"index":"index","follow":"follow","max-snippet":"max-snippet:-1","max-image-preview":"max-image-preview:large","max-video-preview":"max-video-preview:-1"},"canonical":"https:\/\/prismagamers.com\/hu\/produkt\/postal-2-elveszett-paradicsom\/","og_locale":"hu_HU","og_type":"article","og_title":"POSTAL 2: Elveszett paradicsom","og_description":"A Paradise Lost a POSTAL 2 posztapokaliptikus kieg\u00e9sz\u00edt\u0151je, amelyben Dude visszat\u00e9r egy nukle\u00e1risan elpuszt\u00edtott v\u00e1rosba, hogy megtal\u00e1lja a kuty\u00e1j\u00e1t, k\u00fcl\u00f6nb\u00f6z\u0151 z\u00f3n\u00e1kon \u00e1tkelve, bizarr frakci\u00f3kkal harcolva, \u00e9s d\u00f6nt\u00e9seket hozva a k\u00e1osz \u00e9s a b\u00e9ke k\u00f6z\u00f6tt. \ud83c\udf0d Glob\u00e1lis \u2699\ufe0f Steam \ud83d\udddd Digit\u00e1lis kulcs","og_url":"https:\/\/prismagamers.com\/hu\/produkt\/postal-2-elveszett-paradicsom\/","og_site_name":"Prismagamers.com","article_publisher":"https:\/\/www.facebook.com\/prismagamers","article_modified_time":"2026-03-04T23:00:34+00:00","og_image":[{"width":300,"height":399,"url":"https:\/\/prismagamers.com\/wp-content\/uploads\/2025\/01\/POSTAL-2-Paradise-Lost1-e1738232354423.jpeg","type":"image\/jpeg"}],"twitter_card":"summary_large_image","twitter_misc":{"Becs\u00fclt olvas\u00e1si id\u0151":"2 perc"},"schema":{"@context":"https:\/\/schema.org","@graph":[{"@type":"WebPage","@id":"https:\/\/prismagamers.com\/hu\/produkt\/postal-2-elveszett-paradicsom\/","url":"https:\/\/prismagamers.com\/hu\/produkt\/postal-2-elveszett-paradicsom\/","name":"POSTAL 2: Elveszett paradicsom - Prismagamers.com","isPartOf":{"@id":"https:\/\/prismagamers.com\/hu\/#website"},"primaryImageOfPage":{"@id":"https:\/\/prismagamers.com\/hu\/produkt\/postal-2-elveszett-paradicsom\/#primaryimage"},"image":{"@id":"https:\/\/prismagamers.com\/hu\/produkt\/postal-2-elveszett-paradicsom\/#primaryimage"},"thumbnailUrl":"https:\/\/prismagamers.com\/wp-content\/uploads\/2025\/01\/POSTAL-2-Paradise-Lost1-e1738232354423.jpeg","datePublished":"2025-01-30T10:22:50+00:00","dateModified":"2026-03-04T23:00:34+00:00","description":"A Paradise Lost a POSTAL 2 posztapokaliptikus kieg\u00e9sz\u00edt\u0151je, amelyben Dude visszat\u00e9r egy nukle\u00e1risan elpuszt\u00edtott v\u00e1rosba, hogy megtal\u00e1lja a kuty\u00e1j\u00e1t, k\u00fcl\u00f6nb\u00f6z\u0151 z\u00f3n\u00e1kon \u00e1tkelve, bizarr frakci\u00f3kkal harcolva, \u00e9s d\u00f6nt\u00e9seket hozva a k\u00e1osz \u00e9s a b\u00e9ke k\u00f6z\u00f6tt. \ud83c\udf0d Glob\u00e1lis \u2699\ufe0f Steam \ud83d\udddd Digit\u00e1lis kulcs","breadcrumb":{"@id":"https:\/\/prismagamers.com\/hu\/produkt\/postal-2-elveszett-paradicsom\/#breadcrumb"},"inLanguage":"hu","potentialAction":[{"@type":"ReadAction","target":["https:\/\/prismagamers.com\/hu\/produkt\/postal-2-elveszett-paradicsom\/"]}]},{"@type":"ImageObject","inLanguage":"hu","@id":"https:\/\/prismagamers.com\/hu\/produkt\/postal-2-elveszett-paradicsom\/#primaryimage","url":"https:\/\/prismagamers.com\/wp-content\/uploads\/2025\/01\/POSTAL-2-Paradise-Lost1-e1738232354423.jpeg","contentUrl":"https:\/\/prismagamers.com\/wp-content\/uploads\/2025\/01\/POSTAL-2-Paradise-Lost1-e1738232354423.jpeg","width":300,"height":399,"caption":"POSTAL 2 Paradise Lost bor\u00edt\u00f3"},{"@type":"BreadcrumbList","@id":"https:\/\/prismagamers.com\/hu\/produkt\/postal-2-elveszett-paradicsom\/#breadcrumb","itemListElement":[{"@type":"ListItem","position":1,"name":"Strona g\u0142\u00f3wna","item":"https:\/\/prismagamers.com\/hu\/prismagamers\/"},{"@type":"ListItem","position":2,"name":"Shop","item":"https:\/\/prismagamers.com\/hu\/shop\/"},{"@type":"ListItem","position":3,"name":"POSTAL 2: Elveszett paradicsom"}]},{"@type":"WebSite","@id":"https:\/\/prismagamers.com\/hu\/#website","url":"https:\/\/prismagamers.com\/hu\/","name":"Prismagamers","description":"Sklep z grami PC I Sklep klucze Steam","publisher":{"@id":"https:\/\/prismagamers.com\/hu\/#organization"},"potentialAction":[{"@type":"SearchAction","target":{"@type":"EntryPoint","urlTemplate":"https:\/\/prismagamers.com\/hu\/?s={search_term_string}"},"query-input":{"@type":"PropertyValueSpecification","valueRequired":true,"valueName":"search_term_string"}}],"inLanguage":"hu"},{"@type":"Organization","@id":"https:\/\/prismagamers.com\/hu\/#organization","name":"Prismagamers","url":"https:\/\/prismagamers.com\/hu\/","logo":{"@type":"ImageObject","inLanguage":"hu","@id":"https:\/\/prismagamers.com\/hu\/#\/schema\/logo\/image\/","url":"https:\/\/prismagamers.com\/wp-content\/uploads\/2022\/04\/cropped-logo-Prismagamers-01-scaled-1.jpg","contentUrl":"https:\/\/prismagamers.com\/wp-content\/uploads\/2022\/04\/cropped-logo-Prismagamers-01-scaled-1.jpg","width":512,"height":512,"caption":"Prismagamers"},"image":{"@id":"https:\/\/prismagamers.com\/hu\/#\/schema\/logo\/image\/"},"sameAs":["https:\/\/www.facebook.com\/prismagamers","https:\/\/www.instagram.com\/prismagamers_grycyfrowe\/"],"description":"Prismagamers.com to dynamiczny sklep z grami cyfrowymi, stworzony z my\u015bl\u0105 o entuzjastach gier wideo. Nasza strona oferuje szerok\u0105 gam\u0119 gier komputerowych, w tym najnowsze tytu\u0142y, dobrze znane klasyki oraz gry stworzone przez niezale\u017cne studia Ca\u0142y czas d\u0105\u017cymy do rozszerzenia naszej oferty. Do\u0142\u0105cz do nas i sta\u0144 si\u0119 cz\u0119\u015bci\u0105 naszej rosn\u0105cej spo\u0142eczno\u015bci graczy!","email":"shop@prismagamers.com","telephone":"48795541705","legalName":"East Caravan Maksym \u017bukow","foundingDate":"2012-05-10","vatID":"PL8943038612","taxID":"PL8943038612","numberOfEmployees":{"@type":"QuantitativeValue","minValue":"11","maxValue":"50"}}]}},"_links":{"self":[{"href":"https:\/\/prismagamers.com\/hu\/wp-json\/wp\/v2\/product\/35108","targetHints":{"allow":["GET"]}}],"collection":[{"href":"https:\/\/prismagamers.com\/hu\/wp-json\/wp\/v2\/product"}],"about":[{"href":"https:\/\/prismagamers.com\/hu\/wp-json\/wp\/v2\/types\/product"}],"wp:featuredmedia":[{"embeddable":true,"href":"https:\/\/prismagamers.com\/hu\/wp-json\/wp\/v2\/media\/33761"}],"wp:attachment":[{"href":"https:\/\/prismagamers.com\/hu\/wp-json\/wp\/v2\/media?parent=35108"}],"wp:term":[{"taxonomy":"product_brand","embeddable":true,"href":"https:\/\/prismagamers.com\/hu\/wp-json\/wp\/v2\/product_brand?post=35108"},{"taxonomy":"product_cat","embeddable":true,"href":"https:\/\/prismagamers.com\/hu\/wp-json\/wp\/v2\/product_cat?post=35108"},{"taxonomy":"product_tag","embeddable":true,"href":"https:\/\/prismagamers.com\/hu\/wp-json\/wp\/v2\/product_tag?post=35108"}],"curies":[{"name":"wp","href":"https:\/\/api.w.org\/{rel}","templated":true}]}}