{"id":35109,"date":"2024-12-31T00:09:06","date_gmt":"2024-12-30T23:09:06","guid":{"rendered":"https:\/\/prismagamers.com\/produkt\/postal-4-nincsenek-visszaigazolasok\/"},"modified":"2026-03-05T00:00:55","modified_gmt":"2026-03-04T23:00:55","slug":"postal-4-nincsenek-visszaigazolasok","status":"publish","type":"product","link":"https:\/\/prismagamers.com\/hu\/produkt\/postal-4-nincsenek-visszaigazolasok\/","title":{"rendered":"POSTAL 4: Nincsenek visszaigazol\u00e1sok"},"content":{"rendered":"<p>&nbsp;<\/p>\n<p><img decoding=\"async\" class=\"bb_img aligncenter\" src=\"https:\/\/shared.fastly.steamstatic.com\/store_item_assets\/steam\/apps\/707030\/extras\/P4_GIF_RattlerGrapplingHook.gif?t=1726332007\"><\/p>\n<p>T\u00f6bb \u00e9v telt el a Paradise v\u00e1ros\u00e1t elpuszt\u00edt\u00f3 esem\u00e9nyek \u00f3ta. Csak k\u00e9t ember \u00e9lte t\u00fal a kataklizm\u00e1t: a szerencs\u00e9tlen Kolosszus \u00e9s h\u0171s\u00e9ges kuty\u00e1ja, Champ. Most c\u00e9ltalanul bolyonganak Arizona naps\u00fct\u00f6tte sivatagjaiban, olyan helyet keresve, amelyet otthonuknak nevezhetnek. \u00datjuk azonban brut\u00e1lisan megszakad, amikor egy r\u00f6vid meg\u00e1ll\u00f3 sor\u00e1n elvesz\u00edtik lak\u00f3aut\u00f3jukat \u00e9s minden holmijukat. Colossusnak csak Champ marad az oldal\u00e1n \u00e9s egy kopott f\u00fcrd\u0151k\u00f6peny &#8211; mindkett\u0151 m\u00e1r r\u00e9gen elavult. A horizonton azonban egy k\u00e1pr\u00e1zatos \u00faj v\u00e1ros t\u0171nik fel. Mi v\u00e1r ott h\u0151seinkre? H\u00edrn\u00e9v? Gazdags\u00e1g? Vagy tal\u00e1n a bid\u00e9 luxusa? Edensin nyitva \u00e1ll.          <\/p>\n<p><strong>A POSTAL 4: No Regerts<\/strong> egy szatirikus, kompromisszumok n\u00e9lk\u00fcli first-person shooter, amely a r\u00e9g\u00f3ta v\u00e1rt folytat\u00e1sa a &#8222;valaha volt legrosszabb j\u00e1t\u00e9k&#8221;\u2122, POSTAL 2 (mert v\u00e9g\u00fcl is, a harmadik r\u00e9sz soha nem l\u00e9tezett).<\/p>\n<p><img decoding=\"async\" class=\"bb_img aligncenter\" src=\"https:\/\/shared.fastly.steamstatic.com\/store_item_assets\/steam\/apps\/707030\/extras\/P4_GIF_RevolverDudeEye.gif?t=1726332007\"><\/p>\n<p>&nbsp;<\/p>\n<h6><strong>Sandbox st\u00edlus\u00fa j\u00e1t\u00e9kmenet \u00e9s nyitott vil\u00e1g<\/strong><\/h6>\n<p>H\u00e9tf\u0151t\u0151l p\u00e9ntekig nem line\u00e1ris alapfeladatokat teljes\u00edtesz &#8211; a bev\u00e1ndorl\u00f3k hat\u00e1ron val\u00f3 \u00e1tcsemp\u00e9sz\u00e9s\u00e9t\u0151l kezdve az illeg\u00e1lis versenyek szervez\u00e9s\u00e9n \u00e1t a virtu\u00e1lis val\u00f3s\u00e1gban j\u00e1tszott kocka szerep\u00e9ig. Vagy tal\u00e1n ink\u00e1bb keresn\u00e9d a k\u00f6vetkez\u0151 al\u00e1\u00edr\u00e1st az \u00f6r\u00f6kk\u00e9 sikertelen pet\u00edci\u00f3dhoz? \u00c9s ne feledkezz meg a v\u00e1laszthat\u00f3 mell\u00e9kk\u00fcldet\u00e9sekr\u0151l, a Going POSTAL kih\u00edv\u00e1sokr\u00f3l \u00e9s a Krotchy f\u0151szerepl\u00e9s\u00e9vel k\u00e9sz\u00fclt leletekr\u0151l sem, amelyekkel extra jutalmakat szerezhetsz! Vagy engedd el az eg\u00e9szet, \u00e9s legyen teljes a k\u00e1osz. A te v\u00e1laszt\u00e1sod.    <\/p>\n<p>&nbsp;<\/p>\n<h6><strong>Hangbe\u00e1ll\u00edt\u00e1sok &#8222;V\u00e1lasszon t\u00e1rsat&#8221;<\/strong><\/h6>\n<p>Jon St. John, a Duke Nukem legend\u00e1s hangja deb\u00fct\u00e1l a Dude szerep\u00e9ben! Ha \u00fagy tetszik, v\u00e1laszthatod Rick Huntert (a POSTAL 1 \u00e9s 2-b\u0151l ismert) vagy Corey Cruise-t (POSTAL III). H\u00e1rom k\u00fcl\u00f6nb\u00f6z\u0151 Dude egy j\u00e1t\u00e9kban &#8211; ki ad t\u00f6bbet?   <\/p>\n<p>&nbsp;<\/p>\n<h6><strong>\u00daj v\u00e1ros &#8211; Edensin<\/strong><\/h6>\n<p>Fedezd fel Edensin-t, amely tele van szerencsej\u00e1t\u00e9k-cs\u00e1b\u00edt\u00e1sokkal \u00e9s s\u00f6t\u00e9t titkokkal. L\u00e1togasson el a helyi b\u00f6rt\u00f6nbe, de pr\u00f3b\u00e1ljon meg nem sok\u00e1ig ott maradni! Tal\u00e1lkozzon a mexik\u00f3i hat\u00e1r alatt \u00e9l\u0151 helyiekkel, tapasztalja meg a szellemv\u00e1ros izgalmait, \u00e9s m\u00e9g egy cs\u00edp\u0151s kerekessz\u00e9kes robog\u00f3val is cirk\u00e1lhat az utc\u00e1kon. L\u00e1togasson el a titokzatos Dark Lodge-ba a hegyekben, \u00e9s pr\u00f3b\u00e1ljon szerencs\u00e9t a kaszin\u00f3kban az ERC-torony figyel\u0151 szemei alatt.   <\/p>\n<p>&nbsp;<\/p>\n<h6><strong>Pacifista vagy agresszor?<\/strong><\/h6>\n<p>J\u00e1tsszon, ahogy tetszik! Az \u00faj t\u00edpus\u00fa l\u0151szerek \u00e9s szersz\u00e1mok lehet\u0151v\u00e9 teszik, hogy a j\u00e1t\u00e9k sor\u00e1n ne kelljen meg\u00f6ln\u00f6d magad&#8230;.. ha van el\u00e9g t\u00fcrelmed. Ha pedig nem, az er\u0151szak m\u00e9g mindig egy lehet\u0151s\u00e9g.  <\/p>\n<p>&nbsp;<\/p>\n<h6><strong>\u00daj bar\u00e1tok \u00e9s ellens\u00e9gek<\/strong><\/h6>\n<p>Ismerd meg Psioszk\u00e1t, a Moh\u00e1csi t\u00e1rs\u00e1t, vagy bulizz DJ Carter Cruise-zal. Ha pedig kih\u00edv\u00e1st keresel, sz\u00e1llj szembe P. Tinklage-val \u00e9s v\u00e9c\u00e9pap\u00edr-birodalm\u00e1val. <\/p>\n<p>&nbsp;<\/p>\n<h6><strong>\u0150r\u00fclt arzen\u00e1l<\/strong><\/h6>\n<p>Az olyan ismert klasszikusok, mint a lap\u00e1t, a kaniszter \u00e9s a machete teljes pomp\u00e1jukban t\u00e9rnek vissza! De ez m\u00e9g nem minden &#8211; n\u00e9zd meg az olyan \u00faj fegyvereket, mint a N\u00e9gyl\u00e1b\u00fa, az AK vagy a Galamb Mina. Vagy tal\u00e1n jobban szereted a Trysk-and-Sik-et, amelynek l\u0151szeropci\u00f3i k\u00f6z\u00f6tt v\u00e1laszthatsz: v\u00edz, benzin vagy vizelet?  <\/p>\n<p>&nbsp;<\/p>\n<h6><strong>Er\u0151teljes power-upok<\/strong><\/h6>\n<p>Fokozza a j\u00e1t\u00e9kai h\u0151fok\u00e1t az ikonikus Cat Silencerrel, az X-vitaminnal vagy m\u00e1s kieg\u00e9sz\u00edt\u0151kkel. T\u00f6ltsd fel az \u00f6kl\u00f6d, r\u00fagd vagy&#8230; h\u00f3lyagod, hogy m\u00e9g nagyobb z\u0171rzavart okozz! <\/p>\n<p>&nbsp;<\/p>\n<h6><strong>Egyedi fegyverkombin\u00e1ci\u00f3k<\/strong><\/h6>\n<p>K\u00eds\u00e9rletezzen k\u00fcl\u00f6nb\u00f6z\u0151 elemek kombin\u00e1l\u00e1s\u00e1val. Hozz l\u00e9tre robban\u00e9kony macsk\u00e1t a gr\u00e1n\u00e1tvet\u0151vel, vagy minden l\u00f6ved\u00e9k tal\u00e1lja el a c\u00e9lj\u00e1t a macskament\u00e1val. Ha pedig valami t\u00falterhel\u0151dik rajtad, a Cs\u00f6rg\u0151k\u00edgy\u00f3 seg\u00edt sz\u00f3 szerint magasabbra m\u00e1szni.  <\/p>\n<p>&nbsp;<\/p>\n<h6><strong>A Cronies megszem\u00e9lyes\u00edt\u00e9se<\/strong><\/h6>\n<p>Viseld a POSTAL 2 klasszikus kab\u00e1tj\u00e1t, vagy szabd testre a fegyverek kin\u00e9zet\u00e9t. Tov\u00e1bbi kozmetikai lehet\u0151s\u00e9gek a l\u00e1that\u00e1ron! <\/p>\n<p>&nbsp;<\/p>\n<h6><strong>Interaktivit\u00e1s \u00faj szinten<\/strong><\/h6>\n<p>K\u00f3bor kuty\u00e1k etet\u00e9s\u00e9vel hozzon l\u00e9tre egy sereg kutyust, akik elv\u00e9gzik a piszkos munk\u00e1t. Dobd el a t\u00e1rgyakat, rakd \u0151ket egym\u00e1sra, vagy haszn\u00e1ld \u0151ket a j\u00e1r\u00f3kel\u0151k bosszant\u00e1s\u00e1ra. V\u00e1s\u00e1rolj felszerel\u00e9seket automat\u00e1kb\u00f3l, \u00e9s m\u00e9g a v\u00e9c\u00e9ket is haszn\u00e1ld olyan m\u00f3don, ami tal\u00e1n \u00fajdons\u00e1g sz\u00e1modra!  <\/p>\n<p><img decoding=\"async\" class=\"bb_img aligncenter\" src=\"https:\/\/shared.fastly.steamstatic.com\/store_item_assets\/steam\/apps\/707030\/extras\/P4_GIF_MexicoScooter.gif?t=1726332007\"><\/p>\n","protected":false},"excerpt":{"rendered":"<p class=\"ai-optimize-21\">A POSTAL 4: No Regerts egy szatirikus, abszurd humorral teli els\u0151 szem\u00e9ly\u0171 l\u00f6v\u00f6ld\u00f6z\u0151s j\u00e1t\u00e9k, a \u201eMinden id\u0151k legrosszabb szars\u00e1ga\u2122\u201d r\u00e9g\u00f3ta v\u00e1rt, igazi folytat\u00e1sa. &#8211; a legend\u00e1s POSTAL 2!<\/p>\n<p class=\"ai-optimize-22\"><img decoding=\"async\" class=\"emoji\" role=\"img\" src=\"https:\/\/s.w.org\/images\/core\/emoji\/14.0.0\/svg\/1f30d.svg\" alt=\"\ud83c\udf0d\">  Global<br \/>\n<img decoding=\"async\" class=\"emoji\" role=\"img\" src=\"https:\/\/s.w.org\/images\/core\/emoji\/14.0.0\/svg\/2699.svg\" alt=\"\u2699\ufe0f\"> Steam<br \/>\n<img decoding=\"async\" class=\"emoji\" role=\"img\" src=\"https:\/\/s.w.org\/images\/core\/emoji\/14.0.0\/svg\/1f5dd.svg\" alt=\"\ud83d\udddd\"> Digit\u00e1lis kulcs<\/p>\n","protected":false},"featured_media":33486,"template":"","meta":{"_acf_changed":false,"site-sidebar-layout":"default","site-content-layout":"","ast-site-content-layout":"default","site-content-style":"default","site-sidebar-style":"default","ast-global-header-display":"","ast-banner-title-visibility":"","ast-main-header-display":"","ast-hfb-above-header-display":"","ast-hfb-below-header-display":"","ast-hfb-mobile-header-display":"","site-post-title":"","ast-breadcrumbs-content":"","ast-featured-img":"","footer-sml-layout":"","ast-disable-related-posts":"","theme-transparent-header-meta":"default","adv-header-id-meta":"","stick-header-meta":"","header-above-stick-meta":"","header-main-stick-meta":"","header-below-stick-meta":"","astra-migrate-meta-layouts":"default","ast-page-background-enabled":"default","ast-page-background-meta":{"desktop":{"background-color":"var(--ast-global-color-4)","background-image":"","background-repeat":"repeat","background-position":"center center","background-size":"auto","background-attachment":"scroll","background-type":"","background-media":"","overlay-type":"","overlay-color":"","overlay-opacity":"","overlay-gradient":""},"tablet":{"background-color":"","background-image":"","background-repeat":"repeat","background-position":"center center","background-size":"auto","background-attachment":"scroll","background-type":"","background-media":"","overlay-type":"","overlay-color":"","overlay-opacity":"","overlay-gradient":""},"mobile":{"background-color":"","background-image":"","background-repeat":"repeat","background-position":"center center","background-size":"auto","background-attachment":"scroll","background-type":"","background-media":"","overlay-type":"","overlay-color":"","overlay-opacity":"","overlay-gradient":""}},"ast-content-background-meta":{"desktop":{"background-color":"var(--ast-global-color-5)","background-image":"","background-repeat":"repeat","background-position":"center center","background-size":"auto","background-attachment":"scroll","background-type":"","background-media":"","overlay-type":"","overlay-color":"","overlay-opacity":"","overlay-gradient":""},"tablet":{"background-color":"var(--ast-global-color-5)","background-image":"","background-repeat":"repeat","background-position":"center center","background-size":"auto","background-attachment":"scroll","background-type":"","background-media":"","overlay-type":"","overlay-color":"","overlay-opacity":"","overlay-gradient":""},"mobile":{"background-color":"var(--ast-global-color-5)","background-image":"","background-repeat":"repeat","background-position":"center center","background-size":"auto","background-attachment":"scroll","background-type":"","background-media":"","overlay-type":"","overlay-color":"","overlay-opacity":"","overlay-gradient":""}}},"product_brand":[],"product_cat":[369,363,396,400,367],"product_tag":[],"class_list":{"0":"post-35109","1":"product","2":"type-product","3":"status-publish","4":"has-post-thumbnail","6":"product_cat-csarnokok","7":"product_cat-kaland-jatekok","8":"product_cat-lovoldozos-jatekok-a-steamen","9":"product_cat-olloval-futas","10":"product_cat-pc-jatekok","11":"desktop-align-left","12":"tablet-align-left","13":"mobile-align-left","15":"first","16":"instock","17":"virtual","18":"purchasable","19":"product-type-simple"},"acf":[],"yoast_head":"<!-- This site is optimized with the Yoast SEO Premium plugin v27.4 (Yoast SEO v27.4) - https:\/\/yoast.com\/product\/yoast-seo-premium-wordpress\/ -->\n<title>POSTAL 4: Nincsenek visszaigazol\u00e1sok - Prismagamers.com<\/title>\n<meta name=\"description\" content=\"A POSTAL 4: No Regerts egy szatirikus, abszurd humorral teli els\u0151 szem\u00e9ly\u0171 l\u00f6v\u00f6ld\u00f6z\u0151s j\u00e1t\u00e9k, a \u201eMinden id\u0151k legrosszabb szars\u00e1ga\u2122\u201d r\u00e9g\u00f3ta v\u00e1rt, igazi folytat\u00e1sa. - a legend\u00e1s POSTAL 2!  Global Steam Digit\u00e1lis kulcs\" \/>\n<meta name=\"robots\" content=\"index, follow, max-snippet:-1, max-image-preview:large, max-video-preview:-1\" \/>\n<link rel=\"canonical\" href=\"https:\/\/prismagamers.com\/hu\/produkt\/postal-4-nincsenek-visszaigazolasok\/\" \/>\n<meta property=\"og:locale\" content=\"hu_HU\" \/>\n<meta property=\"og:type\" content=\"article\" \/>\n<meta property=\"og:title\" content=\"POSTAL 4: Nincsenek visszaigazol\u00e1sok\" \/>\n<meta property=\"og:description\" content=\"A POSTAL 4: No Regerts egy szatirikus, abszurd humorral teli els\u0151 szem\u00e9ly\u0171 l\u00f6v\u00f6ld\u00f6z\u0151s j\u00e1t\u00e9k, a \u201eMinden id\u0151k legrosszabb szars\u00e1ga\u2122\u201d r\u00e9g\u00f3ta v\u00e1rt, igazi folytat\u00e1sa. - a legend\u00e1s POSTAL 2!  Global Steam Digit\u00e1lis kulcs\" \/>\n<meta property=\"og:url\" content=\"https:\/\/prismagamers.com\/hu\/produkt\/postal-4-nincsenek-visszaigazolasok\/\" \/>\n<meta property=\"og:site_name\" content=\"Prismagamers.com\" \/>\n<meta property=\"article:publisher\" content=\"https:\/\/www.facebook.com\/prismagamers\" \/>\n<meta property=\"article:modified_time\" content=\"2026-03-04T23:00:55+00:00\" \/>\n<meta property=\"og:image\" content=\"https:\/\/prismagamers.com\/wp-content\/uploads\/2024\/12\/library_600x900_2x-1-e1735603915357.jpg\" \/>\n\t<meta property=\"og:image:width\" content=\"300\" \/>\n\t<meta property=\"og:image:height\" content=\"450\" \/>\n\t<meta property=\"og:image:type\" content=\"image\/jpeg\" \/>\n<meta name=\"twitter:card\" content=\"summary_large_image\" \/>\n<meta name=\"twitter:label1\" content=\"Becs\u00fclt olvas\u00e1si id\u0151\" \/>\n\t<meta name=\"twitter:data1\" content=\"4 perc\" \/>\n<script type=\"application\/ld+json\" class=\"yoast-schema-graph\">{\"@context\":\"https:\\\/\\\/schema.org\",\"@graph\":[{\"@type\":\"WebPage\",\"@id\":\"https:\\\/\\\/prismagamers.com\\\/hu\\\/produkt\\\/postal-4-nincsenek-visszaigazolasok\\\/\",\"url\":\"https:\\\/\\\/prismagamers.com\\\/hu\\\/produkt\\\/postal-4-nincsenek-visszaigazolasok\\\/\",\"name\":\"POSTAL 4: Nincsenek visszaigazol\u00e1sok - Prismagamers.com\",\"isPartOf\":{\"@id\":\"https:\\\/\\\/prismagamers.com\\\/hu\\\/#website\"},\"primaryImageOfPage\":{\"@id\":\"https:\\\/\\\/prismagamers.com\\\/hu\\\/produkt\\\/postal-4-nincsenek-visszaigazolasok\\\/#primaryimage\"},\"image\":{\"@id\":\"https:\\\/\\\/prismagamers.com\\\/hu\\\/produkt\\\/postal-4-nincsenek-visszaigazolasok\\\/#primaryimage\"},\"thumbnailUrl\":\"https:\\\/\\\/prismagamers.com\\\/wp-content\\\/uploads\\\/2024\\\/12\\\/library_600x900_2x-1-e1735603915357.jpg\",\"datePublished\":\"2024-12-30T23:09:06+00:00\",\"dateModified\":\"2026-03-04T23:00:55+00:00\",\"description\":\"A POSTAL 4: No Regerts egy szatirikus, abszurd humorral teli els\u0151 szem\u00e9ly\u0171 l\u00f6v\u00f6ld\u00f6z\u0151s j\u00e1t\u00e9k, a \u201eMinden id\u0151k legrosszabb szars\u00e1ga\u2122\u201d r\u00e9g\u00f3ta v\u00e1rt, igazi folytat\u00e1sa. - a legend\u00e1s POSTAL 2! Global Steam Digit\u00e1lis kulcs\",\"breadcrumb\":{\"@id\":\"https:\\\/\\\/prismagamers.com\\\/hu\\\/produkt\\\/postal-4-nincsenek-visszaigazolasok\\\/#breadcrumb\"},\"inLanguage\":\"hu\",\"potentialAction\":[{\"@type\":\"ReadAction\",\"target\":[\"https:\\\/\\\/prismagamers.com\\\/hu\\\/produkt\\\/postal-4-nincsenek-visszaigazolasok\\\/\"]}]},{\"@type\":\"ImageObject\",\"inLanguage\":\"hu\",\"@id\":\"https:\\\/\\\/prismagamers.com\\\/hu\\\/produkt\\\/postal-4-nincsenek-visszaigazolasok\\\/#primaryimage\",\"url\":\"https:\\\/\\\/prismagamers.com\\\/wp-content\\\/uploads\\\/2024\\\/12\\\/library_600x900_2x-1-e1735603915357.jpg\",\"contentUrl\":\"https:\\\/\\\/prismagamers.com\\\/wp-content\\\/uploads\\\/2024\\\/12\\\/library_600x900_2x-1-e1735603915357.jpg\",\"width\":300,\"height\":450},{\"@type\":\"BreadcrumbList\",\"@id\":\"https:\\\/\\\/prismagamers.com\\\/hu\\\/produkt\\\/postal-4-nincsenek-visszaigazolasok\\\/#breadcrumb\",\"itemListElement\":[{\"@type\":\"ListItem\",\"position\":1,\"name\":\"Strona g\u0142\u00f3wna\",\"item\":\"https:\\\/\\\/prismagamers.com\\\/hu\\\/prismagamers\\\/\"},{\"@type\":\"ListItem\",\"position\":2,\"name\":\"Shop\",\"item\":\"https:\\\/\\\/prismagamers.com\\\/hu\\\/shop\\\/\"},{\"@type\":\"ListItem\",\"position\":3,\"name\":\"POSTAL 4: Nincsenek visszaigazol\u00e1sok\"}]},{\"@type\":\"WebSite\",\"@id\":\"https:\\\/\\\/prismagamers.com\\\/hu\\\/#website\",\"url\":\"https:\\\/\\\/prismagamers.com\\\/hu\\\/\",\"name\":\"Prismagamers\",\"description\":\"Sklep z grami PC I Sklep klucze Steam\",\"publisher\":{\"@id\":\"https:\\\/\\\/prismagamers.com\\\/hu\\\/#organization\"},\"potentialAction\":[{\"@type\":\"SearchAction\",\"target\":{\"@type\":\"EntryPoint\",\"urlTemplate\":\"https:\\\/\\\/prismagamers.com\\\/hu\\\/?s={search_term_string}\"},\"query-input\":{\"@type\":\"PropertyValueSpecification\",\"valueRequired\":true,\"valueName\":\"search_term_string\"}}],\"inLanguage\":\"hu\"},{\"@type\":\"Organization\",\"@id\":\"https:\\\/\\\/prismagamers.com\\\/hu\\\/#organization\",\"name\":\"Prismagamers\",\"url\":\"https:\\\/\\\/prismagamers.com\\\/hu\\\/\",\"logo\":{\"@type\":\"ImageObject\",\"inLanguage\":\"hu\",\"@id\":\"https:\\\/\\\/prismagamers.com\\\/hu\\\/#\\\/schema\\\/logo\\\/image\\\/\",\"url\":\"https:\\\/\\\/prismagamers.com\\\/wp-content\\\/uploads\\\/2022\\\/04\\\/cropped-logo-Prismagamers-01-scaled-1.jpg\",\"contentUrl\":\"https:\\\/\\\/prismagamers.com\\\/wp-content\\\/uploads\\\/2022\\\/04\\\/cropped-logo-Prismagamers-01-scaled-1.jpg\",\"width\":512,\"height\":512,\"caption\":\"Prismagamers\"},\"image\":{\"@id\":\"https:\\\/\\\/prismagamers.com\\\/hu\\\/#\\\/schema\\\/logo\\\/image\\\/\"},\"sameAs\":[\"https:\\\/\\\/www.facebook.com\\\/prismagamers\",\"https:\\\/\\\/www.instagram.com\\\/prismagamers_grycyfrowe\\\/\"],\"description\":\"Prismagamers.com to dynamiczny sklep z grami cyfrowymi, stworzony z my\u015bl\u0105 o entuzjastach gier wideo. Nasza strona oferuje szerok\u0105 gam\u0119 gier komputerowych, w tym najnowsze tytu\u0142y, dobrze znane klasyki oraz gry stworzone przez niezale\u017cne studia Ca\u0142y czas d\u0105\u017cymy do rozszerzenia naszej oferty. Do\u0142\u0105cz do nas i sta\u0144 si\u0119 cz\u0119\u015bci\u0105 naszej rosn\u0105cej spo\u0142eczno\u015bci graczy!\",\"email\":\"shop@prismagamers.com\",\"telephone\":\"48795541705\",\"legalName\":\"East Caravan Maksym \u017bukow\",\"foundingDate\":\"2012-05-10\",\"vatID\":\"PL8943038612\",\"taxID\":\"PL8943038612\",\"numberOfEmployees\":{\"@type\":\"QuantitativeValue\",\"minValue\":\"11\",\"maxValue\":\"50\"}}]}<\/script>\n<!-- \/ Yoast SEO Premium plugin. -->","yoast_head_json":{"title":"POSTAL 4: Nincsenek visszaigazol\u00e1sok - Prismagamers.com","description":"A POSTAL 4: No Regerts egy szatirikus, abszurd humorral teli els\u0151 szem\u00e9ly\u0171 l\u00f6v\u00f6ld\u00f6z\u0151s j\u00e1t\u00e9k, a \u201eMinden id\u0151k legrosszabb szars\u00e1ga\u2122\u201d r\u00e9g\u00f3ta v\u00e1rt, igazi folytat\u00e1sa. - a legend\u00e1s POSTAL 2!  Global Steam Digit\u00e1lis kulcs","robots":{"index":"index","follow":"follow","max-snippet":"max-snippet:-1","max-image-preview":"max-image-preview:large","max-video-preview":"max-video-preview:-1"},"canonical":"https:\/\/prismagamers.com\/hu\/produkt\/postal-4-nincsenek-visszaigazolasok\/","og_locale":"hu_HU","og_type":"article","og_title":"POSTAL 4: Nincsenek visszaigazol\u00e1sok","og_description":"A POSTAL 4: No Regerts egy szatirikus, abszurd humorral teli els\u0151 szem\u00e9ly\u0171 l\u00f6v\u00f6ld\u00f6z\u0151s j\u00e1t\u00e9k, a \u201eMinden id\u0151k legrosszabb szars\u00e1ga\u2122\u201d r\u00e9g\u00f3ta v\u00e1rt, igazi folytat\u00e1sa. - a legend\u00e1s POSTAL 2!  Global Steam Digit\u00e1lis kulcs","og_url":"https:\/\/prismagamers.com\/hu\/produkt\/postal-4-nincsenek-visszaigazolasok\/","og_site_name":"Prismagamers.com","article_publisher":"https:\/\/www.facebook.com\/prismagamers","article_modified_time":"2026-03-04T23:00:55+00:00","og_image":[{"width":300,"height":450,"url":"https:\/\/prismagamers.com\/wp-content\/uploads\/2024\/12\/library_600x900_2x-1-e1735603915357.jpg","type":"image\/jpeg"}],"twitter_card":"summary_large_image","twitter_misc":{"Becs\u00fclt olvas\u00e1si id\u0151":"4 perc"},"schema":{"@context":"https:\/\/schema.org","@graph":[{"@type":"WebPage","@id":"https:\/\/prismagamers.com\/hu\/produkt\/postal-4-nincsenek-visszaigazolasok\/","url":"https:\/\/prismagamers.com\/hu\/produkt\/postal-4-nincsenek-visszaigazolasok\/","name":"POSTAL 4: Nincsenek visszaigazol\u00e1sok - Prismagamers.com","isPartOf":{"@id":"https:\/\/prismagamers.com\/hu\/#website"},"primaryImageOfPage":{"@id":"https:\/\/prismagamers.com\/hu\/produkt\/postal-4-nincsenek-visszaigazolasok\/#primaryimage"},"image":{"@id":"https:\/\/prismagamers.com\/hu\/produkt\/postal-4-nincsenek-visszaigazolasok\/#primaryimage"},"thumbnailUrl":"https:\/\/prismagamers.com\/wp-content\/uploads\/2024\/12\/library_600x900_2x-1-e1735603915357.jpg","datePublished":"2024-12-30T23:09:06+00:00","dateModified":"2026-03-04T23:00:55+00:00","description":"A POSTAL 4: No Regerts egy szatirikus, abszurd humorral teli els\u0151 szem\u00e9ly\u0171 l\u00f6v\u00f6ld\u00f6z\u0151s j\u00e1t\u00e9k, a \u201eMinden id\u0151k legrosszabb szars\u00e1ga\u2122\u201d r\u00e9g\u00f3ta v\u00e1rt, igazi folytat\u00e1sa. - a legend\u00e1s POSTAL 2! Global Steam Digit\u00e1lis kulcs","breadcrumb":{"@id":"https:\/\/prismagamers.com\/hu\/produkt\/postal-4-nincsenek-visszaigazolasok\/#breadcrumb"},"inLanguage":"hu","potentialAction":[{"@type":"ReadAction","target":["https:\/\/prismagamers.com\/hu\/produkt\/postal-4-nincsenek-visszaigazolasok\/"]}]},{"@type":"ImageObject","inLanguage":"hu","@id":"https:\/\/prismagamers.com\/hu\/produkt\/postal-4-nincsenek-visszaigazolasok\/#primaryimage","url":"https:\/\/prismagamers.com\/wp-content\/uploads\/2024\/12\/library_600x900_2x-1-e1735603915357.jpg","contentUrl":"https:\/\/prismagamers.com\/wp-content\/uploads\/2024\/12\/library_600x900_2x-1-e1735603915357.jpg","width":300,"height":450},{"@type":"BreadcrumbList","@id":"https:\/\/prismagamers.com\/hu\/produkt\/postal-4-nincsenek-visszaigazolasok\/#breadcrumb","itemListElement":[{"@type":"ListItem","position":1,"name":"Strona g\u0142\u00f3wna","item":"https:\/\/prismagamers.com\/hu\/prismagamers\/"},{"@type":"ListItem","position":2,"name":"Shop","item":"https:\/\/prismagamers.com\/hu\/shop\/"},{"@type":"ListItem","position":3,"name":"POSTAL 4: Nincsenek visszaigazol\u00e1sok"}]},{"@type":"WebSite","@id":"https:\/\/prismagamers.com\/hu\/#website","url":"https:\/\/prismagamers.com\/hu\/","name":"Prismagamers","description":"Sklep z grami PC I Sklep klucze Steam","publisher":{"@id":"https:\/\/prismagamers.com\/hu\/#organization"},"potentialAction":[{"@type":"SearchAction","target":{"@type":"EntryPoint","urlTemplate":"https:\/\/prismagamers.com\/hu\/?s={search_term_string}"},"query-input":{"@type":"PropertyValueSpecification","valueRequired":true,"valueName":"search_term_string"}}],"inLanguage":"hu"},{"@type":"Organization","@id":"https:\/\/prismagamers.com\/hu\/#organization","name":"Prismagamers","url":"https:\/\/prismagamers.com\/hu\/","logo":{"@type":"ImageObject","inLanguage":"hu","@id":"https:\/\/prismagamers.com\/hu\/#\/schema\/logo\/image\/","url":"https:\/\/prismagamers.com\/wp-content\/uploads\/2022\/04\/cropped-logo-Prismagamers-01-scaled-1.jpg","contentUrl":"https:\/\/prismagamers.com\/wp-content\/uploads\/2022\/04\/cropped-logo-Prismagamers-01-scaled-1.jpg","width":512,"height":512,"caption":"Prismagamers"},"image":{"@id":"https:\/\/prismagamers.com\/hu\/#\/schema\/logo\/image\/"},"sameAs":["https:\/\/www.facebook.com\/prismagamers","https:\/\/www.instagram.com\/prismagamers_grycyfrowe\/"],"description":"Prismagamers.com to dynamiczny sklep z grami cyfrowymi, stworzony z my\u015bl\u0105 o entuzjastach gier wideo. Nasza strona oferuje szerok\u0105 gam\u0119 gier komputerowych, w tym najnowsze tytu\u0142y, dobrze znane klasyki oraz gry stworzone przez niezale\u017cne studia Ca\u0142y czas d\u0105\u017cymy do rozszerzenia naszej oferty. Do\u0142\u0105cz do nas i sta\u0144 si\u0119 cz\u0119\u015bci\u0105 naszej rosn\u0105cej spo\u0142eczno\u015bci graczy!","email":"shop@prismagamers.com","telephone":"48795541705","legalName":"East Caravan Maksym \u017bukow","foundingDate":"2012-05-10","vatID":"PL8943038612","taxID":"PL8943038612","numberOfEmployees":{"@type":"QuantitativeValue","minValue":"11","maxValue":"50"}}]}},"_links":{"self":[{"href":"https:\/\/prismagamers.com\/hu\/wp-json\/wp\/v2\/product\/35109","targetHints":{"allow":["GET"]}}],"collection":[{"href":"https:\/\/prismagamers.com\/hu\/wp-json\/wp\/v2\/product"}],"about":[{"href":"https:\/\/prismagamers.com\/hu\/wp-json\/wp\/v2\/types\/product"}],"wp:featuredmedia":[{"embeddable":true,"href":"https:\/\/prismagamers.com\/hu\/wp-json\/wp\/v2\/media\/33486"}],"wp:attachment":[{"href":"https:\/\/prismagamers.com\/hu\/wp-json\/wp\/v2\/media?parent=35109"}],"wp:term":[{"taxonomy":"product_brand","embeddable":true,"href":"https:\/\/prismagamers.com\/hu\/wp-json\/wp\/v2\/product_brand?post=35109"},{"taxonomy":"product_cat","embeddable":true,"href":"https:\/\/prismagamers.com\/hu\/wp-json\/wp\/v2\/product_cat?post=35109"},{"taxonomy":"product_tag","embeddable":true,"href":"https:\/\/prismagamers.com\/hu\/wp-json\/wp\/v2\/product_tag?post=35109"}],"curies":[{"name":"wp","href":"https:\/\/api.w.org\/{rel}","templated":true}]}}